{"id":7300,"date":"2023-10-06T09:30:09","date_gmt":"2023-10-06T09:30:09","guid":{"rendered":"https:\/\/archiveyourwords.com\/tilak\/?page_id=7300"},"modified":"2025-09-17T16:57:57","modified_gmt":"2025-09-17T16:57:57","slug":"films-doperculage","status":"publish","type":"page","link":"https:\/\/tilakpolypack.com\/fr\/films-doperculage\/","title":{"rendered":"Films d&#8217;operculage"},"content":{"rendered":"<section class=\"wpb-content-wrapper\"><p>[vc_row][vc_column][vc_basic_grid post_type=&#8221;ids&#8221; gap=&#8221;25&#8243; item=&#8221;8470&#8243; grid_id=&#8221;vc_gid:1758128179945-7b6de6e8-03fa-1&#8243; include=&#8221;7402, 7403, 7404&#8243;][\/vc_column][\/vc_row][vc_row css=&#8221;.vc_custom_1698386182315{padding-top: 20px !important;}&#8221;][vc_column][vc_column_text css=&#8221;.vc_custom_1758128274595{padding-right: 15px !important;padding-left: 15px !important;}&#8221;]<\/p>\n<h2><span data-sheets-root=\"1\">Films d&#8217;operculage <\/span><\/h2>\n<p>Chez Tilak Polypack, nous avons d\u00e9velopp\u00e9 une large gamme de films de recouvrement, adapt\u00e9s \u00e0 la plupart des types de substrats tels que le PP, le HIPS, l&#8217;A-PET, le C-PET, le PVC, le PE, etc.<\/p>\n<p>Les films de recouvrement sont des mat\u00e9riaux d&#8217;emballage essentiels utilis\u00e9s pour recouvrir et sceller les contenants dans l&#8217;industrie agroalimentaire. Ces films sont con\u00e7us pour offrir un scellage s\u00fbr et fiable, pr\u00e9servant ainsi la fra\u00eecheur et la qualit\u00e9 des produits emball\u00e9s.<\/p>\n<p>Les films de couverture sont g\u00e9n\u00e9ralement fabriqu\u00e9s \u00e0 partir de mat\u00e9riaux souples tels que le plastique ou l&#8217;aluminium, offrant d&#8217;excellentes propri\u00e9t\u00e9s barri\u00e8res contre l&#8217;humidit\u00e9, l&#8217;oxyg\u00e8ne et d&#8217;autres facteurs externes. Ils sont disponibles en diff\u00e9rents formats, notamment sous forme de couvercles pr\u00e9d\u00e9coup\u00e9s et de rouleaux, ce qui permet une application facile sur diff\u00e9rents types de contenants tels que des barquettes, des gobelets et des pots.<\/p>\n<p><a href=\"https:\/\/tilakpolypack.com\/fr\/feuilles-et-pellicules-doperculage\/\"><strong>Les films<\/strong><\/a> de recouvrement peuvent \u00eatre thermoscell\u00e9s ou pelables, ce qui permet aux consommateurs d&#8217;acc\u00e9der facilement au contenu. Ces films sont largement utilis\u00e9s dans l&#8217;emballage des produits laitiers, des plats pr\u00eats \u00e0 consommer, des snacks et d&#8217;autres denr\u00e9es p\u00e9rissables. Gr\u00e2ce \u00e0 leur capacit\u00e9 \u00e0 prolonger la dur\u00e9e de conservation, \u00e0 am\u00e9liorer la visibilit\u00e9 des produits et \u00e0 garantir un emballage inviolable, les films de recouvrement jouent un r\u00f4le crucial dans l&#8217;industrie agroalimentaire.<\/p>\n<h2>Films d&#8217;operculage pour emballage<\/h2>\n<p><a href=\"https:\/\/tilakpolypack.com\/fr\/lamines-pour-lemballage-alimentaire-en-sachets-et-en-rouleaux\/\"><strong>Les films d&#8217;operculage pour emballage<\/strong><\/a> de Tilak Polypack assurent une fermeture herm\u00e9tique, parfaite pour divers produits industriels. Ils offrent une r\u00e9sistance optimale contre l\u2019humidit\u00e9 et les contaminants, tout en facilitant l\u2019ouverture et la refermeture gr\u00e2ce aux versions Easy Peel et Seal &amp; Peel. Compatibles avec de nombreuses barquettes, ces films garantissent protection, durabilit\u00e9 et praticit\u00e9 pour vos solutions d\u2019emballage modernes.<\/p>\n<h2>Films d&#8217;operculage pour emballages alimentaires<\/h2>\n<p data-start=\"1214\" data-end=\"1674\">Les films d&#8217;operculage pour emballages alimentaires de Tilak Polypack sont sp\u00e9cialement con\u00e7us pour maintenir la fra\u00eecheur et la qualit\u00e9 des aliments. Gr\u00e2ce \u00e0 leur structure multicouche, ils prot\u00e8gent efficacement contre l\u2019oxyg\u00e8ne, l\u2019humidit\u00e9 et les impuret\u00e9s, tout en offrant une excellente barri\u00e8re. Disponibles en Easy Peel et Seal &amp; Peel, ces films s\u2019adaptent \u00e0 diverses barquettes alimentaires, assurant s\u00e9curit\u00e9, praticit\u00e9 et pr\u00e9sentation soign\u00e9e.<\/p>\n<h2>Fabricants de films d&#8217;operculage<\/h2>\n<p>En tant que l&#8217;un des principaux fabricants de films de recouvrement, Tilak Polypack s&#8217;engage \u00e0 fournir des solutions d&#8217;emballage de haute qualit\u00e9. Forts de nos ann\u00e9es d&#8217;exp\u00e9rience et d&#8217;expertise, nous nous sommes impos\u00e9s comme une r\u00e9f\u00e9rence fiable dans le secteur. Nos films de recouvrement sont fabriqu\u00e9s \u00e0 l&#8217;aide de technologies de pointe et de mat\u00e9riaux de premi\u00e8re qualit\u00e9, garantissant des performances optimales et une protection optimale des produits.<\/p>\n<p>Chez Tilak Polypack, nous sommes fiers de notre engagement \u00e0 fournir les meilleurs produits \u00e0 nos clients. Nos films de recouvrement sont con\u00e7us pour r\u00e9pondre aux besoins sp\u00e9cifiques de divers secteurs, notamment l&#8217;alimentation et les boissons, les produits pharmaceutiques, etc. Ils offrent des propri\u00e9t\u00e9s d&#8217;\u00e9tanch\u00e9it\u00e9 exceptionnelles, pr\u00e9servant la fra\u00eecheur et l&#8217;int\u00e9grit\u00e9 des produits emball\u00e9s.<\/p>\n<p>Nos films de recouvrement trouvent de nombreuses applications dans l&#8217;emballage des produits laitiers, des confiseries, des plats pr\u00e9par\u00e9s et d&#8217;autres denr\u00e9es p\u00e9rissables. Ils constituent une barri\u00e8re efficace contre l&#8217;humidit\u00e9, l&#8217;oxyg\u00e8ne et les contaminants, garantissant ainsi la s\u00e9curit\u00e9 et la long\u00e9vit\u00e9 des produits. Gr\u00e2ce \u00e0 nos options personnalisables, nos clients peuvent choisir parmi diff\u00e9rents types de films, tailles et options d&#8217;impression afin de r\u00e9pondre \u00e0 leurs besoins sp\u00e9cifiques.<\/p>\n<p>Tilak Polypack est l&#8217;un des <strong><a href=\"https:\/\/tilakpolypack.com\/fr\/film-detancheite-pour-les-hanches\/\">principaux fabricants et fournisseurs mondiaux de films de recouvrement<\/a><\/strong>. Pr\u00e9sent dans des pays tels que les \u00c9tats-Unis, Singapour, l&#8217;Australie, l&#8217;Allemagne, le Canada, la Nouvelle-Z\u00e9lande, le Royaume-Uni, l&#8217;Irlande, l&#8217;\u00c9cosse et la Norv\u00e8ge, Tilak Polypack s&#8217;est impos\u00e9 comme un fournisseur fiable de films de recouvrement de haute qualit\u00e9.<\/p>\n<h2>Pourquoi choisir Tilak Polypack ?<\/h2>\n<p>Si vous recherchez une solution d&#8217;emballage plus durable, les produits Tilak Polypackaging sont faits pour vous ! Forts de plus de 20 ans d&#8217;exp\u00e9rience dans ce secteur, nous proposons \u00e0 nos clients les solutions les plus durables, \u00e9cologiques et personnalis\u00e9es en fonction de leurs besoins.<\/p>\n<p><strong>Points forts de l&#8217;utilisation des produits Tilak Polypack :<\/strong><\/p>\n<p>\u2705Produits de qualit\u00e9 sup\u00e9rieure<\/p>\n<p>\u2705 Solution \u00e9cologique<\/p>\n<p>\u2705 Produits d&#8217;emballage personnalis\u00e9s selon vos besoins<\/p>\n<p>\u2705 Produits conformes aux normes de fabrication et de qualit\u00e9<\/p>\n<p>\u2705 Partenaire fiable pour l&#8217;emballage de votre entreprise[\/vc_column_text][\/vc_column][\/vc_row]<\/p>\n<\/section>","protected":false},"excerpt":{"rendered":"<p>[vc_row][vc_column][vc_basic_grid post_type=&#8221;ids&#8221; gap=&#8221;25&#8243; item=&#8221;8470&#8243; grid_id=&#8221;vc_gid:1758128179945-7b6de6e8-03fa-1&#8243; include=&#8221;7402, 7403, 7404&#8243;][\/vc_column][\/vc_row][vc_row css=&#8221;.vc_custom_1698386182315{padding-top: 20px !important;}&#8221;][vc_column][vc_column_text css=&#8221;.vc_custom_1758128274595{padding-right: 15px !important;padding-left: 15px !important;}&#8221;] Films d&#8217;operculage Chez Tilak Polypack, nous avons d\u00e9velopp\u00e9 une large gamme de films de recouvrement, adapt\u00e9s \u00e0 la plupart des types de substrats tels que le PP, le HIPS, l&#8217;A-PET, le C-PET, le PVC, le PE, etc. Les films &hellip; <a href=\"https:\/\/tilakpolypack.com\/fr\/films-doperculage\/\" class=\"more-link\">Continue reading <span class=\"screen-reader-text\">Films d&#8217;operculage<\/span><\/a><\/p>\n","protected":false},"author":1,"featured_media":0,"parent":0,"menu_order":0,"comment_status":"closed","ping_status":"closed","template":"","meta":{"_acf_changed":false,"om_disable_all_campaigns":false,"_monsterinsights_skip_tracking":false,"_monsterinsights_sitenote_active":false,"_monsterinsights_sitenote_note":"","_monsterinsights_sitenote_category":0,"_uf_show_specific_survey":0,"_uf_disable_surveys":false,"footnotes":""},"class_list":["post-7300","page","type-page","status-publish","hentry"],"acf":[],"_links":{"self":[{"href":"https:\/\/tilakpolypack.com\/fr\/wp-json\/wp\/v2\/pages\/7300","targetHints":{"allow":["GET"]}}],"collection":[{"href":"https:\/\/tilakpolypack.com\/fr\/wp-json\/wp\/v2\/pages"}],"about":[{"href":"https:\/\/tilakpolypack.com\/fr\/wp-json\/wp\/v2\/types\/page"}],"author":[{"embeddable":true,"href":"https:\/\/tilakpolypack.com\/fr\/wp-json\/wp\/v2\/users\/1"}],"replies":[{"embeddable":true,"href":"https:\/\/tilakpolypack.com\/fr\/wp-json\/wp\/v2\/comments?post=7300"}],"version-history":[{"count":5,"href":"https:\/\/tilakpolypack.com\/fr\/wp-json\/wp\/v2\/pages\/7300\/revisions"}],"predecessor-version":[{"id":10782,"href":"https:\/\/tilakpolypack.com\/fr\/wp-json\/wp\/v2\/pages\/7300\/revisions\/10782"}],"wp:attachment":[{"href":"https:\/\/tilakpolypack.com\/fr\/wp-json\/wp\/v2\/media?parent=7300"}],"curies":[{"name":"wp","href":"https:\/\/api.w.org\/{rel}","templated":true}]}}