{"id":7298,"date":"2023-10-06T09:29:53","date_gmt":"2023-10-06T09:29:53","guid":{"rendered":"https:\/\/archiveyourwords.com\/tilak\/?page_id=7298"},"modified":"2025-09-17T05:21:01","modified_gmt":"2025-09-17T05:21:01","slug":"film-etirable","status":"publish","type":"page","link":"https:\/\/tilakpolypack.com\/fr\/film-etirable\/","title":{"rendered":"Film \u00e9tirable"},"content":{"rendered":"<section class=\"wpb-content-wrapper\"><p>[vc_row][vc_column][vc_basic_grid post_type=&#8221;ids&#8221; gap=&#8221;25&#8243; item=&#8221;8470&#8243; grid_id=&#8221;vc_gid:1758086141923-7e9ccee3-fe9d-8&#8243; include=&#8221;7387, 7388, 7389, 7393, 7394, 7395, 7399, 9008, 8800, 9012, 9014&#8243;][\/vc_column][\/vc_row][vc_row css=&#8221;.vc_custom_1698386242536{padding-top: 20px !important;}&#8221;][vc_column][vc_column_text css=&#8221;.vc_custom_1758086459687{padding-right: 15px !important;padding-left: 15px !important;}&#8221;]Les films \u00e9tirables, \u00e9galement appel\u00e9s rouleaux de film \u00e9tirable ou rouleaux de film stretch, sont des mat\u00e9riaux d&#8217;emballage polyvalents largement utilis\u00e9s dans divers secteurs industriels. Ces films sont fabriqu\u00e9s \u00e0 partir d&#8217;un mat\u00e9riau plastique hautement \u00e9lastique et extensible, g\u00e9n\u00e9ralement du poly\u00e9thyl\u00e8ne, qui leur permet d&#8217;\u00eatre \u00e9tir\u00e9s et enroul\u00e9s \u00e9troitement autour des produits ou des palettes. L&#8217;objectif principal des films \u00e9tirables est de s\u00e9curiser et de prot\u00e9ger les articles pendant le transport et le stockage.<\/p>\n<p>L&#8217;\u00e9lasticit\u00e9 du rouleau de film \u00e9tirable garantit une adh\u00e9rence parfaite sans avoir besoin d&#8217;adh\u00e9sifs suppl\u00e9mentaires ou de thermoscellage. Ils sont disponibles en <a href=\"https:\/\/tilakpolypack.com\/fr\/film-etirable-manuel\/\"><strong>rouleaux manuels<\/strong><\/a> et en <a href=\"https:\/\/tilakpolypack.com\/fr\/film-etirable-pour-machines\/\"><strong>rouleaux pour machines<\/strong><\/a>, afin de r\u00e9pondre \u00e0 diff\u00e9rents besoins d&#8217;emballage. Certains films \u00e9tirables sont \u00e9galement dot\u00e9s de caract\u00e9ristiques sp\u00e9ciales telles que la <a href=\"https:\/\/tilakpolypack.com\/fr\/fabricant-de-films-de-protection-de-surface\/\"><strong>film de protection r\u00e9sistant aux UV<\/strong><\/a>\u00a0ou une conception pr\u00e9-\u00e9tir\u00e9e pour une efficacit\u00e9 accrue et des \u00e9conomies de co\u00fbts.<\/p>\n<p>Ces films trouvent de nombreuses applications dans les secteurs de la logistique, de l&#8217;entreposage et du transport. Ils sont couramment utilis\u00e9s pour regrouper les charges sur palettes, s\u00e9curiser les bo\u00eetes et les colis, et regrouper les articles. Les films \u00e9tirables offrent une protection sup\u00e9rieure contre la poussi\u00e8re, l&#8217;humidit\u00e9 et d&#8217;autres facteurs externes susceptibles d&#8217;endommager les produits. De plus, ils offrent un certain niveau de r\u00e9sistance \u00e0 la falsification et contribuent \u00e0 dissuader le vol.<\/p>\n<h2>Fabricant de film \u00e9tirable<\/h2>\n<p>Tilak Polypack est l&#8217;un des principaux fabricants de films \u00e9tirables, fournissant des solutions d&#8217;emballage de haute qualit\u00e9 \u00e0 divers secteurs industriels. Forts de nos ann\u00e9es d&#8217;exp\u00e9rience et d&#8217;expertise dans ce domaine, nous nous sommes impos\u00e9s comme une r\u00e9f\u00e9rence fiable sur le march\u00e9.<\/p>\n<p>L&#8217;un des facteurs cl\u00e9s qui nous distingue est notre engagement en faveur de la personnalisation. Nous comprenons que chaque secteur et chaque application ont des exigences sp\u00e9cifiques en mati\u00e8re d&#8217;emballage. C&#8217;est pourquoi nous proposons un large \u00e9ventail d&#8217;options en termes d&#8217;\u00e9paisseur, de largeur et de longueur de film, afin que nos clients puissent trouver la solution parfaitement adapt\u00e9e \u00e0 leurs besoins sp\u00e9cifiques.<\/p>\n<p>Choisissez Tilak Polypack pour vos besoins en rouleaux de film plastique et profitez des avantages de notre qualit\u00e9 haut de gamme, de nos options de personnalisation, de notre engagement en faveur du d\u00e9veloppement durable et de notre service client exceptionnel. Nous nous engageons \u00e0 fournir des solutions d&#8217;emballage qui d\u00e9passent vos attentes et contribuent au succ\u00e8s de votre entreprise.<\/p>\n<p>Tilak Polypack est l&#8217;un des principaux fabricants et fournisseurs mondiaux de FILM \u00c9TIRABLE. Pr\u00e9sent dans des pays tels que les \u00c9tats-Unis, Singapour, l&#8217;Australie, l&#8217;Allemagne, le Canada, la Nouvelle-Z\u00e9lande, le Royaume-Uni, l&#8217;Irlande, l&#8217;\u00c9cosse et la Norv\u00e8ge, Tilak Polypack s&#8217;est impos\u00e9 comme un fournisseur fiable de FILM \u00c9TIRABLE de haute qualit\u00e9.<\/p>\n<h2>Avantages du film \u00e9tirable en rouleau :<\/h2>\n<p>Voici quelques avantages li\u00e9s \u00e0 l&#8217;utilisation du film \u00e9tirable en rouleau :<\/p>\n<ul>\n<li>Emballage s\u00e9curis\u00e9 et protection contre les d\u00e9placements pendant le transport.<\/li>\n<li>R\u00e9duction des d\u00e9chets d&#8217;emballage gr\u00e2ce \u00e0 la grande conformabilit\u00e9 des rouleaux de film \u00e9tirable pour l&#8217;emballage<\/li>\n<li>Pr\u00e9vention des dommages, des rayures et de l&#8217;humidit\u00e9.<\/li>\n<li>Am\u00e9lioration de la stabilit\u00e9 de la charge et pr\u00e9vention du renversement.<\/li>\n<li>Solution \u00e9conomique permettant de r\u00e9duire le besoin en mat\u00e9riaux d&#8217;emballage suppl\u00e9mentaires.<\/li>\n<li>Utilisation polyvalente pour les palettes, le regroupement et les articles de forme irr\u00e9guli\u00e8re.<\/li>\n<li>Films transparents pour faciliter l&#8217;identification et l&#8217;inspection.<\/li>\n<li>Am\u00e9lioration de l&#8217;efficacit\u00e9 des processus d&#8217;emballage et de d\u00e9ballage.<\/li>\n<li>Avantages environnementaux gr\u00e2ce \u00e0 des options recyclables.<\/li>\n<li>Manipulation am\u00e9lior\u00e9e et compacit\u00e9.<\/li>\n<li>Protection contre la poussi\u00e8re et la salet\u00e9 pour les articles emball\u00e9s.<\/li>\n<\/ul>\n<h2>Pourquoi choisir Tilak Polypack ?<\/h2>\n<p>Si vous recherchez une solution d&#8217;emballage plus durable, les produits Tilak Polypackaging sont faits pour vous ! Forts de plus de 20 ans d&#8217;exp\u00e9rience dans ce secteur, nous proposons \u00e0 nos clients les solutions les plus durables, \u00e9cologiques et personnalis\u00e9es en fonction de leurs besoins.<\/p>\n<p>Points forts de l&#8217;utilisation des produits Tilak Polypack :<\/p>\n<p>\u2705Produits de qualit\u00e9 sup\u00e9rieure<\/p>\n<p>\u2705 Solution \u00e9cologique<\/p>\n<p>\u2705 Produits d&#8217;emballage personnalis\u00e9s selon vos besoins<\/p>\n<p>\u2705 Produits conformes aux normes de fabrication et de qualit\u00e9<\/p>\n<p>\u2705 Partenaire fiable pour l&#8217;emballage de votre entreprise[\/vc_column_text][vc_wp_text title=&#8221;Stretch Film Features&#8221;]<\/p>\n<table>\n<thead>\n<tr>\n<th>Fonctionnalit\u00e9<\/th>\n<th>Description<\/th>\n<\/tr>\n<\/thead>\n<tbody>\n<tr>\n<td>Protection contre la poussi\u00e8re \/ la salet\u00e9<\/td>\n<td>Oui<\/td>\n<\/tr>\n<tr>\n<td>Emballage \u00e9tanche<\/td>\n<td>Contribue \u00e0 rendre l&#8217;emballage imperm\u00e9able lorsqu&#8217;il est enroul\u00e9 autour de r\u00e9cipients en papier.<\/td>\n<\/tr>\n<tr>\n<td>Inspection visuelle<\/td>\n<td>Aides \u00e0 l&#8217;inspection visuelle<\/td>\n<\/tr>\n<tr>\n<td>Rentabilit\u00e9<\/td>\n<td>Plus rentable que les sangles, le film r\u00e9tractable et le carton ondul\u00e9.<\/td>\n<\/tr>\n<tr>\n<td>Options d&#8217;emballage<\/td>\n<td>Disponible pour l&#8217;emballage manuel \/ l&#8217;emballage m\u00e9canique<\/td>\n<\/tr>\n<tr>\n<td>Largeurs standard<\/td>\n<td>50 mm \/ 100 mm \/ 150 mm \/ 200 mm \/ 300 mm \/ 450 mm \/ 500 mm \/ 600 mm (Autres largeurs disponibles sur demande. Largeur maximale : 1,5 m\u00e8tre)<\/td>\n<\/tr>\n<tr>\n<td>\u00c9paisseur standard<\/td>\n<td>12 microns \/ 15 microns \/ 18 microns \/ 23 microns \/ 29 microns (autres \u00e9paisseurs disponibles sur demande)<\/td>\n<\/tr>\n<tr>\n<td>Couleurs standard<\/td>\n<td>Naturel \/ Blanc opaque \/ Bleu \/ Noir (Autres couleurs disponibles sur demande)<\/td>\n<\/tr>\n<tr>\n<td>Identifiant standard de base<\/td>\n<td>25 mm \/ 31 mm \/ 76,2 mm<\/td>\n<\/tr>\n<tr>\n<td>Additifs sp\u00e9ciaux<\/td>\n<td>UV Protection \/ VCI \/ Antistatic<\/td>\n<\/tr>\n<\/tbody>\n<\/table>\n<p>[\/vc_wp_text][\/vc_column][\/vc_row]<\/p>\n<\/section>","protected":false},"excerpt":{"rendered":"<p>[vc_row][vc_column][vc_basic_grid post_type=&#8221;ids&#8221; gap=&#8221;25&#8243; item=&#8221;8470&#8243; grid_id=&#8221;vc_gid:1758086141923-7e9ccee3-fe9d-8&#8243; include=&#8221;7387, 7388, 7389, 7393, 7394, 7395, 7399, 9008, 8800, 9012, 9014&#8243;][\/vc_column][\/vc_row][vc_row css=&#8221;.vc_custom_1698386242536{padding-top: 20px !important;}&#8221;][vc_column][vc_column_text css=&#8221;.vc_custom_1758086459687{padding-right: 15px !important;padding-left: 15px !important;}&#8221;]Les films \u00e9tirables, \u00e9galement appel\u00e9s rouleaux de film \u00e9tirable ou rouleaux de film stretch, sont des mat\u00e9riaux d&#8217;emballage polyvalents largement utilis\u00e9s dans divers secteurs industriels. Ces films sont fabriqu\u00e9s \u00e0 partir d&#8217;un &hellip; <a href=\"https:\/\/tilakpolypack.com\/fr\/film-etirable\/\" class=\"more-link\">Continue reading <span class=\"screen-reader-text\">Film \u00e9tirable<\/span><\/a><\/p>\n","protected":false},"author":1,"featured_media":0,"parent":0,"menu_order":0,"comment_status":"closed","ping_status":"closed","template":"","meta":{"_acf_changed":false,"om_disable_all_campaigns":false,"_monsterinsights_skip_tracking":false,"_monsterinsights_sitenote_active":false,"_monsterinsights_sitenote_note":"","_monsterinsights_sitenote_category":0,"_uf_show_specific_survey":0,"_uf_disable_surveys":false,"footnotes":""},"class_list":["post-7298","page","type-page","status-publish","hentry"],"acf":[],"_links":{"self":[{"href":"https:\/\/tilakpolypack.com\/fr\/wp-json\/wp\/v2\/pages\/7298","targetHints":{"allow":["GET"]}}],"collection":[{"href":"https:\/\/tilakpolypack.com\/fr\/wp-json\/wp\/v2\/pages"}],"about":[{"href":"https:\/\/tilakpolypack.com\/fr\/wp-json\/wp\/v2\/types\/page"}],"author":[{"embeddable":true,"href":"https:\/\/tilakpolypack.com\/fr\/wp-json\/wp\/v2\/users\/1"}],"replies":[{"embeddable":true,"href":"https:\/\/tilakpolypack.com\/fr\/wp-json\/wp\/v2\/comments?post=7298"}],"version-history":[{"count":3,"href":"https:\/\/tilakpolypack.com\/fr\/wp-json\/wp\/v2\/pages\/7298\/revisions"}],"predecessor-version":[{"id":10661,"href":"https:\/\/tilakpolypack.com\/fr\/wp-json\/wp\/v2\/pages\/7298\/revisions\/10661"}],"wp:attachment":[{"href":"https:\/\/tilakpolypack.com\/fr\/wp-json\/wp\/v2\/media?parent=7298"}],"curies":[{"name":"wp","href":"https:\/\/api.w.org\/{rel}","templated":true}]}}