{"id":7296,"date":"2023-10-06T09:28:18","date_gmt":"2023-10-06T09:28:18","guid":{"rendered":"https:\/\/archiveyourwords.com\/tilak\/?page_id=7296"},"modified":"2025-09-17T17:15:20","modified_gmt":"2025-09-17T17:15:20","slug":"films-pe-imprimes","status":"publish","type":"page","link":"https:\/\/tilakpolypack.com\/fr\/films-pe-imprimes\/","title":{"rendered":"Films PE imprim\u00e9s"},"content":{"rendered":"<section class=\"wpb-content-wrapper\"><p>[vc_row][vc_column][vc_basic_grid post_type=&#8221;ids&#8221; gap=&#8221;25&#8243; item=&#8221;8470&#8243; grid_id=&#8221;vc_gid:1758129197537-971e8bd3-978f-10&#8243; include=&#8221;7363, 7364, 7365, 7366, 7367&#8243;][\/vc_column][\/vc_row][vc_row css=&#8221;.vc_custom_1698386306087{padding-top: 20px !important;}&#8221;][vc_column][vc_column_text css=&#8221;.vc_custom_1758129318091{padding-right: 15px !important;padding-left: 15px !important;}&#8221;]Les <a href=\"https:\/\/tilakpolypack.com\/fr\/lamination-film-pe\/\"><strong>films PE<\/strong><\/a> imprim\u00e9s sont un choix polyvalent et populaire dans le monde de l&#8217;emballage. Ces films sont fabriqu\u00e9s \u00e0 partir de poly\u00e9thyl\u00e8ne (PE), un mat\u00e9riau durable et flexible qui offre une excellente r\u00e9sistance \u00e0 l&#8217;humidit\u00e9 et une protection optimale pour une large gamme de produits.<\/p>\n<p>Ce qui distingue les films PE imprim\u00e9s, c&#8217;est leur capacit\u00e9 \u00e0 afficher des graphiques, des designs et des \u00e9l\u00e9ments de marque de haute qualit\u00e9 directement sur la surface du film. Cela permet aux entreprises d&#8217;am\u00e9liorer la pr\u00e9sentation de leurs produits, de promouvoir la notori\u00e9t\u00e9 de leur marque et d&#8217;attirer l&#8217;attention des consommateurs dans les rayons des magasins. Qu&#8217;ils soient utilis\u00e9s pour des produits alimentaires, des articles de soins personnels, des articles m\u00e9nagers ou des applications industrielles, les films PE imprim\u00e9s offrent une combinaison gagnante d&#8217;impact visuel, de performances fonctionnelles et de protection fiable. Ils constituent un outil pr\u00e9cieux pour diff\u00e9rencier les marques, promouvoir les produits et garantir la satisfaction des clients.<\/p>\n<h2>Fabricant de films PE imprim\u00e9s<\/h2>\n<p>Tilak Polypack est l&#8217;un des principaux fabricants de films PE imprim\u00e9s, proposant une large gamme de solutions d&#8217;emballage personnalisables. Nos films PE imprim\u00e9s sont con\u00e7us pour rehausser l&#8217;attrait visuel de vos produits tout en leur offrant une protection fiable. Gr\u00e2ce \u00e0 nos capacit\u00e9s de production de pointe, nous sommes en mesure de r\u00e9pondre aux besoins diversifi\u00e9s des entreprises de nombreux secteurs.<\/p>\n<p>Chez Tilak Polypack, nous utilisons des technologies d&#8217;impression avanc\u00e9es telles que l&#8217;impression flexographique et l&#8217;h\u00e9liogravure afin de garantir des graphismes de haute qualit\u00e9 et des couleurs vives sur nos films. Cela nous permet de cr\u00e9er des designs, des logos et des \u00e9l\u00e9ments de marque accrocheurs qui mettent efficacement en valeur vos produits et captent l&#8217;attention des consommateurs. En mettant l&#8217;accent sur la qualit\u00e9 et l&#8217;innovation, Tilak Polypack s&#8217;engage \u00e0 fournir des solutions d&#8217;emballage qui r\u00e9pondent aux normes les plus \u00e9lev\u00e9es de l&#8217;industrie.<\/p>\n<p>Tilak Polypack est l&#8217;un des principaux fabricants et fournisseurs mondiaux de <a href=\"https:\/\/tilakpolypack.com\/fr\/pharma-grade-polypoly-de-qualite-pharmaceutique\/\"><strong>FILMS PE IMPRIM\u00c9S<\/strong><\/a>. Pr\u00e9sent dans des pays tels que les \u00c9tats-Unis, Singapour, l&#8217;Australie, l&#8217;Allemagne, le Canada, la Nouvelle-Z\u00e9lande, le Royaume-Uni, l&#8217;Irlande, l&#8217;\u00c9cosse et la Norv\u00e8ge, Tilak Polypack s&#8217;est impos\u00e9 comme un fournisseur fiable de FILMS PE IMPRIM\u00c9S de haute qualit\u00e9.<\/p>\n<h2>Avantages<\/h2>\n<ul>\n<li aria-level=\"1\">Am\u00e9liore la visibilit\u00e9 de la marque et l&#8217;attrait du produit.<\/li>\n<li aria-level=\"1\">Fournit un emballage informatif et attrayant.<\/li>\n<li aria-level=\"1\">Permet la personnalisation et offre des opportunit\u00e9s de branding.<\/li>\n<li aria-level=\"1\">Offre une impression de haute qualit\u00e9 pour des graphiques \u00e9clatants et nets.<\/li>\n<li aria-level=\"1\">Contribue \u00e0 la diff\u00e9renciation des produits et \u00e0 leur pr\u00e9sence en rayon.<\/li>\n<li aria-level=\"1\">Favorise un marketing et une communication efficaces.<\/li>\n<li aria-level=\"1\">Augmente l&#8217;engagement et la reconnaissance des consommateurs.<\/li>\n<li aria-level=\"1\">Prot\u00e8ge le produit contre les \u00e9l\u00e9ments ext\u00e9rieurs.<\/li>\n<li aria-level=\"1\">Garantit la fra\u00eecheur du produit et prolonge sa dur\u00e9e de conservation.<\/li>\n<li aria-level=\"1\">Offre une grande commodit\u00e9 gr\u00e2ce \u00e0 des \u00e9tiquettes et des instructions faciles \u00e0 lire.<\/li>\n<li aria-level=\"1\">Assure la conformit\u00e9 r\u00e9glementaire et r\u00e9pond aux exigences en mati\u00e8re d&#8217;informations sur les produits.<\/li>\n<li aria-level=\"1\">Am\u00e9liore l&#8217;esth\u00e9tique g\u00e9n\u00e9rale de l&#8217;emballage et l&#8217;exp\u00e9rience du consommateur.<\/li>\n<\/ul>\n<h2>Pourquoi choisir Tilak Polypack ?<\/h2>\n<p>Si vous recherchez une solution d&#8217;emballage plus durable, les produits de Tilak polypackaging sont faits pour vous ! Forts de plus de 20 ans d&#8217;exp\u00e9rience dans ce secteur, nous proposons \u00e0 nos clients les solutions les plus durables, les plus \u00e9cologiques et les plus personnalis\u00e9es en fonction de leurs besoins.<\/p>\n<p>Points forts de l&#8217;utilisation des produits Tilak Polypack :<\/p>\n<p>\u2705Produits de qualit\u00e9 sup\u00e9rieure<\/p>\n<p>\u2705 Solution \u00e9cologique<\/p>\n<p>\u2705 Produits d&#8217;emballage personnalis\u00e9s selon vos besoins<\/p>\n<p>\u2705 Produits conformes aux normes de fabrication et de qualit\u00e9<\/p>\n<p>\u2705 Partenaire fiable pour l&#8217;emballage de votre entreprise[\/vc_column_text][\/vc_column][\/vc_row]<\/p>\n<\/section>","protected":false},"excerpt":{"rendered":"<p>[vc_row][vc_column][vc_basic_grid post_type=&#8221;ids&#8221; gap=&#8221;25&#8243; item=&#8221;8470&#8243; grid_id=&#8221;vc_gid:1758129197537-971e8bd3-978f-10&#8243; include=&#8221;7363, 7364, 7365, 7366, 7367&#8243;][\/vc_column][\/vc_row][vc_row css=&#8221;.vc_custom_1698386306087{padding-top: 20px !important;}&#8221;][vc_column][vc_column_text css=&#8221;.vc_custom_1758129318091{padding-right: 15px !important;padding-left: 15px !important;}&#8221;]Les films PE imprim\u00e9s sont un choix polyvalent et populaire dans le monde de l&#8217;emballage. Ces films sont fabriqu\u00e9s \u00e0 partir de poly\u00e9thyl\u00e8ne (PE), un mat\u00e9riau durable et flexible qui offre une excellente r\u00e9sistance \u00e0 l&#8217;humidit\u00e9 et une &hellip; <a href=\"https:\/\/tilakpolypack.com\/fr\/films-pe-imprimes\/\" class=\"more-link\">Continue reading <span class=\"screen-reader-text\">Films PE imprim\u00e9s<\/span><\/a><\/p>\n","protected":false},"author":1,"featured_media":1362,"parent":0,"menu_order":0,"comment_status":"closed","ping_status":"closed","template":"","meta":{"_acf_changed":false,"om_disable_all_campaigns":false,"_monsterinsights_skip_tracking":false,"_monsterinsights_sitenote_active":false,"_monsterinsights_sitenote_note":"","_monsterinsights_sitenote_category":0,"_uf_show_specific_survey":0,"_uf_disable_surveys":false,"footnotes":""},"class_list":["post-7296","page","type-page","status-publish","has-post-thumbnail","hentry"],"acf":[],"_links":{"self":[{"href":"https:\/\/tilakpolypack.com\/fr\/wp-json\/wp\/v2\/pages\/7296","targetHints":{"allow":["GET"]}}],"collection":[{"href":"https:\/\/tilakpolypack.com\/fr\/wp-json\/wp\/v2\/pages"}],"about":[{"href":"https:\/\/tilakpolypack.com\/fr\/wp-json\/wp\/v2\/types\/page"}],"author":[{"embeddable":true,"href":"https:\/\/tilakpolypack.com\/fr\/wp-json\/wp\/v2\/users\/1"}],"replies":[{"embeddable":true,"href":"https:\/\/tilakpolypack.com\/fr\/wp-json\/wp\/v2\/comments?post=7296"}],"version-history":[{"count":3,"href":"https:\/\/tilakpolypack.com\/fr\/wp-json\/wp\/v2\/pages\/7296\/revisions"}],"predecessor-version":[{"id":10787,"href":"https:\/\/tilakpolypack.com\/fr\/wp-json\/wp\/v2\/pages\/7296\/revisions\/10787"}],"wp:featuredmedia":[{"embeddable":true,"href":"https:\/\/tilakpolypack.com\/fr\/wp-json\/wp\/v2\/media\/1362"}],"wp:attachment":[{"href":"https:\/\/tilakpolypack.com\/fr\/wp-json\/wp\/v2\/media?parent=7296"}],"curies":[{"name":"wp","href":"https:\/\/api.w.org\/{rel}","templated":true}]}}