{"id":7292,"date":"2023-10-06T09:25:21","date_gmt":"2023-10-06T09:25:21","guid":{"rendered":"https:\/\/archiveyourwords.com\/tilak\/?page_id=7292"},"modified":"2025-09-17T07:51:09","modified_gmt":"2025-09-17T07:51:09","slug":"rouleaux-et-pochettes-de-stratifie-flexible","status":"publish","type":"page","link":"https:\/\/tilakpolypack.com\/fr\/rouleaux-et-pochettes-de-stratifie-flexible\/","title":{"rendered":"Rouleaux et pochettes de stratifi\u00e9 flexible"},"content":{"rendered":"<section class=\"wpb-content-wrapper\"><p>[vc_row][vc_column][vc_basic_grid post_type=&#8221;ids&#8221; gap=&#8221;25&#8243; item=&#8221;8470&#8243; grid_id=&#8221;vc_gid:1758095243745-832733a4-3831-0&#8243; include=&#8221;7346, 7347, 7352, 7353, 7354, 7358, 7359, 7345&#8243;][\/vc_column][\/vc_row][vc_row css=&#8221;.vc_custom_1698386373726{padding-top: 20px !important;}&#8221;][vc_column][vc_column_text css=&#8221;.vc_custom_1758095466618{padding-right: 15px !important;padding-left: 15px !important;}&#8221;]<\/p>\n<p data-pm-slice=\"1 1 []\">Les rouleaux et sachets d\u2019emballages souples lamin\u00e9s constituent des solutions d\u2019emballage innovantes et polyvalentes qui ont r\u00e9volutionn\u00e9 la mani\u00e8re dont les produits sont emball\u00e9s et conserv\u00e9s.<\/p>\n<p>L\u2019emballage joue un r\u00f4le essentiel dans la coh\u00e9rence de la marque et la protection du produit, tout en r\u00e9pondant aux exigences de s\u00e9curit\u00e9 et de marketing.<\/p>\n<p>Ces lamin\u00e9s sont compos\u00e9s de plusieurs couches de mat\u00e9riaux souples, tels que des films, des feuilles et des papiers, combin\u00e9s pour cr\u00e9er une structure d\u2019emballage solide mais flexible. Chaque cat\u00e9gorie d&#8217;emballage souple, comme les sachets, les sacs ou les films r\u00e9tractables, r\u00e9pond \u00e0 des besoins sp\u00e9cifiques selon le secteur d&#8217;activit\u00e9. La diversit\u00e9 des mati\u00e8res utilis\u00e9es dans la fabrication des lamin\u00e9s d&#8217;emballage souple, telles que l\u2019aluminium, les plastiques ou le papier, a un impact direct sur la qualit\u00e9 et la s\u00e9curit\u00e9 des produits finis. Ils sont largement utilis\u00e9s dans diverses industries pour emballer une large gamme de produits, notamment des aliments, des boissons, des produits pharmaceutiques, des articles de soins personnels, etc. Il est important d\u2019adapter l\u2019emballage souple \u00e0 chaque produit particulier afin d\u2019optimiser la performance et la protection. Ces lamin\u00e9s offrent un \u00e9quilibre parfait entre durabilit\u00e9, flexibilit\u00e9 et propri\u00e9t\u00e9s barri\u00e8res, ce qui en fait un choix id\u00e9al pour divers besoins d\u2019emballage.<\/p>\n<p><a href=\"https:\/\/tilakpolypack.com\/fr\/lamines-pour-lemballage-alimentaire-en-sachets-et-en-rouleaux\/\"><strong>Les lamin\u00e9s d\u2019emballage<\/strong><\/a> souples offrent d\u2019excellentes propri\u00e9t\u00e9s barri\u00e8res, prot\u00e9geant le contenu de l\u2019humidit\u00e9, de l\u2019oxyg\u00e8ne, de la lumi\u00e8re et d\u2019autres \u00e9l\u00e9ments externes susceptibles de compromettre la qualit\u00e9 du produit. Parmi les utilisations courantes, on retrouve l\u2019emballage de produits alimentaires, cosm\u00e9tiques et pharmaceutiques, d\u00e9montrant leur polyvalence dans de nombreux secteurs industriels. Ils sont pratiques, durables et personnalisables, ce qui en fait un choix id\u00e9al pour les fabricants et les entreprises \u00e0 la recherche de solutions d\u2019emballage efficaces et esth\u00e9tiques. Les nombreuses possibilit\u00e9s offertes par l\u2019emballage souple en mati\u00e8re de personnalisation, de design et de fonctionnalit\u00e9s permettent de r\u00e9pondre \u00e0 des exigences vari\u00e9es et d\u2019innover constamment.<\/p>\n<h2>Introduction \u00e0 l\u2019emballage souple<\/h2>\n<p>L\u2019emballage souple s\u2019impose aujourd\u2019hui comme une solution incontournable pour de nombreux produits de consommation. Gr\u00e2ce \u00e0 sa flexibilit\u00e9 et \u00e0 sa capacit\u00e9 \u00e0 s\u2019adapter \u00e0 diff\u00e9rentes formes et tailles, il offre une protection optimale tout en restant l\u00e9ger et facile \u00e0 manipuler. Les emballages souples sont largement utilis\u00e9s dans des secteurs vari\u00e9s, allant de l\u2019alimentation aux boissons, en passant par les cosm\u00e9tiques et les produits m\u00e9nagers. Cette polyvalence permet de r\u00e9pondre efficacement aux besoins de protection des produits, tout en offrant une solution \u00e9conomique et respectueuse de l\u2019environnement. De plus, l\u2019emballage souple contribue \u00e0 r\u00e9duire l\u2019empreinte carbone et \u00e0 limiter la production de d\u00e9chets, ce qui en fait un choix privil\u00e9gi\u00e9 pour les entreprises soucieuses de leur impact environnemental.<\/p>\n<h2>Fabricant de lamin\u00e9s pour emballages souples<\/h2>\n<p>Chez Tilak Polypack, nos rouleaux de lamin\u00e9 flexible sont fabriqu\u00e9s \u00e0 l&#8217;aide de techniques de pointe et de mat\u00e9riaux haut de gamme, garantissant une excellente r\u00e9sistance et une excellente r\u00e9sistance \u00e0 la perforation.<\/p>\n<p>Notre gamme de produits r\u00e9pond \u00e0 divers besoins en mati\u00e8re d&#8217;emballage, offrant une vari\u00e9t\u00e9 de lamin\u00e9s et de sachets con\u00e7us pour s&#8217;adapter \u00e0 diff\u00e9rentes applications et industries.<\/p>\n<h2>Mat\u00e9riau d&#8217;emballage souple<\/h2>\n<p>Nous fournissons des mat\u00e9riaux d&#8217;emballage souples en tenant compte des tendances actuelles du march\u00e9 et des derni\u00e8res technologies dans le secteur de l&#8217;emballage. Nous veillons \u00e0 ce que la qualit\u00e9 de nos films d&#8217;emballage souples soit conforme aux normes de l&#8217;industrie. Ce mat\u00e9riau d&#8217;emballage souple est utilis\u00e9 pour emballer divers types de marchandises et de produits alimentaires et est disponible en diff\u00e9rentes tailles et formes.<\/p>\n<h2>Caract\u00e9ristiques des emballages souples<\/h2>\n<p>Les emballages souples se distinguent par une s\u00e9rie de caract\u00e9ristiques qui s\u00e9duisent aussi bien les entreprises que les consommateurs. Leur l\u00e9g\u00e8ret\u00e9 facilite le transport et la manipulation, tandis que leur flexibilit\u00e9 permet d\u2019emballer une grande vari\u00e9t\u00e9 de produits, des plus petits aux plus volumineux. Les emballages souples sont disponibles dans de nombreuses tailles et formes, offrant ainsi une solution sur mesure pour chaque type de produit. Ils peuvent \u00eatre \u00e9quip\u00e9s de becs verseurs, de fermetures \u00e0 glissi\u00e8re ou d\u2019autres syst\u00e8mes pratiques qui am\u00e9liorent l\u2019exp\u00e9rience d\u2019utilisation. Cette capacit\u00e9 de personnalisation permet aux entreprises de proposer des emballages adapt\u00e9s \u00e0 leurs besoins sp\u00e9cifiques, tout en r\u00e9pondant aux attentes des consommateurs en mati\u00e8re de praticit\u00e9 et de design.<\/p>\n<h2>Rouleaux et sachets en lamin\u00e9 souple<\/h2>\n<p>Fabricant et exportateur leader de rouleaux et sachets lamin\u00e9s flexibles, tels que des lamin\u00e9s pour emballages alimentaires sous forme de sachets et de rouleaux, <a href=\"https:\/\/tilakpolypack.com\/fr\/lamines-agrochimiques\/\"><strong>des lamin\u00e9s pour produits agrochimiques<\/strong><\/a>, des sachets simples \u00e0 fond plat, des feuilles et lamin\u00e9s de recouvrement, des \u00e9tiquettes enveloppantes, des films d&#8217;emballage flexibles et bien d&#8217;autres articles provenant de Kalol.<\/p>\n<h2>Dur\u00e9e de conservation<\/h2>\n<p>La dur\u00e9e de conservation des produits est un enjeu majeur pour les industries de la consommation. Les emballages souples sont con\u00e7us pour offrir une barri\u00e8re efficace contre l\u2019humidit\u00e9, la lumi\u00e8re et l\u2019oxyg\u00e8ne, \u00e9l\u00e9ments susceptibles d\u2019alt\u00e9rer la qualit\u00e9 des produits. Gr\u00e2ce \u00e0 l\u2019utilisation de mat\u00e9riaux performants comme le plastique ou l\u2019aluminium, ces emballages garantissent une conservation optimale et prolong\u00e9e. Les syst\u00e8mes de fermeture int\u00e9gr\u00e9s, tels que les zip ou les soudures herm\u00e9tiques, emp\u00eachent l\u2019air et l\u2019humidit\u00e9 de p\u00e9n\u00e9trer, pr\u00e9servant ainsi la fra\u00eecheur et la qualit\u00e9 des produits tout au long de leur dur\u00e9e de vie. Cette protection renforc\u00e9e permet aux entreprises de proposer des produits avec une dur\u00e9e de conservation allong\u00e9e, r\u00e9pondant ainsi aux exigences du march\u00e9 et des consommateurs.<\/p>\n<h2>D\u00e9veloppement durable<\/h2>\n<p>Le d\u00e9veloppement durable occupe une place centrale dans les pr\u00e9occupations actuelles des entreprises et des consommateurs. Les emballages souples repr\u00e9sentent une solution innovante pour r\u00e9duire l\u2019empreinte carbone et favoriser une consommation plus responsable. Fabriqu\u00e9s \u00e0 partir de mat\u00e9riaux recyclables et n\u00e9cessitant moins de ressources que les emballages rigides, ils contribuent \u00e0 limiter la production de d\u00e9chets et \u00e0 optimiser la cha\u00eene de production. Leur l\u00e9g\u00e8ret\u00e9 permet \u00e9galement de diminuer les co\u00fbts de transport et l\u2019impact environnemental associ\u00e9. En adoptant des emballages souples, les entreprises s\u2019engagent dans une d\u00e9marche de d\u00e9veloppement durable, tout en r\u00e9pondant aux attentes croissantes des consommateurs en mati\u00e8re d\u2019\u00e9cologie et de responsabilit\u00e9 sociale.<\/p>\n<h2>Applications des emballages souples<\/h2>\n<p>Les emballages souples trouvent leur place dans une multitude de secteurs gr\u00e2ce \u00e0 leur grande vari\u00e9t\u00e9 d\u2019applications. Ils sont particuli\u00e8rement pris\u00e9s pour l\u2019emballage de produits alimentaires comme les snacks, les boissons ou les produits frais, mais aussi pour les cosm\u00e9tiques, les articles m\u00e9nagers et les produits pharmaceutiques. Leur flexibilit\u00e9 et leur l\u00e9g\u00e8ret\u00e9 facilitent la distribution et la pr\u00e9sentation en rayon, tout en assurant une protection efficace contre les agressions ext\u00e9rieures. Les entreprises b\u00e9n\u00e9ficient ainsi d\u2019une solution d\u2019emballage \u00e9conomique, durable et adapt\u00e9e \u00e0 leurs besoins, tandis que les consommateurs profitent d\u2019une exp\u00e9rience pratique et s\u00e9curis\u00e9e. Cette polyvalence fait des emballages souples un choix de r\u00e9f\u00e9rence pour de nombreux march\u00e9s \u00e0 travers le monde.<\/p>\n<h2>Entreprise d&#8217;emballages lamin\u00e9s flexibles<\/h2>\n<p>En tant qu&#8217;entreprise de pointe dans le domaine des emballages lamin\u00e9s flexibles, Tilak fabrique des produits d&#8217;emballage qui utilisent des mat\u00e9riaux d&#8217;emballage flexibles, notamment des lamin\u00e9s pour emballages alimentaires, sous forme de sachets et de rouleaux, des lamin\u00e9s pour produits agrochimiques, <a href=\"https:\/\/tilakpolypack.com\/fr\/pochettes-a-fond-plat\/\"><strong>des sachets simples \u00e0 fond plat<\/strong><\/a>, des feuilles et lamin\u00e9s de couverture, des \u00e9tiquettes enveloppantes, des sachets lamin\u00e9s en Inde, des rouleaux lamin\u00e9s en polyester et des rouleaux lamin\u00e9s multicolores.<\/p>\n<p>Tilak Polypack est l&#8217;un des principaux fabricants et fournisseurs mondiaux de ROULEAUX ET POCHES EN LAMIN\u00c9 SOUPLE. Pr\u00e9sent dans des pays tels que les \u00c9tats-Unis, Singapour, l&#8217;Australie, l&#8217;Allemagne, le Canada, la Nouvelle-Z\u00e9lande, le Royaume-Uni, l&#8217;Irlande, l&#8217;\u00c9cosse et la Norv\u00e8ge, Tilak Polypack s&#8217;est impos\u00e9 comme un fournisseur fiable de ROULEAUX ET POCHES EN LAMIN\u00c9 SOUPLE de haute qualit\u00e9.<\/p>\n<h2>Avantages<\/h2>\n<p>Voici quelques avantages li\u00e9s \u00e0 l&#8217;utilisation des rouleaux et sachets d&#8217;emballage souple lamin\u00e9s de Tilak Polypack.<\/p>\n<ul>\n<li>Fra\u00eecheur et qualit\u00e9 accrues des produits<\/li>\n<li>Protection contre l&#8217;humidit\u00e9, l&#8217;oxyg\u00e8ne et les contaminants externes<\/li>\n<li>Options d&#8217;impression personnalisables pour la marque et les informations sur le produit<\/li>\n<li>Solution d&#8217;emballage pratique et conviviale<\/li>\n<li>Polyvalence pour l&#8217;emballage d&#8217;une large gamme de produits<\/li>\n<li>Excellentes propri\u00e9t\u00e9s barri\u00e8res pour une dur\u00e9e de conservation prolong\u00e9e<\/li>\n<li>Option d&#8217;emballage efficace et visuellement attrayante<\/li>\n<li>Convient \u00e0 divers secteurs tels que l&#8217;alimentation, les boissons, les produits pharmaceutiques, etc.<\/li>\n<li>Mat\u00e9riau d&#8217;emballage durable et fiable<\/li>\n<li>Respect des r\u00e9glementations en mati\u00e8re de s\u00e9curit\u00e9 alimentaire<\/li>\n<\/ul>\n<h2>Pourquoi choisir Tilak Polypack ?<\/h2>\n<p>Si vous recherchez une solution d&#8217;emballage plus durable, les produits de Tilak polypackaging sont faits pour vous ! Forts de plus de 20 ans d&#8217;exp\u00e9rience dans ce secteur, nous proposons \u00e0 nos clients les solutions les plus durables, les plus \u00e9cologiques et les plus personnalis\u00e9es en fonction de leurs besoins.<\/p>\n<p>Points forts de l&#8217;utilisation des produits Tilak Polypack :<\/p>\n<ul>\n<li>Produits de qualit\u00e9 sup\u00e9rieure<\/li>\n<li>Solution \u00e9cologique<\/li>\n<li>Produits d&#8217;emballage personnalis\u00e9s selon vos besoins<\/li>\n<li>Produits conformes aux normes de fabrication et de qualit\u00e9<\/li>\n<li>Partenaire fiable pour l&#8217;emballage de votre entreprise<\/li>\n<\/ul>\n<p>[\/vc_column_text][\/vc_column][\/vc_row]<\/p>\n<\/section>","protected":false},"excerpt":{"rendered":"<p>[vc_row][vc_column][vc_basic_grid post_type=&#8221;ids&#8221; gap=&#8221;25&#8243; item=&#8221;8470&#8243; grid_id=&#8221;vc_gid:1758095243745-832733a4-3831-0&#8243; include=&#8221;7346, 7347, 7352, 7353, 7354, 7358, 7359, 7345&#8243;][\/vc_column][\/vc_row][vc_row css=&#8221;.vc_custom_1698386373726{padding-top: 20px !important;}&#8221;][vc_column][vc_column_text css=&#8221;.vc_custom_1758095466618{padding-right: 15px !important;padding-left: 15px !important;}&#8221;] Les rouleaux et sachets d\u2019emballages souples lamin\u00e9s constituent des solutions d\u2019emballage innovantes et polyvalentes qui ont r\u00e9volutionn\u00e9 la mani\u00e8re dont les produits sont emball\u00e9s et conserv\u00e9s. L\u2019emballage joue un r\u00f4le essentiel dans la coh\u00e9rence &hellip; <a href=\"https:\/\/tilakpolypack.com\/fr\/rouleaux-et-pochettes-de-stratifie-flexible\/\" class=\"more-link\">Continue reading <span class=\"screen-reader-text\">Rouleaux et pochettes de stratifi\u00e9 flexible<\/span><\/a><\/p>\n","protected":false},"author":1,"featured_media":2017,"parent":0,"menu_order":0,"comment_status":"closed","ping_status":"closed","template":"","meta":{"_acf_changed":false,"om_disable_all_campaigns":false,"_monsterinsights_skip_tracking":false,"_monsterinsights_sitenote_active":false,"_monsterinsights_sitenote_note":"","_monsterinsights_sitenote_category":0,"_uf_show_specific_survey":0,"_uf_disable_surveys":false,"footnotes":""},"class_list":["post-7292","page","type-page","status-publish","has-post-thumbnail","hentry"],"acf":[],"_links":{"self":[{"href":"https:\/\/tilakpolypack.com\/fr\/wp-json\/wp\/v2\/pages\/7292","targetHints":{"allow":["GET"]}}],"collection":[{"href":"https:\/\/tilakpolypack.com\/fr\/wp-json\/wp\/v2\/pages"}],"about":[{"href":"https:\/\/tilakpolypack.com\/fr\/wp-json\/wp\/v2\/types\/page"}],"author":[{"embeddable":true,"href":"https:\/\/tilakpolypack.com\/fr\/wp-json\/wp\/v2\/users\/1"}],"replies":[{"embeddable":true,"href":"https:\/\/tilakpolypack.com\/fr\/wp-json\/wp\/v2\/comments?post=7292"}],"version-history":[{"count":6,"href":"https:\/\/tilakpolypack.com\/fr\/wp-json\/wp\/v2\/pages\/7292\/revisions"}],"predecessor-version":[{"id":10692,"href":"https:\/\/tilakpolypack.com\/fr\/wp-json\/wp\/v2\/pages\/7292\/revisions\/10692"}],"wp:featuredmedia":[{"embeddable":true,"href":"https:\/\/tilakpolypack.com\/fr\/wp-json\/wp\/v2\/media\/2017"}],"wp:attachment":[{"href":"https:\/\/tilakpolypack.com\/fr\/wp-json\/wp\/v2\/media?parent=7292"}],"curies":[{"name":"wp","href":"https:\/\/api.w.org\/{rel}","templated":true}]}}