{"id":7288,"date":"2023-10-06T09:24:06","date_gmt":"2023-10-06T09:24:06","guid":{"rendered":"https:\/\/archiveyourwords.com\/tilak\/?page_id=7288"},"modified":"2025-09-17T16:28:36","modified_gmt":"2025-09-17T16:28:36","slug":"films-demballage","status":"publish","type":"page","link":"https:\/\/tilakpolypack.com\/fr\/films-demballage\/","title":{"rendered":"Films d&#8217;emballage"},"content":{"rendered":"<section class=\"wpb-content-wrapper\"><p>[vc_row][vc_column][vc_basic_grid post_type=&#8221;ids&#8221; gap=&#8221;25&#8243; item=&#8221;8470&#8243; grid_id=&#8221;vc_gid:1758126398574-9a9db973-41bb-5&#8243; include=&#8221;7337, 7338, 7339, 7340&#8243;][\/vc_column][\/vc_row][vc_row][vc_column][vc_column_text css=&#8221;.vc_custom_1758126483394{padding-right: 15px !important;padding-left: 15px !important;}&#8221;]<\/p>\n<h2>Films d&#8217;emballage<\/h2>\n<p>Les films d&#8217;emballage jouent un r\u00f4le essentiel dans le monde des biens de consommation modernes, offrant une solution polyvalente et efficace pour la protection, la conservation et la pr\u00e9sentation de divers produits.<\/p>\n<p><a href=\"https:\/\/tilakpolypack.com\/fr\/film-etirable\/\"><strong>Les films d&#8217;emballage<\/strong><\/a> sont sp\u00e9cialement con\u00e7us pour les applications d&#8217;emballage et offrent de nombreux avantages tant aux fabricants qu&#8217;aux consommateurs. Gr\u00e2ce \u00e0 leur capacit\u00e9 \u00e0 cr\u00e9er une barri\u00e8re protectrice contre les \u00e9l\u00e9ments ext\u00e9rieurs, les films d&#8217;emballage prot\u00e8gent les produits contre l&#8217;humidit\u00e9, l&#8217;oxyg\u00e8ne, la lumi\u00e8re et d&#8217;autres dangers potentiels, garantissant ainsi leur fra\u00eecheur et prolongeant leur dur\u00e9e de conservation.<\/p>\n<p>Ces films contribuent \u00e9galement \u00e0 l&#8217;attrait visuel global de l&#8217;emballage, captivant les consommateurs par leurs couleurs vives, leurs finitions brillantes et leur clart\u00e9. De plus, les films d&#8217;emballage peuvent \u00eatre personnalis\u00e9s pour int\u00e9grer des \u00e9l\u00e9ments de marque, des informations sur le produit et des dispositifs d&#8217;inviolabilit\u00e9, ce qui renforce la confiance des consommateurs et am\u00e9liore l&#8217;exp\u00e9rience globale du produit. Des <a href=\"https:\/\/tilakpolypack.com\/fr\/film-easy-peel\/\"><strong>films faciles \u00e0 d\u00e9coller<\/strong><\/a> pour un acc\u00e8s pratique aux <a href=\"https:\/\/tilakpolypack.com\/fr\/film-detancheite-pour-les-hanches\/\"><strong>films de scellage HIPS<\/strong><\/a> pour un confinement s\u00e9curis\u00e9, le monde des films d&#8217;emballage offre une gamme diversifi\u00e9e de solutions pour r\u00e9pondre aux besoins uniques de diverses industries et produits.<\/p>\n<h2>Films barri\u00e8res<\/h2>\n<p>Les films barri\u00e8res de Tilak Polypack offrent une protection optimale contre l&#8217;humidit\u00e9, l&#8217;oxyg\u00e8ne et les contaminants, prolongeant ainsi la dur\u00e9e de conservation des produits. Con\u00e7us pour l&#8217;emballage alimentaire, pharmaceutique et agrochimique, ces films multicouches assurent une \u00e9tanch\u00e9it\u00e9 parfaite et une r\u00e9sistance accrue. Disponibles en diff\u00e9rentes \u00e9paisseurs et configurations, ils sont personnalisables selon les besoins sp\u00e9cifiques de chaque application.<\/p>\n<h2>Films thermoform\u00e9s<\/h2>\n<p data-start=\"1170\" data-end=\"1612\">Les films thermoform\u00e9s de Tilak Polypack sont id\u00e9aux <a href=\"https:\/\/tilakpolypack.com\/fr\/lamines-pour-lemballage-alimentaire-en-sachets-et-en-rouleaux\/\"><strong>pour l&#8217;emballage de produits alimentaires<\/strong><\/a> et non alimentaires. Gr\u00e2ce \u00e0 leur capacit\u00e9 \u00e0 \u00eatre moul\u00e9s sous chaleur, ils s&#8217;adaptent parfaitement aux formes des produits, offrant ainsi une protection et une pr\u00e9sentation optimales. Disponibles en mat\u00e9riaux compatibles avec les normes de s\u00e9curit\u00e9 alimentaire, ces films sont con\u00e7us pour assurer la fra\u00eecheur et la s\u00e9curit\u00e9 des produits emball\u00e9s.<\/p>\n<h2>Fabricant de rouleaux de film d&#8217;emballage<\/h2>\n<p>Tilak Polypack : votre fabricant leader de rouleaux de film d&#8217;emballage pour tous vos besoins<\/p>\n<p>Chez Tilak Polypack, nous sommes fiers d&#8217;\u00eatre un fabricant fiable et reconnu pour notre gamme compl\u00e8te de films d&#8217;emballage. Gr\u00e2ce \u00e0 notre engagement envers la qualit\u00e9, l&#8217;innovation et la satisfaction de nos clients, nous proposons une s\u00e9lection vari\u00e9e de rouleaux de films d&#8217;emballage adapt\u00e9s aux besoins sp\u00e9cifiques de divers secteurs industriels.<\/p>\n<p>Des films de recouvrement haute performance qui offrent une excellente int\u00e9grit\u00e9 du scellage et une pelabilit\u00e9 facile aux films de scellage HIPS qui garantissent un confinement s\u00fbr, nous avons une solution pour chaque d\u00e9fi d&#8217;emballage.<\/p>\n<p>Tilak Polypack est l&#8217;un des principaux fabricants et fournisseurs mondiaux de FILMS D&#8217;EMBALLAGE. Pr\u00e9sent dans des pays tels que les \u00c9tats-Unis, Singapour, l&#8217;Australie, l&#8217;Allemagne, le Canada, la Nouvelle-Z\u00e9lande, le Royaume-Uni, l&#8217;Irlande, l&#8217;\u00c9cosse et la Norv\u00e8ge, Tilak Polypack s&#8217;est impos\u00e9 comme un fournisseur fiable de FILMS D&#8217;EMBALLAGE de haute qualit\u00e9.<\/p>\n<h2>Pourquoi choisir Tilak Polypack ?<\/h2>\n<p>Si vous recherchez une solution d&#8217;emballage plus durable, les produits de Tilak polypackaging sont faits pour vous ! Forts de plus de 20 ans d&#8217;exp\u00e9rience dans ce secteur, nous proposons \u00e0 nos clients les solutions les plus durables, les plus \u00e9cologiques et les plus personnalis\u00e9es en fonction de leurs besoins.<\/p>\n<p>Points forts de l&#8217;utilisation des produits Tilak Polypack :<\/p>\n<p>\u2705 Produits de qualit\u00e9 sup\u00e9rieure<br \/>\n\u2705 Solution \u00e9cologique<br \/>\n\u2705 Produits d&#8217;emballage personnalis\u00e9s selon vos besoins<br \/>\n\u2705 Produits conformes aux normes de fabrication et de qualit\u00e9<br \/>\n\u2705 Partenaire d&#8217;emballage fiable pour votre entreprise[\/vc_column_text][\/vc_column][\/vc_row]<\/p>\n<\/section>","protected":false},"excerpt":{"rendered":"<p>[vc_row][vc_column][vc_basic_grid post_type=&#8221;ids&#8221; gap=&#8221;25&#8243; item=&#8221;8470&#8243; grid_id=&#8221;vc_gid:1758126398574-9a9db973-41bb-5&#8243; include=&#8221;7337, 7338, 7339, 7340&#8243;][\/vc_column][\/vc_row][vc_row][vc_column][vc_column_text css=&#8221;.vc_custom_1758126483394{padding-right: 15px !important;padding-left: 15px !important;}&#8221;] Films d&#8217;emballage Les films d&#8217;emballage jouent un r\u00f4le essentiel dans le monde des biens de consommation modernes, offrant une solution polyvalente et efficace pour la protection, la conservation et la pr\u00e9sentation de divers produits. Les films d&#8217;emballage sont sp\u00e9cialement con\u00e7us pour &hellip; <a href=\"https:\/\/tilakpolypack.com\/fr\/films-demballage\/\" class=\"more-link\">Continue reading <span class=\"screen-reader-text\">Films d&#8217;emballage<\/span><\/a><\/p>\n","protected":false},"author":1,"featured_media":8097,"parent":0,"menu_order":0,"comment_status":"closed","ping_status":"closed","template":"","meta":{"_acf_changed":false,"om_disable_all_campaigns":false,"_monsterinsights_skip_tracking":false,"_monsterinsights_sitenote_active":false,"_monsterinsights_sitenote_note":"","_monsterinsights_sitenote_category":0,"_uf_show_specific_survey":0,"_uf_disable_surveys":false,"footnotes":""},"class_list":["post-7288","page","type-page","status-publish","has-post-thumbnail","hentry"],"acf":[],"_links":{"self":[{"href":"https:\/\/tilakpolypack.com\/fr\/wp-json\/wp\/v2\/pages\/7288","targetHints":{"allow":["GET"]}}],"collection":[{"href":"https:\/\/tilakpolypack.com\/fr\/wp-json\/wp\/v2\/pages"}],"about":[{"href":"https:\/\/tilakpolypack.com\/fr\/wp-json\/wp\/v2\/types\/page"}],"author":[{"embeddable":true,"href":"https:\/\/tilakpolypack.com\/fr\/wp-json\/wp\/v2\/users\/1"}],"replies":[{"embeddable":true,"href":"https:\/\/tilakpolypack.com\/fr\/wp-json\/wp\/v2\/comments?post=7288"}],"version-history":[{"count":8,"href":"https:\/\/tilakpolypack.com\/fr\/wp-json\/wp\/v2\/pages\/7288\/revisions"}],"predecessor-version":[{"id":10772,"href":"https:\/\/tilakpolypack.com\/fr\/wp-json\/wp\/v2\/pages\/7288\/revisions\/10772"}],"wp:featuredmedia":[{"embeddable":true,"href":"https:\/\/tilakpolypack.com\/fr\/wp-json\/wp\/v2\/media\/8097"}],"wp:attachment":[{"href":"https:\/\/tilakpolypack.com\/fr\/wp-json\/wp\/v2\/media?parent=7288"}],"curies":[{"name":"wp","href":"https:\/\/api.w.org\/{rel}","templated":true}]}}