{"id":7285,"date":"2023-10-06T09:22:32","date_gmt":"2023-10-06T09:22:32","guid":{"rendered":"https:\/\/archiveyourwords.com\/tilak\/?page_id=7285"},"modified":"2025-09-17T16:11:25","modified_gmt":"2025-09-17T16:11:25","slug":"films-biodegradables","status":"publish","type":"page","link":"https:\/\/tilakpolypack.com\/fr\/films-biodegradables\/","title":{"rendered":"Films biod\u00e9gradables"},"content":{"rendered":"<section class=\"wpb-content-wrapper\"><p>[vc_row][vc_column][vc_basic_grid post_type=&#8221;ids&#8221; gap=&#8221;25&#8243; item=&#8221;8470&#8243; grid_id=&#8221;vc_gid:1758125379281-a3eb0e56-14d0-6&#8243; include=&#8221;7331, 7332, 7333&#8243; css=&#8221;.vc_custom_1698386600263{margin-top: 20px !important;margin-bottom: 30px !important;}&#8221;][\/vc_column][\/vc_row][vc_row][vc_column][vc_column_text css=&#8221;.vc_custom_1758125483381{padding-right: 15px !important;padding-left: 15px !important;}&#8221;]<\/p>\n<h2>Films biod\u00e9gradables<\/h2>\n<p>Passez au niveau sup\u00e9rieur en mati\u00e8re de mode de vie \u00e9cologique gr\u00e2ce aux films biod\u00e9gradables !<\/p>\n<p>Les films biod\u00e9gradables sont un type d&#8217;emballage fabriqu\u00e9 \u00e0 partir de mat\u00e9riaux d&#8217;origine v\u00e9g\u00e9tale tels que l&#8217;amidon et la cellulose. Contrairement aux plastiques traditionnels \u00e0 base de p\u00e9trole, les <a href=\"https:\/\/tilakpolypack.com\/fr\/film-etirable-biodegradable\/\"><strong>films biod\u00e9gradables<\/strong><\/a> sont compos\u00e9s de mani\u00e8re \u00e0 se d\u00e9composer dans les d\u00e9charges en quelques mois, au lieu de plusieurs d\u00e9cennies ou si\u00e8cles. Les films biod\u00e9gradables gagnent en popularit\u00e9 en tant qu&#8217;alternative la plus viable aux sacs en plastique traditionnels. Les statistiques montrent que les films biod\u00e9gradables ont le potentiel de r\u00e9duire la pollution plastique et de nous aider \u00e0 progresser vers un avenir plus durable.<\/p>\n<h2>Un fier fabricant de films plastiques biod\u00e9gradables : Tilak Polypack<\/h2>\n<p>Une \u00e9tape vers un mode de vie respectueux de l&#8217;environnement, cela fait de nous un fier <a href=\"https:\/\/tilakpolypack.com\/fr\/films-agricoles\/\"><strong>fabricant de films biod\u00e9gradables<\/strong><\/a>. Tilak Polypack croit en la production de produits non seulement respectueux de l&#8217;environnement, mais aussi rentables et fiables. Nous sommes pr\u00e9sents dans ce domaine depuis plus de 20 ans et proposons des solutions personnalis\u00e9es en fonction des besoins de nos clients, dans diff\u00e9rentes tailles et formes.<\/p>\n<p>Comme nous le savons, l&#8217;emballage est un domaine important, quel que soit son objectif. Il est donc essentiel que les produits d&#8217;emballage r\u00e9pondent \u00e0 toutes les exigences de qualit\u00e9 standard. Avec Tilak Polypack, vous n&#8217;avez pas \u00e0 vous soucier de la qualit\u00e9 des produits. Nous croyons en la fabrication de produits de haute qualit\u00e9 pour pr\u00e9server l&#8217;environnement et offrir \u00e0 nos clients les meilleures solutions possibles dans le secteur.<\/p>\n<p>Tilak Polypack est l&#8217;un des principaux fabricants et fournisseurs mondiaux de FILMS BIOD\u00c9GRADABLES. Pr\u00e9sent dans des pays tels que les \u00c9tats-Unis, Singapour, l&#8217;Australie, l&#8217;Allemagne, le Canada, la Nouvelle-Z\u00e9lande, le Royaume-Uni, l&#8217;Irlande, l&#8217;\u00c9cosse et la Norv\u00e8ge, Tilak Polypack s&#8217;est impos\u00e9 comme un fournisseur fiable de FILMS BIOD\u00c9GRADABLES de haute qualit\u00e9.<\/p>\n<p>Les films biod\u00e9gradables peuvent \u00eatre utilis\u00e9s \u00e0 diverses fins, telles que<\/p>\n<ol>\n<li aria-level=\"1\"><b>Emballage alimentaire :<\/b>\u00a0Les films biod\u00e9gradables constituent une excellente alternative au plastique pour l&#8217;emballage des produits alimentaires tels que les fruits, les l\u00e9gumes, la viande, etc.<\/li>\n<li aria-level=\"1\"><b>Emballage de cadeaux :<\/b>\u00a0Une alternative \u00e9cologique aux films plastiques biod\u00e9gradables pour l&#8217;emballage de cadeaux et de marchandises.<\/li>\n<li aria-level=\"1\"><b>Sacs \u00e0 provisions :<\/b> Des films biod\u00e9gradables personnalis\u00e9s peuvent \u00eatre utilis\u00e9s comme <a href=\"https:\/\/tilakpolypack.com\/fr\/sacs-a-provisions-biodegradables\/\"><strong>sacs \u00e0 provisions<\/strong><\/a> pour les marques et les entreprises, ce qui constitue une avanc\u00e9e pour la pr\u00e9servation de notre environnement.<\/li>\n<li aria-level=\"1\"><b>Emballages m\u00e9dicaux :<\/b>\u00a0Ils peuvent \u00eatre utilis\u00e9s dans l&#8217;emballage de produits m\u00e9dicaux tels que les bandages, les gants et les seringues.<\/li>\n<li aria-level=\"1\"><b>Construction :<\/b>\u00a0Les films plastiques biod\u00e9gradables peuvent \u00eatre utilis\u00e9s dans la construction pour cr\u00e9er des membranes, des isolants et des mat\u00e9riaux de toiture.<\/li>\n<li aria-level=\"1\"><b>Biens de consommation :<\/b>\u00a0Dans l&#8217;emballage de produits tels que les jouets, les appareils \u00e9lectroniques, les meubles, etc., les films biod\u00e9gradables constituent un choix plus durable.<\/li>\n<li aria-level=\"1\"><b>Emballages industriels :<\/b>\u00a0Les <a href=\"https:\/\/tilakpolypack.com\/fr\/film-de-paillage-biodegradable\/\"><strong>films plastiques biod\u00e9gradables<\/strong><\/a> peuvent \u00eatre utilis\u00e9s dans l&#8217;emballage de produits industriels tels que les produits chimiques, les piles, etc.<\/li>\n<li aria-level=\"1\"><b>Agriculture :<\/b> Les films biod\u00e9gradables peuvent \u00eatre utilis\u00e9s dans l&#8217;agriculture pour prot\u00e9ger les cultures contre les parasites et les maladies.<\/li>\n<\/ol>\n<h2>Avantages de l&#8217;utilisation de films biod\u00e9gradables<\/h2>\n<p>Les films biod\u00e9gradables offrent un plus grand nombre d&#8217;avantages que les films plastiques traditionnels. Par exemple,<\/p>\n<ol>\n<li aria-level=\"1\">Meilleur pour l&#8217;environnement.<\/li>\n<li aria-level=\"1\">Ils peuvent \u00eatre compost\u00e9s, ce qui signifie qu&#8217;ils peuvent \u00eatre retourn\u00e9s \u00e0 la terre sans aucun impact n\u00e9gatif sur l&#8217;environnement.<\/li>\n<li aria-level=\"1\">Plus r\u00e9sistants et plus durables que les films plastiques traditionnels.<\/li>\n<li aria-level=\"1\">Une solution \u00e9conomique pour l&#8217;emballage.<\/li>\n<li aria-level=\"1\">Large gamme d&#8217;applications<\/li>\n<li aria-level=\"1\">Abordable et durable<\/li>\n<\/ol>\n<h2>Pourquoi choisir Tilak Polypack ?<\/h2>\n<p>Si vous recherchez une solution d&#8217;emballage plus durable, les produits Tilak Polypackaging sont faits pour vous ! Forts de plus de 20 ans d&#8217;exp\u00e9rience dans ce secteur, nous proposons \u00e0 nos clients les solutions les plus durables, \u00e9cologiques et personnalis\u00e9es en fonction de leurs besoins.<\/p>\n<p>Points forts de l&#8217;utilisation des produits Tilak Polypack :<\/p>\n<p>\u2705Produits de qualit\u00e9 sup\u00e9rieure<\/p>\n<p>\u2705 Solution \u00e9cologique<\/p>\n<p>\u2705 Produits d&#8217;emballage personnalis\u00e9s selon vos besoins<\/p>\n<p>\u2705 Produits conformes aux normes de fabrication et de qualit\u00e9<\/p>\n<p>\u2705 Partenaire fiable pour l&#8217;emballage de votre entreprise[\/vc_column_text][\/vc_column][\/vc_row]<\/p>\n<\/section>","protected":false},"excerpt":{"rendered":"<p>[vc_row][vc_column][vc_basic_grid post_type=&#8221;ids&#8221; gap=&#8221;25&#8243; item=&#8221;8470&#8243; grid_id=&#8221;vc_gid:1758125379281-a3eb0e56-14d0-6&#8243; include=&#8221;7331, 7332, 7333&#8243; css=&#8221;.vc_custom_1698386600263{margin-top: 20px !important;margin-bottom: 30px !important;}&#8221;][\/vc_column][\/vc_row][vc_row][vc_column][vc_column_text css=&#8221;.vc_custom_1758125483381{padding-right: 15px !important;padding-left: 15px !important;}&#8221;] Films biod\u00e9gradables Passez au niveau sup\u00e9rieur en mati\u00e8re de mode de vie \u00e9cologique gr\u00e2ce aux films biod\u00e9gradables ! Les films biod\u00e9gradables sont un type d&#8217;emballage fabriqu\u00e9 \u00e0 partir de mat\u00e9riaux d&#8217;origine v\u00e9g\u00e9tale tels que l&#8217;amidon et la &hellip; <a href=\"https:\/\/tilakpolypack.com\/fr\/films-biodegradables\/\" class=\"more-link\">Continue reading <span class=\"screen-reader-text\">Films biod\u00e9gradables<\/span><\/a><\/p>\n","protected":false},"author":1,"featured_media":0,"parent":0,"menu_order":0,"comment_status":"closed","ping_status":"closed","template":"","meta":{"_acf_changed":false,"om_disable_all_campaigns":false,"_monsterinsights_skip_tracking":false,"_monsterinsights_sitenote_active":false,"_monsterinsights_sitenote_note":"","_monsterinsights_sitenote_category":0,"_uf_show_specific_survey":0,"_uf_disable_surveys":false,"footnotes":""},"class_list":["post-7285","page","type-page","status-publish","hentry"],"acf":[],"_links":{"self":[{"href":"https:\/\/tilakpolypack.com\/fr\/wp-json\/wp\/v2\/pages\/7285","targetHints":{"allow":["GET"]}}],"collection":[{"href":"https:\/\/tilakpolypack.com\/fr\/wp-json\/wp\/v2\/pages"}],"about":[{"href":"https:\/\/tilakpolypack.com\/fr\/wp-json\/wp\/v2\/types\/page"}],"author":[{"embeddable":true,"href":"https:\/\/tilakpolypack.com\/fr\/wp-json\/wp\/v2\/users\/1"}],"replies":[{"embeddable":true,"href":"https:\/\/tilakpolypack.com\/fr\/wp-json\/wp\/v2\/comments?post=7285"}],"version-history":[{"count":5,"href":"https:\/\/tilakpolypack.com\/fr\/wp-json\/wp\/v2\/pages\/7285\/revisions"}],"predecessor-version":[{"id":10767,"href":"https:\/\/tilakpolypack.com\/fr\/wp-json\/wp\/v2\/pages\/7285\/revisions\/10767"}],"wp:attachment":[{"href":"https:\/\/tilakpolypack.com\/fr\/wp-json\/wp\/v2\/media?parent=7285"}],"curies":[{"name":"wp","href":"https:\/\/api.w.org\/{rel}","templated":true}]}}