{"id":7278,"date":"2023-10-06T09:19:54","date_gmt":"2023-10-06T09:19:54","guid":{"rendered":"https:\/\/archiveyourwords.com\/tilak\/?page_id=7278"},"modified":"2025-09-17T11:08:48","modified_gmt":"2025-09-17T11:08:48","slug":"films-agricoles","status":"publish","type":"page","link":"https:\/\/tilakpolypack.com\/fr\/films-agricoles\/","title":{"rendered":"Films sur l&#8217;agriculture"},"content":{"rendered":"<section class=\"wpb-content-wrapper\"><p>[vc_row][vc_column][vc_basic_grid post_type=&#8221;ids&#8221; gap=&#8221;25&#8243; item=&#8221;8470&#8243; grid_id=&#8221;vc_gid:1758106445790-d0bc625a-8b76-4&#8243; include=&#8221;7325, 7326, 7327&#8243; css=&#8221;.vc_custom_1698386542750{margin-top: 20px !important;margin-bottom: 30px !important;}&#8221;][\/vc_column][\/vc_row][vc_row][vc_column][vc_column_text css=&#8221;.vc_custom_1758107298071{padding-right: 15px !important;padding-left: 15px !important;}&#8221;]<\/p>\n<h2><span data-sheets-value=\"{&quot;1&quot;:2,&quot;2&quot;:&quot;agricultural film\\r&quot;}\" data-sheets-userformat=\"{&quot;2&quot;:29249,&quot;3&quot;:{&quot;1&quot;:0},&quot;9&quot;:0,&quot;12&quot;:0,&quot;15&quot;:&quot;Calibri&quot;,&quot;16&quot;:11,&quot;17&quot;:1}\">Film agricole<\/span><\/h2>\n<p>Prot\u00e9ger vos cultures est essentiel pour obtenir une r\u00e9colte r\u00e9ussie. Nos films agricoles haut de gamme, fabriqu\u00e9s \u00e0 partir de poly\u00e9thyl\u00e8ne de haute qualit\u00e9, sont l\u00e0 pour prot\u00e9ger vos cultures contre les intemp\u00e9ries. Ces films sont con\u00e7us pour durer, offrant durabilit\u00e9, flexibilit\u00e9 et r\u00e9sistance aux d\u00e9chirures et aux perforations. Investissez dans le meilleur pour la prosp\u00e9rit\u00e9 de vos cultures.<\/p>\n<p>L&#8217;une des principales utilisations des films agricoles est le paillage, qui permet de lutter contre les mauvaises herbes, de conserver l&#8217;humidit\u00e9 et de r\u00e9guler la temp\u00e9rature du sol. En recouvrant le sol d&#8217;une couche de <a href=\"https:\/\/tilakpolypack.com\/plastic-mulching-film\/\"><strong>film plastique<\/strong><\/a>, les agriculteurs peuvent cr\u00e9er un environnement plus favorable \u00e0 leurs cultures, ce qui peut se traduire par des rendements plus \u00e9lev\u00e9s et des produits de meilleure qualit\u00e9.<\/p>\n<h2>Film agricole de d\u00e9sherbage<\/h2>\n<p data-start=\"189\" data-end=\"570\">Le film agricole de d\u00e9sherbage de Tilak Polypack est con\u00e7u pour inhiber la croissance des mauvaises herbes sans recourir aux produits chimiques. Il bloque la lumi\u00e8re, limitant ainsi la photosynth\u00e8se des adventices. Ce film est id\u00e9al pour les cultures sensibles, offrant une solution \u00e9cologique et \u00e9conomique pour maintenir la propret\u00e9 du sol et am\u00e9liorer le rendement des cultures.<\/p>\n<h2 data-start=\"572\" data-end=\"919\">Film agricole biod\u00e9gradable<\/h2>\n<p data-start=\"977\" data-end=\"1327\"><a href=\"https:\/\/tilakpolypack.com\/fr\/films-biodegradables\/\"><strong>Le film agricole biod\u00e9gradable<\/strong><\/a> de Tilak Polypack se d\u00e9compose naturellement apr\u00e8s usage, sans laisser de r\u00e9sidus plastiques. Il prot\u00e8ge les cultures tout en pr\u00e9servant l&#8217;environnement. Ce film est parfait pour l&#8217;agriculture durable, offrant une alternative respectueuse de la nature aux films plastiques traditionnels, et contribue \u00e0 la sant\u00e9 du sol.<\/p>\n<h2 data-start=\"1329\" data-end=\"1659\">Film agricole stabilis\u00e9 aux UV<\/h2>\n<p data-start=\"1720\" data-end=\"2081\">Le film agricole stabilis\u00e9 aux UV de Tilak Polypack est con\u00e7u pour r\u00e9sister aux rayons ultraviolets, prolongeant ainsi sa dur\u00e9e de vie. Il prot\u00e8ge efficacement les cultures contre les effets n\u00e9fastes du soleil, tout en maintenant une couverture optimale. Ce film est id\u00e9al pour les r\u00e9gions \u00e0 fort ensoleillement, assurant une protection durable des plantations.<\/p>\n<h2 data-start=\"2083\" data-end=\"2424\">Film agricole en poly\u00e9thyl\u00e8ne<\/h2>\n<p data-start=\"2484\" data-end=\"2842\">Le film agricole en poly\u00e9thyl\u00e8ne de Tilak Polypack est largement utilis\u00e9 pour la couverture des cultures. Il offre une excellente r\u00e9sistance m\u00e9canique et chimique, assurant une protection efficace contre les intemp\u00e9ries et les nuisibles. Ce film est disponible en diff\u00e9rentes \u00e9paisseurs et couleurs, r\u00e9pondant ainsi aux besoins sp\u00e9cifiques de chaque culture.<\/p>\n<p>Les films agricoles sont \u00e9galement utilis\u00e9s \u00e0 diverses fins, telles que :<\/p>\n<ol>\n<li style=\"list-style-type: none;\">\n<ol>\n<li>Couvertures pour serres<\/li>\n<li>Sacs d&#8217;ensilage<\/li>\n<li>Films de fumigation<\/li>\n<\/ol>\n<\/li>\n<\/ol>\n<p>De plus, ils sont disponibles dans une grande vari\u00e9t\u00e9 de couleurs, d&#8217;\u00e9paisseurs et de largeurs afin de s&#8217;adapter \u00e0 diff\u00e9rentes applications et conditions de culture.<\/p>\n<h2>Fabricant de films agricoles<\/h2>\n<p>Tilak Polypack est l&#8217;un des principaux fabricants de films agricoles du secteur. Il propose une large gamme de films agricoles de haute qualit\u00e9 con\u00e7us pour r\u00e9pondre aux besoins des agriculteurs et des cultivateurs. Nos films sont fabriqu\u00e9s \u00e0 partir des meilleurs mat\u00e9riaux et sont rigoureusement test\u00e9s afin de garantir qu&#8217;ils r\u00e9pondent aux normes les plus \u00e9lev\u00e9es en mati\u00e8re de qualit\u00e9 et de performance.<\/p>\n<p>Nous recherchons constamment de nouvelles fa\u00e7ons d&#8217;am\u00e9liorer nos produits et services. Notre \u00e9quipe d&#8217;experts s&#8217;engage \u00e0 fournir \u00e0 nos clients les meilleures solutions possibles pour r\u00e9pondre \u00e0 leurs besoins agricoles, et nous travaillons en \u00e9troite collaboration avec eux afin de comprendre leurs exigences et leurs d\u00e9fis sp\u00e9cifiques.<\/p>\n<p>Chez Tilak Polypack, nous proposons une large gamme de films, notamment des films plastiques agricoles, des films de paillage et des <a href=\"https:\/\/tilakpolypack.com\/fr\/film-pour-tunnels-bas\/\"><strong>films pour tunnels bas<\/strong><\/a>.<\/p>\n<p>Nos films de paillage agricoles sont disponibles dans une vari\u00e9t\u00e9 de couleurs, d&#8217;\u00e9paisseurs et de largeurs afin de s&#8217;adapter \u00e0 diff\u00e9rentes applications et conditions de culture. Ils sont con\u00e7us pour contr\u00f4ler les mauvaises herbes, conserver l&#8217;humidit\u00e9 et r\u00e9guler la temp\u00e9rature du sol, aidant ainsi les agriculteurs \u00e0 obtenir des rendements plus \u00e9lev\u00e9s et des produits de meilleure qualit\u00e9.<\/p>\n<p>Dans l&#8217;ensemble, Tilak Polypack est le meilleur choix pour les agriculteurs et les cultivateurs qui recherchent des films agricoles de haute qualit\u00e9 con\u00e7us pour r\u00e9pondre \u00e0 leurs besoins et d\u00e9fis sp\u00e9cifiques. Gr\u00e2ce \u00e0 notre engagement en faveur de l&#8217;innovation, de l&#8217;excellence et de la satisfaction client, nous sommes convaincus de pouvoir vous fournir les meilleures solutions possibles pour vos besoins agricoles.<\/p>\n<p>Investissez dans nos films agricoles pour b\u00e9n\u00e9ficier d&#8217;un meilleur rendement des cultures, d&#8217;un meilleur contr\u00f4le des mauvaises herbes, d&#8217;une meilleure r\u00e9tention de l&#8217;humidit\u00e9 et d&#8217;une efficacit\u00e9 agricole globale accrue.<\/p>\n<p>Tilak Polypack est l&#8217;un des principaux fabricants et fournisseurs mondiaux de <a href=\"https:\/\/tilakpolypack.com\/fr\/film-etirable-pour-ensilage\/\"><strong>FILMS AGRICOLES<\/strong><\/a>. Pr\u00e9sent dans des pays tels que les \u00c9tats-Unis, Singapour, l&#8217;Australie, l&#8217;Allemagne, le Canada, la Nouvelle-Z\u00e9lande, le Royaume-Uni, l&#8217;Irlande, l&#8217;\u00c9cosse et la Norv\u00e8ge, Tilak Polypack s&#8217;est impos\u00e9 comme un fournisseur fiable de FILMS AGRICOLES de haute qualit\u00e9.[\/vc_column_text][\/vc_column][\/vc_row]<\/p>\n<\/section>","protected":false},"excerpt":{"rendered":"<p>[vc_row][vc_column][vc_basic_grid post_type=&#8221;ids&#8221; gap=&#8221;25&#8243; item=&#8221;8470&#8243; grid_id=&#8221;vc_gid:1758106445790-d0bc625a-8b76-4&#8243; include=&#8221;7325, 7326, 7327&#8243; css=&#8221;.vc_custom_1698386542750{margin-top: 20px !important;margin-bottom: 30px !important;}&#8221;][\/vc_column][\/vc_row][vc_row][vc_column][vc_column_text css=&#8221;.vc_custom_1758107298071{padding-right: 15px !important;padding-left: 15px !important;}&#8221;] Film agricole Prot\u00e9ger vos cultures est essentiel pour obtenir une r\u00e9colte r\u00e9ussie. Nos films agricoles haut de gamme, fabriqu\u00e9s \u00e0 partir de poly\u00e9thyl\u00e8ne de haute qualit\u00e9, sont l\u00e0 pour prot\u00e9ger vos cultures contre les intemp\u00e9ries. Ces films &hellip; <a href=\"https:\/\/tilakpolypack.com\/fr\/films-agricoles\/\" class=\"more-link\">Continue reading <span class=\"screen-reader-text\">Films sur l&#8217;agriculture<\/span><\/a><\/p>\n","protected":false},"author":1,"featured_media":0,"parent":0,"menu_order":0,"comment_status":"closed","ping_status":"closed","template":"","meta":{"_acf_changed":false,"om_disable_all_campaigns":false,"_monsterinsights_skip_tracking":false,"_monsterinsights_sitenote_active":false,"_monsterinsights_sitenote_note":"","_monsterinsights_sitenote_category":0,"_uf_show_specific_survey":0,"_uf_disable_surveys":false,"footnotes":""},"class_list":["post-7278","page","type-page","status-publish","hentry"],"acf":[],"_links":{"self":[{"href":"https:\/\/tilakpolypack.com\/fr\/wp-json\/wp\/v2\/pages\/7278","targetHints":{"allow":["GET"]}}],"collection":[{"href":"https:\/\/tilakpolypack.com\/fr\/wp-json\/wp\/v2\/pages"}],"about":[{"href":"https:\/\/tilakpolypack.com\/fr\/wp-json\/wp\/v2\/types\/page"}],"author":[{"embeddable":true,"href":"https:\/\/tilakpolypack.com\/fr\/wp-json\/wp\/v2\/users\/1"}],"replies":[{"embeddable":true,"href":"https:\/\/tilakpolypack.com\/fr\/wp-json\/wp\/v2\/comments?post=7278"}],"version-history":[{"count":4,"href":"https:\/\/tilakpolypack.com\/fr\/wp-json\/wp\/v2\/pages\/7278\/revisions"}],"predecessor-version":[{"id":10723,"href":"https:\/\/tilakpolypack.com\/fr\/wp-json\/wp\/v2\/pages\/7278\/revisions\/10723"}],"wp:attachment":[{"href":"https:\/\/tilakpolypack.com\/fr\/wp-json\/wp\/v2\/media?parent=7278"}],"curies":[{"name":"wp","href":"https:\/\/api.w.org\/{rel}","templated":true}]}}