{"id":7275,"date":"2023-10-06T09:18:15","date_gmt":"2023-10-06T09:18:15","guid":{"rendered":"https:\/\/archiveyourwords.com\/tilak\/?page_id=7275"},"modified":"2025-09-17T10:17:27","modified_gmt":"2025-09-17T10:17:27","slug":"fabricant-de-rubans-de-protection-de-surface","status":"publish","type":"page","link":"https:\/\/tilakpolypack.com\/fr\/fabricant-de-rubans-de-protection-de-surface\/","title":{"rendered":"Fabricant de rubans de protection de surface"},"content":{"rendered":"<section class=\"wpb-content-wrapper\"><p>[vc_row][vc_column][vc_basic_grid post_type=&#8221;ids&#8221; gap=&#8221;25&#8243; item=&#8221;8470&#8243; grid_id=&#8221;vc_gid:1758104092388-b9b2e50e-bda9-3&#8243; include=&#8221;7317, 7318, 7319, 7320&#8243; css=&#8221;.vc_custom_1698386457391{margin-top: 20px !important;margin-bottom: 30px !important;}&#8221;][\/vc_column][\/vc_row][vc_row ts_responsive_css=&#8221;40614141|colbreak_no|30px||||||||colbreak_no|||||||||colbreak_no||||||||||colbreak_no|||||||||&#8221;][vc_column ts_responsive_css=&#8221;78785991|colbreak_no|||||30||||colbreak_no|||||||||colbreak_no||||||||||colbreak_no|||||||||&#8221;][vc_column_text css=&#8221;.vc_custom_1758104164935{margin-top: 30px !important;}&#8221;]<\/p>\n<div class=\"innerpage-container\">\n<div class=\"container\">\n<div class=\"row\">\n<div class=\"col-md-12\">\n<p>Les rubans de protection de surface, \u00e9galement appel\u00e9s \u00ab <a href=\"https:\/\/tilakpolypack.com\/fr\/fabricant-de-films-de-protection-de-surface\/\"><strong>films de protection de surface<\/strong><\/a> \u00bb, sont des films adh\u00e9sifs sp\u00e9cialement con\u00e7us pour prot\u00e9ger diverses surfaces contre les rayures, les abrasions et autres dommages potentiels lors de la manipulation, du transport ou des processus de construction. Ces rubans constituent une barri\u00e8re protectrice temporaire qui adh\u00e8re solidement aux surfaces, les prot\u00e9geant ainsi de la salet\u00e9, de la poussi\u00e8re, de l&#8217;humidit\u00e9 et des chocs.<\/p>\n<p>Les rubans de protection de surface sont polyvalents et peuvent \u00eatre appliqu\u00e9s sur une large gamme de mat\u00e9riaux, notamment les plastiques, les m\u00e9taux, le verre, les surfaces peintes, etc. Gr\u00e2ce \u00e0 leurs propri\u00e9t\u00e9s adh\u00e9sives puissantes et \u00e0 leur facilit\u00e9 d&#8217;application, ils offrent une protection fiable des surfaces dans des secteurs tels que l&#8217;industrie manufacturi\u00e8re, l&#8217;automobile, la construction et la r\u00e9novation. Que vous ayez besoin de prot\u00e9ger des finitions d\u00e9licates, des \u00e9quipements sensibles ou des biens de valeur, les rubans de protection de surface constituent une solution efficace pour conserver les surfaces en parfait \u00e9tat.<\/p>\n<h2>Fabricant de rubans de protection de surface<\/h2>\n<p>Tilak Polypack est l&#8217;un des principaux fabricants de rubans de protection de surface, sp\u00e9cialis\u00e9 dans les rubans <a href=\"https:\/\/tilakpolypack.com\/fr\/tole-de-protection-en-acier-inoxydable\/\"><strong>de protection de surface<\/strong><\/a> de haute qualit\u00e9. Nos rubans offrent une protection fiable pour diverses surfaces pendant le transport, la manutention et le stockage. Gr\u00e2ce \u00e0 nos installations de fabrication de pointe et \u00e0 notre souci de personnalisation, nous fournissons des solutions sur mesure pour r\u00e9pondre \u00e0 des exigences sp\u00e9cifiques. Vous pouvez compter sur nous pour une qualit\u00e9 exceptionnelle, des options de personnalisation et un service client de qualit\u00e9 sup\u00e9rieure. Choisissez Tilak Polypack pour vos besoins en rubans de protection de surface.<\/p>\n<h2>Avantages:<\/h2>\n<ul>\n<li>Prot\u00e8ge les surfaces contre les rayures, l&#8217;abrasion et les dommages caus\u00e9s par les chocs.<\/li>\n<li>Pr\u00e9serve la finition et l&#8217;aspect d&#8217;origine des surfaces prot\u00e9g\u00e9es.<\/li>\n<li>Emp\u00eache les taches, la salet\u00e9 et les d\u00e9bris d&#8217;affecter la surface.<\/li>\n<li>Assure une protection temporaire pendant le transport, le stockage et l&#8217;installation.<\/li>\n<li>Facile \u00e0 appliquer et \u00e0 retirer sans laisser de r\u00e9sidus ni endommager la surface.<\/li>\n<li>Offre une r\u00e9sistance \u00e0 l&#8217;humidit\u00e9, aux produits chimiques et aux rayons UV.<\/li>\n<li>R\u00e9duit le besoin de r\u00e9parations ou de remplacements co\u00fbteux.<\/li>\n<li>Augmente la dur\u00e9e de vie et la durabilit\u00e9 des surfaces, ce qui permet de r\u00e9aliser des \u00e9conomies \u00e0 long terme.<\/li>\n<li>Am\u00e9liore l&#8217;efficacit\u00e9 en r\u00e9duisant les temps d&#8217;arr\u00eat li\u00e9s \u00e0 l&#8217;entretien des surfaces.<\/li>\n<li>Convient \u00e0 diverses surfaces telles que les sols, les tapis, les meubles, les appareils \u00e9lectrom\u00e9nagers, etc.<\/li>\n<\/ul>\n<h2>Pourquoi choisir Tilak Polypack ?<\/h2>\n<p>Si vous recherchez une <a href=\"https:\/\/tilakpolypack.com\/fr\/films-demballage\/\"><strong>solution d&#8217;emballage<\/strong><\/a> plus durable, les produits Tilak Polypackaging sont faits pour vous ! Forts de plus de 20 ans d&#8217;exp\u00e9rience dans ce secteur, nous proposons \u00e0 nos clients les solutions les plus durables, \u00e9cologiques et personnalis\u00e9es en fonction de leurs besoins.<\/p>\n<p>Tilak Polypack est l&#8217;un des principaux fabricants et fournisseurs mondiaux de RUBANS DE PROTECTION DE SURFACE. Pr\u00e9sent dans des pays tels que les \u00c9tats-Unis, Singapour, l&#8217;Australie, l&#8217;Allemagne, le Canada, la Nouvelle-Z\u00e9lande, le Royaume-Uni, l&#8217;Irlande, l&#8217;\u00c9cosse et la Norv\u00e8ge, Tilak Polypack s&#8217;est impos\u00e9 comme un fournisseur fiable de RUBANS DE PROTECTION DE SURFACE de haute qualit\u00e9.<\/p>\n<p>Points forts de l&#8217;utilisation des produits Tilak Polypack :<\/p>\n<p>\u2705Produits de qualit\u00e9 sup\u00e9rieure<\/p>\n<p>\u2705 Solution \u00e9cologique<\/p>\n<p>\u2705 Produits d&#8217;emballage personnalis\u00e9s selon vos besoins<\/p>\n<p>\u2705 Produits conformes aux normes de fabrication et de qualit\u00e9<\/p>\n<p>\u2705 Partenaire fiable pour l&#8217;emballage de votre entreprise<\/p>\n<\/div>\n<\/div>\n<\/div>\n<\/div>\n<p>[\/vc_column_text][\/vc_column][\/vc_row]<\/p>\n<\/section>","protected":false},"excerpt":{"rendered":"<p>[vc_row][vc_column][vc_basic_grid post_type=&#8221;ids&#8221; gap=&#8221;25&#8243; item=&#8221;8470&#8243; grid_id=&#8221;vc_gid:1758104092388-b9b2e50e-bda9-3&#8243; include=&#8221;7317, 7318, 7319, 7320&#8243; css=&#8221;.vc_custom_1698386457391{margin-top: 20px !important;margin-bottom: 30px !important;}&#8221;][\/vc_column][\/vc_row][vc_row ts_responsive_css=&#8221;40614141|colbreak_no|30px||||||||colbreak_no|||||||||colbreak_no||||||||||colbreak_no|||||||||&#8221;][vc_column ts_responsive_css=&#8221;78785991|colbreak_no|||||30||||colbreak_no|||||||||colbreak_no||||||||||colbreak_no|||||||||&#8221;][vc_column_text css=&#8221;.vc_custom_1758104164935{margin-top: 30px !important;}&#8221;] Les rubans de protection de surface, \u00e9galement appel\u00e9s \u00ab films de protection de surface \u00bb, sont des films adh\u00e9sifs sp\u00e9cialement con\u00e7us pour prot\u00e9ger diverses surfaces contre les rayures, les abrasions et autres dommages potentiels lors de &hellip; <a href=\"https:\/\/tilakpolypack.com\/fr\/fabricant-de-rubans-de-protection-de-surface\/\" class=\"more-link\">Continue reading <span class=\"screen-reader-text\">Fabricant de rubans de protection de surface<\/span><\/a><\/p>\n","protected":false},"author":1,"featured_media":0,"parent":0,"menu_order":0,"comment_status":"closed","ping_status":"closed","template":"","meta":{"_acf_changed":false,"om_disable_all_campaigns":false,"_monsterinsights_skip_tracking":false,"_monsterinsights_sitenote_active":false,"_monsterinsights_sitenote_note":"","_monsterinsights_sitenote_category":0,"_uf_show_specific_survey":0,"_uf_disable_surveys":false,"footnotes":""},"class_list":["post-7275","page","type-page","status-publish","hentry"],"acf":[],"_links":{"self":[{"href":"https:\/\/tilakpolypack.com\/fr\/wp-json\/wp\/v2\/pages\/7275","targetHints":{"allow":["GET"]}}],"collection":[{"href":"https:\/\/tilakpolypack.com\/fr\/wp-json\/wp\/v2\/pages"}],"about":[{"href":"https:\/\/tilakpolypack.com\/fr\/wp-json\/wp\/v2\/types\/page"}],"author":[{"embeddable":true,"href":"https:\/\/tilakpolypack.com\/fr\/wp-json\/wp\/v2\/users\/1"}],"replies":[{"embeddable":true,"href":"https:\/\/tilakpolypack.com\/fr\/wp-json\/wp\/v2\/comments?post=7275"}],"version-history":[{"count":4,"href":"https:\/\/tilakpolypack.com\/fr\/wp-json\/wp\/v2\/pages\/7275\/revisions"}],"predecessor-version":[{"id":10714,"href":"https:\/\/tilakpolypack.com\/fr\/wp-json\/wp\/v2\/pages\/7275\/revisions\/10714"}],"wp:attachment":[{"href":"https:\/\/tilakpolypack.com\/fr\/wp-json\/wp\/v2\/media?parent=7275"}],"curies":[{"name":"wp","href":"https:\/\/api.w.org\/{rel}","templated":true}]}}