{"id":7269,"date":"2023-10-06T09:15:25","date_gmt":"2023-10-06T09:15:25","guid":{"rendered":"https:\/\/archiveyourwords.com\/tilak\/?page_id=7269"},"modified":"2025-09-17T09:28:51","modified_gmt":"2025-09-17T09:28:51","slug":"lamination-film-pe","status":"publish","type":"page","link":"https:\/\/tilakpolypack.com\/fr\/lamination-film-pe\/","title":{"rendered":"Film de pelliculage PE"},"content":{"rendered":"<section class=\"wpb-content-wrapper\"><p>[vc_row][vc_column][vc_basic_grid post_type=&#8221;ids&#8221; gap=&#8221;25&#8243; item=&#8221;8470&#8243; grid_id=&#8221;vc_gid:1758101252964-5e48c903-fe05-9&#8243; include=&#8221;7313, 7314&#8243;][\/vc_column][\/vc_row][vc_row css=&#8221;.vc_custom_1698385956862{padding-top: 20px !important;}&#8221;][vc_column][vc_column_text css=&#8221;.vc_custom_1758101328285{padding-right: 15px !important;padding-left: 15px !important;}&#8221;]<a href=\"https:\/\/tilakpolypack.com\/fr\/films-pe-imprimes\/\"><strong>Le film PE lamin\u00e9<\/strong><\/a> est un composant polyvalent et indispensable dans le domaine des solutions d&#8217;emballage. Ce film de haute qualit\u00e9, fabriqu\u00e9 \u00e0 partir de poly\u00e9thyl\u00e8ne, pr\u00e9sente une clart\u00e9, une r\u00e9sistance et une flexibilit\u00e9 exceptionnelles. Il est couramment utilis\u00e9 comme couche protectrice, am\u00e9liorant la durabilit\u00e9 et l&#8217;attrait visuel de divers produits.<\/p>\n<p>Le processus de laminage consiste \u00e0 coller le <a href=\"https:\/\/tilakpolypack.com\/fr\/fabricant-de-films-de-protection-de-surface\/\"><strong>film sur des surfaces<\/strong><\/a> telles que du papier, du carton ou d&#8217;autres mat\u00e9riaux afin d&#8217;ajouter une couche de protection suppl\u00e9mentaire contre l&#8217;humidit\u00e9, la salet\u00e9 et l&#8217;usure. Cela permet aux entreprises de tous les secteurs d&#8217;activit\u00e9 de prot\u00e9ger leurs marchandises pendant la manutention, le stockage et le transport.<\/p>\n<p>Avec son large \u00e9ventail d&#8217;applications, notamment dans le domaine de l&#8217;emballage alimentaire, pharmaceutique, textile et industriel, le laminage constitue un atout essentiel. Sa polyvalence, sa r\u00e9sistance et ses propri\u00e9t\u00e9s barri\u00e8res fiables en font un choix incontournable pour les entreprises \u00e0 la recherche de solutions d&#8217;emballage optimales dans le secteur B2B.<\/p>\n<h2>Film de stratification de pochette<\/h2>\n<p><span style=\"font-weight: 400;\"><a href=\"https:\/\/tilakpolypack.com\/fr\/pochettes-a-fond-plat\/\"><strong>Le film de stratification de pochette<\/strong><\/a> est une solution d&#8217;emballage flexible et durable, id\u00e9ale pour les produits alimentaires. Gr\u00e2ce \u00e0 sa structure multicouche, il offre une excellente barri\u00e8re contre l&#8217;humidit\u00e9, l&#8217;oxyg\u00e8ne et les ar\u00f4mes, garantissant ainsi la fra\u00eecheur du contenu. Ce film est compatible avec divers proc\u00e9d\u00e9s de scellage et d&#8217;impression, permettant une personnalisation selon les besoins du client. Disponible en rouleaux ou en sachets, il s&#8217;adapte aux exigences sp\u00e9cifiques des applications alimentaires.<\/span><\/p>\n<h2>Film de plastification de qualit\u00e9 alimentaire<\/h2>\n<p><span style=\"font-weight: 400;\">Le film de plastification de qualit\u00e9 alimentaire est con\u00e7u pour r\u00e9pondre aux normes strictes de s\u00e9curit\u00e9 alimentaire. Fabriqu\u00e9 \u00e0 partir de mat\u00e9riaux approuv\u00e9s pour le contact alimentaire, il assure une protection optimale des produits tout en pr\u00e9servant leur qualit\u00e9. Ce film est utilis\u00e9 dans l&#8217;emballage de divers produits alimentaires, offrant une excellente r\u00e9sistance m\u00e9canique et une transparence \u00e9lev\u00e9e. Il est \u00e9galement compatible avec les proc\u00e9d\u00e9s d&#8217;impression et de scellage, permettant une personnalisation selon les besoins du client.<\/span><\/p>\n<h2><span data-sheets-userformat=\"{&quot;2&quot;:29249,&quot;3&quot;:{&quot;1&quot;:0},&quot;9&quot;:0,&quot;12&quot;:0,&quot;15&quot;:&quot;Calibri&quot;,&quot;16&quot;:11,&quot;17&quot;:1}\" data-sheets-value=\"{&quot;1&quot;:2,&quot;2&quot;:&quot;lamination roll&quot;}\">Film PE lamin\u00e9 <\/span>Fabricant<\/h2>\n<p>Chez Tilak Polypack, nous sommes extr\u00eamement fiers d&#8217;\u00eatre le premier fabricant de films de laminage en PE, r\u00e9pondant aux besoins diversifi\u00e9s des entreprises de tous les secteurs. Gr\u00e2ce \u00e0 notre engagement ind\u00e9fectible envers l&#8217;excellence, nous nous sommes impos\u00e9s comme le meilleur choix pour tous vos besoins en mati\u00e8re de films de laminage.<\/p>\n<p>Nous proposons une gamme compl\u00e8te de films de laminage en PE, y compris des options de laminage de haute qualit\u00e9, afin de r\u00e9pondre \u00e0 vos besoins sp\u00e9cifiques en mati\u00e8re d&#8217;emballage.<\/p>\n<h2>Avantages du rouleau de laminage PE :<\/h2>\n<p>Voici quelques avantages li\u00e9s \u00e0 l&#8217;utilisation d&#8217;un rouleau de laminage en PE :<\/p>\n<p>\u2705 Durabilit\u00e9 et protection accrues pour les produits.<\/p>\n<p>\u2705 Barri\u00e8re fiable contre l&#8217;humidit\u00e9, l&#8217;oxyg\u00e8ne et les contaminants.<\/p>\n<p>\u2705 Polyvalent et personnalisable pour r\u00e9pondre \u00e0 divers besoins d&#8217;emballage.<\/p>\n<p>\u2705 Am\u00e9lioration de l&#8217;apparence et de l&#8217;attrait visuel du produit.<\/p>\n<p>\u2705 Dur\u00e9e de conservation prolong\u00e9e pour les denr\u00e9es p\u00e9rissables.<\/p>\n<p>\u2705 Compatibilit\u00e9 avec diff\u00e9rentes techniques de laminage.<\/p>\n<p>\u2705 Facilit\u00e9 d&#8217;utilisation et flux de travail de production efficaces.<\/p>\n<p>\u2705 Large gamme d&#8217;options d&#8217;\u00e9paisseur pour la personnalisation.<\/p>\n<p>\u2705 Solution \u00e9conomique pour vos besoins en mati\u00e8re d&#8217;emballage.<\/p>\n<p>\u2705 Conforme aux normes et r\u00e9glementations industrielles.<\/p>\n<h2>Pourquoi choisir Tilak Polypack ?<\/h2>\n<p>Si vous recherchez une solution d&#8217;emballage plus durable, les produits Tilak Polypack sont faits pour vous ! Forts de plus de 20 ans d&#8217;exp\u00e9rience dans ce secteur, nous proposons \u00e0 nos clients les solutions les plus durables, \u00e9cologiques et personnalis\u00e9es en fonction de leurs besoins.<\/p>\n<p>Tilak Polypack est l&#8217;un des principaux fabricants et fournisseurs mondiaux de <a href=\"https:\/\/tilakpolypack.com\/fr\/pharma-grade-polypoly-de-qualite-pharmaceutique\/\"><strong>films PE lamin\u00e9s<\/strong><\/a>. Pr\u00e9sent dans des pays tels que les \u00c9tats-Unis, Singapour, l&#8217;Australie, l&#8217;Allemagne, le Canada, la Nouvelle-Z\u00e9lande, le Royaume-Uni, l&#8217;Irlande, l&#8217;\u00c9cosse et la Norv\u00e8ge, Tilak Polypack s&#8217;est impos\u00e9 comme un fournisseur fiable de films PE lamin\u00e9s de haute qualit\u00e9.[\/vc_column_text][\/vc_column][\/vc_row]<\/p>\n<\/section>","protected":false},"excerpt":{"rendered":"<p>[vc_row][vc_column][vc_basic_grid post_type=&#8221;ids&#8221; gap=&#8221;25&#8243; item=&#8221;8470&#8243; grid_id=&#8221;vc_gid:1758101252964-5e48c903-fe05-9&#8243; include=&#8221;7313, 7314&#8243;][\/vc_column][\/vc_row][vc_row css=&#8221;.vc_custom_1698385956862{padding-top: 20px !important;}&#8221;][vc_column][vc_column_text css=&#8221;.vc_custom_1758101328285{padding-right: 15px !important;padding-left: 15px !important;}&#8221;]Le film PE lamin\u00e9 est un composant polyvalent et indispensable dans le domaine des solutions d&#8217;emballage. Ce film de haute qualit\u00e9, fabriqu\u00e9 \u00e0 partir de poly\u00e9thyl\u00e8ne, pr\u00e9sente une clart\u00e9, une r\u00e9sistance et une flexibilit\u00e9 exceptionnelles. Il est couramment utilis\u00e9 comme couche &hellip; <a href=\"https:\/\/tilakpolypack.com\/fr\/lamination-film-pe\/\" class=\"more-link\">Continue reading <span class=\"screen-reader-text\">Film de pelliculage PE<\/span><\/a><\/p>\n","protected":false},"author":1,"featured_media":8015,"parent":0,"menu_order":0,"comment_status":"closed","ping_status":"closed","template":"","meta":{"_acf_changed":false,"om_disable_all_campaigns":false,"_monsterinsights_skip_tracking":false,"_monsterinsights_sitenote_active":false,"_monsterinsights_sitenote_note":"","_monsterinsights_sitenote_category":0,"_uf_show_specific_survey":0,"_uf_disable_surveys":false,"footnotes":""},"class_list":["post-7269","page","type-page","status-publish","has-post-thumbnail","hentry"],"acf":[],"_links":{"self":[{"href":"https:\/\/tilakpolypack.com\/fr\/wp-json\/wp\/v2\/pages\/7269","targetHints":{"allow":["GET"]}}],"collection":[{"href":"https:\/\/tilakpolypack.com\/fr\/wp-json\/wp\/v2\/pages"}],"about":[{"href":"https:\/\/tilakpolypack.com\/fr\/wp-json\/wp\/v2\/types\/page"}],"author":[{"embeddable":true,"href":"https:\/\/tilakpolypack.com\/fr\/wp-json\/wp\/v2\/users\/1"}],"replies":[{"embeddable":true,"href":"https:\/\/tilakpolypack.com\/fr\/wp-json\/wp\/v2\/comments?post=7269"}],"version-history":[{"count":8,"href":"https:\/\/tilakpolypack.com\/fr\/wp-json\/wp\/v2\/pages\/7269\/revisions"}],"predecessor-version":[{"id":10707,"href":"https:\/\/tilakpolypack.com\/fr\/wp-json\/wp\/v2\/pages\/7269\/revisions\/10707"}],"wp:featuredmedia":[{"embeddable":true,"href":"https:\/\/tilakpolypack.com\/fr\/wp-json\/wp\/v2\/media\/8015"}],"wp:attachment":[{"href":"https:\/\/tilakpolypack.com\/fr\/wp-json\/wp\/v2\/media?parent=7269"}],"curies":[{"name":"wp","href":"https:\/\/api.w.org\/{rel}","templated":true}]}}