{"id":6157,"date":"2018-07-09T08:20:12","date_gmt":"2018-07-09T08:20:12","guid":{"rendered":"http:\/\/industco-demo.pbminfotech.com\/?page_id=6157"},"modified":"2025-08-24T19:37:16","modified_gmt":"2025-08-24T19:37:16","slug":"produits","status":"publish","type":"page","link":"https:\/\/tilakpolypack.com\/fr\/produits\/","title":{"rendered":"Produits"},"content":{"rendered":"<section class=\"wpb-content-wrapper\"><p>[vc_row full_width=&#8221;stretch_row&#8221; css=&#8221;.vc_custom_1696573165863{background-image: url(https:\/\/tilakpolypack.com\/wp-content\/uploads\/2023\/10\/product-bg.png?id=2001) !important;}&#8221;][vc_column][vc_row_inner][vc_column_inner][vc_column_text]<\/p>\n<h1 style=\"text-align: left;\">Films multicouches<\/h1>\n<p>[\/vc_column_text][vc_separator][\/vc_column_inner][\/vc_row_inner][vc_row_inner][vc_column_inner][vc_column_text css=&#8221;.vc_custom_1756064076030{padding-top: 0px !important;padding-bottom: 0px !important;}&#8221;]Fond\u00e9e en 1995, notre soci\u00e9t\u00e9 \u00ab Tilak Polypack Private Limited \u00bb est l&#8217;une des principales entreprises sp\u00e9cialis\u00e9es dans la fabrication, la fourniture et l&#8217;exportation d&#8217;une large gamme de films multicouches et de lamin\u00e9s flexibles en rouleaux et en sachets. Notre gamme comprend des films PE non imprim\u00e9s, des films PE imprim\u00e9s, des rouleaux et sachets lamin\u00e9s souples, des films r\u00e9tractables, des \u00e9tiquettes enveloppantes, des feuilles de couverture, etc. Nous fabriquons tous nos produits \u00e0 partir de mati\u00e8res premi\u00e8res de premi\u00e8re qualit\u00e9, achet\u00e9es aupr\u00e8s de fournisseurs fiables sur le march\u00e9. Tous nos produits sont largement utilis\u00e9s dans diverses industries \u00e0 des fins d&#8217;emballage et sont r\u00e9put\u00e9s pour leur durabilit\u00e9, leur finition sans soudure et leur r\u00e9sistance \u00e0 la d\u00e9chirure et \u00e0 l&#8217;usure.<\/p>\n<p>Promu par des technocrates qui ont 30 ans d&#8217;exp\u00e9rience dans ce domaine, nous fournissons avec succ\u00e8s \u00e0 nos clients des produits de haute qualit\u00e9 r\u00e9pondant exactement \u00e0 leurs besoins. Notre usine de fabrication moderne, \u00e9quip\u00e9e des derniers outils, machines et technologies, nous permet de fabriquer tous nos produits conform\u00e9ment aux sp\u00e9cifications d\u00e9finies par les clients. En outre, notre \u00e9quipe de professionnels experts travaille en \u00e9troite collaboration avec nos clients afin de mieux comprendre leurs besoins pr\u00e9cis.[\/vc_column_text][\/vc_column_inner][\/vc_row_inner][\/vc_column][\/vc_row][vc_row full_width=&#8221;stretch_row&#8221; css=&#8221;.vc_custom_1696576877956{background-image: url(https:\/\/tilakpolypack.com\/wp-content\/uploads\/2023\/09\/8515a6d64d.jpg?id=1905) !important;background-position: center !important;background-repeat: no-repeat !important;background-size: cover !important;}&#8221;][vc_column width=&#8221;1\/2&#8243;][\/vc_column][vc_column width=&#8221;1\/2&#8243;][vc_row_inner css=&#8221;.vc_custom_1531991175334{padding-top: 60px !important;padding-right: 60px !important;padding-bottom: 30px !important;padding-left: 60px !important;background-color: rgba(255,255,255,0.85) !important;*background-color: rgb(255,255,255) !important;}&#8221; ts_responsive_css=&#8221;80641299|colbreak_no|||||||||colbreak_no|||||||||colbreak_no|||||30|0|30|0||colbreak_no|||||||||&#8221;][vc_column_inner]<div class=\"ts-element-heading-wrapper ts-heading-inner ts-element-align-left ts-seperator-none \"><section class=\"ts-vc_cta3-container\"><div class=\"ts-vc_general ts-vc_cta3 ts-cta3-only ts-vc_cta3-style-classic ts-vc_cta3-shape-rounded ts-vc_cta3-align-left ts-vc_cta3-color-transparent ts-vc_cta3-icon-size-md ts-vc_cta3-actions-no ts-cta3-without-desc\"><div class=\"ts-vc_cta3_content-container\"><div class=\"ts-vc_cta3-content\"><div class=\"ts-vc_cta3-content-header ts-wrap\"><div class=\"ts-vc_cta3-headers ts-wrap-cell\"><h4 class=\"ts-custom-heading \" >Ce que nous faisons<\/h4>\n<h2 class=\"ts-custom-heading \" ><\/p>\n<h1>Fabricant de mat\u00e9riaux d'emballage<\/h1>\n<p><\/h2>\n<\/div><\/div><\/div><\/div><\/div><\/section><\/div> <!-- .ts-element-heading-wrapper container --> [vc_column_text css=&#8221;.vc_custom_1756064100027{padding-top: 0px !important;padding-bottom: 0px !important;}&#8221;]Depuis sa cr\u00e9ation, Tilak Polypack Pvt. Ltd., fabricant de mat\u00e9riaux d&#8217;emballage, n&#8217;a n\u00e9glig\u00e9 aucun d\u00e9tail pour am\u00e9liorer et identifier les besoins de ses clients issus de diff\u00e9rents secteurs industriels. La fourniture de produits d&#8217;emballage de qualit\u00e9 dans le monde entier, leur application r\u00e9ussie et la satisfaction de notre client\u00e8le constituent les piliers de notre entreprise.<\/p>\n<p>Les produits fabriqu\u00e9s par Tilak Polypack Pvt. Ltd. comprennent : films d&#8217;\u00e9tanch\u00e9it\u00e9 pour hanches, films \u00e9tirables pour machines, films de protection de surface, mat\u00e9riaux d&#8217;emballage souples, sachets lamin\u00e9s, films d&#8217;emballage pour le lait, films d&#8217;emballage pour l&#8217;eau, films r\u00e9tractables pour collationnement et bien d&#8217;autres encore.[\/vc_column_text][\/vc_column_inner][\/vc_row_inner][\/vc_column][\/vc_row][vc_row ts_bgcolor=&#8221;grey&#8221; full_width=&#8221;stretch_row&#8221; css=&#8221;.vc_custom_1697013637499{padding-top: 70px !important;padding-bottom: 70px !important;background-color: #1d3982 !important;}&#8221; el_class=&#8221;ts-two-colum-view&#8221;][vc_column width=&#8221;1\/4&#8243;]\n<div class=\"ts-fid inside ts-fid-boxstyle-without-icon ts-fidbox-style-3\">\n\t<div class=\"ts-fld-contents\">\n\t\t<h3 class=\"ts-fid-inner\">\n\t\t\t\t\t\t<span\n\t\t\t\tdata-appear-animation = \"animateDigits\"\n\t\t\t\tdata-from             = \"0\"\n\t\t\t\tdata-to               = \"90\"\n\t\t\t\tdata-interval         = \"5\"\n\t\t\t\t>\n\t\t\t\t\t90\t\t\t<\/span>\n\t\t\t<sub>+<\/sub>\t\t<\/h3>\n\t\t<h6 class=\"ts-fid-title\"><span>INSTALLATIONS<br><\/span><\/h6>\n\t<\/div><!-- .ts-fld-contents -->\n<\/div>\n\n[\/vc_column][vc_column width=&#8221;1\/4&#8243;]\n<div class=\"ts-fid inside ts-fid-boxstyle-without-icon ts-fidbox-style-3\">\n\t<div class=\"ts-fld-contents\">\n\t\t<h3 class=\"ts-fid-inner\">\n\t\t\t\t\t\t<span\n\t\t\t\tdata-appear-animation = \"animateDigits\"\n\t\t\t\tdata-from             = \"0\"\n\t\t\t\tdata-to               = \"750\"\n\t\t\t\tdata-interval         = \"5\"\n\t\t\t\t>\n\t\t\t\t\t750\t\t\t<\/span>\n\t\t\t<sub>+<\/sub>\t\t<\/h3>\n\t\t<h6 class=\"ts-fid-title\"><span>EMPLOY\u00c9S<br><\/span><\/h6>\n\t<\/div><!-- .ts-fld-contents -->\n<\/div>\n\n[\/vc_column][vc_column width=&#8221;1\/4&#8243;]\n<div class=\"ts-fid inside ts-fid-boxstyle-without-icon ts-fidbox-style-3\">\n\t<div class=\"ts-fld-contents\">\n\t\t<h3 class=\"ts-fid-inner\">\n\t\t\t\t\t\t<span\n\t\t\t\tdata-appear-animation = \"animateDigits\"\n\t\t\t\tdata-from             = \"0\"\n\t\t\t\tdata-to               = \"165\"\n\t\t\t\tdata-interval         = \"5\"\n\t\t\t\t>\n\t\t\t\t\t165\t\t\t<\/span>\n\t\t\t<sub>+<\/sub>\t\t<\/h3>\n\t\t<h6 class=\"ts-fid-title\"><span>MACHINE<br><\/span><\/h6>\n\t<\/div><!-- .ts-fld-contents -->\n<\/div>\n\n[\/vc_column][vc_column width=&#8221;1\/4&#8243;]\n<div class=\"ts-fid inside ts-fid-boxstyle-without-icon ts-fidbox-style-3\">\n\t<div class=\"ts-fld-contents\">\n\t\t<h3 class=\"ts-fid-inner\">\n\t\t\t\t\t\t<span\n\t\t\t\tdata-appear-animation = \"animateDigits\"\n\t\t\t\tdata-from             = \"0\"\n\t\t\t\tdata-to               = \"345\"\n\t\t\t\tdata-interval         = \"5\"\n\t\t\t\t>\n\t\t\t\t\t345\t\t\t<\/span>\n\t\t\t<sub>+<\/sub>\t\t<\/h3>\n\t\t<h6 class=\"ts-fid-title\"><span>PROJETS MONDIAUX<br><\/span><\/h6>\n\t<\/div><!-- .ts-fld-contents -->\n<\/div>\n\n[\/vc_column][\/vc_row][vc_row full_width=&#8221;stretch_row&#8221;][vc_column][vc_row_inner ts_responsive_css=&#8221;16851330|colbreak_no|||||||||colbreak_yes|||||||||colbreak_no||||||||||colbreak_no|||||||||&#8221;][vc_column_inner width=&#8221;1\/2&#8243; css=&#8221;.vc_custom_1697028102916{padding-top: 18px !important;padding-right: 0px !important;padding-left: 0px !important;}&#8221;]<div class=\"ts-single-image-wrapper \"><div class=\"ts-single-image-img-w ts_align_left\"><img decoding=\"async\" src=\"https:\/\/tilakpolypack.com\/wp-content\/uploads\/2020\/02\/lidding-film.jpg\" class=\"ts-single-image-img\" alt=\"\" \/><\/div><\/div>[\/vc_column_inner][vc_column_inner width=&#8221;1\/2&#8243; css=&#8221;.vc_custom_1696573480407{padding-top: 50px !important;padding-left: 50px !important;}&#8221; ts_responsive_css=&#8221;83777515|colbreak_no|||||||||colbreak_no|||||20|20||20|colbreak_no||||||||||colbreak_no|||||||||&#8221;]<div class=\"ts-element-heading-wrapper ts-heading-inner ts-element-align-left ts-seperator-none \"><section class=\"ts-vc_cta3-container\"><div class=\"ts-vc_general ts-vc_cta3 ts-cta3-only ts-vc_cta3-style-classic ts-vc_cta3-shape-rounded ts-vc_cta3-align-left ts-vc_cta3-color-transparent ts-vc_cta3-icon-size-md ts-vc_cta3-actions-no ts-cta3-without-desc\"><div class=\"ts-vc_cta3_content-container\"><div class=\"ts-vc_cta3-content\"><div class=\"ts-vc_cta3-content-header ts-wrap\"><div class=\"ts-vc_cta3-headers ts-wrap-cell\"><h2 style=\"font-size:36px;line-height:46px;\" class=\"ts-custom-heading \" ><\/p>\n<h1>Mat\u00e9riaux d'emballage de qualit\u00e9 alimentaire<\/h1>\n<p><\/h2>\n<\/div><\/div><\/div><\/div><\/div><\/section><\/div> <!-- .ts-element-heading-wrapper container --> [vc_column_text]Tous les mat\u00e9riaux d&#8217;emballage que nous fabriquons sont soumis \u00e0 des tests de qualit\u00e9 et sont fabriqu\u00e9s \u00e0 partir de mati\u00e8res premi\u00e8res de qualit\u00e9 sup\u00e9rieure. Une fois fabriqu\u00e9s, ils sont \u00e9tiquet\u00e9s comme \u00e9tant de qualit\u00e9 alimentaire.<\/p>\n<p>En tant que l&#8217;un des principaux fournisseurs de produits d&#8217;emballage en Inde et dans le monde entier, Tilak Polypack Pvt. Ltd. s&#8217;assure de ne fournir que le meilleur \u00e0 ses clients gr\u00e2ce \u00e0 une ing\u00e9nierie de pointe et \u00e0 une \u00e9quipe d&#8217;experts qualifi\u00e9s.[\/vc_column_text][\/vc_column_inner][\/vc_row_inner][vc_row_inner ts_bgcolor=&#8221;skincolor&#8221; equal_height=&#8221;yes&#8221; ts_responsive_css=&#8221;67104211|colbreak_no|||||||||colbreak_yes|||||||||colbreak_no||||||||||colbreak_no|||||||||&#8221;][vc_column_inner width=&#8221;1\/2&#8243; css=&#8221;.vc_custom_1531890391922{padding-top: 60px !important;padding-right: 60px !important;padding-left: 45px !important;}&#8221; ts_responsive_css=&#8221;91393759|colbreak_no|||||||||colbreak_no|||||20|20||20|colbreak_no||||||||||colbreak_no|||||||||&#8221;]<div class=\"ts-element-heading-wrapper ts-heading-inner ts-element-align-left ts-seperator-none \"><section class=\"ts-vc_cta3-container\"><div class=\"ts-vc_general ts-vc_cta3 ts-cta3-only ts-vc_cta3-style-classic ts-vc_cta3-shape-rounded ts-vc_cta3-align-left ts-vc_cta3-color-transparent ts-vc_cta3-icon-size-md ts-vc_cta3-actions-no ts-cta3-with-desc\"><div class=\"ts-vc_cta3_content-container\"><div class=\"ts-vc_cta3-content\"><div class=\"ts-vc_cta3-content-header ts-wrap\"><div class=\"ts-vc_cta3-headers ts-wrap-cell\"><h2 style=\"font-size:30px;line-height:40px;font-family:'Oswald',Arial,Helvetica;font-weight:500;\" class=\"ts-custom-heading \" >Emballage alimentaire en Inde<\/h2>\n<\/div><\/div><div class=\"ts-cta3-content-wrapper\"><p>Nous fournissons des mat\u00e9riaux d&#8217;emballage alimentaire conform\u00e9ment \u00e0 la demande de nos clients en Inde et dans le monde entier. Nous personnalisons les produits d&#8217;emballage selon les sp\u00e9cifications fournies par nos clients afin de leur garantir une satisfaction maximale.<\/p>\n<p>Gr\u00e2ce aux derni\u00e8res technologies, nous garantissons que la qualit\u00e9 de nos produits d&#8217;emballage n&#8217;est jamais compromise lors de leur fabrication. Nous proposons une multitude de mod\u00e8les exclusifs parmi lesquels nos clients peuvent choisir celui qui correspond le mieux \u00e0 leurs besoins. Nos mat\u00e9riaux d&#8217;emballage pr\u00e9sentent des caract\u00e9ristiques telles que la prise en charge du scellage \u00e0 barri\u00e8res multiples, qui garantit une bonne \u00e9tanch\u00e9it\u00e9 et permet de conserver la fra\u00eecheur des aliments plus longtemps. Nous proposons \u00e9galement des mat\u00e9riaux d&#8217;emballage imprim\u00e9s sur lesquels peuvent figurer le logo, les couleurs et les motifs de votre entreprise.<\/p>\n<p>Les mat\u00e9riaux d&#8217;emballage que nous utilisons sont de qualit\u00e9 sup\u00e9rieure, car nous n&#8217;utilisons que les meilleurs mat\u00e9riaux d&#8217;emballage alimentaire disponibles en Inde.<\/p><\/div><\/div><\/div><\/div><\/section><\/div> <!-- .ts-element-heading-wrapper container --> [\/vc_column_inner][vc_column_inner width=&#8221;1\/2&#8243; css=&#8221;.vc_custom_1531890348498{padding-right: 0px !important;padding-left: 0px !important;}&#8221; ts_responsive_css=&#8221;64046217|colbreak_no|||||||||colbreak_no|||||||||colbreak_no||||||||||colbreak_no|||||||||&#8221;]<div class=\"ts-single-image-wrapper Img-1\"><div class=\"ts-single-image-img-w ts_align_left\"><img decoding=\"async\" src=\"https:\/\/tilakpolypack.com\/wp-content\/uploads\/2023\/10\/product-4.png\" class=\"ts-single-image-img\" alt=\"\" \/><\/div><\/div>[\/vc_column_inner][\/vc_row_inner][vc_row_inner css=&#8221;.vc_custom_1696575319168{background-image: url(https:\/\/tilakpolypack.com\/wp-content\/uploads\/2023\/10\/product-bg.png?id=2001) !important;}&#8221;][vc_column_inner width=&#8221;1\/2&#8243; css=&#8221;.vc_custom_1696576349065{padding-right: 0px !important;padding-left: 0px !important;}&#8221;]<div class=\"ts-single-image-wrapper \"><div class=\"ts-single-image-img-w ts_align_right\"><img decoding=\"async\" src=\"https:\/\/tilakpolypack.com\/wp-content\/uploads\/2023\/09\/87fda29b15.jpg\" class=\"ts-single-image-img\" alt=\"\" \/><\/div><\/div>[\/vc_column_inner][vc_column_inner width=&#8221;1\/2&#8243; css=&#8221;.vc_custom_1696576414745{padding-top: 50px !important;padding-left: 50px !important;}&#8221;][vc_column_text]<\/p>\n<h1>Mat\u00e9riaux d&#8217;emballage Inde<\/h1>\n<p>[\/vc_column_text][vc_column_text]L&#8217;Inde est un pays id\u00e9al pour les fabricants de mat\u00e9riaux d&#8217;emballage. Tilak Polypack Pvt. Ltd. est le fer de lance de l&#8217;industrie de l&#8217;emballage dans ce pays, fournissant d&#8217;excellentes solutions d&#8217;emballage adapt\u00e9es aux divers besoins de l&#8217;industrie.<\/p>\n<p>Apr\u00e8s avoir pris de l&#8217;ampleur dans l&#8217;industrie de l&#8217;emballage, Tilak Polypack a introduit de nouvelles id\u00e9es et strat\u00e9gies visant \u00e0 faciliter et \u00e0 s\u00e9curiser l&#8217;emballage dans les secteurs alimentaire, pharmaceutique et bien d&#8217;autres encore.[\/vc_column_text][\/vc_column_inner][\/vc_row_inner][\/vc_column][\/vc_row][vc_row gap=&#8221;30&#8243; post_type=&#8221;ids&#8221; max_items=&#8221;10&#8243; style=&#8221;all&#8221; items_per_page=&#8221;10&#8243; show_filter=&#8221;&#8221; element_width=&#8221;3&#8243; orderby=&#8221;date&#8221; order=&#8221;DESC&#8221; filter_style=&#8221;default&#8221; filter_default_title=&#8221;All&#8221; filter_align=&#8221;center&#8221; filter_color=&#8221;grey&#8221; filter_size=&#8221;md&#8221; arrows_design=&#8221;none&#8221; arrows_position=&#8221;inside&#8221; arrows_color=&#8221;blue&#8221; paging_design=&#8221;radio_dots&#8221; paging_color=&#8221;grey&#8221; loop=&#8221;&#8221; autoplay=&#8221;-1&#8243; item=&#8221;8715&#8243; initial_loading_animation=&#8221;fadeIn&#8221; button_style=&#8221;&#8221; button_color=&#8221;&#8221; button_size=&#8221;&#8221; btn_title=&#8221;Load more&#8221; btn_style=&#8221;flat&#8221; btn_gradient_color_1=&#8221;turquoise&#8221; btn_gradient_color_2=&#8221;blue&#8221; btn_gradient_custom_color_1=&#8221;#dd3333&#8243; btn_gradient_custom_color_2=&#8221;#eeee22&#8243; btn_gradient_text_color=&#8221;#ffffff&#8221; btn_custom_background=&#8221;#ededed&#8221; btn_custom_text=&#8221;#666&#8243; btn_outline_custom_color=&#8221;#666&#8243; btn_outline_custom_hover_background=&#8221;#666&#8243; btn_outline_custom_hover_text=&#8221;#fff&#8221; btn_shape=&#8221;rounded&#8221; btn_color=&#8221;blue&#8221; btn_size=&#8221;md&#8221; btn_align=&#8221;inline&#8221; btn_button_block=&#8221;&#8221; btn_add_icon=&#8221;&#8221; btn_i_align=&#8221;left&#8221; btn_i_type=&#8221;fontawesome&#8221; btn_i_icon_fontawesome=&#8221;fas fa-adjust&#8221; btn_i_icon_openiconic=&#8221;vc-oi vc-oi-dial&#8221; btn_i_icon_typicons=&#8221;typcn typcn-adjust-brightness&#8221; btn_i_icon_entypo=&#8221;entypo-icon entypo-icon-note&#8221; btn_i_icon_linecons=&#8221;vc_li vc_li-heart&#8221; btn_i_icon_monosocial=&#8221;vc-mono vc-mono-fivehundredpx&#8221; btn_i_icon_material=&#8221;vc-material vc-material-cake&#8221; btn_i_icon_pixelicons=&#8221;vc_pixel_icon vc_pixel_icon-alert&#8221; btn_custom_onclick=&#8221;&#8221; grid_id=&#8221;vc_gid:1697010165681-fadb3c4b-ed2b-9&#8243; include=&#8221;7292, 7288, 7296, 7269, 64, 65, 7402, 8838&#8243; custom_query=&#8221;&#8221; taxonomies=&#8221;&#8221; meta_key=&#8221;&#8221; offset=&#8221;&#8221; exclude=&#8221;&#8221; filter_source=&#8221;category&#8221; exclude_filter=&#8221;&#8221; paging_animation_in=&#8221;&#8221; paging_animation_out=&#8221;&#8221; btn_el_id=&#8221;&#8221; btn_custom_onclick_code=&#8221;&#8221;][vc_column][vc_basic_grid post_type=&#8221;ids&#8221; element_width=&#8221;3&#8243; item=&#8221;8715&#8243; grid_id=&#8221;vc_gid:1756064035424-bee2edc1-0f2e-0&#8243; include=&#8221;7292, 7288, 7296, 7269, 64, 65, 7402, 8838&#8243;][\/vc_column][\/vc_row]<\/p>\n<\/section>","protected":false},"excerpt":{"rendered":"<p>[vc_row full_width=&#8221;stretch_row&#8221; css=&#8221;.vc_custom_1696573165863{background-image: url(https:\/\/tilakpolypack.com\/wp-content\/uploads\/2023\/10\/product-bg.png?id=2001) !important;}&#8221;][vc_column][vc_row_inner][vc_column_inner][vc_column_text] Films multicouches [\/vc_column_text][vc_separator][\/vc_column_inner][\/vc_row_inner][vc_row_inner][vc_column_inner][vc_column_text css=&#8221;.vc_custom_1756064076030{padding-top: 0px !important;padding-bottom: 0px !important;}&#8221;]Fond\u00e9e en 1995, notre soci\u00e9t\u00e9 \u00ab Tilak Polypack Private Limited \u00bb est l&#8217;une des principales entreprises sp\u00e9cialis\u00e9es dans la fabrication, la fourniture et l&#8217;exportation d&#8217;une large gamme de films multicouches et de lamin\u00e9s flexibles en rouleaux et en sachets. Notre gamme comprend des &hellip; <a href=\"https:\/\/tilakpolypack.com\/fr\/produits\/\" class=\"more-link\">Continue reading <span class=\"screen-reader-text\">Produits<\/span><\/a><\/p>\n","protected":false},"author":1,"featured_media":0,"parent":0,"menu_order":17,"comment_status":"closed","ping_status":"closed","template":"","meta":{"_acf_changed":false,"om_disable_all_campaigns":false,"_monsterinsights_skip_tracking":false,"_monsterinsights_sitenote_active":false,"_monsterinsights_sitenote_note":"","_monsterinsights_sitenote_category":0,"_uf_show_specific_survey":0,"_uf_disable_surveys":false,"footnotes":""},"class_list":["post-6157","page","type-page","status-publish","hentry"],"acf":[],"_links":{"self":[{"href":"https:\/\/tilakpolypack.com\/fr\/wp-json\/wp\/v2\/pages\/6157","targetHints":{"allow":["GET"]}}],"collection":[{"href":"https:\/\/tilakpolypack.com\/fr\/wp-json\/wp\/v2\/pages"}],"about":[{"href":"https:\/\/tilakpolypack.com\/fr\/wp-json\/wp\/v2\/types\/page"}],"author":[{"embeddable":true,"href":"https:\/\/tilakpolypack.com\/fr\/wp-json\/wp\/v2\/users\/1"}],"replies":[{"embeddable":true,"href":"https:\/\/tilakpolypack.com\/fr\/wp-json\/wp\/v2\/comments?post=6157"}],"version-history":[{"count":2,"href":"https:\/\/tilakpolypack.com\/fr\/wp-json\/wp\/v2\/pages\/6157\/revisions"}],"predecessor-version":[{"id":10589,"href":"https:\/\/tilakpolypack.com\/fr\/wp-json\/wp\/v2\/pages\/6157\/revisions\/10589"}],"wp:attachment":[{"href":"https:\/\/tilakpolypack.com\/fr\/wp-json\/wp\/v2\/media?parent=6157"}],"curies":[{"name":"wp","href":"https:\/\/api.w.org\/{rel}","templated":true}]}}