{"id":1181,"date":"2019-11-04T11:28:54","date_gmt":"2019-11-04T11:28:54","guid":{"rendered":"https:\/\/tilakpolypack.com\/?page_id=1181"},"modified":"2025-08-24T18:18:05","modified_gmt":"2025-08-24T18:18:05","slug":"privacy-policy","status":"publish","type":"page","link":"https:\/\/tilakpolypack.com\/fr\/privacy-policy\/","title":{"rendered":"Politique de confidentialit\u00e9"},"content":{"rendered":"<section class=\"wpb-content-wrapper\"><p>[vc_row][vc_column][vc_column_text]<\/p>\n<h2>Politique de confidentialit\u00e9 de Tilak Polypack Pvt. Ltd.<\/h2>\n<p>&nbsp;<\/p>\n<p><span class=\"highlight preview_company_name\">Tilak Polypack Pvt. Ltd.<\/span>\u00a0exploite le site web\u00a0<span class=\"highlight preview_website_name\">tilakpolypack<\/span>\u00a0qui fournit le SERVICE.<\/p>\n<p>Cette page sert \u00e0 informer les visiteurs du site Web de nos politiques en mati\u00e8re de collecte, d&#8217;utilisation et de divulgation des informations personnelles si quelqu&#8217;un d\u00e9cide d&#8217;utiliser notre service, le site Web <span class=\"highlight preview_website_name\">tilakpolypack<\/span>.<\/p>\n<p>Si vous choisissez d&#8217;utiliser notre Service, vous acceptez la collecte et l&#8217;utilisation des informations conform\u00e9ment \u00e0 la pr\u00e9sente politique. Les informations personnelles que nous collectons sont utilis\u00e9es pour fournir et am\u00e9liorer le Service. Nous n&#8217;utiliserons ni ne partagerons vos informations avec quiconque, sauf dans les cas d\u00e9crits dans la pr\u00e9sente Politique de confidentialit\u00e9.<\/p>\n<p>Les termes utilis\u00e9s dans la pr\u00e9sente politique de confidentialit\u00e9 ont la m\u00eame signification que dans nos conditions g\u00e9n\u00e9rales, accessibles \u00e0 l&#8217;adresse <span class=\"highlight preview_website_url\">https:\/\/tilakpolypack.com<\/span>, sauf indication contraire dans la pr\u00e9sente politique de confidentialit\u00e9.<\/p>\n<h1>Collecte et utilisation des informations<\/h1>\n<p>Afin d&#8217;am\u00e9liorer votre exp\u00e9rience lors de l&#8217;utilisation de notre Service, nous pouvons vous demander de nous fournir certaines informations personnelles identifiables, notamment votre nom, votre num\u00e9ro de t\u00e9l\u00e9phone et votre adresse postale. Les informations que nous recueillons seront utilis\u00e9es pour vous contacter ou vous identifier.<\/p>\n<h1>Donn\u00e9es de connexion<\/h1>\n<p>Nous tenons \u00e0 vous informer que chaque fois que vous visitez notre Service, nous recueillons les informations que votre navigateur nous envoie, appel\u00e9es \u00ab donn\u00e9es de connexion \u00bb. Ces donn\u00e9es de connexion peuvent inclure des informations telles que l&#8217;adresse IP (Internet Protocol) de votre ordinateur, la version de votre navigateur, les pages de notre Service que vous visitez, l&#8217;heure et la date de votre visite, le temps pass\u00e9 sur ces pages et d&#8217;autres statistiques.<\/p>\n<h1>Cookies<\/h1>\n<p>Les cookies sont des fichiers contenant une petite quantit\u00e9 de donn\u00e9es qui sont g\u00e9n\u00e9ralement utilis\u00e9s comme identifiant unique anonyme. Ils sont envoy\u00e9s \u00e0 votre navigateur depuis le site web que vous visitez et sont stock\u00e9s sur le disque dur de votre ordinateur.<\/p>\n<p>Notre site Web utilise ces \u00ab cookies \u00bb pour collecter des informations et am\u00e9liorer notre service. Vous avez la possibilit\u00e9 d&#8217;accepter ou de refuser ces cookies, et de savoir quand un cookie est envoy\u00e9 \u00e0 votre ordinateur. Si vous choisissez de refuser nos cookies, vous ne pourrez peut-\u00eatre pas utiliser certaines parties de notre service.<\/p>\n<h1>Prestataires de services<\/h1>\n<p>Nous pouvons faire appel \u00e0 des soci\u00e9t\u00e9s tierces et \u00e0 des particuliers pour les raisons suivantes :<\/p>\n<ul>\n<li>Pour faciliter notre service ;<\/li>\n<li>Pour fournir le Service en notre nom ;<\/li>\n<li>Pour fournir des services li\u00e9s au Service ; ou<\/li>\n<li>Pour nous aider \u00e0 analyser comment notre Service est utilis\u00e9.<\/li>\n<\/ul>\n<p>Nous tenons \u00e0 informer les utilisateurs de notre service que ces tiers ont acc\u00e8s \u00e0 vos informations personnelles. Cela leur permet d&#8217;accomplir les t\u00e2ches qui leur sont confi\u00e9es en notre nom. Cependant, ils sont tenus de ne pas divulguer ni utiliser ces informations \u00e0 d&#8217;autres fins.<\/p>\n<h1>S\u00e9curit\u00e9<\/h1>\n<p>Nous appr\u00e9cions la confiance que vous nous accordez en nous fournissant vos informations personnelles, c&#8217;est pourquoi nous nous effor\u00e7ons d&#8217;utiliser des moyens commercialement acceptables pour les prot\u00e9ger. Cependant, n&#8217;oubliez pas qu&#8217;aucune m\u00e9thode de transmission sur Internet ou de stockage \u00e9lectronique n&#8217;est s\u00fbre et fiable \u00e0 100 %, et nous ne pouvons garantir leur s\u00e9curit\u00e9 absolue.<\/p>\n<h3>Liens vers d&#8217;autres sites<\/h3>\n<p>Notre service peut contenir des liens vers d&#8217;autres sites. Si vous cliquez sur un lien tiers, vous serez redirig\u00e9 vers ce site. Veuillez noter que ces sites externes ne sont pas g\u00e9r\u00e9s par nous. Par cons\u00e9quent, nous vous recommandons vivement de consulter la politique de confidentialit\u00e9 de ces sites web. Nous n&#8217;avons aucun contr\u00f4le et n&#8217;assumons aucune responsabilit\u00e9 quant au contenu, aux politiques de confidentialit\u00e9 ou aux pratiques des sites ou services tiers.<\/p>\n<p>Confidentialit\u00e9 des enfants<\/p>\n<p>Nos services ne s&#8217;adressent pas aux personnes \u00e2g\u00e9es de moins de 13 ans. Nous ne collectons pas sciemment d&#8217;informations personnelles identifiables aupr\u00e8s d&#8217;enfants de moins de 13 ans. Si nous d\u00e9couvrons qu&#8217;un enfant de moins de 13 ans nous a fourni des informations personnelles, nous les supprimons imm\u00e9diatement de nos serveurs. Si vous \u00eates un parent ou un tuteur et que vous savez que votre enfant nous a fourni des informations personnelles, veuillez nous contacter afin que nous puissions prendre les mesures n\u00e9cessaires.<\/p>\n<h1>Modifications apport\u00e9es \u00e0 la pr\u00e9sente politique de confidentialit\u00e9<\/h1>\n<p>Nous pouvons mettre \u00e0 jour notre politique de confidentialit\u00e9 de temps \u00e0 autre. Nous vous conseillons donc de consulter r\u00e9guli\u00e8rement cette page pour prendre connaissance des \u00e9ventuelles modifications. Nous vous informerons de toute modification en publiant la nouvelle politique de confidentialit\u00e9 sur cette page. Ces modifications entrent en vigueur imm\u00e9diatement apr\u00e8s leur publication sur cette page.<\/p>\n<h1>Contactez-nous<\/h1>\n<p>Si vous avez des questions ou des suggestions concernant notre politique de confidentialit\u00e9, n&#8217;h\u00e9sitez pas \u00e0 nous contacter.[\/vc_column_text][\/vc_column][\/vc_row]<\/p>\n<\/section>","protected":false},"excerpt":{"rendered":"<p>[vc_row][vc_column][vc_column_text] Politique de confidentialit\u00e9 de Tilak Polypack Pvt. Ltd. &nbsp; Tilak Polypack Pvt. Ltd.\u00a0exploite le site web\u00a0tilakpolypack\u00a0qui fournit le SERVICE. Cette page sert \u00e0 informer les visiteurs du site Web de nos politiques en mati\u00e8re de collecte, d&#8217;utilisation et de divulgation des informations personnelles si quelqu&#8217;un d\u00e9cide d&#8217;utiliser notre service, le site Web tilakpolypack. Si &hellip; <a href=\"https:\/\/tilakpolypack.com\/fr\/privacy-policy\/\" class=\"more-link\">Continue reading <span class=\"screen-reader-text\">Politique de confidentialit\u00e9<\/span><\/a><\/p>\n","protected":false},"author":1,"featured_media":0,"parent":0,"menu_order":0,"comment_status":"closed","ping_status":"closed","template":"","meta":{"_acf_changed":false,"om_disable_all_campaigns":false,"_monsterinsights_skip_tracking":false,"_monsterinsights_sitenote_active":false,"_monsterinsights_sitenote_note":"","_monsterinsights_sitenote_category":0,"_uf_show_specific_survey":0,"_uf_disable_surveys":false,"footnotes":""},"class_list":["post-1181","page","type-page","status-publish","hentry"],"acf":[],"_links":{"self":[{"href":"https:\/\/tilakpolypack.com\/fr\/wp-json\/wp\/v2\/pages\/1181","targetHints":{"allow":["GET"]}}],"collection":[{"href":"https:\/\/tilakpolypack.com\/fr\/wp-json\/wp\/v2\/pages"}],"about":[{"href":"https:\/\/tilakpolypack.com\/fr\/wp-json\/wp\/v2\/types\/page"}],"author":[{"embeddable":true,"href":"https:\/\/tilakpolypack.com\/fr\/wp-json\/wp\/v2\/users\/1"}],"replies":[{"embeddable":true,"href":"https:\/\/tilakpolypack.com\/fr\/wp-json\/wp\/v2\/comments?post=1181"}],"version-history":[{"count":3,"href":"https:\/\/tilakpolypack.com\/fr\/wp-json\/wp\/v2\/pages\/1181\/revisions"}],"predecessor-version":[{"id":10559,"href":"https:\/\/tilakpolypack.com\/fr\/wp-json\/wp\/v2\/pages\/1181\/revisions\/10559"}],"wp:attachment":[{"href":"https:\/\/tilakpolypack.com\/fr\/wp-json\/wp\/v2\/media?parent=1181"}],"curies":[{"name":"wp","href":"https:\/\/api.w.org\/{rel}","templated":true}]}}