{"id":9088,"date":"2023-10-11T12:27:47","date_gmt":"2023-10-11T12:27:47","guid":{"rendered":"https:\/\/archiveyourwords.com\/tilak\/?page_id=9088"},"modified":"2025-08-26T06:11:07","modified_gmt":"2025-08-26T06:11:07","slug":"nachhaltige-stretchfolie","status":"publish","type":"page","link":"https:\/\/tilakpolypack.com\/de\/nachhaltige-stretchfolie\/","title":{"rendered":"Nachhaltige Stretchfolie"},"content":{"rendered":"<section class=\"wpb-content-wrapper\"><p>[vc_row][vc_column][vc_column_text css=&#8221;.vc_custom_1756188645268{padding-right: 15px !important;padding-left: 15px !important;}&#8221;]<\/p>\n<h1 class=\"entry-title\">NACHHALTIGE STRETCHFOLIE<\/h1>\n<p>&nbsp;<\/p>\n<p>F\u00fcr Unternehmen, die in umweltfreundliche Verpackungsl\u00f6sungen investieren m\u00f6chten, ist unsere nachhaltige Stretchfolie eine hervorragende Wahl. Unsere Stretchfolien sind in verschiedenen St\u00e4rken erh\u00e4ltlich und eignen sich f\u00fcr jede Anwendung. Die Folien sind ideal f\u00fcr den sicheren Transport Ihrer Produkte.<\/p>\n<p>Unsere Stretchfolien bieten einen hervorragenden Schutz f\u00fcr Ihre Produkte und sorgen daf\u00fcr, dass diese w\u00e4hrend des Transports und der Lagerung sicher aufbewahrt werden. Unsere Stretchfolie h\u00e4lt die Ladung auch unter extremen Bedingungen sicher an ihrem Platz. Au\u00dferdem bildet sie eine Barriere gegen Staub, Schmutz, Feuchtigkeit und andere Verunreinigungen und tr\u00e4gt so dazu bei, dass Ihre Produkte w\u00e4hrend des Transports frisch und sicher bleiben.<\/p>\n<p>Bei Tilak Polypack haben wir uns dazu verpflichtet, Produkte anzubieten, die unter Ber\u00fccksichtigung der Umwelt hergestellt werden. Unsere nachhaltigen Stretchfolien sind so konzipiert, dass sie recycelt und wiederverwendet werden k\u00f6nnen, wodurch Unternehmen ihren CO2-Fu\u00dfabdruck reduzieren und umweltbewusster handeln k\u00f6nnen. Wir bieten auch eine Vielzahl nachhaltiger Verpackungsl\u00f6sungen an, wie biologisch abbaubare Folien, recycelte Stretchfolien und oxo-abbaubare Stretchfolien f\u00fcr Unternehmen, die nach alternativen Optionen suchen.<\/p>\n<p>Entscheiden Sie sich f\u00fcr die nachhaltige Stretchfolie von Tilak Polypack, wenn Sie eine einfache und zuverl\u00e4ssige Verpackungsl\u00f6sung suchen, die umweltfreundlich und kosteng\u00fcnstig ist. Sie k\u00f6nnen sicher sein, dass Sie in ein Produkt investieren, das nicht nur unter Ber\u00fccksichtigung der Umwelt hergestellt wurde, sondern auch einen hervorragenden Schutz f\u00fcr Ihre Produkte w\u00e4hrend des Transports bietet.[\/vc_column_text][\/vc_column][\/vc_row][vc_row][vc_column][vc_separator border_width=&#8221;2&#8243;][vc_basic_grid post_type=&#8221;ids&#8221; gap=&#8221;25&#8243; item=&#8221;8470&#8243; grid_id=&#8221;vc_gid:1756127757248-acdac958-6007-6&#8243; include=&#8221;9008, 8800, 9012, 9014&#8243;][\/vc_column][\/vc_row]<\/p>\n<\/section>","protected":false},"excerpt":{"rendered":"<p>[vc_row][vc_column][vc_column_text css=&#8221;.vc_custom_1756188645268{padding-right: 15px !important;padding-left: 15px !important;}&#8221;] NACHHALTIGE STRETCHFOLIE &nbsp; F\u00fcr Unternehmen, die in umweltfreundliche Verpackungsl\u00f6sungen investieren m\u00f6chten, ist unsere nachhaltige Stretchfolie eine hervorragende Wahl. Unsere Stretchfolien sind in verschiedenen St\u00e4rken erh\u00e4ltlich und eignen sich f\u00fcr jede Anwendung. Die Folien sind ideal f\u00fcr den sicheren Transport Ihrer Produkte. Unsere Stretchfolien bieten einen hervorragenden Schutz f\u00fcr Ihre &hellip; <a href=\"https:\/\/tilakpolypack.com\/de\/nachhaltige-stretchfolie\/\" class=\"more-link\">Continue reading <span class=\"screen-reader-text\">Nachhaltige Stretchfolie<\/span><\/a><\/p>\n","protected":false},"author":1,"featured_media":0,"parent":0,"menu_order":0,"comment_status":"closed","ping_status":"closed","template":"","meta":{"_acf_changed":false,"om_disable_all_campaigns":false,"_monsterinsights_skip_tracking":false,"_monsterinsights_sitenote_active":false,"_monsterinsights_sitenote_note":"","_monsterinsights_sitenote_category":0,"_uf_show_specific_survey":0,"_uf_disable_surveys":false,"footnotes":""},"class_list":["post-9088","page","type-page","status-publish","hentry"],"acf":[],"yoast_head":"<!-- This site is optimized with the Yoast SEO plugin v22.3 - https:\/\/yoast.com\/wordpress\/plugins\/seo\/ -->\n<title>Nachhaltige Stretchfolie - Tilak Polypack<\/title>\n<meta name=\"robots\" content=\"index, follow, max-snippet:-1, max-image-preview:large, max-video-preview:-1\" \/>\n<link rel=\"canonical\" href=\"https:\/\/tilakpolypack.com\/de\/nachhaltige-stretchfolie\/\" \/>\n<meta property=\"og:locale\" content=\"en_US\" \/>\n<meta property=\"og:type\" content=\"article\" \/>\n<meta property=\"og:title\" content=\"Nachhaltige Stretchfolie - Tilak Polypack\" \/>\n<meta property=\"og:description\" content=\"[vc_row][vc_column][vc_column_text css=&#8221;.vc_custom_1756188645268{padding-right: 15px !important;padding-left: 15px !important;}&#8221;] NACHHALTIGE STRETCHFOLIE &nbsp; F\u00fcr Unternehmen, die in umweltfreundliche Verpackungsl\u00f6sungen investieren m\u00f6chten, ist unsere nachhaltige Stretchfolie eine hervorragende Wahl. Unsere Stretchfolien sind in verschiedenen St\u00e4rken erh\u00e4ltlich und eignen sich f\u00fcr jede Anwendung. Die Folien sind ideal f\u00fcr den sicheren Transport Ihrer Produkte. Unsere Stretchfolien bieten einen hervorragenden Schutz f\u00fcr Ihre &hellip; Continue reading Nachhaltige Stretchfolie\" \/>\n<meta property=\"og:url\" content=\"https:\/\/tilakpolypack.com\/de\/nachhaltige-stretchfolie\/\" \/>\n<meta property=\"og:site_name\" content=\"Tilak Polypack\" \/>\n<meta property=\"article:modified_time\" content=\"2025-08-26T06:11:07+00:00\" \/>\n<meta name=\"twitter:card\" content=\"summary_large_image\" \/>\n<meta name=\"twitter:label1\" content=\"Est. reading time\" \/>\n\t<meta name=\"twitter:data1\" content=\"2 minutes\" \/>\n<script type=\"application\/ld+json\" class=\"yoast-schema-graph\">{\"@context\":\"https:\/\/schema.org\",\"@graph\":[{\"@type\":\"WebPage\",\"@id\":\"https:\/\/tilakpolypack.com\/de\/nachhaltige-stretchfolie\/\",\"url\":\"https:\/\/tilakpolypack.com\/de\/nachhaltige-stretchfolie\/\",\"name\":\"Nachhaltige Stretchfolie - Tilak Polypack\",\"isPartOf\":{\"@id\":\"https:\/\/tilakpolypack.com\/de\/#website\"},\"datePublished\":\"2023-10-11T12:27:47+00:00\",\"dateModified\":\"2025-08-26T06:11:07+00:00\",\"inLanguage\":\"en-US\",\"potentialAction\":[{\"@type\":\"ReadAction\",\"target\":[\"https:\/\/tilakpolypack.com\/de\/nachhaltige-stretchfolie\/\"]}]},{\"@type\":\"WebSite\",\"@id\":\"https:\/\/tilakpolypack.com\/de\/#website\",\"url\":\"https:\/\/tilakpolypack.com\/de\/\",\"name\":\"Tilak Polypack\",\"description\":\"\",\"potentialAction\":[{\"@type\":\"SearchAction\",\"target\":{\"@type\":\"EntryPoint\",\"urlTemplate\":\"https:\/\/tilakpolypack.com\/de\/?s={search_term_string}\"},\"query-input\":\"required name=search_term_string\"}],\"inLanguage\":\"en-US\"}]}<\/script>\n<!-- \/ Yoast SEO plugin. -->","yoast_head_json":{"title":"Nachhaltige Stretchfolie - Tilak Polypack","robots":{"index":"index","follow":"follow","max-snippet":"max-snippet:-1","max-image-preview":"max-image-preview:large","max-video-preview":"max-video-preview:-1"},"canonical":"https:\/\/tilakpolypack.com\/de\/nachhaltige-stretchfolie\/","og_locale":"en_US","og_type":"article","og_title":"Nachhaltige Stretchfolie - Tilak Polypack","og_description":"[vc_row][vc_column][vc_column_text css=&#8221;.vc_custom_1756188645268{padding-right: 15px !important;padding-left: 15px !important;}&#8221;] NACHHALTIGE STRETCHFOLIE &nbsp; F\u00fcr Unternehmen, die in umweltfreundliche Verpackungsl\u00f6sungen investieren m\u00f6chten, ist unsere nachhaltige Stretchfolie eine hervorragende Wahl. Unsere Stretchfolien sind in verschiedenen St\u00e4rken erh\u00e4ltlich und eignen sich f\u00fcr jede Anwendung. Die Folien sind ideal f\u00fcr den sicheren Transport Ihrer Produkte. Unsere Stretchfolien bieten einen hervorragenden Schutz f\u00fcr Ihre &hellip; Continue reading Nachhaltige Stretchfolie","og_url":"https:\/\/tilakpolypack.com\/de\/nachhaltige-stretchfolie\/","og_site_name":"Tilak Polypack","article_modified_time":"2025-08-26T06:11:07+00:00","twitter_card":"summary_large_image","twitter_misc":{"Est. reading time":"2 minutes"},"schema":{"@context":"https:\/\/schema.org","@graph":[{"@type":"WebPage","@id":"https:\/\/tilakpolypack.com\/de\/nachhaltige-stretchfolie\/","url":"https:\/\/tilakpolypack.com\/de\/nachhaltige-stretchfolie\/","name":"Nachhaltige Stretchfolie - Tilak Polypack","isPartOf":{"@id":"https:\/\/tilakpolypack.com\/de\/#website"},"datePublished":"2023-10-11T12:27:47+00:00","dateModified":"2025-08-26T06:11:07+00:00","inLanguage":"en-US","potentialAction":[{"@type":"ReadAction","target":["https:\/\/tilakpolypack.com\/de\/nachhaltige-stretchfolie\/"]}]},{"@type":"WebSite","@id":"https:\/\/tilakpolypack.com\/de\/#website","url":"https:\/\/tilakpolypack.com\/de\/","name":"Tilak Polypack","description":"","potentialAction":[{"@type":"SearchAction","target":{"@type":"EntryPoint","urlTemplate":"https:\/\/tilakpolypack.com\/de\/?s={search_term_string}"},"query-input":"required name=search_term_string"}],"inLanguage":"en-US"}]}},"_links":{"self":[{"href":"https:\/\/tilakpolypack.com\/de\/wp-json\/wp\/v2\/pages\/9088","targetHints":{"allow":["GET"]}}],"collection":[{"href":"https:\/\/tilakpolypack.com\/de\/wp-json\/wp\/v2\/pages"}],"about":[{"href":"https:\/\/tilakpolypack.com\/de\/wp-json\/wp\/v2\/types\/page"}],"author":[{"embeddable":true,"href":"https:\/\/tilakpolypack.com\/de\/wp-json\/wp\/v2\/users\/1"}],"replies":[{"embeddable":true,"href":"https:\/\/tilakpolypack.com\/de\/wp-json\/wp\/v2\/comments?post=9088"}],"version-history":[{"count":2,"href":"https:\/\/tilakpolypack.com\/de\/wp-json\/wp\/v2\/pages\/9088\/revisions"}],"predecessor-version":[{"id":10152,"href":"https:\/\/tilakpolypack.com\/de\/wp-json\/wp\/v2\/pages\/9088\/revisions\/10152"}],"wp:attachment":[{"href":"https:\/\/tilakpolypack.com\/de\/wp-json\/wp\/v2\/media?parent=9088"}],"curies":[{"name":"wp","href":"https:\/\/api.w.org\/{rel}","templated":true}]}}