{"id":9012,"date":"2023-10-11T11:11:48","date_gmt":"2023-10-11T11:11:48","guid":{"rendered":"https:\/\/archiveyourwords.com\/tilak\/?page_id=9012"},"modified":"2025-09-19T08:04:35","modified_gmt":"2025-09-19T08:04:35","slug":"biologisch-abbaubare-stretchfoli","status":"publish","type":"page","link":"https:\/\/tilakpolypack.com\/de\/biologisch-abbaubare-stretchfoli\/","title":{"rendered":"Biologisch abbaubare Stretchfoli"},"content":{"rendered":"<section class=\"wpb-content-wrapper\"><p>[vc_row][vc_column][vc_column_text css=&#8221;.vc_custom_1758269057305{padding-top: 20px !important;}&#8221;]<\/p>\n<h2>Biologisch abbaubare Stretchfolie<\/h2>\n<p><span style=\"font-weight: 400;\">Are you searching for a sustainable alternative to traditional pallet wrap? Look no further! Tilak Polypack provides a high-strength biodegradable pallet wrapping film that provides exceptional pallet stability while also breaking down in natural conditions. By choosing <a href=\"https:\/\/tilakpolypack.com\/de\/biologisch-abbaubare-folien\/\"><strong>Biodegradable Stretch Wrap,<\/strong><\/a> you can contribute to reducing the global problem of plastic waste and its impact on the environment.<\/span><\/p>\n<h2>Zu den wichtigsten Merkmalen von biologisch abbaubarer Stretchfolie geh\u00f6ren:<\/h2>\n<ul>\n<li><b>Biologisch abbaubare Formel<\/b>: Minimieren Sie die Umweltbelastung und gew\u00e4hrleisten Sie gleichzeitig einen optimalen Schutz f\u00fcr Ihre Produkte.<\/li>\n<li><b>Garantierte Rollenl\u00e4nge<\/b>: Seien Sie versichert, dass Sie keine kurzen Rollen erhalten werden.<\/li>\n<li><b>Hochfeste Folie<\/b>: Profitieren Sie von einer unglaublich strapazierf\u00e4higen Folie f\u00fcr sicheres Verpacken.<\/li>\n<li><b>Geringere Umweltbelastung<\/b>: Schutz von Lebensr\u00e4umen wildlebender Tiere und F\u00f6rderung einer saubereren Landschaft.<\/li>\n<li><b>Vollst\u00e4ndig recycelbar<\/b>: Sch\u00fctzen Sie die Umwelt und Ihre Produkte durch die Verwendung von Polymeren, die weltweit in gro\u00dfem Umfang recycelt werden.<\/li>\n<\/ul>\n<h2>Biologisch abbaubare Palettenwickelfolie<\/h2>\n<p><span style=\"font-weight: 400;\">Unsere <a href=\"https:\/\/tilakpolypack.com\/de\/stretchfolie\/\"><strong>biologisch abbaubare Palettenwickelfolie<\/strong><\/a> bietet eine nachhaltige Alternative zu herk\u00f6mmlichen Stretchfolien. Sie besteht aus nat\u00fcrlichen und nachhaltigen Materialien, die sich innerhalb weniger Monate auf nat\u00fcrliche Weise zersetzen, ohne sch\u00e4dliche R\u00fcckst\u00e4nde zu hinterlassen Plastic Bag. Diese Folie gew\u00e4hrleistet denselben Schutz und dieselbe Stabilit\u00e4t wie traditionelle Stretchfolien, tr\u00e4gt jedoch zur Reduzierung des CO\u2082-Fu\u00dfabdrucks bei.<\/span><\/p>\n<h2>Traditionelle Palettenverpackungsfolie<\/h2>\n<p><span style=\"font-weight: 400;\">Im Gegensatz dazu besteht traditionelle Palettenverpackungsfolie meist aus herk\u00f6mmlichem Polyethylen, das Hunderte von Jahren ben\u00f6tigen kann, um sich auf M\u00fclldeponien zu zersetzen. Obwohl sie effektiv sch\u00fctzt, stellt sie aufgrund ihrer langen Abbauzeit eine gr\u00f6\u00dfere Umweltbelastung dar.<\/span>[\/vc_column_text][vc_wp_text title=&#8221;Size Details&#8221;]<\/p>\n<table>\n<thead>\n<tr>\n<th>Funktion<\/th>\n<th>Beschreibung<\/th>\n<\/tr>\n<\/thead>\n<tbody>\n<tr>\n<td>Schutz vor Staub \/ Schmutz<\/td>\n<td>Ja<\/td>\n<\/tr>\n<tr>\n<td>Wasserdichte Verpackung<\/td>\n<td>Hilft dabei, Verpackungen wasserdicht zu machen, wenn sie um Papierbeh\u00e4lter gewickelt werden.<\/td>\n<\/tr>\n<tr>\n<td>Sichtpr\u00fcfung<\/td>\n<td>Hilfsmittel f\u00fcr die Sichtpr\u00fcfung<\/td>\n<\/tr>\n<tr>\n<td>Kosteneffizienz<\/td>\n<td>Kosteng\u00fcnstiger als Umreifungsb\u00e4nder \/ Schrumpffolie \/ Wellpappe<\/td>\n<\/tr>\n<tr>\n<td>Verpackungsoptionen<\/td>\n<td>Verf\u00fcgbar f\u00fcr manuelles Verpacken \/ maschinelles Verpacken<\/td>\n<\/tr>\n<tr>\n<td>Standardbreiten<\/td>\n<td>50 mm \/ 100 mm \/ 150 mm \/ 200 mm \/ 300 mm \/ 450 mm \/ 500 mm \/ 600 mm (Andere Breiten auf Anfrage erh\u00e4ltlich. Maximale Breite 1,5 Meter)<\/td>\n<\/tr>\n<tr>\n<td>Standarddicke<\/td>\n<td>12 Mikrometer \/ 15 Mikrometer \/ 18 Mikrometer \/ 23 Mikrometer \/ 29 Mikrometer (andere St\u00e4rken auf Anfrage erh\u00e4ltlich)<\/td>\n<\/tr>\n<tr>\n<td>Standardfarben<\/td>\n<td>Naturfarben \/ Opakwei\u00df \/ Blau \/ Schwarz (Andere Farben auf Anfrage erh\u00e4ltlich)<\/td>\n<\/tr>\n<tr>\n<td>Standard-Kern-ID<\/td>\n<td>25 mm \/ 31 mm \/ 76,2 mm<\/td>\n<\/tr>\n<tr>\n<td>Spezielle Zusatzstoffe<\/td>\n<td>UV-Schutz \/ VCI \/ Antistatisch<\/td>\n<\/tr>\n<\/tbody>\n<\/table>\n<p>[\/vc_wp_text]<section class=\"ts-vc_cta3-container\"><div class=\"ts-vc_general ts-vc_cta3 ts-cta3-only ts-vc_cta3-style-classic ts-vc_cta3-shape-rounded ts-vc_cta3-align-left ts-vc_cta3-color-transparent ts-vc_cta3-icon-size-md ts-vc_cta3-actions-right ts-cta3-with-desc\"><div class=\"ts-vc_cta3_content-container\"><div class=\"ts-vc_cta3-content\"><div class=\"ts-vc_cta3-content-header ts-wrap\"><div class=\"ts-vc_cta3-headers ts-wrap-cell\"><\/div><\/div><div class=\"ts-cta3-content-wrapper\"><p>Please contact us on\u00a0<a href=\"tel:9227422544\">+91-9227422544<\/a>\u00a0or email us\u00a0<a href=\"mailto:info@tilakpolypack.com\">info@tilakpolypack.com<\/a>\u00a0for quotations or other details.<\/p><\/div><\/div><div class=\"ts-vc_cta3-actions\">\r\n\t\t<div class=\"ts-vc_btn3-container  popmake-8197 ts-vc_btn3-inline\"><a class=\"ts-vc_general ts-vc_btn3 ts-vc_btn3-size-md ts-vc_btn3-shape-rounded ts-vc_btn3-style-flat ts-vc_btn3-weight-yes ts-vc_btn3-color-skincolor\" href=\"\" title=\"\">send enquiry<\/a><\/div><\/div><\/div><\/div><\/section>[\/vc_column][\/vc_row]<\/p>\n<\/section>","protected":false},"excerpt":{"rendered":"<p>[vc_row][vc_column][vc_column_text css=&#8221;.vc_custom_1758269057305{padding-top: 20px !important;}&#8221;] Biologisch abbaubare Stretchfolie Are you searching for a sustainable alternative to traditional pallet wrap? Look no further! Tilak Polypack provides a high-strength biodegradable pallet wrapping film that provides exceptional pallet stability while also breaking down in natural conditions. By choosing Biodegradable Stretch Wrap, you can contribute to reducing the global problem &hellip; <a href=\"https:\/\/tilakpolypack.com\/de\/biologisch-abbaubare-stretchfoli\/\" class=\"more-link\">Continue reading <span class=\"screen-reader-text\">Biologisch abbaubare Stretchfoli<\/span><\/a><\/p>\n","protected":false},"author":1,"featured_media":9028,"parent":0,"menu_order":0,"comment_status":"closed","ping_status":"closed","template":"","meta":{"_acf_changed":false,"om_disable_all_campaigns":false,"_monsterinsights_skip_tracking":false,"_monsterinsights_sitenote_active":false,"_monsterinsights_sitenote_note":"","_monsterinsights_sitenote_category":0,"_uf_show_specific_survey":0,"_uf_disable_surveys":false,"footnotes":""},"class_list":["post-9012","page","type-page","status-publish","has-post-thumbnail","hentry"],"acf":[],"yoast_head":"<!-- This site is optimized with the Yoast SEO plugin v22.3 - https:\/\/yoast.com\/wordpress\/plugins\/seo\/ -->\n<title>Biologisch abbaubare Stretchfolie | Palettenwickelfolie<\/title>\n<meta name=\"description\" content=\"Tilak Polypack, Lieferant biologisch abbaubarer Stretchfolie. Umweltfreundliche Palettenwickelfolie, eine umweltfreundliche Alternative zu herk\u00f6mmlichen Folien.\" \/>\n<meta name=\"robots\" content=\"index, follow, max-snippet:-1, max-image-preview:large, max-video-preview:-1\" \/>\n<link rel=\"canonical\" href=\"https:\/\/tilakpolypack.com\/de\/biologisch-abbaubare-stretchfoli\/\" \/>\n<meta property=\"og:locale\" content=\"en_US\" \/>\n<meta property=\"og:type\" content=\"article\" \/>\n<meta property=\"og:title\" content=\"Biologisch abbaubare Stretchfolie | Palettenwickelfolie\" \/>\n<meta property=\"og:description\" content=\"Tilak Polypack, Lieferant biologisch abbaubarer Stretchfolie. Umweltfreundliche Palettenwickelfolie, eine umweltfreundliche Alternative zu herk\u00f6mmlichen Folien.\" \/>\n<meta property=\"og:url\" content=\"https:\/\/tilakpolypack.com\/de\/biologisch-abbaubare-stretchfoli\/\" \/>\n<meta property=\"og:site_name\" content=\"Tilak Polypack\" \/>\n<meta property=\"article:modified_time\" content=\"2025-09-19T08:04:35+00:00\" \/>\n<meta property=\"og:image\" content=\"https:\/\/tilakpolypack.com\/de\/wp-content\/uploads\/2023\/10\/biodegradable-film-roll-500x500-1.jpg\" \/>\n\t<meta property=\"og:image:width\" content=\"500\" \/>\n\t<meta property=\"og:image:height\" content=\"333\" \/>\n\t<meta property=\"og:image:type\" content=\"image\/jpeg\" \/>\n<meta name=\"twitter:card\" content=\"summary_large_image\" \/>\n<meta name=\"twitter:label1\" content=\"Est. reading time\" \/>\n\t<meta name=\"twitter:data1\" content=\"2 minutes\" \/>\n<script type=\"application\/ld+json\" class=\"yoast-schema-graph\">{\"@context\":\"https:\/\/schema.org\",\"@graph\":[{\"@type\":\"WebPage\",\"@id\":\"https:\/\/tilakpolypack.com\/de\/biologisch-abbaubare-stretchfoli\/\",\"url\":\"https:\/\/tilakpolypack.com\/de\/biologisch-abbaubare-stretchfoli\/\",\"name\":\"Biologisch abbaubare Stretchfolie | Palettenwickelfolie\",\"isPartOf\":{\"@id\":\"https:\/\/tilakpolypack.com\/de\/#website\"},\"primaryImageOfPage\":{\"@id\":\"https:\/\/tilakpolypack.com\/de\/biologisch-abbaubare-stretchfoli\/#primaryimage\"},\"image\":{\"@id\":\"https:\/\/tilakpolypack.com\/de\/biologisch-abbaubare-stretchfoli\/#primaryimage\"},\"thumbnailUrl\":\"https:\/\/tilakpolypack.com\/de\/wp-content\/uploads\/2023\/10\/biodegradable-film-roll-500x500-1.jpg\",\"datePublished\":\"2023-10-11T11:11:48+00:00\",\"dateModified\":\"2025-09-19T08:04:35+00:00\",\"description\":\"Tilak Polypack, Lieferant biologisch abbaubarer Stretchfolie. Umweltfreundliche Palettenwickelfolie, eine umweltfreundliche Alternative zu herk\u00f6mmlichen Folien.\",\"inLanguage\":\"en-US\",\"potentialAction\":[{\"@type\":\"ReadAction\",\"target\":[\"https:\/\/tilakpolypack.com\/de\/biologisch-abbaubare-stretchfoli\/\"]}]},{\"@type\":\"ImageObject\",\"inLanguage\":\"en-US\",\"@id\":\"https:\/\/tilakpolypack.com\/de\/biologisch-abbaubare-stretchfoli\/#primaryimage\",\"url\":\"https:\/\/tilakpolypack.com\/de\/wp-content\/uploads\/2023\/10\/biodegradable-film-roll-500x500-1.jpg\",\"contentUrl\":\"https:\/\/tilakpolypack.com\/de\/wp-content\/uploads\/2023\/10\/biodegradable-film-roll-500x500-1.jpg\",\"width\":500,\"height\":333},{\"@type\":\"WebSite\",\"@id\":\"https:\/\/tilakpolypack.com\/de\/#website\",\"url\":\"https:\/\/tilakpolypack.com\/de\/\",\"name\":\"Tilak Polypack\",\"description\":\"\",\"potentialAction\":[{\"@type\":\"SearchAction\",\"target\":{\"@type\":\"EntryPoint\",\"urlTemplate\":\"https:\/\/tilakpolypack.com\/de\/?s={search_term_string}\"},\"query-input\":\"required name=search_term_string\"}],\"inLanguage\":\"en-US\"}]}<\/script>\n<!-- \/ Yoast SEO plugin. -->","yoast_head_json":{"title":"Biologisch abbaubare Stretchfolie | Palettenwickelfolie","description":"Tilak Polypack, Lieferant biologisch abbaubarer Stretchfolie. Umweltfreundliche Palettenwickelfolie, eine umweltfreundliche Alternative zu herk\u00f6mmlichen Folien.","robots":{"index":"index","follow":"follow","max-snippet":"max-snippet:-1","max-image-preview":"max-image-preview:large","max-video-preview":"max-video-preview:-1"},"canonical":"https:\/\/tilakpolypack.com\/de\/biologisch-abbaubare-stretchfoli\/","og_locale":"en_US","og_type":"article","og_title":"Biologisch abbaubare Stretchfolie | Palettenwickelfolie","og_description":"Tilak Polypack, Lieferant biologisch abbaubarer Stretchfolie. Umweltfreundliche Palettenwickelfolie, eine umweltfreundliche Alternative zu herk\u00f6mmlichen Folien.","og_url":"https:\/\/tilakpolypack.com\/de\/biologisch-abbaubare-stretchfoli\/","og_site_name":"Tilak Polypack","article_modified_time":"2025-09-19T08:04:35+00:00","og_image":[{"width":500,"height":333,"url":"https:\/\/tilakpolypack.com\/de\/wp-content\/uploads\/2023\/10\/biodegradable-film-roll-500x500-1.jpg","type":"image\/jpeg"}],"twitter_card":"summary_large_image","twitter_misc":{"Est. reading time":"2 minutes"},"schema":{"@context":"https:\/\/schema.org","@graph":[{"@type":"WebPage","@id":"https:\/\/tilakpolypack.com\/de\/biologisch-abbaubare-stretchfoli\/","url":"https:\/\/tilakpolypack.com\/de\/biologisch-abbaubare-stretchfoli\/","name":"Biologisch abbaubare Stretchfolie | Palettenwickelfolie","isPartOf":{"@id":"https:\/\/tilakpolypack.com\/de\/#website"},"primaryImageOfPage":{"@id":"https:\/\/tilakpolypack.com\/de\/biologisch-abbaubare-stretchfoli\/#primaryimage"},"image":{"@id":"https:\/\/tilakpolypack.com\/de\/biologisch-abbaubare-stretchfoli\/#primaryimage"},"thumbnailUrl":"https:\/\/tilakpolypack.com\/de\/wp-content\/uploads\/2023\/10\/biodegradable-film-roll-500x500-1.jpg","datePublished":"2023-10-11T11:11:48+00:00","dateModified":"2025-09-19T08:04:35+00:00","description":"Tilak Polypack, Lieferant biologisch abbaubarer Stretchfolie. Umweltfreundliche Palettenwickelfolie, eine umweltfreundliche Alternative zu herk\u00f6mmlichen Folien.","inLanguage":"en-US","potentialAction":[{"@type":"ReadAction","target":["https:\/\/tilakpolypack.com\/de\/biologisch-abbaubare-stretchfoli\/"]}]},{"@type":"ImageObject","inLanguage":"en-US","@id":"https:\/\/tilakpolypack.com\/de\/biologisch-abbaubare-stretchfoli\/#primaryimage","url":"https:\/\/tilakpolypack.com\/de\/wp-content\/uploads\/2023\/10\/biodegradable-film-roll-500x500-1.jpg","contentUrl":"https:\/\/tilakpolypack.com\/de\/wp-content\/uploads\/2023\/10\/biodegradable-film-roll-500x500-1.jpg","width":500,"height":333},{"@type":"WebSite","@id":"https:\/\/tilakpolypack.com\/de\/#website","url":"https:\/\/tilakpolypack.com\/de\/","name":"Tilak Polypack","description":"","potentialAction":[{"@type":"SearchAction","target":{"@type":"EntryPoint","urlTemplate":"https:\/\/tilakpolypack.com\/de\/?s={search_term_string}"},"query-input":"required name=search_term_string"}],"inLanguage":"en-US"}]}},"_links":{"self":[{"href":"https:\/\/tilakpolypack.com\/de\/wp-json\/wp\/v2\/pages\/9012","targetHints":{"allow":["GET"]}}],"collection":[{"href":"https:\/\/tilakpolypack.com\/de\/wp-json\/wp\/v2\/pages"}],"about":[{"href":"https:\/\/tilakpolypack.com\/de\/wp-json\/wp\/v2\/types\/page"}],"author":[{"embeddable":true,"href":"https:\/\/tilakpolypack.com\/de\/wp-json\/wp\/v2\/users\/1"}],"replies":[{"embeddable":true,"href":"https:\/\/tilakpolypack.com\/de\/wp-json\/wp\/v2\/comments?post=9012"}],"version-history":[{"count":5,"href":"https:\/\/tilakpolypack.com\/de\/wp-json\/wp\/v2\/pages\/9012\/revisions"}],"predecessor-version":[{"id":10209,"href":"https:\/\/tilakpolypack.com\/de\/wp-json\/wp\/v2\/pages\/9012\/revisions\/10209"}],"wp:featuredmedia":[{"embeddable":true,"href":"https:\/\/tilakpolypack.com\/de\/wp-json\/wp\/v2\/media\/9028"}],"wp:attachment":[{"href":"https:\/\/tilakpolypack.com\/de\/wp-json\/wp\/v2\/media?parent=9012"}],"curies":[{"name":"wp","href":"https:\/\/api.w.org\/{rel}","templated":true}]}}