{"id":8800,"date":"2023-10-10T10:36:46","date_gmt":"2023-10-10T10:36:46","guid":{"rendered":"https:\/\/archiveyourwords.com\/tilak\/?page_id=8800"},"modified":"2025-09-19T08:00:36","modified_gmt":"2025-09-19T08:00:36","slug":"kernlose-stretchfolie","status":"publish","type":"page","link":"https:\/\/tilakpolypack.com\/de\/kernlose-stretchfolie\/","title":{"rendered":"Kernlose Stretchfolie"},"content":{"rendered":"<section class=\"wpb-content-wrapper\"><p>[vc_section][vc_row][vc_column][vc_column_text css=&#8221;.vc_custom_1758268829048{padding-top: 20px !important;}&#8221;]<\/p>\n<h2>Kernlose Stretchfolie<\/h2>\n<p><span style=\"font-weight: 400;\">Kernlose Stretchfolie ist eine revolution\u00e4re Art von Stretchfolie, die keine Papierkerne mehr ben\u00f6tigt. Sie verf\u00fcgt \u00fcber ein innovatives Design, das <a href=\"https:\/\/tilakpolypack.com\/de\/vorstreckfolie\/\"><strong>vorgedehnt<\/strong><\/a> werden kann, wodurch ihre Haltekraft verbessert und die pro Ladung ben\u00f6tigte Folienmenge reduziert wird. Dies tr\u00e4gt zur Senkung der Gesamtkosten bei und reduziert gleichzeitig die Kosten f\u00fcr die Abfallentsorgung und den CO2-Fu\u00dfabdruck.\u00a0<\/span><\/p>\n<h2>Funktionen<\/h2>\n<p><b>100 % der Kosten werden genutzt<\/b> \u2013 Kernlose Stretchfolie ist eine wirtschaftliche und effiziente Methode, um schwere Lasten zu sichern. Da keine Papierkerne hinzugef\u00fcgt werden, k\u00f6nnen Sie Kosten sparen und gleichzeitig Ihren CO2-Fu\u00dfabdruck verringern.<\/p>\n<p><b>Reduzierte Kosten pro Ladung<\/b> &#8211; Durch das Vorstrecken der Folie wird ihre Festigkeit erh\u00f6ht und der Folienverbrauch pro Ladung reduziert, wodurch Sie Geld sparen k\u00f6nnen.<\/p>\n<p><b>Verpackungsdesign f\u00fcr Gro\u00dfpackungen<\/b> \u2013 Sch\u00fctzen Sie Ihre Produkte ohne zus\u00e4tzliche Materialien oder Verpackungen. Die ergonomische Konstruktion gew\u00e4hrleistet au\u00dferdem die Sicherheit und den Komfort des Bedieners beim Umgang mit schweren Gegenst\u00e4nden.<\/p>\n<p><b>Leichte Rollen<\/b> \u2013 Die leichten Rollen sind auf maximale Effizienz und reduzierte Arbeitsintensit\u00e4t ausgelegt, sodass Sie sich w\u00e4hrend der Verwendung keine Sorgen \u00fcber Erm\u00fcdung oder Verletzungen machen m\u00fcssen.<\/p>\n<h2>Hersteller von kernlosen Stretchfolien<\/h2>\n<p><span style=\"font-weight: 400;\">Tilak Polypack ist einer der f\u00fchrenden <a href=\"https:\/\/tilakpolypack.com\/de\/stretchfolie\/\"><strong>Hersteller von kernlosen Stretchfolien<\/strong><\/a> in Indien. Mit \u00fcber 40 Jahren Erfahrung hat Tilak eine breite Palette von Produkten entwickelt, um allen Arten von Verpackungsanforderungen gerecht zu werden. Das Unternehmen ist bekannt f\u00fcr seine innovativen L\u00f6sungen und Qualit\u00e4tskontrollstandards. Die kernlosen Stretchfolien sind in verschiedenen Gr\u00f6\u00dfen und St\u00e4rken erh\u00e4ltlich, um unterschiedlichen industriellen Anwendungen gerecht zu werden. Sie ist au\u00dferdem \u00e4u\u00dferst widerstandsf\u00e4hig gegen Durchstiche und Risse, was sie zu einer hervorragenden Wahl f\u00fcr schwere oder unregelm\u00e4\u00dfige Lasten macht. Die Produkte werden unter strengen Qualit\u00e4tsstandards hergestellt, und das Expertenteam des Unternehmens stellt sicher, dass jedes Produkt den Erwartungen der Kunden entspricht.<\/span><\/p>\n<h2>UV-gesch\u00fctzte Stretchfolie f\u00fcr den Au\u00dfenbereich<\/h2>\n<p><span style=\"font-weight: 400;\">UV-best\u00e4ndige Stretchfolie ist eine spezialisierte <a href=\"https:\/\/tilakpolypack.com\/de\/verpackungsfolien\/\"><strong>Verpackungsl\u00f6sung<\/strong><\/a>, die entwickelt wurde, um Produkte vor sch\u00e4dlicher ultravioletter (UV) Strahlung zu sch\u00fctzen. Diese Folien enthalten spezielle Additive, die den Abbau des Kunststoffs durch Sonnenlicht verhindern, \u00e4hnlich wie Sonnencreme die Haut sch\u00fctzt. Sie sind besonders geeignet f\u00fcr die Lagerung und den Transport von Waren im Freien, da sie die Haltbarkeit der Produkte verl\u00e4ngern und die Notwendigkeit f\u00fcr zus\u00e4tzliche Schutzma\u00dfnahmen reduzieren.<\/span><\/p>\n<h2>Vorteile von UV-best\u00e4ndiger Stretchfolie:<\/h2>\n<ul>\n<li style=\"font-weight: 400;\" aria-level=\"1\"><b>Langanhaltender Schutz:<\/b><span style=\"font-weight: 400;\"> Sch\u00fctzt Produkte \u00fcber einen l\u00e4ngeren Zeitraum vor UV-Strahlen.<\/span><\/li>\n<li style=\"font-weight: 400;\" aria-level=\"1\"><b>Erh\u00f6hte Haltbarkeit:<\/b><span style=\"font-weight: 400;\"> Verhindert das vorzeitige Altern und die Verschlechterung des Verpackungsmaterials.<\/span><\/li>\n<li style=\"font-weight: 400;\" aria-level=\"1\"><b>Vielseitige Anwendungen:<\/b><span style=\"font-weight: 400;\"> Ideal f\u00fcr verschiedene Branchen wie Bauwesen, Landwirtschaft und Logistik.<\/span><span style=\"font-weight: 400;\"><br \/>\n<\/span><\/li>\n<\/ul>\n<h2>Anwendungsbereiche:<\/h2>\n<ul>\n<li style=\"font-weight: 400;\" aria-level=\"1\"><b>Au\u00dfenlagerung:<\/b><span style=\"font-weight: 400;\"> Schutz von Waren, die l\u00e4ngere Zeit im Freien gelagert werden.<\/span><\/li>\n<li style=\"font-weight: 400;\" aria-level=\"1\"><b>Transport:<\/b><span style=\"font-weight: 400;\"> Sicherung von Produkten w\u00e4hrend des Transports unter freiem Himmel.<\/span><\/li>\n<li style=\"font-weight: 400;\" aria-level=\"1\"><b>Bauwesen:<\/b><span style=\"font-weight: 400;\"> Abdeckung von Baustellenmaterialien, die UV-Strahlung ausgesetzt sind.<\/span><\/li>\n<\/ul>\n<p>[\/vc_column_text][vc_wp_text title=&#8221;Size Details&#8221;]<\/p>\n<table>\n<thead>\n<tr>\n<th>Funktion<\/th>\n<th>Beschreibung<\/th>\n<\/tr>\n<\/thead>\n<tbody>\n<tr>\n<td>Schutz vor Staub \/ Schmutz<\/td>\n<td>Ja<\/td>\n<\/tr>\n<tr>\n<td>Wasserdichte Verpackung<\/td>\n<td>Hilft dabei, Verpackungen wasserdicht zu machen, wenn sie um Papierbeh\u00e4lter gewickelt werden.<\/td>\n<\/tr>\n<tr>\n<td>Sichtpr\u00fcfung<\/td>\n<td>Hilfsmittel f\u00fcr die Sichtpr\u00fcfung<\/td>\n<\/tr>\n<tr>\n<td>Kosteneffizienz<\/td>\n<td>Kosteng\u00fcnstiger als Umreifungsb\u00e4nder \/ Schrumpffolien \/ Wellpappe<\/td>\n<\/tr>\n<tr>\n<td>Verpackungsoptionen<\/td>\n<td>Verf\u00fcgbar f\u00fcr manuelles Verpacken \/ maschinelles Verpacken<\/td>\n<\/tr>\n<tr>\n<td>Standardbreiten<\/td>\n<td>50 mm \/ 100 mm \/ 150 mm \/ 200 mm \/ 300 mm \/ 450 mm \/ 500 mm \/ 600 mm (Andere Breiten auf Anfrage erh\u00e4ltlich. Maximale Breite 1,5 Meter)<\/td>\n<\/tr>\n<tr>\n<td>Standarddicke<\/td>\n<td>12 Mikrometer \/ 15 Mikrometer \/ 18 Mikrometer \/ 23 Mikrometer \/ 29 Mikrometer (andere St\u00e4rken auf Anfrage erh\u00e4ltlich)<\/td>\n<\/tr>\n<tr>\n<td>Standardfarben<\/td>\n<td>Naturfarben \/ Opakwei\u00df \/ Blau \/ Schwarz (Andere Farben auf Anfrage erh\u00e4ltlich)<\/td>\n<\/tr>\n<tr>\n<td>Standard-Kern-ID<\/td>\n<td>25 mm \/ 31 mm \/ 76,2 mm<\/td>\n<\/tr>\n<tr>\n<td>Spezielle Zusatzstoffe<\/td>\n<td>UV-Schutz \/ VCI \/ Antistatisch<\/td>\n<\/tr>\n<\/tbody>\n<\/table>\n<p>[\/vc_wp_text]<section class=\"ts-vc_cta3-container\"><div class=\"ts-vc_general ts-vc_cta3 ts-cta3-only ts-vc_cta3-style-classic ts-vc_cta3-shape-rounded ts-vc_cta3-align-left ts-vc_cta3-color-transparent ts-vc_cta3-icon-size-md ts-vc_cta3-actions-right ts-cta3-with-desc\"><div class=\"ts-vc_cta3_content-container\"><div class=\"ts-vc_cta3-content\"><div class=\"ts-vc_cta3-content-header ts-wrap\"><div class=\"ts-vc_cta3-headers ts-wrap-cell\"><\/div><\/div><div class=\"ts-cta3-content-wrapper\"><p>Bitte kontaktieren Sie uns unter <a href=\"tel:9227422544\">+91-9227422544<\/a> oder senden Sie uns eine E-Mail an <a href=\"mailto:info@tilakpolypack.com\">info@tilakpolypack.com<\/a>, um Angebote oder weitere Informationen zu erhalten.<\/p><\/div><\/div><div class=\"ts-vc_cta3-actions\">\r\n\t\t<div class=\"ts-vc_btn3-container  popmake-8197 ts-vc_btn3-inline\"><a class=\"ts-vc_general ts-vc_btn3 ts-vc_btn3-size-md ts-vc_btn3-shape-rounded ts-vc_btn3-style-flat ts-vc_btn3-weight-yes ts-vc_btn3-color-skincolor\" href=\"\" title=\"\">Anfrage senden<\/a><\/div><\/div><\/div><\/div><\/section>[\/vc_column][\/vc_row][\/vc_section]<\/p>\n<\/section>","protected":false},"excerpt":{"rendered":"<p>[vc_section][vc_row][vc_column][vc_column_text css=&#8221;.vc_custom_1758268829048{padding-top: 20px !important;}&#8221;] Kernlose Stretchfolie Kernlose Stretchfolie ist eine revolution\u00e4re Art von Stretchfolie, die keine Papierkerne mehr ben\u00f6tigt. Sie verf\u00fcgt \u00fcber ein innovatives Design, das vorgedehnt werden kann, wodurch ihre Haltekraft verbessert und die pro Ladung ben\u00f6tigte Folienmenge reduziert wird. Dies tr\u00e4gt zur Senkung der Gesamtkosten bei und reduziert gleichzeitig die Kosten f\u00fcr die &hellip; <a href=\"https:\/\/tilakpolypack.com\/de\/kernlose-stretchfolie\/\" class=\"more-link\">Continue reading <span class=\"screen-reader-text\">Kernlose Stretchfolie<\/span><\/a><\/p>\n","protected":false},"author":1,"featured_media":9024,"parent":0,"menu_order":0,"comment_status":"closed","ping_status":"closed","template":"","meta":{"_acf_changed":false,"om_disable_all_campaigns":false,"_monsterinsights_skip_tracking":false,"_monsterinsights_sitenote_active":false,"_monsterinsights_sitenote_note":"","_monsterinsights_sitenote_category":0,"_uf_show_specific_survey":0,"_uf_disable_surveys":false,"footnotes":""},"class_list":["post-8800","page","type-page","status-publish","has-post-thumbnail","hentry"],"acf":[],"yoast_head":"<!-- This site is optimized with the Yoast SEO plugin v22.3 - https:\/\/yoast.com\/wordpress\/plugins\/seo\/ -->\n<title>Hersteller von kernloser Stretchfolie | Tilak Polypack Deutschland<\/title>\n<meta name=\"description\" content=\"Tilak Polypack, Hersteller von kernloser Stretchfolie in Deutschland. UV-gesch\u00fctzte Au\u00dfenfolie f\u00fcr sichere und nachhaltige Verpackung.\" \/>\n<meta name=\"robots\" content=\"index, follow, max-snippet:-1, max-image-preview:large, max-video-preview:-1\" \/>\n<link rel=\"canonical\" href=\"https:\/\/tilakpolypack.com\/de\/kernlose-stretchfolie\/\" \/>\n<meta property=\"og:locale\" content=\"en_US\" \/>\n<meta property=\"og:type\" content=\"article\" \/>\n<meta property=\"og:title\" content=\"Hersteller von kernloser Stretchfolie | Tilak Polypack Deutschland\" \/>\n<meta property=\"og:description\" content=\"Tilak Polypack, Hersteller von kernloser Stretchfolie in Deutschland. UV-gesch\u00fctzte Au\u00dfenfolie f\u00fcr sichere und nachhaltige Verpackung.\" \/>\n<meta property=\"og:url\" content=\"https:\/\/tilakpolypack.com\/de\/kernlose-stretchfolie\/\" \/>\n<meta property=\"og:site_name\" content=\"Tilak Polypack\" \/>\n<meta property=\"article:modified_time\" content=\"2025-09-19T08:00:36+00:00\" \/>\n<meta property=\"og:image\" content=\"https:\/\/tilakpolypack.com\/de\/wp-content\/uploads\/2023\/10\/Immagine-PRODOTTO-Film-Coreless-2.jpg\" \/>\n\t<meta property=\"og:image:width\" content=\"2560\" \/>\n\t<meta property=\"og:image:height\" content=\"1704\" \/>\n\t<meta property=\"og:image:type\" content=\"image\/jpeg\" \/>\n<meta name=\"twitter:card\" content=\"summary_large_image\" \/>\n<meta name=\"twitter:label1\" content=\"Est. reading time\" \/>\n\t<meta name=\"twitter:data1\" content=\"3 minutes\" \/>\n<script type=\"application\/ld+json\" class=\"yoast-schema-graph\">{\"@context\":\"https:\/\/schema.org\",\"@graph\":[{\"@type\":\"WebPage\",\"@id\":\"https:\/\/tilakpolypack.com\/de\/kernlose-stretchfolie\/\",\"url\":\"https:\/\/tilakpolypack.com\/de\/kernlose-stretchfolie\/\",\"name\":\"Hersteller von kernloser Stretchfolie | Tilak Polypack Deutschland\",\"isPartOf\":{\"@id\":\"https:\/\/tilakpolypack.com\/de\/#website\"},\"primaryImageOfPage\":{\"@id\":\"https:\/\/tilakpolypack.com\/de\/kernlose-stretchfolie\/#primaryimage\"},\"image\":{\"@id\":\"https:\/\/tilakpolypack.com\/de\/kernlose-stretchfolie\/#primaryimage\"},\"thumbnailUrl\":\"https:\/\/tilakpolypack.com\/de\/wp-content\/uploads\/2023\/10\/Immagine-PRODOTTO-Film-Coreless-2.jpg\",\"datePublished\":\"2023-10-10T10:36:46+00:00\",\"dateModified\":\"2025-09-19T08:00:36+00:00\",\"description\":\"Tilak Polypack, Hersteller von kernloser Stretchfolie in Deutschland. UV-gesch\u00fctzte Au\u00dfenfolie f\u00fcr sichere und nachhaltige Verpackung.\",\"inLanguage\":\"en-US\",\"potentialAction\":[{\"@type\":\"ReadAction\",\"target\":[\"https:\/\/tilakpolypack.com\/de\/kernlose-stretchfolie\/\"]}]},{\"@type\":\"ImageObject\",\"inLanguage\":\"en-US\",\"@id\":\"https:\/\/tilakpolypack.com\/de\/kernlose-stretchfolie\/#primaryimage\",\"url\":\"https:\/\/tilakpolypack.com\/de\/wp-content\/uploads\/2023\/10\/Immagine-PRODOTTO-Film-Coreless-2.jpg\",\"contentUrl\":\"https:\/\/tilakpolypack.com\/de\/wp-content\/uploads\/2023\/10\/Immagine-PRODOTTO-Film-Coreless-2.jpg\",\"width\":2560,\"height\":1704},{\"@type\":\"WebSite\",\"@id\":\"https:\/\/tilakpolypack.com\/de\/#website\",\"url\":\"https:\/\/tilakpolypack.com\/de\/\",\"name\":\"Tilak Polypack\",\"description\":\"\",\"potentialAction\":[{\"@type\":\"SearchAction\",\"target\":{\"@type\":\"EntryPoint\",\"urlTemplate\":\"https:\/\/tilakpolypack.com\/de\/?s={search_term_string}\"},\"query-input\":\"required name=search_term_string\"}],\"inLanguage\":\"en-US\"}]}<\/script>\n<!-- \/ Yoast SEO plugin. -->","yoast_head_json":{"title":"Hersteller von kernloser Stretchfolie | Tilak Polypack Deutschland","description":"Tilak Polypack, Hersteller von kernloser Stretchfolie in Deutschland. UV-gesch\u00fctzte Au\u00dfenfolie f\u00fcr sichere und nachhaltige Verpackung.","robots":{"index":"index","follow":"follow","max-snippet":"max-snippet:-1","max-image-preview":"max-image-preview:large","max-video-preview":"max-video-preview:-1"},"canonical":"https:\/\/tilakpolypack.com\/de\/kernlose-stretchfolie\/","og_locale":"en_US","og_type":"article","og_title":"Hersteller von kernloser Stretchfolie | Tilak Polypack Deutschland","og_description":"Tilak Polypack, Hersteller von kernloser Stretchfolie in Deutschland. UV-gesch\u00fctzte Au\u00dfenfolie f\u00fcr sichere und nachhaltige Verpackung.","og_url":"https:\/\/tilakpolypack.com\/de\/kernlose-stretchfolie\/","og_site_name":"Tilak Polypack","article_modified_time":"2025-09-19T08:00:36+00:00","og_image":[{"width":2560,"height":1704,"url":"https:\/\/tilakpolypack.com\/de\/wp-content\/uploads\/2023\/10\/Immagine-PRODOTTO-Film-Coreless-2.jpg","type":"image\/jpeg"}],"twitter_card":"summary_large_image","twitter_misc":{"Est. reading time":"3 minutes"},"schema":{"@context":"https:\/\/schema.org","@graph":[{"@type":"WebPage","@id":"https:\/\/tilakpolypack.com\/de\/kernlose-stretchfolie\/","url":"https:\/\/tilakpolypack.com\/de\/kernlose-stretchfolie\/","name":"Hersteller von kernloser Stretchfolie | Tilak Polypack Deutschland","isPartOf":{"@id":"https:\/\/tilakpolypack.com\/de\/#website"},"primaryImageOfPage":{"@id":"https:\/\/tilakpolypack.com\/de\/kernlose-stretchfolie\/#primaryimage"},"image":{"@id":"https:\/\/tilakpolypack.com\/de\/kernlose-stretchfolie\/#primaryimage"},"thumbnailUrl":"https:\/\/tilakpolypack.com\/de\/wp-content\/uploads\/2023\/10\/Immagine-PRODOTTO-Film-Coreless-2.jpg","datePublished":"2023-10-10T10:36:46+00:00","dateModified":"2025-09-19T08:00:36+00:00","description":"Tilak Polypack, Hersteller von kernloser Stretchfolie in Deutschland. UV-gesch\u00fctzte Au\u00dfenfolie f\u00fcr sichere und nachhaltige Verpackung.","inLanguage":"en-US","potentialAction":[{"@type":"ReadAction","target":["https:\/\/tilakpolypack.com\/de\/kernlose-stretchfolie\/"]}]},{"@type":"ImageObject","inLanguage":"en-US","@id":"https:\/\/tilakpolypack.com\/de\/kernlose-stretchfolie\/#primaryimage","url":"https:\/\/tilakpolypack.com\/de\/wp-content\/uploads\/2023\/10\/Immagine-PRODOTTO-Film-Coreless-2.jpg","contentUrl":"https:\/\/tilakpolypack.com\/de\/wp-content\/uploads\/2023\/10\/Immagine-PRODOTTO-Film-Coreless-2.jpg","width":2560,"height":1704},{"@type":"WebSite","@id":"https:\/\/tilakpolypack.com\/de\/#website","url":"https:\/\/tilakpolypack.com\/de\/","name":"Tilak Polypack","description":"","potentialAction":[{"@type":"SearchAction","target":{"@type":"EntryPoint","urlTemplate":"https:\/\/tilakpolypack.com\/de\/?s={search_term_string}"},"query-input":"required name=search_term_string"}],"inLanguage":"en-US"}]}},"_links":{"self":[{"href":"https:\/\/tilakpolypack.com\/de\/wp-json\/wp\/v2\/pages\/8800","targetHints":{"allow":["GET"]}}],"collection":[{"href":"https:\/\/tilakpolypack.com\/de\/wp-json\/wp\/v2\/pages"}],"about":[{"href":"https:\/\/tilakpolypack.com\/de\/wp-json\/wp\/v2\/types\/page"}],"author":[{"embeddable":true,"href":"https:\/\/tilakpolypack.com\/de\/wp-json\/wp\/v2\/users\/1"}],"replies":[{"embeddable":true,"href":"https:\/\/tilakpolypack.com\/de\/wp-json\/wp\/v2\/comments?post=8800"}],"version-history":[{"count":6,"href":"https:\/\/tilakpolypack.com\/de\/wp-json\/wp\/v2\/pages\/8800\/revisions"}],"predecessor-version":[{"id":10208,"href":"https:\/\/tilakpolypack.com\/de\/wp-json\/wp\/v2\/pages\/8800\/revisions\/10208"}],"wp:featuredmedia":[{"embeddable":true,"href":"https:\/\/tilakpolypack.com\/de\/wp-json\/wp\/v2\/media\/9024"}],"wp:attachment":[{"href":"https:\/\/tilakpolypack.com\/de\/wp-json\/wp\/v2\/media?parent=8800"}],"curies":[{"name":"wp","href":"https:\/\/api.w.org\/{rel}","templated":true}]}}