{"id":7863,"date":"2023-10-06T12:56:53","date_gmt":"2023-10-06T12:56:53","guid":{"rendered":"https:\/\/archiveyourwords.com\/tilak\/?page_id=7863"},"modified":"2025-08-25T12:45:12","modified_gmt":"2025-08-25T12:45:12","slug":"kunststoff-gewachshausfolie","status":"publish","type":"page","link":"https:\/\/tilakpolypack.com\/de\/kunststoff-gewachshausfolie\/","title":{"rendered":"Kunststoff-Gew\u00e4chshausfolie"},"content":{"rendered":"<section class=\"wpb-content-wrapper\"><p>[vc_row][vc_column]<div class=\"ts-single-image-wrapper \"><div class=\"ts-single-image-img-w ts_align_left\"><img decoding=\"async\" src=\"https:\/\/tilakpolypack.com\/de\/wp-content\/uploads\/2023\/10\/agriculture-blue-care-768x512-1.jpg\" class=\"ts-single-image-img\" alt=\"\" \/><\/div><\/div>[vc_column_text css=&#8221;.vc_custom_1756125873532{padding-top: 20px !important;}&#8221;]<\/p>\n<h1>Kunststoff-Gew\u00e4chshausfolie<\/h1>\n<ul>\n<li>Hilft beim Schutz vor Klimaschwankungen<\/li>\n<li>Hilft bei der Schaffung einer kontrollierten Umgebung<\/li>\n<li>Vorteile f\u00fcr den Anbau von Nutzpflanzen unter widrigen Bedingungen<\/li>\n<li>Verf\u00fcgbare Dicke: 180 Mikrometer \/ 200 Mikrometer<\/li>\n<li>Verf\u00fcgbare Breiten: 4 Meter \/ 4,5 Meter<\/li>\n<li>Additive: UV-stabilisiert, Lichtstreuung, Antibeschlag usw.<\/li>\n<\/ul>\n<p>[\/vc_column_text]<section class=\"ts-vc_cta3-container\"><div class=\"ts-vc_general ts-vc_cta3 ts-cta3-only ts-vc_cta3-style-classic ts-vc_cta3-shape-rounded ts-vc_cta3-align-left ts-vc_cta3-color-transparent ts-vc_cta3-icon-size-md ts-vc_cta3-actions-right vc_custom_1756125903582 ts-cta3-with-desc\"><div class=\"ts-vc_cta3_content-container\"><div class=\"ts-vc_cta3-content\"><div class=\"ts-vc_cta3-content-header ts-wrap\"><div class=\"ts-vc_cta3-headers ts-wrap-cell\"><\/div><\/div><div class=\"ts-cta3-content-wrapper\"><p>Bitte kontaktieren Sie uns unter <a href=\"tel:9227422544\">+91-9227422544<\/a> oder senden Sie uns eine E-Mail an <a href=\"mailto:info@tilakpolypack.com\">info@tilakpolypack.com<\/a>, um Angebote oder weitere Informationen zu erhalten.<\/p><\/div><\/div><div class=\"ts-vc_cta3-actions\">\r\n\t\t<div class=\"ts-vc_btn3-container  popmake-8197 ts-vc_btn3-inline\"><a class=\"ts-vc_general ts-vc_btn3 ts-vc_btn3-size-md ts-vc_btn3-shape-rounded ts-vc_btn3-style-flat ts-vc_btn3-weight-yes ts-vc_btn3-color-skincolor\" href=\"\" title=\"\">Anfrage senden<\/a><\/div><\/div><\/div><\/div><\/section>[\/vc_column][\/vc_row]<\/p>\n<\/section>","protected":false},"excerpt":{"rendered":"<p>[vc_row][vc_column][vc_column_text css=&#8221;.vc_custom_1756125873532{padding-top: 20px !important;}&#8221;] Kunststoff-Gew\u00e4chshausfolie Hilft beim Schutz vor Klimaschwankungen Hilft bei der Schaffung einer kontrollierten Umgebung Vorteile f\u00fcr den Anbau von Nutzpflanzen unter widrigen Bedingungen Verf\u00fcgbare Dicke: 180 Mikrometer \/ 200 Mikrometer Verf\u00fcgbare Breiten: 4 Meter \/ 4,5 Meter Additive: UV-stabilisiert, Lichtstreuung, Antibeschlag usw. [\/vc_column_text][\/vc_column][\/vc_row]<\/p>\n","protected":false},"author":1,"featured_media":0,"parent":0,"menu_order":0,"comment_status":"closed","ping_status":"closed","template":"","meta":{"_acf_changed":false,"om_disable_all_campaigns":false,"_monsterinsights_skip_tracking":false,"_monsterinsights_sitenote_active":false,"_monsterinsights_sitenote_note":"","_monsterinsights_sitenote_category":0,"_uf_show_specific_survey":0,"_uf_disable_surveys":false,"footnotes":""},"class_list":["post-7863","page","type-page","status-publish","hentry"],"acf":[],"yoast_head":"<!-- This site is optimized with the Yoast SEO plugin v22.3 - https:\/\/yoast.com\/wordpress\/plugins\/seo\/ -->\n<title>Kunststoff-Gew\u00e4chshausfolie - Tilak Polypack<\/title>\n<meta name=\"description\" content=\"Als Unternehmen bieten wir hochwertige Agrarfolien f\u00fcr verschiedene Zwecke an, darunter Kunststoff-Mulchfolie, Kunststoff-Gew\u00e4chshausfolie, Silage-Stretchfolie, biologisch abbaubare Mulchfolie, Low-Tunnel-Folie und Mulchfolie.\" \/>\n<meta name=\"robots\" content=\"index, follow, max-snippet:-1, max-image-preview:large, max-video-preview:-1\" \/>\n<link rel=\"canonical\" href=\"https:\/\/tilakpolypack.com\/de\/kunststoff-gewachshausfolie\/\" \/>\n<meta property=\"og:locale\" content=\"en_US\" \/>\n<meta property=\"og:type\" content=\"article\" \/>\n<meta property=\"og:title\" content=\"Kunststoff-Gew\u00e4chshausfolie - Tilak Polypack\" \/>\n<meta property=\"og:description\" content=\"Als Unternehmen bieten wir hochwertige Agrarfolien f\u00fcr verschiedene Zwecke an, darunter Kunststoff-Mulchfolie, Kunststoff-Gew\u00e4chshausfolie, Silage-Stretchfolie, biologisch abbaubare Mulchfolie, Low-Tunnel-Folie und Mulchfolie.\" \/>\n<meta property=\"og:url\" content=\"https:\/\/tilakpolypack.com\/de\/kunststoff-gewachshausfolie\/\" \/>\n<meta property=\"og:site_name\" content=\"Tilak Polypack\" \/>\n<meta property=\"article:modified_time\" content=\"2025-08-25T12:45:12+00:00\" \/>\n<meta name=\"twitter:card\" content=\"summary_large_image\" \/>\n<meta name=\"twitter:label1\" content=\"Est. reading time\" \/>\n\t<meta name=\"twitter:data1\" content=\"1 minute\" \/>\n<script type=\"application\/ld+json\" class=\"yoast-schema-graph\">{\"@context\":\"https:\/\/schema.org\",\"@graph\":[{\"@type\":\"WebPage\",\"@id\":\"https:\/\/tilakpolypack.com\/de\/kunststoff-gewachshausfolie\/\",\"url\":\"https:\/\/tilakpolypack.com\/de\/kunststoff-gewachshausfolie\/\",\"name\":\"Kunststoff-Gew\u00e4chshausfolie - Tilak Polypack\",\"isPartOf\":{\"@id\":\"https:\/\/tilakpolypack.com\/de\/#website\"},\"datePublished\":\"2023-10-06T12:56:53+00:00\",\"dateModified\":\"2025-08-25T12:45:12+00:00\",\"description\":\"Als Unternehmen bieten wir hochwertige Agrarfolien f\u00fcr verschiedene Zwecke an, darunter Kunststoff-Mulchfolie, Kunststoff-Gew\u00e4chshausfolie, Silage-Stretchfolie, biologisch abbaubare Mulchfolie, Low-Tunnel-Folie und Mulchfolie.\",\"inLanguage\":\"en-US\",\"potentialAction\":[{\"@type\":\"ReadAction\",\"target\":[\"https:\/\/tilakpolypack.com\/de\/kunststoff-gewachshausfolie\/\"]}]},{\"@type\":\"WebSite\",\"@id\":\"https:\/\/tilakpolypack.com\/de\/#website\",\"url\":\"https:\/\/tilakpolypack.com\/de\/\",\"name\":\"Tilak Polypack\",\"description\":\"\",\"potentialAction\":[{\"@type\":\"SearchAction\",\"target\":{\"@type\":\"EntryPoint\",\"urlTemplate\":\"https:\/\/tilakpolypack.com\/de\/?s={search_term_string}\"},\"query-input\":\"required name=search_term_string\"}],\"inLanguage\":\"en-US\"}]}<\/script>\n<!-- \/ Yoast SEO plugin. -->","yoast_head_json":{"title":"Kunststoff-Gew\u00e4chshausfolie - Tilak Polypack","description":"Als Unternehmen bieten wir hochwertige Agrarfolien f\u00fcr verschiedene Zwecke an, darunter Kunststoff-Mulchfolie, Kunststoff-Gew\u00e4chshausfolie, Silage-Stretchfolie, biologisch abbaubare Mulchfolie, Low-Tunnel-Folie und Mulchfolie.","robots":{"index":"index","follow":"follow","max-snippet":"max-snippet:-1","max-image-preview":"max-image-preview:large","max-video-preview":"max-video-preview:-1"},"canonical":"https:\/\/tilakpolypack.com\/de\/kunststoff-gewachshausfolie\/","og_locale":"en_US","og_type":"article","og_title":"Kunststoff-Gew\u00e4chshausfolie - Tilak Polypack","og_description":"Als Unternehmen bieten wir hochwertige Agrarfolien f\u00fcr verschiedene Zwecke an, darunter Kunststoff-Mulchfolie, Kunststoff-Gew\u00e4chshausfolie, Silage-Stretchfolie, biologisch abbaubare Mulchfolie, Low-Tunnel-Folie und Mulchfolie.","og_url":"https:\/\/tilakpolypack.com\/de\/kunststoff-gewachshausfolie\/","og_site_name":"Tilak Polypack","article_modified_time":"2025-08-25T12:45:12+00:00","twitter_card":"summary_large_image","twitter_misc":{"Est. reading time":"1 minute"},"schema":{"@context":"https:\/\/schema.org","@graph":[{"@type":"WebPage","@id":"https:\/\/tilakpolypack.com\/de\/kunststoff-gewachshausfolie\/","url":"https:\/\/tilakpolypack.com\/de\/kunststoff-gewachshausfolie\/","name":"Kunststoff-Gew\u00e4chshausfolie - Tilak Polypack","isPartOf":{"@id":"https:\/\/tilakpolypack.com\/de\/#website"},"datePublished":"2023-10-06T12:56:53+00:00","dateModified":"2025-08-25T12:45:12+00:00","description":"Als Unternehmen bieten wir hochwertige Agrarfolien f\u00fcr verschiedene Zwecke an, darunter Kunststoff-Mulchfolie, Kunststoff-Gew\u00e4chshausfolie, Silage-Stretchfolie, biologisch abbaubare Mulchfolie, Low-Tunnel-Folie und Mulchfolie.","inLanguage":"en-US","potentialAction":[{"@type":"ReadAction","target":["https:\/\/tilakpolypack.com\/de\/kunststoff-gewachshausfolie\/"]}]},{"@type":"WebSite","@id":"https:\/\/tilakpolypack.com\/de\/#website","url":"https:\/\/tilakpolypack.com\/de\/","name":"Tilak Polypack","description":"","potentialAction":[{"@type":"SearchAction","target":{"@type":"EntryPoint","urlTemplate":"https:\/\/tilakpolypack.com\/de\/?s={search_term_string}"},"query-input":"required name=search_term_string"}],"inLanguage":"en-US"}]}},"_links":{"self":[{"href":"https:\/\/tilakpolypack.com\/de\/wp-json\/wp\/v2\/pages\/7863","targetHints":{"allow":["GET"]}}],"collection":[{"href":"https:\/\/tilakpolypack.com\/de\/wp-json\/wp\/v2\/pages"}],"about":[{"href":"https:\/\/tilakpolypack.com\/de\/wp-json\/wp\/v2\/types\/page"}],"author":[{"embeddable":true,"href":"https:\/\/tilakpolypack.com\/de\/wp-json\/wp\/v2\/users\/1"}],"replies":[{"embeddable":true,"href":"https:\/\/tilakpolypack.com\/de\/wp-json\/wp\/v2\/comments?post=7863"}],"version-history":[{"count":2,"href":"https:\/\/tilakpolypack.com\/de\/wp-json\/wp\/v2\/pages\/7863\/revisions"}],"predecessor-version":[{"id":10120,"href":"https:\/\/tilakpolypack.com\/de\/wp-json\/wp\/v2\/pages\/7863\/revisions\/10120"}],"wp:attachment":[{"href":"https:\/\/tilakpolypack.com\/de\/wp-json\/wp\/v2\/media?parent=7863"}],"curies":[{"name":"wp","href":"https:\/\/api.w.org\/{rel}","templated":true}]}}