{"id":7680,"date":"2023-10-06T12:03:42","date_gmt":"2023-10-06T12:03:42","guid":{"rendered":"https:\/\/archiveyourwords.com\/tilak\/?page_id=7680"},"modified":"2025-09-19T11:03:45","modified_gmt":"2025-09-19T11:03:45","slug":"kunststoff-kordeltaschen","status":"publish","type":"page","link":"https:\/\/tilakpolypack.com\/de\/kunststoff-kordeltaschen\/","title":{"rendered":"Kunststoff-Kordeltaschen"},"content":{"rendered":"<section class=\"wpb-content-wrapper\"><p>[vc_row][vc_column][vc_column_text]<\/p>\n<div class=\"col-md-12\">\n<div class=\"prod-category-img\"><\/div>\n<\/div>\n<div class=\"col-md-12\">\n<h2>Kunststoff-Kordeltaschen<\/h2>\n<p>Plastikt\u00fcten mit Kordelzug k\u00f6nnen f\u00fcr eine Vielzahl von Verwendungszwecken eingesetzt werden, beispielsweise f\u00fcr W\u00e4scheservices, Krankenh\u00e4user, <a href=\"http:\/\/Biologisch abbaubare Einkaufstasche\"><strong>Einkaufstaschen<\/strong><\/a> usw.<\/p>\n<p>Unsere Kordeltaschen sind sehr robust und im Vergleich zu Kunststoff-Eisbeutel aus Baumwolle mit Kordelzug Option. Der Kordelzug erleichtert das Verschlie\u00dfen der Tasche von oben und verhindert so, dass der Inhalt herausf\u00e4llt.<\/p>\n<h2>EIGENSCHAFTEN VON KORDELZUGBEUTELN:<\/h2>\n<ul>\n<li>Kunststoff-Kordelzug zum Verschlie\u00dfen.<\/li>\n<li>Flexibel und stark<\/li>\n<li>Kann je nach Bedarf angepasst werden.<\/li>\n<li>Wirtschaftlich im Vergleich zu Baumwollbeuteln <a href=\"https:\/\/tilakpolypack.com\/de\/eisbeutel\/\"><strong>Eisbeutel mit Baumwollkordel <\/strong><\/a>.<\/li>\n<li>Recycelbar.<\/li>\n<\/ul>\n<h3>Bei einer Mindestbestellmenge von 150 Kartons bieten wir Ihnen wettbewerbsf\u00e4hige Preise inklusive Versandkosten an jede Adresse in den USA.<\/h3>\n<\/div>\n<p>[\/vc_column_text][\/vc_column][\/vc_row][vc_row ts_responsive_css=&#8221;25777273|colbreak_no|20|||||10||10|colbreak_no|||||||||colbreak_no||||||||||colbreak_no|||||||||&#8221; css=&#8221;.vc_custom_1696656087423{margin-top: 30px !important;padding-right: 10px !important;padding-left: 10px !important;}&#8221;][vc_column]<section class=\"ts-vc_cta3-container\"><div class=\"ts-vc_general ts-vc_cta3 ts-cta3-only ts-vc_cta3-style-classic ts-vc_cta3-shape-rounded ts-vc_cta3-align-left ts-vc_cta3-color-transparent ts-vc_cta3-icon-size-md ts-vc_cta3-actions-right ts-cta3-with-desc\"><div class=\"ts-vc_cta3_content-container\"><div class=\"ts-vc_cta3-content\"><div class=\"ts-vc_cta3-content-header ts-wrap\"><div class=\"ts-vc_cta3-headers ts-wrap-cell\"><\/div><\/div><div class=\"ts-cta3-content-wrapper\"><p>Bitte kontaktieren Sie uns unter <a href=\"tel:9227422544\">+91-9227422544<\/a> oder senden Sie uns eine E-Mail an <a href=\"mailto:info@tilakpolypack.com\">info@tilakpolypack.com<\/a>, um Angebote oder weitere Informationen zu erhalten.<\/p><\/div><\/div><div class=\"ts-vc_cta3-actions\">\r\n\t\t<div class=\"ts-vc_btn3-container  popmake-8197 ts-vc_btn3-inline\"><a class=\"ts-vc_general ts-vc_btn3 ts-vc_btn3-size-md ts-vc_btn3-shape-rounded ts-vc_btn3-style-flat ts-vc_btn3-weight-yes ts-vc_btn3-color-skincolor\" href=\"\" title=\"\">Anfrage senden<\/a><\/div><\/div><\/div><\/div><\/section>[\/vc_column][\/vc_row]<\/p>\n<\/section>","protected":false},"excerpt":{"rendered":"<p>[vc_row][vc_column][vc_column_text] Kunststoff-Kordeltaschen Plastikt\u00fcten mit Kordelzug k\u00f6nnen f\u00fcr eine Vielzahl von Verwendungszwecken eingesetzt werden, beispielsweise f\u00fcr W\u00e4scheservices, Krankenh\u00e4user, Einkaufstaschen usw. Unsere Kordeltaschen sind sehr robust und im Vergleich zu Kunststoff-Eisbeutel aus Baumwolle mit Kordelzug Option. Der Kordelzug erleichtert das Verschlie\u00dfen der Tasche von oben und verhindert so, dass der Inhalt herausf\u00e4llt. EIGENSCHAFTEN VON KORDELZUGBEUTELN: Kunststoff-Kordelzug zum &hellip; <a href=\"https:\/\/tilakpolypack.com\/de\/kunststoff-kordeltaschen\/\" class=\"more-link\">Continue reading <span class=\"screen-reader-text\">Kunststoff-Kordeltaschen<\/span><\/a><\/p>\n","protected":false},"author":1,"featured_media":660,"parent":0,"menu_order":0,"comment_status":"closed","ping_status":"closed","template":"","meta":{"_acf_changed":false,"om_disable_all_campaigns":false,"_monsterinsights_skip_tracking":false,"_monsterinsights_sitenote_active":false,"_monsterinsights_sitenote_note":"","_monsterinsights_sitenote_category":0,"_uf_show_specific_survey":0,"_uf_disable_surveys":false,"footnotes":""},"class_list":["post-7680","page","type-page","status-publish","has-post-thumbnail","hentry"],"acf":[],"yoast_head":"<!-- This site is optimized with the Yoast SEO plugin v22.3 - https:\/\/yoast.com\/wordpress\/plugins\/seo\/ -->\n<title>Kordelzug-Plastikt\u00fcten \u2013 transparent und individuell gestaltbar | Tilak Polypack<\/title>\n<meta name=\"description\" content=\"Entscheiden Sie sich f\u00fcr Tilak Polypack, wenn Sie zuverl\u00e4ssige L\u00f6sungen f\u00fcr Klebefolien suchen. Als f\u00fchrender Hersteller bieten wir eine gro\u00dfe Auswahl an selbstklebenden Laminierrollen und -folien, die eine starke und dauerhafte Versiegelung f\u00fcr verschiedene Anwendungen gew\u00e4hrleisten. Kontaktieren Sie uns jetzt f\u00fcr Gro\u00dfbestellungen und Gro\u00dfhandelspreise.\" \/>\n<meta name=\"robots\" content=\"index, follow, max-snippet:-1, max-image-preview:large, max-video-preview:-1\" \/>\n<link rel=\"canonical\" href=\"https:\/\/tilakpolypack.com\/de\/kunststoff-kordeltaschen\/\" \/>\n<meta property=\"og:locale\" content=\"en_US\" \/>\n<meta property=\"og:type\" content=\"article\" \/>\n<meta property=\"og:title\" content=\"Kordelzug-Plastikt\u00fcten \u2013 transparent und individuell gestaltbar | Tilak Polypack\" \/>\n<meta property=\"og:description\" content=\"Entscheiden Sie sich f\u00fcr Tilak Polypack, wenn Sie zuverl\u00e4ssige L\u00f6sungen f\u00fcr Klebefolien suchen. Als f\u00fchrender Hersteller bieten wir eine gro\u00dfe Auswahl an selbstklebenden Laminierrollen und -folien, die eine starke und dauerhafte Versiegelung f\u00fcr verschiedene Anwendungen gew\u00e4hrleisten. Kontaktieren Sie uns jetzt f\u00fcr Gro\u00dfbestellungen und Gro\u00dfhandelspreise.\" \/>\n<meta property=\"og:url\" content=\"https:\/\/tilakpolypack.com\/de\/kunststoff-kordeltaschen\/\" \/>\n<meta property=\"og:site_name\" content=\"Tilak Polypack\" \/>\n<meta property=\"article:modified_time\" content=\"2025-09-19T11:03:45+00:00\" \/>\n<meta property=\"og:image\" content=\"https:\/\/tilakpolypack.com\/de\/wp-content\/uploads\/2018\/12\/drawstring.jpg\" \/>\n\t<meta property=\"og:image:width\" content=\"960\" \/>\n\t<meta property=\"og:image:height\" content=\"640\" \/>\n\t<meta property=\"og:image:type\" content=\"image\/jpeg\" \/>\n<meta name=\"twitter:card\" content=\"summary_large_image\" \/>\n<meta name=\"twitter:label1\" content=\"Est. reading time\" \/>\n\t<meta name=\"twitter:data1\" content=\"1 minute\" \/>\n<script type=\"application\/ld+json\" class=\"yoast-schema-graph\">{\"@context\":\"https:\/\/schema.org\",\"@graph\":[{\"@type\":\"WebPage\",\"@id\":\"https:\/\/tilakpolypack.com\/de\/kunststoff-kordeltaschen\/\",\"url\":\"https:\/\/tilakpolypack.com\/de\/kunststoff-kordeltaschen\/\",\"name\":\"Kordelzug-Plastikt\u00fcten \u2013 transparent und individuell gestaltbar | Tilak Polypack\",\"isPartOf\":{\"@id\":\"https:\/\/tilakpolypack.com\/de\/#website\"},\"primaryImageOfPage\":{\"@id\":\"https:\/\/tilakpolypack.com\/de\/kunststoff-kordeltaschen\/#primaryimage\"},\"image\":{\"@id\":\"https:\/\/tilakpolypack.com\/de\/kunststoff-kordeltaschen\/#primaryimage\"},\"thumbnailUrl\":\"https:\/\/tilakpolypack.com\/de\/wp-content\/uploads\/2018\/12\/drawstring.jpg\",\"datePublished\":\"2023-10-06T12:03:42+00:00\",\"dateModified\":\"2025-09-19T11:03:45+00:00\",\"description\":\"Entscheiden Sie sich f\u00fcr Tilak Polypack, wenn Sie zuverl\u00e4ssige L\u00f6sungen f\u00fcr Klebefolien suchen. Als f\u00fchrender Hersteller bieten wir eine gro\u00dfe Auswahl an selbstklebenden Laminierrollen und -folien, die eine starke und dauerhafte Versiegelung f\u00fcr verschiedene Anwendungen gew\u00e4hrleisten. Kontaktieren Sie uns jetzt f\u00fcr Gro\u00dfbestellungen und Gro\u00dfhandelspreise.\",\"inLanguage\":\"en-US\",\"potentialAction\":[{\"@type\":\"ReadAction\",\"target\":[\"https:\/\/tilakpolypack.com\/de\/kunststoff-kordeltaschen\/\"]}]},{\"@type\":\"ImageObject\",\"inLanguage\":\"en-US\",\"@id\":\"https:\/\/tilakpolypack.com\/de\/kunststoff-kordeltaschen\/#primaryimage\",\"url\":\"https:\/\/tilakpolypack.com\/de\/wp-content\/uploads\/2018\/12\/drawstring.jpg\",\"contentUrl\":\"https:\/\/tilakpolypack.com\/de\/wp-content\/uploads\/2018\/12\/drawstring.jpg\",\"width\":960,\"height\":640},{\"@type\":\"WebSite\",\"@id\":\"https:\/\/tilakpolypack.com\/de\/#website\",\"url\":\"https:\/\/tilakpolypack.com\/de\/\",\"name\":\"Tilak Polypack\",\"description\":\"\",\"potentialAction\":[{\"@type\":\"SearchAction\",\"target\":{\"@type\":\"EntryPoint\",\"urlTemplate\":\"https:\/\/tilakpolypack.com\/de\/?s={search_term_string}\"},\"query-input\":\"required name=search_term_string\"}],\"inLanguage\":\"en-US\"}]}<\/script>\n<!-- \/ Yoast SEO plugin. -->","yoast_head_json":{"title":"Kordelzug-Plastikt\u00fcten \u2013 transparent und individuell gestaltbar | Tilak Polypack","description":"Entscheiden Sie sich f\u00fcr Tilak Polypack, wenn Sie zuverl\u00e4ssige L\u00f6sungen f\u00fcr Klebefolien suchen. Als f\u00fchrender Hersteller bieten wir eine gro\u00dfe Auswahl an selbstklebenden Laminierrollen und -folien, die eine starke und dauerhafte Versiegelung f\u00fcr verschiedene Anwendungen gew\u00e4hrleisten. Kontaktieren Sie uns jetzt f\u00fcr Gro\u00dfbestellungen und Gro\u00dfhandelspreise.","robots":{"index":"index","follow":"follow","max-snippet":"max-snippet:-1","max-image-preview":"max-image-preview:large","max-video-preview":"max-video-preview:-1"},"canonical":"https:\/\/tilakpolypack.com\/de\/kunststoff-kordeltaschen\/","og_locale":"en_US","og_type":"article","og_title":"Kordelzug-Plastikt\u00fcten \u2013 transparent und individuell gestaltbar | Tilak Polypack","og_description":"Entscheiden Sie sich f\u00fcr Tilak Polypack, wenn Sie zuverl\u00e4ssige L\u00f6sungen f\u00fcr Klebefolien suchen. Als f\u00fchrender Hersteller bieten wir eine gro\u00dfe Auswahl an selbstklebenden Laminierrollen und -folien, die eine starke und dauerhafte Versiegelung f\u00fcr verschiedene Anwendungen gew\u00e4hrleisten. Kontaktieren Sie uns jetzt f\u00fcr Gro\u00dfbestellungen und Gro\u00dfhandelspreise.","og_url":"https:\/\/tilakpolypack.com\/de\/kunststoff-kordeltaschen\/","og_site_name":"Tilak Polypack","article_modified_time":"2025-09-19T11:03:45+00:00","og_image":[{"width":960,"height":640,"url":"https:\/\/tilakpolypack.com\/de\/wp-content\/uploads\/2018\/12\/drawstring.jpg","type":"image\/jpeg"}],"twitter_card":"summary_large_image","twitter_misc":{"Est. reading time":"1 minute"},"schema":{"@context":"https:\/\/schema.org","@graph":[{"@type":"WebPage","@id":"https:\/\/tilakpolypack.com\/de\/kunststoff-kordeltaschen\/","url":"https:\/\/tilakpolypack.com\/de\/kunststoff-kordeltaschen\/","name":"Kordelzug-Plastikt\u00fcten \u2013 transparent und individuell gestaltbar | Tilak Polypack","isPartOf":{"@id":"https:\/\/tilakpolypack.com\/de\/#website"},"primaryImageOfPage":{"@id":"https:\/\/tilakpolypack.com\/de\/kunststoff-kordeltaschen\/#primaryimage"},"image":{"@id":"https:\/\/tilakpolypack.com\/de\/kunststoff-kordeltaschen\/#primaryimage"},"thumbnailUrl":"https:\/\/tilakpolypack.com\/de\/wp-content\/uploads\/2018\/12\/drawstring.jpg","datePublished":"2023-10-06T12:03:42+00:00","dateModified":"2025-09-19T11:03:45+00:00","description":"Entscheiden Sie sich f\u00fcr Tilak Polypack, wenn Sie zuverl\u00e4ssige L\u00f6sungen f\u00fcr Klebefolien suchen. Als f\u00fchrender Hersteller bieten wir eine gro\u00dfe Auswahl an selbstklebenden Laminierrollen und -folien, die eine starke und dauerhafte Versiegelung f\u00fcr verschiedene Anwendungen gew\u00e4hrleisten. Kontaktieren Sie uns jetzt f\u00fcr Gro\u00dfbestellungen und Gro\u00dfhandelspreise.","inLanguage":"en-US","potentialAction":[{"@type":"ReadAction","target":["https:\/\/tilakpolypack.com\/de\/kunststoff-kordeltaschen\/"]}]},{"@type":"ImageObject","inLanguage":"en-US","@id":"https:\/\/tilakpolypack.com\/de\/kunststoff-kordeltaschen\/#primaryimage","url":"https:\/\/tilakpolypack.com\/de\/wp-content\/uploads\/2018\/12\/drawstring.jpg","contentUrl":"https:\/\/tilakpolypack.com\/de\/wp-content\/uploads\/2018\/12\/drawstring.jpg","width":960,"height":640},{"@type":"WebSite","@id":"https:\/\/tilakpolypack.com\/de\/#website","url":"https:\/\/tilakpolypack.com\/de\/","name":"Tilak Polypack","description":"","potentialAction":[{"@type":"SearchAction","target":{"@type":"EntryPoint","urlTemplate":"https:\/\/tilakpolypack.com\/de\/?s={search_term_string}"},"query-input":"required name=search_term_string"}],"inLanguage":"en-US"}]}},"_links":{"self":[{"href":"https:\/\/tilakpolypack.com\/de\/wp-json\/wp\/v2\/pages\/7680","targetHints":{"allow":["GET"]}}],"collection":[{"href":"https:\/\/tilakpolypack.com\/de\/wp-json\/wp\/v2\/pages"}],"about":[{"href":"https:\/\/tilakpolypack.com\/de\/wp-json\/wp\/v2\/types\/page"}],"author":[{"embeddable":true,"href":"https:\/\/tilakpolypack.com\/de\/wp-json\/wp\/v2\/users\/1"}],"replies":[{"embeddable":true,"href":"https:\/\/tilakpolypack.com\/de\/wp-json\/wp\/v2\/comments?post=7680"}],"version-history":[{"count":5,"href":"https:\/\/tilakpolypack.com\/de\/wp-json\/wp\/v2\/pages\/7680\/revisions"}],"predecessor-version":[{"id":10236,"href":"https:\/\/tilakpolypack.com\/de\/wp-json\/wp\/v2\/pages\/7680\/revisions\/10236"}],"wp:featuredmedia":[{"embeddable":true,"href":"https:\/\/tilakpolypack.com\/de\/wp-json\/wp\/v2\/media\/660"}],"wp:attachment":[{"href":"https:\/\/tilakpolypack.com\/de\/wp-json\/wp\/v2\/media?parent=7680"}],"curies":[{"name":"wp","href":"https:\/\/api.w.org\/{rel}","templated":true}]}}