{"id":7677,"date":"2023-10-06T12:02:03","date_gmt":"2023-10-06T12:02:03","guid":{"rendered":"https:\/\/archiveyourwords.com\/tilak\/?page_id=7677"},"modified":"2025-09-19T10:52:50","modified_gmt":"2025-09-19T10:52:50","slug":"wiederverschliesbare-polybeutel-mit-aufhanger","status":"publish","type":"page","link":"https:\/\/tilakpolypack.com\/de\/wiederverschliesbare-polybeutel-mit-aufhanger\/","title":{"rendered":"Wiederverschlie\u00dfbare Polybeutel mit Aufh\u00e4nger"},"content":{"rendered":"<section class=\"wpb-content-wrapper\"><p>[vc_row][vc_column][vc_column_text]<\/p>\n<div class=\"col-md-12\">\n<div class=\"prod-category-img\"><\/div>\n<\/div>\n<div class=\"col-md-12\">\n<h2>Wiederverschlie\u00dfbare Polybeutel mit Aufh\u00e4nger<\/h2>\n<p>Wir bieten eine hochwertige Auswahl an Kleiderb\u00fcgel-Taschen an. Die von uns angebotenen Kleiderb\u00fcgel-Taschen werden aus hochwertigen Rohstoffen und mit modernsten Maschinen hergestellt, die den industriellen Normen entsprechen. Unsere <a href=\"https:\/\/tilakpolypack.com\/de\/soft-loop-handle-bags\/\"><strong>Taschen mit flexiblem Schlaufengriff <\/strong><\/a> sind auf dem Markt f\u00fcr ihre optimale Festigkeit und Langlebigkeit bekannt.<\/p>\n<p>Funktion:<\/p>\n<p><a href=\"https:\/\/tilakpolypack.com\/de\/grip-seal-beutel\/\"><strong>Ziplock-Beutel<\/strong><\/a> und Aufh\u00e4ngehaken<\/p>\n<p>VERWENDUNG:<\/p>\n<p>STRUMPFWARENINDUSTRIE, BEKLEIDUNGSINDUSTRIE, MEHRFACHE VERPACKUNG VON BEKLEIDUNG<\/p>\n<\/div>\n<p>[\/vc_column_text][\/vc_column][\/vc_row][vc_row ts_responsive_css=&#8221;25777273|colbreak_no|20|||||10||10|colbreak_no|||||||||colbreak_no||||||||||colbreak_no|||||||||&#8221; css=&#8221;.vc_custom_1696656087423{margin-top: 30px !important;padding-right: 10px !important;padding-left: 10px !important;}&#8221;][vc_column]<section class=\"ts-vc_cta3-container\"><div class=\"ts-vc_general ts-vc_cta3 ts-cta3-only ts-vc_cta3-style-classic ts-vc_cta3-shape-rounded ts-vc_cta3-align-left ts-vc_cta3-color-transparent ts-vc_cta3-icon-size-md ts-vc_cta3-actions-right ts-cta3-with-desc\"><div class=\"ts-vc_cta3_content-container\"><div class=\"ts-vc_cta3-content\"><div class=\"ts-vc_cta3-content-header ts-wrap\"><div class=\"ts-vc_cta3-headers ts-wrap-cell\"><\/div><\/div><div class=\"ts-cta3-content-wrapper\"><p>Bitte kontaktieren Sie uns unter <a href=\"tel:9227422544\">+91-9227422544<\/a> oder senden Sie uns eine E-Mail an <a href=\"mailto:info@tilakpolypack.com\">info@tilakpolypack.com<\/a>, um Angebote oder weitere Informationen zu erhalten.<\/p><\/div><\/div><div class=\"ts-vc_cta3-actions\">\r\n\t\t<div class=\"ts-vc_btn3-container  popmake-8197 ts-vc_btn3-inline\"><a class=\"ts-vc_general ts-vc_btn3 ts-vc_btn3-size-md ts-vc_btn3-shape-rounded ts-vc_btn3-style-flat ts-vc_btn3-weight-yes ts-vc_btn3-color-skincolor\" href=\"\" title=\"\">Anfrage senden<\/a><\/div><\/div><\/div><\/div><\/section>[\/vc_column][\/vc_row]<\/p>\n<\/section>","protected":false},"excerpt":{"rendered":"<p>[vc_row][vc_column][vc_column_text] Wiederverschlie\u00dfbare Polybeutel mit Aufh\u00e4nger Wir bieten eine hochwertige Auswahl an Kleiderb\u00fcgel-Taschen an. Die von uns angebotenen Kleiderb\u00fcgel-Taschen werden aus hochwertigen Rohstoffen und mit modernsten Maschinen hergestellt, die den industriellen Normen entsprechen. Unsere Taschen mit flexiblem Schlaufengriff sind auf dem Markt f\u00fcr ihre optimale Festigkeit und Langlebigkeit bekannt. Funktion: Ziplock-Beutel und Aufh\u00e4ngehaken VERWENDUNG: STRUMPFWARENINDUSTRIE, BEKLEIDUNGSINDUSTRIE, &hellip; <a href=\"https:\/\/tilakpolypack.com\/de\/wiederverschliesbare-polybeutel-mit-aufhanger\/\" class=\"more-link\">Continue reading <span class=\"screen-reader-text\">Wiederverschlie\u00dfbare Polybeutel mit Aufh\u00e4nger<\/span><\/a><\/p>\n","protected":false},"author":1,"featured_media":7939,"parent":0,"menu_order":0,"comment_status":"closed","ping_status":"closed","template":"","meta":{"_acf_changed":false,"om_disable_all_campaigns":false,"_monsterinsights_skip_tracking":false,"_monsterinsights_sitenote_active":false,"_monsterinsights_sitenote_note":"","_monsterinsights_sitenote_category":0,"_uf_show_specific_survey":0,"_uf_disable_surveys":false,"footnotes":""},"class_list":["post-7677","page","type-page","status-publish","has-post-thumbnail","hentry"],"acf":[],"yoast_head":"<!-- This site is optimized with the Yoast SEO plugin v22.3 - https:\/\/yoast.com\/wordpress\/plugins\/seo\/ -->\n<title>Wiederverschlie\u00dfbare Polybeutel mit Aufh\u00e4nger | Tilak Polypack - Tilak Polypack<\/title>\n<meta name=\"description\" content=\"Organisieren und sch\u00fctzen Sie Ihre Produkte mit den wiederverschlie\u00dfbaren Polybeuteln mit Aufh\u00e4nger von Tilak Polypack. Als Hersteller hochwertiger Polybeutel mit Aufh\u00e4nger k\u00f6nnen Sie aus unserem Sortiment an Gr\u00f6\u00dfen und Ausf\u00fchrungen w\u00e4hlen, um Ihre Produkte sichtbar und leicht zug\u00e4nglich zu halten. Kontaktieren Sie uns noch heute, um mehr zu erfahren.\" \/>\n<meta name=\"robots\" content=\"index, follow, max-snippet:-1, max-image-preview:large, max-video-preview:-1\" \/>\n<link rel=\"canonical\" href=\"https:\/\/tilakpolypack.com\/de\/wiederverschliesbare-polybeutel-mit-aufhanger\/\" \/>\n<meta property=\"og:locale\" content=\"en_US\" \/>\n<meta property=\"og:type\" content=\"article\" \/>\n<meta property=\"og:title\" content=\"Wiederverschlie\u00dfbare Polybeutel mit Aufh\u00e4nger | Tilak Polypack - Tilak Polypack\" \/>\n<meta property=\"og:description\" content=\"Organisieren und sch\u00fctzen Sie Ihre Produkte mit den wiederverschlie\u00dfbaren Polybeuteln mit Aufh\u00e4nger von Tilak Polypack. Als Hersteller hochwertiger Polybeutel mit Aufh\u00e4nger k\u00f6nnen Sie aus unserem Sortiment an Gr\u00f6\u00dfen und Ausf\u00fchrungen w\u00e4hlen, um Ihre Produkte sichtbar und leicht zug\u00e4nglich zu halten. Kontaktieren Sie uns noch heute, um mehr zu erfahren.\" \/>\n<meta property=\"og:url\" content=\"https:\/\/tilakpolypack.com\/de\/wiederverschliesbare-polybeutel-mit-aufhanger\/\" \/>\n<meta property=\"og:site_name\" content=\"Tilak Polypack\" \/>\n<meta property=\"article:modified_time\" content=\"2025-09-19T10:52:50+00:00\" \/>\n<meta property=\"og:image\" content=\"https:\/\/tilakpolypack.com\/de\/wp-content\/uploads\/2023\/10\/Resealable-Poly-Bags-With-Hanger.jpg\" \/>\n\t<meta property=\"og:image:width\" content=\"760\" \/>\n\t<meta property=\"og:image:height\" content=\"510\" \/>\n\t<meta property=\"og:image:type\" content=\"image\/jpeg\" \/>\n<meta name=\"twitter:card\" content=\"summary_large_image\" \/>\n<meta name=\"twitter:label1\" content=\"Est. reading time\" \/>\n\t<meta name=\"twitter:data1\" content=\"1 minute\" \/>\n<script type=\"application\/ld+json\" class=\"yoast-schema-graph\">{\"@context\":\"https:\/\/schema.org\",\"@graph\":[{\"@type\":\"WebPage\",\"@id\":\"https:\/\/tilakpolypack.com\/de\/wiederverschliesbare-polybeutel-mit-aufhanger\/\",\"url\":\"https:\/\/tilakpolypack.com\/de\/wiederverschliesbare-polybeutel-mit-aufhanger\/\",\"name\":\"Wiederverschlie\u00dfbare Polybeutel mit Aufh\u00e4nger | Tilak Polypack - Tilak Polypack\",\"isPartOf\":{\"@id\":\"https:\/\/tilakpolypack.com\/de\/#website\"},\"primaryImageOfPage\":{\"@id\":\"https:\/\/tilakpolypack.com\/de\/wiederverschliesbare-polybeutel-mit-aufhanger\/#primaryimage\"},\"image\":{\"@id\":\"https:\/\/tilakpolypack.com\/de\/wiederverschliesbare-polybeutel-mit-aufhanger\/#primaryimage\"},\"thumbnailUrl\":\"https:\/\/tilakpolypack.com\/de\/wp-content\/uploads\/2023\/10\/Resealable-Poly-Bags-With-Hanger.jpg\",\"datePublished\":\"2023-10-06T12:02:03+00:00\",\"dateModified\":\"2025-09-19T10:52:50+00:00\",\"description\":\"Organisieren und sch\u00fctzen Sie Ihre Produkte mit den wiederverschlie\u00dfbaren Polybeuteln mit Aufh\u00e4nger von Tilak Polypack. Als Hersteller hochwertiger Polybeutel mit Aufh\u00e4nger k\u00f6nnen Sie aus unserem Sortiment an Gr\u00f6\u00dfen und Ausf\u00fchrungen w\u00e4hlen, um Ihre Produkte sichtbar und leicht zug\u00e4nglich zu halten. Kontaktieren Sie uns noch heute, um mehr zu erfahren.\",\"inLanguage\":\"en-US\",\"potentialAction\":[{\"@type\":\"ReadAction\",\"target\":[\"https:\/\/tilakpolypack.com\/de\/wiederverschliesbare-polybeutel-mit-aufhanger\/\"]}]},{\"@type\":\"ImageObject\",\"inLanguage\":\"en-US\",\"@id\":\"https:\/\/tilakpolypack.com\/de\/wiederverschliesbare-polybeutel-mit-aufhanger\/#primaryimage\",\"url\":\"https:\/\/tilakpolypack.com\/de\/wp-content\/uploads\/2023\/10\/Resealable-Poly-Bags-With-Hanger.jpg\",\"contentUrl\":\"https:\/\/tilakpolypack.com\/de\/wp-content\/uploads\/2023\/10\/Resealable-Poly-Bags-With-Hanger.jpg\",\"width\":760,\"height\":510},{\"@type\":\"WebSite\",\"@id\":\"https:\/\/tilakpolypack.com\/de\/#website\",\"url\":\"https:\/\/tilakpolypack.com\/de\/\",\"name\":\"Tilak Polypack\",\"description\":\"\",\"potentialAction\":[{\"@type\":\"SearchAction\",\"target\":{\"@type\":\"EntryPoint\",\"urlTemplate\":\"https:\/\/tilakpolypack.com\/de\/?s={search_term_string}\"},\"query-input\":\"required name=search_term_string\"}],\"inLanguage\":\"en-US\"}]}<\/script>\n<!-- \/ Yoast SEO plugin. -->","yoast_head_json":{"title":"Wiederverschlie\u00dfbare Polybeutel mit Aufh\u00e4nger | Tilak Polypack - Tilak Polypack","description":"Organisieren und sch\u00fctzen Sie Ihre Produkte mit den wiederverschlie\u00dfbaren Polybeuteln mit Aufh\u00e4nger von Tilak Polypack. Als Hersteller hochwertiger Polybeutel mit Aufh\u00e4nger k\u00f6nnen Sie aus unserem Sortiment an Gr\u00f6\u00dfen und Ausf\u00fchrungen w\u00e4hlen, um Ihre Produkte sichtbar und leicht zug\u00e4nglich zu halten. Kontaktieren Sie uns noch heute, um mehr zu erfahren.","robots":{"index":"index","follow":"follow","max-snippet":"max-snippet:-1","max-image-preview":"max-image-preview:large","max-video-preview":"max-video-preview:-1"},"canonical":"https:\/\/tilakpolypack.com\/de\/wiederverschliesbare-polybeutel-mit-aufhanger\/","og_locale":"en_US","og_type":"article","og_title":"Wiederverschlie\u00dfbare Polybeutel mit Aufh\u00e4nger | Tilak Polypack - Tilak Polypack","og_description":"Organisieren und sch\u00fctzen Sie Ihre Produkte mit den wiederverschlie\u00dfbaren Polybeuteln mit Aufh\u00e4nger von Tilak Polypack. Als Hersteller hochwertiger Polybeutel mit Aufh\u00e4nger k\u00f6nnen Sie aus unserem Sortiment an Gr\u00f6\u00dfen und Ausf\u00fchrungen w\u00e4hlen, um Ihre Produkte sichtbar und leicht zug\u00e4nglich zu halten. Kontaktieren Sie uns noch heute, um mehr zu erfahren.","og_url":"https:\/\/tilakpolypack.com\/de\/wiederverschliesbare-polybeutel-mit-aufhanger\/","og_site_name":"Tilak Polypack","article_modified_time":"2025-09-19T10:52:50+00:00","og_image":[{"width":760,"height":510,"url":"https:\/\/tilakpolypack.com\/de\/wp-content\/uploads\/2023\/10\/Resealable-Poly-Bags-With-Hanger.jpg","type":"image\/jpeg"}],"twitter_card":"summary_large_image","twitter_misc":{"Est. reading time":"1 minute"},"schema":{"@context":"https:\/\/schema.org","@graph":[{"@type":"WebPage","@id":"https:\/\/tilakpolypack.com\/de\/wiederverschliesbare-polybeutel-mit-aufhanger\/","url":"https:\/\/tilakpolypack.com\/de\/wiederverschliesbare-polybeutel-mit-aufhanger\/","name":"Wiederverschlie\u00dfbare Polybeutel mit Aufh\u00e4nger | Tilak Polypack - Tilak Polypack","isPartOf":{"@id":"https:\/\/tilakpolypack.com\/de\/#website"},"primaryImageOfPage":{"@id":"https:\/\/tilakpolypack.com\/de\/wiederverschliesbare-polybeutel-mit-aufhanger\/#primaryimage"},"image":{"@id":"https:\/\/tilakpolypack.com\/de\/wiederverschliesbare-polybeutel-mit-aufhanger\/#primaryimage"},"thumbnailUrl":"https:\/\/tilakpolypack.com\/de\/wp-content\/uploads\/2023\/10\/Resealable-Poly-Bags-With-Hanger.jpg","datePublished":"2023-10-06T12:02:03+00:00","dateModified":"2025-09-19T10:52:50+00:00","description":"Organisieren und sch\u00fctzen Sie Ihre Produkte mit den wiederverschlie\u00dfbaren Polybeuteln mit Aufh\u00e4nger von Tilak Polypack. Als Hersteller hochwertiger Polybeutel mit Aufh\u00e4nger k\u00f6nnen Sie aus unserem Sortiment an Gr\u00f6\u00dfen und Ausf\u00fchrungen w\u00e4hlen, um Ihre Produkte sichtbar und leicht zug\u00e4nglich zu halten. Kontaktieren Sie uns noch heute, um mehr zu erfahren.","inLanguage":"en-US","potentialAction":[{"@type":"ReadAction","target":["https:\/\/tilakpolypack.com\/de\/wiederverschliesbare-polybeutel-mit-aufhanger\/"]}]},{"@type":"ImageObject","inLanguage":"en-US","@id":"https:\/\/tilakpolypack.com\/de\/wiederverschliesbare-polybeutel-mit-aufhanger\/#primaryimage","url":"https:\/\/tilakpolypack.com\/de\/wp-content\/uploads\/2023\/10\/Resealable-Poly-Bags-With-Hanger.jpg","contentUrl":"https:\/\/tilakpolypack.com\/de\/wp-content\/uploads\/2023\/10\/Resealable-Poly-Bags-With-Hanger.jpg","width":760,"height":510},{"@type":"WebSite","@id":"https:\/\/tilakpolypack.com\/de\/#website","url":"https:\/\/tilakpolypack.com\/de\/","name":"Tilak Polypack","description":"","potentialAction":[{"@type":"SearchAction","target":{"@type":"EntryPoint","urlTemplate":"https:\/\/tilakpolypack.com\/de\/?s={search_term_string}"},"query-input":"required name=search_term_string"}],"inLanguage":"en-US"}]}},"_links":{"self":[{"href":"https:\/\/tilakpolypack.com\/de\/wp-json\/wp\/v2\/pages\/7677","targetHints":{"allow":["GET"]}}],"collection":[{"href":"https:\/\/tilakpolypack.com\/de\/wp-json\/wp\/v2\/pages"}],"about":[{"href":"https:\/\/tilakpolypack.com\/de\/wp-json\/wp\/v2\/types\/page"}],"author":[{"embeddable":true,"href":"https:\/\/tilakpolypack.com\/de\/wp-json\/wp\/v2\/users\/1"}],"replies":[{"embeddable":true,"href":"https:\/\/tilakpolypack.com\/de\/wp-json\/wp\/v2\/comments?post=7677"}],"version-history":[{"count":4,"href":"https:\/\/tilakpolypack.com\/de\/wp-json\/wp\/v2\/pages\/7677\/revisions"}],"predecessor-version":[{"id":10232,"href":"https:\/\/tilakpolypack.com\/de\/wp-json\/wp\/v2\/pages\/7677\/revisions\/10232"}],"wp:featuredmedia":[{"embeddable":true,"href":"https:\/\/tilakpolypack.com\/de\/wp-json\/wp\/v2\/media\/7939"}],"wp:attachment":[{"href":"https:\/\/tilakpolypack.com\/de\/wp-json\/wp\/v2\/media?parent=7677"}],"curies":[{"name":"wp","href":"https:\/\/api.w.org\/{rel}","templated":true}]}}