{"id":7675,"date":"2023-10-06T12:00:42","date_gmt":"2023-10-06T12:00:42","guid":{"rendered":"https:\/\/archiveyourwords.com\/tilak\/?page_id=7675"},"modified":"2025-09-19T10:44:23","modified_gmt":"2025-09-19T10:44:23","slug":"versand-von-polybeuteln","status":"publish","type":"page","link":"https:\/\/tilakpolypack.com\/de\/versand-von-polybeuteln\/","title":{"rendered":"Versand von Polybeuteln"},"content":{"rendered":"<section class=\"wpb-content-wrapper\"><p>[vc_row][vc_column][vc_column_text]<\/p>\n<div class=\"col-md-12\">\n<div class=\"prod-category-img\"><\/div>\n<\/div>\n<div class=\"col-md-12\">\n<h2>Polybeutel f\u00fcr den Versand<\/h2>\n<p class=\"text-body font-regular leading-[24px] pt-[9px] pb-[2px]\" dir=\"ltr\">Stellen Sie sich vor, wie begeistert Ihre Kunden sein werden, wenn sie ihre Bestellungen in einem wundersch\u00f6n gestalteten, individuell bedruckten Versandbeutel erhalten, der die Pers\u00f6nlichkeit und Professionalit\u00e4t Ihrer Marke widerspiegelt. Bei Tilak Polypack sind wir auf die Herstellung von <a href=\"https:\/\/tilakpolypack.com\/de\/ldpe-beutel\/\"><strong>LDPE-Polybeutel <\/strong><\/a> spezialisiert, die nicht nur Ihre Produkte sch\u00fctzen, sondern auch einen bleibenden Eindruck hinterlassen.<\/p>\n<h3 class=\"font-bold text-h4 leading-[30px] pt-[15px] pb-[2px] [&amp;_a]:underline-offset-[6px] [&amp;_.underline]:underline-offset-[6px]\" dir=\"ltr\">Warum sollten Sie Polybeutel f\u00fcr den Versand w\u00e4hlen?<\/h3>\n<p class=\"text-body font-regular leading-[24px] pt-[9px] pb-[2px]\" dir=\"ltr\">Der Versand kann eine kostspielige Angelegenheit sein, insbesondere wenn gro\u00dfe Kartons beteiligt sind. Unsere Versandtaschen aus Polyethylen bieten eine kosteng\u00fcnstige Alternative, ohne Kompromisse bei Qualit\u00e4t oder Schutz einzugehen. So sorgen sie f\u00fcr einen reibungslosen und kosteng\u00fcnstigen Versand:<\/p>\n<h3 class=\"font-bold text-h4 leading-[30px] pt-[15px] pb-[2px] [&amp;_a]:underline-offset-[6px] [&amp;_.underline]:underline-offset-[6px]\" dir=\"ltr\">Vorteile auf einen Blick<\/h3>\n<ul class=\"pt-[9px] pb-[2px] pl-[24px] list-disc [&amp;_ul]:pt-[5px] pt-[5px]\">\n<li class=\"text-body font-regular leading-[24px] my-[5px] [&amp;&gt;ol]:!pt-0 [&amp;&gt;ol]:!pb-0 [&amp;&gt;ul]:!pt-0 [&amp;&gt;ul]:!pb-0\" value=\"1\"><b><strong class=\"font-bold\">Kosteng\u00fcnstiger Versand<\/strong><\/b>:<\/li>\n<\/ul>\n<p class=\"text-body font-regular leading-[24px] pt-[9px] pb-[2px]\" dir=\"ltr\">Verabschieden Sie sich von den hohen Kosten, die mit sperrigen Kartons verbunden sind. Unsere Polybeutel sind leicht, reduzieren die Versandkosten und sind somit eine budgetfreundliche Option f\u00fcr Unternehmen jeder Gr\u00f6\u00dfe.<\/p>\n<ul>\n<li><b><strong class=\"font-bold\">Langlebigkeit trifft auf Sicherheit<\/strong><\/b>:<\/li>\n<\/ul>\n<p class=\"text-body font-regular leading-[24px] pt-[9px] pb-[2px]\" dir=\"ltr\">Unsere Polybeutel werden aus hochwertigen Materialien hergestellt, sind wasserdicht und mit einem integrierten Klebestreifen versehen, sodass Ihre Produkte sicher und unbesch\u00e4digt an ihrem Bestimmungsort ankommen.<\/p>\n<ul class=\"pt-[9px] pb-[2px] pl-[24px] list-disc [&amp;_ul]:pt-[5px] pt-[5px]\">\n<li class=\"text-body font-regular leading-[24px] my-[5px] [&amp;&gt;ol]:!pt-0 [&amp;&gt;ol]:!pb-0 [&amp;&gt;ul]:!pt-0 [&amp;&gt;ul]:!pb-0\" value=\"1\"><b><strong class=\"font-bold\">Vielseitige Optionen<\/strong><\/b>:<\/li>\n<\/ul>\n<p class=\"text-body font-regular leading-[24px] pt-[9px] pb-[2px]\" dir=\"ltr\">W\u00e4hlen Sie aus einer gro\u00dfen Auswahl an Versandtaschen, darunter Economy- und \u201eTuff\u201c-Optionen, Versand- und Kuriertaschen, manipulationssichere Designs, Varianten mit Luftpolsterfolie und sogar auff\u00e4llige Werbesendungen aus Metall. Was auch immer Ihre Versandanforderungen sind, wir haben die passende L\u00f6sung f\u00fcr Sie.<\/p>\n<ul class=\"pt-[9px] pb-[2px] pl-[24px] list-disc [&amp;_ul]:pt-[5px] pt-[5px]\">\n<li class=\"text-body font-regular leading-[24px] my-[5px] [&amp;&gt;ol]:!pt-0 [&amp;&gt;ol]:!pb-0 [&amp;&gt;ul]:!pt-0 [&amp;&gt;ul]:!pb-0\" value=\"1\"><b><strong class=\"font-bold\">Anpassung f\u00fcr Branding<\/strong><\/b>:<\/li>\n<\/ul>\n<p class=\"text-body font-regular leading-[24px] pt-[9px] pb-[2px]\" dir=\"ltr\">Heben Sie sich von der Konkurrenz ab, indem Sie Ihre einzigartigen Designs auf unsere Polybeutel drucken lassen. Erh\u00e4ltlich in verschiedenen Farben wie Wei\u00df, Transparent, Schwarz und Wei\u00df, Grau und Wei\u00df sowie Blau, k\u00f6nnen Sie den perfekten Farbton ausw\u00e4hlen, der zur Identit\u00e4t Ihrer Marke passt.<\/p>\n<h3 class=\"font-bold text-h4 leading-[30px] pt-[15px] pb-[2px] [&amp;_a]:underline-offset-[6px] [&amp;_.underline]:underline-offset-[6px]\" dir=\"ltr\">Wie unsere Taschen Ihr Gesch\u00e4ft verbessern<\/h3>\n<p class=\"text-body font-regular leading-[24px] pt-[9px] pb-[2px]\" dir=\"ltr\"><b><strong class=\"font-bold\">Professionalit\u00e4t mit pers\u00f6nlicher Note<\/strong><\/b>:<\/p>\n<p class=\"text-body font-regular leading-[24px] pt-[9px] pb-[2px]\" dir=\"ltr\">Jeder individuell bedruckte Versandkarton erz\u00e4hlt die Geschichte Ihrer Marke und verwandelt ein gew\u00f6hnliches Paket in ein au\u00dfergew\u00f6hnliches Auspackerlebnis. Geben Sie Ihren Kunden das Gef\u00fchl, gesch\u00e4tzt zu werden, und steigern Sie so ihre allgemeine Zufriedenheit.<\/p>\n<p class=\"text-body font-regular leading-[24px] pt-[9px] pb-[2px]\" dir=\"ltr\"><b><strong class=\"font-bold\">Globale Reichweite, zuverl\u00e4ssiger Schutz<\/strong><\/b>:<\/p>\n<p class=\"text-body font-regular leading-[24px] pt-[9px] pb-[2px]\" dir=\"ltr\">Ob Sie nun innerhalb des Landes oder international versenden, unsere Polybeutel sind so konzipiert, dass sie dem Transport per Post oder Kurierdienst standhalten. Sie k\u00f6nnen sich darauf verlassen, dass Ihre Produkte vor Feuchtigkeit und Manipulation gesch\u00fctzt sind und in einwandfreiem Zustand ankommen.<\/p>\n<p class=\"text-body font-regular leading-[24px] pt-[9px] pb-[2px]\" dir=\"ltr\"><b><strong class=\"font-bold\">Umweltbewusste Entscheidungen<\/strong><\/b>:<\/p>\n<p class=\"text-body font-regular leading-[24px] pt-[9px] pb-[2px]\" dir=\"ltr\">Unsere <a href=\"https:\/\/tilakpolypack.com\/de\/durchsichtige-polyethylen-verpackungsbeutel\/\"><strong>Klare Polyethylen-Verpackungsbeutel<\/strong><\/a> sind nicht nur praktisch und stilvoll, sondern auch nachhaltig hergestellt, sodass Ihr Unternehmen verantwortungsbewusste Schritte zum Schutz der Umwelt unternehmen kann.<\/p>\n<h2 class=\"font-bold text-h3 leading-[36px] pt-[21px] pb-[2px] [&amp;_a]:underline-offset-[6px] [&amp;_.underline]:underline-offset-[6px]\" dir=\"ltr\">Gro\u00dfhandel Poly-Versandtaschen<\/h2>\n<p class=\"text-body font-regular leading-[24px] pt-[9px] pb-[2px]\" dir=\"ltr\">Unsere Poly-Versandtaschen f\u00fcr den Gro\u00dfhandel sind auf Langlebigkeit und Schutz ausgelegt und sorgen daf\u00fcr, dass Ihre Produkte w\u00e4hrend des Versands sicher bleiben. Sie sind in verschiedenen Gr\u00f6\u00dfen und Designs erh\u00e4ltlich und eignen sich perfekt f\u00fcr E-Commerce-Unternehmen, die ihren Verpackungsprozess optimieren m\u00f6chten. Es sind individuelle Poly-Versandtaschen f\u00fcr den Gro\u00dfhandel erh\u00e4ltlich, die Ihren spezifischen Anforderungen entsprechen. Au\u00dferdem sind individuelle Druckoptionen verf\u00fcgbar, um die Sichtbarkeit und \u00c4sthetik Ihrer Marke zu verbessern. Kaufen Sie in gro\u00dfen Mengen, um mehr zu sparen und Ihren Kunden eine zuverl\u00e4ssige Verpackungsl\u00f6sung zu bieten.<\/p>\n<h3 class=\"font-bold text-h4 leading-[30px] pt-[15px] pb-[2px] [&amp;_a]:underline-offset-[6px] [&amp;_.underline]:underline-offset-[6px]\" dir=\"ltr\">Sind Sie bereit, Ihr Versand-Erlebnis zu revolutionieren?<\/h3>\n<p class=\"text-body font-regular leading-[24px] pt-[9px] pb-[2px]\" dir=\"ltr\">Steigern Sie den Wert Ihrer Marke und sorgen Sie daf\u00fcr, dass Ihre Produkte sicher und stilvoll ihr Ziel erreichen \u2013 mit den ma\u00dfgeschneiderten Versandbeuteln von Tilak Polypack. Kontaktieren Sie uns noch heute f\u00fcr ein Angebot oder weitere Informationen:<\/p>\n<p class=\"text-body font-regular leading-[24px] pt-[9px] pb-[2px]\" dir=\"ltr\">\ud83d\udcde +91-9227422544<\/p>\n<p class=\"text-body font-regular leading-[24px] pt-[9px] pb-[2px]\" dir=\"ltr\">\ud83d\udce7 info@tilakpolypack.com<\/p>\n<p class=\"text-body font-regular leading-[24px] pt-[9px] pb-[2px]\" dir=\"ltr\">Ihre Marke verdient es, vom Moment der Ankunft Ihres Pakets an zu gl\u00e4nzen. Entscheiden Sie sich f\u00fcr Tilak Polypack und versenden Sie mit Vertrauen.<\/p>\n<p>Wir k\u00f6nnen diese Versandtaschen in den Farben Wei\u00df\/Transparent, Schwarz\/Wei\u00df, Grau\/Wei\u00df und Blau in der von Ihnen gew\u00fcnschten St\u00e4rke liefern.<\/p>\n<\/div>\n<p>[\/vc_column_text][\/vc_column][\/vc_row][vc_row ts_responsive_css=&#8221;25777273|colbreak_no|20|||||10||10|colbreak_no|||||||||colbreak_no||||||||||colbreak_no|||||||||&#8221; css=&#8221;.vc_custom_1696656087423{margin-top: 30px !important;padding-right: 10px !important;padding-left: 10px !important;}&#8221;][vc_column]<section class=\"ts-vc_cta3-container\"><div class=\"ts-vc_general ts-vc_cta3 ts-cta3-only ts-vc_cta3-style-classic ts-vc_cta3-shape-rounded ts-vc_cta3-align-left ts-vc_cta3-color-transparent ts-vc_cta3-icon-size-md ts-vc_cta3-actions-right ts-cta3-with-desc\"><div class=\"ts-vc_cta3_content-container\"><div class=\"ts-vc_cta3-content\"><div class=\"ts-vc_cta3-content-header ts-wrap\"><div class=\"ts-vc_cta3-headers ts-wrap-cell\"><\/div><\/div><div class=\"ts-cta3-content-wrapper\"><p>Bitte kontaktieren Sie uns unter <a href=\"tel:9227422544\">+91-9227422544<\/a> oder senden Sie uns eine E-Mail an <a href=\"mailto:info@tilakpolypack.com\">info@tilakpolypack.com<\/a>, um Angebote oder weitere Informationen zu erhalten.<\/p><\/div><\/div><div class=\"ts-vc_cta3-actions\">\r\n\t\t<div class=\"ts-vc_btn3-container  popmake-8197 ts-vc_btn3-inline\"><a class=\"ts-vc_general ts-vc_btn3 ts-vc_btn3-size-md ts-vc_btn3-shape-rounded ts-vc_btn3-style-flat ts-vc_btn3-weight-yes ts-vc_btn3-color-skincolor\" href=\"\" title=\"\">Anfrage senden<\/a><\/div><\/div><\/div><\/div><\/section>[\/vc_column][\/vc_row]<\/p>\n<\/section>","protected":false},"excerpt":{"rendered":"<p>[vc_row][vc_column][vc_column_text] Polybeutel f\u00fcr den Versand Stellen Sie sich vor, wie begeistert Ihre Kunden sein werden, wenn sie ihre Bestellungen in einem wundersch\u00f6n gestalteten, individuell bedruckten Versandbeutel erhalten, der die Pers\u00f6nlichkeit und Professionalit\u00e4t Ihrer Marke widerspiegelt. Bei Tilak Polypack sind wir auf die Herstellung von LDPE-Polybeutel spezialisiert, die nicht nur Ihre Produkte sch\u00fctzen, sondern auch einen &hellip; <a href=\"https:\/\/tilakpolypack.com\/de\/versand-von-polybeuteln\/\" class=\"more-link\">Continue reading <span class=\"screen-reader-text\">Versand von Polybeuteln<\/span><\/a><\/p>\n","protected":false},"author":1,"featured_media":7945,"parent":0,"menu_order":0,"comment_status":"closed","ping_status":"closed","template":"","meta":{"_acf_changed":false,"om_disable_all_campaigns":false,"_monsterinsights_skip_tracking":false,"_monsterinsights_sitenote_active":false,"_monsterinsights_sitenote_note":"","_monsterinsights_sitenote_category":0,"_uf_show_specific_survey":0,"_uf_disable_surveys":false,"footnotes":""},"class_list":["post-7675","page","type-page","status-publish","has-post-thumbnail","hentry"],"acf":[],"yoast_head":"<!-- This site is optimized with the Yoast SEO plugin v22.3 - https:\/\/yoast.com\/wordpress\/plugins\/seo\/ -->\n<title>Hochwertige Versandtaschen aus Polyethylen | Individuell gestaltbare Versandtaschen aus Polyethylen | Gro\u00dfhandel mit Versandtaschen aus Polyethylen<\/title>\n<meta name=\"description\" content=\"Sch\u00fctzen Sie Ihre Produkte w\u00e4hrend des Versands mit den ma\u00dfgeschneiderten Poly-Versandtaschen von Tilak Polypack. Als Hersteller hochwertiger Polybeutel f\u00fcr den Versand bieten unsere Produkte einen sicheren Schutz vor Feuchtigkeit, Durchstichen und Manipulationen. W\u00e4hlen Sie aus einer Vielzahl von Gr\u00f6\u00dfen und Ausf\u00fchrungen zu Gro\u00dfhandelspreisen. Kontaktieren Sie uns noch heute, um mehr zu erfahren.\" \/>\n<meta name=\"robots\" content=\"index, follow, max-snippet:-1, max-image-preview:large, max-video-preview:-1\" \/>\n<link rel=\"canonical\" href=\"https:\/\/tilakpolypack.com\/de\/versand-von-polybeuteln\/\" \/>\n<meta property=\"og:locale\" content=\"en_US\" \/>\n<meta property=\"og:type\" content=\"article\" \/>\n<meta property=\"og:title\" content=\"Hochwertige Versandtaschen aus Polyethylen | Individuell gestaltbare Versandtaschen aus Polyethylen | Gro\u00dfhandel mit Versandtaschen aus Polyethylen\" \/>\n<meta property=\"og:description\" content=\"Sch\u00fctzen Sie Ihre Produkte w\u00e4hrend des Versands mit den ma\u00dfgeschneiderten Poly-Versandtaschen von Tilak Polypack. Als Hersteller hochwertiger Polybeutel f\u00fcr den Versand bieten unsere Produkte einen sicheren Schutz vor Feuchtigkeit, Durchstichen und Manipulationen. W\u00e4hlen Sie aus einer Vielzahl von Gr\u00f6\u00dfen und Ausf\u00fchrungen zu Gro\u00dfhandelspreisen. Kontaktieren Sie uns noch heute, um mehr zu erfahren.\" \/>\n<meta property=\"og:url\" content=\"https:\/\/tilakpolypack.com\/de\/versand-von-polybeuteln\/\" \/>\n<meta property=\"og:site_name\" content=\"Tilak Polypack\" \/>\n<meta property=\"article:modified_time\" content=\"2025-09-19T10:44:23+00:00\" \/>\n<meta property=\"og:image\" content=\"https:\/\/tilakpolypack.com\/de\/wp-content\/uploads\/2023\/10\/Mailing-Polybag.jpg\" \/>\n\t<meta property=\"og:image:width\" content=\"760\" \/>\n\t<meta property=\"og:image:height\" content=\"510\" \/>\n\t<meta property=\"og:image:type\" content=\"image\/jpeg\" \/>\n<meta name=\"twitter:card\" content=\"summary_large_image\" \/>\n<meta name=\"twitter:label1\" content=\"Est. reading time\" \/>\n\t<meta name=\"twitter:data1\" content=\"3 minutes\" \/>\n<script type=\"application\/ld+json\" class=\"yoast-schema-graph\">{\"@context\":\"https:\/\/schema.org\",\"@graph\":[{\"@type\":\"WebPage\",\"@id\":\"https:\/\/tilakpolypack.com\/de\/versand-von-polybeuteln\/\",\"url\":\"https:\/\/tilakpolypack.com\/de\/versand-von-polybeuteln\/\",\"name\":\"Hochwertige Versandtaschen aus Polyethylen | Individuell gestaltbare Versandtaschen aus Polyethylen | Gro\u00dfhandel mit Versandtaschen aus Polyethylen\",\"isPartOf\":{\"@id\":\"https:\/\/tilakpolypack.com\/de\/#website\"},\"primaryImageOfPage\":{\"@id\":\"https:\/\/tilakpolypack.com\/de\/versand-von-polybeuteln\/#primaryimage\"},\"image\":{\"@id\":\"https:\/\/tilakpolypack.com\/de\/versand-von-polybeuteln\/#primaryimage\"},\"thumbnailUrl\":\"https:\/\/tilakpolypack.com\/de\/wp-content\/uploads\/2023\/10\/Mailing-Polybag.jpg\",\"datePublished\":\"2023-10-06T12:00:42+00:00\",\"dateModified\":\"2025-09-19T10:44:23+00:00\",\"description\":\"Sch\u00fctzen Sie Ihre Produkte w\u00e4hrend des Versands mit den ma\u00dfgeschneiderten Poly-Versandtaschen von Tilak Polypack. Als Hersteller hochwertiger Polybeutel f\u00fcr den Versand bieten unsere Produkte einen sicheren Schutz vor Feuchtigkeit, Durchstichen und Manipulationen. W\u00e4hlen Sie aus einer Vielzahl von Gr\u00f6\u00dfen und Ausf\u00fchrungen zu Gro\u00dfhandelspreisen. Kontaktieren Sie uns noch heute, um mehr zu erfahren.\",\"inLanguage\":\"en-US\",\"potentialAction\":[{\"@type\":\"ReadAction\",\"target\":[\"https:\/\/tilakpolypack.com\/de\/versand-von-polybeuteln\/\"]}]},{\"@type\":\"ImageObject\",\"inLanguage\":\"en-US\",\"@id\":\"https:\/\/tilakpolypack.com\/de\/versand-von-polybeuteln\/#primaryimage\",\"url\":\"https:\/\/tilakpolypack.com\/de\/wp-content\/uploads\/2023\/10\/Mailing-Polybag.jpg\",\"contentUrl\":\"https:\/\/tilakpolypack.com\/de\/wp-content\/uploads\/2023\/10\/Mailing-Polybag.jpg\",\"width\":760,\"height\":510},{\"@type\":\"WebSite\",\"@id\":\"https:\/\/tilakpolypack.com\/de\/#website\",\"url\":\"https:\/\/tilakpolypack.com\/de\/\",\"name\":\"Tilak Polypack\",\"description\":\"\",\"potentialAction\":[{\"@type\":\"SearchAction\",\"target\":{\"@type\":\"EntryPoint\",\"urlTemplate\":\"https:\/\/tilakpolypack.com\/de\/?s={search_term_string}\"},\"query-input\":\"required name=search_term_string\"}],\"inLanguage\":\"en-US\"}]}<\/script>\n<!-- \/ Yoast SEO plugin. -->","yoast_head_json":{"title":"Hochwertige Versandtaschen aus Polyethylen | Individuell gestaltbare Versandtaschen aus Polyethylen | Gro\u00dfhandel mit Versandtaschen aus Polyethylen","description":"Sch\u00fctzen Sie Ihre Produkte w\u00e4hrend des Versands mit den ma\u00dfgeschneiderten Poly-Versandtaschen von Tilak Polypack. Als Hersteller hochwertiger Polybeutel f\u00fcr den Versand bieten unsere Produkte einen sicheren Schutz vor Feuchtigkeit, Durchstichen und Manipulationen. W\u00e4hlen Sie aus einer Vielzahl von Gr\u00f6\u00dfen und Ausf\u00fchrungen zu Gro\u00dfhandelspreisen. Kontaktieren Sie uns noch heute, um mehr zu erfahren.","robots":{"index":"index","follow":"follow","max-snippet":"max-snippet:-1","max-image-preview":"max-image-preview:large","max-video-preview":"max-video-preview:-1"},"canonical":"https:\/\/tilakpolypack.com\/de\/versand-von-polybeuteln\/","og_locale":"en_US","og_type":"article","og_title":"Hochwertige Versandtaschen aus Polyethylen | Individuell gestaltbare Versandtaschen aus Polyethylen | Gro\u00dfhandel mit Versandtaschen aus Polyethylen","og_description":"Sch\u00fctzen Sie Ihre Produkte w\u00e4hrend des Versands mit den ma\u00dfgeschneiderten Poly-Versandtaschen von Tilak Polypack. Als Hersteller hochwertiger Polybeutel f\u00fcr den Versand bieten unsere Produkte einen sicheren Schutz vor Feuchtigkeit, Durchstichen und Manipulationen. W\u00e4hlen Sie aus einer Vielzahl von Gr\u00f6\u00dfen und Ausf\u00fchrungen zu Gro\u00dfhandelspreisen. Kontaktieren Sie uns noch heute, um mehr zu erfahren.","og_url":"https:\/\/tilakpolypack.com\/de\/versand-von-polybeuteln\/","og_site_name":"Tilak Polypack","article_modified_time":"2025-09-19T10:44:23+00:00","og_image":[{"width":760,"height":510,"url":"https:\/\/tilakpolypack.com\/de\/wp-content\/uploads\/2023\/10\/Mailing-Polybag.jpg","type":"image\/jpeg"}],"twitter_card":"summary_large_image","twitter_misc":{"Est. reading time":"3 minutes"},"schema":{"@context":"https:\/\/schema.org","@graph":[{"@type":"WebPage","@id":"https:\/\/tilakpolypack.com\/de\/versand-von-polybeuteln\/","url":"https:\/\/tilakpolypack.com\/de\/versand-von-polybeuteln\/","name":"Hochwertige Versandtaschen aus Polyethylen | Individuell gestaltbare Versandtaschen aus Polyethylen | Gro\u00dfhandel mit Versandtaschen aus Polyethylen","isPartOf":{"@id":"https:\/\/tilakpolypack.com\/de\/#website"},"primaryImageOfPage":{"@id":"https:\/\/tilakpolypack.com\/de\/versand-von-polybeuteln\/#primaryimage"},"image":{"@id":"https:\/\/tilakpolypack.com\/de\/versand-von-polybeuteln\/#primaryimage"},"thumbnailUrl":"https:\/\/tilakpolypack.com\/de\/wp-content\/uploads\/2023\/10\/Mailing-Polybag.jpg","datePublished":"2023-10-06T12:00:42+00:00","dateModified":"2025-09-19T10:44:23+00:00","description":"Sch\u00fctzen Sie Ihre Produkte w\u00e4hrend des Versands mit den ma\u00dfgeschneiderten Poly-Versandtaschen von Tilak Polypack. Als Hersteller hochwertiger Polybeutel f\u00fcr den Versand bieten unsere Produkte einen sicheren Schutz vor Feuchtigkeit, Durchstichen und Manipulationen. W\u00e4hlen Sie aus einer Vielzahl von Gr\u00f6\u00dfen und Ausf\u00fchrungen zu Gro\u00dfhandelspreisen. Kontaktieren Sie uns noch heute, um mehr zu erfahren.","inLanguage":"en-US","potentialAction":[{"@type":"ReadAction","target":["https:\/\/tilakpolypack.com\/de\/versand-von-polybeuteln\/"]}]},{"@type":"ImageObject","inLanguage":"en-US","@id":"https:\/\/tilakpolypack.com\/de\/versand-von-polybeuteln\/#primaryimage","url":"https:\/\/tilakpolypack.com\/de\/wp-content\/uploads\/2023\/10\/Mailing-Polybag.jpg","contentUrl":"https:\/\/tilakpolypack.com\/de\/wp-content\/uploads\/2023\/10\/Mailing-Polybag.jpg","width":760,"height":510},{"@type":"WebSite","@id":"https:\/\/tilakpolypack.com\/de\/#website","url":"https:\/\/tilakpolypack.com\/de\/","name":"Tilak Polypack","description":"","potentialAction":[{"@type":"SearchAction","target":{"@type":"EntryPoint","urlTemplate":"https:\/\/tilakpolypack.com\/de\/?s={search_term_string}"},"query-input":"required name=search_term_string"}],"inLanguage":"en-US"}]}},"_links":{"self":[{"href":"https:\/\/tilakpolypack.com\/de\/wp-json\/wp\/v2\/pages\/7675","targetHints":{"allow":["GET"]}}],"collection":[{"href":"https:\/\/tilakpolypack.com\/de\/wp-json\/wp\/v2\/pages"}],"about":[{"href":"https:\/\/tilakpolypack.com\/de\/wp-json\/wp\/v2\/types\/page"}],"author":[{"embeddable":true,"href":"https:\/\/tilakpolypack.com\/de\/wp-json\/wp\/v2\/users\/1"}],"replies":[{"embeddable":true,"href":"https:\/\/tilakpolypack.com\/de\/wp-json\/wp\/v2\/comments?post=7675"}],"version-history":[{"count":6,"href":"https:\/\/tilakpolypack.com\/de\/wp-json\/wp\/v2\/pages\/7675\/revisions"}],"predecessor-version":[{"id":10230,"href":"https:\/\/tilakpolypack.com\/de\/wp-json\/wp\/v2\/pages\/7675\/revisions\/10230"}],"wp:featuredmedia":[{"embeddable":true,"href":"https:\/\/tilakpolypack.com\/de\/wp-json\/wp\/v2\/media\/7945"}],"wp:attachment":[{"href":"https:\/\/tilakpolypack.com\/de\/wp-json\/wp\/v2\/media?parent=7675"}],"curies":[{"name":"wp","href":"https:\/\/api.w.org\/{rel}","templated":true}]}}