{"id":7673,"date":"2023-10-06T12:00:06","date_gmt":"2023-10-06T12:00:06","guid":{"rendered":"https:\/\/archiveyourwords.com\/tilak\/?page_id=7673"},"modified":"2025-09-19T10:33:10","modified_gmt":"2025-09-19T10:33:10","slug":"grip-seal-beutel","status":"publish","type":"page","link":"https:\/\/tilakpolypack.com\/de\/grip-seal-beutel\/","title":{"rendered":"Grip-Seal-Beutel"},"content":{"rendered":"<section class=\"wpb-content-wrapper\"><p>[vc_row][vc_column][vc_column_text]<\/p>\n<div class=\"col-md-12\">\n<div class=\"prod-category-img\"><\/div>\n<\/div>\n<div class=\"col-md-12\">\n<h2>Grip-Seal-Beutel<\/h2>\n<p>Leicht zu \u00f6ffnen und wieder zu schlie\u00dfen \u2013 immer und immer wieder.<\/p>\n<p>Wenn Sie auf der Suche nach einer fantastischen <a href=\"https:\/\/tilakpolypack.com\/de\/verpackungsfolien\/\"><strong>Verpackungsl\u00f6sung sind<\/strong><\/a>, die einen sicheren, wiederverschlie\u00dfbaren Aufbewahrungsort bietet, dann sind unsere Grip-Seal-Beutel genau das Richtige f\u00fcr Sie. Ganz gleich, wof\u00fcr Sie diese Produkte verwenden, sie eignen sich hervorragend f\u00fcr Lebensmittel, aber auch besonders gut f\u00fcr Dinge wie Schrauben und Muttern \u2013 kleine Gegenst\u00e4nde, die aus Sicherheitsgr\u00fcnden zusammen aufbewahrt werden und leicht zu finden sein sollen. Selbst Laborproben sind dank des dichten Grip-Seals vor dem Auslaufen oder Versch\u00fctten gesch\u00fctzt.<\/p>\n<p><a href=\"https:\/\/tilakpolypack.com\/de\/polyethylen-kleidungsverpackungsbeutel\/\"><strong>Peel-n-Seal-Beutel <\/strong><\/a> sind so vielseitig, dass sie aus Lagern und B\u00fcros nicht mehr wegzudenken sind. Da sie f\u00fcr den Lebensmittelgebrauch zugelassen sind, sind sie auch in Gro\u00dfk\u00fcchen unverzichtbar.<\/p>\n<p>Die Transparenz dieser Schutzverpackung macht diese Beutel auch ideal f\u00fcr die Pr\u00e4sentation bestimmter kleinerer Artikel im Einzelhandel (K\u00f6rperschmuck, N\u00e4gel und verschiedene Schrauben usw.). Die gr\u00f6\u00dferen Beutel k\u00f6nnen auf Wunsch auch zum Schutz von Lesematerialien wie Handb\u00fcchern und Dokumenten verwendet werden.<\/p>\n<p>Wichtigste Merkmale<\/p>\n<p>\u2013 Wiederverwendbar<\/p>\n<p>\u2013 Hohe Transparenz<\/p>\n<p>\u2013 Lebensmittelecht<\/p>\n<p>\u2013 Robust<\/p>\n<p>\u2013 Einfach und schnell zu verschlie\u00dfen<\/p>\n<p>Verf\u00fcgbare Gr\u00f6\u00dfe:<\/p>\n<ul>\n<li>Mindestgr\u00f6\u00dfe: 100 mm x 200 mm<\/li>\n<li>MAXIMALE GR\u00d6SSE: 600 MM X 600 MM<\/li>\n<li>DRUCK: BIS ZU 8 FARBEN<\/li>\n<li>Loch: M\u00f6glich<\/li>\n<li>D-CUT: M\u00d6GLICH<\/li>\n<\/ul>\n<h3><\/h3>\n<\/div>\n<p>[\/vc_column_text][\/vc_column][\/vc_row][vc_row ts_responsive_css=&#8221;25777273|colbreak_no|20|||||10||10|colbreak_no|||||||||colbreak_no||||||||||colbreak_no|||||||||&#8221; css=&#8221;.vc_custom_1696656087423{margin-top: 30px !important;padding-right: 10px !important;padding-left: 10px !important;}&#8221;][vc_column]<section class=\"ts-vc_cta3-container\"><div class=\"ts-vc_general ts-vc_cta3 ts-cta3-only ts-vc_cta3-style-classic ts-vc_cta3-shape-rounded ts-vc_cta3-align-left ts-vc_cta3-color-transparent ts-vc_cta3-icon-size-md ts-vc_cta3-actions-right ts-cta3-with-desc\"><div class=\"ts-vc_cta3_content-container\"><div class=\"ts-vc_cta3-content\"><div class=\"ts-vc_cta3-content-header ts-wrap\"><div class=\"ts-vc_cta3-headers ts-wrap-cell\"><\/div><\/div><div class=\"ts-cta3-content-wrapper\"><p>Please contact us on\u00a0<a href=\"tel:9227422544\">+91-9227422544<\/a>\u00a0or email us\u00a0<a href=\"mailto:info@tilakpolypack.com\">info@tilakpolypack.com<\/a>\u00a0for quotations or other details.<\/p><\/div><\/div><div class=\"ts-vc_cta3-actions\">\r\n\t\t<div class=\"ts-vc_btn3-container  popmake-8197 ts-vc_btn3-inline\"><a class=\"ts-vc_general ts-vc_btn3 ts-vc_btn3-size-md ts-vc_btn3-shape-rounded ts-vc_btn3-style-flat ts-vc_btn3-weight-yes ts-vc_btn3-color-skincolor\" href=\"\" title=\"\">send enquiry<\/a><\/div><\/div><\/div><\/div><\/section>[\/vc_column][\/vc_row]<\/p>\n<\/section>","protected":false},"excerpt":{"rendered":"<p>[vc_row][vc_column][vc_column_text] Grip-Seal-Beutel Leicht zu \u00f6ffnen und wieder zu schlie\u00dfen \u2013 immer und immer wieder. Wenn Sie auf der Suche nach einer fantastischen Verpackungsl\u00f6sung sind, die einen sicheren, wiederverschlie\u00dfbaren Aufbewahrungsort bietet, dann sind unsere Grip-Seal-Beutel genau das Richtige f\u00fcr Sie. Ganz gleich, wof\u00fcr Sie diese Produkte verwenden, sie eignen sich hervorragend f\u00fcr Lebensmittel, aber auch besonders &hellip; <a href=\"https:\/\/tilakpolypack.com\/de\/grip-seal-beutel\/\" class=\"more-link\">Continue reading <span class=\"screen-reader-text\">Grip-Seal-Beutel<\/span><\/a><\/p>\n","protected":false},"author":1,"featured_media":7949,"parent":0,"menu_order":0,"comment_status":"closed","ping_status":"closed","template":"","meta":{"_acf_changed":false,"om_disable_all_campaigns":false,"_monsterinsights_skip_tracking":false,"_monsterinsights_sitenote_active":false,"_monsterinsights_sitenote_note":"","_monsterinsights_sitenote_category":0,"_uf_show_specific_survey":0,"_uf_disable_surveys":false,"footnotes":""},"class_list":["post-7673","page","type-page","status-publish","has-post-thumbnail","hentry"],"acf":[],"yoast_head":"<!-- This site is optimized with the Yoast SEO plugin v22.3 - https:\/\/yoast.com\/wordpress\/plugins\/seo\/ -->\n<title>Grip-Seal-Beutel - Tilak Polypack High-Quality Grip Seal Bags from Manufacturer - Tilak Polypack<\/title>\n<meta name=\"description\" content=\"Sch\u00fctzen Sie Ihre Produkte mit den hochwertigen Grip-Seal-Beuteln von Tilak Polypack. Als f\u00fchrender Hersteller von Grip-Seal-Beuteln bieten wir kleine Grip-Seal-Beutel und biologisch abbaubare Optionen an, um Ihren spezifischen Anforderungen gerecht zu werden. Unsere Produkte sind langlebig und zuverl\u00e4ssig. Kontaktieren Sie uns noch heute, um mehr \u00fcber unsere Grip-Seal-Beutel-L\u00f6sungen zu erfahren.\" \/>\n<meta name=\"robots\" content=\"index, follow, max-snippet:-1, max-image-preview:large, max-video-preview:-1\" \/>\n<link rel=\"canonical\" href=\"https:\/\/tilakpolypack.com\/de\/grip-seal-beutel\/\" \/>\n<meta property=\"og:locale\" content=\"en_US\" \/>\n<meta property=\"og:type\" content=\"article\" \/>\n<meta property=\"og:title\" content=\"Grip-Seal-Beutel - Tilak Polypack High-Quality Grip Seal Bags from Manufacturer - Tilak Polypack\" \/>\n<meta property=\"og:description\" content=\"Sch\u00fctzen Sie Ihre Produkte mit den hochwertigen Grip-Seal-Beuteln von Tilak Polypack. Als f\u00fchrender Hersteller von Grip-Seal-Beuteln bieten wir kleine Grip-Seal-Beutel und biologisch abbaubare Optionen an, um Ihren spezifischen Anforderungen gerecht zu werden. Unsere Produkte sind langlebig und zuverl\u00e4ssig. Kontaktieren Sie uns noch heute, um mehr \u00fcber unsere Grip-Seal-Beutel-L\u00f6sungen zu erfahren.\" \/>\n<meta property=\"og:url\" content=\"https:\/\/tilakpolypack.com\/de\/grip-seal-beutel\/\" \/>\n<meta property=\"og:site_name\" content=\"Tilak Polypack\" \/>\n<meta property=\"article:modified_time\" content=\"2025-09-19T10:33:10+00:00\" \/>\n<meta property=\"og:image\" content=\"https:\/\/tilakpolypack.com\/de\/wp-content\/uploads\/2023\/10\/Grip-Seal-Bags.jpg\" \/>\n\t<meta property=\"og:image:width\" content=\"760\" \/>\n\t<meta property=\"og:image:height\" content=\"510\" \/>\n\t<meta property=\"og:image:type\" content=\"image\/jpeg\" \/>\n<meta name=\"twitter:card\" content=\"summary_large_image\" \/>\n<meta name=\"twitter:label1\" content=\"Est. reading time\" \/>\n\t<meta name=\"twitter:data1\" content=\"2 minutes\" \/>\n<script type=\"application\/ld+json\" class=\"yoast-schema-graph\">{\"@context\":\"https:\/\/schema.org\",\"@graph\":[{\"@type\":\"WebPage\",\"@id\":\"https:\/\/tilakpolypack.com\/de\/grip-seal-beutel\/\",\"url\":\"https:\/\/tilakpolypack.com\/de\/grip-seal-beutel\/\",\"name\":\"Grip-Seal-Beutel - Tilak Polypack High-Quality Grip Seal Bags from Manufacturer - Tilak Polypack\",\"isPartOf\":{\"@id\":\"https:\/\/tilakpolypack.com\/de\/#website\"},\"primaryImageOfPage\":{\"@id\":\"https:\/\/tilakpolypack.com\/de\/grip-seal-beutel\/#primaryimage\"},\"image\":{\"@id\":\"https:\/\/tilakpolypack.com\/de\/grip-seal-beutel\/#primaryimage\"},\"thumbnailUrl\":\"https:\/\/tilakpolypack.com\/de\/wp-content\/uploads\/2023\/10\/Grip-Seal-Bags.jpg\",\"datePublished\":\"2023-10-06T12:00:06+00:00\",\"dateModified\":\"2025-09-19T10:33:10+00:00\",\"description\":\"Sch\u00fctzen Sie Ihre Produkte mit den hochwertigen Grip-Seal-Beuteln von Tilak Polypack. Als f\u00fchrender Hersteller von Grip-Seal-Beuteln bieten wir kleine Grip-Seal-Beutel und biologisch abbaubare Optionen an, um Ihren spezifischen Anforderungen gerecht zu werden. Unsere Produkte sind langlebig und zuverl\u00e4ssig. Kontaktieren Sie uns noch heute, um mehr \u00fcber unsere Grip-Seal-Beutel-L\u00f6sungen zu erfahren.\",\"inLanguage\":\"en-US\",\"potentialAction\":[{\"@type\":\"ReadAction\",\"target\":[\"https:\/\/tilakpolypack.com\/de\/grip-seal-beutel\/\"]}]},{\"@type\":\"ImageObject\",\"inLanguage\":\"en-US\",\"@id\":\"https:\/\/tilakpolypack.com\/de\/grip-seal-beutel\/#primaryimage\",\"url\":\"https:\/\/tilakpolypack.com\/de\/wp-content\/uploads\/2023\/10\/Grip-Seal-Bags.jpg\",\"contentUrl\":\"https:\/\/tilakpolypack.com\/de\/wp-content\/uploads\/2023\/10\/Grip-Seal-Bags.jpg\",\"width\":760,\"height\":510},{\"@type\":\"WebSite\",\"@id\":\"https:\/\/tilakpolypack.com\/de\/#website\",\"url\":\"https:\/\/tilakpolypack.com\/de\/\",\"name\":\"Tilak Polypack\",\"description\":\"\",\"potentialAction\":[{\"@type\":\"SearchAction\",\"target\":{\"@type\":\"EntryPoint\",\"urlTemplate\":\"https:\/\/tilakpolypack.com\/de\/?s={search_term_string}\"},\"query-input\":\"required name=search_term_string\"}],\"inLanguage\":\"en-US\"}]}<\/script>\n<!-- \/ Yoast SEO plugin. -->","yoast_head_json":{"title":"Grip-Seal-Beutel - Tilak Polypack High-Quality Grip Seal Bags from Manufacturer - Tilak Polypack","description":"Sch\u00fctzen Sie Ihre Produkte mit den hochwertigen Grip-Seal-Beuteln von Tilak Polypack. Als f\u00fchrender Hersteller von Grip-Seal-Beuteln bieten wir kleine Grip-Seal-Beutel und biologisch abbaubare Optionen an, um Ihren spezifischen Anforderungen gerecht zu werden. Unsere Produkte sind langlebig und zuverl\u00e4ssig. Kontaktieren Sie uns noch heute, um mehr \u00fcber unsere Grip-Seal-Beutel-L\u00f6sungen zu erfahren.","robots":{"index":"index","follow":"follow","max-snippet":"max-snippet:-1","max-image-preview":"max-image-preview:large","max-video-preview":"max-video-preview:-1"},"canonical":"https:\/\/tilakpolypack.com\/de\/grip-seal-beutel\/","og_locale":"en_US","og_type":"article","og_title":"Grip-Seal-Beutel - Tilak Polypack High-Quality Grip Seal Bags from Manufacturer - Tilak Polypack","og_description":"Sch\u00fctzen Sie Ihre Produkte mit den hochwertigen Grip-Seal-Beuteln von Tilak Polypack. Als f\u00fchrender Hersteller von Grip-Seal-Beuteln bieten wir kleine Grip-Seal-Beutel und biologisch abbaubare Optionen an, um Ihren spezifischen Anforderungen gerecht zu werden. Unsere Produkte sind langlebig und zuverl\u00e4ssig. Kontaktieren Sie uns noch heute, um mehr \u00fcber unsere Grip-Seal-Beutel-L\u00f6sungen zu erfahren.","og_url":"https:\/\/tilakpolypack.com\/de\/grip-seal-beutel\/","og_site_name":"Tilak Polypack","article_modified_time":"2025-09-19T10:33:10+00:00","og_image":[{"width":760,"height":510,"url":"https:\/\/tilakpolypack.com\/de\/wp-content\/uploads\/2023\/10\/Grip-Seal-Bags.jpg","type":"image\/jpeg"}],"twitter_card":"summary_large_image","twitter_misc":{"Est. reading time":"2 minutes"},"schema":{"@context":"https:\/\/schema.org","@graph":[{"@type":"WebPage","@id":"https:\/\/tilakpolypack.com\/de\/grip-seal-beutel\/","url":"https:\/\/tilakpolypack.com\/de\/grip-seal-beutel\/","name":"Grip-Seal-Beutel - Tilak Polypack High-Quality Grip Seal Bags from Manufacturer - Tilak Polypack","isPartOf":{"@id":"https:\/\/tilakpolypack.com\/de\/#website"},"primaryImageOfPage":{"@id":"https:\/\/tilakpolypack.com\/de\/grip-seal-beutel\/#primaryimage"},"image":{"@id":"https:\/\/tilakpolypack.com\/de\/grip-seal-beutel\/#primaryimage"},"thumbnailUrl":"https:\/\/tilakpolypack.com\/de\/wp-content\/uploads\/2023\/10\/Grip-Seal-Bags.jpg","datePublished":"2023-10-06T12:00:06+00:00","dateModified":"2025-09-19T10:33:10+00:00","description":"Sch\u00fctzen Sie Ihre Produkte mit den hochwertigen Grip-Seal-Beuteln von Tilak Polypack. Als f\u00fchrender Hersteller von Grip-Seal-Beuteln bieten wir kleine Grip-Seal-Beutel und biologisch abbaubare Optionen an, um Ihren spezifischen Anforderungen gerecht zu werden. Unsere Produkte sind langlebig und zuverl\u00e4ssig. Kontaktieren Sie uns noch heute, um mehr \u00fcber unsere Grip-Seal-Beutel-L\u00f6sungen zu erfahren.","inLanguage":"en-US","potentialAction":[{"@type":"ReadAction","target":["https:\/\/tilakpolypack.com\/de\/grip-seal-beutel\/"]}]},{"@type":"ImageObject","inLanguage":"en-US","@id":"https:\/\/tilakpolypack.com\/de\/grip-seal-beutel\/#primaryimage","url":"https:\/\/tilakpolypack.com\/de\/wp-content\/uploads\/2023\/10\/Grip-Seal-Bags.jpg","contentUrl":"https:\/\/tilakpolypack.com\/de\/wp-content\/uploads\/2023\/10\/Grip-Seal-Bags.jpg","width":760,"height":510},{"@type":"WebSite","@id":"https:\/\/tilakpolypack.com\/de\/#website","url":"https:\/\/tilakpolypack.com\/de\/","name":"Tilak Polypack","description":"","potentialAction":[{"@type":"SearchAction","target":{"@type":"EntryPoint","urlTemplate":"https:\/\/tilakpolypack.com\/de\/?s={search_term_string}"},"query-input":"required name=search_term_string"}],"inLanguage":"en-US"}]}},"_links":{"self":[{"href":"https:\/\/tilakpolypack.com\/de\/wp-json\/wp\/v2\/pages\/7673","targetHints":{"allow":["GET"]}}],"collection":[{"href":"https:\/\/tilakpolypack.com\/de\/wp-json\/wp\/v2\/pages"}],"about":[{"href":"https:\/\/tilakpolypack.com\/de\/wp-json\/wp\/v2\/types\/page"}],"author":[{"embeddable":true,"href":"https:\/\/tilakpolypack.com\/de\/wp-json\/wp\/v2\/users\/1"}],"replies":[{"embeddable":true,"href":"https:\/\/tilakpolypack.com\/de\/wp-json\/wp\/v2\/comments?post=7673"}],"version-history":[{"count":3,"href":"https:\/\/tilakpolypack.com\/de\/wp-json\/wp\/v2\/pages\/7673\/revisions"}],"predecessor-version":[{"id":10228,"href":"https:\/\/tilakpolypack.com\/de\/wp-json\/wp\/v2\/pages\/7673\/revisions\/10228"}],"wp:featuredmedia":[{"embeddable":true,"href":"https:\/\/tilakpolypack.com\/de\/wp-json\/wp\/v2\/media\/7949"}],"wp:attachment":[{"href":"https:\/\/tilakpolypack.com\/de\/wp-json\/wp\/v2\/media?parent=7673"}],"curies":[{"name":"wp","href":"https:\/\/api.w.org\/{rel}","templated":true}]}}