{"id":7671,"date":"2023-10-06T11:59:34","date_gmt":"2023-10-06T11:59:34","guid":{"rendered":"https:\/\/archiveyourwords.com\/tilak\/?page_id=7671"},"modified":"2025-09-19T10:24:37","modified_gmt":"2025-09-19T10:24:37","slug":"ubersichtliche-verkaufsauslage","status":"publish","type":"page","link":"https:\/\/tilakpolypack.com\/de\/ubersichtliche-verkaufsauslage\/","title":{"rendered":"\u00dcbersichtliche Verkaufsauslage"},"content":{"rendered":"<section class=\"wpb-content-wrapper\"><p>[vc_row][vc_column][vc_column_text]<\/p>\n<div class=\"col-md-12\">\n<div class=\"prod-category-img\"><\/div>\n<\/div>\n<div class=\"col-md-12\">\n<h2>\u00dcbersichtliche Verkaufsauslage \u2013 PP-Beutel<\/h2>\n<p>Eine Auswahl an gl\u00e4nzenden, kristallklaren Polypropylen-Beuteln, um Ihre Produkte optimal zu pr\u00e4sentieren. Ihre Einzelhandelsprodukte verdienen eine Verpackung, die sch\u00f6n, stilvoll und funktional ist. Ob Sie nun eine Schutzbarriere ben\u00f6tigen, um das Verderben von Artikeln zu verhindern, oder luftdichte Beutel, die verderbliche Waren frisch halten \u2013 diese Produktreihe bietet eine Vielzahl an auff\u00e4lligen L\u00f6sungen.<\/p>\n<p><a href=\"https:\/\/tilakpolypack.com\/de\/durchsichtige-polyethylen-verpackungsbeutel\/\"><strong>Durchsichtige Verkaufstaschen<\/strong><\/a> k\u00f6nnen zum Verpacken von S\u00fc\u00dfigkeiten und Toilettenartikeln verwendet werden und dienen dazu, Produkte frisch zu halten, sodass Sie alle Vorteile einer l\u00e4ngeren Haltbarkeit nutzen k\u00f6nnen. Wir verkaufen durchsichtige Pr\u00e4sentationsbeutel in verschiedenen Gr\u00f6\u00dfen. Sehen Sie sich einfach unser komplettes Sortiment unten an, um sich einen \u00dcberblick \u00fcber unsere verf\u00fcgbaren Produkte zu verschaffen. <a href=\"https:\/\/tilakpolypack.com\/de\/ldpe-beutel\/\"><strong>Unsere Beutel<\/strong><\/a> haben unterschiedliche Breiten, L\u00e4ngen und Klappengr\u00f6\u00dfen, und wir bieten auch Optionen in den Formaten A2, A4 und A5 an.<\/p>\n<p>Die folgenden Gr\u00f6\u00dfen unserer durchsichtigen Verkaufstaschen:<\/p>\n<table id=\"profile\" width=\"100%;\">\n<tbody class=\"profile2\">\n<tr>\n<td><a href=\"https:\/\/www.universalbagandpackaging.co.uk\/clear-retail-display-bags\/min-100-bags-1-2-3-4-5-6-7-8-9-10-11-12-13-14-15-16-17-18-19-20-21-22-23-24-25-26-27-28-29-30-31-32-33-34-35-36-37-38\">64 x 95mm + Flap (2.5 x 3.75&#8243;)<\/a><\/td>\n<td><a href=\"https:\/\/www.universalbagandpackaging.co.uk\/clear-retail-display-bags\/min-100-bags-1-2-3-4-5-6-7-8-9-10-11-12-13-14-15-16-17-18-19-20-21-22-23-24-25-26-27-28-29-30-31-32-33-34-35-36-37-38-39-40-41-42-43-44\">140 x 191mm + Flap (5.5 x 7.5&#8243;)<\/a><\/td>\n<td><a href=\"https:\/\/www.universalbagandpackaging.co.uk\/clear-retail-display-bags\/category-212\/min-50-bags-1-2-3-4\">210 x 260mm + Flap (8.25 x 10.25&#8243;)<\/a><\/td>\n<td><a href=\"https:\/\/www.universalbagandpackaging.co.uk\/clear-retail-display-bags\/category-218\/min-50-bags-1-2-3-4-5-6-7-8-9-10\">292 x 368mm + Flap (11.5 x 14.5&#8243;)<\/a><\/td>\n<td><a href=\"https:\/\/www.universalbagandpackaging.co.uk\/clear-retail-display-bags\/category-224\/min-50-bags-1-2-3-4-5-6-7-8-9-10-11-12-13-14-15-16\">432 x 584mm + Flap (17 x 24&#8243;)(A2)<\/a><\/td>\n<\/tr>\n<tr>\n<td><a href=\"https:\/\/www.universalbagandpackaging.co.uk\/clear-retail-display-bags\/89-x-127mm-flap\/min-100-bags-1-2-3-4-5-6-7-8-9-10-11-12-13-14-15-16-17-18-19-20-21-22-23-24-25-26-27-28-29-30-31-32-33-34-35-36-37-38-39\">89 x 127mm + Flap (3.5 x 5&#8243;) (C7)<\/a><\/td>\n<td><a href=\"https:\/\/www.universalbagandpackaging.co.uk\/clear-retail-display-bags\/159-x-216mm-flap\/min-50-bags\">159 x 216mm + Flap (6.25 x 8.5&#8243;)(A5)<\/a><\/td>\n<td><a href=\"https:\/\/www.universalbagandpackaging.co.uk\/clear-retail-display-bags\/category-213\/min-50-bags-1-2-3-4-5\">222 x 362mm + BG + Flap (8.75 x 14.25&#8243;)<\/a><\/td>\n<td><a href=\"https:\/\/www.universalbagandpackaging.co.uk\/clear-retail-display-bags\/category-219\/min-50-bags-1-2-3-4-5-6-7-8-9-10-11\">305 x 343mm + Flap (12 x 13.5&#8243;)<\/a><\/td>\n<td><a href=\"https:\/\/www.universalbagandpackaging.co.uk\/clear-retail-display-bags\/category-225\/min-25-bags\">464 x 610mm + Flap (18.25 x 24&#8243;)<\/a><\/td>\n<\/tr>\n<tr>\n<td><a href=\"https:\/\/www.universalbagandpackaging.co.uk\/clear-retail-display-bags\/100-200mm-flap\/min-100-bags-1-2-3-4-5-6-7-8-9-10-11-12-13-14-15-16-17-18-19-20-21-22-23-24-25-26-27-28-29-30-31-32-33-34-35-36-37-38-39-40\">100 x 200mm + Flap (4 x 8&#8243;)<\/a><\/td>\n<td><a href=\"https:\/\/www.universalbagandpackaging.co.uk\/clear-retail-display-bags\/152x305mm-6x12-new-product\/6-x-12-minimum-100\">152 x 305mm (6 x 12&#8243;)<\/a><\/td>\n<td><a href=\"https:\/\/www.universalbagandpackaging.co.uk\/clear-retail-display-bags\/category-214\/min-50-bags-1-2-3-4-5-6\">229 x 305mm + Flap (9 x 12&#8243;)(A4)<\/a><\/td>\n<td><a href=\"https:\/\/www.universalbagandpackaging.co.uk\/clear-retail-display-bags\/category-220\/min-50-bags-1-2-3-4-5-6-7-8-9-10-11-12\">311 x 464mm + Flap (12.25 x 18.25&#8243;)(A3)<\/a><\/td>\n<td><a href=\"https:\/\/www.universalbagandpackaging.co.uk\/clear-retail-display-bags\/category-226\/min-50-bags-1-2-3-4-5-6-7-8-9-10-11-12-13-14-15-16-17-18\">508 x 610mm + Flap (20 x 24&#8243;)<\/a><\/td>\n<\/tr>\n<tr>\n<td><a href=\"https:\/\/www.universalbagandpackaging.co.uk\/clear-retail-display-bags\/min-100-bags-1-2-3-4-5-6-7-8-9-10-11-12-13-14-15-16-17-18-19-20-21-22-23-24-25-26-27-28-29-30-31-32-33-34-35-36-37-38-39-40-41\">108 x 152 + Flap (4.25 x 6&#8243;)(A6)<\/a><\/td>\n<td><a href=\"https:\/\/www.universalbagandpackaging.co.uk\/clear-retail-display-bags\/category-209\/min-50-bags-1\">170 x 230mm + Flap (6.6 x 9.1&#8243;)(C5)<\/a><\/td>\n<td><a href=\"https:\/\/www.universalbagandpackaging.co.uk\/clear-retail-display-bags\/category-215\/min-50-bags-1-2-3-4-5-6-7\">254 x 330mm + Flap (10 x 13&#8243;)<\/a><\/td>\n<td><a href=\"https:\/\/www.universalbagandpackaging.co.uk\/clear-retail-display-bags\/category-221\/min-50-bags-1-2-3-4-5-6-7-8-9-10-11-12-13\">318 x 368mm + BG + Flap (12.5 x 14.5&#8243;)<\/a><\/td>\n<td><a href=\"https:\/\/www.universalbagandpackaging.co.uk\/clear-retail-display-bags\/category-228\/min-50-bags-1-2-3-4-5-6-7-8-9-10-11-12-13-14-15-16-17-18-19\">514 x 718mm + Flap (20.25 x 28.25&#8243;)<\/a><\/td>\n<\/tr>\n<tr>\n<td><a href=\"https:\/\/www.universalbagandpackaging.co.uk\/clear-retail-display-bags\/114-x-222mm-flap\/min-100-bags-1-2-3-4-5-6-7-8-9-10-11-12-13-14-15-16-17-18-19-20-21-22-23-24-25-26-27-28-29-30-31-32-33-34-35-36-37-38-39-40-41-42\">114 x 222mm + Flap (4.25 x 8.75&#8243;) (DL)<\/a><\/td>\n<td><a href=\"https:\/\/www.universalbagandpackaging.co.uk\/clear-retail-display-bags\/category-210\/min-50-bags-1-2\">180 x 229mm + Flap (7.25 x 9&#8243;)<\/a><\/td>\n<td><a href=\"https:\/\/www.universalbagandpackaging.co.uk\/clear-retail-display-bags\/category-216\/min-50-bags-1-2-3-4-5-6-7-8\">254 x 432mm + Flap (10 x 17&#8243;)<\/a><\/td>\n<td><a href=\"https:\/\/www.universalbagandpackaging.co.uk\/clear-retail-display-bags\/category-222\/min-50-bags-1-2-3-4-5-6-7-8-9-10-11-12-13-14\">356 x 464mm + Flap (14 x 18.25&#8243;)<\/a><\/td>\n<td><a href=\"https:\/\/www.universalbagandpackaging.co.uk\/clear-retail-display-bags\/category-229\/min-50-bags-1-2-3-4-5-6-7-8-9-10-11-12-13-14-15-16-17-18-19-20\">610 x 813mm + Flap (24 x 32&#8243;)<\/a><\/td>\n<\/tr>\n<tr>\n<td><a href=\"https:\/\/www.universalbagandpackaging.co.uk\/clear-retail-display-bags\/121-x-165mm-flap\/min-100-bags-1-2-3-4-5-6-7-8-9-10-11-12-13-14-15-16-17-18-19-20-21-22-23-24-25-26-27-28-29-30-31-32-33-34-35-36-37-38-39-40-41-42-43\">121 x 165mm + Flap (4.75 x 6.5&#8243;)(C6)<\/a><\/td>\n<td><a href=\"https:\/\/www.universalbagandpackaging.co.uk\/clear-retail-display-bags\/category-211\/min-50-bags-1-2-3\">191 x 273mm + Flap (7.5 x 10.75&#8243;)<\/a><\/td>\n<td><a href=\"https:\/\/www.universalbagandpackaging.co.uk\/clear-retail-display-bags\/category-217\/min-50-bags-1-2-3-4-5-6-7-8-9\">279 x 406mm + Flap (11 x 16&#8243;)<\/a><\/td>\n<td><a href=\"https:\/\/www.universalbagandpackaging.co.uk\/clear-retail-display-bags\/category-223\/min-50-bags-1-2-3-4-5-6-7-8-9-10-11-12-13-14-15\">413 x 508mm + Flap (16.25 x 20&#8243;)<\/a><\/td>\n<td><\/td>\n<\/tr>\n<\/tbody>\n<\/table>\n<\/div>\n<p>[\/vc_column_text][\/vc_column][\/vc_row][vc_row ts_responsive_css=&#8221;25777273|colbreak_no|20|||||10||10|colbreak_no|||||||||colbreak_no||||||||||colbreak_no|||||||||&#8221; css=&#8221;.vc_custom_1696656087423{margin-top: 30px !important;padding-right: 10px !important;padding-left: 10px !important;}&#8221;][vc_column]<section class=\"ts-vc_cta3-container\"><div class=\"ts-vc_general ts-vc_cta3 ts-cta3-only ts-vc_cta3-style-classic ts-vc_cta3-shape-rounded ts-vc_cta3-align-left ts-vc_cta3-color-transparent ts-vc_cta3-icon-size-md ts-vc_cta3-actions-right ts-cta3-with-desc\"><div class=\"ts-vc_cta3_content-container\"><div class=\"ts-vc_cta3-content\"><div class=\"ts-vc_cta3-content-header ts-wrap\"><div class=\"ts-vc_cta3-headers ts-wrap-cell\"><\/div><\/div><div class=\"ts-cta3-content-wrapper\"><p>Bitte kontaktieren Sie uns unter <a href=\"tel:9227422544\">+91-9227422544<\/a> oder senden Sie uns eine E-Mail an <a href=\"mailto:info@tilakpolypack.com\">info@tilakpolypack.com<\/a>, um Angebote oder weitere Informationen zu erhalten.<\/p><\/div><\/div><div class=\"ts-vc_cta3-actions\">\r\n\t\t<div class=\"ts-vc_btn3-container  popmake-8197 ts-vc_btn3-inline\"><a class=\"ts-vc_general ts-vc_btn3 ts-vc_btn3-size-md ts-vc_btn3-shape-rounded ts-vc_btn3-style-flat ts-vc_btn3-weight-yes ts-vc_btn3-color-skincolor\" href=\"\" title=\"\">Anfrage senden<\/a><\/div><\/div><\/div><\/div><\/section>[\/vc_column][\/vc_row]<\/p>\n<\/section>","protected":false},"excerpt":{"rendered":"<p>[vc_row][vc_column][vc_column_text] \u00dcbersichtliche Verkaufsauslage \u2013 PP-Beutel Eine Auswahl an gl\u00e4nzenden, kristallklaren Polypropylen-Beuteln, um Ihre Produkte optimal zu pr\u00e4sentieren. Ihre Einzelhandelsprodukte verdienen eine Verpackung, die sch\u00f6n, stilvoll und funktional ist. Ob Sie nun eine Schutzbarriere ben\u00f6tigen, um das Verderben von Artikeln zu verhindern, oder luftdichte Beutel, die verderbliche Waren frisch halten \u2013 diese Produktreihe bietet eine Vielzahl &hellip; <a href=\"https:\/\/tilakpolypack.com\/de\/ubersichtliche-verkaufsauslage\/\" class=\"more-link\">Continue reading <span class=\"screen-reader-text\">\u00dcbersichtliche Verkaufsauslage<\/span><\/a><\/p>\n","protected":false},"author":1,"featured_media":7971,"parent":0,"menu_order":0,"comment_status":"closed","ping_status":"closed","template":"","meta":{"_acf_changed":false,"om_disable_all_campaigns":false,"_monsterinsights_skip_tracking":false,"_monsterinsights_sitenote_active":false,"_monsterinsights_sitenote_note":"","_monsterinsights_sitenote_category":0,"_uf_show_specific_survey":0,"_uf_disable_surveys":false,"footnotes":""},"class_list":["post-7671","page","type-page","status-publish","has-post-thumbnail","hentry"],"acf":[],"yoast_head":"<!-- This site is optimized with the Yoast SEO plugin v22.3 - https:\/\/yoast.com\/wordpress\/plugins\/seo\/ -->\n<title>Durchsichtige Polypropylen-T\u00fcten f\u00fcr den Einzelhandel | PP-T\u00fcten in meiner N\u00e4he \u2013 Tilak Polypack<\/title>\n<meta name=\"description\" content=\"Sch\u00fctzen und pr\u00e4sentieren Sie Ihre Produkte mit den transparenten Polypropylen-Beuteln von Tilak Polypack. Als f\u00fchrender Hersteller von PP-Beuteln bieten unsere hochwertigen Produkte einen sicheren Schutz vor Staub und Feuchtigkeit, w\u00e4hrend Ihre Produkte sichtbar bleiben. W\u00e4hlen Sie aus einer Vielzahl von Gr\u00f6\u00dfen und Ausf\u00fchrungen. Kontaktieren Sie uns noch heute, um mehr zu erfahren.\" \/>\n<meta name=\"robots\" content=\"index, follow, max-snippet:-1, max-image-preview:large, max-video-preview:-1\" \/>\n<link rel=\"canonical\" href=\"https:\/\/tilakpolypack.com\/de\/ubersichtliche-verkaufsauslage\/\" \/>\n<meta property=\"og:locale\" content=\"en_US\" \/>\n<meta property=\"og:type\" content=\"article\" \/>\n<meta property=\"og:title\" content=\"Durchsichtige Polypropylen-T\u00fcten f\u00fcr den Einzelhandel | PP-T\u00fcten in meiner N\u00e4he \u2013 Tilak Polypack\" \/>\n<meta property=\"og:description\" content=\"Sch\u00fctzen und pr\u00e4sentieren Sie Ihre Produkte mit den transparenten Polypropylen-Beuteln von Tilak Polypack. Als f\u00fchrender Hersteller von PP-Beuteln bieten unsere hochwertigen Produkte einen sicheren Schutz vor Staub und Feuchtigkeit, w\u00e4hrend Ihre Produkte sichtbar bleiben. W\u00e4hlen Sie aus einer Vielzahl von Gr\u00f6\u00dfen und Ausf\u00fchrungen. Kontaktieren Sie uns noch heute, um mehr zu erfahren.\" \/>\n<meta property=\"og:url\" content=\"https:\/\/tilakpolypack.com\/de\/ubersichtliche-verkaufsauslage\/\" \/>\n<meta property=\"og:site_name\" content=\"Tilak Polypack\" \/>\n<meta property=\"article:modified_time\" content=\"2025-09-19T10:24:37+00:00\" \/>\n<meta property=\"og:image\" content=\"https:\/\/tilakpolypack.com\/de\/wp-content\/uploads\/2023\/10\/Clear-Retail-Display-pp-Bags.jpg\" \/>\n\t<meta property=\"og:image:width\" content=\"760\" \/>\n\t<meta property=\"og:image:height\" content=\"510\" \/>\n\t<meta property=\"og:image:type\" content=\"image\/jpeg\" \/>\n<meta name=\"twitter:card\" content=\"summary_large_image\" \/>\n<meta name=\"twitter:label1\" content=\"Est. reading time\" \/>\n\t<meta name=\"twitter:data1\" content=\"2 minutes\" \/>\n<script type=\"application\/ld+json\" class=\"yoast-schema-graph\">{\"@context\":\"https:\/\/schema.org\",\"@graph\":[{\"@type\":\"WebPage\",\"@id\":\"https:\/\/tilakpolypack.com\/de\/ubersichtliche-verkaufsauslage\/\",\"url\":\"https:\/\/tilakpolypack.com\/de\/ubersichtliche-verkaufsauslage\/\",\"name\":\"Durchsichtige Polypropylen-T\u00fcten f\u00fcr den Einzelhandel | PP-T\u00fcten in meiner N\u00e4he \u2013 Tilak Polypack\",\"isPartOf\":{\"@id\":\"https:\/\/tilakpolypack.com\/de\/#website\"},\"primaryImageOfPage\":{\"@id\":\"https:\/\/tilakpolypack.com\/de\/ubersichtliche-verkaufsauslage\/#primaryimage\"},\"image\":{\"@id\":\"https:\/\/tilakpolypack.com\/de\/ubersichtliche-verkaufsauslage\/#primaryimage\"},\"thumbnailUrl\":\"https:\/\/tilakpolypack.com\/de\/wp-content\/uploads\/2023\/10\/Clear-Retail-Display-pp-Bags.jpg\",\"datePublished\":\"2023-10-06T11:59:34+00:00\",\"dateModified\":\"2025-09-19T10:24:37+00:00\",\"description\":\"Sch\u00fctzen und pr\u00e4sentieren Sie Ihre Produkte mit den transparenten Polypropylen-Beuteln von Tilak Polypack. Als f\u00fchrender Hersteller von PP-Beuteln bieten unsere hochwertigen Produkte einen sicheren Schutz vor Staub und Feuchtigkeit, w\u00e4hrend Ihre Produkte sichtbar bleiben. W\u00e4hlen Sie aus einer Vielzahl von Gr\u00f6\u00dfen und Ausf\u00fchrungen. Kontaktieren Sie uns noch heute, um mehr zu erfahren.\",\"inLanguage\":\"en-US\",\"potentialAction\":[{\"@type\":\"ReadAction\",\"target\":[\"https:\/\/tilakpolypack.com\/de\/ubersichtliche-verkaufsauslage\/\"]}]},{\"@type\":\"ImageObject\",\"inLanguage\":\"en-US\",\"@id\":\"https:\/\/tilakpolypack.com\/de\/ubersichtliche-verkaufsauslage\/#primaryimage\",\"url\":\"https:\/\/tilakpolypack.com\/de\/wp-content\/uploads\/2023\/10\/Clear-Retail-Display-pp-Bags.jpg\",\"contentUrl\":\"https:\/\/tilakpolypack.com\/de\/wp-content\/uploads\/2023\/10\/Clear-Retail-Display-pp-Bags.jpg\",\"width\":760,\"height\":510},{\"@type\":\"WebSite\",\"@id\":\"https:\/\/tilakpolypack.com\/de\/#website\",\"url\":\"https:\/\/tilakpolypack.com\/de\/\",\"name\":\"Tilak Polypack\",\"description\":\"\",\"potentialAction\":[{\"@type\":\"SearchAction\",\"target\":{\"@type\":\"EntryPoint\",\"urlTemplate\":\"https:\/\/tilakpolypack.com\/de\/?s={search_term_string}\"},\"query-input\":\"required name=search_term_string\"}],\"inLanguage\":\"en-US\"}]}<\/script>\n<!-- \/ Yoast SEO plugin. -->","yoast_head_json":{"title":"Durchsichtige Polypropylen-T\u00fcten f\u00fcr den Einzelhandel | PP-T\u00fcten in meiner N\u00e4he \u2013 Tilak Polypack","description":"Sch\u00fctzen und pr\u00e4sentieren Sie Ihre Produkte mit den transparenten Polypropylen-Beuteln von Tilak Polypack. Als f\u00fchrender Hersteller von PP-Beuteln bieten unsere hochwertigen Produkte einen sicheren Schutz vor Staub und Feuchtigkeit, w\u00e4hrend Ihre Produkte sichtbar bleiben. W\u00e4hlen Sie aus einer Vielzahl von Gr\u00f6\u00dfen und Ausf\u00fchrungen. Kontaktieren Sie uns noch heute, um mehr zu erfahren.","robots":{"index":"index","follow":"follow","max-snippet":"max-snippet:-1","max-image-preview":"max-image-preview:large","max-video-preview":"max-video-preview:-1"},"canonical":"https:\/\/tilakpolypack.com\/de\/ubersichtliche-verkaufsauslage\/","og_locale":"en_US","og_type":"article","og_title":"Durchsichtige Polypropylen-T\u00fcten f\u00fcr den Einzelhandel | PP-T\u00fcten in meiner N\u00e4he \u2013 Tilak Polypack","og_description":"Sch\u00fctzen und pr\u00e4sentieren Sie Ihre Produkte mit den transparenten Polypropylen-Beuteln von Tilak Polypack. Als f\u00fchrender Hersteller von PP-Beuteln bieten unsere hochwertigen Produkte einen sicheren Schutz vor Staub und Feuchtigkeit, w\u00e4hrend Ihre Produkte sichtbar bleiben. W\u00e4hlen Sie aus einer Vielzahl von Gr\u00f6\u00dfen und Ausf\u00fchrungen. Kontaktieren Sie uns noch heute, um mehr zu erfahren.","og_url":"https:\/\/tilakpolypack.com\/de\/ubersichtliche-verkaufsauslage\/","og_site_name":"Tilak Polypack","article_modified_time":"2025-09-19T10:24:37+00:00","og_image":[{"width":760,"height":510,"url":"https:\/\/tilakpolypack.com\/de\/wp-content\/uploads\/2023\/10\/Clear-Retail-Display-pp-Bags.jpg","type":"image\/jpeg"}],"twitter_card":"summary_large_image","twitter_misc":{"Est. reading time":"2 minutes"},"schema":{"@context":"https:\/\/schema.org","@graph":[{"@type":"WebPage","@id":"https:\/\/tilakpolypack.com\/de\/ubersichtliche-verkaufsauslage\/","url":"https:\/\/tilakpolypack.com\/de\/ubersichtliche-verkaufsauslage\/","name":"Durchsichtige Polypropylen-T\u00fcten f\u00fcr den Einzelhandel | PP-T\u00fcten in meiner N\u00e4he \u2013 Tilak Polypack","isPartOf":{"@id":"https:\/\/tilakpolypack.com\/de\/#website"},"primaryImageOfPage":{"@id":"https:\/\/tilakpolypack.com\/de\/ubersichtliche-verkaufsauslage\/#primaryimage"},"image":{"@id":"https:\/\/tilakpolypack.com\/de\/ubersichtliche-verkaufsauslage\/#primaryimage"},"thumbnailUrl":"https:\/\/tilakpolypack.com\/de\/wp-content\/uploads\/2023\/10\/Clear-Retail-Display-pp-Bags.jpg","datePublished":"2023-10-06T11:59:34+00:00","dateModified":"2025-09-19T10:24:37+00:00","description":"Sch\u00fctzen und pr\u00e4sentieren Sie Ihre Produkte mit den transparenten Polypropylen-Beuteln von Tilak Polypack. Als f\u00fchrender Hersteller von PP-Beuteln bieten unsere hochwertigen Produkte einen sicheren Schutz vor Staub und Feuchtigkeit, w\u00e4hrend Ihre Produkte sichtbar bleiben. W\u00e4hlen Sie aus einer Vielzahl von Gr\u00f6\u00dfen und Ausf\u00fchrungen. Kontaktieren Sie uns noch heute, um mehr zu erfahren.","inLanguage":"en-US","potentialAction":[{"@type":"ReadAction","target":["https:\/\/tilakpolypack.com\/de\/ubersichtliche-verkaufsauslage\/"]}]},{"@type":"ImageObject","inLanguage":"en-US","@id":"https:\/\/tilakpolypack.com\/de\/ubersichtliche-verkaufsauslage\/#primaryimage","url":"https:\/\/tilakpolypack.com\/de\/wp-content\/uploads\/2023\/10\/Clear-Retail-Display-pp-Bags.jpg","contentUrl":"https:\/\/tilakpolypack.com\/de\/wp-content\/uploads\/2023\/10\/Clear-Retail-Display-pp-Bags.jpg","width":760,"height":510},{"@type":"WebSite","@id":"https:\/\/tilakpolypack.com\/de\/#website","url":"https:\/\/tilakpolypack.com\/de\/","name":"Tilak Polypack","description":"","potentialAction":[{"@type":"SearchAction","target":{"@type":"EntryPoint","urlTemplate":"https:\/\/tilakpolypack.com\/de\/?s={search_term_string}"},"query-input":"required name=search_term_string"}],"inLanguage":"en-US"}]}},"_links":{"self":[{"href":"https:\/\/tilakpolypack.com\/de\/wp-json\/wp\/v2\/pages\/7671","targetHints":{"allow":["GET"]}}],"collection":[{"href":"https:\/\/tilakpolypack.com\/de\/wp-json\/wp\/v2\/pages"}],"about":[{"href":"https:\/\/tilakpolypack.com\/de\/wp-json\/wp\/v2\/types\/page"}],"author":[{"embeddable":true,"href":"https:\/\/tilakpolypack.com\/de\/wp-json\/wp\/v2\/users\/1"}],"replies":[{"embeddable":true,"href":"https:\/\/tilakpolypack.com\/de\/wp-json\/wp\/v2\/comments?post=7671"}],"version-history":[{"count":3,"href":"https:\/\/tilakpolypack.com\/de\/wp-json\/wp\/v2\/pages\/7671\/revisions"}],"predecessor-version":[{"id":10227,"href":"https:\/\/tilakpolypack.com\/de\/wp-json\/wp\/v2\/pages\/7671\/revisions\/10227"}],"wp:featuredmedia":[{"embeddable":true,"href":"https:\/\/tilakpolypack.com\/de\/wp-json\/wp\/v2\/media\/7971"}],"wp:attachment":[{"href":"https:\/\/tilakpolypack.com\/de\/wp-json\/wp\/v2\/media?parent=7671"}],"curies":[{"name":"wp","href":"https:\/\/api.w.org\/{rel}","templated":true}]}}