{"id":7433,"date":"2023-10-06T10:25:54","date_gmt":"2023-10-06T10:25:54","guid":{"rendered":"https:\/\/archiveyourwords.com\/tilak\/?page_id=7433"},"modified":"2025-09-19T10:16:37","modified_gmt":"2025-09-19T10:16:37","slug":"polyethylen-kleidungsverpackungsbeutel","status":"publish","type":"page","link":"https:\/\/tilakpolypack.com\/de\/polyethylen-kleidungsverpackungsbeutel\/","title":{"rendered":"Polyethylen-Kleidungsverpackungsbeutel"},"content":{"rendered":"<section class=\"wpb-content-wrapper\"><p>[vc_row][vc_column][vc_column_text]<\/p>\n<div class=\"col-md-12\">\n<div class=\"prod-category-img\"><\/div>\n<\/div>\n<div class=\"col-md-12\">\n<h2>Polyethylen-Kleiderbeutel \u2013 Peel-n-Seal-Beutel<\/h2>\n<p>Tilak Polypack verkauft eine gro\u00dfe Auswahl an durchsichtigen Polyethylen-Kleiderbeuteln, um Kleidungsst\u00fccke optimal zu pr\u00e4sentieren. Unsere Kleiderbeutel sind selbstklebend und eignen sich f\u00fcr eine Vielzahl von Verwendungszwecken, darunter f\u00fcr Ausstellungszwecke in der Bekleidungs- und Einzelhandelsbranche, und sind auch bei Reinigungen sehr beliebt.<\/p>\n<p>Eine Auswahl an gl\u00e4nzenden, <a href=\"https:\/\/tilakpolypack.com\/de\/ubersichtliche-verkaufsauslage\/\"><strong>kristallklaren Polypropylen-Beuteln<\/strong><\/a>, um Ihre Produkte optimal zu pr\u00e4sentieren. Ihre Einzelhandelsprodukte verdienen eine Verpackung, die sch\u00f6n, stilvoll und funktional ist \u2013 egal, ob Sie eine Schutzbarriere ben\u00f6tigen, um das Verderben von Artikeln zu verhindern, oder luftdichte Beutel, die verderbliche Waren frisch halten, diese Produktreihe bietet eine Vielzahl an auff\u00e4lligen L\u00f6sungen. Unsere transparenten Displayverpackungen werden h\u00e4ufig in Superm\u00e4rkten, B\u00e4ckereien, Blumenl\u00e4den, Geschenkel\u00e4den, Kaufh\u00e4usern und Bekleidungsgesch\u00e4ften und sogar auf lokalen Handwerksmessen verwendet. Sie sind eine einfache und effektive M\u00f6glichkeit, Ihre Produkte zu pr\u00e4sentieren und gleichzeitig den Inhalt sicher, gesch\u00fctzt und handlich zu halten.<\/p>\n<p><a href=\"https:\/\/tilakpolypack.com\/de\/grip-seal-beutel\/\"><strong><span data-sheets-root=\"1\">Kunststoff-Griffverschlussbeutel<\/span><\/strong><\/a>\u00a0bieten das ideale Verh\u00e4ltnis zwischen Leistung und Preis. Sie sind mit einem Klebestreifen an den Laschen versehen, der \u00fcber die \u00d6ffnung der T\u00fcte gefaltet und versiegelt werden kann. Dieses Design eignet sich f\u00fcr alle Artikel, die kleiner als die H\u00f6he der T\u00fcte sind, da die Lasche bei Bedarf \u00fcber die \u00d6ffnung gefaltet werden kann.<\/p>\n<\/div>\n<p>[\/vc_column_text][\/vc_column][\/vc_row][vc_row ts_responsive_css=&#8221;25777273|colbreak_no|20|||||10||10|colbreak_no|||||||||colbreak_no||||||||||colbreak_no|||||||||&#8221; css=&#8221;.vc_custom_1696656087423{margin-top: 30px !important;padding-right: 10px !important;padding-left: 10px !important;}&#8221;][vc_column]<section class=\"ts-vc_cta3-container\"><div class=\"ts-vc_general ts-vc_cta3 ts-cta3-only ts-vc_cta3-style-classic ts-vc_cta3-shape-rounded ts-vc_cta3-align-left ts-vc_cta3-color-transparent ts-vc_cta3-icon-size-md ts-vc_cta3-actions-right ts-cta3-with-desc\"><div class=\"ts-vc_cta3_content-container\"><div class=\"ts-vc_cta3-content\"><div class=\"ts-vc_cta3-content-header ts-wrap\"><div class=\"ts-vc_cta3-headers ts-wrap-cell\"><\/div><\/div><div class=\"ts-cta3-content-wrapper\"><p>Bitte kontaktieren Sie uns unter <a href=\"tel:9227422544\">+91-9227422544<\/a> oder senden Sie uns eine E-Mail an <a href=\"mailto:info@tilakpolypack.com\">info@tilakpolypack.com<\/a>, um Angebote oder weitere Informationen zu erhalten.<\/p><\/div><\/div><div class=\"ts-vc_cta3-actions\">\r\n\t\t<div class=\"ts-vc_btn3-container  popmake-8197 ts-vc_btn3-inline\"><a class=\"ts-vc_general ts-vc_btn3 ts-vc_btn3-size-md ts-vc_btn3-shape-rounded ts-vc_btn3-style-flat ts-vc_btn3-weight-yes ts-vc_btn3-color-skincolor\" href=\"\" title=\"\">Anfrage senden<\/a><\/div><\/div><\/div><\/div><\/section>[\/vc_column][\/vc_row]<\/p>\n<\/section>","protected":false},"excerpt":{"rendered":"<p>[vc_row][vc_column][vc_column_text] Polyethylen-Kleiderbeutel \u2013 Peel-n-Seal-Beutel Tilak Polypack verkauft eine gro\u00dfe Auswahl an durchsichtigen Polyethylen-Kleiderbeuteln, um Kleidungsst\u00fccke optimal zu pr\u00e4sentieren. Unsere Kleiderbeutel sind selbstklebend und eignen sich f\u00fcr eine Vielzahl von Verwendungszwecken, darunter f\u00fcr Ausstellungszwecke in der Bekleidungs- und Einzelhandelsbranche, und sind auch bei Reinigungen sehr beliebt. Eine Auswahl an gl\u00e4nzenden, kristallklaren Polypropylen-Beuteln, um Ihre Produkte optimal &hellip; <a href=\"https:\/\/tilakpolypack.com\/de\/polyethylen-kleidungsverpackungsbeutel\/\" class=\"more-link\">Continue reading <span class=\"screen-reader-text\">Polyethylen-Kleidungsverpackungsbeutel<\/span><\/a><\/p>\n","protected":false},"author":1,"featured_media":7992,"parent":0,"menu_order":0,"comment_status":"closed","ping_status":"closed","template":"","meta":{"_acf_changed":false,"om_disable_all_campaigns":false,"_monsterinsights_skip_tracking":false,"_monsterinsights_sitenote_active":false,"_monsterinsights_sitenote_note":"","_monsterinsights_sitenote_category":0,"_uf_show_specific_survey":0,"_uf_disable_surveys":false,"footnotes":""},"class_list":["post-7433","page","type-page","status-publish","has-post-thumbnail","hentry"],"acf":[],"yoast_head":"<!-- This site is optimized with the Yoast SEO plugin v22.3 - https:\/\/yoast.com\/wordpress\/plugins\/seo\/ -->\n<title>Polyethylen-Kleiderbeutel \u2013 Verpackungsbeutel f\u00fcr Kleidung<\/title>\n<meta name=\"description\" content=\"Sch\u00fctzen und organisieren Sie Ihre Kleidung mit den Polyethylen-Kleiderbeuteln von Tilak Polypack. W\u00e4hlen Sie aus unserem Sortiment an Verpackungsbeuteln f\u00fcr Kleidung in verschiedenen Gr\u00f6\u00dfen und Ausf\u00fchrungen. Kontaktieren Sie uns noch heute, um mehr zu erfahren.\" \/>\n<meta name=\"robots\" content=\"index, follow, max-snippet:-1, max-image-preview:large, max-video-preview:-1\" \/>\n<link rel=\"canonical\" href=\"https:\/\/tilakpolypack.com\/de\/polyethylen-kleidungsverpackungsbeutel\/\" \/>\n<meta property=\"og:locale\" content=\"en_US\" \/>\n<meta property=\"og:type\" content=\"article\" \/>\n<meta property=\"og:title\" content=\"Polyethylen-Kleiderbeutel \u2013 Verpackungsbeutel f\u00fcr Kleidung\" \/>\n<meta property=\"og:description\" content=\"Sch\u00fctzen und organisieren Sie Ihre Kleidung mit den Polyethylen-Kleiderbeuteln von Tilak Polypack. W\u00e4hlen Sie aus unserem Sortiment an Verpackungsbeuteln f\u00fcr Kleidung in verschiedenen Gr\u00f6\u00dfen und Ausf\u00fchrungen. Kontaktieren Sie uns noch heute, um mehr zu erfahren.\" \/>\n<meta property=\"og:url\" content=\"https:\/\/tilakpolypack.com\/de\/polyethylen-kleidungsverpackungsbeutel\/\" \/>\n<meta property=\"og:site_name\" content=\"Tilak Polypack\" \/>\n<meta property=\"article:modified_time\" content=\"2025-09-19T10:16:37+00:00\" \/>\n<meta property=\"og:image\" content=\"https:\/\/tilakpolypack.com\/de\/wp-content\/uploads\/2023\/10\/Polythene-Clothing-Packing-Bags.jpg\" \/>\n\t<meta property=\"og:image:width\" content=\"760\" \/>\n\t<meta property=\"og:image:height\" content=\"510\" \/>\n\t<meta property=\"og:image:type\" content=\"image\/jpeg\" \/>\n<meta name=\"twitter:card\" content=\"summary_large_image\" \/>\n<meta name=\"twitter:label1\" content=\"Est. reading time\" \/>\n\t<meta name=\"twitter:data1\" content=\"2 minutes\" \/>\n<script type=\"application\/ld+json\" class=\"yoast-schema-graph\">{\"@context\":\"https:\/\/schema.org\",\"@graph\":[{\"@type\":\"WebPage\",\"@id\":\"https:\/\/tilakpolypack.com\/de\/polyethylen-kleidungsverpackungsbeutel\/\",\"url\":\"https:\/\/tilakpolypack.com\/de\/polyethylen-kleidungsverpackungsbeutel\/\",\"name\":\"Polyethylen-Kleiderbeutel \u2013 Verpackungsbeutel f\u00fcr Kleidung\",\"isPartOf\":{\"@id\":\"https:\/\/tilakpolypack.com\/de\/#website\"},\"primaryImageOfPage\":{\"@id\":\"https:\/\/tilakpolypack.com\/de\/polyethylen-kleidungsverpackungsbeutel\/#primaryimage\"},\"image\":{\"@id\":\"https:\/\/tilakpolypack.com\/de\/polyethylen-kleidungsverpackungsbeutel\/#primaryimage\"},\"thumbnailUrl\":\"https:\/\/tilakpolypack.com\/de\/wp-content\/uploads\/2023\/10\/Polythene-Clothing-Packing-Bags.jpg\",\"datePublished\":\"2023-10-06T10:25:54+00:00\",\"dateModified\":\"2025-09-19T10:16:37+00:00\",\"description\":\"Sch\u00fctzen und organisieren Sie Ihre Kleidung mit den Polyethylen-Kleiderbeuteln von Tilak Polypack. W\u00e4hlen Sie aus unserem Sortiment an Verpackungsbeuteln f\u00fcr Kleidung in verschiedenen Gr\u00f6\u00dfen und Ausf\u00fchrungen. Kontaktieren Sie uns noch heute, um mehr zu erfahren.\",\"inLanguage\":\"en-US\",\"potentialAction\":[{\"@type\":\"ReadAction\",\"target\":[\"https:\/\/tilakpolypack.com\/de\/polyethylen-kleidungsverpackungsbeutel\/\"]}]},{\"@type\":\"ImageObject\",\"inLanguage\":\"en-US\",\"@id\":\"https:\/\/tilakpolypack.com\/de\/polyethylen-kleidungsverpackungsbeutel\/#primaryimage\",\"url\":\"https:\/\/tilakpolypack.com\/de\/wp-content\/uploads\/2023\/10\/Polythene-Clothing-Packing-Bags.jpg\",\"contentUrl\":\"https:\/\/tilakpolypack.com\/de\/wp-content\/uploads\/2023\/10\/Polythene-Clothing-Packing-Bags.jpg\",\"width\":760,\"height\":510},{\"@type\":\"WebSite\",\"@id\":\"https:\/\/tilakpolypack.com\/de\/#website\",\"url\":\"https:\/\/tilakpolypack.com\/de\/\",\"name\":\"Tilak Polypack\",\"description\":\"\",\"potentialAction\":[{\"@type\":\"SearchAction\",\"target\":{\"@type\":\"EntryPoint\",\"urlTemplate\":\"https:\/\/tilakpolypack.com\/de\/?s={search_term_string}\"},\"query-input\":\"required name=search_term_string\"}],\"inLanguage\":\"en-US\"}]}<\/script>\n<!-- \/ Yoast SEO plugin. -->","yoast_head_json":{"title":"Polyethylen-Kleiderbeutel \u2013 Verpackungsbeutel f\u00fcr Kleidung","description":"Sch\u00fctzen und organisieren Sie Ihre Kleidung mit den Polyethylen-Kleiderbeuteln von Tilak Polypack. W\u00e4hlen Sie aus unserem Sortiment an Verpackungsbeuteln f\u00fcr Kleidung in verschiedenen Gr\u00f6\u00dfen und Ausf\u00fchrungen. Kontaktieren Sie uns noch heute, um mehr zu erfahren.","robots":{"index":"index","follow":"follow","max-snippet":"max-snippet:-1","max-image-preview":"max-image-preview:large","max-video-preview":"max-video-preview:-1"},"canonical":"https:\/\/tilakpolypack.com\/de\/polyethylen-kleidungsverpackungsbeutel\/","og_locale":"en_US","og_type":"article","og_title":"Polyethylen-Kleiderbeutel \u2013 Verpackungsbeutel f\u00fcr Kleidung","og_description":"Sch\u00fctzen und organisieren Sie Ihre Kleidung mit den Polyethylen-Kleiderbeuteln von Tilak Polypack. W\u00e4hlen Sie aus unserem Sortiment an Verpackungsbeuteln f\u00fcr Kleidung in verschiedenen Gr\u00f6\u00dfen und Ausf\u00fchrungen. Kontaktieren Sie uns noch heute, um mehr zu erfahren.","og_url":"https:\/\/tilakpolypack.com\/de\/polyethylen-kleidungsverpackungsbeutel\/","og_site_name":"Tilak Polypack","article_modified_time":"2025-09-19T10:16:37+00:00","og_image":[{"width":760,"height":510,"url":"https:\/\/tilakpolypack.com\/de\/wp-content\/uploads\/2023\/10\/Polythene-Clothing-Packing-Bags.jpg","type":"image\/jpeg"}],"twitter_card":"summary_large_image","twitter_misc":{"Est. reading time":"2 minutes"},"schema":{"@context":"https:\/\/schema.org","@graph":[{"@type":"WebPage","@id":"https:\/\/tilakpolypack.com\/de\/polyethylen-kleidungsverpackungsbeutel\/","url":"https:\/\/tilakpolypack.com\/de\/polyethylen-kleidungsverpackungsbeutel\/","name":"Polyethylen-Kleiderbeutel \u2013 Verpackungsbeutel f\u00fcr Kleidung","isPartOf":{"@id":"https:\/\/tilakpolypack.com\/de\/#website"},"primaryImageOfPage":{"@id":"https:\/\/tilakpolypack.com\/de\/polyethylen-kleidungsverpackungsbeutel\/#primaryimage"},"image":{"@id":"https:\/\/tilakpolypack.com\/de\/polyethylen-kleidungsverpackungsbeutel\/#primaryimage"},"thumbnailUrl":"https:\/\/tilakpolypack.com\/de\/wp-content\/uploads\/2023\/10\/Polythene-Clothing-Packing-Bags.jpg","datePublished":"2023-10-06T10:25:54+00:00","dateModified":"2025-09-19T10:16:37+00:00","description":"Sch\u00fctzen und organisieren Sie Ihre Kleidung mit den Polyethylen-Kleiderbeuteln von Tilak Polypack. W\u00e4hlen Sie aus unserem Sortiment an Verpackungsbeuteln f\u00fcr Kleidung in verschiedenen Gr\u00f6\u00dfen und Ausf\u00fchrungen. Kontaktieren Sie uns noch heute, um mehr zu erfahren.","inLanguage":"en-US","potentialAction":[{"@type":"ReadAction","target":["https:\/\/tilakpolypack.com\/de\/polyethylen-kleidungsverpackungsbeutel\/"]}]},{"@type":"ImageObject","inLanguage":"en-US","@id":"https:\/\/tilakpolypack.com\/de\/polyethylen-kleidungsverpackungsbeutel\/#primaryimage","url":"https:\/\/tilakpolypack.com\/de\/wp-content\/uploads\/2023\/10\/Polythene-Clothing-Packing-Bags.jpg","contentUrl":"https:\/\/tilakpolypack.com\/de\/wp-content\/uploads\/2023\/10\/Polythene-Clothing-Packing-Bags.jpg","width":760,"height":510},{"@type":"WebSite","@id":"https:\/\/tilakpolypack.com\/de\/#website","url":"https:\/\/tilakpolypack.com\/de\/","name":"Tilak Polypack","description":"","potentialAction":[{"@type":"SearchAction","target":{"@type":"EntryPoint","urlTemplate":"https:\/\/tilakpolypack.com\/de\/?s={search_term_string}"},"query-input":"required name=search_term_string"}],"inLanguage":"en-US"}]}},"_links":{"self":[{"href":"https:\/\/tilakpolypack.com\/de\/wp-json\/wp\/v2\/pages\/7433","targetHints":{"allow":["GET"]}}],"collection":[{"href":"https:\/\/tilakpolypack.com\/de\/wp-json\/wp\/v2\/pages"}],"about":[{"href":"https:\/\/tilakpolypack.com\/de\/wp-json\/wp\/v2\/types\/page"}],"author":[{"embeddable":true,"href":"https:\/\/tilakpolypack.com\/de\/wp-json\/wp\/v2\/users\/1"}],"replies":[{"embeddable":true,"href":"https:\/\/tilakpolypack.com\/de\/wp-json\/wp\/v2\/comments?post=7433"}],"version-history":[{"count":3,"href":"https:\/\/tilakpolypack.com\/de\/wp-json\/wp\/v2\/pages\/7433\/revisions"}],"predecessor-version":[{"id":10226,"href":"https:\/\/tilakpolypack.com\/de\/wp-json\/wp\/v2\/pages\/7433\/revisions\/10226"}],"wp:featuredmedia":[{"embeddable":true,"href":"https:\/\/tilakpolypack.com\/de\/wp-json\/wp\/v2\/media\/7992"}],"wp:attachment":[{"href":"https:\/\/tilakpolypack.com\/de\/wp-json\/wp\/v2\/media?parent=7433"}],"curies":[{"name":"wp","href":"https:\/\/api.w.org\/{rel}","templated":true}]}}