{"id":7429,"date":"2023-10-06T10:25:28","date_gmt":"2023-10-06T10:25:28","guid":{"rendered":"https:\/\/archiveyourwords.com\/tilak\/?page_id=7429"},"modified":"2025-09-19T10:11:32","modified_gmt":"2025-09-19T10:11:32","slug":"kunststoff-dcut-beutel","status":"publish","type":"page","link":"https:\/\/tilakpolypack.com\/de\/kunststoff-dcut-beutel\/","title":{"rendered":"Kunststoff-Dcut-Beutel"},"content":{"rendered":"<section class=\"wpb-content-wrapper\"><p>[vc_row][vc_column css=&#8221;.vc_custom_1696661719701{margin-bottom: 15px !important;}&#8221;][vc_column_text css=&#8221;.vc_custom_1758276689081{margin-top: 30px !important;padding-top: 30px !important;}&#8221;]<\/p>\n<div class=\"col-md-12\">\n<div class=\"prod-category-img\"><\/div>\n<\/div>\n<div class=\"col-md-12\">\n<h2>Kunststoff-DCut-Beutel<\/h2>\n<p>Kunststoff-D-Cut-Beutel sind leichte und vielseitige Beutel mit einem praktischen Griffdesign. Sie werden h\u00e4ufig zum Verpacken von Lebensmitteln, Kleidung und verschiedenen Einzelhandelsartikeln verwendet.<\/p>\n<p>Der Herstellungsprozess umfasst das Formen und <a href=\"https:\/\/tilakpolypack.com\/de\/grip-seal-beutel\/\"><strong>Versiegeln des Kunststoffmaterials<\/strong><\/a>, um den Beutelk\u00f6rper herzustellen, und das anschlie\u00dfende sichere Anbringen der D-f\u00f6rmigen Griffe. Diese Beutel sind in verschiedenen Gr\u00f6\u00dfen und St\u00e4rken erh\u00e4ltlich, um unterschiedlichen Verpackungsanforderungen gerecht zu werden.Manufacturing D Cut Plastic Bags<\/p>\n<p>Bei <a href=\"https:\/\/tilakpolypack.com\/de\/\"><strong>Tilak Polypack<\/strong><\/a> sind wir auf die Herstellung hochwertiger D-Cut-Plastikt\u00fcten spezialisiert. Unser fortschrittlicher Herstellungsprozess gew\u00e4hrleistet die Produktion langlebiger und zuverl\u00e4ssiger T\u00fcten, die den h\u00f6chsten Industriestandards entsprechen.<\/p>\n<p>Der Herstellungsprozess beginnt mit der Auswahl von hochwertigem Kunststoffmaterial, das anschlie\u00dfend zu flachen Platten verarbeitet wird.<\/p>\n<p>Diese Folien werden sorgf\u00e4ltig auf die gew\u00fcnschte Gr\u00f6\u00dfe und Form zugeschnitten und bilden den K\u00f6rper der D-Cut-Plastikt\u00fcten. Die Griffe werden dann mithilfe einer Hei\u00dfsiegeltechnik in die T\u00fcten integriert, wodurch eine starke und sichere Befestigung gew\u00e4hrleistet wird.<\/p>\n<p>Unsere D-Cut-Plastikt\u00fcten sind f\u00fcr ihre au\u00dfergew\u00f6hnlichen Eigenschaften bekannt. Sie sind leicht und dennoch robust, sodass verschiedene Gegenst\u00e4nde bequem transportiert werden k\u00f6nnen. Das D-Cut-Griffdesign sorgt f\u00fcr einen bequemen Halt und entlastet die H\u00e4nde. Diese T\u00fcten sind rei\u00dffest und haben eine glatte Oberfl\u00e4che, wodurch die Sicherheit des Inhalts gew\u00e4hrleistet ist und ein Auslaufen verhindert wird.<\/p>\n<p>Tilak Polypack zeichnet sich als zuverl\u00e4ssiger Hersteller von D-Cut-Plastikt\u00fcten aus. Wir legen gr\u00f6\u00dften Wert auf Qualit\u00e4t und Kundenzufriedenheit, verwenden ausschlie\u00dflich hochwertige Materialien und wenden w\u00e4hrend des gesamten Herstellungsprozesses strenge Qualit\u00e4tskontrollma\u00dfnahmen an.<\/p>\n<p>Unsere Beutel sind in verschiedenen Gr\u00f6\u00dfen erh\u00e4ltlich und k\u00f6nnen an spezifische Anforderungen angepasst werden. Mit unserem Engagement f\u00fcr Spitzenqualit\u00e4t stellen wir sicher, dass unsere <a href=\"https:\/\/tilakpolypack.com\/de\/wiederverschliesbare-polybeutel-mit-aufhanger\/\"><strong>Kleiderb\u00fcgeltasche <\/strong><\/a> zuverl\u00e4ssig und praktisch sind und den Bed\u00fcrfnissen unserer gesch\u00e4tzten Kunden entsprechen.<\/p>\n<p>Tilak Polypack ist einer der weltweit f\u00fchrenden Hersteller und Lieferanten von Kunststoff-DCut-Beuteln. Mit Niederlassungen in L\u00e4ndern wie den USA, Singapur, Australien, Deutschland, Kanada, Neuseeland, Gro\u00dfbritannien, Irland, Schottland und Norwegen hat sich Tilak Polypack als zuverl\u00e4ssiger Anbieter von hochwertigen Kunststoff-DCut-Beuteln etabliert.<\/p>\n<\/div>\n<p>[\/vc_column_text][\/vc_column][\/vc_row][vc_row ts_responsive_css=&#8221;25777273|colbreak_no|20|||||10||10|colbreak_no|||||||||colbreak_no||||||||||colbreak_no|||||||||&#8221; css=&#8221;.vc_custom_1696661814638{margin-top: 30px !important;padding-right: 10px !important;padding-left: 10px !important;}&#8221;][vc_column][vc_column_text css=&#8221;.vc_custom_1756126173607{margin-top: 40px !important;}&#8221;]<\/p>\n<h2><\/h2>\n<h2>Wie w\u00e4hlt man D-Cut-Beutel aus Kunststoff aus?<\/h2>\n<p>Bei der Auswahl von D-Cut-Beuteln aus Kunststoff sollten Sie folgende Faktoren ber\u00fccksichtigen:<\/p>\n<ol>\n<li>Gr\u00f6\u00dfe: W\u00e4hlen Sie die passende Taschengr\u00f6\u00dfe entsprechend Ihren individuellen Bed\u00fcrfnissen und den Gegenst\u00e4nden, die Sie transportieren oder aufbewahren m\u00f6chten.<\/li>\n<li>Materialqualit\u00e4t: Entscheiden Sie sich f\u00fcr D-Cut-Beutel aus strapazierf\u00e4higem und rei\u00dffestem, hochwertigem Kunststoffmaterial, das eine lange Lebensdauer gew\u00e4hrleistet.<\/li>\n<li>Dicke: Ber\u00fccksichtigen Sie die Dicke des Kunststoffs, da diese die Festigkeit und Verschlei\u00dffestigkeit der Tasche bestimmt.<\/li>\n<li>Griffdesign: Bewerten Sie das Design der D-f\u00f6rmigen Griffe und stellen Sie sicher, dass sie sicher befestigt sind und bequem in der Hand liegen.<\/li>\n<li>Anpassungsoptionen: Pr\u00fcfen Sie, ob der Lieferant Anpassungsoptionen wie Logodruck oder Farbauswahl anbietet, die zu Ihrem Branding oder Ihren spezifischen Anforderungen passen.<\/li>\n<li>Menge und Kosten: Bestimmen Sie die erforderliche Menge an Beuteln und vergleichen Sie die Preise verschiedener Anbieter, um das beste Preis-Leistungs-Verh\u00e4ltnis f\u00fcr Ihr Budget zu finden.<\/li>\n<li>Lieferantenreputation: W\u00e4hlen Sie einen renommierten Lieferanten, der f\u00fcr seine hochwertigen Produkte, zuverl\u00e4ssige Lieferungen und seinen ausgezeichneten Kundenservice bekannt ist.<\/li>\n<\/ol>\n<p>Unter Ber\u00fccksichtigung dieser Faktoren k\u00f6nnen Sie Kunststoffbeutel mit D-f\u00f6rmigem Schnitt ausw\u00e4hlen, die Ihren spezifischen Anforderungen entsprechen und Ihnen Komfort und Langlebigkeit f\u00fcr Ihre Verpackungs- oder Transportzwecke bieten.<\/p>\n<p>D-Cut-T\u00fcten sind leicht zu tragen, robust und attraktiv. Kunststoff-D-Cut-T\u00fcten werden vor allem von Superm\u00e4rkten, Lebensmittelgesch\u00e4ften, Discountern, Convenience-Stores usw. verwendet.<\/p>\n<p>Kunststoff-D-Cut-Beutel werden hergestellt aus \u2013<\/p>\n<ul>\n<li>HDPE (High Density Poly Ethylene)<\/li>\n<li>LDPE (Polyethylen niedriger Dichte)<\/li>\n<\/ul>\n<p>Wir bieten unseren Kunden eine gro\u00dfe Auswahl an D-Cut-Beuteln aus Kunststoff, die aus hochwertigen Rohstoffen hergestellt werden und in verschiedenen Farben, Gr\u00f6\u00dfen und St\u00e4rken erh\u00e4ltlich sind. Diese D-Cut-Beutel sind kosteng\u00fcnstig, robust und wiederverwendbar.[\/vc_column_text]<section class=\"ts-vc_cta3-container\"><div class=\"ts-vc_general ts-vc_cta3 ts-cta3-only ts-vc_cta3-style-classic ts-vc_cta3-shape-rounded ts-vc_cta3-align-left ts-vc_cta3-color-transparent ts-vc_cta3-icon-size-md ts-vc_cta3-actions-right ts-cta3-with-desc\"><div class=\"ts-vc_cta3_content-container\"><div class=\"ts-vc_cta3-content\"><div class=\"ts-vc_cta3-content-header ts-wrap\"><div class=\"ts-vc_cta3-headers ts-wrap-cell\"><\/div><\/div><div class=\"ts-cta3-content-wrapper\"><p>Bitte kontaktieren Sie uns unter <a href=\"tel:9227422544\">+91-9227422544<\/a> oder senden Sie uns eine E-Mail an <a href=\"mailto:info@tilakpolypack.com\">info@tilakpolypack.com<\/a>, um Angebote oder weitere Informationen zu erhalten.<\/p><\/div><\/div><div class=\"ts-vc_cta3-actions\">\r\n\t\t<div class=\"ts-vc_btn3-container  popmake-8197 ts-vc_btn3-inline\"><a class=\"ts-vc_general ts-vc_btn3 ts-vc_btn3-size-md ts-vc_btn3-shape-rounded ts-vc_btn3-style-flat ts-vc_btn3-weight-yes ts-vc_btn3-color-skincolor\" href=\"\" title=\"\">Anfrage senden<\/a><\/div><\/div><\/div><\/div><\/section>[\/vc_column][\/vc_row]<\/p>\n<\/section>","protected":false},"excerpt":{"rendered":"<p>[vc_row][vc_column css=&#8221;.vc_custom_1696661719701{margin-bottom: 15px !important;}&#8221;][vc_column_text css=&#8221;.vc_custom_1758276689081{margin-top: 30px !important;padding-top: 30px !important;}&#8221;] Kunststoff-DCut-Beutel Kunststoff-D-Cut-Beutel sind leichte und vielseitige Beutel mit einem praktischen Griffdesign. Sie werden h\u00e4ufig zum Verpacken von Lebensmitteln, Kleidung und verschiedenen Einzelhandelsartikeln verwendet. Der Herstellungsprozess umfasst das Formen und Versiegeln des Kunststoffmaterials, um den Beutelk\u00f6rper herzustellen, und das anschlie\u00dfende sichere Anbringen der D-f\u00f6rmigen Griffe. Diese Beutel &hellip; <a href=\"https:\/\/tilakpolypack.com\/de\/kunststoff-dcut-beutel\/\" class=\"more-link\">Continue reading <span class=\"screen-reader-text\">Kunststoff-Dcut-Beutel<\/span><\/a><\/p>\n","protected":false},"author":1,"featured_media":7995,"parent":0,"menu_order":0,"comment_status":"closed","ping_status":"closed","template":"","meta":{"_acf_changed":false,"om_disable_all_campaigns":false,"_monsterinsights_skip_tracking":false,"_monsterinsights_sitenote_active":false,"_monsterinsights_sitenote_note":"","_monsterinsights_sitenote_category":0,"_uf_show_specific_survey":0,"_uf_disable_surveys":false,"footnotes":""},"class_list":["post-7429","page","type-page","status-publish","has-post-thumbnail","hentry"],"acf":[],"yoast_head":"<!-- This site is optimized with the Yoast SEO plugin v22.3 - https:\/\/yoast.com\/wordpress\/plugins\/seo\/ -->\n<title>D-Cut-Beutel Gro\u00dfhandel | D-Cut-Kunststoffbeutel | Tilak Polypack<\/title>\n<meta name=\"description\" content=\"Suchen Sie nach D-Cut-Beuteln im Gro\u00dfhandel in Ihrer N\u00e4he? Tilak Polypack bietet hochwertige D-Cut-Plastikbeutel zu wettbewerbsf\u00e4higen Preisen. Unsere D-Cut-Beutel sind strapazierf\u00e4hig, vielseitig einsetzbar und eignen sich f\u00fcr eine Vielzahl von Anwendungen im Einzelhandel und im Lebensmittelbereich. Kontaktieren Sie uns noch heute, um D-Cut-Beutel im Gro\u00dfhandel zu bestellen und das beste Preis-Leistungs-Verh\u00e4ltnis zu erhalten.\" \/>\n<meta name=\"robots\" content=\"index, follow, max-snippet:-1, max-image-preview:large, max-video-preview:-1\" \/>\n<link rel=\"canonical\" href=\"https:\/\/tilakpolypack.com\/de\/kunststoff-dcut-beutel\/\" \/>\n<meta property=\"og:locale\" content=\"en_US\" \/>\n<meta property=\"og:type\" content=\"article\" \/>\n<meta property=\"og:title\" content=\"D-Cut-Beutel Gro\u00dfhandel | D-Cut-Kunststoffbeutel | Tilak Polypack\" \/>\n<meta property=\"og:description\" content=\"Suchen Sie nach D-Cut-Beuteln im Gro\u00dfhandel in Ihrer N\u00e4he? Tilak Polypack bietet hochwertige D-Cut-Plastikbeutel zu wettbewerbsf\u00e4higen Preisen. Unsere D-Cut-Beutel sind strapazierf\u00e4hig, vielseitig einsetzbar und eignen sich f\u00fcr eine Vielzahl von Anwendungen im Einzelhandel und im Lebensmittelbereich. Kontaktieren Sie uns noch heute, um D-Cut-Beutel im Gro\u00dfhandel zu bestellen und das beste Preis-Leistungs-Verh\u00e4ltnis zu erhalten.\" \/>\n<meta property=\"og:url\" content=\"https:\/\/tilakpolypack.com\/de\/kunststoff-dcut-beutel\/\" \/>\n<meta property=\"og:site_name\" content=\"Tilak Polypack\" \/>\n<meta property=\"article:modified_time\" content=\"2025-09-19T10:11:32+00:00\" \/>\n<meta property=\"og:image\" content=\"https:\/\/tilakpolypack.com\/de\/wp-content\/uploads\/2023\/10\/plastic-dcut-bags.jpg\" \/>\n\t<meta property=\"og:image:width\" content=\"760\" \/>\n\t<meta property=\"og:image:height\" content=\"510\" \/>\n\t<meta property=\"og:image:type\" content=\"image\/jpeg\" \/>\n<meta name=\"twitter:card\" content=\"summary_large_image\" \/>\n<meta name=\"twitter:label1\" content=\"Est. reading time\" \/>\n\t<meta name=\"twitter:data1\" content=\"3 minutes\" \/>\n<script type=\"application\/ld+json\" class=\"yoast-schema-graph\">{\"@context\":\"https:\/\/schema.org\",\"@graph\":[{\"@type\":\"WebPage\",\"@id\":\"https:\/\/tilakpolypack.com\/de\/kunststoff-dcut-beutel\/\",\"url\":\"https:\/\/tilakpolypack.com\/de\/kunststoff-dcut-beutel\/\",\"name\":\"D-Cut-Beutel Gro\u00dfhandel | D-Cut-Kunststoffbeutel | Tilak Polypack\",\"isPartOf\":{\"@id\":\"https:\/\/tilakpolypack.com\/de\/#website\"},\"primaryImageOfPage\":{\"@id\":\"https:\/\/tilakpolypack.com\/de\/kunststoff-dcut-beutel\/#primaryimage\"},\"image\":{\"@id\":\"https:\/\/tilakpolypack.com\/de\/kunststoff-dcut-beutel\/#primaryimage\"},\"thumbnailUrl\":\"https:\/\/tilakpolypack.com\/de\/wp-content\/uploads\/2023\/10\/plastic-dcut-bags.jpg\",\"datePublished\":\"2023-10-06T10:25:28+00:00\",\"dateModified\":\"2025-09-19T10:11:32+00:00\",\"description\":\"Suchen Sie nach D-Cut-Beuteln im Gro\u00dfhandel in Ihrer N\u00e4he? Tilak Polypack bietet hochwertige D-Cut-Plastikbeutel zu wettbewerbsf\u00e4higen Preisen. Unsere D-Cut-Beutel sind strapazierf\u00e4hig, vielseitig einsetzbar und eignen sich f\u00fcr eine Vielzahl von Anwendungen im Einzelhandel und im Lebensmittelbereich. Kontaktieren Sie uns noch heute, um D-Cut-Beutel im Gro\u00dfhandel zu bestellen und das beste Preis-Leistungs-Verh\u00e4ltnis zu erhalten.\",\"inLanguage\":\"en-US\",\"potentialAction\":[{\"@type\":\"ReadAction\",\"target\":[\"https:\/\/tilakpolypack.com\/de\/kunststoff-dcut-beutel\/\"]}]},{\"@type\":\"ImageObject\",\"inLanguage\":\"en-US\",\"@id\":\"https:\/\/tilakpolypack.com\/de\/kunststoff-dcut-beutel\/#primaryimage\",\"url\":\"https:\/\/tilakpolypack.com\/de\/wp-content\/uploads\/2023\/10\/plastic-dcut-bags.jpg\",\"contentUrl\":\"https:\/\/tilakpolypack.com\/de\/wp-content\/uploads\/2023\/10\/plastic-dcut-bags.jpg\",\"width\":760,\"height\":510},{\"@type\":\"WebSite\",\"@id\":\"https:\/\/tilakpolypack.com\/de\/#website\",\"url\":\"https:\/\/tilakpolypack.com\/de\/\",\"name\":\"Tilak Polypack\",\"description\":\"\",\"potentialAction\":[{\"@type\":\"SearchAction\",\"target\":{\"@type\":\"EntryPoint\",\"urlTemplate\":\"https:\/\/tilakpolypack.com\/de\/?s={search_term_string}\"},\"query-input\":\"required name=search_term_string\"}],\"inLanguage\":\"en-US\"}]}<\/script>\n<!-- \/ Yoast SEO plugin. -->","yoast_head_json":{"title":"D-Cut-Beutel Gro\u00dfhandel | D-Cut-Kunststoffbeutel | Tilak Polypack","description":"Suchen Sie nach D-Cut-Beuteln im Gro\u00dfhandel in Ihrer N\u00e4he? Tilak Polypack bietet hochwertige D-Cut-Plastikbeutel zu wettbewerbsf\u00e4higen Preisen. Unsere D-Cut-Beutel sind strapazierf\u00e4hig, vielseitig einsetzbar und eignen sich f\u00fcr eine Vielzahl von Anwendungen im Einzelhandel und im Lebensmittelbereich. Kontaktieren Sie uns noch heute, um D-Cut-Beutel im Gro\u00dfhandel zu bestellen und das beste Preis-Leistungs-Verh\u00e4ltnis zu erhalten.","robots":{"index":"index","follow":"follow","max-snippet":"max-snippet:-1","max-image-preview":"max-image-preview:large","max-video-preview":"max-video-preview:-1"},"canonical":"https:\/\/tilakpolypack.com\/de\/kunststoff-dcut-beutel\/","og_locale":"en_US","og_type":"article","og_title":"D-Cut-Beutel Gro\u00dfhandel | D-Cut-Kunststoffbeutel | Tilak Polypack","og_description":"Suchen Sie nach D-Cut-Beuteln im Gro\u00dfhandel in Ihrer N\u00e4he? Tilak Polypack bietet hochwertige D-Cut-Plastikbeutel zu wettbewerbsf\u00e4higen Preisen. Unsere D-Cut-Beutel sind strapazierf\u00e4hig, vielseitig einsetzbar und eignen sich f\u00fcr eine Vielzahl von Anwendungen im Einzelhandel und im Lebensmittelbereich. Kontaktieren Sie uns noch heute, um D-Cut-Beutel im Gro\u00dfhandel zu bestellen und das beste Preis-Leistungs-Verh\u00e4ltnis zu erhalten.","og_url":"https:\/\/tilakpolypack.com\/de\/kunststoff-dcut-beutel\/","og_site_name":"Tilak Polypack","article_modified_time":"2025-09-19T10:11:32+00:00","og_image":[{"width":760,"height":510,"url":"https:\/\/tilakpolypack.com\/de\/wp-content\/uploads\/2023\/10\/plastic-dcut-bags.jpg","type":"image\/jpeg"}],"twitter_card":"summary_large_image","twitter_misc":{"Est. reading time":"3 minutes"},"schema":{"@context":"https:\/\/schema.org","@graph":[{"@type":"WebPage","@id":"https:\/\/tilakpolypack.com\/de\/kunststoff-dcut-beutel\/","url":"https:\/\/tilakpolypack.com\/de\/kunststoff-dcut-beutel\/","name":"D-Cut-Beutel Gro\u00dfhandel | D-Cut-Kunststoffbeutel | Tilak Polypack","isPartOf":{"@id":"https:\/\/tilakpolypack.com\/de\/#website"},"primaryImageOfPage":{"@id":"https:\/\/tilakpolypack.com\/de\/kunststoff-dcut-beutel\/#primaryimage"},"image":{"@id":"https:\/\/tilakpolypack.com\/de\/kunststoff-dcut-beutel\/#primaryimage"},"thumbnailUrl":"https:\/\/tilakpolypack.com\/de\/wp-content\/uploads\/2023\/10\/plastic-dcut-bags.jpg","datePublished":"2023-10-06T10:25:28+00:00","dateModified":"2025-09-19T10:11:32+00:00","description":"Suchen Sie nach D-Cut-Beuteln im Gro\u00dfhandel in Ihrer N\u00e4he? Tilak Polypack bietet hochwertige D-Cut-Plastikbeutel zu wettbewerbsf\u00e4higen Preisen. Unsere D-Cut-Beutel sind strapazierf\u00e4hig, vielseitig einsetzbar und eignen sich f\u00fcr eine Vielzahl von Anwendungen im Einzelhandel und im Lebensmittelbereich. Kontaktieren Sie uns noch heute, um D-Cut-Beutel im Gro\u00dfhandel zu bestellen und das beste Preis-Leistungs-Verh\u00e4ltnis zu erhalten.","inLanguage":"en-US","potentialAction":[{"@type":"ReadAction","target":["https:\/\/tilakpolypack.com\/de\/kunststoff-dcut-beutel\/"]}]},{"@type":"ImageObject","inLanguage":"en-US","@id":"https:\/\/tilakpolypack.com\/de\/kunststoff-dcut-beutel\/#primaryimage","url":"https:\/\/tilakpolypack.com\/de\/wp-content\/uploads\/2023\/10\/plastic-dcut-bags.jpg","contentUrl":"https:\/\/tilakpolypack.com\/de\/wp-content\/uploads\/2023\/10\/plastic-dcut-bags.jpg","width":760,"height":510},{"@type":"WebSite","@id":"https:\/\/tilakpolypack.com\/de\/#website","url":"https:\/\/tilakpolypack.com\/de\/","name":"Tilak Polypack","description":"","potentialAction":[{"@type":"SearchAction","target":{"@type":"EntryPoint","urlTemplate":"https:\/\/tilakpolypack.com\/de\/?s={search_term_string}"},"query-input":"required name=search_term_string"}],"inLanguage":"en-US"}]}},"_links":{"self":[{"href":"https:\/\/tilakpolypack.com\/de\/wp-json\/wp\/v2\/pages\/7429","targetHints":{"allow":["GET"]}}],"collection":[{"href":"https:\/\/tilakpolypack.com\/de\/wp-json\/wp\/v2\/pages"}],"about":[{"href":"https:\/\/tilakpolypack.com\/de\/wp-json\/wp\/v2\/types\/page"}],"author":[{"embeddable":true,"href":"https:\/\/tilakpolypack.com\/de\/wp-json\/wp\/v2\/users\/1"}],"replies":[{"embeddable":true,"href":"https:\/\/tilakpolypack.com\/de\/wp-json\/wp\/v2\/comments?post=7429"}],"version-history":[{"count":4,"href":"https:\/\/tilakpolypack.com\/de\/wp-json\/wp\/v2\/pages\/7429\/revisions"}],"predecessor-version":[{"id":10225,"href":"https:\/\/tilakpolypack.com\/de\/wp-json\/wp\/v2\/pages\/7429\/revisions\/10225"}],"wp:featuredmedia":[{"embeddable":true,"href":"https:\/\/tilakpolypack.com\/de\/wp-json\/wp\/v2\/media\/7995"}],"wp:attachment":[{"href":"https:\/\/tilakpolypack.com\/de\/wp-json\/wp\/v2\/media?parent=7429"}],"curies":[{"name":"wp","href":"https:\/\/api.w.org\/{rel}","templated":true}]}}