{"id":7428,"date":"2023-10-06T10:25:09","date_gmt":"2023-10-06T10:25:09","guid":{"rendered":"https:\/\/archiveyourwords.com\/tilak\/?page_id=7428"},"modified":"2025-09-19T10:06:46","modified_gmt":"2025-09-19T10:06:46","slug":"eisbeutel","status":"publish","type":"page","link":"https:\/\/tilakpolypack.com\/de\/eisbeutel\/","title":{"rendered":"Eisbeutel"},"content":{"rendered":"<section class=\"wpb-content-wrapper\"><p>[vc_row][vc_column][vc_column_text]<\/p>\n<div class=\"col-md-12\">\n<div class=\"prod-category-img\"><\/div>\n<\/div>\n<div class=\"col-md-12\">\n<h2>Eisbeutel<\/h2>\n<p>Wir liefern Gro\u00dfhandels-Eisbeutel, die auch rauer Behandlung standhalten. Alle unsere Eisw\u00fcrfelbeutel sind speziell daf\u00fcr ausgelegt, Temperaturen unter dem Gefrierpunkt standzuhalten!<\/p>\n<ul>\n<li>Hergestellt aus 100 % reiner 3-lagiger <a href=\"https:\/\/tilakpolypack.com\/de\/laminierung-pe-folie\/\"><strong>PE-Folie<\/strong><\/a><\/li>\n<li>Wir verwenden Metallocene, um die bestm\u00f6gliche Dichtungsfestigkeit bei Temperaturen unter dem Gefrierpunkt, eine erh\u00f6hte Durchsto\u00dffestigkeit und eine geringere Spr\u00f6digkeit zu erzielen.<\/li>\n<li>Wir bieten Oberfl\u00e4chendruck mit bis zu 8 Farben an, und unsere Druckfarben verf\u00fcgen \u00fcber optimale Tiefk\u00fchl-Eigenschaften.<\/li>\n<li>Wir k\u00f6nnen die Eisbeutel mit einem Baumwollkordelzug liefern, der eine einfache Handhabung und ein festes Verschlie\u00dfen an der Oberseite erm\u00f6glicht.<\/li>\n<li>Taschen k\u00f6nnen mit D-Punch versehen werden, um die Handhabung zu erleichtern.<\/li>\n<\/ul>\n<p>Die vielf\u00e4ltigen Eisbeutel von Tilak Polypack helfen Besitzern von Convenience-Stores, Spirituosengesch\u00e4ften oder Lebensmittelgesch\u00e4ften dabei, abgepacktes Eis wettbewerbsf\u00e4hig zu verkaufen.<\/p>\n<ul>\n<li>Bedruckte Eisbeutel ohne Baumwollkordelzug<\/li>\n<li>Unbedruckte Eisbeutel<\/li>\n<li>Bedruckte Eisbeutel aus Baumwolle mit Kordelzug<\/li>\n<\/ul>\n<h3>Bedruckte Eisbeutel<\/h3>\n<p>Machen Sie Eindruck mit unseren hochwertigen <a href=\"https:\/\/tilakpolypack.com\/de\/durchsichtige-polyethylen-verpackungsbeutel\/\"><strong>Eisbeuteln aus Polyethylen<\/strong><\/a>. Wir bieten eine Vielzahl von Gr\u00f6\u00dfen und Beutelausf\u00fchrungen f\u00fcr jeden Bedarf. Personalisieren Sie unser Standarddesign oder lassen Sie uns einen einzigartigen, individuell gestalteten Beutel speziell f\u00fcr Sie entwerfen.<\/p>\n<h3>Unbedruckte Eisbeutel<\/h3>\n<p>Unser Produktionsprozess stellt unbedruckte Eisbeutel mit einer einzigartigen Kombination idealer Eigenschaften her. Diese Beutel bieten eine hohe Schlagfestigkeit, geringe Tr\u00fcbung bei hohem Glanz und Klarheit sowie \u00fcberragende Haltbarkeit. Sie behalten ihre Flexibilit\u00e4t auch bei niedrigen Temperaturen und sind daher bei Eistemperaturen weniger spr\u00f6de. Unbedruckte Eisbeutel mit Seitenfalten sind erh\u00e4ltlich,<br \/>\nEinfache Erweiterung f\u00fcr schnelles Verpacken oder sperrige Gegenst\u00e4nde.<\/p>\n<h3>Baumwoll-Kordelzug-Kunststoff-Eisbeutel:<\/h3>\n<p>Diese kristallklaren, im Gro\u00dfhandel erh\u00e4ltlichen Plastikbeutel mit Kordelzug f\u00fcr Eis sind mit einem integrierten Baumwollkordelzug f\u00fcr einfachen Transport und einen dichten Verschluss vorbedruckt.<\/p>\n<h3>Kunststoff-Zugband-Eisbeutel aus Kunststoff:<\/h3>\n<p>Diese kristallklaren, im Gro\u00dfhandel erh\u00e4ltlichen <a href=\"https:\/\/tilakpolypack.com\/de\/kunststoff-kordeltaschen\/\"><strong>Plastikbeutel mit Kordelzug<\/strong><\/a> f\u00fcr Eis sind mit einem integrierten Plastik-Kordelzug f\u00fcr einfachen Transport und einen dichten Verschluss vorbedruckt. Plastikbeutel mit Kordelzug sind in der Regel kosteng\u00fcnstiger als Baumwollbeutel mit Kordelzug.<\/p>\n<p>Tilak Polypack ist einer der weltweit f\u00fchrenden Hersteller und Lieferanten von Eisbeuteln. Mit Niederlassungen in L\u00e4ndern wie den USA, Singapur, Australien, Deutschland, Kanada, Neuseeland, Gro\u00dfbritannien, Irland, Schottland und Norwegen hat sich Tilak Polypack als zuverl\u00e4ssiger Anbieter hochwertiger Eisbeutel etabliert.<\/p>\n<p>&nbsp;<\/p>\n<\/div>\n<p>[\/vc_column_text][vc_row_inner][vc_column_inner][vc_column_text]<\/p>\n<h2>ICE CUBE BAGS WITH OR WITHOUT DRAWSTRING<\/h2>\n<table id=\"profile2\" width=\"100%;\">\n<tbody>\n<tr>\n<th>SIZE<br \/>\nW x L x D (INCHES)<\/th>\n<th>ICECAPACITY<\/th>\n<th>MILS<\/th>\n<\/tr>\n<tr>\n<td align=\"center\" valign=\"center\">9 x 17 x 4&#8243;<\/td>\n<td align=\"center\" valign=\"center\">5 lbs.<\/td>\n<td align=\"center\" valign=\"center\">1.2<\/td>\n<\/tr>\n<tr>\n<td align=\"center\" valign=\"center\">11&#8243; x 18&#8243;<\/td>\n<td align=\"center\" valign=\"center\">8 lbs.<\/td>\n<td align=\"center\" valign=\"center\">1.4<\/td>\n<\/tr>\n<tr>\n<td align=\"center\" valign=\"center\">11.5&#8243; x 19&#8243;<\/td>\n<td align=\"center\" valign=\"center\">10 lbs.<\/td>\n<td align=\"center\" valign=\"center\">1.4<\/td>\n<\/tr>\n<tr>\n<td align=\"center\" valign=\"center\">14.5&#8243; x 25 x 4&#8243;<\/td>\n<td align=\"center\" valign=\"center\">20 lbs.<\/td>\n<td align=\"center\" valign=\"center\">1.75<\/td>\n<\/tr>\n<tr>\n<td align=\"center\" valign=\"center\">18 x 36 x 4&#8243;(only possible without<br \/>\ncotton drawstring)<\/td>\n<td align=\"center\" valign=\"center\">50 lbs.<\/td>\n<td align=\"center\" valign=\"center\">3.0<\/td>\n<\/tr>\n<\/tbody>\n<\/table>\n<p>&nbsp;<\/p>\n<p>&nbsp;<\/p>\n<p>Die oben genannten Gr\u00f6\u00dfen sind Standardgr\u00f6\u00dfen, aber wir k\u00f6nnen jedes Produkt nach Ihren Anforderungen individuell anpassen.<\/p>\n<h3>Bei einer Mindestbestellmenge von 300 Kartons bieten wir Ihnen wettbewerbsf\u00e4hige Preise inklusive Versandkosten an jede Adresse in den USA.<\/h3>\n<p>[\/vc_column_text][\/vc_column_inner][\/vc_row_inner][\/vc_column][\/vc_row][vc_row ts_responsive_css=&#8221;25777273|colbreak_no|20|||||10||10|colbreak_no|||||||||colbreak_no||||||||||colbreak_no|||||||||&#8221; css=&#8221;.vc_custom_1696656087423{margin-top: 30px !important;padding-right: 10px !important;padding-left: 10px !important;}&#8221;][vc_column]<section class=\"ts-vc_cta3-container\"><div class=\"ts-vc_general ts-vc_cta3 ts-cta3-only ts-vc_cta3-style-classic ts-vc_cta3-shape-rounded ts-vc_cta3-align-left ts-vc_cta3-color-transparent ts-vc_cta3-icon-size-md ts-vc_cta3-actions-right ts-cta3-with-desc\"><div class=\"ts-vc_cta3_content-container\"><div class=\"ts-vc_cta3-content\"><div class=\"ts-vc_cta3-content-header ts-wrap\"><div class=\"ts-vc_cta3-headers ts-wrap-cell\"><\/div><\/div><div class=\"ts-cta3-content-wrapper\"><p>Bitte kontaktieren Sie uns unter <a href=\"tel:9227422544\">+91-9227422544<\/a> oder senden Sie uns eine E-Mail an <a href=\"mailto:info@tilakpolypack.com\">info@tilakpolypack.com<\/a>, um Angebote oder weitere Informationen zu erhalten.<\/p><\/div><\/div><div class=\"ts-vc_cta3-actions\">\r\n\t\t<div class=\"ts-vc_btn3-container  popmake-8197 ts-vc_btn3-inline\"><a class=\"ts-vc_general ts-vc_btn3 ts-vc_btn3-size-md ts-vc_btn3-shape-rounded ts-vc_btn3-style-flat ts-vc_btn3-weight-yes ts-vc_btn3-color-skincolor\" href=\"\" title=\"\">Anfrage senden<\/a><\/div><\/div><\/div><\/div><\/section>[\/vc_column][\/vc_row]<\/p>\n<\/section>","protected":false},"excerpt":{"rendered":"<p>[vc_row][vc_column][vc_column_text] Eisbeutel Wir liefern Gro\u00dfhandels-Eisbeutel, die auch rauer Behandlung standhalten. Alle unsere Eisw\u00fcrfelbeutel sind speziell daf\u00fcr ausgelegt, Temperaturen unter dem Gefrierpunkt standzuhalten! Hergestellt aus 100 % reiner 3-lagiger PE-Folie Wir verwenden Metallocene, um die bestm\u00f6gliche Dichtungsfestigkeit bei Temperaturen unter dem Gefrierpunkt, eine erh\u00f6hte Durchsto\u00dffestigkeit und eine geringere Spr\u00f6digkeit zu erzielen. Wir bieten Oberfl\u00e4chendruck mit bis &hellip; <a href=\"https:\/\/tilakpolypack.com\/de\/eisbeutel\/\" class=\"more-link\">Continue reading <span class=\"screen-reader-text\">Eisbeutel<\/span><\/a><\/p>\n","protected":false},"author":1,"featured_media":8000,"parent":0,"menu_order":0,"comment_status":"closed","ping_status":"closed","template":"","meta":{"_acf_changed":false,"om_disable_all_campaigns":false,"_monsterinsights_skip_tracking":false,"_monsterinsights_sitenote_active":false,"_monsterinsights_sitenote_note":"","_monsterinsights_sitenote_category":0,"_uf_show_specific_survey":0,"_uf_disable_surveys":false,"footnotes":""},"class_list":["post-7428","page","type-page","status-publish","has-post-thumbnail","hentry"],"acf":[],"yoast_head":"<!-- This site is optimized with the Yoast SEO plugin v22.3 - https:\/\/yoast.com\/wordpress\/plugins\/seo\/ -->\n<title>Hochwertige Kunststoff-Eisbeutel, Eisbeutel mit Kordelzug \u2013 Gro\u00dfhandel \u2013 Tilak Polypack<\/title>\n<meta name=\"description\" content=\"Tilak Polypack bietet eine gro\u00dfe Auswahl an hochwertigen Plastikeisbeuteln, darunter Eisbeutel mit Kordelzug im Gro\u00dfhandel, Eisbeutelhersteller und Eisaufbewahrungsbeutel. Unsere strapazierf\u00e4higen und zuverl\u00e4ssigen Eisbeutel sind so konzipiert, dass sie Eis sicher und frisch halten, wodurch sie sich ideal f\u00fcr den Einsatz in Restaurants, Bars und zur Eisaufbewahrung zu Hause eignen. Kontaktieren Sie uns noch heute, um mehr \u00fcber unsere Eisbeutell\u00f6sungen zu erfahren.\" \/>\n<meta name=\"robots\" content=\"index, follow, max-snippet:-1, max-image-preview:large, max-video-preview:-1\" \/>\n<link rel=\"canonical\" href=\"https:\/\/tilakpolypack.com\/de\/eisbeutel\/\" \/>\n<meta property=\"og:locale\" content=\"en_US\" \/>\n<meta property=\"og:type\" content=\"article\" \/>\n<meta property=\"og:title\" content=\"Hochwertige Kunststoff-Eisbeutel, Eisbeutel mit Kordelzug \u2013 Gro\u00dfhandel \u2013 Tilak Polypack\" \/>\n<meta property=\"og:description\" content=\"Tilak Polypack bietet eine gro\u00dfe Auswahl an hochwertigen Plastikeisbeuteln, darunter Eisbeutel mit Kordelzug im Gro\u00dfhandel, Eisbeutelhersteller und Eisaufbewahrungsbeutel. Unsere strapazierf\u00e4higen und zuverl\u00e4ssigen Eisbeutel sind so konzipiert, dass sie Eis sicher und frisch halten, wodurch sie sich ideal f\u00fcr den Einsatz in Restaurants, Bars und zur Eisaufbewahrung zu Hause eignen. Kontaktieren Sie uns noch heute, um mehr \u00fcber unsere Eisbeutell\u00f6sungen zu erfahren.\" \/>\n<meta property=\"og:url\" content=\"https:\/\/tilakpolypack.com\/de\/eisbeutel\/\" \/>\n<meta property=\"og:site_name\" content=\"Tilak Polypack\" \/>\n<meta property=\"article:modified_time\" content=\"2025-09-19T10:06:46+00:00\" \/>\n<meta property=\"og:image\" content=\"https:\/\/tilakpolypack.com\/de\/wp-content\/uploads\/2023\/10\/ice-bags.jpg\" \/>\n\t<meta property=\"og:image:width\" content=\"760\" \/>\n\t<meta property=\"og:image:height\" content=\"510\" \/>\n\t<meta property=\"og:image:type\" content=\"image\/jpeg\" \/>\n<meta name=\"twitter:card\" content=\"summary_large_image\" \/>\n<meta name=\"twitter:label1\" content=\"Est. reading time\" \/>\n\t<meta name=\"twitter:data1\" content=\"3 minutes\" \/>\n<script type=\"application\/ld+json\" class=\"yoast-schema-graph\">{\"@context\":\"https:\/\/schema.org\",\"@graph\":[{\"@type\":\"WebPage\",\"@id\":\"https:\/\/tilakpolypack.com\/de\/eisbeutel\/\",\"url\":\"https:\/\/tilakpolypack.com\/de\/eisbeutel\/\",\"name\":\"Hochwertige Kunststoff-Eisbeutel, Eisbeutel mit Kordelzug \u2013 Gro\u00dfhandel \u2013 Tilak Polypack\",\"isPartOf\":{\"@id\":\"https:\/\/tilakpolypack.com\/de\/#website\"},\"primaryImageOfPage\":{\"@id\":\"https:\/\/tilakpolypack.com\/de\/eisbeutel\/#primaryimage\"},\"image\":{\"@id\":\"https:\/\/tilakpolypack.com\/de\/eisbeutel\/#primaryimage\"},\"thumbnailUrl\":\"https:\/\/tilakpolypack.com\/de\/wp-content\/uploads\/2023\/10\/ice-bags.jpg\",\"datePublished\":\"2023-10-06T10:25:09+00:00\",\"dateModified\":\"2025-09-19T10:06:46+00:00\",\"description\":\"Tilak Polypack bietet eine gro\u00dfe Auswahl an hochwertigen Plastikeisbeuteln, darunter Eisbeutel mit Kordelzug im Gro\u00dfhandel, Eisbeutelhersteller und Eisaufbewahrungsbeutel. Unsere strapazierf\u00e4higen und zuverl\u00e4ssigen Eisbeutel sind so konzipiert, dass sie Eis sicher und frisch halten, wodurch sie sich ideal f\u00fcr den Einsatz in Restaurants, Bars und zur Eisaufbewahrung zu Hause eignen. Kontaktieren Sie uns noch heute, um mehr \u00fcber unsere Eisbeutell\u00f6sungen zu erfahren.\",\"inLanguage\":\"en-US\",\"potentialAction\":[{\"@type\":\"ReadAction\",\"target\":[\"https:\/\/tilakpolypack.com\/de\/eisbeutel\/\"]}]},{\"@type\":\"ImageObject\",\"inLanguage\":\"en-US\",\"@id\":\"https:\/\/tilakpolypack.com\/de\/eisbeutel\/#primaryimage\",\"url\":\"https:\/\/tilakpolypack.com\/de\/wp-content\/uploads\/2023\/10\/ice-bags.jpg\",\"contentUrl\":\"https:\/\/tilakpolypack.com\/de\/wp-content\/uploads\/2023\/10\/ice-bags.jpg\",\"width\":760,\"height\":510},{\"@type\":\"WebSite\",\"@id\":\"https:\/\/tilakpolypack.com\/de\/#website\",\"url\":\"https:\/\/tilakpolypack.com\/de\/\",\"name\":\"Tilak Polypack\",\"description\":\"\",\"potentialAction\":[{\"@type\":\"SearchAction\",\"target\":{\"@type\":\"EntryPoint\",\"urlTemplate\":\"https:\/\/tilakpolypack.com\/de\/?s={search_term_string}\"},\"query-input\":\"required name=search_term_string\"}],\"inLanguage\":\"en-US\"}]}<\/script>\n<!-- \/ Yoast SEO plugin. -->","yoast_head_json":{"title":"Hochwertige Kunststoff-Eisbeutel, Eisbeutel mit Kordelzug \u2013 Gro\u00dfhandel \u2013 Tilak Polypack","description":"Tilak Polypack bietet eine gro\u00dfe Auswahl an hochwertigen Plastikeisbeuteln, darunter Eisbeutel mit Kordelzug im Gro\u00dfhandel, Eisbeutelhersteller und Eisaufbewahrungsbeutel. Unsere strapazierf\u00e4higen und zuverl\u00e4ssigen Eisbeutel sind so konzipiert, dass sie Eis sicher und frisch halten, wodurch sie sich ideal f\u00fcr den Einsatz in Restaurants, Bars und zur Eisaufbewahrung zu Hause eignen. Kontaktieren Sie uns noch heute, um mehr \u00fcber unsere Eisbeutell\u00f6sungen zu erfahren.","robots":{"index":"index","follow":"follow","max-snippet":"max-snippet:-1","max-image-preview":"max-image-preview:large","max-video-preview":"max-video-preview:-1"},"canonical":"https:\/\/tilakpolypack.com\/de\/eisbeutel\/","og_locale":"en_US","og_type":"article","og_title":"Hochwertige Kunststoff-Eisbeutel, Eisbeutel mit Kordelzug \u2013 Gro\u00dfhandel \u2013 Tilak Polypack","og_description":"Tilak Polypack bietet eine gro\u00dfe Auswahl an hochwertigen Plastikeisbeuteln, darunter Eisbeutel mit Kordelzug im Gro\u00dfhandel, Eisbeutelhersteller und Eisaufbewahrungsbeutel. Unsere strapazierf\u00e4higen und zuverl\u00e4ssigen Eisbeutel sind so konzipiert, dass sie Eis sicher und frisch halten, wodurch sie sich ideal f\u00fcr den Einsatz in Restaurants, Bars und zur Eisaufbewahrung zu Hause eignen. Kontaktieren Sie uns noch heute, um mehr \u00fcber unsere Eisbeutell\u00f6sungen zu erfahren.","og_url":"https:\/\/tilakpolypack.com\/de\/eisbeutel\/","og_site_name":"Tilak Polypack","article_modified_time":"2025-09-19T10:06:46+00:00","og_image":[{"width":760,"height":510,"url":"https:\/\/tilakpolypack.com\/de\/wp-content\/uploads\/2023\/10\/ice-bags.jpg","type":"image\/jpeg"}],"twitter_card":"summary_large_image","twitter_misc":{"Est. reading time":"3 minutes"},"schema":{"@context":"https:\/\/schema.org","@graph":[{"@type":"WebPage","@id":"https:\/\/tilakpolypack.com\/de\/eisbeutel\/","url":"https:\/\/tilakpolypack.com\/de\/eisbeutel\/","name":"Hochwertige Kunststoff-Eisbeutel, Eisbeutel mit Kordelzug \u2013 Gro\u00dfhandel \u2013 Tilak Polypack","isPartOf":{"@id":"https:\/\/tilakpolypack.com\/de\/#website"},"primaryImageOfPage":{"@id":"https:\/\/tilakpolypack.com\/de\/eisbeutel\/#primaryimage"},"image":{"@id":"https:\/\/tilakpolypack.com\/de\/eisbeutel\/#primaryimage"},"thumbnailUrl":"https:\/\/tilakpolypack.com\/de\/wp-content\/uploads\/2023\/10\/ice-bags.jpg","datePublished":"2023-10-06T10:25:09+00:00","dateModified":"2025-09-19T10:06:46+00:00","description":"Tilak Polypack bietet eine gro\u00dfe Auswahl an hochwertigen Plastikeisbeuteln, darunter Eisbeutel mit Kordelzug im Gro\u00dfhandel, Eisbeutelhersteller und Eisaufbewahrungsbeutel. Unsere strapazierf\u00e4higen und zuverl\u00e4ssigen Eisbeutel sind so konzipiert, dass sie Eis sicher und frisch halten, wodurch sie sich ideal f\u00fcr den Einsatz in Restaurants, Bars und zur Eisaufbewahrung zu Hause eignen. Kontaktieren Sie uns noch heute, um mehr \u00fcber unsere Eisbeutell\u00f6sungen zu erfahren.","inLanguage":"en-US","potentialAction":[{"@type":"ReadAction","target":["https:\/\/tilakpolypack.com\/de\/eisbeutel\/"]}]},{"@type":"ImageObject","inLanguage":"en-US","@id":"https:\/\/tilakpolypack.com\/de\/eisbeutel\/#primaryimage","url":"https:\/\/tilakpolypack.com\/de\/wp-content\/uploads\/2023\/10\/ice-bags.jpg","contentUrl":"https:\/\/tilakpolypack.com\/de\/wp-content\/uploads\/2023\/10\/ice-bags.jpg","width":760,"height":510},{"@type":"WebSite","@id":"https:\/\/tilakpolypack.com\/de\/#website","url":"https:\/\/tilakpolypack.com\/de\/","name":"Tilak Polypack","description":"","potentialAction":[{"@type":"SearchAction","target":{"@type":"EntryPoint","urlTemplate":"https:\/\/tilakpolypack.com\/de\/?s={search_term_string}"},"query-input":"required name=search_term_string"}],"inLanguage":"en-US"}]}},"_links":{"self":[{"href":"https:\/\/tilakpolypack.com\/de\/wp-json\/wp\/v2\/pages\/7428","targetHints":{"allow":["GET"]}}],"collection":[{"href":"https:\/\/tilakpolypack.com\/de\/wp-json\/wp\/v2\/pages"}],"about":[{"href":"https:\/\/tilakpolypack.com\/de\/wp-json\/wp\/v2\/types\/page"}],"author":[{"embeddable":true,"href":"https:\/\/tilakpolypack.com\/de\/wp-json\/wp\/v2\/users\/1"}],"replies":[{"embeddable":true,"href":"https:\/\/tilakpolypack.com\/de\/wp-json\/wp\/v2\/comments?post=7428"}],"version-history":[{"count":3,"href":"https:\/\/tilakpolypack.com\/de\/wp-json\/wp\/v2\/pages\/7428\/revisions"}],"predecessor-version":[{"id":10224,"href":"https:\/\/tilakpolypack.com\/de\/wp-json\/wp\/v2\/pages\/7428\/revisions\/10224"}],"wp:featuredmedia":[{"embeddable":true,"href":"https:\/\/tilakpolypack.com\/de\/wp-json\/wp\/v2\/media\/8000"}],"wp:attachment":[{"href":"https:\/\/tilakpolypack.com\/de\/wp-json\/wp\/v2\/media?parent=7428"}],"curies":[{"name":"wp","href":"https:\/\/api.w.org\/{rel}","templated":true}]}}