{"id":7421,"date":"2023-10-06T10:24:35","date_gmt":"2023-10-06T10:24:35","guid":{"rendered":"https:\/\/archiveyourwords.com\/tilak\/?page_id=7421"},"modified":"2025-09-19T09:36:44","modified_gmt":"2025-09-19T09:36:44","slug":"schwarze-mullsacke","status":"publish","type":"page","link":"https:\/\/tilakpolypack.com\/de\/schwarze-mullsacke\/","title":{"rendered":"Schwarze M\u00fclls\u00e4cke"},"content":{"rendered":"<section class=\"wpb-content-wrapper\"><p>[vc_row][vc_column][vc_column_text]<\/p>\n<div class=\"col-md-12\">\n<div class=\"prod-category-img\"><\/div>\n<\/div>\n<div class=\"col-md-12\">\n<h2>Schwarze M\u00fclls\u00e4cke \/ M\u00fcllpresss\u00e4cke<\/h2>\n<p>Es gibt nichts Frustrierenderes als M\u00fclls\u00e4cke, die w\u00e4hrend der gesch\u00e4ftigen Betriebszeiten rei\u00dfen und versagen. Deshalb bieten wir diese extrem strapazierf\u00e4higen schwarzen M\u00fclls\u00e4cke an, die den hohen Anforderungen des gewerblichen Einsatzes gerecht werden.<\/p>\n<p>Unsere extrem strapazierf\u00e4higen <a href=\"https:\/\/tilakpolypack.com\/de\/biohazard-beutel\/\"><strong>biohazard-Taschen <\/strong><\/a> wurden speziell f\u00fcr die hohen Belastungen in der Gastronomie und Hotellerie entwickelt.<\/p>\n<p>Diese M\u00fclls\u00e4cke bieten EXTREME Festigkeit und sind unsere widerstandsf\u00e4higsten M\u00fclls\u00e4cke.<\/p>\n<h3>Wichtige Merkmale der schwarzen M\u00fclls\u00e4cke:<\/h3>\n<ul>\n<li>Extra dickes Material<\/li>\n<li>Rei\u00dffest bei Dehnung<\/li>\n<li>Durchsto\u00dffest<\/li>\n<li>Beibehaltung der Festigkeit nach Durchsto\u00dfung<\/li>\n<li>Stark verschwei\u00dfte und robuste Basis<\/li>\n<li>Fantastisches Preis-Leistungs-Verh\u00e4ltnis<\/li>\n<\/ul>\n<h3>Wichtigste Merkmale:<\/h3>\n<ul>\n<li>Schwarze M\u00fclls\u00e4cke \u2013 gro\u00df<\/li>\n<li>Extreme Festigkeit<\/li>\n<li>Stark, langlebig und sehr widerstandsf\u00e4hig<\/li>\n<li>Dehnen ohne zu zerrei\u00dfen<\/li>\n<li>Pannensicher<\/li>\n<li>Geeignet f\u00fcr hohe Nutzungsintensit\u00e4t<\/li>\n<li>Ideal f\u00fcr den gewerblichen Einsatz in Gastronomiebetrieben<\/li>\n<li>Starke Basis f\u00fcr Widerstandsf\u00e4higkeit gegen Spalten\/Brechen<\/li>\n<li>Kann mit Kunststoff-Kordelzug geliefert werden<\/li>\n<\/ul>\n<p>Tilak Polypack ist einer der weltweit f\u00fchrenden <a href=\"https:\/\/tilakpolypack.com\/de\/ldpe-beutel\/\"><strong>Hersteller und Lieferanten von schwarzen M\u00fclls\u00e4cken<\/strong><\/a>. Mit Niederlassungen in L\u00e4ndern wie den USA, Singapur, Australien, Deutschland, Kanada, Neuseeland, Gro\u00dfbritannien, Irland, Schottland und Norwegen hat sich Tilak Polypack als zuverl\u00e4ssiger Anbieter hochwertiger schwarzer M\u00fclls\u00e4cke etabliert.<\/p>\n<h3>Wie w\u00e4hlt man schwarze M\u00fclls\u00e4cke aus?<\/h3>\n<\/div>\n<p>Um schwarze M\u00fclls\u00e4cke auszuw\u00e4hlen, gehen Sie wie folgt vor:<\/p>\n<ol>\n<li>Bestimmen Sie die ben\u00f6tigte Gr\u00f6\u00dfe anhand der Menge an Abfall, die Sie produzieren.<\/li>\n<li>\u00dcberpr\u00fcfen Sie die Tragf\u00e4higkeit der S\u00e4cke, um sicherzustellen, dass sie f\u00fcr Ihren Abfall geeignet sind.<\/li>\n<li>Suchen Sie nach S\u00e4cken aus strapazierf\u00e4higen Materialien wie <a href=\"https:\/\/tilakpolypack.com\/de\/laminierung-pe-folie\/\"><strong>hochdichtem Polyethylen (HDPE)<\/strong><\/a> oder niedrigdichtem Polyethylen (LDPE).<\/li>\n<li>Ber\u00fccksichtigen Sie die Dicke der S\u00e4cke f\u00fcr zus\u00e4tzliche Festigkeit und Rei\u00dffestigkeit.<\/li>\n<li>\u00dcberpr\u00fcfen Sie, ob die S\u00e4cke einen Kordelzugverschluss haben, damit sie leicht zu verschlie\u00dfen sind.<\/li>\n<li>Achten Sie auf S\u00e4cke mit auslaufsicherem Design, um zu verhindern, dass Fl\u00fcssigkeiten austreten.<\/li>\n<li>Erw\u00e4gen Sie den Kauf von S\u00e4cken mit Geruchsblocker-Funktion, um Ger\u00fcche zu minimieren.<\/li>\n<li>Vergleichen Sie die Preise und w\u00e4hlen Sie eine Marke oder einen Anbieter, der ein gutes Preis-Leistungs-Verh\u00e4ltnis bietet.<\/li>\n<li>Lesen Sie Kundenbewertungen, um sich ein Bild von der Qualit\u00e4t und Leistungsf\u00e4higkeit der S\u00e4cke zu machen.<\/li>\n<li>Kaufen Sie die schwarzen M\u00fclls\u00e4cke, die Ihren Anforderungen und Ihrem Budget am besten entsprechen.<\/li>\n<\/ol>\n<p>[\/vc_column_text][\/vc_column][\/vc_row][vc_row ts_responsive_css=&#8221;25777273|colbreak_no|20|||||10||10|colbreak_no|||||||||colbreak_no||||||||||colbreak_no|||||||||&#8221; css=&#8221;.vc_custom_1696656087423{margin-top: 30px !important;padding-right: 10px !important;padding-left: 10px !important;}&#8221;][vc_column]<section class=\"ts-vc_cta3-container\"><div class=\"ts-vc_general ts-vc_cta3 ts-cta3-only ts-vc_cta3-style-classic ts-vc_cta3-shape-rounded ts-vc_cta3-align-left ts-vc_cta3-color-transparent ts-vc_cta3-icon-size-md ts-vc_cta3-actions-right ts-cta3-with-desc\"><div class=\"ts-vc_cta3_content-container\"><div class=\"ts-vc_cta3-content\"><div class=\"ts-vc_cta3-content-header ts-wrap\"><div class=\"ts-vc_cta3-headers ts-wrap-cell\"><\/div><\/div><div class=\"ts-cta3-content-wrapper\"><p>Please contact us on\u00a0<a href=\"tel:9227422544\">+91-9227422544<\/a>\u00a0or email us\u00a0<a href=\"mailto:info@tilakpolypack.com\">info@tilakpolypack.com<\/a>\u00a0for quotations or other details.<\/p><\/div><\/div><div class=\"ts-vc_cta3-actions\">\r\n\t\t<div class=\"ts-vc_btn3-container  popmake-8197 ts-vc_btn3-inline\"><a class=\"ts-vc_general ts-vc_btn3 ts-vc_btn3-size-md ts-vc_btn3-shape-rounded ts-vc_btn3-style-flat ts-vc_btn3-weight-yes ts-vc_btn3-color-skincolor\" href=\"\" title=\"\">send enquiry<\/a><\/div><\/div><\/div><\/div><\/section>[\/vc_column][\/vc_row]<\/p>\n<\/section>","protected":false},"excerpt":{"rendered":"<p>[vc_row][vc_column][vc_column_text] Schwarze M\u00fclls\u00e4cke \/ M\u00fcllpresss\u00e4cke Es gibt nichts Frustrierenderes als M\u00fclls\u00e4cke, die w\u00e4hrend der gesch\u00e4ftigen Betriebszeiten rei\u00dfen und versagen. Deshalb bieten wir diese extrem strapazierf\u00e4higen schwarzen M\u00fclls\u00e4cke an, die den hohen Anforderungen des gewerblichen Einsatzes gerecht werden. Unsere extrem strapazierf\u00e4higen biohazard-Taschen wurden speziell f\u00fcr die hohen Belastungen in der Gastronomie und Hotellerie entwickelt. Diese M\u00fclls\u00e4cke &hellip; <a href=\"https:\/\/tilakpolypack.com\/de\/schwarze-mullsacke\/\" class=\"more-link\">Continue reading <span class=\"screen-reader-text\">Schwarze M\u00fclls\u00e4cke<\/span><\/a><\/p>\n","protected":false},"author":1,"featured_media":7998,"parent":0,"menu_order":0,"comment_status":"closed","ping_status":"closed","template":"","meta":{"_acf_changed":false,"om_disable_all_campaigns":false,"_monsterinsights_skip_tracking":false,"_monsterinsights_sitenote_active":false,"_monsterinsights_sitenote_note":"","_monsterinsights_sitenote_category":0,"_uf_show_specific_survey":0,"_uf_disable_surveys":false,"footnotes":""},"class_list":["post-7421","page","type-page","status-publish","has-post-thumbnail","hentry"],"acf":[],"yoast_head":"<!-- This site is optimized with the Yoast SEO plugin v22.3 - https:\/\/yoast.com\/wordpress\/plugins\/seo\/ -->\n<title>Hochwertige schwarze M\u00fclls\u00e4cke f\u00fcr die Entsorgung von schwerem Abfall | Tilak Polypack<\/title>\n<meta name=\"description\" content=\"Entdecken Sie die strapazierf\u00e4higen schwarzen M\u00fclls\u00e4cke von Tilak Polypack f\u00fcr eine effiziente und zuverl\u00e4ssige Abfallentsorgung. Unsere langlebigen M\u00fclls\u00e4cke sind in verschiedenen Gr\u00f6\u00dfen und Ausf\u00fchrungen erh\u00e4ltlich, um Ihren Anforderungen gerecht zu werden. Kontaktieren Sie uns noch heute, um mehr \u00fcber unsere hochwertigen schwarzen M\u00fclls\u00e4cke zu erfahren.\" \/>\n<meta name=\"robots\" content=\"index, follow, max-snippet:-1, max-image-preview:large, max-video-preview:-1\" \/>\n<link rel=\"canonical\" href=\"https:\/\/tilakpolypack.com\/de\/schwarze-mullsacke\/\" \/>\n<meta property=\"og:locale\" content=\"en_US\" \/>\n<meta property=\"og:type\" content=\"article\" \/>\n<meta property=\"og:title\" content=\"Hochwertige schwarze M\u00fclls\u00e4cke f\u00fcr die Entsorgung von schwerem Abfall | Tilak Polypack\" \/>\n<meta property=\"og:description\" content=\"Entdecken Sie die strapazierf\u00e4higen schwarzen M\u00fclls\u00e4cke von Tilak Polypack f\u00fcr eine effiziente und zuverl\u00e4ssige Abfallentsorgung. Unsere langlebigen M\u00fclls\u00e4cke sind in verschiedenen Gr\u00f6\u00dfen und Ausf\u00fchrungen erh\u00e4ltlich, um Ihren Anforderungen gerecht zu werden. Kontaktieren Sie uns noch heute, um mehr \u00fcber unsere hochwertigen schwarzen M\u00fclls\u00e4cke zu erfahren.\" \/>\n<meta property=\"og:url\" content=\"https:\/\/tilakpolypack.com\/de\/schwarze-mullsacke\/\" \/>\n<meta property=\"og:site_name\" content=\"Tilak Polypack\" \/>\n<meta property=\"article:modified_time\" content=\"2025-09-19T09:36:44+00:00\" \/>\n<meta property=\"og:image\" content=\"https:\/\/tilakpolypack.com\/de\/wp-content\/uploads\/2023\/10\/black-garbage-bags.jpg\" \/>\n\t<meta property=\"og:image:width\" content=\"760\" \/>\n\t<meta property=\"og:image:height\" content=\"510\" \/>\n\t<meta property=\"og:image:type\" content=\"image\/jpeg\" \/>\n<meta name=\"twitter:card\" content=\"summary_large_image\" \/>\n<meta name=\"twitter:label1\" content=\"Est. reading time\" \/>\n\t<meta name=\"twitter:data1\" content=\"2 minutes\" \/>\n<script type=\"application\/ld+json\" class=\"yoast-schema-graph\">{\"@context\":\"https:\/\/schema.org\",\"@graph\":[{\"@type\":\"WebPage\",\"@id\":\"https:\/\/tilakpolypack.com\/de\/schwarze-mullsacke\/\",\"url\":\"https:\/\/tilakpolypack.com\/de\/schwarze-mullsacke\/\",\"name\":\"Hochwertige schwarze M\u00fclls\u00e4cke f\u00fcr die Entsorgung von schwerem Abfall | Tilak Polypack\",\"isPartOf\":{\"@id\":\"https:\/\/tilakpolypack.com\/de\/#website\"},\"primaryImageOfPage\":{\"@id\":\"https:\/\/tilakpolypack.com\/de\/schwarze-mullsacke\/#primaryimage\"},\"image\":{\"@id\":\"https:\/\/tilakpolypack.com\/de\/schwarze-mullsacke\/#primaryimage\"},\"thumbnailUrl\":\"https:\/\/tilakpolypack.com\/de\/wp-content\/uploads\/2023\/10\/black-garbage-bags.jpg\",\"datePublished\":\"2023-10-06T10:24:35+00:00\",\"dateModified\":\"2025-09-19T09:36:44+00:00\",\"description\":\"Entdecken Sie die strapazierf\u00e4higen schwarzen M\u00fclls\u00e4cke von Tilak Polypack f\u00fcr eine effiziente und zuverl\u00e4ssige Abfallentsorgung. Unsere langlebigen M\u00fclls\u00e4cke sind in verschiedenen Gr\u00f6\u00dfen und Ausf\u00fchrungen erh\u00e4ltlich, um Ihren Anforderungen gerecht zu werden. Kontaktieren Sie uns noch heute, um mehr \u00fcber unsere hochwertigen schwarzen M\u00fclls\u00e4cke zu erfahren.\",\"inLanguage\":\"en-US\",\"potentialAction\":[{\"@type\":\"ReadAction\",\"target\":[\"https:\/\/tilakpolypack.com\/de\/schwarze-mullsacke\/\"]}]},{\"@type\":\"ImageObject\",\"inLanguage\":\"en-US\",\"@id\":\"https:\/\/tilakpolypack.com\/de\/schwarze-mullsacke\/#primaryimage\",\"url\":\"https:\/\/tilakpolypack.com\/de\/wp-content\/uploads\/2023\/10\/black-garbage-bags.jpg\",\"contentUrl\":\"https:\/\/tilakpolypack.com\/de\/wp-content\/uploads\/2023\/10\/black-garbage-bags.jpg\",\"width\":760,\"height\":510},{\"@type\":\"WebSite\",\"@id\":\"https:\/\/tilakpolypack.com\/de\/#website\",\"url\":\"https:\/\/tilakpolypack.com\/de\/\",\"name\":\"Tilak Polypack\",\"description\":\"\",\"potentialAction\":[{\"@type\":\"SearchAction\",\"target\":{\"@type\":\"EntryPoint\",\"urlTemplate\":\"https:\/\/tilakpolypack.com\/de\/?s={search_term_string}\"},\"query-input\":\"required name=search_term_string\"}],\"inLanguage\":\"en-US\"}]}<\/script>\n<!-- \/ Yoast SEO plugin. -->","yoast_head_json":{"title":"Hochwertige schwarze M\u00fclls\u00e4cke f\u00fcr die Entsorgung von schwerem Abfall | Tilak Polypack","description":"Entdecken Sie die strapazierf\u00e4higen schwarzen M\u00fclls\u00e4cke von Tilak Polypack f\u00fcr eine effiziente und zuverl\u00e4ssige Abfallentsorgung. Unsere langlebigen M\u00fclls\u00e4cke sind in verschiedenen Gr\u00f6\u00dfen und Ausf\u00fchrungen erh\u00e4ltlich, um Ihren Anforderungen gerecht zu werden. Kontaktieren Sie uns noch heute, um mehr \u00fcber unsere hochwertigen schwarzen M\u00fclls\u00e4cke zu erfahren.","robots":{"index":"index","follow":"follow","max-snippet":"max-snippet:-1","max-image-preview":"max-image-preview:large","max-video-preview":"max-video-preview:-1"},"canonical":"https:\/\/tilakpolypack.com\/de\/schwarze-mullsacke\/","og_locale":"en_US","og_type":"article","og_title":"Hochwertige schwarze M\u00fclls\u00e4cke f\u00fcr die Entsorgung von schwerem Abfall | Tilak Polypack","og_description":"Entdecken Sie die strapazierf\u00e4higen schwarzen M\u00fclls\u00e4cke von Tilak Polypack f\u00fcr eine effiziente und zuverl\u00e4ssige Abfallentsorgung. Unsere langlebigen M\u00fclls\u00e4cke sind in verschiedenen Gr\u00f6\u00dfen und Ausf\u00fchrungen erh\u00e4ltlich, um Ihren Anforderungen gerecht zu werden. Kontaktieren Sie uns noch heute, um mehr \u00fcber unsere hochwertigen schwarzen M\u00fclls\u00e4cke zu erfahren.","og_url":"https:\/\/tilakpolypack.com\/de\/schwarze-mullsacke\/","og_site_name":"Tilak Polypack","article_modified_time":"2025-09-19T09:36:44+00:00","og_image":[{"width":760,"height":510,"url":"https:\/\/tilakpolypack.com\/de\/wp-content\/uploads\/2023\/10\/black-garbage-bags.jpg","type":"image\/jpeg"}],"twitter_card":"summary_large_image","twitter_misc":{"Est. reading time":"2 minutes"},"schema":{"@context":"https:\/\/schema.org","@graph":[{"@type":"WebPage","@id":"https:\/\/tilakpolypack.com\/de\/schwarze-mullsacke\/","url":"https:\/\/tilakpolypack.com\/de\/schwarze-mullsacke\/","name":"Hochwertige schwarze M\u00fclls\u00e4cke f\u00fcr die Entsorgung von schwerem Abfall | Tilak Polypack","isPartOf":{"@id":"https:\/\/tilakpolypack.com\/de\/#website"},"primaryImageOfPage":{"@id":"https:\/\/tilakpolypack.com\/de\/schwarze-mullsacke\/#primaryimage"},"image":{"@id":"https:\/\/tilakpolypack.com\/de\/schwarze-mullsacke\/#primaryimage"},"thumbnailUrl":"https:\/\/tilakpolypack.com\/de\/wp-content\/uploads\/2023\/10\/black-garbage-bags.jpg","datePublished":"2023-10-06T10:24:35+00:00","dateModified":"2025-09-19T09:36:44+00:00","description":"Entdecken Sie die strapazierf\u00e4higen schwarzen M\u00fclls\u00e4cke von Tilak Polypack f\u00fcr eine effiziente und zuverl\u00e4ssige Abfallentsorgung. Unsere langlebigen M\u00fclls\u00e4cke sind in verschiedenen Gr\u00f6\u00dfen und Ausf\u00fchrungen erh\u00e4ltlich, um Ihren Anforderungen gerecht zu werden. Kontaktieren Sie uns noch heute, um mehr \u00fcber unsere hochwertigen schwarzen M\u00fclls\u00e4cke zu erfahren.","inLanguage":"en-US","potentialAction":[{"@type":"ReadAction","target":["https:\/\/tilakpolypack.com\/de\/schwarze-mullsacke\/"]}]},{"@type":"ImageObject","inLanguage":"en-US","@id":"https:\/\/tilakpolypack.com\/de\/schwarze-mullsacke\/#primaryimage","url":"https:\/\/tilakpolypack.com\/de\/wp-content\/uploads\/2023\/10\/black-garbage-bags.jpg","contentUrl":"https:\/\/tilakpolypack.com\/de\/wp-content\/uploads\/2023\/10\/black-garbage-bags.jpg","width":760,"height":510},{"@type":"WebSite","@id":"https:\/\/tilakpolypack.com\/de\/#website","url":"https:\/\/tilakpolypack.com\/de\/","name":"Tilak Polypack","description":"","potentialAction":[{"@type":"SearchAction","target":{"@type":"EntryPoint","urlTemplate":"https:\/\/tilakpolypack.com\/de\/?s={search_term_string}"},"query-input":"required name=search_term_string"}],"inLanguage":"en-US"}]}},"_links":{"self":[{"href":"https:\/\/tilakpolypack.com\/de\/wp-json\/wp\/v2\/pages\/7421","targetHints":{"allow":["GET"]}}],"collection":[{"href":"https:\/\/tilakpolypack.com\/de\/wp-json\/wp\/v2\/pages"}],"about":[{"href":"https:\/\/tilakpolypack.com\/de\/wp-json\/wp\/v2\/types\/page"}],"author":[{"embeddable":true,"href":"https:\/\/tilakpolypack.com\/de\/wp-json\/wp\/v2\/users\/1"}],"replies":[{"embeddable":true,"href":"https:\/\/tilakpolypack.com\/de\/wp-json\/wp\/v2\/comments?post=7421"}],"version-history":[{"count":3,"href":"https:\/\/tilakpolypack.com\/de\/wp-json\/wp\/v2\/pages\/7421\/revisions"}],"predecessor-version":[{"id":10220,"href":"https:\/\/tilakpolypack.com\/de\/wp-json\/wp\/v2\/pages\/7421\/revisions\/10220"}],"wp:featuredmedia":[{"embeddable":true,"href":"https:\/\/tilakpolypack.com\/de\/wp-json\/wp\/v2\/media\/7998"}],"wp:attachment":[{"href":"https:\/\/tilakpolypack.com\/de\/wp-json\/wp\/v2\/media?parent=7421"}],"curies":[{"name":"wp","href":"https:\/\/api.w.org\/{rel}","templated":true}]}}