{"id":7420,"date":"2023-10-06T10:24:24","date_gmt":"2023-10-06T10:24:24","guid":{"rendered":"https:\/\/archiveyourwords.com\/tilak\/?page_id=7420"},"modified":"2025-09-19T09:27:57","modified_gmt":"2025-09-19T09:27:57","slug":"biohazard-beutel","status":"publish","type":"page","link":"https:\/\/tilakpolypack.com\/de\/biohazard-beutel\/","title":{"rendered":"Biohazard-Beutel"},"content":{"rendered":"<section class=\"wpb-content-wrapper\"><p>[vc_row][vc_column][vc_column_text]<\/p>\n<div class=\"col-md-12\">\n<div class=\"prod-category-img\"><\/div>\n<\/div>\n<div class=\"col-md-12\">\n<h2>Biohazard-Beutel<\/h2>\n<p>Diese Biohazard-Beutel wurden entwickelt, um Fachkr\u00e4ften im Gesundheitswesen und in Labors dabei zu helfen, Abf\u00e4lle ordnungsgem\u00e4\u00df zu entsorgen und das Risiko einer Kreuzkontamination zu verringern.<\/p>\n<p>Die Entsorgung von <a href=\"https:\/\/tilakpolypack.com\/de\/antistatische-polybeutel\/\"><strong>Antistatische Polybeutel <\/strong><\/a> ist wichtig, da diese hochansteckend sind und gef\u00e4hrliche Infektionen verbreiten k\u00f6nnen. Unser Sortiment an Biohazard-Beuteln ist umweltfreundlich und die beste Option f\u00fcr die Entsorgung aller Arten von organischen Abf\u00e4llen. Wir beziehen hochwertiges HM-HDPE von zuverl\u00e4ssigen Lieferanten aus aller Welt. Unter Verwendung modernster Technologie stellen wir bedruckte Biohazard-Beutel her. Unsere Biohazard-Beutel sind mit Rei\u00dfverschluss oder Klebeverschluss erh\u00e4ltlich.<\/p>\n<h2>Herstellung von Biohazard-Abfalls\u00e4cken<\/h2>\n<p>Bei Tilak Polypack sind wir auf die Herstellung hochwertiger <strong><a href=\"https:\/\/tilakpolypack.com\/de\/ldpe-beutel\/\">LDPE-Beutel<\/a><\/strong>\u00a0spezialisiert, die auch als medizinische Abfalls\u00e4cke oder biomedizinische Abfalls\u00e4cke aus Polyethylen bekannt sind. Unser Herstellungsprozess gew\u00e4hrleistet die folgenden Eigenschaften, die uns von anderen unterscheiden:<\/p>\n<h3>Funktionen<\/h3>\n<ul>\n<li>Infekti\u00f6se Abfallbeutel, Beutel f\u00fcr biologisch gef\u00e4hrliche Proben und Beutel f\u00fcr den Transport von Chemotherapeutika<\/li>\n<li>Hochwertige Taschen f\u00fcr den t\u00e4glichen Gebrauch in der Medizin- und Gesundheitsbranche<\/li>\n<li>Zahlreiche Lagergr\u00f6\u00dfen verf\u00fcgbar<\/li>\n<\/ul>\n<h3>Vorteile<\/h3>\n<ul>\n<li>Gef\u00e4hrliche Stoffe sicher aufbewahren, um das Risiko einer Exposition und Kontamination zu minimieren.<\/li>\n<li>Erf\u00fcllen Sie die gesetzlichen Vorschriften f\u00fcr die ordnungsgem\u00e4\u00dfe Handhabung und Entsorgung von biomedizinischen Abf\u00e4llen und gew\u00e4hrleisten Sie die Einhaltung der Vorschriften.<\/li>\n<li>Verhindern Sie die Ausbreitung von Infektionen und Krankheiten, indem Sie biologisch gef\u00e4hrliche Abf\u00e4lle isolieren und eind\u00e4mmen.<\/li>\n<li>Entwickelt, um durchsto\u00dffest zu sein, wodurch das Risiko von Leckagen oder Versch\u00fcttungen w\u00e4hrend der Handhabung und des Transports verringert wird.<\/li>\n<li>Farbcodiert und mit Biohazard-Symbolen gekennzeichnet, um gef\u00e4hrliche Abf\u00e4lle leicht identifizieren zu k\u00f6nnen.<\/li>\n<li>Vereinfachen Sie die Abfallentsorgung mit einfachen und sicheren Entsorgungsm\u00f6glichkeiten f\u00fcr Gesundheitseinrichtungen.<\/li>\n<li>F\u00f6rdern Sie Nachhaltigkeit mit umweltfreundlichen Materialien und reduzieren Sie die Umweltbelastung.<\/li>\n<\/ul>\n<p>Tilak Polypack ist einer der weltweit f\u00fchrenden Hersteller und Lieferanten von Biohazard-Abfalls\u00e4cken. Mit Niederlassungen in L\u00e4ndern wie den USA, Singapur, Australien, Deutschland, Kanada, Neuseeland, Gro\u00dfbritannien, Irland, Schottland und Norwegen hat sich <strong><a href=\"https:\/\/tilakpolypack.com\/de\/\">Tilak Polypack<\/a><\/strong> als zuverl\u00e4ssiger Anbieter hochwertiger Biohazard-Abfalls\u00e4cke etabliert.<\/p>\n<h2>Wie w\u00e4hlt man Bio-Abfalls\u00e4cke f\u00fcr medizinische Abf\u00e4lle aus?<\/h2>\n<\/div>\n<p>Zur Auswahl von Bio-Medizinabfallbeuteln:<\/p>\n<ul>\n<li><b>Ber\u00fccksichtigen Sie die Gr\u00f6\u00dfe:<\/b>\u00a0W\u00e4hlen Sie S\u00e4cke, die f\u00fcr das Volumen der zu entsorgenden Abf\u00e4lle geeignet sind.<\/li>\n<li><b>Auf Konformit\u00e4t pr\u00fcfen:<\/b>\u00a0Stellen Sie sicher, dass die S\u00e4cke den gesetzlichen Vorschriften und Standards f\u00fcr die Entsorgung biologisch gef\u00e4hrlicher Abf\u00e4lle entsprechen.<\/li>\n<li><b>Achten Sie auf Haltbarkeit:\u00a0<\/b>W\u00e4hlen Sie Taschen, die durchsto\u00dffest und robust genug sind, um Undichtigkeiten oder Risse zu vermeiden.<\/li>\n<li><b>Schlie\u00dfm\u00f6glichkeiten ber\u00fccksichtigen:<\/b>\u00a0Achten Sie auf Beutel mit sicheren Verschl\u00fcssen, wie z. B. Drehverschl\u00fcsse oder Rei\u00dfverschl\u00fcsse, um ein versehentliches \u00d6ffnen zu verhindern.<\/li>\n<li><b>Sichtbarkeit pr\u00fcfen:\u00a0<\/b>Entscheiden Sie sich f\u00fcr <a href=\"https:\/\/tilakpolypack.com\/de\/durchsichtige-polyethylen-verpackungsbeutel\/\"><strong>transparente S\u00e4cke<\/strong><\/a> oder S\u00e4cke mit durchsichtigen Eins\u00e4tzen, damit der Inhalt leicht zu erkennen ist.<\/li>\n<li><b>Kapazit\u00e4t pr\u00fcfen:\u00a0<\/b>Stellen Sie fest, ob die S\u00e4cke \u00fcber eine ausreichende Kapazit\u00e4t verf\u00fcgen, um den Abfall aufzunehmen, ohne \u00fcberf\u00fcllt zu werden.<\/li>\n<li><b>Auf Kennzeichnung achten:<\/b>\u00a0Achten Sie auf S\u00e4cke, die deutlich mit Biohazard-Symbolen und entsprechenden Warnhinweisen gekennzeichnet sind.<\/li>\n<li><b>Ber\u00fccksichtigen Sie die Entsorgungsvorschriften:<\/b> Stellen Sie sicher, dass die Beutel mit den Entsorgungsmethoden und -vorschriften Ihrer Einrichtung kompatibel sind.<\/li>\n<li><b>Kosten-Nutzen-Verh\u00e4ltnis bewerten:\u00a0<\/b>Vergleichen Sie die Preise und ber\u00fccksichtigen Sie den Gesamtwert und die Qualit\u00e4t der Taschen.<\/li>\n<\/ul>\n<p>[\/vc_column_text][\/vc_column][\/vc_row][vc_row ts_responsive_css=&#8221;25777273|colbreak_no|20|||||10||10|colbreak_no|||||||||colbreak_no||||||||||colbreak_no|||||||||&#8221; css=&#8221;.vc_custom_1696656087423{margin-top: 30px !important;padding-right: 10px !important;padding-left: 10px !important;}&#8221;][vc_column]<section class=\"ts-vc_cta3-container\"><div class=\"ts-vc_general ts-vc_cta3 ts-cta3-only ts-vc_cta3-style-classic ts-vc_cta3-shape-rounded ts-vc_cta3-align-left ts-vc_cta3-color-transparent ts-vc_cta3-icon-size-md ts-vc_cta3-actions-right ts-cta3-with-desc\"><div class=\"ts-vc_cta3_content-container\"><div class=\"ts-vc_cta3-content\"><div class=\"ts-vc_cta3-content-header ts-wrap\"><div class=\"ts-vc_cta3-headers ts-wrap-cell\"><\/div><\/div><div class=\"ts-cta3-content-wrapper\"><p>Please contact us on\u00a0<a href=\"tel:9227422544\">+91-9227422544<\/a>\u00a0or email us\u00a0<a href=\"mailto:info@tilakpolypack.com\">info@tilakpolypack.com<\/a>\u00a0for quotations or other details.<\/p><\/div><\/div><div class=\"ts-vc_cta3-actions\">\r\n\t\t<div class=\"ts-vc_btn3-container  popmake-8197 ts-vc_btn3-inline\"><a class=\"ts-vc_general ts-vc_btn3 ts-vc_btn3-size-md ts-vc_btn3-shape-rounded ts-vc_btn3-style-flat ts-vc_btn3-weight-yes ts-vc_btn3-color-skincolor\" href=\"\" title=\"\">send enquiry<\/a><\/div><\/div><\/div><\/div><\/section>[\/vc_column][\/vc_row]<\/p>\n<\/section>","protected":false},"excerpt":{"rendered":"<p>[vc_row][vc_column][vc_column_text] Biohazard-Beutel Diese Biohazard-Beutel wurden entwickelt, um Fachkr\u00e4ften im Gesundheitswesen und in Labors dabei zu helfen, Abf\u00e4lle ordnungsgem\u00e4\u00df zu entsorgen und das Risiko einer Kreuzkontamination zu verringern. Die Entsorgung von Antistatische Polybeutel ist wichtig, da diese hochansteckend sind und gef\u00e4hrliche Infektionen verbreiten k\u00f6nnen. Unser Sortiment an Biohazard-Beuteln ist umweltfreundlich und die beste Option f\u00fcr die &hellip; <a href=\"https:\/\/tilakpolypack.com\/de\/biohazard-beutel\/\" class=\"more-link\">Continue reading <span class=\"screen-reader-text\">Biohazard-Beutel<\/span><\/a><\/p>\n","protected":false},"author":1,"featured_media":8001,"parent":0,"menu_order":0,"comment_status":"closed","ping_status":"closed","template":"","meta":{"_acf_changed":false,"om_disable_all_campaigns":false,"_monsterinsights_skip_tracking":false,"_monsterinsights_sitenote_active":false,"_monsterinsights_sitenote_note":"","_monsterinsights_sitenote_category":0,"_uf_show_specific_survey":0,"_uf_disable_surveys":false,"footnotes":""},"class_list":["post-7420","page","type-page","status-publish","has-post-thumbnail","hentry"],"acf":[],"yoast_head":"<!-- This site is optimized with the Yoast SEO plugin v22.3 - https:\/\/yoast.com\/wordpress\/plugins\/seo\/ -->\n<title>Biohazard-Beutel \u2013 Hersteller von Beuteln f\u00fcr medizinische Abf\u00e4lle \u2013 Tilak Polypack<\/title>\n<meta name=\"description\" content=\"Entsorgen Sie biomedizinische Abf\u00e4lle sicher mit den Biohazard-Beuteln und medizinischen Abfallbeuteln von Tilak Polypack. Unsere Polyethylenbeutel verhindern die Ausbreitung von Infektionskrankheiten und sch\u00fctzen das Gesundheitspersonal und die Umwelt. W\u00e4hlen Sie aus einer Reihe von Gr\u00f6\u00dfen und Ausf\u00fchrungen, darunter auch Beutel f\u00fcr biomedizinische Abf\u00e4lle. Kontaktieren Sie uns, um mehr zu erfahren.\" \/>\n<meta name=\"robots\" content=\"index, follow, max-snippet:-1, max-image-preview:large, max-video-preview:-1\" \/>\n<link rel=\"canonical\" href=\"https:\/\/tilakpolypack.com\/de\/biohazard-beutel\/\" \/>\n<meta property=\"og:locale\" content=\"en_US\" \/>\n<meta property=\"og:type\" content=\"article\" \/>\n<meta property=\"og:title\" content=\"Biohazard-Beutel \u2013 Hersteller von Beuteln f\u00fcr medizinische Abf\u00e4lle \u2013 Tilak Polypack\" \/>\n<meta property=\"og:description\" content=\"Entsorgen Sie biomedizinische Abf\u00e4lle sicher mit den Biohazard-Beuteln und medizinischen Abfallbeuteln von Tilak Polypack. Unsere Polyethylenbeutel verhindern die Ausbreitung von Infektionskrankheiten und sch\u00fctzen das Gesundheitspersonal und die Umwelt. W\u00e4hlen Sie aus einer Reihe von Gr\u00f6\u00dfen und Ausf\u00fchrungen, darunter auch Beutel f\u00fcr biomedizinische Abf\u00e4lle. Kontaktieren Sie uns, um mehr zu erfahren.\" \/>\n<meta property=\"og:url\" content=\"https:\/\/tilakpolypack.com\/de\/biohazard-beutel\/\" \/>\n<meta property=\"og:site_name\" content=\"Tilak Polypack\" \/>\n<meta property=\"article:modified_time\" content=\"2025-09-19T09:27:57+00:00\" \/>\n<meta property=\"og:image\" content=\"https:\/\/tilakpolypack.com\/de\/wp-content\/uploads\/2023\/10\/Biohazard-Bags.jpg\" \/>\n\t<meta property=\"og:image:width\" content=\"760\" \/>\n\t<meta property=\"og:image:height\" content=\"510\" \/>\n\t<meta property=\"og:image:type\" content=\"image\/jpeg\" \/>\n<meta name=\"twitter:card\" content=\"summary_large_image\" \/>\n<meta name=\"twitter:label1\" content=\"Est. reading time\" \/>\n\t<meta name=\"twitter:data1\" content=\"3 minutes\" \/>\n<script type=\"application\/ld+json\" class=\"yoast-schema-graph\">{\"@context\":\"https:\/\/schema.org\",\"@graph\":[{\"@type\":\"WebPage\",\"@id\":\"https:\/\/tilakpolypack.com\/de\/biohazard-beutel\/\",\"url\":\"https:\/\/tilakpolypack.com\/de\/biohazard-beutel\/\",\"name\":\"Biohazard-Beutel \u2013 Hersteller von Beuteln f\u00fcr medizinische Abf\u00e4lle \u2013 Tilak Polypack\",\"isPartOf\":{\"@id\":\"https:\/\/tilakpolypack.com\/de\/#website\"},\"primaryImageOfPage\":{\"@id\":\"https:\/\/tilakpolypack.com\/de\/biohazard-beutel\/#primaryimage\"},\"image\":{\"@id\":\"https:\/\/tilakpolypack.com\/de\/biohazard-beutel\/#primaryimage\"},\"thumbnailUrl\":\"https:\/\/tilakpolypack.com\/de\/wp-content\/uploads\/2023\/10\/Biohazard-Bags.jpg\",\"datePublished\":\"2023-10-06T10:24:24+00:00\",\"dateModified\":\"2025-09-19T09:27:57+00:00\",\"description\":\"Entsorgen Sie biomedizinische Abf\u00e4lle sicher mit den Biohazard-Beuteln und medizinischen Abfallbeuteln von Tilak Polypack. Unsere Polyethylenbeutel verhindern die Ausbreitung von Infektionskrankheiten und sch\u00fctzen das Gesundheitspersonal und die Umwelt. W\u00e4hlen Sie aus einer Reihe von Gr\u00f6\u00dfen und Ausf\u00fchrungen, darunter auch Beutel f\u00fcr biomedizinische Abf\u00e4lle. Kontaktieren Sie uns, um mehr zu erfahren.\",\"inLanguage\":\"en-US\",\"potentialAction\":[{\"@type\":\"ReadAction\",\"target\":[\"https:\/\/tilakpolypack.com\/de\/biohazard-beutel\/\"]}]},{\"@type\":\"ImageObject\",\"inLanguage\":\"en-US\",\"@id\":\"https:\/\/tilakpolypack.com\/de\/biohazard-beutel\/#primaryimage\",\"url\":\"https:\/\/tilakpolypack.com\/de\/wp-content\/uploads\/2023\/10\/Biohazard-Bags.jpg\",\"contentUrl\":\"https:\/\/tilakpolypack.com\/de\/wp-content\/uploads\/2023\/10\/Biohazard-Bags.jpg\",\"width\":760,\"height\":510},{\"@type\":\"WebSite\",\"@id\":\"https:\/\/tilakpolypack.com\/de\/#website\",\"url\":\"https:\/\/tilakpolypack.com\/de\/\",\"name\":\"Tilak Polypack\",\"description\":\"\",\"potentialAction\":[{\"@type\":\"SearchAction\",\"target\":{\"@type\":\"EntryPoint\",\"urlTemplate\":\"https:\/\/tilakpolypack.com\/de\/?s={search_term_string}\"},\"query-input\":\"required name=search_term_string\"}],\"inLanguage\":\"en-US\"}]}<\/script>\n<!-- \/ Yoast SEO plugin. -->","yoast_head_json":{"title":"Biohazard-Beutel \u2013 Hersteller von Beuteln f\u00fcr medizinische Abf\u00e4lle \u2013 Tilak Polypack","description":"Entsorgen Sie biomedizinische Abf\u00e4lle sicher mit den Biohazard-Beuteln und medizinischen Abfallbeuteln von Tilak Polypack. Unsere Polyethylenbeutel verhindern die Ausbreitung von Infektionskrankheiten und sch\u00fctzen das Gesundheitspersonal und die Umwelt. W\u00e4hlen Sie aus einer Reihe von Gr\u00f6\u00dfen und Ausf\u00fchrungen, darunter auch Beutel f\u00fcr biomedizinische Abf\u00e4lle. Kontaktieren Sie uns, um mehr zu erfahren.","robots":{"index":"index","follow":"follow","max-snippet":"max-snippet:-1","max-image-preview":"max-image-preview:large","max-video-preview":"max-video-preview:-1"},"canonical":"https:\/\/tilakpolypack.com\/de\/biohazard-beutel\/","og_locale":"en_US","og_type":"article","og_title":"Biohazard-Beutel \u2013 Hersteller von Beuteln f\u00fcr medizinische Abf\u00e4lle \u2013 Tilak Polypack","og_description":"Entsorgen Sie biomedizinische Abf\u00e4lle sicher mit den Biohazard-Beuteln und medizinischen Abfallbeuteln von Tilak Polypack. Unsere Polyethylenbeutel verhindern die Ausbreitung von Infektionskrankheiten und sch\u00fctzen das Gesundheitspersonal und die Umwelt. W\u00e4hlen Sie aus einer Reihe von Gr\u00f6\u00dfen und Ausf\u00fchrungen, darunter auch Beutel f\u00fcr biomedizinische Abf\u00e4lle. Kontaktieren Sie uns, um mehr zu erfahren.","og_url":"https:\/\/tilakpolypack.com\/de\/biohazard-beutel\/","og_site_name":"Tilak Polypack","article_modified_time":"2025-09-19T09:27:57+00:00","og_image":[{"width":760,"height":510,"url":"https:\/\/tilakpolypack.com\/de\/wp-content\/uploads\/2023\/10\/Biohazard-Bags.jpg","type":"image\/jpeg"}],"twitter_card":"summary_large_image","twitter_misc":{"Est. reading time":"3 minutes"},"schema":{"@context":"https:\/\/schema.org","@graph":[{"@type":"WebPage","@id":"https:\/\/tilakpolypack.com\/de\/biohazard-beutel\/","url":"https:\/\/tilakpolypack.com\/de\/biohazard-beutel\/","name":"Biohazard-Beutel \u2013 Hersteller von Beuteln f\u00fcr medizinische Abf\u00e4lle \u2013 Tilak Polypack","isPartOf":{"@id":"https:\/\/tilakpolypack.com\/de\/#website"},"primaryImageOfPage":{"@id":"https:\/\/tilakpolypack.com\/de\/biohazard-beutel\/#primaryimage"},"image":{"@id":"https:\/\/tilakpolypack.com\/de\/biohazard-beutel\/#primaryimage"},"thumbnailUrl":"https:\/\/tilakpolypack.com\/de\/wp-content\/uploads\/2023\/10\/Biohazard-Bags.jpg","datePublished":"2023-10-06T10:24:24+00:00","dateModified":"2025-09-19T09:27:57+00:00","description":"Entsorgen Sie biomedizinische Abf\u00e4lle sicher mit den Biohazard-Beuteln und medizinischen Abfallbeuteln von Tilak Polypack. Unsere Polyethylenbeutel verhindern die Ausbreitung von Infektionskrankheiten und sch\u00fctzen das Gesundheitspersonal und die Umwelt. W\u00e4hlen Sie aus einer Reihe von Gr\u00f6\u00dfen und Ausf\u00fchrungen, darunter auch Beutel f\u00fcr biomedizinische Abf\u00e4lle. Kontaktieren Sie uns, um mehr zu erfahren.","inLanguage":"en-US","potentialAction":[{"@type":"ReadAction","target":["https:\/\/tilakpolypack.com\/de\/biohazard-beutel\/"]}]},{"@type":"ImageObject","inLanguage":"en-US","@id":"https:\/\/tilakpolypack.com\/de\/biohazard-beutel\/#primaryimage","url":"https:\/\/tilakpolypack.com\/de\/wp-content\/uploads\/2023\/10\/Biohazard-Bags.jpg","contentUrl":"https:\/\/tilakpolypack.com\/de\/wp-content\/uploads\/2023\/10\/Biohazard-Bags.jpg","width":760,"height":510},{"@type":"WebSite","@id":"https:\/\/tilakpolypack.com\/de\/#website","url":"https:\/\/tilakpolypack.com\/de\/","name":"Tilak Polypack","description":"","potentialAction":[{"@type":"SearchAction","target":{"@type":"EntryPoint","urlTemplate":"https:\/\/tilakpolypack.com\/de\/?s={search_term_string}"},"query-input":"required name=search_term_string"}],"inLanguage":"en-US"}]}},"_links":{"self":[{"href":"https:\/\/tilakpolypack.com\/de\/wp-json\/wp\/v2\/pages\/7420","targetHints":{"allow":["GET"]}}],"collection":[{"href":"https:\/\/tilakpolypack.com\/de\/wp-json\/wp\/v2\/pages"}],"about":[{"href":"https:\/\/tilakpolypack.com\/de\/wp-json\/wp\/v2\/types\/page"}],"author":[{"embeddable":true,"href":"https:\/\/tilakpolypack.com\/de\/wp-json\/wp\/v2\/users\/1"}],"replies":[{"embeddable":true,"href":"https:\/\/tilakpolypack.com\/de\/wp-json\/wp\/v2\/comments?post=7420"}],"version-history":[{"count":8,"href":"https:\/\/tilakpolypack.com\/de\/wp-json\/wp\/v2\/pages\/7420\/revisions"}],"predecessor-version":[{"id":10219,"href":"https:\/\/tilakpolypack.com\/de\/wp-json\/wp\/v2\/pages\/7420\/revisions\/10219"}],"wp:featuredmedia":[{"embeddable":true,"href":"https:\/\/tilakpolypack.com\/de\/wp-json\/wp\/v2\/media\/8001"}],"wp:attachment":[{"href":"https:\/\/tilakpolypack.com\/de\/wp-json\/wp\/v2\/media?parent=7420"}],"curies":[{"name":"wp","href":"https:\/\/api.w.org\/{rel}","templated":true}]}}