{"id":7419,"date":"2023-10-06T10:24:09","date_gmt":"2023-10-06T10:24:09","guid":{"rendered":"https:\/\/archiveyourwords.com\/tilak\/?page_id=7419"},"modified":"2025-09-19T08:25:38","modified_gmt":"2025-09-19T08:25:38","slug":"antistatische-polybeutel","status":"publish","type":"page","link":"https:\/\/tilakpolypack.com\/de\/antistatische-polybeutel\/","title":{"rendered":"Antistatische Polybeutel"},"content":{"rendered":"<section class=\"wpb-content-wrapper\"><p>[vc_row][vc_column][vc_column_text]<\/p>\n<div class=\"col-md-12\">\n<div class=\"prod-category-img\"><\/div>\n<\/div>\n<div class=\"col-md-12\">\n<h2>Antistatische Polybeutel<\/h2>\n<p>Bei Tilak Polypack sind wir stolz auf unseren hochwertigen Herstellungsprozess und die au\u00dfergew\u00f6hnlichen Eigenschaften unserer IDPE-Antistatikbeutel.<\/p>\n<p>Speziell entwickelt, um einen wirksamen Schutz vor statischer Elektrizit\u00e4t zu bieten und die Sicherheit empfindlicher elektronischer Bauteile zu gew\u00e4hrleisten.<\/p>\n<p>Unser Herstellungsprozess beginnt mit der Auswahl von hochwertigem <strong><a href=\"https:\/\/tilakpolypack.com\/de\/ldpe-bags\/\">LDPE (Low-Density Polyethylene)<\/a><\/strong> Material, das f\u00fcr seine hervorragenden antistatischen Eigenschaften bekannt ist. Dieses Material wird sorgf\u00e4ltig verarbeitet und zu <a href=\"https:\/\/tilakpolypack.com\/de\/kunststoff-stretchfolie\/\"><strong>antistatischen Kunststofffolien <\/strong><\/a>verarbeitet, die dann mit modernsten Maschinen und Techniken zu Beuteln verarbeitet werden.<\/p>\n<p>Ein <a href=\"https:\/\/tilakpolypack.com\/de\/durchsichtige-polyethylen-verpackungsbeutel\/\"><strong>antistatischer Polybeutel<\/strong><\/a> oder leitf\u00e4higer Beutel ist ein Versandbeutel f\u00fcr elektronische Ger\u00e4te, die durch elektrostatische Aufladung beeintr\u00e4chtigt werden k\u00f6nnen.<\/p>\n<p>Antistatische Beutel k\u00f6nnen je nach gew\u00fcnschter Verschlussart hei\u00dfversiegelt, mit Klebeband verschlossen oder zugeknotet werden. Antistatische Beutel k\u00f6nnen auch mit einem Rei\u00dfverschluss versehen werden. Da diese Beutel leicht transparent sind, k\u00f6nnen Sie den Inhalt erkennen und sind gleichzeitig vor statischer Aufladung gesch\u00fctzt. Diese Beutel sind au\u00dferdem aminfrei, sodass empfindliche Polycarbonatplatten nicht besch\u00e4digt werden.<\/p>\n<p>Tilak Polypack ist einer der weltweit f\u00fchrenden <a href=\"https:\/\/tilakpolypack.com\/de\/ldpe-beutel\/\"><strong>Hersteller und Lieferanten von LDPE antistatischen Polybeuteln<\/strong><\/a>. Mit Niederlassungen in L\u00e4ndern wie den USA, Singapur, Australien, Deutschland, Kanada, Neuseeland, Gro\u00dfbritannien, Irland, Schottland und Norwegen hat sich Tilak Polypack als zuverl\u00e4ssiger Anbieter hochwertiger antistatischer Polybeutel etabliert.<\/p>\n<h2>Besondere Merkmale<\/h2>\n<ul>\n<li style=\"list-style-type: none;\">\n<ul>\n<li>3-lagig, um einen angemessenen Schutz der elektronischen Komponenten zu gew\u00e4hrleisten<\/li>\n<li>Langlebig<\/li>\n<li>Hohe Effizienz<\/li>\n<li>Wettbewerbsf\u00e4hige Preise<\/li>\n<li>Oberfl\u00e4chenwiderstand von weniger als 10 Raise 10 Ohm\/Quadrat<\/li>\n<\/ul>\n<\/li>\n<\/ul>\n<h2>GR\u00d6SSENANGABEN<\/h2>\n<ul>\n<li>Breite: ab 100 mm<\/li>\n<li>H\u00f6he: ab 200 mm<\/li>\n<li>DICKE: 50 MIKRON<\/li>\n<li>Rei\u00dfverschluss: 3,5 mm<\/li>\n<li>FARBEN: ROSA \/ BLAU \/ SCHWARZ<\/li>\n<\/ul>\n<h3>Wie w\u00e4hlt man antistatische LDPE-Beutel aus?<\/h3>\n<p>Bei der Auswahl von LDPE-Antistatikbeuteln sind folgende Richtlinien zu beachten:<\/p>\n<ol>\n<li style=\"list-style-type: none;\">\n<ol>\n<li><b>Gr\u00f6\u00dfe:<\/b>\u00a0W\u00e4hlen Sie die passende Taschengr\u00f6\u00dfe f\u00fcr Ihre Gegenst\u00e4nde oder Komponenten.<\/li>\n<li><b>Antistatische Eigenschaften:<\/b>\u00a0Stellen Sie sicher, dass die Beutel \u00fcber wirksame antistatische Eigenschaften verf\u00fcgen, um empfindliche elektronische Bauteile zu sch\u00fctzen.<\/li>\n<li><b>Materialqualit\u00e4t:<\/b> Achten Sie auf hochwertiges LDPE-Material, das f\u00fcr seine antistatischen Eigenschaften und Langlebigkeit bekannt ist.<\/li>\n<li><b>Transparenz:<\/b>\u00a0Entscheiden Sie sich f\u00fcr Beutel mit hoher Transparenz, damit der Inhalt leicht zu erkennen ist, ohne die antistatischen Eigenschaften zu beeintr\u00e4chtigen.<\/li>\n<li><b>Verschlussmechanismus:<\/b>\u00a0W\u00e4hlen Sie den Verschlussmechanismus (Rei\u00dfverschluss, Hei\u00dfsiegelung, Klebstoff) entsprechend Ihren Anforderungen aus.<\/li>\n<li><b>Anpassungsoptionen:<\/b> Pr\u00fcfen Sie, ob der Anbieter Anpassungsoptionen wie Druck oder Sonderfunktionen anbietet.<\/li>\n<li><b>Konformit\u00e4t:\u00a0<\/b>Stellen Sie sicher, dass die Beutel den einschl\u00e4gigen Industriestandards f\u00fcr antistatische Verpackungen entsprechen.<\/li>\n<li><b>Reputation des Lieferanten:\u00a0<\/b>Recherchieren Sie die Reputation des Lieferanten, Kundenbewertungen, Zertifizierungen und Branchenerfahrung.<\/li>\n<li><b>Menge und Preisgestaltung:<\/b>\u00a0Bewerten Sie die Menge und vergleichen Sie die Preisoptionen verschiedener Lieferanten.<\/li>\n<li><b>Lieferung und Lieferzeit:<\/b>\u00a0Ber\u00fccksichtigen Sie die Lieferoptionen und Lieferzeiten, um einen rechtzeitigen Erhalt der Taschen sicherzustellen.<\/li>\n<li><b>Kundensupport<\/b>: Bewerten Sie den Kundensupport, die Reaktionsf\u00e4higkeit und den Kundendienst des Lieferanten.<\/li>\n<li><b>Branchenexpertise:\u00a0<\/b>Suchen Sie nach Lieferanten mit Fachkenntnissen im Bereich antistatischer Verpackungen f\u00fcr Ihre Branche.<\/li>\n<li><b>Nachhaltigkeit:<\/b>\u00a0Erkundigen Sie sich nach dem Engagement des Lieferanten f\u00fcr umweltfreundliche Praktiken und der Verf\u00fcgbarkeit von recycelbaren Optionen.<\/li>\n<\/ol>\n<\/li>\n<\/ol>\n<h3><\/h3>\n<\/div>\n<p>[\/vc_column_text][\/vc_column][\/vc_row][vc_row ts_responsive_css=&#8221;25777273|colbreak_no|20|||||10||10|colbreak_no|||||||||colbreak_no||||||||||colbreak_no|||||||||&#8221; css=&#8221;.vc_custom_1696656087423{margin-top: 30px !important;padding-right: 10px !important;padding-left: 10px !important;}&#8221;][vc_column]<section class=\"ts-vc_cta3-container\"><div class=\"ts-vc_general ts-vc_cta3 ts-cta3-only ts-vc_cta3-style-classic ts-vc_cta3-shape-rounded ts-vc_cta3-align-left ts-vc_cta3-color-transparent ts-vc_cta3-icon-size-md ts-vc_cta3-actions-right ts-cta3-with-desc\"><div class=\"ts-vc_cta3_content-container\"><div class=\"ts-vc_cta3-content\"><div class=\"ts-vc_cta3-content-header ts-wrap\"><div class=\"ts-vc_cta3-headers ts-wrap-cell\"><\/div><\/div><div class=\"ts-cta3-content-wrapper\"><p>Please contact us on\u00a0<a href=\"tel:9227422544\">+91-9227422544<\/a>\u00a0or email us\u00a0<a href=\"mailto:info@tilakpolypack.com\">info@tilakpolypack.com<\/a>\u00a0for quotations or other details.<\/p><\/div><\/div><div class=\"ts-vc_cta3-actions\">\r\n\t\t<div class=\"ts-vc_btn3-container  popmake-8197 ts-vc_btn3-inline\"><a class=\"ts-vc_general ts-vc_btn3 ts-vc_btn3-size-md ts-vc_btn3-shape-rounded ts-vc_btn3-style-flat ts-vc_btn3-weight-yes ts-vc_btn3-color-skincolor\" href=\"\" title=\"\">send enquiry<\/a><\/div><\/div><\/div><\/div><\/section>[\/vc_column][\/vc_row]<\/p>\n<\/section>","protected":false},"excerpt":{"rendered":"<p>[vc_row][vc_column][vc_column_text] Antistatische Polybeutel Bei Tilak Polypack sind wir stolz auf unseren hochwertigen Herstellungsprozess und die au\u00dfergew\u00f6hnlichen Eigenschaften unserer IDPE-Antistatikbeutel. Speziell entwickelt, um einen wirksamen Schutz vor statischer Elektrizit\u00e4t zu bieten und die Sicherheit empfindlicher elektronischer Bauteile zu gew\u00e4hrleisten. Unser Herstellungsprozess beginnt mit der Auswahl von hochwertigem LDPE (Low-Density Polyethylene) Material, das f\u00fcr seine hervorragenden antistatischen &hellip; <a href=\"https:\/\/tilakpolypack.com\/de\/antistatische-polybeutel\/\" class=\"more-link\">Continue reading <span class=\"screen-reader-text\">Antistatische Polybeutel<\/span><\/a><\/p>\n","protected":false},"author":1,"featured_media":8058,"parent":0,"menu_order":0,"comment_status":"closed","ping_status":"closed","template":"","meta":{"_acf_changed":false,"om_disable_all_campaigns":false,"_monsterinsights_skip_tracking":false,"_monsterinsights_sitenote_active":false,"_monsterinsights_sitenote_note":"","_monsterinsights_sitenote_category":0,"_uf_show_specific_survey":0,"_uf_disable_surveys":false,"footnotes":""},"class_list":["post-7419","page","type-page","status-publish","has-post-thumbnail","hentry"],"acf":[],"yoast_head":"<!-- This site is optimized with the Yoast SEO plugin v22.3 - https:\/\/yoast.com\/wordpress\/plugins\/seo\/ -->\n<title>Antistatische Polybeutel und leitf\u00e4hige Beutel \u2013 Tilak Polypack<\/title>\n<meta name=\"description\" content=\"W\u00e4hlen Sie die antistatischen Polybeutel und leitf\u00e4higen Beutel von Tilak Polypack, um Ihre elektronischen Bauteile und andere statikempfindliche Artikel zu sch\u00fctzen. Unsere hochwertigen antistatischen Beutel verhindern statische Aufladung und sch\u00fctzen vor Feuchtigkeit und Staub. Kontaktieren Sie uns noch heute, um mehr zu erfahren.\" \/>\n<meta name=\"robots\" content=\"index, follow, max-snippet:-1, max-image-preview:large, max-video-preview:-1\" \/>\n<link rel=\"canonical\" href=\"https:\/\/tilakpolypack.com\/de\/antistatische-polybeutel\/\" \/>\n<meta property=\"og:locale\" content=\"en_US\" \/>\n<meta property=\"og:type\" content=\"article\" \/>\n<meta property=\"og:title\" content=\"Antistatische Polybeutel und leitf\u00e4hige Beutel \u2013 Tilak Polypack\" \/>\n<meta property=\"og:description\" content=\"W\u00e4hlen Sie die antistatischen Polybeutel und leitf\u00e4higen Beutel von Tilak Polypack, um Ihre elektronischen Bauteile und andere statikempfindliche Artikel zu sch\u00fctzen. Unsere hochwertigen antistatischen Beutel verhindern statische Aufladung und sch\u00fctzen vor Feuchtigkeit und Staub. Kontaktieren Sie uns noch heute, um mehr zu erfahren.\" \/>\n<meta property=\"og:url\" content=\"https:\/\/tilakpolypack.com\/de\/antistatische-polybeutel\/\" \/>\n<meta property=\"og:site_name\" content=\"Tilak Polypack\" \/>\n<meta property=\"article:modified_time\" content=\"2025-09-19T08:25:38+00:00\" \/>\n<meta property=\"og:image\" content=\"https:\/\/tilakpolypack.com\/de\/wp-content\/uploads\/2023\/10\/ezgif.com-gif-maker.jpg\" \/>\n\t<meta property=\"og:image:width\" content=\"760\" \/>\n\t<meta property=\"og:image:height\" content=\"510\" \/>\n\t<meta property=\"og:image:type\" content=\"image\/jpeg\" \/>\n<meta name=\"twitter:card\" content=\"summary_large_image\" \/>\n<meta name=\"twitter:label1\" content=\"Est. reading time\" \/>\n\t<meta name=\"twitter:data1\" content=\"3 minutes\" \/>\n<script type=\"application\/ld+json\" class=\"yoast-schema-graph\">{\"@context\":\"https:\/\/schema.org\",\"@graph\":[{\"@type\":\"WebPage\",\"@id\":\"https:\/\/tilakpolypack.com\/de\/antistatische-polybeutel\/\",\"url\":\"https:\/\/tilakpolypack.com\/de\/antistatische-polybeutel\/\",\"name\":\"Antistatische Polybeutel und leitf\u00e4hige Beutel \u2013 Tilak Polypack\",\"isPartOf\":{\"@id\":\"https:\/\/tilakpolypack.com\/de\/#website\"},\"primaryImageOfPage\":{\"@id\":\"https:\/\/tilakpolypack.com\/de\/antistatische-polybeutel\/#primaryimage\"},\"image\":{\"@id\":\"https:\/\/tilakpolypack.com\/de\/antistatische-polybeutel\/#primaryimage\"},\"thumbnailUrl\":\"https:\/\/tilakpolypack.com\/de\/wp-content\/uploads\/2023\/10\/ezgif.com-gif-maker.jpg\",\"datePublished\":\"2023-10-06T10:24:09+00:00\",\"dateModified\":\"2025-09-19T08:25:38+00:00\",\"description\":\"W\u00e4hlen Sie die antistatischen Polybeutel und leitf\u00e4higen Beutel von Tilak Polypack, um Ihre elektronischen Bauteile und andere statikempfindliche Artikel zu sch\u00fctzen. Unsere hochwertigen antistatischen Beutel verhindern statische Aufladung und sch\u00fctzen vor Feuchtigkeit und Staub. Kontaktieren Sie uns noch heute, um mehr zu erfahren.\",\"inLanguage\":\"en-US\",\"potentialAction\":[{\"@type\":\"ReadAction\",\"target\":[\"https:\/\/tilakpolypack.com\/de\/antistatische-polybeutel\/\"]}]},{\"@type\":\"ImageObject\",\"inLanguage\":\"en-US\",\"@id\":\"https:\/\/tilakpolypack.com\/de\/antistatische-polybeutel\/#primaryimage\",\"url\":\"https:\/\/tilakpolypack.com\/de\/wp-content\/uploads\/2023\/10\/ezgif.com-gif-maker.jpg\",\"contentUrl\":\"https:\/\/tilakpolypack.com\/de\/wp-content\/uploads\/2023\/10\/ezgif.com-gif-maker.jpg\",\"width\":760,\"height\":510},{\"@type\":\"WebSite\",\"@id\":\"https:\/\/tilakpolypack.com\/de\/#website\",\"url\":\"https:\/\/tilakpolypack.com\/de\/\",\"name\":\"Tilak Polypack\",\"description\":\"\",\"potentialAction\":[{\"@type\":\"SearchAction\",\"target\":{\"@type\":\"EntryPoint\",\"urlTemplate\":\"https:\/\/tilakpolypack.com\/de\/?s={search_term_string}\"},\"query-input\":\"required name=search_term_string\"}],\"inLanguage\":\"en-US\"}]}<\/script>\n<!-- \/ Yoast SEO plugin. -->","yoast_head_json":{"title":"Antistatische Polybeutel und leitf\u00e4hige Beutel \u2013 Tilak Polypack","description":"W\u00e4hlen Sie die antistatischen Polybeutel und leitf\u00e4higen Beutel von Tilak Polypack, um Ihre elektronischen Bauteile und andere statikempfindliche Artikel zu sch\u00fctzen. Unsere hochwertigen antistatischen Beutel verhindern statische Aufladung und sch\u00fctzen vor Feuchtigkeit und Staub. Kontaktieren Sie uns noch heute, um mehr zu erfahren.","robots":{"index":"index","follow":"follow","max-snippet":"max-snippet:-1","max-image-preview":"max-image-preview:large","max-video-preview":"max-video-preview:-1"},"canonical":"https:\/\/tilakpolypack.com\/de\/antistatische-polybeutel\/","og_locale":"en_US","og_type":"article","og_title":"Antistatische Polybeutel und leitf\u00e4hige Beutel \u2013 Tilak Polypack","og_description":"W\u00e4hlen Sie die antistatischen Polybeutel und leitf\u00e4higen Beutel von Tilak Polypack, um Ihre elektronischen Bauteile und andere statikempfindliche Artikel zu sch\u00fctzen. Unsere hochwertigen antistatischen Beutel verhindern statische Aufladung und sch\u00fctzen vor Feuchtigkeit und Staub. Kontaktieren Sie uns noch heute, um mehr zu erfahren.","og_url":"https:\/\/tilakpolypack.com\/de\/antistatische-polybeutel\/","og_site_name":"Tilak Polypack","article_modified_time":"2025-09-19T08:25:38+00:00","og_image":[{"width":760,"height":510,"url":"https:\/\/tilakpolypack.com\/de\/wp-content\/uploads\/2023\/10\/ezgif.com-gif-maker.jpg","type":"image\/jpeg"}],"twitter_card":"summary_large_image","twitter_misc":{"Est. reading time":"3 minutes"},"schema":{"@context":"https:\/\/schema.org","@graph":[{"@type":"WebPage","@id":"https:\/\/tilakpolypack.com\/de\/antistatische-polybeutel\/","url":"https:\/\/tilakpolypack.com\/de\/antistatische-polybeutel\/","name":"Antistatische Polybeutel und leitf\u00e4hige Beutel \u2013 Tilak Polypack","isPartOf":{"@id":"https:\/\/tilakpolypack.com\/de\/#website"},"primaryImageOfPage":{"@id":"https:\/\/tilakpolypack.com\/de\/antistatische-polybeutel\/#primaryimage"},"image":{"@id":"https:\/\/tilakpolypack.com\/de\/antistatische-polybeutel\/#primaryimage"},"thumbnailUrl":"https:\/\/tilakpolypack.com\/de\/wp-content\/uploads\/2023\/10\/ezgif.com-gif-maker.jpg","datePublished":"2023-10-06T10:24:09+00:00","dateModified":"2025-09-19T08:25:38+00:00","description":"W\u00e4hlen Sie die antistatischen Polybeutel und leitf\u00e4higen Beutel von Tilak Polypack, um Ihre elektronischen Bauteile und andere statikempfindliche Artikel zu sch\u00fctzen. Unsere hochwertigen antistatischen Beutel verhindern statische Aufladung und sch\u00fctzen vor Feuchtigkeit und Staub. Kontaktieren Sie uns noch heute, um mehr zu erfahren.","inLanguage":"en-US","potentialAction":[{"@type":"ReadAction","target":["https:\/\/tilakpolypack.com\/de\/antistatische-polybeutel\/"]}]},{"@type":"ImageObject","inLanguage":"en-US","@id":"https:\/\/tilakpolypack.com\/de\/antistatische-polybeutel\/#primaryimage","url":"https:\/\/tilakpolypack.com\/de\/wp-content\/uploads\/2023\/10\/ezgif.com-gif-maker.jpg","contentUrl":"https:\/\/tilakpolypack.com\/de\/wp-content\/uploads\/2023\/10\/ezgif.com-gif-maker.jpg","width":760,"height":510},{"@type":"WebSite","@id":"https:\/\/tilakpolypack.com\/de\/#website","url":"https:\/\/tilakpolypack.com\/de\/","name":"Tilak Polypack","description":"","potentialAction":[{"@type":"SearchAction","target":{"@type":"EntryPoint","urlTemplate":"https:\/\/tilakpolypack.com\/de\/?s={search_term_string}"},"query-input":"required name=search_term_string"}],"inLanguage":"en-US"}]}},"_links":{"self":[{"href":"https:\/\/tilakpolypack.com\/de\/wp-json\/wp\/v2\/pages\/7419","targetHints":{"allow":["GET"]}}],"collection":[{"href":"https:\/\/tilakpolypack.com\/de\/wp-json\/wp\/v2\/pages"}],"about":[{"href":"https:\/\/tilakpolypack.com\/de\/wp-json\/wp\/v2\/types\/page"}],"author":[{"embeddable":true,"href":"https:\/\/tilakpolypack.com\/de\/wp-json\/wp\/v2\/users\/1"}],"replies":[{"embeddable":true,"href":"https:\/\/tilakpolypack.com\/de\/wp-json\/wp\/v2\/comments?post=7419"}],"version-history":[{"count":11,"href":"https:\/\/tilakpolypack.com\/de\/wp-json\/wp\/v2\/pages\/7419\/revisions"}],"predecessor-version":[{"id":10214,"href":"https:\/\/tilakpolypack.com\/de\/wp-json\/wp\/v2\/pages\/7419\/revisions\/10214"}],"wp:featuredmedia":[{"embeddable":true,"href":"https:\/\/tilakpolypack.com\/de\/wp-json\/wp\/v2\/media\/8058"}],"wp:attachment":[{"href":"https:\/\/tilakpolypack.com\/de\/wp-json\/wp\/v2\/media?parent=7419"}],"curies":[{"name":"wp","href":"https:\/\/api.w.org\/{rel}","templated":true}]}}