{"id":7409,"date":"2023-10-06T10:22:40","date_gmt":"2023-10-06T10:22:40","guid":{"rendered":"https:\/\/archiveyourwords.com\/tilak\/?page_id=7409"},"modified":"2025-08-25T14:11:08","modified_gmt":"2025-08-25T14:11:08","slug":"tilak-thermokleber-ta","status":"publish","type":"page","link":"https:\/\/tilakpolypack.com\/de\/tilak-thermokleber-ta\/","title":{"rendered":"Tilak Thermokleber (TA)"},"content":{"rendered":"<section class=\"wpb-content-wrapper\"><p>[vc_row][vc_column][vc_row_inner][vc_column_inner][vc_column_text]<\/p>\n<h1>Tilak Thermokleber (TA)<\/h1>\n<p>Erh\u00e4ltlich in Papiergewichten von 80, 100 oder 105 g\/m\u00b2<br \/>\nDie verf\u00fcgbaren Papierbreiten reichen von 43 cm bis 183 cm.[\/vc_column_text][\/vc_column_inner][\/vc_row_inner][vc_row_inner][vc_column_inner][vc_column_text]<\/p>\n<h1>Wichtige Anwendungen<\/h1>\n<ul>\n<li>Transfer auf alle Arten von Polyestertextilien<\/li>\n<li>Speziell f\u00fcr elastische Textilien entwickelt. Keine Bewegung zwischen Papier und Stoff w\u00e4hrend des Transfers (verhindert m\u00f6gliche Geisterbilder)<\/li>\n<li>F\u00fcr mittlere bis hohe Farbdeckung<\/li>\n<\/ul>\n<p>[\/vc_column_text][\/vc_column_inner][\/vc_row_inner][vc_row_inner][vc_column_inner][vc_column_text]<\/p>\n<h1>Vorteile<\/h1>\n<ul>\n<li>Optimale Haftung zwischen Papier und Stoff w\u00e4hrend des Sublimationstransfers (kein Ghosting)<\/li>\n<li>Extrem schnell trocknend<\/li>\n<li>Hervorragende Konturensch\u00e4rfe<\/li>\n<li>Hervorragende und schnelle \u00dcbertragungseigenschaften<\/li>\n<li>Hervorragende Layflat-Leistung<\/li>\n<li>Au\u00dfergew\u00f6hnliche Qualit\u00e4tskonstanz<\/li>\n<\/ul>\n<p>[\/vc_column_text][\/vc_column_inner][\/vc_row_inner][vc_row_inner][vc_column_inner][vc_column_text]<\/p>\n<h1>Tilak Thermokleber (TA)<\/h1>\n<ul>\n<li>Speziell beschichtetes thermisches Klebe-Farbsublimationspapier<\/li>\n<li>Oberfl\u00e4che: Matt<\/li>\n<li>Weitere Spezifikationen auf Anfrage.<\/li>\n<\/ul>\n<p>[\/vc_column_text][\/vc_column_inner][\/vc_row_inner][vc_row_inner][vc_column_inner width=&#8221;2\/3&#8243;][vc_column_text]Bitte kontaktieren Sie uns unter <a href=\"tel:9227422544\">+91-9227422544<\/a> oder senden Sie uns eine E-Mail an <a href=\"mailto:info@tilakpolypack.com\">info@tilakpolypack.com<\/a>, um Angebote oder weitere Informationen zu erhalten.[\/vc_column_text][\/vc_column_inner][vc_column_inner width=&#8221;1\/3&#8243;]\r\n\t\t<div class=\"ts-vc_btn3-container  popmake-8197 ts-vc_btn3-right\"><a class=\"ts-vc_general ts-vc_btn3 ts-vc_btn3-size-md ts-vc_btn3-shape-square ts-vc_btn3-style-flat ts-vc_btn3-weight-yes ts-vc_btn3-color-skincolor\" href=\"\" title=\"\">Anfrage senden<\/a><\/div>[\/vc_column_inner][\/vc_row_inner][\/vc_column][\/vc_row]<\/p>\n<\/section>","protected":false},"excerpt":{"rendered":"<p>[vc_row][vc_column][vc_row_inner][vc_column_inner][vc_column_text] Tilak Thermokleber (TA) Erh\u00e4ltlich in Papiergewichten von 80, 100 oder 105 g\/m\u00b2 Die verf\u00fcgbaren Papierbreiten reichen von 43 cm bis 183 cm.[\/vc_column_text][\/vc_column_inner][\/vc_row_inner][vc_row_inner][vc_column_inner][vc_column_text] Wichtige Anwendungen Transfer auf alle Arten von Polyestertextilien Speziell f\u00fcr elastische Textilien entwickelt. Keine Bewegung zwischen Papier und Stoff w\u00e4hrend des Transfers (verhindert m\u00f6gliche Geisterbilder) F\u00fcr mittlere bis hohe Farbdeckung [\/vc_column_text][\/vc_column_inner][\/vc_row_inner][vc_row_inner][vc_column_inner][vc_column_text] Vorteile &hellip; <a href=\"https:\/\/tilakpolypack.com\/de\/tilak-thermokleber-ta\/\" class=\"more-link\">Continue reading <span class=\"screen-reader-text\">Tilak Thermokleber (TA)<\/span><\/a><\/p>\n","protected":false},"author":1,"featured_media":1521,"parent":0,"menu_order":0,"comment_status":"closed","ping_status":"closed","template":"","meta":{"_acf_changed":false,"om_disable_all_campaigns":false,"_monsterinsights_skip_tracking":false,"_monsterinsights_sitenote_active":false,"_monsterinsights_sitenote_note":"","_monsterinsights_sitenote_category":0,"_uf_show_specific_survey":0,"_uf_disable_surveys":false,"footnotes":""},"class_list":["post-7409","page","type-page","status-publish","has-post-thumbnail","hentry"],"acf":[],"yoast_head":"<!-- This site is optimized with the Yoast SEO plugin v22.3 - https:\/\/yoast.com\/wordpress\/plugins\/seo\/ -->\n<title>Tilak Thermokleber (TA) - Tilak Polypack<\/title>\n<meta name=\"robots\" content=\"index, follow, max-snippet:-1, max-image-preview:large, max-video-preview:-1\" \/>\n<link rel=\"canonical\" href=\"https:\/\/tilakpolypack.com\/de\/tilak-thermokleber-ta\/\" \/>\n<meta property=\"og:locale\" content=\"en_US\" \/>\n<meta property=\"og:type\" content=\"article\" \/>\n<meta property=\"og:title\" content=\"Tilak Thermokleber (TA) - Tilak Polypack\" \/>\n<meta property=\"og:description\" content=\"[vc_row][vc_column][vc_row_inner][vc_column_inner][vc_column_text] Tilak Thermokleber (TA) Erh\u00e4ltlich in Papiergewichten von 80, 100 oder 105 g\/m\u00b2 Die verf\u00fcgbaren Papierbreiten reichen von 43 cm bis 183 cm.[\/vc_column_text][\/vc_column_inner][\/vc_row_inner][vc_row_inner][vc_column_inner][vc_column_text] Wichtige Anwendungen Transfer auf alle Arten von Polyestertextilien Speziell f\u00fcr elastische Textilien entwickelt. Keine Bewegung zwischen Papier und Stoff w\u00e4hrend des Transfers (verhindert m\u00f6gliche Geisterbilder) F\u00fcr mittlere bis hohe Farbdeckung [\/vc_column_text][\/vc_column_inner][\/vc_row_inner][vc_row_inner][vc_column_inner][vc_column_text] Vorteile &hellip; Continue reading Tilak Thermokleber (TA)\" \/>\n<meta property=\"og:url\" content=\"https:\/\/tilakpolypack.com\/de\/tilak-thermokleber-ta\/\" \/>\n<meta property=\"og:site_name\" content=\"Tilak Polypack\" \/>\n<meta property=\"article:modified_time\" content=\"2025-08-25T14:11:08+00:00\" \/>\n<meta property=\"og:image\" content=\"https:\/\/tilakpolypack.com\/de\/wp-content\/uploads\/2020\/09\/floral-prints-4662696_1920.jpg\" \/>\n\t<meta property=\"og:image:width\" content=\"1920\" \/>\n\t<meta property=\"og:image:height\" content=\"1280\" \/>\n\t<meta property=\"og:image:type\" content=\"image\/jpeg\" \/>\n<meta name=\"twitter:card\" content=\"summary_large_image\" \/>\n<meta name=\"twitter:label1\" content=\"Est. reading time\" \/>\n\t<meta name=\"twitter:data1\" content=\"1 minute\" \/>\n<script type=\"application\/ld+json\" class=\"yoast-schema-graph\">{\"@context\":\"https:\/\/schema.org\",\"@graph\":[{\"@type\":\"WebPage\",\"@id\":\"https:\/\/tilakpolypack.com\/de\/tilak-thermokleber-ta\/\",\"url\":\"https:\/\/tilakpolypack.com\/de\/tilak-thermokleber-ta\/\",\"name\":\"Tilak Thermokleber (TA) - Tilak Polypack\",\"isPartOf\":{\"@id\":\"https:\/\/tilakpolypack.com\/de\/#website\"},\"primaryImageOfPage\":{\"@id\":\"https:\/\/tilakpolypack.com\/de\/tilak-thermokleber-ta\/#primaryimage\"},\"image\":{\"@id\":\"https:\/\/tilakpolypack.com\/de\/tilak-thermokleber-ta\/#primaryimage\"},\"thumbnailUrl\":\"https:\/\/tilakpolypack.com\/de\/wp-content\/uploads\/2020\/09\/floral-prints-4662696_1920.jpg\",\"datePublished\":\"2023-10-06T10:22:40+00:00\",\"dateModified\":\"2025-08-25T14:11:08+00:00\",\"inLanguage\":\"en-US\",\"potentialAction\":[{\"@type\":\"ReadAction\",\"target\":[\"https:\/\/tilakpolypack.com\/de\/tilak-thermokleber-ta\/\"]}]},{\"@type\":\"ImageObject\",\"inLanguage\":\"en-US\",\"@id\":\"https:\/\/tilakpolypack.com\/de\/tilak-thermokleber-ta\/#primaryimage\",\"url\":\"https:\/\/tilakpolypack.com\/de\/wp-content\/uploads\/2020\/09\/floral-prints-4662696_1920.jpg\",\"contentUrl\":\"https:\/\/tilakpolypack.com\/de\/wp-content\/uploads\/2020\/09\/floral-prints-4662696_1920.jpg\",\"width\":1920,\"height\":1280},{\"@type\":\"WebSite\",\"@id\":\"https:\/\/tilakpolypack.com\/de\/#website\",\"url\":\"https:\/\/tilakpolypack.com\/de\/\",\"name\":\"Tilak Polypack\",\"description\":\"\",\"potentialAction\":[{\"@type\":\"SearchAction\",\"target\":{\"@type\":\"EntryPoint\",\"urlTemplate\":\"https:\/\/tilakpolypack.com\/de\/?s={search_term_string}\"},\"query-input\":\"required name=search_term_string\"}],\"inLanguage\":\"en-US\"}]}<\/script>\n<!-- \/ Yoast SEO plugin. -->","yoast_head_json":{"title":"Tilak Thermokleber (TA) - Tilak Polypack","robots":{"index":"index","follow":"follow","max-snippet":"max-snippet:-1","max-image-preview":"max-image-preview:large","max-video-preview":"max-video-preview:-1"},"canonical":"https:\/\/tilakpolypack.com\/de\/tilak-thermokleber-ta\/","og_locale":"en_US","og_type":"article","og_title":"Tilak Thermokleber (TA) - Tilak Polypack","og_description":"[vc_row][vc_column][vc_row_inner][vc_column_inner][vc_column_text] Tilak Thermokleber (TA) Erh\u00e4ltlich in Papiergewichten von 80, 100 oder 105 g\/m\u00b2 Die verf\u00fcgbaren Papierbreiten reichen von 43 cm bis 183 cm.[\/vc_column_text][\/vc_column_inner][\/vc_row_inner][vc_row_inner][vc_column_inner][vc_column_text] Wichtige Anwendungen Transfer auf alle Arten von Polyestertextilien Speziell f\u00fcr elastische Textilien entwickelt. Keine Bewegung zwischen Papier und Stoff w\u00e4hrend des Transfers (verhindert m\u00f6gliche Geisterbilder) F\u00fcr mittlere bis hohe Farbdeckung [\/vc_column_text][\/vc_column_inner][\/vc_row_inner][vc_row_inner][vc_column_inner][vc_column_text] Vorteile &hellip; Continue reading Tilak Thermokleber (TA)","og_url":"https:\/\/tilakpolypack.com\/de\/tilak-thermokleber-ta\/","og_site_name":"Tilak Polypack","article_modified_time":"2025-08-25T14:11:08+00:00","og_image":[{"width":1920,"height":1280,"url":"https:\/\/tilakpolypack.com\/de\/wp-content\/uploads\/2020\/09\/floral-prints-4662696_1920.jpg","type":"image\/jpeg"}],"twitter_card":"summary_large_image","twitter_misc":{"Est. reading time":"1 minute"},"schema":{"@context":"https:\/\/schema.org","@graph":[{"@type":"WebPage","@id":"https:\/\/tilakpolypack.com\/de\/tilak-thermokleber-ta\/","url":"https:\/\/tilakpolypack.com\/de\/tilak-thermokleber-ta\/","name":"Tilak Thermokleber (TA) - Tilak Polypack","isPartOf":{"@id":"https:\/\/tilakpolypack.com\/de\/#website"},"primaryImageOfPage":{"@id":"https:\/\/tilakpolypack.com\/de\/tilak-thermokleber-ta\/#primaryimage"},"image":{"@id":"https:\/\/tilakpolypack.com\/de\/tilak-thermokleber-ta\/#primaryimage"},"thumbnailUrl":"https:\/\/tilakpolypack.com\/de\/wp-content\/uploads\/2020\/09\/floral-prints-4662696_1920.jpg","datePublished":"2023-10-06T10:22:40+00:00","dateModified":"2025-08-25T14:11:08+00:00","inLanguage":"en-US","potentialAction":[{"@type":"ReadAction","target":["https:\/\/tilakpolypack.com\/de\/tilak-thermokleber-ta\/"]}]},{"@type":"ImageObject","inLanguage":"en-US","@id":"https:\/\/tilakpolypack.com\/de\/tilak-thermokleber-ta\/#primaryimage","url":"https:\/\/tilakpolypack.com\/de\/wp-content\/uploads\/2020\/09\/floral-prints-4662696_1920.jpg","contentUrl":"https:\/\/tilakpolypack.com\/de\/wp-content\/uploads\/2020\/09\/floral-prints-4662696_1920.jpg","width":1920,"height":1280},{"@type":"WebSite","@id":"https:\/\/tilakpolypack.com\/de\/#website","url":"https:\/\/tilakpolypack.com\/de\/","name":"Tilak Polypack","description":"","potentialAction":[{"@type":"SearchAction","target":{"@type":"EntryPoint","urlTemplate":"https:\/\/tilakpolypack.com\/de\/?s={search_term_string}"},"query-input":"required name=search_term_string"}],"inLanguage":"en-US"}]}},"_links":{"self":[{"href":"https:\/\/tilakpolypack.com\/de\/wp-json\/wp\/v2\/pages\/7409","targetHints":{"allow":["GET"]}}],"collection":[{"href":"https:\/\/tilakpolypack.com\/de\/wp-json\/wp\/v2\/pages"}],"about":[{"href":"https:\/\/tilakpolypack.com\/de\/wp-json\/wp\/v2\/types\/page"}],"author":[{"embeddable":true,"href":"https:\/\/tilakpolypack.com\/de\/wp-json\/wp\/v2\/users\/1"}],"replies":[{"embeddable":true,"href":"https:\/\/tilakpolypack.com\/de\/wp-json\/wp\/v2\/comments?post=7409"}],"version-history":[{"count":2,"href":"https:\/\/tilakpolypack.com\/de\/wp-json\/wp\/v2\/pages\/7409\/revisions"}],"predecessor-version":[{"id":10146,"href":"https:\/\/tilakpolypack.com\/de\/wp-json\/wp\/v2\/pages\/7409\/revisions\/10146"}],"wp:featuredmedia":[{"embeddable":true,"href":"https:\/\/tilakpolypack.com\/de\/wp-json\/wp\/v2\/media\/1521"}],"wp:attachment":[{"href":"https:\/\/tilakpolypack.com\/de\/wp-json\/wp\/v2\/media?parent=7409"}],"curies":[{"name":"wp","href":"https:\/\/api.w.org\/{rel}","templated":true}]}}