{"id":7404,"date":"2023-10-06T10:21:56","date_gmt":"2023-10-06T10:21:56","guid":{"rendered":"https:\/\/archiveyourwords.com\/tilak\/?page_id=7404"},"modified":"2025-09-19T11:25:06","modified_gmt":"2025-09-19T11:25:06","slug":"huftversiegelungsfolie","status":"publish","type":"page","link":"https:\/\/tilakpolypack.com\/de\/huftversiegelungsfolie\/","title":{"rendered":"H\u00fcftversiegelungsfolie"},"content":{"rendered":"<section class=\"wpb-content-wrapper\"><p>[vc_row][vc_column][vc_column_text]<\/p>\n<div class=\"col-md-12\">\n<div class=\"prod-category-img\"><\/div>\n<\/div>\n<div class=\"col-md-12\">\n<h2>H\u00fcftversiegelungsfolie<\/h2>\n<p>H\u00fcftversiegelungsfolien sind Spezialmaterialien f\u00fcr Verpackungsanwendungen, die eine hochintegrierte Versiegelung Folie abziehen. Diese <a href=\"https:\/\/tilakpolypack.com\/de\/leicht-abziehbare-folie\/\"><strong>Folie abziehen <\/strong><\/a> werden h\u00e4ufig in der Lebensmittel-, Pharma- und Elektronikindustrie eingesetzt, um den Schutz der Produkte und Manipulationssicherheit zu gew\u00e4hrleisten.<\/p>\n<p>Beim Hei\u00dfsiegeln wird die Folie unter Einwirkung von Hitze und Druck versiegelt, wodurch eine starke und zuverl\u00e4ssige Versiegelung entsteht. Dieses Versiegelungsverfahren wird h\u00e4ufig f\u00fcr die Verpackung von Artikeln wie Schalen, Beh\u00e4ltern und Blisterverpackungen verwendet und bietet eine sichere und manipulationssichere Umh\u00fcllung f\u00fcr verschiedene Produkte.<\/p>\n<p>H\u00fcftversiegelungsfolien sind Spezialmaterialien, die f\u00fcr sichere Verpackungsanwendungen verwendet werden. Sie finden vielf\u00e4ltige Anwendung in der Lebensmittel-, Pharma-, Elektronik- und Konsumg\u00fcterindustrie. Diese Folien gew\u00e4hrleisten Frische, Hygiene, Manipulationssicherheit und Schutz vor Verunreinigungen und sind daher f\u00fcr die Verpackung einer Vielzahl von Produkten unverzichtbar.<\/p>\n<h2>Herstellung von Kunststofffolien f\u00fcr H\u00fcftprothesen<\/h2>\n<p>Tilak Polypack zeichnet sich durch den Herstellungsprozess und die Eigenschaften unserer modernen Kunststofffolien aus, was uns zu einer bevorzugten Wahl in der Branche macht.<\/p>\n<p>Wir extrudieren hochwertige Rohstoffe mithilfe modernster Technologie zu d\u00fcnnen Kunststofffolien. Die pr\u00e4zise Kontrolle \u00fcber Dicke, Gleichm\u00e4\u00dfigkeit und Festigkeit gew\u00e4hrleistet zuverl\u00e4ssige und gleichbleibende Produkte.<\/p>\n<p>Tilak Polypack ist einer der weltweit f\u00fchrenden <a href=\"https:\/\/tilakpolypack.com\/de\/deckel-folien\/\"><strong>Hersteller und Lieferanten von Hips-Siegelfolien<\/strong><\/a>. Mit Niederlassungen in L\u00e4ndern wie den USA, Singapur, Australien, Deutschland, Kanada, Neuseeland, Gro\u00dfbritannien, Irland, Schottland und Norwegen hat sich Tilak Polypack als zuverl\u00e4ssiger Anbieter von hochwertigen Hips-Siegelfolien etabliert.<\/p>\n<h3>Eigenschaften der Tilak Polypack Hip-Kunststofffolien:<\/h3>\n<ol>\n<li><b>Hervorragende Versiegelungsintegrit\u00e4t:\u00a0<\/b>Unsere Folien bieten starke, manipulationssichere Versiegelungen und gew\u00e4hrleisten so eine sichere Verpackung.<\/li>\n<li><b>Verbesserte Barriereeigenschaften:<\/b> Die Folien bieten Widerstand gegen Feuchtigkeit, Gase und Verunreinigungen und bewahren so die Frische und Haltbarkeit der Produkte.<\/li>\n<li><b>Vielseitigkeit:<\/b>\u00a0Unsere Folien lassen sich an verschiedene Verpackungsanforderungen anpassen, darunter Gr\u00f6\u00dfe, Dicke und Druckoptionen.<\/li>\n<li><b>Einhaltung von Qualit\u00e4tsstandards:<\/b> Wir erf\u00fcllen strenge Qualit\u00e4tsstandards und verwenden Materialien, die den Vorschriften f\u00fcr sichere Verpackungen entsprechen.<\/li>\n<\/ol>\n<h2>Warum Sie sich f\u00fcr Tilak Polypack entscheiden sollten:<\/h2>\n<p><b>Erfahrung und Fachwissen:<\/b> Wir verf\u00fcgen \u00fcber umfangreiche Erfahrung in der Herstellung hochwertiger H\u00fcftkunststofffolien.<\/p>\n<p><b>Verpflichtung zur Qualit\u00e4t:<\/b> Unsere strengen Qualit\u00e4tskontrollma\u00dfnahmen gew\u00e4hrleisten gleichbleibende Spitzenqualit\u00e4t.<\/p>\n<p><b>Anpassungsoptionen:\u00a0<\/b>Wir bieten ma\u00dfgeschneiderte L\u00f6sungen f\u00fcr spezifische Verpackungsanforderungen.<\/p>\n<p><b>P\u00fcnktliche Lieferung:<\/b> Wir legen Wert auf p\u00fcnktliche Lieferungen, um einen reibungslosen Betrieb zu gew\u00e4hrleisten.<\/p>\n<p>Entscheiden Sie sich f\u00fcr Tilak Polypack, wenn Sie hochwertige Kunststofffolien mit zuverl\u00e4ssigen Siegeln, verbesserten Barriereeigenschaften, Vielseitigkeit und Einhaltung von Qualit\u00e4tsstandards suchen. Erleben Sie unser Engagement f\u00fcr Spitzenleistungen, das uns in der Branche auszeichnet.<\/p>\n<p>HIPS ist eine hochschlagfeste Polystyrol-Versiegelung, die h\u00e4ufig als starre Verpackung f\u00fcr eine Vielzahl von Produkten verwendet wird. Es gibt nur sehr wenige Folien, die sich f\u00fcr HIPS eignen, und wir sind stolz darauf, einer der Hersteller dieser Art von Folie zu sein. Wir k\u00f6nnen die Folie gem\u00e4\u00df den Anforderungen des Kunden liefern.<\/p>\n<\/div>\n<p>[\/vc_column_text][\/vc_column][\/vc_row][vc_row ts_responsive_css=&#8221;25777273|colbreak_no|20|||||10||10|colbreak_no|||||||||colbreak_no||||||||||colbreak_no|||||||||&#8221; css=&#8221;.vc_custom_1696656087423{margin-top: 30px !important;padding-right: 10px !important;padding-left: 10px !important;}&#8221;][vc_column]<section class=\"ts-vc_cta3-container\"><div class=\"ts-vc_general ts-vc_cta3 ts-cta3-only ts-vc_cta3-style-classic ts-vc_cta3-shape-rounded ts-vc_cta3-align-left ts-vc_cta3-color-transparent ts-vc_cta3-icon-size-md ts-vc_cta3-actions-right ts-cta3-with-desc\"><div class=\"ts-vc_cta3_content-container\"><div class=\"ts-vc_cta3-content\"><div class=\"ts-vc_cta3-content-header ts-wrap\"><div class=\"ts-vc_cta3-headers ts-wrap-cell\"><\/div><\/div><div class=\"ts-cta3-content-wrapper\"><p>Please contact us on\u00a0<a href=\"tel:9227422544\">+91-9227422544<\/a>\u00a0or email us\u00a0<a href=\"mailto:info@tilakpolypack.com\">info@tilakpolypack.com<\/a>\u00a0for quotations or other details.<\/p><\/div><\/div><div class=\"ts-vc_cta3-actions\">\r\n\t\t<div class=\"ts-vc_btn3-container  popmake-8197 ts-vc_btn3-inline\"><a class=\"ts-vc_general ts-vc_btn3 ts-vc_btn3-size-md ts-vc_btn3-shape-rounded ts-vc_btn3-style-flat ts-vc_btn3-weight-yes ts-vc_btn3-color-skincolor\" href=\"\" title=\"\">Anfrage senden<\/a><\/div><\/div><\/div><\/div><\/section>[\/vc_column][\/vc_row]<\/p>\n<\/section>","protected":false},"excerpt":{"rendered":"<p>[vc_row][vc_column][vc_column_text] H\u00fcftversiegelungsfolie H\u00fcftversiegelungsfolien sind Spezialmaterialien f\u00fcr Verpackungsanwendungen, die eine hochintegrierte Versiegelung Folie abziehen. Diese Folie abziehen werden h\u00e4ufig in der Lebensmittel-, Pharma- und Elektronikindustrie eingesetzt, um den Schutz der Produkte und Manipulationssicherheit zu gew\u00e4hrleisten. Beim Hei\u00dfsiegeln wird die Folie unter Einwirkung von Hitze und Druck versiegelt, wodurch eine starke und zuverl\u00e4ssige Versiegelung entsteht. Dieses Versiegelungsverfahren &hellip; <a href=\"https:\/\/tilakpolypack.com\/de\/huftversiegelungsfolie\/\" class=\"more-link\">Continue reading <span class=\"screen-reader-text\">H\u00fcftversiegelungsfolie<\/span><\/a><\/p>\n","protected":false},"author":1,"featured_media":8074,"parent":0,"menu_order":0,"comment_status":"closed","ping_status":"closed","template":"","meta":{"_acf_changed":false,"om_disable_all_campaigns":false,"_monsterinsights_skip_tracking":false,"_monsterinsights_sitenote_active":false,"_monsterinsights_sitenote_note":"","_monsterinsights_sitenote_category":0,"_uf_show_specific_survey":0,"_uf_disable_surveys":false,"footnotes":""},"class_list":["post-7404","page","type-page","status-publish","has-post-thumbnail","hentry"],"acf":[],"yoast_head":"<!-- This site is optimized with the Yoast SEO plugin v22.3 - https:\/\/yoast.com\/wordpress\/plugins\/seo\/ -->\n<title>Hersteller von Hip Plastic Films | Tilak Polypack<\/title>\n<meta name=\"description\" content=\"Entdecken Sie die Hips-Siegelfolien mit hervorragender Siegelintegrit\u00e4t und verbesserten Barriereeigenschaften. Anpassbar an unterschiedliche Verpackungsanforderungen.\" \/>\n<meta name=\"robots\" content=\"index, follow, max-snippet:-1, max-image-preview:large, max-video-preview:-1\" \/>\n<link rel=\"canonical\" href=\"https:\/\/tilakpolypack.com\/de\/huftversiegelungsfolie\/\" \/>\n<meta property=\"og:locale\" content=\"en_US\" \/>\n<meta property=\"og:type\" content=\"article\" \/>\n<meta property=\"og:title\" content=\"Hersteller von Hip Plastic Films | Tilak Polypack\" \/>\n<meta property=\"og:description\" content=\"Entdecken Sie die Hips-Siegelfolien mit hervorragender Siegelintegrit\u00e4t und verbesserten Barriereeigenschaften. Anpassbar an unterschiedliche Verpackungsanforderungen.\" \/>\n<meta property=\"og:url\" content=\"https:\/\/tilakpolypack.com\/de\/huftversiegelungsfolie\/\" \/>\n<meta property=\"og:site_name\" content=\"Tilak Polypack\" \/>\n<meta property=\"article:modified_time\" content=\"2025-09-19T11:25:06+00:00\" \/>\n<meta property=\"og:image\" content=\"https:\/\/tilakpolypack.com\/de\/wp-content\/uploads\/2023\/10\/Hips-Sealing-Film.jpg\" \/>\n\t<meta property=\"og:image:width\" content=\"760\" \/>\n\t<meta property=\"og:image:height\" content=\"510\" \/>\n\t<meta property=\"og:image:type\" content=\"image\/jpeg\" \/>\n<meta name=\"twitter:card\" content=\"summary_large_image\" \/>\n<meta name=\"twitter:label1\" content=\"Est. reading time\" \/>\n\t<meta name=\"twitter:data1\" content=\"3 minutes\" \/>\n<script type=\"application\/ld+json\" class=\"yoast-schema-graph\">{\"@context\":\"https:\/\/schema.org\",\"@graph\":[{\"@type\":\"WebPage\",\"@id\":\"https:\/\/tilakpolypack.com\/de\/huftversiegelungsfolie\/\",\"url\":\"https:\/\/tilakpolypack.com\/de\/huftversiegelungsfolie\/\",\"name\":\"Hersteller von Hip Plastic Films | Tilak Polypack\",\"isPartOf\":{\"@id\":\"https:\/\/tilakpolypack.com\/de\/#website\"},\"primaryImageOfPage\":{\"@id\":\"https:\/\/tilakpolypack.com\/de\/huftversiegelungsfolie\/#primaryimage\"},\"image\":{\"@id\":\"https:\/\/tilakpolypack.com\/de\/huftversiegelungsfolie\/#primaryimage\"},\"thumbnailUrl\":\"https:\/\/tilakpolypack.com\/de\/wp-content\/uploads\/2023\/10\/Hips-Sealing-Film.jpg\",\"datePublished\":\"2023-10-06T10:21:56+00:00\",\"dateModified\":\"2025-09-19T11:25:06+00:00\",\"description\":\"Entdecken Sie die Hips-Siegelfolien mit hervorragender Siegelintegrit\u00e4t und verbesserten Barriereeigenschaften. Anpassbar an unterschiedliche Verpackungsanforderungen.\",\"inLanguage\":\"en-US\",\"potentialAction\":[{\"@type\":\"ReadAction\",\"target\":[\"https:\/\/tilakpolypack.com\/de\/huftversiegelungsfolie\/\"]}]},{\"@type\":\"ImageObject\",\"inLanguage\":\"en-US\",\"@id\":\"https:\/\/tilakpolypack.com\/de\/huftversiegelungsfolie\/#primaryimage\",\"url\":\"https:\/\/tilakpolypack.com\/de\/wp-content\/uploads\/2023\/10\/Hips-Sealing-Film.jpg\",\"contentUrl\":\"https:\/\/tilakpolypack.com\/de\/wp-content\/uploads\/2023\/10\/Hips-Sealing-Film.jpg\",\"width\":760,\"height\":510},{\"@type\":\"WebSite\",\"@id\":\"https:\/\/tilakpolypack.com\/de\/#website\",\"url\":\"https:\/\/tilakpolypack.com\/de\/\",\"name\":\"Tilak Polypack\",\"description\":\"\",\"potentialAction\":[{\"@type\":\"SearchAction\",\"target\":{\"@type\":\"EntryPoint\",\"urlTemplate\":\"https:\/\/tilakpolypack.com\/de\/?s={search_term_string}\"},\"query-input\":\"required name=search_term_string\"}],\"inLanguage\":\"en-US\"}]}<\/script>\n<!-- \/ Yoast SEO plugin. -->","yoast_head_json":{"title":"Hersteller von Hip Plastic Films | Tilak Polypack","description":"Entdecken Sie die Hips-Siegelfolien mit hervorragender Siegelintegrit\u00e4t und verbesserten Barriereeigenschaften. Anpassbar an unterschiedliche Verpackungsanforderungen.","robots":{"index":"index","follow":"follow","max-snippet":"max-snippet:-1","max-image-preview":"max-image-preview:large","max-video-preview":"max-video-preview:-1"},"canonical":"https:\/\/tilakpolypack.com\/de\/huftversiegelungsfolie\/","og_locale":"en_US","og_type":"article","og_title":"Hersteller von Hip Plastic Films | Tilak Polypack","og_description":"Entdecken Sie die Hips-Siegelfolien mit hervorragender Siegelintegrit\u00e4t und verbesserten Barriereeigenschaften. Anpassbar an unterschiedliche Verpackungsanforderungen.","og_url":"https:\/\/tilakpolypack.com\/de\/huftversiegelungsfolie\/","og_site_name":"Tilak Polypack","article_modified_time":"2025-09-19T11:25:06+00:00","og_image":[{"width":760,"height":510,"url":"https:\/\/tilakpolypack.com\/de\/wp-content\/uploads\/2023\/10\/Hips-Sealing-Film.jpg","type":"image\/jpeg"}],"twitter_card":"summary_large_image","twitter_misc":{"Est. reading time":"3 minutes"},"schema":{"@context":"https:\/\/schema.org","@graph":[{"@type":"WebPage","@id":"https:\/\/tilakpolypack.com\/de\/huftversiegelungsfolie\/","url":"https:\/\/tilakpolypack.com\/de\/huftversiegelungsfolie\/","name":"Hersteller von Hip Plastic Films | Tilak Polypack","isPartOf":{"@id":"https:\/\/tilakpolypack.com\/de\/#website"},"primaryImageOfPage":{"@id":"https:\/\/tilakpolypack.com\/de\/huftversiegelungsfolie\/#primaryimage"},"image":{"@id":"https:\/\/tilakpolypack.com\/de\/huftversiegelungsfolie\/#primaryimage"},"thumbnailUrl":"https:\/\/tilakpolypack.com\/de\/wp-content\/uploads\/2023\/10\/Hips-Sealing-Film.jpg","datePublished":"2023-10-06T10:21:56+00:00","dateModified":"2025-09-19T11:25:06+00:00","description":"Entdecken Sie die Hips-Siegelfolien mit hervorragender Siegelintegrit\u00e4t und verbesserten Barriereeigenschaften. Anpassbar an unterschiedliche Verpackungsanforderungen.","inLanguage":"en-US","potentialAction":[{"@type":"ReadAction","target":["https:\/\/tilakpolypack.com\/de\/huftversiegelungsfolie\/"]}]},{"@type":"ImageObject","inLanguage":"en-US","@id":"https:\/\/tilakpolypack.com\/de\/huftversiegelungsfolie\/#primaryimage","url":"https:\/\/tilakpolypack.com\/de\/wp-content\/uploads\/2023\/10\/Hips-Sealing-Film.jpg","contentUrl":"https:\/\/tilakpolypack.com\/de\/wp-content\/uploads\/2023\/10\/Hips-Sealing-Film.jpg","width":760,"height":510},{"@type":"WebSite","@id":"https:\/\/tilakpolypack.com\/de\/#website","url":"https:\/\/tilakpolypack.com\/de\/","name":"Tilak Polypack","description":"","potentialAction":[{"@type":"SearchAction","target":{"@type":"EntryPoint","urlTemplate":"https:\/\/tilakpolypack.com\/de\/?s={search_term_string}"},"query-input":"required name=search_term_string"}],"inLanguage":"en-US"}]}},"_links":{"self":[{"href":"https:\/\/tilakpolypack.com\/de\/wp-json\/wp\/v2\/pages\/7404","targetHints":{"allow":["GET"]}}],"collection":[{"href":"https:\/\/tilakpolypack.com\/de\/wp-json\/wp\/v2\/pages"}],"about":[{"href":"https:\/\/tilakpolypack.com\/de\/wp-json\/wp\/v2\/types\/page"}],"author":[{"embeddable":true,"href":"https:\/\/tilakpolypack.com\/de\/wp-json\/wp\/v2\/users\/1"}],"replies":[{"embeddable":true,"href":"https:\/\/tilakpolypack.com\/de\/wp-json\/wp\/v2\/comments?post=7404"}],"version-history":[{"count":4,"href":"https:\/\/tilakpolypack.com\/de\/wp-json\/wp\/v2\/pages\/7404\/revisions"}],"predecessor-version":[{"id":10243,"href":"https:\/\/tilakpolypack.com\/de\/wp-json\/wp\/v2\/pages\/7404\/revisions\/10243"}],"wp:featuredmedia":[{"embeddable":true,"href":"https:\/\/tilakpolypack.com\/de\/wp-json\/wp\/v2\/media\/8074"}],"wp:attachment":[{"href":"https:\/\/tilakpolypack.com\/de\/wp-json\/wp\/v2\/media?parent=7404"}],"curies":[{"name":"wp","href":"https:\/\/api.w.org\/{rel}","templated":true}]}}