{"id":7403,"date":"2023-10-06T10:21:45","date_gmt":"2023-10-06T10:21:45","guid":{"rendered":"https:\/\/archiveyourwords.com\/tilak\/?page_id=7403"},"modified":"2025-09-19T11:17:49","modified_gmt":"2025-09-19T11:17:49","slug":"leicht-abziehbare-folie","status":"publish","type":"page","link":"https:\/\/tilakpolypack.com\/de\/leicht-abziehbare-folie\/","title":{"rendered":"Leicht abziehbare Folie"},"content":{"rendered":"<section class=\"wpb-content-wrapper\"><p>[vc_row][vc_column][vc_column_text]<\/p>\n<div class=\"col-md-12\">\n<div class=\"prod-category-img\"><\/div>\n<\/div>\n<div class=\"col-md-12\">\n<h2>Easy Peel Film \u2013 Eine wirtschaftliche Option<\/h2>\n<p>Easy Peel-Folien sind im Vergleich zu herk\u00f6mmlichen starren Kunststoffdeckeln eine sehr wirtschaftliche Option. Diese Folien ben\u00f6tigen beim Transport weniger Platz und sind daher im Vergleich zu herk\u00f6mmlichen Kunststoffdeckeln oder -abdeckungen eine sehr kosteng\u00fcnstige Option.<\/p>\n<h2>Versiegelungsf\u00e4higkeit der leicht abziehbaren Folie<\/h2>\n<p>Aufgrund der Versiegelungsf\u00e4higkeit der <a href=\"https:\/\/tilakpolypack.com\/de\/deckel-folien\/\"><strong>Deckelfolien f\u00fcr Lebensmittelverpackungen <\/strong><\/a> ist sie sicher f\u00fcr Lebensmittel, da man leicht erkennen kann, dass die Versiegelung aufgebrochen wurde, sobald sie manipuliert wurde.<\/p>\n<p>Die von uns hergestellte Peel-Folie l\u00e4sst sich ganz einfach mit den Fingern abziehen. Wir liefern unseren Kunden ma\u00dfgeschneiderte Easy-Peel-Folien. Dabei werden die Abmessungen und der Aufdruck dieser Folie gem\u00e4\u00df den Anforderungen des Kunden angefertigt. Unsere abziehbaren Deckelfolien werden h\u00e4ufig f\u00fcr alle Arten von Kunststoffbeh\u00e4ltern und -bechern verwendet. Wir bieten auch Universalqualit\u00e4ten an, die sich f\u00fcr alle Arten von Kunststoffbeh\u00e4ltern eignen.<\/p>\n<p>Eine klar definierte Folie in Lebensmittelqualit\u00e4t wird auf die verschlie\u00dfbare Seite der Folie laminiert, um sicherzustellen, dass sich die Folie auch dann leicht abziehen l\u00e4sst, wenn Kinder das Produkt selbstst\u00e4ndig verzehren m\u00f6chten.<\/p>\n<p>Tilak Polypack ist einer der weltweit f\u00fchrenden Hersteller und Lieferanten von Easy Peel Film. Mit Niederlassungen in L\u00e4ndern wie den USA, Singapur, Australien, Deutschland, Kanada, Neuseeland, Gro\u00dfbritannien, Irland, Schottland und Norwegen hat sich Tilak Polypack als zuverl\u00e4ssiger Anbieter von hochwertigem <a href=\"https:\/\/tilakpolypack.com\/de\/huftversiegelungsfolie\/\"><strong>H\u00fcftversiegelungsfolie <\/strong><\/a> etabliert.<\/p>\n<p>&nbsp;<\/p>\n<\/div>\n<h2>Eigenschaften der Easy Peel-Folie<\/h2>\n<ul>\n<li>Sanftes Peeling ohne Aufwand<\/li>\n<li>Nicht klebrig<\/li>\n<li>Hinterl\u00e4sst keine R\u00fcckst\u00e4nde<\/li>\n<li>Funktioniert gut bei allen Arten von Temperaturen, von hei\u00df bis kalt.<\/li>\n<li>Gute Dichtungsfestigkeit sowohl bei niedrigen als auch bei hohen Temperaturen.<\/li>\n<li>Easy Seal-Produkte k\u00f6nnen gem\u00e4\u00df den Anforderungen der Kunden hergestellt werden.<\/li>\n<\/ul>\n<h2>Wie w\u00e4hlt man Easy Peel-Folien aus?<\/h2>\n<p>Die Auswahl der gew\u00fcnschten Siegel- und Abzieheigenschaften f\u00fcr Ihre Verpackung ist eine wichtige Entscheidung, die sorgf\u00e4ltig abgewogen werden muss. Als erfahrener Hersteller von TPE-Materialien in medizinischer Qualit\u00e4t und Easy Peel-Folien bietet Everlon wertvolle Einblicke in die acht wichtigsten Faktoren, die es zu ber\u00fccksichtigen gilt.<\/p>\n<ol>\n<li><strong>Kompatibilit\u00e4t<\/strong>: F\u00fcr die Verpackung von Medizinprodukten werden \u00fcblicherweise Materialien wie medizinisches Papier (oder eine geeignete Alternative wie Tyvek), Aluminium oder verschiedene Arten von Kunststoffen wie LLDPE, PP, PET, HIPS und Vinyl verwendet. Stellen Sie sicher, dass die leicht abziehbare Folie mit dem von Ihnen vorgesehenen Verpackungsformat, z. B. Schalen oder Beh\u00e4ltern, kompatibel ist.<\/li>\n<li><strong>Abziehbarkeit<\/strong>: Achten Sie auf Folien, die speziell als \u201eleicht abziehbare\u201c oder \u201eabziehbare Deckelfolien\u201c entwickelt wurden, die eine geringe Abziehkraft aufweisen und ein m\u00fcheloses \u00d6ffnen erm\u00f6glichen.<\/li>\n<li><strong>Haftfestigkeit:<\/strong>\u00a0\u00dcberpr\u00fcfen Sie die Haftfestigkeit der Folie, um sicherzustellen, dass sie w\u00e4hrend der Lagerung und des Transports eine sichere Versiegelung bietet und sich dennoch leicht und r\u00fcckstandsfrei abl\u00f6sen l\u00e4sst.<\/li>\n<li><strong>Durchsto\u00dffestigkeit<\/strong>: Ber\u00fccksichtigen Sie die Durchsto\u00dffestigkeit der Folie, um den Inhalt vor versehentlichen Besch\u00e4digungen w\u00e4hrend der Handhabung und des Transports zu sch\u00fctzen.<\/li>\n<li><strong>Anwendung<\/strong>: Bestimmen Sie die spezifische Anwendung der leicht abziehbaren Folie, z. B. Lebensmittelverpackungen oder medizinische Produkte, und stellen Sie sicher, dass sie den erforderlichen gesetzlichen Anforderungen und Normen entspricht.<\/li>\n<li><strong>Transparenz<\/strong>: Bewerten Sie die Transparenz der Folie, wenn die Sichtbarkeit des verpackten Produkts f\u00fcr Marketing- oder Qualit\u00e4tskontrollzwecke wichtig ist.<\/li>\n<li><strong>Versiegelungskompatibilit\u00e4t<\/strong>: \u00dcberpr\u00fcfen Sie, ob die Folie mit der in Ihrem Verpackungsprozess verwendeten Versiegelungsmethode kompatibel ist, z. B. Hei\u00dfsiegelung oder druckempfindliche Versiegelung.<\/li>\n<li><strong>Best\u00e4ndigkeit gegen Sterilisation<\/strong>: Die am h\u00e4ufigsten verwendeten Sterilisationsmethoden f\u00fcr medizinische Ger\u00e4te sind Ethylenoxid (EO) und Gammastrahlung. Es ist wichtig, f\u00fcr Easy Peel Films einen Kunststoff zu w\u00e4hlen, der mit der gew\u00e4hlten Sterilisationsmethode kompatibel ist.<\/li>\n<\/ol>\n<p>[\/vc_column_text][\/vc_column][\/vc_row][vc_row ts_responsive_css=&#8221;25777273|colbreak_no|20|||||10||10|colbreak_no|||||||||colbreak_no||||||||||colbreak_no|||||||||&#8221; css=&#8221;.vc_custom_1696656087423{margin-top: 30px !important;padding-right: 10px !important;padding-left: 10px !important;}&#8221;][vc_column]<section class=\"ts-vc_cta3-container\"><div class=\"ts-vc_general ts-vc_cta3 ts-cta3-only ts-vc_cta3-style-classic ts-vc_cta3-shape-rounded ts-vc_cta3-align-left ts-vc_cta3-color-transparent ts-vc_cta3-icon-size-md ts-vc_cta3-actions-right ts-cta3-with-desc\"><div class=\"ts-vc_cta3_content-container\"><div class=\"ts-vc_cta3-content\"><div class=\"ts-vc_cta3-content-header ts-wrap\"><div class=\"ts-vc_cta3-headers ts-wrap-cell\"><\/div><\/div><div class=\"ts-cta3-content-wrapper\"><p>Bitte kontaktieren Sie uns unter <a href=\"tel:9227422544\">+91-9227422544<\/a> oder senden Sie uns eine E-Mail an <a href=\"mailto:info@tilakpolypack.com\">info@tilakpolypack.com<\/a>, um Angebote oder weitere Informationen zu erhalten.<\/p><\/div><\/div><div class=\"ts-vc_cta3-actions\">\r\n\t\t<div class=\"ts-vc_btn3-container  popmake-8197 ts-vc_btn3-inline\"><a class=\"ts-vc_general ts-vc_btn3 ts-vc_btn3-size-md ts-vc_btn3-shape-rounded ts-vc_btn3-style-flat ts-vc_btn3-weight-yes ts-vc_btn3-color-skincolor\" href=\"\" title=\"\">Anfrage senden<\/a><\/div><\/div><\/div><\/div><\/section>[\/vc_column][\/vc_row]<\/p>\n<\/section>","protected":false},"excerpt":{"rendered":"<p>[vc_row][vc_column][vc_column_text] Easy Peel Film \u2013 Eine wirtschaftliche Option Easy Peel-Folien sind im Vergleich zu herk\u00f6mmlichen starren Kunststoffdeckeln eine sehr wirtschaftliche Option. Diese Folien ben\u00f6tigen beim Transport weniger Platz und sind daher im Vergleich zu herk\u00f6mmlichen Kunststoffdeckeln oder -abdeckungen eine sehr kosteng\u00fcnstige Option. Versiegelungsf\u00e4higkeit der leicht abziehbaren Folie Aufgrund der Versiegelungsf\u00e4higkeit der Deckelfolien f\u00fcr Lebensmittelverpackungen ist &hellip; <a href=\"https:\/\/tilakpolypack.com\/de\/leicht-abziehbare-folie\/\" class=\"more-link\">Continue reading <span class=\"screen-reader-text\">Leicht abziehbare Folie<\/span><\/a><\/p>\n","protected":false},"author":1,"featured_media":8074,"parent":0,"menu_order":0,"comment_status":"closed","ping_status":"closed","template":"","meta":{"_acf_changed":false,"om_disable_all_campaigns":false,"_monsterinsights_skip_tracking":false,"_monsterinsights_sitenote_active":false,"_monsterinsights_sitenote_note":"","_monsterinsights_sitenote_category":0,"_uf_show_specific_survey":0,"_uf_disable_surveys":false,"footnotes":""},"class_list":["post-7403","page","type-page","status-publish","has-post-thumbnail","hentry"],"acf":[],"yoast_head":"<!-- This site is optimized with the Yoast SEO plugin v22.3 - https:\/\/yoast.com\/wordpress\/plugins\/seo\/ -->\n<title>Easy Peel Film | Lieferant von abziehbaren Deckelfolien<\/title>\n<meta name=\"description\" content=\"Abziehbare Deckelfolien f\u00fcr m\u00fcheloses \u00d6ffnen ohne Werkzeug. H\u00e4lt Lebensmittel frisch, ist praktisch zum Verpacken und perfekt f\u00fcr den Einzelhandel und den Heimgebrauch.\" \/>\n<meta name=\"robots\" content=\"index, follow, max-snippet:-1, max-image-preview:large, max-video-preview:-1\" \/>\n<link rel=\"canonical\" href=\"https:\/\/tilakpolypack.com\/de\/leicht-abziehbare-folie\/\" \/>\n<meta property=\"og:locale\" content=\"en_US\" \/>\n<meta property=\"og:type\" content=\"article\" \/>\n<meta property=\"og:title\" content=\"Easy Peel Film | Lieferant von abziehbaren Deckelfolien\" \/>\n<meta property=\"og:description\" content=\"Abziehbare Deckelfolien f\u00fcr m\u00fcheloses \u00d6ffnen ohne Werkzeug. H\u00e4lt Lebensmittel frisch, ist praktisch zum Verpacken und perfekt f\u00fcr den Einzelhandel und den Heimgebrauch.\" \/>\n<meta property=\"og:url\" content=\"https:\/\/tilakpolypack.com\/de\/leicht-abziehbare-folie\/\" \/>\n<meta property=\"og:site_name\" content=\"Tilak Polypack\" \/>\n<meta property=\"article:modified_time\" content=\"2025-09-19T11:17:49+00:00\" \/>\n<meta property=\"og:image\" content=\"https:\/\/tilakpolypack.com\/de\/wp-content\/uploads\/2023\/10\/Hips-Sealing-Film.jpg\" \/>\n\t<meta property=\"og:image:width\" content=\"760\" \/>\n\t<meta property=\"og:image:height\" content=\"510\" \/>\n\t<meta property=\"og:image:type\" content=\"image\/jpeg\" \/>\n<meta name=\"twitter:card\" content=\"summary_large_image\" \/>\n<meta name=\"twitter:label1\" content=\"Est. reading time\" \/>\n\t<meta name=\"twitter:data1\" content=\"3 minutes\" \/>\n<script type=\"application\/ld+json\" class=\"yoast-schema-graph\">{\"@context\":\"https:\/\/schema.org\",\"@graph\":[{\"@type\":\"WebPage\",\"@id\":\"https:\/\/tilakpolypack.com\/de\/leicht-abziehbare-folie\/\",\"url\":\"https:\/\/tilakpolypack.com\/de\/leicht-abziehbare-folie\/\",\"name\":\"Easy Peel Film | Lieferant von abziehbaren Deckelfolien\",\"isPartOf\":{\"@id\":\"https:\/\/tilakpolypack.com\/de\/#website\"},\"primaryImageOfPage\":{\"@id\":\"https:\/\/tilakpolypack.com\/de\/leicht-abziehbare-folie\/#primaryimage\"},\"image\":{\"@id\":\"https:\/\/tilakpolypack.com\/de\/leicht-abziehbare-folie\/#primaryimage\"},\"thumbnailUrl\":\"https:\/\/tilakpolypack.com\/de\/wp-content\/uploads\/2023\/10\/Hips-Sealing-Film.jpg\",\"datePublished\":\"2023-10-06T10:21:45+00:00\",\"dateModified\":\"2025-09-19T11:17:49+00:00\",\"description\":\"Abziehbare Deckelfolien f\u00fcr m\u00fcheloses \u00d6ffnen ohne Werkzeug. H\u00e4lt Lebensmittel frisch, ist praktisch zum Verpacken und perfekt f\u00fcr den Einzelhandel und den Heimgebrauch.\",\"inLanguage\":\"en-US\",\"potentialAction\":[{\"@type\":\"ReadAction\",\"target\":[\"https:\/\/tilakpolypack.com\/de\/leicht-abziehbare-folie\/\"]}]},{\"@type\":\"ImageObject\",\"inLanguage\":\"en-US\",\"@id\":\"https:\/\/tilakpolypack.com\/de\/leicht-abziehbare-folie\/#primaryimage\",\"url\":\"https:\/\/tilakpolypack.com\/de\/wp-content\/uploads\/2023\/10\/Hips-Sealing-Film.jpg\",\"contentUrl\":\"https:\/\/tilakpolypack.com\/de\/wp-content\/uploads\/2023\/10\/Hips-Sealing-Film.jpg\",\"width\":760,\"height\":510},{\"@type\":\"WebSite\",\"@id\":\"https:\/\/tilakpolypack.com\/de\/#website\",\"url\":\"https:\/\/tilakpolypack.com\/de\/\",\"name\":\"Tilak Polypack\",\"description\":\"\",\"potentialAction\":[{\"@type\":\"SearchAction\",\"target\":{\"@type\":\"EntryPoint\",\"urlTemplate\":\"https:\/\/tilakpolypack.com\/de\/?s={search_term_string}\"},\"query-input\":\"required name=search_term_string\"}],\"inLanguage\":\"en-US\"}]}<\/script>\n<!-- \/ Yoast SEO plugin. -->","yoast_head_json":{"title":"Easy Peel Film | Lieferant von abziehbaren Deckelfolien","description":"Abziehbare Deckelfolien f\u00fcr m\u00fcheloses \u00d6ffnen ohne Werkzeug. H\u00e4lt Lebensmittel frisch, ist praktisch zum Verpacken und perfekt f\u00fcr den Einzelhandel und den Heimgebrauch.","robots":{"index":"index","follow":"follow","max-snippet":"max-snippet:-1","max-image-preview":"max-image-preview:large","max-video-preview":"max-video-preview:-1"},"canonical":"https:\/\/tilakpolypack.com\/de\/leicht-abziehbare-folie\/","og_locale":"en_US","og_type":"article","og_title":"Easy Peel Film | Lieferant von abziehbaren Deckelfolien","og_description":"Abziehbare Deckelfolien f\u00fcr m\u00fcheloses \u00d6ffnen ohne Werkzeug. H\u00e4lt Lebensmittel frisch, ist praktisch zum Verpacken und perfekt f\u00fcr den Einzelhandel und den Heimgebrauch.","og_url":"https:\/\/tilakpolypack.com\/de\/leicht-abziehbare-folie\/","og_site_name":"Tilak Polypack","article_modified_time":"2025-09-19T11:17:49+00:00","og_image":[{"width":760,"height":510,"url":"https:\/\/tilakpolypack.com\/de\/wp-content\/uploads\/2023\/10\/Hips-Sealing-Film.jpg","type":"image\/jpeg"}],"twitter_card":"summary_large_image","twitter_misc":{"Est. reading time":"3 minutes"},"schema":{"@context":"https:\/\/schema.org","@graph":[{"@type":"WebPage","@id":"https:\/\/tilakpolypack.com\/de\/leicht-abziehbare-folie\/","url":"https:\/\/tilakpolypack.com\/de\/leicht-abziehbare-folie\/","name":"Easy Peel Film | Lieferant von abziehbaren Deckelfolien","isPartOf":{"@id":"https:\/\/tilakpolypack.com\/de\/#website"},"primaryImageOfPage":{"@id":"https:\/\/tilakpolypack.com\/de\/leicht-abziehbare-folie\/#primaryimage"},"image":{"@id":"https:\/\/tilakpolypack.com\/de\/leicht-abziehbare-folie\/#primaryimage"},"thumbnailUrl":"https:\/\/tilakpolypack.com\/de\/wp-content\/uploads\/2023\/10\/Hips-Sealing-Film.jpg","datePublished":"2023-10-06T10:21:45+00:00","dateModified":"2025-09-19T11:17:49+00:00","description":"Abziehbare Deckelfolien f\u00fcr m\u00fcheloses \u00d6ffnen ohne Werkzeug. H\u00e4lt Lebensmittel frisch, ist praktisch zum Verpacken und perfekt f\u00fcr den Einzelhandel und den Heimgebrauch.","inLanguage":"en-US","potentialAction":[{"@type":"ReadAction","target":["https:\/\/tilakpolypack.com\/de\/leicht-abziehbare-folie\/"]}]},{"@type":"ImageObject","inLanguage":"en-US","@id":"https:\/\/tilakpolypack.com\/de\/leicht-abziehbare-folie\/#primaryimage","url":"https:\/\/tilakpolypack.com\/de\/wp-content\/uploads\/2023\/10\/Hips-Sealing-Film.jpg","contentUrl":"https:\/\/tilakpolypack.com\/de\/wp-content\/uploads\/2023\/10\/Hips-Sealing-Film.jpg","width":760,"height":510},{"@type":"WebSite","@id":"https:\/\/tilakpolypack.com\/de\/#website","url":"https:\/\/tilakpolypack.com\/de\/","name":"Tilak Polypack","description":"","potentialAction":[{"@type":"SearchAction","target":{"@type":"EntryPoint","urlTemplate":"https:\/\/tilakpolypack.com\/de\/?s={search_term_string}"},"query-input":"required name=search_term_string"}],"inLanguage":"en-US"}]}},"_links":{"self":[{"href":"https:\/\/tilakpolypack.com\/de\/wp-json\/wp\/v2\/pages\/7403","targetHints":{"allow":["GET"]}}],"collection":[{"href":"https:\/\/tilakpolypack.com\/de\/wp-json\/wp\/v2\/pages"}],"about":[{"href":"https:\/\/tilakpolypack.com\/de\/wp-json\/wp\/v2\/types\/page"}],"author":[{"embeddable":true,"href":"https:\/\/tilakpolypack.com\/de\/wp-json\/wp\/v2\/users\/1"}],"replies":[{"embeddable":true,"href":"https:\/\/tilakpolypack.com\/de\/wp-json\/wp\/v2\/comments?post=7403"}],"version-history":[{"count":5,"href":"https:\/\/tilakpolypack.com\/de\/wp-json\/wp\/v2\/pages\/7403\/revisions"}],"predecessor-version":[{"id":10240,"href":"https:\/\/tilakpolypack.com\/de\/wp-json\/wp\/v2\/pages\/7403\/revisions\/10240"}],"wp:featuredmedia":[{"embeddable":true,"href":"https:\/\/tilakpolypack.com\/de\/wp-json\/wp\/v2\/media\/8074"}],"wp:attachment":[{"href":"https:\/\/tilakpolypack.com\/de\/wp-json\/wp\/v2\/media?parent=7403"}],"curies":[{"name":"wp","href":"https:\/\/api.w.org\/{rel}","templated":true}]}}