{"id":7402,"date":"2023-10-06T10:21:32","date_gmt":"2023-10-06T10:21:32","guid":{"rendered":"https:\/\/archiveyourwords.com\/tilak\/?page_id=7402"},"modified":"2025-08-25T11:41:36","modified_gmt":"2025-08-25T11:41:36","slug":"deckel-folie","status":"publish","type":"page","link":"https:\/\/tilakpolypack.com\/de\/deckel-folie\/","title":{"rendered":"Deckel-Folie"},"content":{"rendered":"<section class=\"wpb-content-wrapper\"><p>[vc_row][vc_column][vc_column_text]<\/p>\n<div class=\"col-md-12\">\n<div class=\"prod-category-img\"><\/div>\n<\/div>\n<div class=\"col-md-12\">\n<h2>Deckel-Folie<\/h2>\n<p>Wir bei Tilak Polypack haben eine breite Palette an Deckelfolien entwickelt, die sich zum Versiegeln fast aller Arten von Substraten wie PP, HIPS, A-PET, C-PET, PVC, PE usw. eignen.<\/p>\n<p>Diese Deckelfolien sind in verschiedenen Ausf\u00fchrungen erh\u00e4ltlich und k\u00f6nnen auch nach Ihren Anforderungen angepasst werden.<\/p>\n<h2>Zu den Eigenschaften von Deckelfolien geh\u00f6ren:<\/h2>\n<ul>\n<li>ETO-Sterilisation m\u00f6glich<\/li>\n<li>Geeignet f\u00fcr Backofen und Mikrowelle<\/li>\n<li>Sehr hohe Festigkeit \/ Schlagz\u00e4higkeit<\/li>\n<li>G\u00fcnstigere Alternative im Vergleich zur Verwendung von starren Deckeln<\/li>\n<li>Peel Seal oder Weld Seal<\/li>\n<\/ul>\n<p>Bei der Herstellung Ihrer Deckelfolie achten wir darauf, dass sie kosteng\u00fcnstig ist, Ihren Anforderungen entspricht und auf Wunsch mit Ihrem Logo versehen wird. Der Aufdruck kann nach Ihren W\u00fcnschen angepasst werden.<\/p>\n<p>Die von uns angebotenen Deckelfolien haben unterschiedliche Anwendungsbereiche, darunter verschiedene Beschichtungsgrade, Thermoformen, Pasteurisieren, Laminate f\u00fcr Saucen und Marmeladen sowie kochfeste Folien.<\/p>\n<p>Tilak Polypack ist einer der weltweit f\u00fchrenden Hersteller und Lieferanten von Deckelfolien. Mit Niederlassungen in L\u00e4ndern wie den USA, Singapur, Australien, Deutschland, Kanada, Neuseeland, Gro\u00dfbritannien, Irland, Schottland und Norwegen hat sich Tilak Polypack als zuverl\u00e4ssiger Anbieter hochwertiger Deckelfolien etabliert.<\/p>\n<\/div>\n<p>[\/vc_column_text][\/vc_column][\/vc_row][vc_row ts_responsive_css=&#8221;25777273|colbreak_no|20|||||10||10|colbreak_no|||||||||colbreak_no||||||||||colbreak_no|||||||||&#8221; css=&#8221;.vc_custom_1696656087423{margin-top: 30px !important;padding-right: 10px !important;padding-left: 10px !important;}&#8221;][vc_column]<section class=\"ts-vc_cta3-container\"><div class=\"ts-vc_general ts-vc_cta3 ts-cta3-only ts-vc_cta3-style-classic ts-vc_cta3-shape-rounded ts-vc_cta3-align-left ts-vc_cta3-color-transparent ts-vc_cta3-icon-size-md ts-vc_cta3-actions-right ts-cta3-with-desc\"><div class=\"ts-vc_cta3_content-container\"><div class=\"ts-vc_cta3-content\"><div class=\"ts-vc_cta3-content-header ts-wrap\"><div class=\"ts-vc_cta3-headers ts-wrap-cell\"><\/div><\/div><div class=\"ts-cta3-content-wrapper\"><p>Bitte kontaktieren Sie uns unter <a href=\"tel:9227422544\">+91-9227422544<\/a> oder senden Sie uns eine E-Mail an <a href=\"mailto:info@tilakpolypack.com\">info@tilakpolypack.com<\/a>, um Angebote oder weitere Informationen zu erhalten.<\/p><\/div><\/div><div class=\"ts-vc_cta3-actions\">\r\n\t\t<div class=\"ts-vc_btn3-container  popmake-8197 ts-vc_btn3-inline\"><a class=\"ts-vc_general ts-vc_btn3 ts-vc_btn3-size-md ts-vc_btn3-shape-rounded ts-vc_btn3-style-flat ts-vc_btn3-weight-yes ts-vc_btn3-color-skincolor\" href=\"\" title=\"\">Anfrage senden<\/a><\/div><\/div><\/div><\/div><\/section>[\/vc_column][\/vc_row]<\/p>\n<\/section>","protected":false},"excerpt":{"rendered":"<p>[vc_row][vc_column][vc_column_text] Deckel-Folie Wir bei Tilak Polypack haben eine breite Palette an Deckelfolien entwickelt, die sich zum Versiegeln fast aller Arten von Substraten wie PP, HIPS, A-PET, C-PET, PVC, PE usw. eignen. Diese Deckelfolien sind in verschiedenen Ausf\u00fchrungen erh\u00e4ltlich und k\u00f6nnen auch nach Ihren Anforderungen angepasst werden. Zu den Eigenschaften von Deckelfolien geh\u00f6ren: ETO-Sterilisation m\u00f6glich Geeignet &hellip; <a href=\"https:\/\/tilakpolypack.com\/de\/deckel-folie\/\" class=\"more-link\">Continue reading <span class=\"screen-reader-text\">Deckel-Folie<\/span><\/a><\/p>\n","protected":false},"author":1,"featured_media":8075,"parent":0,"menu_order":0,"comment_status":"closed","ping_status":"closed","template":"","meta":{"_acf_changed":false,"om_disable_all_campaigns":false,"_monsterinsights_skip_tracking":false,"_monsterinsights_sitenote_active":false,"_monsterinsights_sitenote_note":"","_monsterinsights_sitenote_category":0,"_uf_show_specific_survey":0,"_uf_disable_surveys":false,"footnotes":""},"class_list":["post-7402","page","type-page","status-publish","has-post-thumbnail","hentry"],"acf":[],"yoast_head":"<!-- This site is optimized with the Yoast SEO plugin v22.3 - https:\/\/yoast.com\/wordpress\/plugins\/seo\/ -->\n<title>Deckelfolie f\u00fcr Lebensmittelverpackungen | Hersteller von Deckelfolien<\/title>\n<meta name=\"description\" content=\"Tilak Polypack bietet hochwertige Deckelfolien f\u00fcr Lebensmittelverpackungen, die aus erstklassigen Materialien hergestellt werden und sich durch hervorragende Siegelbarkeit und Barriereeigenschaften auszeichnen. Wir bieten eine gro\u00dfe Auswahl an Optionen f\u00fcr unterschiedliche Verpackungsanforderungen. Kontaktieren Sie uns noch heute, um mehr \u00fcber unsere Deckelfolien-Verpackungsl\u00f6sungen zu erfahren.\" \/>\n<meta name=\"robots\" content=\"index, follow, max-snippet:-1, max-image-preview:large, max-video-preview:-1\" \/>\n<link rel=\"canonical\" href=\"https:\/\/tilakpolypack.com\/de\/deckel-folie\/\" \/>\n<meta property=\"og:locale\" content=\"en_US\" \/>\n<meta property=\"og:type\" content=\"article\" \/>\n<meta property=\"og:title\" content=\"Deckelfolie f\u00fcr Lebensmittelverpackungen | Hersteller von Deckelfolien\" \/>\n<meta property=\"og:description\" content=\"Tilak Polypack bietet hochwertige Deckelfolien f\u00fcr Lebensmittelverpackungen, die aus erstklassigen Materialien hergestellt werden und sich durch hervorragende Siegelbarkeit und Barriereeigenschaften auszeichnen. Wir bieten eine gro\u00dfe Auswahl an Optionen f\u00fcr unterschiedliche Verpackungsanforderungen. Kontaktieren Sie uns noch heute, um mehr \u00fcber unsere Deckelfolien-Verpackungsl\u00f6sungen zu erfahren.\" \/>\n<meta property=\"og:url\" content=\"https:\/\/tilakpolypack.com\/de\/deckel-folie\/\" \/>\n<meta property=\"og:site_name\" content=\"Tilak Polypack\" \/>\n<meta property=\"article:modified_time\" content=\"2025-08-25T11:41:36+00:00\" \/>\n<meta property=\"og:image\" content=\"https:\/\/tilakpolypack.com\/de\/wp-content\/uploads\/2023\/10\/Tub_of_cottage_cheese-768x512-1.jpg\" \/>\n\t<meta property=\"og:image:width\" content=\"768\" \/>\n\t<meta property=\"og:image:height\" content=\"512\" \/>\n\t<meta property=\"og:image:type\" content=\"image\/jpeg\" \/>\n<meta name=\"twitter:card\" content=\"summary_large_image\" \/>\n<meta name=\"twitter:label1\" content=\"Est. reading time\" \/>\n\t<meta name=\"twitter:data1\" content=\"2 minutes\" \/>\n<script type=\"application\/ld+json\" class=\"yoast-schema-graph\">{\"@context\":\"https:\/\/schema.org\",\"@graph\":[{\"@type\":\"WebPage\",\"@id\":\"https:\/\/tilakpolypack.com\/de\/deckel-folie\/\",\"url\":\"https:\/\/tilakpolypack.com\/de\/deckel-folie\/\",\"name\":\"Deckelfolie f\u00fcr Lebensmittelverpackungen | Hersteller von Deckelfolien\",\"isPartOf\":{\"@id\":\"https:\/\/tilakpolypack.com\/de\/#website\"},\"primaryImageOfPage\":{\"@id\":\"https:\/\/tilakpolypack.com\/de\/deckel-folie\/#primaryimage\"},\"image\":{\"@id\":\"https:\/\/tilakpolypack.com\/de\/deckel-folie\/#primaryimage\"},\"thumbnailUrl\":\"https:\/\/tilakpolypack.com\/de\/wp-content\/uploads\/2023\/10\/Tub_of_cottage_cheese-768x512-1.jpg\",\"datePublished\":\"2023-10-06T10:21:32+00:00\",\"dateModified\":\"2025-08-25T11:41:36+00:00\",\"description\":\"Tilak Polypack bietet hochwertige Deckelfolien f\u00fcr Lebensmittelverpackungen, die aus erstklassigen Materialien hergestellt werden und sich durch hervorragende Siegelbarkeit und Barriereeigenschaften auszeichnen. Wir bieten eine gro\u00dfe Auswahl an Optionen f\u00fcr unterschiedliche Verpackungsanforderungen. Kontaktieren Sie uns noch heute, um mehr \u00fcber unsere Deckelfolien-Verpackungsl\u00f6sungen zu erfahren.\",\"inLanguage\":\"en-US\",\"potentialAction\":[{\"@type\":\"ReadAction\",\"target\":[\"https:\/\/tilakpolypack.com\/de\/deckel-folie\/\"]}]},{\"@type\":\"ImageObject\",\"inLanguage\":\"en-US\",\"@id\":\"https:\/\/tilakpolypack.com\/de\/deckel-folie\/#primaryimage\",\"url\":\"https:\/\/tilakpolypack.com\/de\/wp-content\/uploads\/2023\/10\/Tub_of_cottage_cheese-768x512-1.jpg\",\"contentUrl\":\"https:\/\/tilakpolypack.com\/de\/wp-content\/uploads\/2023\/10\/Tub_of_cottage_cheese-768x512-1.jpg\",\"width\":768,\"height\":512},{\"@type\":\"WebSite\",\"@id\":\"https:\/\/tilakpolypack.com\/de\/#website\",\"url\":\"https:\/\/tilakpolypack.com\/de\/\",\"name\":\"Tilak Polypack\",\"description\":\"\",\"potentialAction\":[{\"@type\":\"SearchAction\",\"target\":{\"@type\":\"EntryPoint\",\"urlTemplate\":\"https:\/\/tilakpolypack.com\/de\/?s={search_term_string}\"},\"query-input\":\"required name=search_term_string\"}],\"inLanguage\":\"en-US\"}]}<\/script>\n<!-- \/ Yoast SEO plugin. -->","yoast_head_json":{"title":"Deckelfolie f\u00fcr Lebensmittelverpackungen | Hersteller von Deckelfolien","description":"Tilak Polypack bietet hochwertige Deckelfolien f\u00fcr Lebensmittelverpackungen, die aus erstklassigen Materialien hergestellt werden und sich durch hervorragende Siegelbarkeit und Barriereeigenschaften auszeichnen. Wir bieten eine gro\u00dfe Auswahl an Optionen f\u00fcr unterschiedliche Verpackungsanforderungen. Kontaktieren Sie uns noch heute, um mehr \u00fcber unsere Deckelfolien-Verpackungsl\u00f6sungen zu erfahren.","robots":{"index":"index","follow":"follow","max-snippet":"max-snippet:-1","max-image-preview":"max-image-preview:large","max-video-preview":"max-video-preview:-1"},"canonical":"https:\/\/tilakpolypack.com\/de\/deckel-folie\/","og_locale":"en_US","og_type":"article","og_title":"Deckelfolie f\u00fcr Lebensmittelverpackungen | Hersteller von Deckelfolien","og_description":"Tilak Polypack bietet hochwertige Deckelfolien f\u00fcr Lebensmittelverpackungen, die aus erstklassigen Materialien hergestellt werden und sich durch hervorragende Siegelbarkeit und Barriereeigenschaften auszeichnen. Wir bieten eine gro\u00dfe Auswahl an Optionen f\u00fcr unterschiedliche Verpackungsanforderungen. Kontaktieren Sie uns noch heute, um mehr \u00fcber unsere Deckelfolien-Verpackungsl\u00f6sungen zu erfahren.","og_url":"https:\/\/tilakpolypack.com\/de\/deckel-folie\/","og_site_name":"Tilak Polypack","article_modified_time":"2025-08-25T11:41:36+00:00","og_image":[{"width":768,"height":512,"url":"https:\/\/tilakpolypack.com\/de\/wp-content\/uploads\/2023\/10\/Tub_of_cottage_cheese-768x512-1.jpg","type":"image\/jpeg"}],"twitter_card":"summary_large_image","twitter_misc":{"Est. reading time":"2 minutes"},"schema":{"@context":"https:\/\/schema.org","@graph":[{"@type":"WebPage","@id":"https:\/\/tilakpolypack.com\/de\/deckel-folie\/","url":"https:\/\/tilakpolypack.com\/de\/deckel-folie\/","name":"Deckelfolie f\u00fcr Lebensmittelverpackungen | Hersteller von Deckelfolien","isPartOf":{"@id":"https:\/\/tilakpolypack.com\/de\/#website"},"primaryImageOfPage":{"@id":"https:\/\/tilakpolypack.com\/de\/deckel-folie\/#primaryimage"},"image":{"@id":"https:\/\/tilakpolypack.com\/de\/deckel-folie\/#primaryimage"},"thumbnailUrl":"https:\/\/tilakpolypack.com\/de\/wp-content\/uploads\/2023\/10\/Tub_of_cottage_cheese-768x512-1.jpg","datePublished":"2023-10-06T10:21:32+00:00","dateModified":"2025-08-25T11:41:36+00:00","description":"Tilak Polypack bietet hochwertige Deckelfolien f\u00fcr Lebensmittelverpackungen, die aus erstklassigen Materialien hergestellt werden und sich durch hervorragende Siegelbarkeit und Barriereeigenschaften auszeichnen. Wir bieten eine gro\u00dfe Auswahl an Optionen f\u00fcr unterschiedliche Verpackungsanforderungen. Kontaktieren Sie uns noch heute, um mehr \u00fcber unsere Deckelfolien-Verpackungsl\u00f6sungen zu erfahren.","inLanguage":"en-US","potentialAction":[{"@type":"ReadAction","target":["https:\/\/tilakpolypack.com\/de\/deckel-folie\/"]}]},{"@type":"ImageObject","inLanguage":"en-US","@id":"https:\/\/tilakpolypack.com\/de\/deckel-folie\/#primaryimage","url":"https:\/\/tilakpolypack.com\/de\/wp-content\/uploads\/2023\/10\/Tub_of_cottage_cheese-768x512-1.jpg","contentUrl":"https:\/\/tilakpolypack.com\/de\/wp-content\/uploads\/2023\/10\/Tub_of_cottage_cheese-768x512-1.jpg","width":768,"height":512},{"@type":"WebSite","@id":"https:\/\/tilakpolypack.com\/de\/#website","url":"https:\/\/tilakpolypack.com\/de\/","name":"Tilak Polypack","description":"","potentialAction":[{"@type":"SearchAction","target":{"@type":"EntryPoint","urlTemplate":"https:\/\/tilakpolypack.com\/de\/?s={search_term_string}"},"query-input":"required name=search_term_string"}],"inLanguage":"en-US"}]}},"_links":{"self":[{"href":"https:\/\/tilakpolypack.com\/de\/wp-json\/wp\/v2\/pages\/7402","targetHints":{"allow":["GET"]}}],"collection":[{"href":"https:\/\/tilakpolypack.com\/de\/wp-json\/wp\/v2\/pages"}],"about":[{"href":"https:\/\/tilakpolypack.com\/de\/wp-json\/wp\/v2\/types\/page"}],"author":[{"embeddable":true,"href":"https:\/\/tilakpolypack.com\/de\/wp-json\/wp\/v2\/users\/1"}],"replies":[{"embeddable":true,"href":"https:\/\/tilakpolypack.com\/de\/wp-json\/wp\/v2\/comments?post=7402"}],"version-history":[{"count":2,"href":"https:\/\/tilakpolypack.com\/de\/wp-json\/wp\/v2\/pages\/7402\/revisions"}],"predecessor-version":[{"id":10096,"href":"https:\/\/tilakpolypack.com\/de\/wp-json\/wp\/v2\/pages\/7402\/revisions\/10096"}],"wp:featuredmedia":[{"embeddable":true,"href":"https:\/\/tilakpolypack.com\/de\/wp-json\/wp\/v2\/media\/8075"}],"wp:attachment":[{"href":"https:\/\/tilakpolypack.com\/de\/wp-json\/wp\/v2\/media?parent=7402"}],"curies":[{"name":"wp","href":"https:\/\/api.w.org\/{rel}","templated":true}]}}