{"id":7399,"date":"2023-10-06T10:21:07","date_gmt":"2023-10-06T10:21:07","guid":{"rendered":"https:\/\/archiveyourwords.com\/tilak\/?page_id=7399"},"modified":"2025-09-19T07:27:22","modified_gmt":"2025-09-19T07:27:22","slug":"vci-stretchfolie","status":"publish","type":"page","link":"https:\/\/tilakpolypack.com\/de\/vci-stretchfolie\/","title":{"rendered":"VCI-Stretchfolie"},"content":{"rendered":"<section class=\"wpb-content-wrapper\"><p>[vc_row][vc_column][vc_column_text]<\/p>\n<div class=\"col-md-12\">\n<div class=\"prod-category-img\"><\/div>\n<\/div>\n<div><\/div>\n<div>\n<p>VCI-Stretchfolien sind spezielle <a href=\"https:\/\/tilakpolypack.com\/de\/verpackungsfolien\/\"><strong>Verpackungsfolien<\/strong><\/a>, die die Vorteile von Stretchfolie mit der VCI-Technologie (Volatile Corrosion Inhibitor) kombinieren. Sie bieten Schutz vor Korrosion und Feuchtigkeit f\u00fcr Metallprodukte w\u00e4hrend der Lagerung und des Transports.<\/p>\n<p>Die VCI-Technologie setzt einen korrosionshemmenden Dampf frei, der eine Schutzschicht auf der Metalloberfl\u00e4che bildet und so Rost und Korrosion verhindert. Bei diesem Verfahren wird das Metallprodukt mit der VCI-Stretchfolie umwickelt, die den Artikel sicher h\u00e4lt und sch\u00fctzt und gleichzeitig den zus\u00e4tzlichen Vorteil des Korrosionsschutzes bietet.<\/p>\n<\/div>\n<div class=\"col-md-12\">\n<h2>Hersteller von VCI-Stretchfolie<\/h2>\n<p>Tilak Polypack ist auf die Herstellung von VCI-Stretchfolien (Vapor Corrosion Inhibitor) spezialisiert, die einen fortschrittlichen Korrosionsschutz f\u00fcr Metallprodukte bieten. Unsere VCI-Stretchfolien sind auf au\u00dfergew\u00f6hnliche Qualit\u00e4t und Leistung ausgelegt. Hier finden Sie einen \u00dcberblick \u00fcber den Herstellungsprozess und die Eigenschaften unserer VCI-Stretchfolien:<\/p>\n<h3>Fertigungsprozess:<\/h3>\n<ol>\n<li><strong>Harzmischung<\/strong>: Hochwertige Harze und Additive werden sorgf\u00e4ltig ausgew\u00e4hlt und gemischt, um eine spezielle VCI-Formulierung herzustellen.<\/li>\n<li><strong>Folienextrusion<\/strong>: Die VCI-Harzmischung wird durch eine D\u00fcse extrudiert und bildet eine durchgehende Kunststofffolie.<\/li>\n<li><strong>VCI-Beschichtung<\/strong>: Die VCI-Formulierung wird mithilfe fortschrittlicher Beschichtungstechniken gleichm\u00e4\u00dfig auf die Folienoberfl\u00e4che aufgetragen, wodurch eine gleichm\u00e4\u00dfige Verteilung der Korrosionsschutzmittel gew\u00e4hrleistet wird.<\/li>\n<li><strong>Stretchfolienherstellung<\/strong>: Die beschichtete Folie wird anschlie\u00dfend gedehnt und gek\u00fchlt, wodurch eine starke, flexible und korrosionsbest\u00e4ndige VCI-Stretchfolie entsteht.<\/li>\n<li><strong>Schneiden und Verpacken<\/strong>: Die VCI-Stretchfolie wird in die gew\u00fcnschten Breiten und L\u00e4ngen geschnitten und anschlie\u00dfend f\u00fcr den Versand an die Kunden verpackt.<\/li>\n<\/ol>\n<p>Tilak Polypack ist einer der weltweit f\u00fchrenden <a href=\"https:\/\/tilakpolypack.com\/de\/stretchfolie\/\"><strong>Hersteller und Lieferanten von VCI-Stretchfolie<\/strong><\/a>. Mit Niederlassungen in L\u00e4ndern wie den USA, Singapur, Australien, Deutschland, Kanada, Neuseeland, Gro\u00dfbritannien, Irland, Schottland und Norwegen hat sich Tilak Polypack als zuverl\u00e4ssiger Anbieter von hochwertiger VCI-Stretchfolie etabliert.<\/p>\n<h3>Eigenschaften von VCI-Stretchfolien:<\/h3>\n<ul>\n<li><strong>Korrosionsschutz<\/strong>: Unsere VCI-Stretchfolien setzen Korrosionsschutzmittel frei, die eine Schutzbarriere auf Metalloberfl\u00e4chen bilden und so die Bildung von Rost und Korrosion verhindern.<\/li>\n<li><strong>Vielseitige Anwendung<\/strong>: VCI-Stretchfolien k\u00f6nnen f\u00fcr eine Vielzahl von Metallprodukten verwendet werden, darunter Coils, Bleche, Maschinen und Anlagen.<\/li>\n<li><strong>Hervorragende Dehnbarkeit<\/strong>: Die Stretchfolien bieten eine hervorragende Dehnbarkeit und R\u00fcckstellkraft und gew\u00e4hrleisten eine sichere und feste Umh\u00fcllung von Metallgegenst\u00e4nden.<\/li>\n<li><strong>Einfache Anwendung<\/strong>: Unsere VCI-Stretchfolien sind f\u00fcr die einfache Anwendung mit handels\u00fcblichen Stretchwickelger\u00e4ten konzipiert und bieten effiziente und zeitsparende Verpackungsl\u00f6sungen.<\/li>\n<li><strong>Lang anhaltender Schutz<\/strong>: Die korrosionshemmenden Eigenschaften unserer VCI-Stretchfolien bleiben \u00fcber einen l\u00e4ngeren Zeitraum wirksam und bieten zuverl\u00e4ssigen Schutz w\u00e4hrend der Lagerung und des Transports.<\/li>\n<li><strong>Transparent und klar<\/strong>: Die Folien sind transparent und klar, sodass die verpackten Metallprodukte gut sichtbar und leicht zu identifizieren sind.<\/li>\n<\/ul>\n<p>Bei <a href=\"https:\/\/tilakpolypack.com\/de\/\"><strong>Tilak Polypack<\/strong><\/a> haben wir uns dazu verpflichtet, hochwertige VCI-Stretchfolien zu liefern, die den h\u00f6chsten Industriestandards entsprechen.<\/p>\n<p>Unsere Folien werden umfassend auf ihre Leistungsf\u00e4higkeit und Haltbarkeit getestet, um einen zuverl\u00e4ssigen Korrosionsschutz f\u00fcr Ihre wertvollen Metallprodukte zu gew\u00e4hrleisten. Mit unserem Fachwissen, fortschrittlichen Herstellungsverfahren und unserem Engagement f\u00fcr Kundenzufriedenheit streben wir danach, der beste Anbieter von VCI-Stretchfolien auf dem Markt zu sein.<\/p>\n<p>Wir bieten auch VCI-Stretchfolien f\u00fcr spezielle Verpackungsanforderungen an und stellen unseren Kunden damit ein umfassendes Sortiment an Korrosionsschutzl\u00f6sungen zur Verf\u00fcgung.<\/p>\n<\/div>\n<h2>Benefits<\/h2>\n<ul>\n<li><strong>Korrosionsschutz<\/strong>: VCI-Stretchfolien sch\u00fctzen Metalloberfl\u00e4chen vor Rost und Korrosion.<\/li>\n<li><strong>Sichere Verkapselung<\/strong>: Die Umh\u00fcllungen schmiegen sich eng an den verpackten Artikel an und bilden eine sichere Barriere.<\/li>\n<li><strong>Vielseitige Verwendung<\/strong>: Geeignet f\u00fcr verschiedene Metallprodukte, einschlie\u00dflich Maschinen und Anlagen.<\/li>\n<li><strong>Lang anhaltender Schutz<\/strong>: VCI-Folien bieten erweiterten Schutz w\u00e4hrend der Lagerung und des Transports.<\/li>\n<li><strong>Sichtpr\u00fcfung<\/strong>: Transparente Verpackungen erm\u00f6glichen eine einfache Sichtpr\u00fcfung des Artikels.<\/li>\n<li><strong>Kosteng\u00fcnstig<\/strong>: VCI-Folien sind eine kosteng\u00fcnstige L\u00f6sung f\u00fcr den Korrosionsschutz.<\/li>\n<li><strong>Zeitsparend<\/strong>: Die schnelle und effiziente Anwendung spart Zeit beim Verpackungsprozess.<\/li>\n<li><strong>Umweltfreundlich<\/strong>: Recycelbare Verpackungen ohne sch\u00e4dliche Chemikalien.<\/li>\n<\/ul>\n<p>Diese Vorteile machen VCI-Stretchfolien zu einer ausgezeichneten Wahl f\u00fcr den Schutz von Metallprodukten, da sie deren Qualit\u00e4t und Unversehrtheit gew\u00e4hrleisten. VCI-Stretchfolie sch\u00fctzt Metallgegenst\u00e4nde vor Rost.[\/vc_column_text][vc_wp_text title=&#8221;Size Details&#8221;]<\/p>\n<table>\n<thead>\n<tr>\n<th>Feature<\/th>\n<th>Description<\/th>\n<\/tr>\n<\/thead>\n<tbody>\n<tr>\n<td>Protection Against Dust \/ Dirt<\/td>\n<td>Yes<\/td>\n<\/tr>\n<tr>\n<td>Waterproof Packaging<\/td>\n<td>Helps make packaging waterproof when wrapped around paper containers<\/td>\n<\/tr>\n<tr>\n<td>Visual Inspection<\/td>\n<td>Helps for Visual Inspection<\/td>\n<\/tr>\n<tr>\n<td>Cost Effectiveness<\/td>\n<td>More Cost effective compared to Straps \/ Shrink \/ Corrugation<\/td>\n<\/tr>\n<tr>\n<td>Wrapping Options<\/td>\n<td>Available for Manual Wrapping \/ Machine Wrapping<\/td>\n<\/tr>\n<tr>\n<td>Standard Widths<\/td>\n<td>50 mm \/ 100 mm \/ 150 mm \/ 200 mm \/ 300 mm \/ 450 mm \/ 500 mm \/ 600 mm (Other Widths available on request. Max Width 1.5 Meters)<\/td>\n<\/tr>\n<tr>\n<td>Standard Thickness<\/td>\n<td>12 Micron \/ 15 Micron \/ 18 Micron \/ 23 Micron \/ 29 Micron (Other Thickness Available on request)<\/td>\n<\/tr>\n<tr>\n<td>Standard Colours<\/td>\n<td>Natural \/ Opaque White \/ Blue \/ Black (Other colours available on request)<\/td>\n<\/tr>\n<tr>\n<td>Standard Core ID<\/td>\n<td>25 mm \/ 31 mm \/ 76.2 mm<\/td>\n<\/tr>\n<tr>\n<td>Special Additives<\/td>\n<td>UV Protection \/ VCI \/ Antistatic<\/td>\n<\/tr>\n<\/tbody>\n<\/table>\n<p>[\/vc_wp_text][\/vc_column][\/vc_row][vc_row ts_responsive_css=&#8221;25777273|colbreak_no|20|||||10||10|colbreak_no|||||||||colbreak_no||||||||||colbreak_no|||||||||&#8221; css=&#8221;.vc_custom_1696656087423{margin-top: 30px !important;padding-right: 10px !important;padding-left: 10px !important;}&#8221;][vc_column]<section class=\"ts-vc_cta3-container\"><div class=\"ts-vc_general ts-vc_cta3 ts-cta3-only ts-vc_cta3-style-classic ts-vc_cta3-shape-rounded ts-vc_cta3-align-left ts-vc_cta3-color-transparent ts-vc_cta3-icon-size-md ts-vc_cta3-actions-right ts-cta3-with-desc\"><div class=\"ts-vc_cta3_content-container\"><div class=\"ts-vc_cta3-content\"><div class=\"ts-vc_cta3-content-header ts-wrap\"><div class=\"ts-vc_cta3-headers ts-wrap-cell\"><\/div><\/div><div class=\"ts-cta3-content-wrapper\"><p>Bitte kontaktieren Sie uns unter <a href=\"tel:9227422544\">+91-9227422544<\/a> oder senden Sie uns eine E-Mail an <a href=\"mailto:info@tilakpolypack.com\">info@tilakpolypack.com<\/a>, um Angebote oder weitere Informationen zu erhalten.<\/p><\/div><\/div><div class=\"ts-vc_cta3-actions\">\r\n\t\t<div class=\"ts-vc_btn3-container  popmake-8197 ts-vc_btn3-inline\"><a class=\"ts-vc_general ts-vc_btn3 ts-vc_btn3-size-md ts-vc_btn3-shape-rounded ts-vc_btn3-style-flat ts-vc_btn3-weight-yes ts-vc_btn3-color-skincolor\" href=\"\" title=\"\">Anfrage senden<\/a><\/div><\/div><\/div><\/div><\/section>[\/vc_column][\/vc_row]<\/p>\n<\/section>","protected":false},"excerpt":{"rendered":"<p>[vc_row][vc_column][vc_column_text] VCI-Stretchfolien sind spezielle Verpackungsfolien, die die Vorteile von Stretchfolie mit der VCI-Technologie (Volatile Corrosion Inhibitor) kombinieren. Sie bieten Schutz vor Korrosion und Feuchtigkeit f\u00fcr Metallprodukte w\u00e4hrend der Lagerung und des Transports. Die VCI-Technologie setzt einen korrosionshemmenden Dampf frei, der eine Schutzschicht auf der Metalloberfl\u00e4che bildet und so Rost und Korrosion verhindert. Bei diesem Verfahren &hellip; <a href=\"https:\/\/tilakpolypack.com\/de\/vci-stretchfolie\/\" class=\"more-link\">Continue reading <span class=\"screen-reader-text\">VCI-Stretchfolie<\/span><\/a><\/p>\n","protected":false},"author":1,"featured_media":723,"parent":0,"menu_order":0,"comment_status":"closed","ping_status":"closed","template":"","meta":{"_acf_changed":false,"om_disable_all_campaigns":false,"_monsterinsights_skip_tracking":false,"_monsterinsights_sitenote_active":false,"_monsterinsights_sitenote_note":"","_monsterinsights_sitenote_category":0,"_uf_show_specific_survey":0,"_uf_disable_surveys":false,"footnotes":""},"class_list":["post-7399","page","type-page","status-publish","has-post-thumbnail","hentry"],"acf":[],"yoast_head":"<!-- This site is optimized with the Yoast SEO plugin v22.3 - https:\/\/yoast.com\/wordpress\/plugins\/seo\/ -->\n<title>Hersteller von VCI-Stretchfolien | Tilak Polypack<\/title>\n<meta name=\"description\" content=\"Sch\u00fctzen Sie Metalle mit der Tilak Polypack VCI-Stretchfolie. Starke Korrosionsschutzfolie f\u00fcr sicheren und dauerhaften Schutz.\" \/>\n<meta name=\"robots\" content=\"index, follow, max-snippet:-1, max-image-preview:large, max-video-preview:-1\" \/>\n<link rel=\"canonical\" href=\"https:\/\/tilakpolypack.com\/de\/vci-stretchfolie\/\" \/>\n<meta property=\"og:locale\" content=\"en_US\" \/>\n<meta property=\"og:type\" content=\"article\" \/>\n<meta property=\"og:title\" content=\"Hersteller von VCI-Stretchfolien | Tilak Polypack\" \/>\n<meta property=\"og:description\" content=\"Sch\u00fctzen Sie Metalle mit der Tilak Polypack VCI-Stretchfolie. Starke Korrosionsschutzfolie f\u00fcr sicheren und dauerhaften Schutz.\" \/>\n<meta property=\"og:url\" content=\"https:\/\/tilakpolypack.com\/de\/vci-stretchfolie\/\" \/>\n<meta property=\"og:site_name\" content=\"Tilak Polypack\" \/>\n<meta property=\"article:modified_time\" content=\"2025-09-19T07:27:22+00:00\" \/>\n<meta property=\"og:image\" content=\"https:\/\/tilakpolypack.com\/de\/wp-content\/uploads\/2019\/01\/vci.jpg\" \/>\n\t<meta property=\"og:image:width\" content=\"760\" \/>\n\t<meta property=\"og:image:height\" content=\"510\" \/>\n\t<meta property=\"og:image:type\" content=\"image\/jpeg\" \/>\n<meta name=\"twitter:card\" content=\"summary_large_image\" \/>\n<meta name=\"twitter:label1\" content=\"Est. reading time\" \/>\n\t<meta name=\"twitter:data1\" content=\"4 minutes\" \/>\n<script type=\"application\/ld+json\" class=\"yoast-schema-graph\">{\"@context\":\"https:\/\/schema.org\",\"@graph\":[{\"@type\":\"WebPage\",\"@id\":\"https:\/\/tilakpolypack.com\/de\/vci-stretchfolie\/\",\"url\":\"https:\/\/tilakpolypack.com\/de\/vci-stretchfolie\/\",\"name\":\"Hersteller von VCI-Stretchfolien | Tilak Polypack\",\"isPartOf\":{\"@id\":\"https:\/\/tilakpolypack.com\/de\/#website\"},\"primaryImageOfPage\":{\"@id\":\"https:\/\/tilakpolypack.com\/de\/vci-stretchfolie\/#primaryimage\"},\"image\":{\"@id\":\"https:\/\/tilakpolypack.com\/de\/vci-stretchfolie\/#primaryimage\"},\"thumbnailUrl\":\"https:\/\/tilakpolypack.com\/de\/wp-content\/uploads\/2019\/01\/vci.jpg\",\"datePublished\":\"2023-10-06T10:21:07+00:00\",\"dateModified\":\"2025-09-19T07:27:22+00:00\",\"description\":\"Sch\u00fctzen Sie Metalle mit der Tilak Polypack VCI-Stretchfolie. Starke Korrosionsschutzfolie f\u00fcr sicheren und dauerhaften Schutz.\",\"inLanguage\":\"en-US\",\"potentialAction\":[{\"@type\":\"ReadAction\",\"target\":[\"https:\/\/tilakpolypack.com\/de\/vci-stretchfolie\/\"]}]},{\"@type\":\"ImageObject\",\"inLanguage\":\"en-US\",\"@id\":\"https:\/\/tilakpolypack.com\/de\/vci-stretchfolie\/#primaryimage\",\"url\":\"https:\/\/tilakpolypack.com\/de\/wp-content\/uploads\/2019\/01\/vci.jpg\",\"contentUrl\":\"https:\/\/tilakpolypack.com\/de\/wp-content\/uploads\/2019\/01\/vci.jpg\",\"width\":760,\"height\":510,\"caption\":\"vci\"},{\"@type\":\"WebSite\",\"@id\":\"https:\/\/tilakpolypack.com\/de\/#website\",\"url\":\"https:\/\/tilakpolypack.com\/de\/\",\"name\":\"Tilak Polypack\",\"description\":\"\",\"potentialAction\":[{\"@type\":\"SearchAction\",\"target\":{\"@type\":\"EntryPoint\",\"urlTemplate\":\"https:\/\/tilakpolypack.com\/de\/?s={search_term_string}\"},\"query-input\":\"required name=search_term_string\"}],\"inLanguage\":\"en-US\"}]}<\/script>\n<!-- \/ Yoast SEO plugin. -->","yoast_head_json":{"title":"Hersteller von VCI-Stretchfolien | Tilak Polypack","description":"Sch\u00fctzen Sie Metalle mit der Tilak Polypack VCI-Stretchfolie. Starke Korrosionsschutzfolie f\u00fcr sicheren und dauerhaften Schutz.","robots":{"index":"index","follow":"follow","max-snippet":"max-snippet:-1","max-image-preview":"max-image-preview:large","max-video-preview":"max-video-preview:-1"},"canonical":"https:\/\/tilakpolypack.com\/de\/vci-stretchfolie\/","og_locale":"en_US","og_type":"article","og_title":"Hersteller von VCI-Stretchfolien | Tilak Polypack","og_description":"Sch\u00fctzen Sie Metalle mit der Tilak Polypack VCI-Stretchfolie. Starke Korrosionsschutzfolie f\u00fcr sicheren und dauerhaften Schutz.","og_url":"https:\/\/tilakpolypack.com\/de\/vci-stretchfolie\/","og_site_name":"Tilak Polypack","article_modified_time":"2025-09-19T07:27:22+00:00","og_image":[{"width":760,"height":510,"url":"https:\/\/tilakpolypack.com\/de\/wp-content\/uploads\/2019\/01\/vci.jpg","type":"image\/jpeg"}],"twitter_card":"summary_large_image","twitter_misc":{"Est. reading time":"4 minutes"},"schema":{"@context":"https:\/\/schema.org","@graph":[{"@type":"WebPage","@id":"https:\/\/tilakpolypack.com\/de\/vci-stretchfolie\/","url":"https:\/\/tilakpolypack.com\/de\/vci-stretchfolie\/","name":"Hersteller von VCI-Stretchfolien | Tilak Polypack","isPartOf":{"@id":"https:\/\/tilakpolypack.com\/de\/#website"},"primaryImageOfPage":{"@id":"https:\/\/tilakpolypack.com\/de\/vci-stretchfolie\/#primaryimage"},"image":{"@id":"https:\/\/tilakpolypack.com\/de\/vci-stretchfolie\/#primaryimage"},"thumbnailUrl":"https:\/\/tilakpolypack.com\/de\/wp-content\/uploads\/2019\/01\/vci.jpg","datePublished":"2023-10-06T10:21:07+00:00","dateModified":"2025-09-19T07:27:22+00:00","description":"Sch\u00fctzen Sie Metalle mit der Tilak Polypack VCI-Stretchfolie. Starke Korrosionsschutzfolie f\u00fcr sicheren und dauerhaften Schutz.","inLanguage":"en-US","potentialAction":[{"@type":"ReadAction","target":["https:\/\/tilakpolypack.com\/de\/vci-stretchfolie\/"]}]},{"@type":"ImageObject","inLanguage":"en-US","@id":"https:\/\/tilakpolypack.com\/de\/vci-stretchfolie\/#primaryimage","url":"https:\/\/tilakpolypack.com\/de\/wp-content\/uploads\/2019\/01\/vci.jpg","contentUrl":"https:\/\/tilakpolypack.com\/de\/wp-content\/uploads\/2019\/01\/vci.jpg","width":760,"height":510,"caption":"vci"},{"@type":"WebSite","@id":"https:\/\/tilakpolypack.com\/de\/#website","url":"https:\/\/tilakpolypack.com\/de\/","name":"Tilak Polypack","description":"","potentialAction":[{"@type":"SearchAction","target":{"@type":"EntryPoint","urlTemplate":"https:\/\/tilakpolypack.com\/de\/?s={search_term_string}"},"query-input":"required name=search_term_string"}],"inLanguage":"en-US"}]}},"_links":{"self":[{"href":"https:\/\/tilakpolypack.com\/de\/wp-json\/wp\/v2\/pages\/7399","targetHints":{"allow":["GET"]}}],"collection":[{"href":"https:\/\/tilakpolypack.com\/de\/wp-json\/wp\/v2\/pages"}],"about":[{"href":"https:\/\/tilakpolypack.com\/de\/wp-json\/wp\/v2\/types\/page"}],"author":[{"embeddable":true,"href":"https:\/\/tilakpolypack.com\/de\/wp-json\/wp\/v2\/users\/1"}],"replies":[{"embeddable":true,"href":"https:\/\/tilakpolypack.com\/de\/wp-json\/wp\/v2\/comments?post=7399"}],"version-history":[{"count":5,"href":"https:\/\/tilakpolypack.com\/de\/wp-json\/wp\/v2\/pages\/7399\/revisions"}],"predecessor-version":[{"id":10205,"href":"https:\/\/tilakpolypack.com\/de\/wp-json\/wp\/v2\/pages\/7399\/revisions\/10205"}],"wp:featuredmedia":[{"embeddable":true,"href":"https:\/\/tilakpolypack.com\/de\/wp-json\/wp\/v2\/media\/723"}],"wp:attachment":[{"href":"https:\/\/tilakpolypack.com\/de\/wp-json\/wp\/v2\/media?parent=7399"}],"curies":[{"name":"wp","href":"https:\/\/api.w.org\/{rel}","templated":true}]}}