{"id":7395,"date":"2023-10-06T10:20:34","date_gmt":"2023-10-06T10:20:34","guid":{"rendered":"https:\/\/archiveyourwords.com\/tilak\/?page_id=7395"},"modified":"2025-09-19T07:22:54","modified_gmt":"2025-09-19T07:22:54","slug":"vorstreckfolie","status":"publish","type":"page","link":"https:\/\/tilakpolypack.com\/de\/vorstreckfolie\/","title":{"rendered":"Vorstreckfolie"},"content":{"rendered":"<section class=\"wpb-content-wrapper\"><p>[vc_row][vc_column][vc_column_text]<\/p>\n<div class=\"col-md-12\">\n<div class=\"prod-category-img\"><\/div>\n<\/div>\n<div class=\"col-md-12\">\n<h2>Was ist Vordehnung?<\/h2>\n<p>Das Vorstrecken ist der Vorgang, bei dem die Stretchfolie vor dem Aufbringen auf eine Ladung gedehnt wird.<\/p>\n<p>Pre-Stretch-Folie ist eine mehrschichtige <a href=\"https:\/\/tilakpolypack.com\/de\/manuelle-stretchfolie\/\"><strong>Stretchfolie<\/strong><\/a>, die d\u00fcnner und fester als herk\u00f6mmliche Stretchfolie ist. Diese mehrschichtige Stretchfolie verf\u00fcgt \u00fcber besondere Eigenschaften, die die Dehnungsbest\u00e4ndigkeit erh\u00f6hen und die Ladungssicherung beim Transport verbessern. Letztendlich entsteht dadurch weniger Umweltabfall, da der Anwender w\u00e4hrend der Verwendung weniger Material verbraucht.<\/p>\n<p>Die hochleistungsf\u00e4hige vorgestreckte Folie bietet die Vorteile einer modernen Hochleistungs-Stretchwickelmaschine auch f\u00fcr weniger fortschrittliche Maschinen.<\/p>\n<p>Die Vorstreckung ist stark, gleichm\u00e4\u00dfig und stabil bei minimalem Kraftaufwand f\u00fcr den Arbeiter. Die Kosten f\u00fcr Verbrauchsmaterialien werden drastisch reduziert, w\u00e4hrend die Folienabdeckung erh\u00f6ht wird.<\/p>\n<p><a href=\"https:\/\/tilakpolypack.com\/de\/\"><strong>Tilak Polypack<\/strong><\/a> ist einer der weltweit f\u00fchrenden <a href=\"https:\/\/tilakpolypack.com\/de\/stretchfolie\/\"><strong>Hersteller und Lieferanten von Vorstreckfolie<\/strong><\/a>. Mit Niederlassungen in L\u00e4ndern wie den USA, Singapur, Australien, Deutschland, Kanada, Neuseeland, Gro\u00dfbritannien, Irland, Schottland und Norwegen hat sich Tilak Polypack als zuverl\u00e4ssiger Anbieter von hochwertiger Vorstreckfolie etabliert.<\/p>\n<h2>Warum Vorstreckfolie?<\/h2>\n<ul>\n<li>Kosteneffizient und zeitsparend<\/li>\n<li>Hohe Leistungsf\u00e4higkeit; Durchsto\u00df- und Rei\u00dffestigkeit bei geringerer Dicke<\/li>\n<li>Wirtschaftlicher Transport<\/li>\n<li>Verst\u00e4rkte Kanten f\u00fcr eine h\u00f6here Haltekraft<\/li>\n<li>User Friendly<\/li>\n<li>Dehnungskonsistenzen<\/li>\n<li>Einfach zu verpacken, spart Arbeitskraft<\/li>\n<li>Umweltfreundlich und leicht recycelbar<\/li>\n<\/ul>\n<h2>Kosteng\u00fcnstig und zeitsparend<\/h2>\n<ul>\n<li>50 % weniger Filmverbrauch.<\/li>\n<li>Gr\u00f6\u00dfere L\u00e4nge bei gleichem Rollengewicht aufgrund der geringen Dicke.<\/li>\n<li>Weniger Zeit und Aufwand beim Verpacken einer Ladung.<\/li>\n<li>Verursacht beim Auftragen nur minimale Verengungen.<\/li>\n<\/ul>\n<h2>User Friendly<\/h2>\n<ul>\n<li>50 % leichter.<\/li>\n<\/ul>\n<h2>Umweltfreundlich und wirtschaftlich<\/h2>\n<ul>\n<li>Weniger Folie, weniger Abfall.<\/li>\n<\/ul>\n<h2>Die Ergebnisse sind eindeutig:<\/h2>\n<ul>\n<li>Geringerer Filmverbrauch und damit geringere Kosten f\u00fcr Verpackung und Abfallentsorgung<\/li>\n<li>Mehr Meter pro Rolle f\u00fcr weniger Lagerplatzbedarf und weniger Rollenwechsel w\u00e4hrend der Verarbeitung<\/li>\n<li>Hohe Haltekr\u00e4fte f\u00fcr beste Palettenstabilit\u00e4t<\/li>\n<\/ul>\n<p>Wir, Tilak Polypack Pvt. Ltd., sind einer der f\u00fchrenden Hersteller von Vorstreckfolie. Wir verwenden aus Europa importierte Maschinen, um Vorstreckfolie von bester Qualit\u00e4t anzubieten.<\/p>\n<p>Bitte kontaktieren Sie uns unter <a href=\"tel:9227422544\">+91-9227422544<\/a> oder senden Sie uns eine E-Mail an <a href=\"mailto:info@tilakpolypack.com\">info@tilakpolypack.com<\/a>, um Angebote oder weitere Informationen zu erhalten.<\/p>\n<p>Verf\u00fcgbare Standardgr\u00f6\u00dfen:<\/p>\n<table>\n<thead>\n<tr>\n<th>Usage Type<\/th>\n<th>Size Details<\/th>\n<th>Core ID<\/th>\n<\/tr>\n<\/thead>\n<tbody>\n<tr>\n<td>Hand Use<\/td>\n<td>430 x 450 MM x 9 Micron x 500 Meter<\/td>\n<td>2 Paper Core ID<\/td>\n<\/tr>\n<tr>\n<td>Machine Use<\/td>\n<td>430 x 450 MM x 9 Micron x 1500 Meter<\/td>\n<td>3 Paper Core ID<\/td>\n<\/tr>\n<tr>\n<td>Other Sizes<\/td>\n<td>150 MM, 200 MM, 250 MM, 300 MM, 400 MM, 500 MM, 550 MM (Can be made on request)<\/td>\n<td>&#8211;<\/td>\n<\/tr>\n<\/tbody>\n<\/table>\n<\/div>\n<p>[\/vc_column_text][\/vc_column][\/vc_row][vc_row ts_responsive_css=&#8221;25777273|colbreak_no|20|||||10||10|colbreak_no|||||||||colbreak_no||||||||||colbreak_no|||||||||&#8221; css=&#8221;.vc_custom_1696656087423{margin-top: 30px !important;padding-right: 10px !important;padding-left: 10px !important;}&#8221;][vc_column]<section class=\"ts-vc_cta3-container\"><div class=\"ts-vc_general ts-vc_cta3 ts-cta3-only ts-vc_cta3-style-classic ts-vc_cta3-shape-rounded ts-vc_cta3-align-left ts-vc_cta3-color-transparent ts-vc_cta3-icon-size-md ts-vc_cta3-actions-right ts-cta3-with-desc\"><div class=\"ts-vc_cta3_content-container\"><div class=\"ts-vc_cta3-content\"><div class=\"ts-vc_cta3-content-header ts-wrap\"><div class=\"ts-vc_cta3-headers ts-wrap-cell\"><\/div><\/div><div class=\"ts-cta3-content-wrapper\"><p>Bitte kontaktieren Sie uns unter <a href=\"tel:9227422544\">+91-9227422544<\/a> oder senden Sie uns eine E-Mail an <a href=\"mailto:info@tilakpolypack.com\">info@tilakpolypack.com<\/a>, um Angebote oder weitere Informationen zu erhalten.<\/p><\/div><\/div><div class=\"ts-vc_cta3-actions\">\r\n\t\t<div class=\"ts-vc_btn3-container  popmake-8197 ts-vc_btn3-inline\"><a class=\"ts-vc_general ts-vc_btn3 ts-vc_btn3-size-md ts-vc_btn3-shape-rounded ts-vc_btn3-style-flat ts-vc_btn3-weight-yes ts-vc_btn3-color-skincolor\" href=\"\" title=\"\">Anfrage senden<\/a><\/div><\/div><\/div><\/div><\/section>[\/vc_column][\/vc_row]<\/p>\n<\/section>","protected":false},"excerpt":{"rendered":"<p>[vc_row][vc_column][vc_column_text] Was ist Vordehnung? Das Vorstrecken ist der Vorgang, bei dem die Stretchfolie vor dem Aufbringen auf eine Ladung gedehnt wird. Pre-Stretch-Folie ist eine mehrschichtige Stretchfolie, die d\u00fcnner und fester als herk\u00f6mmliche Stretchfolie ist. Diese mehrschichtige Stretchfolie verf\u00fcgt \u00fcber besondere Eigenschaften, die die Dehnungsbest\u00e4ndigkeit erh\u00f6hen und die Ladungssicherung beim Transport verbessern. Letztendlich entsteht dadurch weniger &hellip; <a href=\"https:\/\/tilakpolypack.com\/de\/vorstreckfolie\/\" class=\"more-link\">Continue reading <span class=\"screen-reader-text\">Vorstreckfolie<\/span><\/a><\/p>\n","protected":false},"author":1,"featured_media":8097,"parent":0,"menu_order":0,"comment_status":"closed","ping_status":"closed","template":"","meta":{"_acf_changed":false,"om_disable_all_campaigns":false,"_monsterinsights_skip_tracking":false,"_monsterinsights_sitenote_active":false,"_monsterinsights_sitenote_note":"","_monsterinsights_sitenote_category":0,"_uf_show_specific_survey":0,"_uf_disable_surveys":false,"footnotes":""},"class_list":["post-7395","page","type-page","status-publish","has-post-thumbnail","hentry"],"acf":[],"yoast_head":"<!-- This site is optimized with the Yoast SEO plugin v22.3 - https:\/\/yoast.com\/wordpress\/plugins\/seo\/ -->\n<title>Lieferant von vorgestreckter Folie | Tilak Polypack Deutschland<\/title>\n<meta name=\"description\" content=\"Tilak Polypack, zuverl\u00e4ssiger Lieferant vorgestreckter Folien in Deutschland. Starke und kosteng\u00fcnstige L\u00f6sung f\u00fcr sichere Verpackungen.\" \/>\n<meta name=\"robots\" content=\"index, follow, max-snippet:-1, max-image-preview:large, max-video-preview:-1\" \/>\n<link rel=\"canonical\" href=\"https:\/\/tilakpolypack.com\/de\/vorstreckfolie\/\" \/>\n<meta property=\"og:locale\" content=\"en_US\" \/>\n<meta property=\"og:type\" content=\"article\" \/>\n<meta property=\"og:title\" content=\"Lieferant von vorgestreckter Folie | Tilak Polypack Deutschland\" \/>\n<meta property=\"og:description\" content=\"Tilak Polypack, zuverl\u00e4ssiger Lieferant vorgestreckter Folien in Deutschland. Starke und kosteng\u00fcnstige L\u00f6sung f\u00fcr sichere Verpackungen.\" \/>\n<meta property=\"og:url\" content=\"https:\/\/tilakpolypack.com\/de\/vorstreckfolie\/\" \/>\n<meta property=\"og:site_name\" content=\"Tilak Polypack\" \/>\n<meta property=\"article:modified_time\" content=\"2025-09-19T07:22:54+00:00\" \/>\n<meta property=\"og:image\" content=\"https:\/\/tilakpolypack.com\/de\/wp-content\/uploads\/2023\/10\/service-5-1.jpg\" \/>\n\t<meta property=\"og:image:width\" content=\"338\" \/>\n\t<meta property=\"og:image:height\" content=\"228\" \/>\n\t<meta property=\"og:image:type\" content=\"image\/jpeg\" \/>\n<meta name=\"twitter:card\" content=\"summary_large_image\" \/>\n<meta name=\"twitter:label1\" content=\"Est. reading time\" \/>\n\t<meta name=\"twitter:data1\" content=\"2 minutes\" \/>\n<script type=\"application\/ld+json\" class=\"yoast-schema-graph\">{\"@context\":\"https:\/\/schema.org\",\"@graph\":[{\"@type\":\"WebPage\",\"@id\":\"https:\/\/tilakpolypack.com\/de\/vorstreckfolie\/\",\"url\":\"https:\/\/tilakpolypack.com\/de\/vorstreckfolie\/\",\"name\":\"Lieferant von vorgestreckter Folie | Tilak Polypack Deutschland\",\"isPartOf\":{\"@id\":\"https:\/\/tilakpolypack.com\/de\/#website\"},\"primaryImageOfPage\":{\"@id\":\"https:\/\/tilakpolypack.com\/de\/vorstreckfolie\/#primaryimage\"},\"image\":{\"@id\":\"https:\/\/tilakpolypack.com\/de\/vorstreckfolie\/#primaryimage\"},\"thumbnailUrl\":\"https:\/\/tilakpolypack.com\/de\/wp-content\/uploads\/2023\/10\/service-5-1.jpg\",\"datePublished\":\"2023-10-06T10:20:34+00:00\",\"dateModified\":\"2025-09-19T07:22:54+00:00\",\"description\":\"Tilak Polypack, zuverl\u00e4ssiger Lieferant vorgestreckter Folien in Deutschland. Starke und kosteng\u00fcnstige L\u00f6sung f\u00fcr sichere Verpackungen.\",\"inLanguage\":\"en-US\",\"potentialAction\":[{\"@type\":\"ReadAction\",\"target\":[\"https:\/\/tilakpolypack.com\/de\/vorstreckfolie\/\"]}]},{\"@type\":\"ImageObject\",\"inLanguage\":\"en-US\",\"@id\":\"https:\/\/tilakpolypack.com\/de\/vorstreckfolie\/#primaryimage\",\"url\":\"https:\/\/tilakpolypack.com\/de\/wp-content\/uploads\/2023\/10\/service-5-1.jpg\",\"contentUrl\":\"https:\/\/tilakpolypack.com\/de\/wp-content\/uploads\/2023\/10\/service-5-1.jpg\",\"width\":338,\"height\":228,\"caption\":\"Packaging Films\"},{\"@type\":\"WebSite\",\"@id\":\"https:\/\/tilakpolypack.com\/de\/#website\",\"url\":\"https:\/\/tilakpolypack.com\/de\/\",\"name\":\"Tilak Polypack\",\"description\":\"\",\"potentialAction\":[{\"@type\":\"SearchAction\",\"target\":{\"@type\":\"EntryPoint\",\"urlTemplate\":\"https:\/\/tilakpolypack.com\/de\/?s={search_term_string}\"},\"query-input\":\"required name=search_term_string\"}],\"inLanguage\":\"en-US\"}]}<\/script>\n<!-- \/ Yoast SEO plugin. -->","yoast_head_json":{"title":"Lieferant von vorgestreckter Folie | Tilak Polypack Deutschland","description":"Tilak Polypack, zuverl\u00e4ssiger Lieferant vorgestreckter Folien in Deutschland. Starke und kosteng\u00fcnstige L\u00f6sung f\u00fcr sichere Verpackungen.","robots":{"index":"index","follow":"follow","max-snippet":"max-snippet:-1","max-image-preview":"max-image-preview:large","max-video-preview":"max-video-preview:-1"},"canonical":"https:\/\/tilakpolypack.com\/de\/vorstreckfolie\/","og_locale":"en_US","og_type":"article","og_title":"Lieferant von vorgestreckter Folie | Tilak Polypack Deutschland","og_description":"Tilak Polypack, zuverl\u00e4ssiger Lieferant vorgestreckter Folien in Deutschland. Starke und kosteng\u00fcnstige L\u00f6sung f\u00fcr sichere Verpackungen.","og_url":"https:\/\/tilakpolypack.com\/de\/vorstreckfolie\/","og_site_name":"Tilak Polypack","article_modified_time":"2025-09-19T07:22:54+00:00","og_image":[{"width":338,"height":228,"url":"https:\/\/tilakpolypack.com\/de\/wp-content\/uploads\/2023\/10\/service-5-1.jpg","type":"image\/jpeg"}],"twitter_card":"summary_large_image","twitter_misc":{"Est. reading time":"2 minutes"},"schema":{"@context":"https:\/\/schema.org","@graph":[{"@type":"WebPage","@id":"https:\/\/tilakpolypack.com\/de\/vorstreckfolie\/","url":"https:\/\/tilakpolypack.com\/de\/vorstreckfolie\/","name":"Lieferant von vorgestreckter Folie | Tilak Polypack Deutschland","isPartOf":{"@id":"https:\/\/tilakpolypack.com\/de\/#website"},"primaryImageOfPage":{"@id":"https:\/\/tilakpolypack.com\/de\/vorstreckfolie\/#primaryimage"},"image":{"@id":"https:\/\/tilakpolypack.com\/de\/vorstreckfolie\/#primaryimage"},"thumbnailUrl":"https:\/\/tilakpolypack.com\/de\/wp-content\/uploads\/2023\/10\/service-5-1.jpg","datePublished":"2023-10-06T10:20:34+00:00","dateModified":"2025-09-19T07:22:54+00:00","description":"Tilak Polypack, zuverl\u00e4ssiger Lieferant vorgestreckter Folien in Deutschland. Starke und kosteng\u00fcnstige L\u00f6sung f\u00fcr sichere Verpackungen.","inLanguage":"en-US","potentialAction":[{"@type":"ReadAction","target":["https:\/\/tilakpolypack.com\/de\/vorstreckfolie\/"]}]},{"@type":"ImageObject","inLanguage":"en-US","@id":"https:\/\/tilakpolypack.com\/de\/vorstreckfolie\/#primaryimage","url":"https:\/\/tilakpolypack.com\/de\/wp-content\/uploads\/2023\/10\/service-5-1.jpg","contentUrl":"https:\/\/tilakpolypack.com\/de\/wp-content\/uploads\/2023\/10\/service-5-1.jpg","width":338,"height":228,"caption":"Packaging Films"},{"@type":"WebSite","@id":"https:\/\/tilakpolypack.com\/de\/#website","url":"https:\/\/tilakpolypack.com\/de\/","name":"Tilak Polypack","description":"","potentialAction":[{"@type":"SearchAction","target":{"@type":"EntryPoint","urlTemplate":"https:\/\/tilakpolypack.com\/de\/?s={search_term_string}"},"query-input":"required name=search_term_string"}],"inLanguage":"en-US"}]}},"_links":{"self":[{"href":"https:\/\/tilakpolypack.com\/de\/wp-json\/wp\/v2\/pages\/7395","targetHints":{"allow":["GET"]}}],"collection":[{"href":"https:\/\/tilakpolypack.com\/de\/wp-json\/wp\/v2\/pages"}],"about":[{"href":"https:\/\/tilakpolypack.com\/de\/wp-json\/wp\/v2\/types\/page"}],"author":[{"embeddable":true,"href":"https:\/\/tilakpolypack.com\/de\/wp-json\/wp\/v2\/users\/1"}],"replies":[{"embeddable":true,"href":"https:\/\/tilakpolypack.com\/de\/wp-json\/wp\/v2\/comments?post=7395"}],"version-history":[{"count":5,"href":"https:\/\/tilakpolypack.com\/de\/wp-json\/wp\/v2\/pages\/7395\/revisions"}],"predecessor-version":[{"id":10204,"href":"https:\/\/tilakpolypack.com\/de\/wp-json\/wp\/v2\/pages\/7395\/revisions\/10204"}],"wp:featuredmedia":[{"embeddable":true,"href":"https:\/\/tilakpolypack.com\/de\/wp-json\/wp\/v2\/media\/8097"}],"wp:attachment":[{"href":"https:\/\/tilakpolypack.com\/de\/wp-json\/wp\/v2\/media?parent=7395"}],"curies":[{"name":"wp","href":"https:\/\/api.w.org\/{rel}","templated":true}]}}