{"id":7394,"date":"2023-10-06T10:20:19","date_gmt":"2023-10-06T10:20:19","guid":{"rendered":"https:\/\/archiveyourwords.com\/tilak\/?page_id=7394"},"modified":"2025-09-19T07:09:31","modified_gmt":"2025-09-19T07:09:31","slug":"silage-stretchfolie","status":"publish","type":"page","link":"https:\/\/tilakpolypack.com\/de\/silage-stretchfolie\/","title":{"rendered":"Silage-Stretchfolie"},"content":{"rendered":"<section class=\"wpb-content-wrapper\"><p>[vc_row][vc_column][vc_column_text]<\/p>\n<div class=\"col-md-12\">\n<div class=\"prod-category-img\">\n<p data-pm-slice=\"1 1 []\">Unsere Silage-Stretchfolie verf\u00fcgt \u00fcber eine ausgezeichnete Haftf\u00e4higkeit und eine sehr hohe Durchsto\u00dffestigkeit, wodurch sie dazu beitr\u00e4gt, den Verderb Ihrer Silage zu reduzieren und die Durchl\u00e4ssigkeit f\u00fcr Wasser und Sauerstoff sehr gering zu halten. Die <a href=\"https:\/\/tilakpolypack.com\/de\/landwirtschaftliche-folien\/\"><strong>Agrarstretchfolie<\/strong><\/a> wurde speziell f\u00fcr die luftdichte Verpackung von Silageballen \u2013 sowohl Rundballen als auch Quaderballen \u2013 entwickelt, um die Qualit\u00e4t des Futters optimal zu erhalten. Eine mehrfache Wicklung mit mehreren Folienlagen ist notwendig, um das Futter und das Futters zuverl\u00e4ssig vor Schimmel und Verderb zu sch\u00fctzen. Die Dehnbarkeit und die richtige Verarbeitung der Folie sind entscheidend, damit die Ballen optimal gesch\u00fctzt werden und die Futterqualit\u00e4t erhalten bleibt. Unsere Silage-Stretchfolie verf\u00fcgt \u00fcber eine hohe Belastbarkeit, um die Form des Ballens w\u00e4hrend seiner gesamten Lebensdauer intakt zu halten.<\/p>\n<h2>Silage-Stretchfolie<\/h2>\n<p>Silage-Stretchfolie<span style=\"font-weight: 400;\"> ist eine spezialisierte <\/span>Agrarfolie<span style=\"font-weight: 400;\">, die f\u00fcr die luftdichte Verpackung von Silage entwickelt wurde. Sie gew\u00e4hrleistet eine optimale Konservierung von Futterpflanzen durch hervorragende Dehnbarkeit und hohe Klebkraft. Als f\u00fchrender <\/span>Hersteller von Silage-Stretchfolien<span style=\"font-weight: 400;\"> bietet Tilak Polypack Produkte, die den h\u00f6chsten Qualit\u00e4tsstandards entsprechen und in verschiedenen St\u00e4rken und Breiten erh\u00e4ltlich sind. Unsere Folien sch\u00fctzen Ihre Silage effektiv vor UV-Strahlen, Feuchtigkeit und mechanischen Besch\u00e4digungen, wodurch die Futterqualit\u00e4t erhalten bleibt. Vertrauen Sie auf unsere Expertise und sichern Sie sich eine zuverl\u00e4ssige L\u00f6sung f\u00fcr Ihre Silagebed\u00fcrfnisse.<\/span><\/p>\n<h2>Agrarfilm \u2013 Effiziente Silagekonservierung<\/h2>\n<p>Agrarfilm<span style=\"font-weight: 400;\"> ist eine spezialisierte Folie, die f\u00fcr die luftdichte Verpackung von Silage entwickelt wurde. Sie gew\u00e4hrleistet eine optimale Konservierung von Futterpflanzen durch hervorragende Dehnbarkeit und hohe Klebkraft. Als f\u00fchrender <\/span>Hersteller von Silage-Stretchfolien<span style=\"font-weight: 400;\"> bietet Tilak Polypack Produkte, die den h\u00f6chsten Qualit\u00e4tsstandards entsprechen und in verschiedenen St\u00e4rken und Breiten erh\u00e4ltlich sind. Unsere Folien sch\u00fctzen Ihre Silage effektiv vor UV-Strahlen, Feuchtigkeit und mechanischen Besch\u00e4digungen, wodurch die Futterqualit\u00e4t erhalten bleibt. Vertrauen Sie auf unsere Expertise und sichern Sie sich eine zuverl\u00e4ssige L\u00f6sung f\u00fcr Ihre Silagebed\u00fcrfnisse.<\/span><\/p>\n<h2>Herstellung von Silage-Stretchfolien und Agrarstretchfolien<\/h2>\n<p><a href=\"https:\/\/tilakpolypack.com\/de\/kunststoff-mulchfolie\/\"><strong>Silage-Stretchfolien<\/strong><\/a> sind f\u00fcr die Konservierung und den Schutz von Silage, einer Art von Futtermittel f\u00fcr Vieh, unverzichtbar. Bei Tilak Polypack haben wir uns auf die Herstellung hochwertiger Silage-Stretchfolien unter Verwendung fortschrittlicher Herstellungsverfahren und ausgew\u00e4hlter Rohstoffe spezialisiert. Unsere Folien bieten \u00fcberlegene Eigenschaften und Vorteile, die uns von anderen Anbietern in der Branche unterscheiden. Wir bieten ein breites Sortiment an Artikeln und Waren in verschiedenen Qualit\u00e4ten, Farben und St\u00e4rken an, sodass f\u00fcr jede Anwendung die passende L\u00f6sung verf\u00fcgbar ist. Die Einhaltung aller Voraussetzungen f\u00fcr eine optimale Silageherstellung und die Verwendung hochwertiger Rohstoffe stehen bei uns im Fokus.<\/p>\n<p>Der Herstellungsprozess von Silage-Stretchfolien umfasst das Mischen und Extrudieren mehrerer Schichten spezieller Polyethylenharze. Diese Harze werden sorgf\u00e4ltig aufgrund ihrer Festigkeit, Flexibilit\u00e4t und Haltbarkeit ausgew\u00e4hlt. Die extrudierten Schichten werden dann zu einer starken und sch\u00fctzenden Folie zusammengef\u00fcgt. Unsere hochmodernen Maschinen gew\u00e4hrleisten eine pr\u00e4zise Dicke und gleichbleibende Qualit\u00e4t w\u00e4hrend des gesamten Produktionsprozesses. Das Herstellungsverfahren unterscheidet sich je nach Folientyp: Bei der Castfolie wird das Material direkt auf eine K\u00fchlwalze gegossen, was zu einer besonders gleichm\u00e4\u00dfigen Molek\u00fcllausrichtung f\u00fchrt, w\u00e4hrend das Blasverfahren eine h\u00f6here Dehnbarkeit (Dehn) und Belastbarkeit erm\u00f6glicht. Die Folienst\u00e4rke, verschiedene Folienst\u00e4rken und die St\u00e4rke der Folie sind entscheidend f\u00fcr Rei\u00dffestigkeit, Dehnbarkeit und die Einsatzm\u00f6glichkeiten der Folie. Die richtige Verarbeitung und Dehnbarkeit sind f\u00fcr eine sichere und effiziente Anwendung der Folie unerl\u00e4sslich. Unsere Silage-Stretchfolien sind in unterschiedlichen Breiten, L\u00e4ngen und Folienbreiten erh\u00e4ltlich, um den Anforderungen bei der Verpackung von Quaderballen, Rundballen, Ballenwickelfolie, Ballenwickelfolien und Agrarfolie gerecht zu werden. Die Rollen werden auf Paletten gelagert und transportiert, wobei sowohl Pappkern als auch Kunststoffkern als Optionen zur Verf\u00fcgung stehen. Die Auswahl an Farben und die Bedeutung der jeweiligen Farbe f\u00fcr die Anwendung \u2013 etwa Wei\u00df f\u00fcr Reflexion oder Gr\u00fcn f\u00fcr optische Anpassung \u2013 sind wichtige Kriterien f\u00fcr unsere Kunden. Die Marke, insbesondere Zill, steht f\u00fcr h\u00f6chste Qualit\u00e4t und Vertrauen in unsere Produkte.<\/p>\n<p>Tilak Polypack ist einer der weltweit f\u00fchrenden <a href=\"https:\/\/tilakpolypack.com\/de\/stretchfolie\/\"><strong>Hersteller und Lieferanten von Silage-Stretchfolie<\/strong><\/a>. Mit Niederlassungen in L\u00e4ndern wie den USA, Singapur, Australien, Deutschland, Kanada, Neuseeland, Gro\u00dfbritannien, Irland, Schottland und Norwegen hat sich Tilak Polypack als zuverl\u00e4ssiger Anbieter von hochwertiger Silage-Stretchfolie etabliert. Aufgrund des effizienten Herstellungsverfahrens kann <a href=\"https:\/\/tilakpolypack.com\/de\/kunststoff-stretchfolie\/\"><strong>Castfolie<\/strong><\/a> oft zu einem g\u00fcnstigeren Preis angeboten werden, was f\u00fcr viele Kunden ein entscheidender Vorteil ist.<\/p>\n<h2>Unsere Silage-Stretchfolie erf\u00fcllt die folgenden Anforderungen an eine hochwertige Silage-Stretchfolie.<\/h2>\n<ul>\n<li>Gute mechanische Eigenschaften, d. h. Zugfestigkeit und Durchsto\u00dffestigkeit sowie verschiedene St\u00e4rken und Folienst\u00e4rken f\u00fcr unterschiedliche Anforderungen<\/li>\n<li>Hohe Klebkraft<\/li>\n<li>Stabilisiert zum Schutz vor Sch\u00e4den durch Sonnenlicht, insbesondere UV-Licht<\/li>\n<li>Geringe Sauerstoff- und Wasserdurchl\u00e4ssigkeit<\/li>\n<\/ul>\n<p>Die Breite, L\u00e4nge und Folienbreite der Silage-Stretchfolien k\u00f6nnen individuell angepasst werden, um optimal auf verschiedene Einsatzbereiche einzugehen. Die verf\u00fcgbaren St\u00e4rken, Folienst\u00e4rken und Folienst\u00e4rken reichen von Standardoptionen bis hin zu innovativen, d\u00fcnneren Varianten, wobei stets auf hohe Rei\u00dffestigkeit und Durchsto\u00dffestigkeit geachtet wird. Unsere Folien sind in einer breiten Palette an Farben erh\u00e4ltlich, darunter Wei\u00df, Gr\u00fcn und Schwarz; die Wahl der Farbe beeinflusst die Anwendung, z. B. f\u00fcr Temperatursteuerung oder optische Anpassung. Die Folienrollen werden auf Paletten geliefert, wobei jede Ware in einem stabilen Karton verpackt ist, um sie w\u00e4hrend des Transports und der Lagerung optimal zu sch\u00fctzen. Jeder Artikel wird einzeln gepr\u00fcft, um h\u00f6chste Qualit\u00e4t der Ware sicherzustellen.<\/p>\n<p data-pm-slice=\"1 1 []\">Unsere Silage-Stretchfolie verf\u00fcgt \u00fcber eine ausgezeichnete Haftf\u00e4higkeit und eine sehr hohe Durchsto\u00dffestigkeit, wodurch sie dazu beitr\u00e4gt, den Verderb Ihrer Silage zu reduzieren und die Durchl\u00e4ssigkeit f\u00fcr Wasser und Sauerstoff sehr gering zu halten. Die Agrarstretchfolie wurde speziell f\u00fcr die luftdichte Verpackung von Silageballen \u2013 sowohl Rundballen als auch Quaderballen \u2013 entwickelt, um die Qualit\u00e4t des Futters optimal zu erhalten. Eine mehrfache Wicklung mit mehreren Folienlagen ist notwendig, um das Futter und das Futters zuverl\u00e4ssig vor Schimmel und Verderb zu sch\u00fctzen. Die Dehnbarkeit und die richtige Verarbeitung der Folie sind entscheidend, damit die Ballen optimal gesch\u00fctzt werden und die Futterqualit\u00e4t erhalten bleibt. Unsere Silage-Stretchfolie verf\u00fcgt \u00fcber eine hohe Belastbarkeit, um die Form des Ballens w\u00e4hrend seiner gesamten Lebensdauer intakt zu halten.<\/p>\n<p data-pm-slice=\"1 1 []\">\n<\/div>\n<\/div>\n<div class=\"col-md-12\">\n<p>VERF\u00dcGBARE GR\u00d6SSEN:<\/p>\n<table>\n<thead>\n<tr>\n<th>Size Details<\/th>\n<th>Specifications<\/th>\n<\/tr>\n<\/thead>\n<tbody>\n<tr>\n<td>Width<\/td>\n<td>250 MM \/ 500 MM \/ 750 MM<\/td>\n<\/tr>\n<tr>\n<td>Thickness<\/td>\n<td>23 Micron \/ 29 Micron<\/td>\n<\/tr>\n<tr>\n<td>Colours<\/td>\n<td>White \/ Green \/ Black (Can be customised)<\/td>\n<\/tr>\n<\/tbody>\n<\/table>\n<p>&nbsp;<\/p>\n<\/div>\n<p>[\/vc_column_text][\/vc_column][\/vc_row][vc_row ts_responsive_css=&#8221;25777273|colbreak_no|20|||||10||10|colbreak_no|||||||||colbreak_no||||||||||colbreak_no|||||||||&#8221; css=&#8221;.vc_custom_1696656087423{margin-top: 30px !important;padding-right: 10px !important;padding-left: 10px !important;}&#8221;][vc_column]<section class=\"ts-vc_cta3-container\"><div class=\"ts-vc_general ts-vc_cta3 ts-cta3-only ts-vc_cta3-style-classic ts-vc_cta3-shape-rounded ts-vc_cta3-align-left ts-vc_cta3-color-transparent ts-vc_cta3-icon-size-md ts-vc_cta3-actions-right ts-cta3-with-desc\"><div class=\"ts-vc_cta3_content-container\"><div class=\"ts-vc_cta3-content\"><div class=\"ts-vc_cta3-content-header ts-wrap\"><div class=\"ts-vc_cta3-headers ts-wrap-cell\"><\/div><\/div><div class=\"ts-cta3-content-wrapper\"><p>Bitte kontaktieren Sie uns unter <a href=\"tel:9227422544\">+91-9227422544<\/a> oder senden Sie uns eine E-Mail an <a href=\"mailto:info@tilakpolypack.com\">info@tilakpolypack.com<\/a>, um Angebote oder weitere Informationen zu erhalten.<\/p><\/div><\/div><div class=\"ts-vc_cta3-actions\">\r\n\t\t<div class=\"ts-vc_btn3-container  popmake-8197 ts-vc_btn3-inline\"><a class=\"ts-vc_general ts-vc_btn3 ts-vc_btn3-size-md ts-vc_btn3-shape-rounded ts-vc_btn3-style-flat ts-vc_btn3-weight-yes ts-vc_btn3-color-skincolor\" href=\"\" title=\"\">Anfrage senden<\/a><\/div><\/div><\/div><\/div><\/section>[\/vc_column][\/vc_row]<\/p>\n<\/section>","protected":false},"excerpt":{"rendered":"<p>[vc_row][vc_column][vc_column_text] Unsere Silage-Stretchfolie verf\u00fcgt \u00fcber eine ausgezeichnete Haftf\u00e4higkeit und eine sehr hohe Durchsto\u00dffestigkeit, wodurch sie dazu beitr\u00e4gt, den Verderb Ihrer Silage zu reduzieren und die Durchl\u00e4ssigkeit f\u00fcr Wasser und Sauerstoff sehr gering zu halten. Die Agrarstretchfolie wurde speziell f\u00fcr die luftdichte Verpackung von Silageballen \u2013 sowohl Rundballen als auch Quaderballen \u2013 entwickelt, um die Qualit\u00e4t &hellip; <a href=\"https:\/\/tilakpolypack.com\/de\/silage-stretchfolie\/\" class=\"more-link\">Continue reading <span class=\"screen-reader-text\">Silage-Stretchfolie<\/span><\/a><\/p>\n","protected":false},"author":1,"featured_media":8098,"parent":0,"menu_order":0,"comment_status":"closed","ping_status":"closed","template":"","meta":{"_acf_changed":false,"om_disable_all_campaigns":false,"_monsterinsights_skip_tracking":false,"_monsterinsights_sitenote_active":false,"_monsterinsights_sitenote_note":"","_monsterinsights_sitenote_category":0,"_uf_show_specific_survey":0,"_uf_disable_surveys":false,"footnotes":""},"class_list":["post-7394","page","type-page","status-publish","has-post-thumbnail","hentry"],"acf":[],"yoast_head":"<!-- This site is optimized with the Yoast SEO plugin v22.3 - https:\/\/yoast.com\/wordpress\/plugins\/seo\/ -->\n<title>Silage-Stretchfolie | Starker Hersteller von Agrarfolien<\/title>\n<meta name=\"description\" content=\"F\u00fchrender Hersteller von Silage-Stretchfolien in Deutschland. Strapazierf\u00e4hige Agrarfolie zum Schutz der Pflanzen und zur langlebigen Silageverpackung.\" \/>\n<meta name=\"robots\" content=\"index, follow, max-snippet:-1, max-image-preview:large, max-video-preview:-1\" \/>\n<link rel=\"canonical\" href=\"https:\/\/tilakpolypack.com\/de\/silage-stretchfolie\/\" \/>\n<meta property=\"og:locale\" content=\"en_US\" \/>\n<meta property=\"og:type\" content=\"article\" \/>\n<meta property=\"og:title\" content=\"Silage-Stretchfolie | Starker Hersteller von Agrarfolien\" \/>\n<meta property=\"og:description\" content=\"F\u00fchrender Hersteller von Silage-Stretchfolien in Deutschland. Strapazierf\u00e4hige Agrarfolie zum Schutz der Pflanzen und zur langlebigen Silageverpackung.\" \/>\n<meta property=\"og:url\" content=\"https:\/\/tilakpolypack.com\/de\/silage-stretchfolie\/\" \/>\n<meta property=\"og:site_name\" content=\"Tilak Polypack\" \/>\n<meta property=\"article:modified_time\" content=\"2025-09-19T07:09:31+00:00\" \/>\n<meta property=\"og:image\" content=\"https:\/\/tilakpolypack.com\/de\/wp-content\/uploads\/2023\/10\/silage-picture-tilak.jpg\" \/>\n\t<meta property=\"og:image:width\" content=\"760\" \/>\n\t<meta property=\"og:image:height\" content=\"510\" \/>\n\t<meta property=\"og:image:type\" content=\"image\/jpeg\" \/>\n<meta name=\"twitter:card\" content=\"summary_large_image\" \/>\n<meta name=\"twitter:label1\" content=\"Est. reading time\" \/>\n\t<meta name=\"twitter:data1\" content=\"5 minutes\" \/>\n<script type=\"application\/ld+json\" class=\"yoast-schema-graph\">{\"@context\":\"https:\/\/schema.org\",\"@graph\":[{\"@type\":\"WebPage\",\"@id\":\"https:\/\/tilakpolypack.com\/de\/silage-stretchfolie\/\",\"url\":\"https:\/\/tilakpolypack.com\/de\/silage-stretchfolie\/\",\"name\":\"Silage-Stretchfolie | Starker Hersteller von Agrarfolien\",\"isPartOf\":{\"@id\":\"https:\/\/tilakpolypack.com\/de\/#website\"},\"primaryImageOfPage\":{\"@id\":\"https:\/\/tilakpolypack.com\/de\/silage-stretchfolie\/#primaryimage\"},\"image\":{\"@id\":\"https:\/\/tilakpolypack.com\/de\/silage-stretchfolie\/#primaryimage\"},\"thumbnailUrl\":\"https:\/\/tilakpolypack.com\/de\/wp-content\/uploads\/2023\/10\/silage-picture-tilak.jpg\",\"datePublished\":\"2023-10-06T10:20:19+00:00\",\"dateModified\":\"2025-09-19T07:09:31+00:00\",\"description\":\"F\u00fchrender Hersteller von Silage-Stretchfolien in Deutschland. Strapazierf\u00e4hige Agrarfolie zum Schutz der Pflanzen und zur langlebigen Silageverpackung.\",\"inLanguage\":\"en-US\",\"potentialAction\":[{\"@type\":\"ReadAction\",\"target\":[\"https:\/\/tilakpolypack.com\/de\/silage-stretchfolie\/\"]}]},{\"@type\":\"ImageObject\",\"inLanguage\":\"en-US\",\"@id\":\"https:\/\/tilakpolypack.com\/de\/silage-stretchfolie\/#primaryimage\",\"url\":\"https:\/\/tilakpolypack.com\/de\/wp-content\/uploads\/2023\/10\/silage-picture-tilak.jpg\",\"contentUrl\":\"https:\/\/tilakpolypack.com\/de\/wp-content\/uploads\/2023\/10\/silage-picture-tilak.jpg\",\"width\":760,\"height\":510},{\"@type\":\"WebSite\",\"@id\":\"https:\/\/tilakpolypack.com\/de\/#website\",\"url\":\"https:\/\/tilakpolypack.com\/de\/\",\"name\":\"Tilak Polypack\",\"description\":\"\",\"potentialAction\":[{\"@type\":\"SearchAction\",\"target\":{\"@type\":\"EntryPoint\",\"urlTemplate\":\"https:\/\/tilakpolypack.com\/de\/?s={search_term_string}\"},\"query-input\":\"required name=search_term_string\"}],\"inLanguage\":\"en-US\"}]}<\/script>\n<!-- \/ Yoast SEO plugin. -->","yoast_head_json":{"title":"Silage-Stretchfolie | Starker Hersteller von Agrarfolien","description":"F\u00fchrender Hersteller von Silage-Stretchfolien in Deutschland. Strapazierf\u00e4hige Agrarfolie zum Schutz der Pflanzen und zur langlebigen Silageverpackung.","robots":{"index":"index","follow":"follow","max-snippet":"max-snippet:-1","max-image-preview":"max-image-preview:large","max-video-preview":"max-video-preview:-1"},"canonical":"https:\/\/tilakpolypack.com\/de\/silage-stretchfolie\/","og_locale":"en_US","og_type":"article","og_title":"Silage-Stretchfolie | Starker Hersteller von Agrarfolien","og_description":"F\u00fchrender Hersteller von Silage-Stretchfolien in Deutschland. Strapazierf\u00e4hige Agrarfolie zum Schutz der Pflanzen und zur langlebigen Silageverpackung.","og_url":"https:\/\/tilakpolypack.com\/de\/silage-stretchfolie\/","og_site_name":"Tilak Polypack","article_modified_time":"2025-09-19T07:09:31+00:00","og_image":[{"width":760,"height":510,"url":"https:\/\/tilakpolypack.com\/de\/wp-content\/uploads\/2023\/10\/silage-picture-tilak.jpg","type":"image\/jpeg"}],"twitter_card":"summary_large_image","twitter_misc":{"Est. reading time":"5 minutes"},"schema":{"@context":"https:\/\/schema.org","@graph":[{"@type":"WebPage","@id":"https:\/\/tilakpolypack.com\/de\/silage-stretchfolie\/","url":"https:\/\/tilakpolypack.com\/de\/silage-stretchfolie\/","name":"Silage-Stretchfolie | Starker Hersteller von Agrarfolien","isPartOf":{"@id":"https:\/\/tilakpolypack.com\/de\/#website"},"primaryImageOfPage":{"@id":"https:\/\/tilakpolypack.com\/de\/silage-stretchfolie\/#primaryimage"},"image":{"@id":"https:\/\/tilakpolypack.com\/de\/silage-stretchfolie\/#primaryimage"},"thumbnailUrl":"https:\/\/tilakpolypack.com\/de\/wp-content\/uploads\/2023\/10\/silage-picture-tilak.jpg","datePublished":"2023-10-06T10:20:19+00:00","dateModified":"2025-09-19T07:09:31+00:00","description":"F\u00fchrender Hersteller von Silage-Stretchfolien in Deutschland. Strapazierf\u00e4hige Agrarfolie zum Schutz der Pflanzen und zur langlebigen Silageverpackung.","inLanguage":"en-US","potentialAction":[{"@type":"ReadAction","target":["https:\/\/tilakpolypack.com\/de\/silage-stretchfolie\/"]}]},{"@type":"ImageObject","inLanguage":"en-US","@id":"https:\/\/tilakpolypack.com\/de\/silage-stretchfolie\/#primaryimage","url":"https:\/\/tilakpolypack.com\/de\/wp-content\/uploads\/2023\/10\/silage-picture-tilak.jpg","contentUrl":"https:\/\/tilakpolypack.com\/de\/wp-content\/uploads\/2023\/10\/silage-picture-tilak.jpg","width":760,"height":510},{"@type":"WebSite","@id":"https:\/\/tilakpolypack.com\/de\/#website","url":"https:\/\/tilakpolypack.com\/de\/","name":"Tilak Polypack","description":"","potentialAction":[{"@type":"SearchAction","target":{"@type":"EntryPoint","urlTemplate":"https:\/\/tilakpolypack.com\/de\/?s={search_term_string}"},"query-input":"required name=search_term_string"}],"inLanguage":"en-US"}]}},"_links":{"self":[{"href":"https:\/\/tilakpolypack.com\/de\/wp-json\/wp\/v2\/pages\/7394","targetHints":{"allow":["GET"]}}],"collection":[{"href":"https:\/\/tilakpolypack.com\/de\/wp-json\/wp\/v2\/pages"}],"about":[{"href":"https:\/\/tilakpolypack.com\/de\/wp-json\/wp\/v2\/types\/page"}],"author":[{"embeddable":true,"href":"https:\/\/tilakpolypack.com\/de\/wp-json\/wp\/v2\/users\/1"}],"replies":[{"embeddable":true,"href":"https:\/\/tilakpolypack.com\/de\/wp-json\/wp\/v2\/comments?post=7394"}],"version-history":[{"count":9,"href":"https:\/\/tilakpolypack.com\/de\/wp-json\/wp\/v2\/pages\/7394\/revisions"}],"predecessor-version":[{"id":9826,"href":"https:\/\/tilakpolypack.com\/de\/wp-json\/wp\/v2\/pages\/7394\/revisions\/9826"}],"wp:featuredmedia":[{"embeddable":true,"href":"https:\/\/tilakpolypack.com\/de\/wp-json\/wp\/v2\/media\/8098"}],"wp:attachment":[{"href":"https:\/\/tilakpolypack.com\/de\/wp-json\/wp\/v2\/media?parent=7394"}],"curies":[{"name":"wp","href":"https:\/\/api.w.org\/{rel}","templated":true}]}}