{"id":7393,"date":"2023-10-06T10:20:05","date_gmt":"2023-10-06T10:20:05","guid":{"rendered":"https:\/\/archiveyourwords.com\/tilak\/?page_id=7393"},"modified":"2025-09-19T06:55:29","modified_gmt":"2025-09-19T06:55:29","slug":"frischhaltefolie","status":"publish","type":"page","link":"https:\/\/tilakpolypack.com\/de\/frischhaltefolie\/","title":{"rendered":"Frischhaltefolie"},"content":{"rendered":"<section class=\"wpb-content-wrapper\"><p>[vc_row][vc_column][vc_column_text]<\/p>\n<div class=\"col-md-12\">\n<div class=\"prod-category-img\"><\/div>\n<\/div>\n<div class=\"col-md-12\">\n<h2>Frischhaltefolie<\/h2>\n<p>Frischhaltefolie haftet und bedeckt Lebensmittel, ohne dass Klebstoff oder Klebemittel erforderlich sind. Wir bieten Frischhaltefolien an, die Lebensmittel fest zusammenhalten.<\/p>\n<p>Die von uns angebotene Frischhaltefolie ist eine Art Folie, mit der Lebensmittel unterschiedlicher Form und Gr\u00f6\u00dfe umwickelt werden k\u00f6nnen. Diese Folie besteht aus transparentem Polymer, das sich an Lebensmittelbeh\u00e4lter oder andere Materialien anhaftet und so eine Versiegelung f\u00fcr das jeweilige Lebensmittel bildet. Frischhaltefolie sch\u00fctzt Lebensmittel vor Verunreinigungen und h\u00e4lt sie bis zum Verzehr frisch.<\/p>\n<p>Frischhaltefolie kann auch sehr vielseitig eingesetzt werden, da sie an Beh\u00e4ltern mit breitem Rand haftet und stark gedehnt werden kann.<\/p>\n<h2>Stretchfolie aus Polyethylen \u2013 Vielseitige Verpackungsl\u00f6sungen<\/h2>\n<p><a href=\"https:\/\/tilakpolypack.com\/de\/pharma-qualitat-poly\/\"><strong>Stretchfolie aus Polyethylen<\/strong><\/a> ist eine flexible, dehnbare Folie, die sich ideal f\u00fcr die Verpackung von Lebensmitteln eignet. Sie haftet ohne Klebstoffe und sch\u00fctzt Produkte vor Feuchtigkeit, Staub und \u00e4u\u00dferen Einfl\u00fcssen. Dank ihrer hohen Dehnbarkeit passt sie sich verschiedenen Formen an und sorgt f\u00fcr eine sichere Versiegelung. Diese Eigenschaften machen sie zur bevorzugten Wahl f\u00fcr die Frischhaltung von Lebensmitteln. Tilak Polypack bietet hochwertige Stretchfolie aus Polyethylen, die den internationalen Standards entspricht und in verschiedenen St\u00e4rken und Gr\u00f6\u00dfen erh\u00e4ltlich ist, um den unterschiedlichen Anforderungen gerecht zu werden.<\/p>\n<h2>Hersteller von Frischhaltefolie<\/h2>\n<p>Meistens wird Polyethylen verwendet, um die Anforderungen an die Herstellung einer Frischhaltefolie zu erf\u00fcllen. Die Dehnbarkeit der Frischhaltefolie sorgt daf\u00fcr, dass sie gut haftet und sich gleichm\u00e4\u00dfig um die Lebensmittel wickeln l\u00e4sst.<\/p>\n<ul>\n<li>Es h\u00e4lt die Lebensmittel weich:<\/li>\n<li>Es verhindert, dass Lebensmittel im K\u00fchlschrank austrocknen, und verhindert au\u00dferdem, dass sich der Geruch von Lebensmitteln im K\u00fchlschrank ausbreitet, sodass diese jederzeit frisch bleiben.<\/li>\n<\/ul>\n<p>Tilak Polypack ist einer der weltweit f\u00fchrenden <a href=\"https:\/\/tilakpolypack.com\/de\/stretchfolie\/\"><strong>Hersteller und Lieferanten von Frischhaltefolie<\/strong><\/a>. Mit Niederlassungen in L\u00e4ndern wie den USA, Singapur, Australien, Deutschland, Kanada, Neuseeland, Gro\u00dfbritannien, Irland, Schottland und Norwegen hat sich Tilak Polypack als zuverl\u00e4ssiger Anbieter von hochwertiger Frischhaltefolie etabliert.<\/p>\n<h2>Einige Vorteile von Frischhaltefolie sind<\/h2>\n<ul>\n<li>Verspricht Frische bei Lebensmitteln<\/li>\n<li>N\u00fctzlich zum Einwickeln verschiedener Lebensmittel, um deren Qualit\u00e4t zu bewahren.<\/li>\n<li>Lebensmittel wie gekochte Lebensmittel, Obst, Gem\u00fcse, Milchprodukte, S\u00fc\u00dfigkeiten<\/li>\n<li>Es bewahrt das Aroma in den Lebensmitteln.<\/li>\n<\/ul>\n<h2>Dekorative Klebefolien, die keine Klebstoffe ben\u00f6tigen<\/h2>\n<p>Frischhaltefolien gibt es in verschiedenen Farben. Mit solchen Folien ben\u00f6tigen Sie keine Klebstoffe oder klebrigen Kleber mehr. Wir bieten wiederverwendbare Frischhaltefolien an, die eine kosteng\u00fcnstige Option darstellen. Dekorative Folien eignen sich gut zum Dekorieren von Acryloberfl\u00e4chen, Bilderrahmen, Spiegeln, Autos oder Schultaschen.<\/p>\n<h2>Wie w\u00e4hlt man Frischhaltefolie aus?<\/h2>\n<p>Um Frischhaltefolien auszuw\u00e4hlen, gehen Sie wie folgt vor:<\/p>\n<ol>\n<li>Bestimmen Sie die ben\u00f6tigte Gr\u00f6\u00dfe anhand der Gegenst\u00e4nde, die Sie einwickeln m\u00f6chten.<\/li>\n<li>\u00dcberpr\u00fcfen Sie die Dicke der Frischhaltefolie auf die gew\u00fcnschte Festigkeit und Flexibilit\u00e4t.<\/li>\n<li>Achten Sie auf Frischhaltefolien aus hochwertigen Materialien wie Polyethylen.<\/li>\n<li>\u00dcberlegen Sie, ob Sie Frischhaltefolie mit einer Schneidevorrichtung ben\u00f6tigen, um sie leichter abrollen zu k\u00f6nnen.<\/li>\n<li>\u00dcberpr\u00fcfen Sie, ob die Frischhaltefolie mikrowellengeeignet ist, wenn Sie sie zum Aufw\u00e4rmen von Speisen verwenden m\u00f6chten.<\/li>\n<li>\u00dcberlegen Sie, ob Sie Frischhaltefolien mit einer haftenden und dehnbaren Textur f\u00fcr eine bessere Versiegelung ben\u00f6tigen.<\/li>\n<li>Suchen Sie nach Herstellern oder Lieferanten von Frischhaltefolie, die f\u00fcr ihre hochwertigen Produkte bekannt sind.<\/li>\n<li>Vergleichen Sie die Preise und w\u00e4hlen Sie einen Anbieter f\u00fcr Frischhaltefolie, der ein gutes Preis-Leistungs-Verh\u00e4ltnis bietet.<\/li>\n<li>Lesen Sie Kundenbewertungen, um sich ein Bild von der Qualit\u00e4t und Leistungsf\u00e4higkeit der Frischhaltefolien zu machen.<\/li>\n<li>Kaufen Sie die Frischhaltefolien, die Ihren Anforderungen und Ihrem Budget am besten entsprechen, bei zuverl\u00e4ssigen Anbietern von Frischhaltefolie oder Frischhaltefolienlieferanten.<\/li>\n<\/ol>\n<p>Bei <a href=\"https:\/\/tilakpolypack.com\/de\/\"><strong>Tilak Polypack<\/strong><\/a> ber\u00fccksichtigen wir all diese Faktoren bei der Herstellung von Frischhaltefolien und produzieren Frischhaltefolien von h\u00f6chster Qualit\u00e4t. Wenn es um den Kauf von Frischhaltefolien geht, ist Tilak Polypack eine zuverl\u00e4ssige Wahl. Wir sind bekannt f\u00fcr unsere hochwertigen Produkte und unseren au\u00dfergew\u00f6hnlichen Kundenservice. Mit einer gro\u00dfen Auswahl an Frischhaltefolien bietet Tilak Polypack transparente, dehnbare und haftende Optionen, die eine effektive Versiegelung und Konservierung von Lebensmitteln gew\u00e4hrleisten.<\/p>\n<p>&nbsp;<\/p>\n<\/div>\n<p>[\/vc_column_text][vc_wp_text]<\/p>\n<h2>Size Details<\/h2>\n<table>\n<thead>\n<tr>\n<th>Funktion<\/th>\n<th>Beschreibung<\/th>\n<\/tr>\n<\/thead>\n<tbody>\n<tr>\n<td>Schutz vor Staub \/ Schmutz<\/td>\n<td>Ja<\/td>\n<\/tr>\n<tr>\n<td>Wasserdichte Verpackung<\/td>\n<td>Hilft dabei, Verpackungen wasserdicht zu machen, wenn sie um Papierbeh\u00e4lter gewickelt werden.<\/td>\n<\/tr>\n<tr>\n<td>Sichtpr\u00fcfung<\/td>\n<td>Hilfsmittel f\u00fcr die Sichtpr\u00fcfung<\/td>\n<\/tr>\n<tr>\n<td>Kosteneffizienz<\/td>\n<td>Kosteng\u00fcnstiger als Umreifungsb\u00e4nder \/ Schrumpffolien \/ Wellpappe<\/td>\n<\/tr>\n<tr>\n<td>Verpackungsoptionen<\/td>\n<td>Verf\u00fcgbar f\u00fcr manuelles Verpacken \/ maschinelles Verpacken<\/td>\n<\/tr>\n<tr>\n<td>Standardbreiten<\/td>\n<td>50 mm \/ 100 mm \/ 150 mm \/ 200 mm \/ 300 mm \/ 450 mm \/ 500 mm \/ 600 mm (Andere Breiten auf Anfrage erh\u00e4ltlich. Maximale Breite 1,5 Meter)<\/td>\n<\/tr>\n<tr>\n<td>Standarddicke<\/td>\n<td>12 Mikrometer \/ 15 Mikrometer \/ 18 Mikrometer \/ 23 Mikrometer \/ 29 Mikrometer (andere St\u00e4rken auf Anfrage erh\u00e4ltlich)<\/td>\n<\/tr>\n<tr>\n<td>Standardfarben<\/td>\n<td>Naturfarben \/ Opakwei\u00df \/ Blau \/ Schwarz (Andere Farben auf Anfrage erh\u00e4ltlich)<\/td>\n<\/tr>\n<tr>\n<td>Standard-Kern-ID<\/td>\n<td>25 mm \/ 31 mm \/ 76,2 mm<\/td>\n<\/tr>\n<tr>\n<td>Spezielle Zusatzstoffe<\/td>\n<td>UV-Schutz \/ VCI \/ Antistatisch<\/td>\n<\/tr>\n<\/tbody>\n<\/table>\n<p>[\/vc_wp_text][\/vc_column][\/vc_row][vc_row ts_responsive_css=&#8221;25777273|colbreak_no|20|||||10||10|colbreak_no|||||||||colbreak_no||||||||||colbreak_no|||||||||&#8221; css=&#8221;.vc_custom_1696656087423{margin-top: 30px !important;padding-right: 10px !important;padding-left: 10px !important;}&#8221;][vc_column]<section class=\"ts-vc_cta3-container\"><div class=\"ts-vc_general ts-vc_cta3 ts-cta3-only ts-vc_cta3-style-classic ts-vc_cta3-shape-rounded ts-vc_cta3-align-left ts-vc_cta3-color-transparent ts-vc_cta3-icon-size-md ts-vc_cta3-actions-right ts-cta3-with-desc\"><div class=\"ts-vc_cta3_content-container\"><div class=\"ts-vc_cta3-content\"><div class=\"ts-vc_cta3-content-header ts-wrap\"><div class=\"ts-vc_cta3-headers ts-wrap-cell\"><\/div><\/div><div class=\"ts-cta3-content-wrapper\"><p>Bitte kontaktieren Sie uns unter <a href=\"tel:9227422544\">+91-9227422544<\/a> oder senden Sie uns eine E-Mail an <a href=\"mailto:info@tilakpolypack.com\">info@tilakpolypack.com<\/a>, um Angebote oder weitere Informationen zu erhalten.<\/p><\/div><\/div><div class=\"ts-vc_cta3-actions\">\r\n\t\t<div class=\"ts-vc_btn3-container  popmake-8197 ts-vc_btn3-inline\"><a class=\"ts-vc_general ts-vc_btn3 ts-vc_btn3-size-md ts-vc_btn3-shape-rounded ts-vc_btn3-style-flat ts-vc_btn3-weight-yes ts-vc_btn3-color-skincolor\" href=\"\" title=\"\">Anfrage senden<\/a><\/div><\/div><\/div><\/div><\/section>[\/vc_column][\/vc_row]<\/p>\n<\/section>","protected":false},"excerpt":{"rendered":"<p>[vc_row][vc_column][vc_column_text] Frischhaltefolie Frischhaltefolie haftet und bedeckt Lebensmittel, ohne dass Klebstoff oder Klebemittel erforderlich sind. Wir bieten Frischhaltefolien an, die Lebensmittel fest zusammenhalten. Die von uns angebotene Frischhaltefolie ist eine Art Folie, mit der Lebensmittel unterschiedlicher Form und Gr\u00f6\u00dfe umwickelt werden k\u00f6nnen. Diese Folie besteht aus transparentem Polymer, das sich an Lebensmittelbeh\u00e4lter oder andere Materialien anhaftet &hellip; <a href=\"https:\/\/tilakpolypack.com\/de\/frischhaltefolie\/\" class=\"more-link\">Continue reading <span class=\"screen-reader-text\">Frischhaltefolie<\/span><\/a><\/p>\n","protected":false},"author":1,"featured_media":8099,"parent":0,"menu_order":0,"comment_status":"closed","ping_status":"closed","template":"","meta":{"_acf_changed":false,"om_disable_all_campaigns":false,"_monsterinsights_skip_tracking":false,"_monsterinsights_sitenote_active":false,"_monsterinsights_sitenote_note":"","_monsterinsights_sitenote_category":0,"_uf_show_specific_survey":0,"_uf_disable_surveys":false,"footnotes":""},"class_list":["post-7393","page","type-page","status-publish","has-post-thumbnail","hentry"],"acf":[],"yoast_head":"<!-- This site is optimized with the Yoast SEO plugin v22.3 - https:\/\/yoast.com\/wordpress\/plugins\/seo\/ -->\n<title>Frischhalte-Stretchfolie | Lieferant von Polyethylenfolie<\/title>\n<meta name=\"description\" content=\"Lieferant von Frischhaltefolie und Polyethylenfolie in Deutschland. Perfekt f\u00fcr sicheres Verpacken und Verpacken.\" \/>\n<meta name=\"robots\" content=\"index, follow, max-snippet:-1, max-image-preview:large, max-video-preview:-1\" \/>\n<link rel=\"canonical\" href=\"https:\/\/tilakpolypack.com\/de\/frischhaltefolie\/\" \/>\n<meta property=\"og:locale\" content=\"en_US\" \/>\n<meta property=\"og:type\" content=\"article\" \/>\n<meta property=\"og:title\" content=\"Frischhalte-Stretchfolie | Lieferant von Polyethylenfolie\" \/>\n<meta property=\"og:description\" content=\"Lieferant von Frischhaltefolie und Polyethylenfolie in Deutschland. Perfekt f\u00fcr sicheres Verpacken und Verpacken.\" \/>\n<meta property=\"og:url\" content=\"https:\/\/tilakpolypack.com\/de\/frischhaltefolie\/\" \/>\n<meta property=\"og:site_name\" content=\"Tilak Polypack\" \/>\n<meta property=\"article:modified_time\" content=\"2025-09-19T06:55:29+00:00\" \/>\n<meta property=\"og:image\" content=\"https:\/\/tilakpolypack.com\/de\/wp-content\/uploads\/2023\/10\/Cling-Film.jpg\" \/>\n\t<meta property=\"og:image:width\" content=\"760\" \/>\n\t<meta property=\"og:image:height\" content=\"510\" \/>\n\t<meta property=\"og:image:type\" content=\"image\/jpeg\" \/>\n<meta name=\"twitter:card\" content=\"summary_large_image\" \/>\n<meta name=\"twitter:label1\" content=\"Est. reading time\" \/>\n\t<meta name=\"twitter:data1\" content=\"4 minutes\" \/>\n<script type=\"application\/ld+json\" class=\"yoast-schema-graph\">{\"@context\":\"https:\/\/schema.org\",\"@graph\":[{\"@type\":\"WebPage\",\"@id\":\"https:\/\/tilakpolypack.com\/de\/frischhaltefolie\/\",\"url\":\"https:\/\/tilakpolypack.com\/de\/frischhaltefolie\/\",\"name\":\"Frischhalte-Stretchfolie | Lieferant von Polyethylenfolie\",\"isPartOf\":{\"@id\":\"https:\/\/tilakpolypack.com\/de\/#website\"},\"primaryImageOfPage\":{\"@id\":\"https:\/\/tilakpolypack.com\/de\/frischhaltefolie\/#primaryimage\"},\"image\":{\"@id\":\"https:\/\/tilakpolypack.com\/de\/frischhaltefolie\/#primaryimage\"},\"thumbnailUrl\":\"https:\/\/tilakpolypack.com\/de\/wp-content\/uploads\/2023\/10\/Cling-Film.jpg\",\"datePublished\":\"2023-10-06T10:20:05+00:00\",\"dateModified\":\"2025-09-19T06:55:29+00:00\",\"description\":\"Lieferant von Frischhaltefolie und Polyethylenfolie in Deutschland. Perfekt f\u00fcr sicheres Verpacken und Verpacken.\",\"inLanguage\":\"en-US\",\"potentialAction\":[{\"@type\":\"ReadAction\",\"target\":[\"https:\/\/tilakpolypack.com\/de\/frischhaltefolie\/\"]}]},{\"@type\":\"ImageObject\",\"inLanguage\":\"en-US\",\"@id\":\"https:\/\/tilakpolypack.com\/de\/frischhaltefolie\/#primaryimage\",\"url\":\"https:\/\/tilakpolypack.com\/de\/wp-content\/uploads\/2023\/10\/Cling-Film.jpg\",\"contentUrl\":\"https:\/\/tilakpolypack.com\/de\/wp-content\/uploads\/2023\/10\/Cling-Film.jpg\",\"width\":760,\"height\":510,\"caption\":\"hello this is caption my wprd\"},{\"@type\":\"WebSite\",\"@id\":\"https:\/\/tilakpolypack.com\/de\/#website\",\"url\":\"https:\/\/tilakpolypack.com\/de\/\",\"name\":\"Tilak Polypack\",\"description\":\"\",\"potentialAction\":[{\"@type\":\"SearchAction\",\"target\":{\"@type\":\"EntryPoint\",\"urlTemplate\":\"https:\/\/tilakpolypack.com\/de\/?s={search_term_string}\"},\"query-input\":\"required name=search_term_string\"}],\"inLanguage\":\"en-US\"}]}<\/script>\n<!-- \/ Yoast SEO plugin. -->","yoast_head_json":{"title":"Frischhalte-Stretchfolie | Lieferant von Polyethylenfolie","description":"Lieferant von Frischhaltefolie und Polyethylenfolie in Deutschland. Perfekt f\u00fcr sicheres Verpacken und Verpacken.","robots":{"index":"index","follow":"follow","max-snippet":"max-snippet:-1","max-image-preview":"max-image-preview:large","max-video-preview":"max-video-preview:-1"},"canonical":"https:\/\/tilakpolypack.com\/de\/frischhaltefolie\/","og_locale":"en_US","og_type":"article","og_title":"Frischhalte-Stretchfolie | Lieferant von Polyethylenfolie","og_description":"Lieferant von Frischhaltefolie und Polyethylenfolie in Deutschland. Perfekt f\u00fcr sicheres Verpacken und Verpacken.","og_url":"https:\/\/tilakpolypack.com\/de\/frischhaltefolie\/","og_site_name":"Tilak Polypack","article_modified_time":"2025-09-19T06:55:29+00:00","og_image":[{"width":760,"height":510,"url":"https:\/\/tilakpolypack.com\/de\/wp-content\/uploads\/2023\/10\/Cling-Film.jpg","type":"image\/jpeg"}],"twitter_card":"summary_large_image","twitter_misc":{"Est. reading time":"4 minutes"},"schema":{"@context":"https:\/\/schema.org","@graph":[{"@type":"WebPage","@id":"https:\/\/tilakpolypack.com\/de\/frischhaltefolie\/","url":"https:\/\/tilakpolypack.com\/de\/frischhaltefolie\/","name":"Frischhalte-Stretchfolie | Lieferant von Polyethylenfolie","isPartOf":{"@id":"https:\/\/tilakpolypack.com\/de\/#website"},"primaryImageOfPage":{"@id":"https:\/\/tilakpolypack.com\/de\/frischhaltefolie\/#primaryimage"},"image":{"@id":"https:\/\/tilakpolypack.com\/de\/frischhaltefolie\/#primaryimage"},"thumbnailUrl":"https:\/\/tilakpolypack.com\/de\/wp-content\/uploads\/2023\/10\/Cling-Film.jpg","datePublished":"2023-10-06T10:20:05+00:00","dateModified":"2025-09-19T06:55:29+00:00","description":"Lieferant von Frischhaltefolie und Polyethylenfolie in Deutschland. Perfekt f\u00fcr sicheres Verpacken und Verpacken.","inLanguage":"en-US","potentialAction":[{"@type":"ReadAction","target":["https:\/\/tilakpolypack.com\/de\/frischhaltefolie\/"]}]},{"@type":"ImageObject","inLanguage":"en-US","@id":"https:\/\/tilakpolypack.com\/de\/frischhaltefolie\/#primaryimage","url":"https:\/\/tilakpolypack.com\/de\/wp-content\/uploads\/2023\/10\/Cling-Film.jpg","contentUrl":"https:\/\/tilakpolypack.com\/de\/wp-content\/uploads\/2023\/10\/Cling-Film.jpg","width":760,"height":510,"caption":"hello this is caption my wprd"},{"@type":"WebSite","@id":"https:\/\/tilakpolypack.com\/de\/#website","url":"https:\/\/tilakpolypack.com\/de\/","name":"Tilak Polypack","description":"","potentialAction":[{"@type":"SearchAction","target":{"@type":"EntryPoint","urlTemplate":"https:\/\/tilakpolypack.com\/de\/?s={search_term_string}"},"query-input":"required name=search_term_string"}],"inLanguage":"en-US"}]}},"_links":{"self":[{"href":"https:\/\/tilakpolypack.com\/de\/wp-json\/wp\/v2\/pages\/7393","targetHints":{"allow":["GET"]}}],"collection":[{"href":"https:\/\/tilakpolypack.com\/de\/wp-json\/wp\/v2\/pages"}],"about":[{"href":"https:\/\/tilakpolypack.com\/de\/wp-json\/wp\/v2\/types\/page"}],"author":[{"embeddable":true,"href":"https:\/\/tilakpolypack.com\/de\/wp-json\/wp\/v2\/users\/1"}],"replies":[{"embeddable":true,"href":"https:\/\/tilakpolypack.com\/de\/wp-json\/wp\/v2\/comments?post=7393"}],"version-history":[{"count":7,"href":"https:\/\/tilakpolypack.com\/de\/wp-json\/wp\/v2\/pages\/7393\/revisions"}],"predecessor-version":[{"id":10198,"href":"https:\/\/tilakpolypack.com\/de\/wp-json\/wp\/v2\/pages\/7393\/revisions\/10198"}],"wp:featuredmedia":[{"embeddable":true,"href":"https:\/\/tilakpolypack.com\/de\/wp-json\/wp\/v2\/media\/8099"}],"wp:attachment":[{"href":"https:\/\/tilakpolypack.com\/de\/wp-json\/wp\/v2\/media?parent=7393"}],"curies":[{"name":"wp","href":"https:\/\/api.w.org\/{rel}","templated":true}]}}