{"id":7389,"date":"2023-10-06T10:19:39","date_gmt":"2023-10-06T10:19:39","guid":{"rendered":"https:\/\/archiveyourwords.com\/tilak\/?page_id=7389"},"modified":"2025-09-19T06:50:34","modified_gmt":"2025-09-19T06:50:34","slug":"maschinenstretchfolien","status":"publish","type":"page","link":"https:\/\/tilakpolypack.com\/de\/maschinenstretchfolien\/","title":{"rendered":"Maschinenstretchfolien"},"content":{"rendered":"<section class=\"wpb-content-wrapper\"><p>[vc_row][vc_column][vc_column_text css=&#8221;.vc_custom_1756121319977{padding-top: 20px !important;}&#8221;]<\/p>\n<h2>Maschinenstretchfolien<\/h2>\n<p>Bei Tilak Polypack bieten wir auch Maschinenstretchfolie\/Rollen an, die einfach in den Maschinen angebracht und sp\u00e4ter zum Umwickeln von Waren und Paletten verwendet werden k\u00f6nnen und in verschiedenen Spezifikationen erh\u00e4ltlich sind. Wir bieten eine sehr gute Qualit\u00e4t und wettbewerbsf\u00e4hige Preise f\u00fcr alle unsere Produkte, einschlie\u00dflich Maschinenstretchfolie.[\/vc_column_text][vc_column_text]<\/p>\n<h2>Stretchfolien-Verpackungsmaschine<\/h2>\n<p>Bei <a href=\"https:\/\/tilakpolypack.com\/\"><strong>Tilak Polypack<\/strong><\/a> haben wir uns der Herstellung hochwertiger Maschinen-Stretchfolien verschrieben, die sich durch au\u00dfergew\u00f6hnliche Leistung und Zuverl\u00e4ssigkeit auszeichnen. Unser Herstellungsprozess und unsere herausragenden Eigenschaften heben uns von anderen Anbietern in der Branche ab.<\/p>\n<p>Wir produzieren Maschinenstretchfolie mit Pr\u00e4zision und Konsistenz unter Verwendung modernster Maschinen und fortschrittlicher Techniken. Bei diesem Verfahren wird eine Rolle Polyethylenfolie in eine Spezialmaschine eingef\u00fchrt, die die Folie dehnt, w\u00e4hrend sie um eine Ladung gewickelt wird. Dieser Dehnungsprozess verbessert die Elastizit\u00e4t der Folie und sorgt f\u00fcr eine hervorragende Ladungssicherung. Die gedehnte Folie wird dann auf einen Kern gewickelt, wodurch eine fest verschlossene Umh\u00fcllung entsteht, die f\u00fcr den maschinellen Einsatz geeignet ist.<\/p>\n<p>Tilak Polypack ist einer der weltweit f\u00fchrenden <a href=\"https:\/\/tilakpolypack.com\/de\/stretchfolie\/\"><strong>Hersteller und Lieferanten von Maschinenstretchfolie<\/strong><\/a>. Mit Niederlassungen in L\u00e4ndern wie den USA, Singapur, Australien, Deutschland, Kanada, Neuseeland, Gro\u00dfbritannien, Irland, Schottland und Norwegen hat sich Tilak Polypack als zuverl\u00e4ssiger Anbieter von hochwertiger Maschinenstretchfolie etabliert.<\/p>\n<h2><span style=\"font-weight: 400;\">Maschinelle Stretchrollen<\/span><\/h2>\n<p><span style=\"font-weight: 400;\">Maschinelle Stretchrollen sind speziell entwickelte Rollen f\u00fcr den Einsatz in Stretchmaschinen. Sie bieten eine gleichm\u00e4\u00dfige und effiziente Wicklung, die eine optimale Palettensicherung gew\u00e4hrleistet. Durch ihre hohe Dehnbarkeit und R\u00fcckstellkraft reduzieren sie den Materialverbrauch und erh\u00f6hen gleichzeitig die Stabilit\u00e4t der verpackten G\u00fcter. Tilak Polypack bietet eine Vielzahl von Maschinellen Stretchrollen, die in verschiedenen Breiten, St\u00e4rken und Farben erh\u00e4ltlich sind, um den unterschiedlichen Anforderungen der Kunden gerecht zu werden.<\/span><\/p>\n<h2><span style=\"font-weight: 400;\">Maschinenstretchfolie<\/span><\/h2>\n<p><span style=\"font-weight: 400;\">Maschinenstretchfolie ist eine vielseitige Verpackungsfolie, die sich ideal f\u00fcr den Einsatz in automatisierten Verpackungsprozessen eignet. Sie bietet eine hohe Dehnbarkeit, exzellente R\u00fcckstellkraft und eine ausgezeichnete Durchsto\u00dffestigkeit. Diese Eigenschaften machen sie zur bevorzugten Wahl f\u00fcr die Sicherung von Paletten in verschiedenen Industrien. Tilak Polypack bietet eine breite Auswahl an Maschinenstretchfolie, die auf die spezifischen Anforderungen der Kunden zugeschnitten ist, um eine effiziente und kosteng\u00fcnstige Verpackungsl\u00f6sung zu gew\u00e4hrleisten.<\/span><\/p>\n<h2><span style=\"font-weight: 400;\">Geblasene Maschinen-Stretchfolie<\/span><\/h2>\n<p><span style=\"font-weight: 400;\"><a href=\"https:\/\/tilakpolypack.com\/de\/kunststoff-stretchfolie\/\"><strong>Geblasene Maschinen-Stretchfolie<\/strong><\/a> wird durch ein spezielles Blasverfahren hergestellt, das eine besonders hohe Dehnbarkeit und R\u00fcckstellkraft erm\u00f6glicht. Diese Folie bietet eine hervorragende Durchsto\u00dffestigkeit und ist ideal f\u00fcr die Sicherung von schweren oder unregelm\u00e4\u00dfig geformten G\u00fctern. Tilak Polypack bietet Geblasene Maschinen-Stretchfolie in verschiedenen St\u00e4rken und Breiten an, um den unterschiedlichen Anforderungen der Kunden gerecht zu werden.<\/span><\/p>\n<h2><span style=\"font-weight: 400;\">Maschinenstretchfolie gegossen<\/span><\/h2>\n<p><span style=\"font-weight: 400;\">Maschinenstretchfolie gegossen wird durch ein Gie\u00dfverfahren hergestellt, das eine gleichm\u00e4\u00dfige Dicke und hohe Klarheit der Folie gew\u00e4hrleistet. Sie bietet eine ausgezeichnete Haftung und ist besonders geeignet f\u00fcr die Sicherung von Paletten mit empfindlichen oder zerbrechlichen G\u00fctern. Tilak Polypack bietet Maschinenstretchfolie gegossen in verschiedenen Ausf\u00fchrungen an, um den spezifischen Anforderungen der Kunden gerecht zu werden.<\/span><\/p>\n<h2><span style=\"font-weight: 400;\">Anti-UV-Stretchfolie<\/span><\/h2>\n<p><span style=\"font-weight: 400;\"><a href=\"https:\/\/tilakpolypack.com\/de\/kernlose-stretchfolie\/\"><strong>Anti-UV-Stretchfolie<\/strong><\/a> bietet einen effektiven Schutz gegen sch\u00e4dliche UV-Strahlen, die die Qualit\u00e4t der verpackten Produkte beeintr\u00e4chtigen k\u00f6nnen. Diese Folie ist besonders geeignet f\u00fcr die Lagerung von Produkten im Freien oder in Bereichen mit hoher Sonneneinstrahlung. Tilak Polypack bietet Anti-UV-Stretchfolie in verschiedenen St\u00e4rken und Breiten an, um den unterschiedlichen Anforderungen der Kunden gerecht zu werden.<\/span>[\/vc_column_text][vc_column_text]<\/p>\n<h2>Maschinenstretchfolie \/ Folieneigenschaften<\/h2>\n<ul>\n<li>Hohe Transparenz<\/li>\n<li>Keine Verf\u00e4rbung<\/li>\n<li>Hat Zugfestigkeitseigenschaften<\/li>\n<li>Umweltfreundlich<\/li>\n<li>Nicht giftig<\/li>\n<li>Hohe Verpackungsflexibilit\u00e4t<\/li>\n<li>Kosteneinsparungspaket<\/li>\n<\/ul>\n<p>Diese Maschinen-Stretchfolien sind hoch dehnbar und verf\u00fcgen \u00fcber eine hohe Festigkeit, die Verschlei\u00dferscheinungen beim Transport von Waren oder beim Be- und Entladen von Waren standh\u00e4lt. Je st\u00e4rker diese Folien gedehnt werden, desto besser k\u00f6nnen sie verhindern, dass die Waren oder Produkte besch\u00e4digt werden.<\/p>\n<p>Wir bieten einseitige und doppelseitige Folien mit unterschiedlicher Haftf\u00e4higkeit an.[\/vc_column_text][vc_column_text]<\/p>\n<h2>Warum sollten Sie sich f\u00fcr Tilak Polypack als Anbieter von Maschinen-Stretchfolie entscheiden?<\/h2>\n<ol>\n<li><strong>Qualit\u00e4tssicherung<\/strong>: Wir halten uns w\u00e4hrend des gesamten Herstellungsprozesses an strenge Qualit\u00e4tskontrollma\u00dfnahmen, um sicherzustellen, dass unsere Maschinen-Stretchfolie den h\u00f6chsten Industriestandards entspricht.<\/li>\n<li><strong>Anpassungsoptionen<\/strong>: Wir bieten Flexibilit\u00e4t hinsichtlich Filmst\u00e4rke, -breite und -l\u00e4nge und erm\u00f6glichen so ma\u00dfgeschneiderte L\u00f6sungen f\u00fcr spezifische Belastungsanforderungen.<\/li>\n<li><strong>Zuverl\u00e4ssige Lieferung<\/strong>: Wir halten ausreichende Lagerbest\u00e4nde vor und gew\u00e4hrleisten eine p\u00fcnktliche Lieferung, sodass unsere Kunden eine unterbrechungsfreie Versorgung und Unterst\u00fctzung erhalten.<\/li>\n<li><strong>Technisches Fachwissen<\/strong>: Unser Expertenteam verf\u00fcgt \u00fcber umfassende Kenntnisse und Erfahrungen im Bereich Stretchfolienverpackungsl\u00f6sungen und bietet unseren Kunden wertvolle Einblicke und technischen Support.<\/li>\n<li><strong>Kundenzufriedenheit<\/strong>: Wir legen gr\u00f6\u00dften Wert auf Kundenzufriedenheit und sind bestrebt, durch exzellenten Service, zuverl\u00e4ssige Produkte und wettbewerbsf\u00e4hige Preise langfristige Beziehungen aufzubauen.<\/li>\n<\/ol>\n<h2>Gr\u00f6\u00dfendetails<\/h2>\n<table>\n<thead>\n<tr>\n<th>Feature<\/th>\n<th>Description<\/th>\n<\/tr>\n<\/thead>\n<tbody>\n<tr>\n<td>Protection Against Dust \/ Dirt<\/td>\n<td>Yes<\/td>\n<\/tr>\n<tr>\n<td>Waterproof Packaging<\/td>\n<td>Helps make packaging waterproof when wrapped around paper containers<\/td>\n<\/tr>\n<tr>\n<td>Visual Inspection<\/td>\n<td>Helps for Visual Inspection<\/td>\n<\/tr>\n<tr>\n<td>Cost Effectiveness<\/td>\n<td>More Cost effective compared to Straps \/ Shrink \/ Corrugation<\/td>\n<\/tr>\n<tr>\n<td>Wrapping Options<\/td>\n<td>Available for Manual Wrapping \/ Machine Wrapping<\/td>\n<\/tr>\n<tr>\n<td>Standard Widths<\/td>\n<td>50 mm \/ 100 mm \/ 150 mm \/ 200 mm \/ 300 mm \/ 450 mm \/ 500 mm \/ 600 mm (Other Widths available on request. Max Width 1.5 Meters)<\/td>\n<\/tr>\n<tr>\n<td>Standard Thickness<\/td>\n<td>12 Micron \/ 15 Micron \/ 18 Micron \/ 23 Micron \/ 29 Micron (Other Thickness Available on request)<\/td>\n<\/tr>\n<tr>\n<td>Standard Colours<\/td>\n<td>Natural \/ Opaque White \/ Blue \/ Black (Other colours available on request)<\/td>\n<\/tr>\n<tr>\n<td>Standard Core ID<\/td>\n<td>25 mm \/ 31 mm \/ 76.2 mm<\/td>\n<\/tr>\n<tr>\n<td>Special Additives<\/td>\n<td>UV Protection \/ VCI \/ Antistatic<\/td>\n<\/tr>\n<\/tbody>\n<\/table>\n<p>[\/vc_column_text]<section class=\"ts-vc_cta3-container\"><div class=\"ts-vc_general ts-vc_cta3 ts-cta3-only ts-vc_cta3-style-classic ts-vc_cta3-shape-rounded ts-vc_cta3-align-left ts-vc_cta3-color-transparent ts-vc_cta3-icon-size-md ts-vc_cta3-actions-right vc_custom_1756121420927 ts-cta3-with-desc\"><div class=\"ts-vc_cta3_content-container\"><div class=\"ts-vc_cta3-content\"><div class=\"ts-vc_cta3-content-header ts-wrap\"><div class=\"ts-vc_cta3-headers ts-wrap-cell\"><\/div><\/div><div class=\"ts-cta3-content-wrapper\"><p>Bitte kontaktieren Sie uns unter <a href=\"tel:9227422544\">+91-9227422544<\/a> oder senden Sie uns eine E-Mail an <a href=\"mailto:info@tilakpolypack.com\">info@tilakpolypack.com<\/a>, um Angebote oder weitere Informationen zu erhalten.<\/p><\/div><\/div><div class=\"ts-vc_cta3-actions\">\r\n\t\t<div class=\"ts-vc_btn3-container  popmake-8197 ts-vc_btn3-inline\"><a class=\"ts-vc_general ts-vc_btn3 ts-vc_btn3-size-md ts-vc_btn3-shape-square ts-vc_btn3-style-flat ts-vc_btn3-weight-yes ts-vc_btn3-color-skincolor\" href=\"\" title=\"\">Anfrage senden<\/a><\/div><\/div><\/div><\/div><\/section>[\/vc_column][\/vc_row]<\/p>\n<\/section>","protected":false},"excerpt":{"rendered":"<p>[vc_row][vc_column][vc_column_text css=&#8221;.vc_custom_1756121319977{padding-top: 20px !important;}&#8221;] Maschinenstretchfolien Bei Tilak Polypack bieten wir auch Maschinenstretchfolie\/Rollen an, die einfach in den Maschinen angebracht und sp\u00e4ter zum Umwickeln von Waren und Paletten verwendet werden k\u00f6nnen und in verschiedenen Spezifikationen erh\u00e4ltlich sind. Wir bieten eine sehr gute Qualit\u00e4t und wettbewerbsf\u00e4hige Preise f\u00fcr alle unsere Produkte, einschlie\u00dflich Maschinenstretchfolie.[\/vc_column_text][vc_column_text] Stretchfolien-Verpackungsmaschine Bei Tilak Polypack &hellip; <a href=\"https:\/\/tilakpolypack.com\/de\/maschinenstretchfolien\/\" class=\"more-link\">Continue reading <span class=\"screen-reader-text\">Maschinenstretchfolien<\/span><\/a><\/p>\n","protected":false},"author":1,"featured_media":800,"parent":0,"menu_order":0,"comment_status":"closed","ping_status":"closed","template":"","meta":{"_acf_changed":false,"om_disable_all_campaigns":false,"_monsterinsights_skip_tracking":false,"_monsterinsights_sitenote_active":false,"_monsterinsights_sitenote_note":"","_monsterinsights_sitenote_category":0,"_uf_show_specific_survey":0,"_uf_disable_surveys":false,"footnotes":""},"class_list":["post-7389","page","type-page","status-publish","has-post-thumbnail","hentry"],"acf":[],"yoast_head":"<!-- This site is optimized with the Yoast SEO plugin v22.3 - https:\/\/yoast.com\/wordpress\/plugins\/seo\/ -->\n<title>Maschinenstretchfolienrollen | Anti-UV-Stretchfolie<\/title>\n<meta name=\"description\" content=\"Entdecken Sie maschinell hergestellte Stretchfolienrollen in gegossener, geblasener, undurchsichtiger, get\u00f6nter und UV-best\u00e4ndiger Ausf\u00fchrung.\" \/>\n<meta name=\"robots\" content=\"index, follow, max-snippet:-1, max-image-preview:large, max-video-preview:-1\" \/>\n<link rel=\"canonical\" href=\"https:\/\/tilakpolypack.com\/de\/maschinenstretchfolien\/\" \/>\n<meta property=\"og:locale\" content=\"en_US\" \/>\n<meta property=\"og:type\" content=\"article\" \/>\n<meta property=\"og:title\" content=\"Maschinenstretchfolienrollen | Anti-UV-Stretchfolie\" \/>\n<meta property=\"og:description\" content=\"Entdecken Sie maschinell hergestellte Stretchfolienrollen in gegossener, geblasener, undurchsichtiger, get\u00f6nter und UV-best\u00e4ndiger Ausf\u00fchrung.\" \/>\n<meta property=\"og:url\" content=\"https:\/\/tilakpolypack.com\/de\/maschinenstretchfolien\/\" \/>\n<meta property=\"og:site_name\" content=\"Tilak Polypack\" \/>\n<meta property=\"article:modified_time\" content=\"2025-09-19T06:50:34+00:00\" \/>\n<meta property=\"og:image\" content=\"https:\/\/tilakpolypack.com\/de\/wp-content\/uploads\/2019\/01\/Manual-Stretch-Film.jpg\" \/>\n\t<meta property=\"og:image:width\" content=\"760\" \/>\n\t<meta property=\"og:image:height\" content=\"510\" \/>\n\t<meta property=\"og:image:type\" content=\"image\/jpeg\" \/>\n<meta name=\"twitter:card\" content=\"summary_large_image\" \/>\n<meta name=\"twitter:label1\" content=\"Est. reading time\" \/>\n\t<meta name=\"twitter:data1\" content=\"4 minutes\" \/>\n<script type=\"application\/ld+json\" class=\"yoast-schema-graph\">{\"@context\":\"https:\/\/schema.org\",\"@graph\":[{\"@type\":\"WebPage\",\"@id\":\"https:\/\/tilakpolypack.com\/de\/maschinenstretchfolien\/\",\"url\":\"https:\/\/tilakpolypack.com\/de\/maschinenstretchfolien\/\",\"name\":\"Maschinenstretchfolienrollen | Anti-UV-Stretchfolie\",\"isPartOf\":{\"@id\":\"https:\/\/tilakpolypack.com\/de\/#website\"},\"primaryImageOfPage\":{\"@id\":\"https:\/\/tilakpolypack.com\/de\/maschinenstretchfolien\/#primaryimage\"},\"image\":{\"@id\":\"https:\/\/tilakpolypack.com\/de\/maschinenstretchfolien\/#primaryimage\"},\"thumbnailUrl\":\"https:\/\/tilakpolypack.com\/de\/wp-content\/uploads\/2019\/01\/Manual-Stretch-Film.jpg\",\"datePublished\":\"2023-10-06T10:19:39+00:00\",\"dateModified\":\"2025-09-19T06:50:34+00:00\",\"description\":\"Entdecken Sie maschinell hergestellte Stretchfolienrollen in gegossener, geblasener, undurchsichtiger, get\u00f6nter und UV-best\u00e4ndiger Ausf\u00fchrung.\",\"inLanguage\":\"en-US\",\"potentialAction\":[{\"@type\":\"ReadAction\",\"target\":[\"https:\/\/tilakpolypack.com\/de\/maschinenstretchfolien\/\"]}]},{\"@type\":\"ImageObject\",\"inLanguage\":\"en-US\",\"@id\":\"https:\/\/tilakpolypack.com\/de\/maschinenstretchfolien\/#primaryimage\",\"url\":\"https:\/\/tilakpolypack.com\/de\/wp-content\/uploads\/2019\/01\/Manual-Stretch-Film.jpg\",\"contentUrl\":\"https:\/\/tilakpolypack.com\/de\/wp-content\/uploads\/2019\/01\/Manual-Stretch-Film.jpg\",\"width\":760,\"height\":510,\"caption\":\"Manual Stretch Film\"},{\"@type\":\"WebSite\",\"@id\":\"https:\/\/tilakpolypack.com\/de\/#website\",\"url\":\"https:\/\/tilakpolypack.com\/de\/\",\"name\":\"Tilak Polypack\",\"description\":\"\",\"potentialAction\":[{\"@type\":\"SearchAction\",\"target\":{\"@type\":\"EntryPoint\",\"urlTemplate\":\"https:\/\/tilakpolypack.com\/de\/?s={search_term_string}\"},\"query-input\":\"required name=search_term_string\"}],\"inLanguage\":\"en-US\"}]}<\/script>\n<!-- \/ Yoast SEO plugin. -->","yoast_head_json":{"title":"Maschinenstretchfolienrollen | Anti-UV-Stretchfolie","description":"Entdecken Sie maschinell hergestellte Stretchfolienrollen in gegossener, geblasener, undurchsichtiger, get\u00f6nter und UV-best\u00e4ndiger Ausf\u00fchrung.","robots":{"index":"index","follow":"follow","max-snippet":"max-snippet:-1","max-image-preview":"max-image-preview:large","max-video-preview":"max-video-preview:-1"},"canonical":"https:\/\/tilakpolypack.com\/de\/maschinenstretchfolien\/","og_locale":"en_US","og_type":"article","og_title":"Maschinenstretchfolienrollen | Anti-UV-Stretchfolie","og_description":"Entdecken Sie maschinell hergestellte Stretchfolienrollen in gegossener, geblasener, undurchsichtiger, get\u00f6nter und UV-best\u00e4ndiger Ausf\u00fchrung.","og_url":"https:\/\/tilakpolypack.com\/de\/maschinenstretchfolien\/","og_site_name":"Tilak Polypack","article_modified_time":"2025-09-19T06:50:34+00:00","og_image":[{"width":760,"height":510,"url":"https:\/\/tilakpolypack.com\/de\/wp-content\/uploads\/2019\/01\/Manual-Stretch-Film.jpg","type":"image\/jpeg"}],"twitter_card":"summary_large_image","twitter_misc":{"Est. reading time":"4 minutes"},"schema":{"@context":"https:\/\/schema.org","@graph":[{"@type":"WebPage","@id":"https:\/\/tilakpolypack.com\/de\/maschinenstretchfolien\/","url":"https:\/\/tilakpolypack.com\/de\/maschinenstretchfolien\/","name":"Maschinenstretchfolienrollen | Anti-UV-Stretchfolie","isPartOf":{"@id":"https:\/\/tilakpolypack.com\/de\/#website"},"primaryImageOfPage":{"@id":"https:\/\/tilakpolypack.com\/de\/maschinenstretchfolien\/#primaryimage"},"image":{"@id":"https:\/\/tilakpolypack.com\/de\/maschinenstretchfolien\/#primaryimage"},"thumbnailUrl":"https:\/\/tilakpolypack.com\/de\/wp-content\/uploads\/2019\/01\/Manual-Stretch-Film.jpg","datePublished":"2023-10-06T10:19:39+00:00","dateModified":"2025-09-19T06:50:34+00:00","description":"Entdecken Sie maschinell hergestellte Stretchfolienrollen in gegossener, geblasener, undurchsichtiger, get\u00f6nter und UV-best\u00e4ndiger Ausf\u00fchrung.","inLanguage":"en-US","potentialAction":[{"@type":"ReadAction","target":["https:\/\/tilakpolypack.com\/de\/maschinenstretchfolien\/"]}]},{"@type":"ImageObject","inLanguage":"en-US","@id":"https:\/\/tilakpolypack.com\/de\/maschinenstretchfolien\/#primaryimage","url":"https:\/\/tilakpolypack.com\/de\/wp-content\/uploads\/2019\/01\/Manual-Stretch-Film.jpg","contentUrl":"https:\/\/tilakpolypack.com\/de\/wp-content\/uploads\/2019\/01\/Manual-Stretch-Film.jpg","width":760,"height":510,"caption":"Manual Stretch Film"},{"@type":"WebSite","@id":"https:\/\/tilakpolypack.com\/de\/#website","url":"https:\/\/tilakpolypack.com\/de\/","name":"Tilak Polypack","description":"","potentialAction":[{"@type":"SearchAction","target":{"@type":"EntryPoint","urlTemplate":"https:\/\/tilakpolypack.com\/de\/?s={search_term_string}"},"query-input":"required name=search_term_string"}],"inLanguage":"en-US"}]}},"_links":{"self":[{"href":"https:\/\/tilakpolypack.com\/de\/wp-json\/wp\/v2\/pages\/7389","targetHints":{"allow":["GET"]}}],"collection":[{"href":"https:\/\/tilakpolypack.com\/de\/wp-json\/wp\/v2\/pages"}],"about":[{"href":"https:\/\/tilakpolypack.com\/de\/wp-json\/wp\/v2\/types\/page"}],"author":[{"embeddable":true,"href":"https:\/\/tilakpolypack.com\/de\/wp-json\/wp\/v2\/users\/1"}],"replies":[{"embeddable":true,"href":"https:\/\/tilakpolypack.com\/de\/wp-json\/wp\/v2\/comments?post=7389"}],"version-history":[{"count":6,"href":"https:\/\/tilakpolypack.com\/de\/wp-json\/wp\/v2\/pages\/7389\/revisions"}],"predecessor-version":[{"id":10196,"href":"https:\/\/tilakpolypack.com\/de\/wp-json\/wp\/v2\/pages\/7389\/revisions\/10196"}],"wp:featuredmedia":[{"embeddable":true,"href":"https:\/\/tilakpolypack.com\/de\/wp-json\/wp\/v2\/media\/800"}],"wp:attachment":[{"href":"https:\/\/tilakpolypack.com\/de\/wp-json\/wp\/v2\/media?parent=7389"}],"curies":[{"name":"wp","href":"https:\/\/api.w.org\/{rel}","templated":true}]}}