{"id":7388,"date":"2023-10-06T10:19:22","date_gmt":"2023-10-06T10:19:22","guid":{"rendered":"https:\/\/archiveyourwords.com\/tilak\/?page_id=7388"},"modified":"2025-09-19T06:41:32","modified_gmt":"2025-09-19T06:41:32","slug":"manuelle-stretchfolie","status":"publish","type":"page","link":"https:\/\/tilakpolypack.com\/de\/manuelle-stretchfolie\/","title":{"rendered":"Manuelle Stretchfolie"},"content":{"rendered":"<section class=\"wpb-content-wrapper\"><p>[vc_row][vc_column][vc_column_text css=&#8221;.vc_custom_1758263871232{padding-top: 20px !important;}&#8221;]<\/p>\n<h2>Manuelle Stretchfolie<\/h2>\n<p>Manuelle Stretchfolie ist eine hochdehnbare Kunststofffolie, die sich dehnt und Produkte so umh\u00fcllt, dass sie zusammenbleiben, weniger Platz beanspruchen und w\u00e4hrend des Transports gesichert sind.<\/p>\n<p>Die von uns angebotene hochwertige <a href=\"https:\/\/tilakpolypack.com\/de\/stretchfolie\/\"><strong>manuelle Stretchfolie<\/strong><\/a> ist sowohl in transparenter als auch in farbiger Ausf\u00fchrung erh\u00e4ltlich. Diese manuelle Stretchfolie eignet sich ideal f\u00fcr die Verwendung mit beiden H\u00e4nden beim Umwickeln von Paletten f\u00fcr den Umschlag direkt im Lager. Sie verf\u00fcgt \u00fcber eine gute Ladungsstabilit\u00e4t, was die Sicherheit des betreffenden Produkts erh\u00f6ht. Dies ist einer der gr\u00f6\u00dften Vorteile, die wir mit unserer manuellen Stretchfolie bieten.<\/p>\n<p>Diese manuellen Stretchfolien haften auf beiden Seiten der Palette und eignen sich daher besser f\u00fcr die Lagerung im Lager.<\/p>\n<p>Manuelle Stretchfolie kann eine kosteng\u00fcnstige Option sein, da im Gegensatz zu maschineller Stretchfolie keine Maschinen erforderlich sind.<\/p>\n<p>Manuelle Stretchfolien sind vielseitige Verpackungsmaterialien, die zum manuellen Umwickeln und Sichern verschiedener Arten von Ladungen verwendet werden. Diese Folien bestehen in der Regel aus hochwertigem Kunststoff und sind in verschiedenen Breiten und St\u00e4rken erh\u00e4ltlich, um unterschiedlichen Anwendungsbereichen gerecht zu werden. Bei manuellen Stretchfolien wird die Folie manuell von einer Rolle abgewickelt, straff um die Ladung gespannt und an Ort und Stelle befestigt.<\/p>\n<p>Diese einfache, aber effektive Methode sorgt daf\u00fcr, dass die Ladung fest verpackt ist und w\u00e4hrend des Transports oder der Lagerung vor Staub, Feuchtigkeit und kleineren Besch\u00e4digungen gesch\u00fctzt ist.<\/p>\n<p>Manuelle<a href=\"https:\/\/tilakpolypack.com\/de\/maschinenstretchfolien\/\"><strong> Stretchfolien<\/strong><\/a> bieten Flexibilit\u00e4t, Benutzerfreundlichkeit und Kosteneffizienz und sind daher ideal f\u00fcr kleine Unternehmen, Einzelhandelsgesch\u00e4fte und andere manuelle Verpackungsvorg\u00e4nge.<\/p>\n<p>Sie bieten eine zuverl\u00e4ssige und effiziente L\u00f6sung f\u00fcr das B\u00fcndeln einzelner Artikel, das Palettieren von Produkten oder das Stabilisieren unregelm\u00e4\u00dfig geformter Ladungen. Dank ihrer hervorragenden Haftf\u00e4higkeit und zuverl\u00e4ssigen Ladungssicherung bieten manuelle Stretchfolien eine verbesserte Ladungsstabilit\u00e4t und sind damit eine wertvolle Verpackungsoption f\u00fcr verschiedene Branchen.[\/vc_column_text][vc_column_text]<\/p>\n<h2>Herstellung von manuellen Stretchfolien<\/h2>\n<p>Wir bei Tilak Polypack sind stolz darauf, ein f\u00fchrender Hersteller von hochwertigen manuellen Stretchfolien zu sein, die den vielf\u00e4ltigen Verpackungsanforderungen unserer Kunden gerecht werden. Unsere manuellen Stretchfolien werden unter Verwendung fortschrittlicher Verfahren hergestellt und zeichnen sich durch au\u00dfergew\u00f6hnliche Eigenschaften aus, die uns von anderen Anbietern in der Branche unterscheiden.<\/p>\n<p>Unsere manuelle Stretchfolie wird mit modernsten Maschinen und hochwertigen Materialien hergestellt. Bei der Herstellung wird hochwertiger Kunststoff in d\u00fcnne Folienbahnen extrudiert. Diese Bahnen werden dann sorgf\u00e4ltig zu Rollen gewickelt, wodurch eine pr\u00e4zise Dicke und gleichbleibende Qualit\u00e4t gew\u00e4hrleistet wird.<\/p>\n<p>Die Rollen werden in geeignete Breiten und L\u00e4ngen geschnitten, um unterschiedlichen Verpackungsanforderungen gerecht zu werden. Unsere Produktionsst\u00e4tte unterliegt strengen Qualit\u00e4tskontrollen, um sicherzustellen, dass jede Rolle manueller Stretchfolie den h\u00f6chsten Industriestandards entspricht.<\/p>\n<p>Tilak Polypack ist einer der weltweit f\u00fchrenden <a href=\"https:\/\/tilakpolypack.com\/de\/stretchfolie\/\"><strong>Hersteller und Lieferanten von manuellen Stretchfolien<\/strong><\/a>. Mit Niederlassungen in L\u00e4ndern wie den USA, Singapur, Australien, Deutschland, Kanada, Neuseeland, Gro\u00dfbritannien, Irland, Schottland und Norwegen hat sich Tilak Polypack als zuverl\u00e4ssiger Anbieter von hochwertigen manuellen Stretchfolien etabliert.[\/vc_column_text][vc_column_text]<\/p>\n<h2>Eigenschaften der manuellen Stretchfolie von Tilak Polypack:<\/h2>\n<ol>\n<li><b>Hervorragende Dehnbarkeit:\u00a0<\/b>Unsere manuelle Stretchfolie bietet eine hervorragende Dehnbarkeit und erm\u00f6glicht so ein festes und sicheres Umwickeln verschiedener Ladungen.<\/li>\n<li><b>Hervorragende Haftf\u00e4higkeit<\/b>: Die Folie weist eine au\u00dfergew\u00f6hnliche Haftf\u00e4higkeit auf und haftet ohne zus\u00e4tzliche Klebstoffe oder Klebeb\u00e4nder an sich selbst.<\/li>\n<li><b>Optimale Ladungssicherung:<\/b>\u00a0Dank zuverl\u00e4ssiger Ladungssicherung sorgt unsere manuelle Stretchfolie daf\u00fcr, dass die verpackten Artikel w\u00e4hrend des Transports oder der Lagerung stabil bleiben und gesch\u00fctzt sind.<\/li>\n<li><b>Zuverl\u00e4ssige Dicke und Festigkeit:<\/b>\u00a0Unsere Stretchfolie ist in verschiedenen Dicken und Festigkeiten erh\u00e4ltlich und bietet Optionen f\u00fcr unterschiedliche Ladungsgr\u00f6\u00dfen und -gewichte.<\/li>\n<li><b>Klare Sichtbarkeit:\u00a0<\/b>Die Klarheit der Folie erm\u00f6glicht eine einfache Identifizierung und das Scannen von Barcodes oder Etiketten, ohne die Sichtbarkeit der Ladung zu beeintr\u00e4chtigen.<\/li>\n<li><b>Kosteng\u00fcnstige L\u00f6sung:\u00a0<\/b>Unsere manuelle Stretchfolie bietet eine kosteng\u00fcnstige Verpackungsl\u00f6sung, die Materialverschwendung minimiert und die Gesamtverpackungskosten senkt.<\/li>\n<\/ol>\n<p>[\/vc_column_text][vc_column_text]<\/p>\n<h2>Warum Sie Tilak Polypack als Ihren Hersteller f\u00fcr manuelle Stretchfolien w\u00e4hlen sollten:<\/h2>\n<ol>\n<li><strong>H\u00f6chste Qualit\u00e4t<\/strong>: Wir sind bestrebt, manuelle Stretchfolien von h\u00f6chster Qualit\u00e4t zu liefern, die den Industriestandards entsprechen und die Erwartungen unserer Kunden \u00fcbertreffen.<\/li>\n<li><strong>Anpassungsoptionen<\/strong>: Wir bieten Anpassungen hinsichtlich Folienst\u00e4rke, Rollenbreite und -l\u00e4nge, um spezifischen Verpackungsanforderungen gerecht zu werden.<\/li>\n<li><strong>Zuverl\u00e4ssige Lieferung<\/strong>: Unsere effizienten Produktionskapazit\u00e4ten gew\u00e4hrleisten eine konstante Lieferung von manuellen Stretchfolien, um die Anforderungen unserer Kunden zu erf\u00fcllen.<\/li>\n<li><strong>Wettbewerbsf\u00e4hige Preise<\/strong>: Wir bieten wettbewerbsf\u00e4hige Preise, ohne dabei Abstriche bei der Qualit\u00e4t und Leistungsf\u00e4higkeit unserer manuellen Stretchfolie zu machen.<\/li>\n<li><strong>Au\u00dfergew\u00f6hnlicher Kundenservice<\/strong>: Unser engagiertes Team steht unseren Kunden jederzeit mit technischem Fachwissen, schneller Kommunikation und zuverl\u00e4ssigem Support w\u00e4hrend des gesamten Kaufprozesses zur Seite.<\/li>\n<\/ol>\n<h2>Gr\u00f6\u00dfendetails<\/h2>\n<table>\n<thead>\n<tr>\n<th>Feature<\/th>\n<th>Description<\/th>\n<\/tr>\n<\/thead>\n<tbody>\n<tr>\n<td>Protection Against Dust \/ Dirt<\/td>\n<td>Yes<\/td>\n<\/tr>\n<tr>\n<td>Waterproof Packaging<\/td>\n<td>Helps make packaging waterproof when wrapped around paper containers<\/td>\n<\/tr>\n<tr>\n<td>Visual Inspection<\/td>\n<td>Helps for Visual Inspection<\/td>\n<\/tr>\n<tr>\n<td>Cost Effectiveness<\/td>\n<td>More Cost effective compared to Straps \/ Shrink \/ Corrugation<\/td>\n<\/tr>\n<tr>\n<td>Wrapping Options<\/td>\n<td>Available for Manual Wrapping \/ Machine Wrapping<\/td>\n<\/tr>\n<tr>\n<td>Standard Widths<\/td>\n<td>50 mm \/ 100 mm \/ 150 mm \/ 200 mm \/ 300 mm \/ 450 mm \/ 500 mm \/ 600 mm (Other Widths available on request. Max Width 1.5 Meters)<\/td>\n<\/tr>\n<tr>\n<td>Standard Thickness<\/td>\n<td>12 Micron \/ 15 Micron \/ 18 Micron \/ 23 Micron \/ 29 Micron (Other Thickness Available on request)<\/td>\n<\/tr>\n<tr>\n<td>Standard Colours<\/td>\n<td>Natural \/ Opaque White \/ Blue \/ Black (Other colours available on request)<\/td>\n<\/tr>\n<tr>\n<td>Standard Core ID<\/td>\n<td>25 mm \/ 31 mm \/ 76.2 mm<\/td>\n<\/tr>\n<tr>\n<td>Special Additives<\/td>\n<td>UV Protection \/ VCI \/ Antistatic<\/td>\n<\/tr>\n<\/tbody>\n<\/table>\n<p>[\/vc_column_text]<section class=\"ts-vc_cta3-container\"><div class=\"ts-vc_general ts-vc_cta3 ts-cta3-only ts-vc_cta3-style-classic ts-vc_cta3-shape-rounded ts-vc_cta3-align-left ts-vc_cta3-color-transparent ts-vc_cta3-icon-size-md ts-vc_cta3-actions-right vc_custom_1756120889444 ts-cta3-with-desc\"><div class=\"ts-vc_cta3_content-container\"><div class=\"ts-vc_cta3-content\"><div class=\"ts-vc_cta3-content-header ts-wrap\"><div class=\"ts-vc_cta3-headers ts-wrap-cell\"><\/div><\/div><div class=\"ts-cta3-content-wrapper\"><p>Bitte kontaktieren Sie uns unter <a href=\"tel:9227422544\">+91-9227422544<\/a> oder senden Sie uns eine E-Mail an <a href=\"mailto:info@tilakpolypack.com\">info@tilakpolypack.com<\/a>, um Angebote oder weitere Informationen zu erhalten.<\/p><\/div><\/div><div class=\"ts-vc_cta3-actions\">\r\n\t\t<div class=\"ts-vc_btn3-container  popmake-8197 ts-vc_btn3-inline\"><a class=\"ts-vc_general ts-vc_btn3 ts-vc_btn3-size-md ts-vc_btn3-shape-square ts-vc_btn3-style-flat ts-vc_btn3-weight-yes ts-vc_btn3-color-skincolor\" href=\"\" title=\"\">Anfrage senden<\/a><\/div><\/div><\/div><\/div><\/section>[\/vc_column][\/vc_row]<\/p>\n<\/section>","protected":false},"excerpt":{"rendered":"<p>[vc_row][vc_column][vc_column_text css=&#8221;.vc_custom_1758263871232{padding-top: 20px !important;}&#8221;] Manuelle Stretchfolie Manuelle Stretchfolie ist eine hochdehnbare Kunststofffolie, die sich dehnt und Produkte so umh\u00fcllt, dass sie zusammenbleiben, weniger Platz beanspruchen und w\u00e4hrend des Transports gesichert sind. Die von uns angebotene hochwertige manuelle Stretchfolie ist sowohl in transparenter als auch in farbiger Ausf\u00fchrung erh\u00e4ltlich. Diese manuelle Stretchfolie eignet sich ideal f\u00fcr &hellip; <a href=\"https:\/\/tilakpolypack.com\/de\/manuelle-stretchfolie\/\" class=\"more-link\">Continue reading <span class=\"screen-reader-text\">Manuelle Stretchfolie<\/span><\/a><\/p>\n","protected":false},"author":1,"featured_media":8079,"parent":0,"menu_order":0,"comment_status":"closed","ping_status":"closed","template":"","meta":{"_acf_changed":false,"om_disable_all_campaigns":false,"_monsterinsights_skip_tracking":false,"_monsterinsights_sitenote_active":false,"_monsterinsights_sitenote_note":"","_monsterinsights_sitenote_category":0,"_uf_show_specific_survey":0,"_uf_disable_surveys":false,"footnotes":""},"class_list":["post-7388","page","type-page","status-publish","has-post-thumbnail","hentry"],"acf":[],"yoast_head":"<!-- This site is optimized with the Yoast SEO plugin v22.3 - https:\/\/yoast.com\/wordpress\/plugins\/seo\/ -->\n<title>Lieferant f\u00fcr manuelle Stretchfolie | Verpackungsl\u00f6sungen<\/title>\n<meta name=\"description\" content=\"Vertrauensw\u00fcrdiger Lieferant von manueller Stretchfolie in Deutschland. Hochwertige manuelle Stretchfolie f\u00fcr sichere Verpackungsl\u00f6sungen.\" \/>\n<meta name=\"robots\" content=\"index, follow, max-snippet:-1, max-image-preview:large, max-video-preview:-1\" \/>\n<link rel=\"canonical\" href=\"https:\/\/tilakpolypack.com\/de\/manuelle-stretchfolie\/\" \/>\n<meta property=\"og:locale\" content=\"en_US\" \/>\n<meta property=\"og:type\" content=\"article\" \/>\n<meta property=\"og:title\" content=\"Lieferant f\u00fcr manuelle Stretchfolie | Verpackungsl\u00f6sungen\" \/>\n<meta property=\"og:description\" content=\"Vertrauensw\u00fcrdiger Lieferant von manueller Stretchfolie in Deutschland. Hochwertige manuelle Stretchfolie f\u00fcr sichere Verpackungsl\u00f6sungen.\" \/>\n<meta property=\"og:url\" content=\"https:\/\/tilakpolypack.com\/de\/manuelle-stretchfolie\/\" \/>\n<meta property=\"og:site_name\" content=\"Tilak Polypack\" \/>\n<meta property=\"article:modified_time\" content=\"2025-09-19T06:41:32+00:00\" \/>\n<meta property=\"og:image\" content=\"https:\/\/tilakpolypack.com\/de\/wp-content\/uploads\/2023\/10\/manual-768x512-1.jpg\" \/>\n\t<meta property=\"og:image:width\" content=\"768\" \/>\n\t<meta property=\"og:image:height\" content=\"512\" \/>\n\t<meta property=\"og:image:type\" content=\"image\/jpeg\" \/>\n<meta name=\"twitter:card\" content=\"summary_large_image\" \/>\n<meta name=\"twitter:label1\" content=\"Est. reading time\" \/>\n\t<meta name=\"twitter:data1\" content=\"4 minutes\" \/>\n<script type=\"application\/ld+json\" class=\"yoast-schema-graph\">{\"@context\":\"https:\/\/schema.org\",\"@graph\":[{\"@type\":\"WebPage\",\"@id\":\"https:\/\/tilakpolypack.com\/de\/manuelle-stretchfolie\/\",\"url\":\"https:\/\/tilakpolypack.com\/de\/manuelle-stretchfolie\/\",\"name\":\"Lieferant f\u00fcr manuelle Stretchfolie | Verpackungsl\u00f6sungen\",\"isPartOf\":{\"@id\":\"https:\/\/tilakpolypack.com\/de\/#website\"},\"primaryImageOfPage\":{\"@id\":\"https:\/\/tilakpolypack.com\/de\/manuelle-stretchfolie\/#primaryimage\"},\"image\":{\"@id\":\"https:\/\/tilakpolypack.com\/de\/manuelle-stretchfolie\/#primaryimage\"},\"thumbnailUrl\":\"https:\/\/tilakpolypack.com\/de\/wp-content\/uploads\/2023\/10\/manual-768x512-1.jpg\",\"datePublished\":\"2023-10-06T10:19:22+00:00\",\"dateModified\":\"2025-09-19T06:41:32+00:00\",\"description\":\"Vertrauensw\u00fcrdiger Lieferant von manueller Stretchfolie in Deutschland. Hochwertige manuelle Stretchfolie f\u00fcr sichere Verpackungsl\u00f6sungen.\",\"inLanguage\":\"en-US\",\"potentialAction\":[{\"@type\":\"ReadAction\",\"target\":[\"https:\/\/tilakpolypack.com\/de\/manuelle-stretchfolie\/\"]}]},{\"@type\":\"ImageObject\",\"inLanguage\":\"en-US\",\"@id\":\"https:\/\/tilakpolypack.com\/de\/manuelle-stretchfolie\/#primaryimage\",\"url\":\"https:\/\/tilakpolypack.com\/de\/wp-content\/uploads\/2023\/10\/manual-768x512-1.jpg\",\"contentUrl\":\"https:\/\/tilakpolypack.com\/de\/wp-content\/uploads\/2023\/10\/manual-768x512-1.jpg\",\"width\":768,\"height\":512},{\"@type\":\"WebSite\",\"@id\":\"https:\/\/tilakpolypack.com\/de\/#website\",\"url\":\"https:\/\/tilakpolypack.com\/de\/\",\"name\":\"Tilak Polypack\",\"description\":\"\",\"potentialAction\":[{\"@type\":\"SearchAction\",\"target\":{\"@type\":\"EntryPoint\",\"urlTemplate\":\"https:\/\/tilakpolypack.com\/de\/?s={search_term_string}\"},\"query-input\":\"required name=search_term_string\"}],\"inLanguage\":\"en-US\"}]}<\/script>\n<!-- \/ Yoast SEO plugin. -->","yoast_head_json":{"title":"Lieferant f\u00fcr manuelle Stretchfolie | Verpackungsl\u00f6sungen","description":"Vertrauensw\u00fcrdiger Lieferant von manueller Stretchfolie in Deutschland. Hochwertige manuelle Stretchfolie f\u00fcr sichere Verpackungsl\u00f6sungen.","robots":{"index":"index","follow":"follow","max-snippet":"max-snippet:-1","max-image-preview":"max-image-preview:large","max-video-preview":"max-video-preview:-1"},"canonical":"https:\/\/tilakpolypack.com\/de\/manuelle-stretchfolie\/","og_locale":"en_US","og_type":"article","og_title":"Lieferant f\u00fcr manuelle Stretchfolie | Verpackungsl\u00f6sungen","og_description":"Vertrauensw\u00fcrdiger Lieferant von manueller Stretchfolie in Deutschland. Hochwertige manuelle Stretchfolie f\u00fcr sichere Verpackungsl\u00f6sungen.","og_url":"https:\/\/tilakpolypack.com\/de\/manuelle-stretchfolie\/","og_site_name":"Tilak Polypack","article_modified_time":"2025-09-19T06:41:32+00:00","og_image":[{"width":768,"height":512,"url":"https:\/\/tilakpolypack.com\/de\/wp-content\/uploads\/2023\/10\/manual-768x512-1.jpg","type":"image\/jpeg"}],"twitter_card":"summary_large_image","twitter_misc":{"Est. reading time":"4 minutes"},"schema":{"@context":"https:\/\/schema.org","@graph":[{"@type":"WebPage","@id":"https:\/\/tilakpolypack.com\/de\/manuelle-stretchfolie\/","url":"https:\/\/tilakpolypack.com\/de\/manuelle-stretchfolie\/","name":"Lieferant f\u00fcr manuelle Stretchfolie | Verpackungsl\u00f6sungen","isPartOf":{"@id":"https:\/\/tilakpolypack.com\/de\/#website"},"primaryImageOfPage":{"@id":"https:\/\/tilakpolypack.com\/de\/manuelle-stretchfolie\/#primaryimage"},"image":{"@id":"https:\/\/tilakpolypack.com\/de\/manuelle-stretchfolie\/#primaryimage"},"thumbnailUrl":"https:\/\/tilakpolypack.com\/de\/wp-content\/uploads\/2023\/10\/manual-768x512-1.jpg","datePublished":"2023-10-06T10:19:22+00:00","dateModified":"2025-09-19T06:41:32+00:00","description":"Vertrauensw\u00fcrdiger Lieferant von manueller Stretchfolie in Deutschland. Hochwertige manuelle Stretchfolie f\u00fcr sichere Verpackungsl\u00f6sungen.","inLanguage":"en-US","potentialAction":[{"@type":"ReadAction","target":["https:\/\/tilakpolypack.com\/de\/manuelle-stretchfolie\/"]}]},{"@type":"ImageObject","inLanguage":"en-US","@id":"https:\/\/tilakpolypack.com\/de\/manuelle-stretchfolie\/#primaryimage","url":"https:\/\/tilakpolypack.com\/de\/wp-content\/uploads\/2023\/10\/manual-768x512-1.jpg","contentUrl":"https:\/\/tilakpolypack.com\/de\/wp-content\/uploads\/2023\/10\/manual-768x512-1.jpg","width":768,"height":512},{"@type":"WebSite","@id":"https:\/\/tilakpolypack.com\/de\/#website","url":"https:\/\/tilakpolypack.com\/de\/","name":"Tilak Polypack","description":"","potentialAction":[{"@type":"SearchAction","target":{"@type":"EntryPoint","urlTemplate":"https:\/\/tilakpolypack.com\/de\/?s={search_term_string}"},"query-input":"required name=search_term_string"}],"inLanguage":"en-US"}]}},"_links":{"self":[{"href":"https:\/\/tilakpolypack.com\/de\/wp-json\/wp\/v2\/pages\/7388","targetHints":{"allow":["GET"]}}],"collection":[{"href":"https:\/\/tilakpolypack.com\/de\/wp-json\/wp\/v2\/pages"}],"about":[{"href":"https:\/\/tilakpolypack.com\/de\/wp-json\/wp\/v2\/types\/page"}],"author":[{"embeddable":true,"href":"https:\/\/tilakpolypack.com\/de\/wp-json\/wp\/v2\/users\/1"}],"replies":[{"embeddable":true,"href":"https:\/\/tilakpolypack.com\/de\/wp-json\/wp\/v2\/comments?post=7388"}],"version-history":[{"count":5,"href":"https:\/\/tilakpolypack.com\/de\/wp-json\/wp\/v2\/pages\/7388\/revisions"}],"predecessor-version":[{"id":10194,"href":"https:\/\/tilakpolypack.com\/de\/wp-json\/wp\/v2\/pages\/7388\/revisions\/10194"}],"wp:featuredmedia":[{"embeddable":true,"href":"https:\/\/tilakpolypack.com\/de\/wp-json\/wp\/v2\/media\/8079"}],"wp:attachment":[{"href":"https:\/\/tilakpolypack.com\/de\/wp-json\/wp\/v2\/media?parent=7388"}],"curies":[{"name":"wp","href":"https:\/\/api.w.org\/{rel}","templated":true}]}}