{"id":7367,"date":"2023-10-06T10:18:18","date_gmt":"2023-10-06T10:18:18","guid":{"rendered":"https:\/\/archiveyourwords.com\/tilak\/?page_id=7367"},"modified":"2025-09-19T11:46:36","modified_gmt":"2025-09-19T11:46:36","slug":"wasserverpackungsfolie","status":"publish","type":"page","link":"https:\/\/tilakpolypack.com\/de\/wasserverpackungsfolie\/","title":{"rendered":"Wasserverpackungsfolie"},"content":{"rendered":"<section class=\"wpb-content-wrapper\"><p>[vc_row][vc_column][vc_column_text]<\/p>\n<h2>Wasserverpackungsfolie \u2013 Hochwertige Verpackungsfolie f\u00fcr Mineralwasser<\/h2>\n<p>Wasserverpackungsfolie ist im Vergleich zu Wasserflaschen eine kosteng\u00fcnstige Alternative. Das Konzept \u00e4hnelt den <a href=\"https:\/\/tilakpolypack.com\/de\/milchverpackungsfolie\/\"><strong>Milchverpackungsfolie<\/strong><\/a>, die in Indien verwendet werden.<\/p>\n<p>Wir verwenden ausschlie\u00dflich reine und lebensmitteltaugliche Rohstoffe, und die von uns verwendeten Druckfarben bestehen den Tiefk\u00fchltest und sind ungiftig.<\/p>\n<p>Die Dicke der Folie kann nach Kundenwunsch angepasst werden, und das Verpackungsvolumen kann zwischen 200 ml und 5 Litern liegen.[\/vc_column_text][vc_column_text]<\/p>\n<h2>Einige Merkmale von Wasserverpackungsfolie sind<\/h2>\n<ul>\n<li>Gute Dichtungsfestigkeit<\/li>\n<li>Rei\u00dffestigkeit<\/li>\n<li>Hohe Durchsto\u00dffestigkeit<\/li>\n<li>Besteht Falltests m\u00fchelos.<\/li>\n<li>Hochwertige Folie, hergestellt mit Hilfe modernster Technologie und einer hochmodernen Infrastruktur.<\/li>\n<\/ul>\n<p>Tilak Polypack ist einer der weltweit f\u00fchrenden <a href=\"https:\/\/tilakpolypack.com\/de\/verpacktes-trinkwasser-film\/\"><strong>Hersteller und Lieferanten von WASSERVERPACKUNGSFOLIEN<\/strong><\/a>. Mit Niederlassungen in L\u00e4ndern wie den USA, Singapur, Australien, Deutschland, Kanada, Neuseeland, Gro\u00dfbritannien, Irland, Schottland und Norwegen hat sich Tilak Polypack als zuverl\u00e4ssiger Anbieter von hochwertigen WASSERVERPACKUNGSFOLIEN etabliert.[\/vc_column_text]<section class=\"ts-vc_cta3-container\"><div class=\"ts-vc_general ts-vc_cta3 ts-cta3-only ts-vc_cta3-style-classic ts-vc_cta3-shape-rounded ts-vc_cta3-align-left ts-vc_cta3-color-transparent ts-vc_cta3-icon-size-md ts-vc_cta3-actions-right vc_custom_1756130623790 ts-cta3-with-desc\"><div class=\"ts-vc_cta3_content-container\"><div class=\"ts-vc_cta3-content\"><div class=\"ts-vc_cta3-content-header ts-wrap\"><div class=\"ts-vc_cta3-headers ts-wrap-cell\"><\/div><\/div><div class=\"ts-cta3-content-wrapper\"><p>Bitte kontaktieren Sie uns unter <a href=\"tel:9227422544\">+91-9227422544<\/a> oder senden Sie uns eine E-Mail an <a href=\"mailto:info@tilakpolypack.com\">info@tilakpolypack.com<\/a>, um Angebote oder weitere Informationen zu erhalten.<\/p><\/div><\/div><div class=\"ts-vc_cta3-actions\">\r\n\t\t<div class=\"ts-vc_btn3-container  popmake-8197 ts-vc_btn3-inline\"><a class=\"ts-vc_general ts-vc_btn3 ts-vc_btn3-size-md ts-vc_btn3-shape-rounded ts-vc_btn3-style-flat ts-vc_btn3-weight-yes ts-vc_btn3-color-skincolor\" href=\"\" title=\"\">Anfrage senden<\/a><\/div><\/div><\/div><\/div><\/section>[\/vc_column][\/vc_row]<\/p>\n<\/section>","protected":false},"excerpt":{"rendered":"<p>[vc_row][vc_column][vc_column_text] Wasserverpackungsfolie \u2013 Hochwertige Verpackungsfolie f\u00fcr Mineralwasser Wasserverpackungsfolie ist im Vergleich zu Wasserflaschen eine kosteng\u00fcnstige Alternative. Das Konzept \u00e4hnelt den Milchverpackungsfolie, die in Indien verwendet werden. Wir verwenden ausschlie\u00dflich reine und lebensmitteltaugliche Rohstoffe, und die von uns verwendeten Druckfarben bestehen den Tiefk\u00fchltest und sind ungiftig. Die Dicke der Folie kann nach Kundenwunsch angepasst werden, und &hellip; <a href=\"https:\/\/tilakpolypack.com\/de\/wasserverpackungsfolie\/\" class=\"more-link\">Continue reading <span class=\"screen-reader-text\">Wasserverpackungsfolie<\/span><\/a><\/p>\n","protected":false},"author":1,"featured_media":793,"parent":0,"menu_order":0,"comment_status":"closed","ping_status":"closed","template":"","meta":{"_acf_changed":false,"om_disable_all_campaigns":false,"_monsterinsights_skip_tracking":false,"_monsterinsights_sitenote_active":false,"_monsterinsights_sitenote_note":"","_monsterinsights_sitenote_category":0,"_uf_show_specific_survey":0,"_uf_disable_surveys":false,"footnotes":""},"class_list":["post-7367","page","type-page","status-publish","has-post-thumbnail","hentry"],"acf":[],"yoast_head":"<!-- This site is optimized with the Yoast SEO plugin v22.3 - https:\/\/yoast.com\/wordpress\/plugins\/seo\/ -->\n<title>Hersteller von Wasserverpackungsfolien | Tilak Polypack<\/title>\n<meta name=\"description\" content=\"Langlebige und hygienische Wasserverpackungsfolien f\u00fcr Beutel und S\u00e4ckchen. Erh\u00e4ltlich von einem vertrauensw\u00fcrdigen Lieferanten und Hersteller f\u00fcr Mineral- und Trinkwasserverpackungen.\" \/>\n<meta name=\"robots\" content=\"index, follow, max-snippet:-1, max-image-preview:large, max-video-preview:-1\" \/>\n<link rel=\"canonical\" href=\"https:\/\/tilakpolypack.com\/de\/wasserverpackungsfolie\/\" \/>\n<meta property=\"og:locale\" content=\"en_US\" \/>\n<meta property=\"og:type\" content=\"article\" \/>\n<meta property=\"og:title\" content=\"Hersteller von Wasserverpackungsfolien | Tilak Polypack\" \/>\n<meta property=\"og:description\" content=\"Langlebige und hygienische Wasserverpackungsfolien f\u00fcr Beutel und S\u00e4ckchen. Erh\u00e4ltlich von einem vertrauensw\u00fcrdigen Lieferanten und Hersteller f\u00fcr Mineral- und Trinkwasserverpackungen.\" \/>\n<meta property=\"og:url\" content=\"https:\/\/tilakpolypack.com\/de\/wasserverpackungsfolie\/\" \/>\n<meta property=\"og:site_name\" content=\"Tilak Polypack\" \/>\n<meta property=\"article:modified_time\" content=\"2025-09-19T11:46:36+00:00\" \/>\n<meta property=\"og:image\" content=\"https:\/\/tilakpolypack.com\/de\/wp-content\/uploads\/2019\/01\/Water-Packaging-Film.jpg\" \/>\n\t<meta property=\"og:image:width\" content=\"760\" \/>\n\t<meta property=\"og:image:height\" content=\"510\" \/>\n\t<meta property=\"og:image:type\" content=\"image\/jpeg\" \/>\n<meta name=\"twitter:card\" content=\"summary_large_image\" \/>\n<meta name=\"twitter:label1\" content=\"Est. reading time\" \/>\n\t<meta name=\"twitter:data1\" content=\"1 minute\" \/>\n<script type=\"application\/ld+json\" class=\"yoast-schema-graph\">{\"@context\":\"https:\/\/schema.org\",\"@graph\":[{\"@type\":\"WebPage\",\"@id\":\"https:\/\/tilakpolypack.com\/de\/wasserverpackungsfolie\/\",\"url\":\"https:\/\/tilakpolypack.com\/de\/wasserverpackungsfolie\/\",\"name\":\"Hersteller von Wasserverpackungsfolien | Tilak Polypack\",\"isPartOf\":{\"@id\":\"https:\/\/tilakpolypack.com\/de\/#website\"},\"primaryImageOfPage\":{\"@id\":\"https:\/\/tilakpolypack.com\/de\/wasserverpackungsfolie\/#primaryimage\"},\"image\":{\"@id\":\"https:\/\/tilakpolypack.com\/de\/wasserverpackungsfolie\/#primaryimage\"},\"thumbnailUrl\":\"https:\/\/tilakpolypack.com\/de\/wp-content\/uploads\/2019\/01\/Water-Packaging-Film.jpg\",\"datePublished\":\"2023-10-06T10:18:18+00:00\",\"dateModified\":\"2025-09-19T11:46:36+00:00\",\"description\":\"Langlebige und hygienische Wasserverpackungsfolien f\u00fcr Beutel und S\u00e4ckchen. Erh\u00e4ltlich von einem vertrauensw\u00fcrdigen Lieferanten und Hersteller f\u00fcr Mineral- und Trinkwasserverpackungen.\",\"inLanguage\":\"en-US\",\"potentialAction\":[{\"@type\":\"ReadAction\",\"target\":[\"https:\/\/tilakpolypack.com\/de\/wasserverpackungsfolie\/\"]}]},{\"@type\":\"ImageObject\",\"inLanguage\":\"en-US\",\"@id\":\"https:\/\/tilakpolypack.com\/de\/wasserverpackungsfolie\/#primaryimage\",\"url\":\"https:\/\/tilakpolypack.com\/de\/wp-content\/uploads\/2019\/01\/Water-Packaging-Film.jpg\",\"contentUrl\":\"https:\/\/tilakpolypack.com\/de\/wp-content\/uploads\/2019\/01\/Water-Packaging-Film.jpg\",\"width\":760,\"height\":510,\"caption\":\"Water Packaging Film\"},{\"@type\":\"WebSite\",\"@id\":\"https:\/\/tilakpolypack.com\/de\/#website\",\"url\":\"https:\/\/tilakpolypack.com\/de\/\",\"name\":\"Tilak Polypack\",\"description\":\"\",\"potentialAction\":[{\"@type\":\"SearchAction\",\"target\":{\"@type\":\"EntryPoint\",\"urlTemplate\":\"https:\/\/tilakpolypack.com\/de\/?s={search_term_string}\"},\"query-input\":\"required name=search_term_string\"}],\"inLanguage\":\"en-US\"}]}<\/script>\n<!-- \/ Yoast SEO plugin. -->","yoast_head_json":{"title":"Hersteller von Wasserverpackungsfolien | Tilak Polypack","description":"Langlebige und hygienische Wasserverpackungsfolien f\u00fcr Beutel und S\u00e4ckchen. Erh\u00e4ltlich von einem vertrauensw\u00fcrdigen Lieferanten und Hersteller f\u00fcr Mineral- und Trinkwasserverpackungen.","robots":{"index":"index","follow":"follow","max-snippet":"max-snippet:-1","max-image-preview":"max-image-preview:large","max-video-preview":"max-video-preview:-1"},"canonical":"https:\/\/tilakpolypack.com\/de\/wasserverpackungsfolie\/","og_locale":"en_US","og_type":"article","og_title":"Hersteller von Wasserverpackungsfolien | Tilak Polypack","og_description":"Langlebige und hygienische Wasserverpackungsfolien f\u00fcr Beutel und S\u00e4ckchen. Erh\u00e4ltlich von einem vertrauensw\u00fcrdigen Lieferanten und Hersteller f\u00fcr Mineral- und Trinkwasserverpackungen.","og_url":"https:\/\/tilakpolypack.com\/de\/wasserverpackungsfolie\/","og_site_name":"Tilak Polypack","article_modified_time":"2025-09-19T11:46:36+00:00","og_image":[{"width":760,"height":510,"url":"https:\/\/tilakpolypack.com\/de\/wp-content\/uploads\/2019\/01\/Water-Packaging-Film.jpg","type":"image\/jpeg"}],"twitter_card":"summary_large_image","twitter_misc":{"Est. reading time":"1 minute"},"schema":{"@context":"https:\/\/schema.org","@graph":[{"@type":"WebPage","@id":"https:\/\/tilakpolypack.com\/de\/wasserverpackungsfolie\/","url":"https:\/\/tilakpolypack.com\/de\/wasserverpackungsfolie\/","name":"Hersteller von Wasserverpackungsfolien | Tilak Polypack","isPartOf":{"@id":"https:\/\/tilakpolypack.com\/de\/#website"},"primaryImageOfPage":{"@id":"https:\/\/tilakpolypack.com\/de\/wasserverpackungsfolie\/#primaryimage"},"image":{"@id":"https:\/\/tilakpolypack.com\/de\/wasserverpackungsfolie\/#primaryimage"},"thumbnailUrl":"https:\/\/tilakpolypack.com\/de\/wp-content\/uploads\/2019\/01\/Water-Packaging-Film.jpg","datePublished":"2023-10-06T10:18:18+00:00","dateModified":"2025-09-19T11:46:36+00:00","description":"Langlebige und hygienische Wasserverpackungsfolien f\u00fcr Beutel und S\u00e4ckchen. Erh\u00e4ltlich von einem vertrauensw\u00fcrdigen Lieferanten und Hersteller f\u00fcr Mineral- und Trinkwasserverpackungen.","inLanguage":"en-US","potentialAction":[{"@type":"ReadAction","target":["https:\/\/tilakpolypack.com\/de\/wasserverpackungsfolie\/"]}]},{"@type":"ImageObject","inLanguage":"en-US","@id":"https:\/\/tilakpolypack.com\/de\/wasserverpackungsfolie\/#primaryimage","url":"https:\/\/tilakpolypack.com\/de\/wp-content\/uploads\/2019\/01\/Water-Packaging-Film.jpg","contentUrl":"https:\/\/tilakpolypack.com\/de\/wp-content\/uploads\/2019\/01\/Water-Packaging-Film.jpg","width":760,"height":510,"caption":"Water Packaging Film"},{"@type":"WebSite","@id":"https:\/\/tilakpolypack.com\/de\/#website","url":"https:\/\/tilakpolypack.com\/de\/","name":"Tilak Polypack","description":"","potentialAction":[{"@type":"SearchAction","target":{"@type":"EntryPoint","urlTemplate":"https:\/\/tilakpolypack.com\/de\/?s={search_term_string}"},"query-input":"required name=search_term_string"}],"inLanguage":"en-US"}]}},"_links":{"self":[{"href":"https:\/\/tilakpolypack.com\/de\/wp-json\/wp\/v2\/pages\/7367","targetHints":{"allow":["GET"]}}],"collection":[{"href":"https:\/\/tilakpolypack.com\/de\/wp-json\/wp\/v2\/pages"}],"about":[{"href":"https:\/\/tilakpolypack.com\/de\/wp-json\/wp\/v2\/types\/page"}],"author":[{"embeddable":true,"href":"https:\/\/tilakpolypack.com\/de\/wp-json\/wp\/v2\/users\/1"}],"replies":[{"embeddable":true,"href":"https:\/\/tilakpolypack.com\/de\/wp-json\/wp\/v2\/comments?post=7367"}],"version-history":[{"count":3,"href":"https:\/\/tilakpolypack.com\/de\/wp-json\/wp\/v2\/pages\/7367\/revisions"}],"predecessor-version":[{"id":10253,"href":"https:\/\/tilakpolypack.com\/de\/wp-json\/wp\/v2\/pages\/7367\/revisions\/10253"}],"wp:featuredmedia":[{"embeddable":true,"href":"https:\/\/tilakpolypack.com\/de\/wp-json\/wp\/v2\/media\/793"}],"wp:attachment":[{"href":"https:\/\/tilakpolypack.com\/de\/wp-json\/wp\/v2\/media?parent=7367"}],"curies":[{"name":"wp","href":"https:\/\/api.w.org\/{rel}","templated":true}]}}