{"id":7366,"date":"2023-10-06T10:17:47","date_gmt":"2023-10-06T10:17:47","guid":{"rendered":"https:\/\/archiveyourwords.com\/tilak\/?page_id=7366"},"modified":"2025-09-19T11:43:33","modified_gmt":"2025-09-19T11:43:33","slug":"verpacktes-trinkwasser-film","status":"publish","type":"page","link":"https:\/\/tilakpolypack.com\/de\/verpacktes-trinkwasser-film\/","title":{"rendered":"Verpacktes Trinkwasser Film"},"content":{"rendered":"<section class=\"wpb-content-wrapper\"><p>[vc_row][vc_column][vc_column_text]<\/p>\n<h2>Verpacktes Trinkwasser Film<\/h2>\n<ul>\n<li>Hergestellt aus 100 % reinem 3-lagigem <a href=\"https:\/\/tilakpolypack.com\/de\/laminierung-pe-folie\/\"><strong>Laminierung PE-Folie <\/strong><\/a><\/li>\n<li>Wir verwenden Metalozin, um die bestm\u00f6gliche Dichtungsfestigkeit zu erzielen.<\/li>\n<li>Wir bieten Oberfl\u00e4chendruck mit bis zu 8 Farben an, und unsere Druckfarben verf\u00fcgen \u00fcber optimale Tiefk\u00fchl-Eigenschaften.<\/li>\n<li>Sie k\u00f6nnen f\u00fcr Wasserverpackungen von 200 ml bis zu 5 Litern verwendet werden.<\/li>\n<\/ul>\n<p>Tilak Polypack ist einer der weltweit f\u00fchrenden <a href=\"https:\/\/tilakpolypack.com\/de\/wasserverpackungsfolie\/\"><strong>Hersteller und Lieferanten von VERPACKTEM TRINKWASSERFILM<\/strong><\/a>. Mit Niederlassungen in L\u00e4ndern wie den USA, Singapur, Australien, Deutschland, Kanada, Neuseeland, Gro\u00dfbritannien, Irland, Schottland und Norwegen hat sich Tilak Polypack als zuverl\u00e4ssiger Anbieter von hochwertigem VERPACKTEM TRINKWASSERFILM etabliert.[\/vc_column_text]<section class=\"ts-vc_cta3-container\"><div class=\"ts-vc_general ts-vc_cta3 ts-cta3-only ts-vc_cta3-style-classic ts-vc_cta3-shape-rounded ts-vc_cta3-align-left ts-vc_cta3-color-transparent ts-vc_cta3-icon-size-md ts-vc_cta3-actions-right vc_custom_1756127242389 ts-cta3-with-desc\"><div class=\"ts-vc_cta3_content-container\"><div class=\"ts-vc_cta3-content\"><div class=\"ts-vc_cta3-content-header ts-wrap\"><div class=\"ts-vc_cta3-headers ts-wrap-cell\"><\/div><\/div><div class=\"ts-cta3-content-wrapper\"><p>Bitte kontaktieren Sie uns unter <a href=\"tel:9227422544\">+91-9227422544<\/a> oder senden Sie uns eine E-Mail an <a href=\"mailto:info@tilakpolypack.com\">info@tilakpolypack.com<\/a>, um Angebote oder weitere Informationen zu erhalten.<\/p><\/div><\/div><div class=\"ts-vc_cta3-actions\">\r\n\t\t<div class=\"ts-vc_btn3-container  popmake-8197 ts-vc_btn3-inline\"><a class=\"ts-vc_general ts-vc_btn3 ts-vc_btn3-size-md ts-vc_btn3-shape-rounded ts-vc_btn3-style-flat ts-vc_btn3-weight-yes ts-vc_btn3-color-skincolor\" href=\"\" title=\"\">Anfrage senden<\/a><\/div><\/div><\/div><\/div><\/section>[\/vc_column][\/vc_row]<\/p>\n<\/section>","protected":false},"excerpt":{"rendered":"<p>[vc_row][vc_column][vc_column_text] Verpacktes Trinkwasser Film Hergestellt aus 100 % reinem 3-lagigem Laminierung PE-Folie Wir verwenden Metalozin, um die bestm\u00f6gliche Dichtungsfestigkeit zu erzielen. Wir bieten Oberfl\u00e4chendruck mit bis zu 8 Farben an, und unsere Druckfarben verf\u00fcgen \u00fcber optimale Tiefk\u00fchl-Eigenschaften. Sie k\u00f6nnen f\u00fcr Wasserverpackungen von 200 ml bis zu 5 Litern verwendet werden. Tilak Polypack ist einer der &hellip; <a href=\"https:\/\/tilakpolypack.com\/de\/verpacktes-trinkwasser-film\/\" class=\"more-link\">Continue reading <span class=\"screen-reader-text\">Verpacktes Trinkwasser Film<\/span><\/a><\/p>\n","protected":false},"author":1,"featured_media":8064,"parent":0,"menu_order":0,"comment_status":"closed","ping_status":"closed","template":"","meta":{"_acf_changed":false,"om_disable_all_campaigns":false,"_monsterinsights_skip_tracking":false,"_monsterinsights_sitenote_active":false,"_monsterinsights_sitenote_note":"","_monsterinsights_sitenote_category":0,"_uf_show_specific_survey":0,"_uf_disable_surveys":false,"footnotes":""},"class_list":["post-7366","page","type-page","status-publish","has-post-thumbnail","hentry"],"acf":[],"yoast_head":"<!-- This site is optimized with the Yoast SEO plugin v22.3 - https:\/\/yoast.com\/wordpress\/plugins\/seo\/ -->\n<title>Verpackte Trinkwasserfolie | Vertrauensw\u00fcrdiger Lieferant und Hersteller<\/title>\n<meta name=\"description\" content=\"Hygienische, langlebige Trinkwasserfolie. Erh\u00e4ltlich in verschiedenen Rollen f\u00fcr Beutel und S\u00e4ckchen. Ideal f\u00fcr die sichere und saubere Verpackung von Trinkwasser.\" \/>\n<meta name=\"robots\" content=\"index, follow, max-snippet:-1, max-image-preview:large, max-video-preview:-1\" \/>\n<link rel=\"canonical\" href=\"https:\/\/tilakpolypack.com\/de\/verpacktes-trinkwasser-film\/\" \/>\n<meta property=\"og:locale\" content=\"en_US\" \/>\n<meta property=\"og:type\" content=\"article\" \/>\n<meta property=\"og:title\" content=\"Verpackte Trinkwasserfolie | Vertrauensw\u00fcrdiger Lieferant und Hersteller\" \/>\n<meta property=\"og:description\" content=\"Hygienische, langlebige Trinkwasserfolie. Erh\u00e4ltlich in verschiedenen Rollen f\u00fcr Beutel und S\u00e4ckchen. Ideal f\u00fcr die sichere und saubere Verpackung von Trinkwasser.\" \/>\n<meta property=\"og:url\" content=\"https:\/\/tilakpolypack.com\/de\/verpacktes-trinkwasser-film\/\" \/>\n<meta property=\"og:site_name\" content=\"Tilak Polypack\" \/>\n<meta property=\"article:modified_time\" content=\"2025-09-19T11:43:33+00:00\" \/>\n<meta property=\"og:image\" content=\"https:\/\/tilakpolypack.com\/de\/wp-content\/uploads\/2023\/10\/Packaged-Drinking-Water-Film.jpg\" \/>\n\t<meta property=\"og:image:width\" content=\"760\" \/>\n\t<meta property=\"og:image:height\" content=\"510\" \/>\n\t<meta property=\"og:image:type\" content=\"image\/jpeg\" \/>\n<meta name=\"twitter:card\" content=\"summary_large_image\" \/>\n<meta name=\"twitter:label1\" content=\"Est. reading time\" \/>\n\t<meta name=\"twitter:data1\" content=\"1 minute\" \/>\n<script type=\"application\/ld+json\" class=\"yoast-schema-graph\">{\"@context\":\"https:\/\/schema.org\",\"@graph\":[{\"@type\":\"WebPage\",\"@id\":\"https:\/\/tilakpolypack.com\/de\/verpacktes-trinkwasser-film\/\",\"url\":\"https:\/\/tilakpolypack.com\/de\/verpacktes-trinkwasser-film\/\",\"name\":\"Verpackte Trinkwasserfolie | Vertrauensw\u00fcrdiger Lieferant und Hersteller\",\"isPartOf\":{\"@id\":\"https:\/\/tilakpolypack.com\/de\/#website\"},\"primaryImageOfPage\":{\"@id\":\"https:\/\/tilakpolypack.com\/de\/verpacktes-trinkwasser-film\/#primaryimage\"},\"image\":{\"@id\":\"https:\/\/tilakpolypack.com\/de\/verpacktes-trinkwasser-film\/#primaryimage\"},\"thumbnailUrl\":\"https:\/\/tilakpolypack.com\/de\/wp-content\/uploads\/2023\/10\/Packaged-Drinking-Water-Film.jpg\",\"datePublished\":\"2023-10-06T10:17:47+00:00\",\"dateModified\":\"2025-09-19T11:43:33+00:00\",\"description\":\"Hygienische, langlebige Trinkwasserfolie. Erh\u00e4ltlich in verschiedenen Rollen f\u00fcr Beutel und S\u00e4ckchen. Ideal f\u00fcr die sichere und saubere Verpackung von Trinkwasser.\",\"inLanguage\":\"en-US\",\"potentialAction\":[{\"@type\":\"ReadAction\",\"target\":[\"https:\/\/tilakpolypack.com\/de\/verpacktes-trinkwasser-film\/\"]}]},{\"@type\":\"ImageObject\",\"inLanguage\":\"en-US\",\"@id\":\"https:\/\/tilakpolypack.com\/de\/verpacktes-trinkwasser-film\/#primaryimage\",\"url\":\"https:\/\/tilakpolypack.com\/de\/wp-content\/uploads\/2023\/10\/Packaged-Drinking-Water-Film.jpg\",\"contentUrl\":\"https:\/\/tilakpolypack.com\/de\/wp-content\/uploads\/2023\/10\/Packaged-Drinking-Water-Film.jpg\",\"width\":760,\"height\":510},{\"@type\":\"WebSite\",\"@id\":\"https:\/\/tilakpolypack.com\/de\/#website\",\"url\":\"https:\/\/tilakpolypack.com\/de\/\",\"name\":\"Tilak Polypack\",\"description\":\"\",\"potentialAction\":[{\"@type\":\"SearchAction\",\"target\":{\"@type\":\"EntryPoint\",\"urlTemplate\":\"https:\/\/tilakpolypack.com\/de\/?s={search_term_string}\"},\"query-input\":\"required name=search_term_string\"}],\"inLanguage\":\"en-US\"}]}<\/script>\n<!-- \/ Yoast SEO plugin. -->","yoast_head_json":{"title":"Verpackte Trinkwasserfolie | Vertrauensw\u00fcrdiger Lieferant und Hersteller","description":"Hygienische, langlebige Trinkwasserfolie. Erh\u00e4ltlich in verschiedenen Rollen f\u00fcr Beutel und S\u00e4ckchen. Ideal f\u00fcr die sichere und saubere Verpackung von Trinkwasser.","robots":{"index":"index","follow":"follow","max-snippet":"max-snippet:-1","max-image-preview":"max-image-preview:large","max-video-preview":"max-video-preview:-1"},"canonical":"https:\/\/tilakpolypack.com\/de\/verpacktes-trinkwasser-film\/","og_locale":"en_US","og_type":"article","og_title":"Verpackte Trinkwasserfolie | Vertrauensw\u00fcrdiger Lieferant und Hersteller","og_description":"Hygienische, langlebige Trinkwasserfolie. Erh\u00e4ltlich in verschiedenen Rollen f\u00fcr Beutel und S\u00e4ckchen. Ideal f\u00fcr die sichere und saubere Verpackung von Trinkwasser.","og_url":"https:\/\/tilakpolypack.com\/de\/verpacktes-trinkwasser-film\/","og_site_name":"Tilak Polypack","article_modified_time":"2025-09-19T11:43:33+00:00","og_image":[{"width":760,"height":510,"url":"https:\/\/tilakpolypack.com\/de\/wp-content\/uploads\/2023\/10\/Packaged-Drinking-Water-Film.jpg","type":"image\/jpeg"}],"twitter_card":"summary_large_image","twitter_misc":{"Est. reading time":"1 minute"},"schema":{"@context":"https:\/\/schema.org","@graph":[{"@type":"WebPage","@id":"https:\/\/tilakpolypack.com\/de\/verpacktes-trinkwasser-film\/","url":"https:\/\/tilakpolypack.com\/de\/verpacktes-trinkwasser-film\/","name":"Verpackte Trinkwasserfolie | Vertrauensw\u00fcrdiger Lieferant und Hersteller","isPartOf":{"@id":"https:\/\/tilakpolypack.com\/de\/#website"},"primaryImageOfPage":{"@id":"https:\/\/tilakpolypack.com\/de\/verpacktes-trinkwasser-film\/#primaryimage"},"image":{"@id":"https:\/\/tilakpolypack.com\/de\/verpacktes-trinkwasser-film\/#primaryimage"},"thumbnailUrl":"https:\/\/tilakpolypack.com\/de\/wp-content\/uploads\/2023\/10\/Packaged-Drinking-Water-Film.jpg","datePublished":"2023-10-06T10:17:47+00:00","dateModified":"2025-09-19T11:43:33+00:00","description":"Hygienische, langlebige Trinkwasserfolie. Erh\u00e4ltlich in verschiedenen Rollen f\u00fcr Beutel und S\u00e4ckchen. Ideal f\u00fcr die sichere und saubere Verpackung von Trinkwasser.","inLanguage":"en-US","potentialAction":[{"@type":"ReadAction","target":["https:\/\/tilakpolypack.com\/de\/verpacktes-trinkwasser-film\/"]}]},{"@type":"ImageObject","inLanguage":"en-US","@id":"https:\/\/tilakpolypack.com\/de\/verpacktes-trinkwasser-film\/#primaryimage","url":"https:\/\/tilakpolypack.com\/de\/wp-content\/uploads\/2023\/10\/Packaged-Drinking-Water-Film.jpg","contentUrl":"https:\/\/tilakpolypack.com\/de\/wp-content\/uploads\/2023\/10\/Packaged-Drinking-Water-Film.jpg","width":760,"height":510},{"@type":"WebSite","@id":"https:\/\/tilakpolypack.com\/de\/#website","url":"https:\/\/tilakpolypack.com\/de\/","name":"Tilak Polypack","description":"","potentialAction":[{"@type":"SearchAction","target":{"@type":"EntryPoint","urlTemplate":"https:\/\/tilakpolypack.com\/de\/?s={search_term_string}"},"query-input":"required name=search_term_string"}],"inLanguage":"en-US"}]}},"_links":{"self":[{"href":"https:\/\/tilakpolypack.com\/de\/wp-json\/wp\/v2\/pages\/7366","targetHints":{"allow":["GET"]}}],"collection":[{"href":"https:\/\/tilakpolypack.com\/de\/wp-json\/wp\/v2\/pages"}],"about":[{"href":"https:\/\/tilakpolypack.com\/de\/wp-json\/wp\/v2\/types\/page"}],"author":[{"embeddable":true,"href":"https:\/\/tilakpolypack.com\/de\/wp-json\/wp\/v2\/users\/1"}],"replies":[{"embeddable":true,"href":"https:\/\/tilakpolypack.com\/de\/wp-json\/wp\/v2\/comments?post=7366"}],"version-history":[{"count":3,"href":"https:\/\/tilakpolypack.com\/de\/wp-json\/wp\/v2\/pages\/7366\/revisions"}],"predecessor-version":[{"id":10251,"href":"https:\/\/tilakpolypack.com\/de\/wp-json\/wp\/v2\/pages\/7366\/revisions\/10251"}],"wp:featuredmedia":[{"embeddable":true,"href":"https:\/\/tilakpolypack.com\/de\/wp-json\/wp\/v2\/media\/8064"}],"wp:attachment":[{"href":"https:\/\/tilakpolypack.com\/de\/wp-json\/wp\/v2\/media?parent=7366"}],"curies":[{"name":"wp","href":"https:\/\/api.w.org\/{rel}","templated":true}]}}