{"id":7364,"date":"2023-10-06T10:17:15","date_gmt":"2023-10-06T10:17:15","guid":{"rendered":"https:\/\/archiveyourwords.com\/tilak\/?page_id=7364"},"modified":"2025-09-19T11:40:45","modified_gmt":"2025-09-19T11:40:45","slug":"ghee-vanaspati-verpackungsfolie","status":"publish","type":"page","link":"https:\/\/tilakpolypack.com\/de\/ghee-vanaspati-verpackungsfolie\/","title":{"rendered":"Ghee Vanaspati Verpackungsfolie"},"content":{"rendered":"<section class=\"wpb-content-wrapper\"><p>[vc_row][vc_column][vc_column_text css=&#8221;.vc_custom_1758282040822{padding-top: 20px !important;}&#8221;]<\/p>\n<h2>Ghee-\/Vanaspati-Verpackungsfolie<\/h2>\n<ul>\n<li>Hergestellt aus 100 % reiner 3-lagiger <a href=\"https:\/\/tilakpolypack.com\/de\/laminierung-pe-folie\/\"><strong>Laminierung PE-Folie <\/strong><\/a><\/li>\n<li>Wei\u00dfes Masterbatch, das ausschlie\u00dflich von multinationalen Unternehmen bezogen wird.<\/li>\n<li>Kann auch mit Yellow Masterbatch geliefert werden.<\/li>\n<li>Wir verwenden Metalosine, um die bestm\u00f6gliche Dichtungsfestigkeit zu erzielen.<\/li>\n<li>Wir bieten Oberfl\u00e4chendruck mit bis zu 8 Farben an, und unsere Druckfarben weisen optimale Fettbest\u00e4ndigkeitseigenschaften auf.<\/li>\n<li>Sie k\u00f6nnen f\u00fcr die Verpackung von Ghee von 200 ml bis zu 5 Litern verwendet werden.<\/li>\n<\/ul>\n<p>Tilak Polypack ist einer der weltweit f\u00fchrenden <a href=\"https:\/\/tilakpolypack.com\/de\/bedruckte-pe-folien\/\"><strong>Hersteller und Lieferanten von GHEE VANASPATI-VERPACKUNGSFOLIE<\/strong><\/a>. Mit Niederlassungen in L\u00e4ndern wie den USA, Singapur, Australien, Deutschland, Kanada, Neuseeland, Gro\u00dfbritannien, Irland, Schottland und Norwegen hat sich Tilak Polypack als zuverl\u00e4ssiger Anbieter von hochwertiger GHEE VANASPATI-VERPACKUNGSFOLIE etabliert.[\/vc_column_text]<section class=\"ts-vc_cta3-container\"><div class=\"ts-vc_general ts-vc_cta3 ts-cta3-only ts-vc_cta3-style-classic ts-vc_cta3-shape-rounded ts-vc_cta3-align-left ts-vc_cta3-color-transparent ts-vc_cta3-icon-size-md ts-vc_cta3-actions-right vc_custom_1756118027682 ts-cta3-with-desc\"><div class=\"ts-vc_cta3_content-container\"><div class=\"ts-vc_cta3-content\"><div class=\"ts-vc_cta3-content-header ts-wrap\"><div class=\"ts-vc_cta3-headers ts-wrap-cell\"><\/div><\/div><div class=\"ts-cta3-content-wrapper\"><p>Bitte kontaktieren Sie uns unter <a href=\"tel:9227422544\">+91-9227422544<\/a> oder senden Sie uns eine E-Mail an <a href=\"mailto:info@tilakpolypack.com\">info@tilakpolypack.com<\/a>, um Angebote oder weitere Informationen zu erhalten.<\/p><\/div><\/div><div class=\"ts-vc_cta3-actions\">\r\n\t\t<div class=\"ts-vc_btn3-container  popmake-8197 ts-vc_btn3-inline\"><a class=\"ts-vc_general ts-vc_btn3 ts-vc_btn3-size-md ts-vc_btn3-shape-rounded ts-vc_btn3-style-flat ts-vc_btn3-weight-yes ts-vc_btn3-color-skincolor\" href=\"\" title=\"\">Anfrage senden<\/a><\/div><\/div><\/div><\/div><\/section>[\/vc_column][\/vc_row]<\/p>\n<\/section>","protected":false},"excerpt":{"rendered":"<p>[vc_row][vc_column][vc_column_text css=&#8221;.vc_custom_1758282040822{padding-top: 20px !important;}&#8221;] Ghee-\/Vanaspati-Verpackungsfolie Hergestellt aus 100 % reiner 3-lagiger Laminierung PE-Folie Wei\u00dfes Masterbatch, das ausschlie\u00dflich von multinationalen Unternehmen bezogen wird. Kann auch mit Yellow Masterbatch geliefert werden. Wir verwenden Metalosine, um die bestm\u00f6gliche Dichtungsfestigkeit zu erzielen. Wir bieten Oberfl\u00e4chendruck mit bis zu 8 Farben an, und unsere Druckfarben weisen optimale Fettbest\u00e4ndigkeitseigenschaften auf. Sie &hellip; <a href=\"https:\/\/tilakpolypack.com\/de\/ghee-vanaspati-verpackungsfolie\/\" class=\"more-link\">Continue reading <span class=\"screen-reader-text\">Ghee Vanaspati Verpackungsfolie<\/span><\/a><\/p>\n","protected":false},"author":1,"featured_media":8053,"parent":0,"menu_order":0,"comment_status":"closed","ping_status":"closed","template":"","meta":{"_acf_changed":false,"om_disable_all_campaigns":false,"_monsterinsights_skip_tracking":false,"_monsterinsights_sitenote_active":false,"_monsterinsights_sitenote_note":"","_monsterinsights_sitenote_category":0,"_uf_show_specific_survey":0,"_uf_disable_surveys":false,"footnotes":""},"class_list":["post-7364","page","type-page","status-publish","has-post-thumbnail","hentry"],"acf":[],"yoast_head":"<!-- This site is optimized with the Yoast SEO plugin v22.3 - https:\/\/yoast.com\/wordpress\/plugins\/seo\/ -->\n<title>Ghee Vanaspati Verpackungsfolienhersteller | Tilak Polypack<\/title>\n<meta name=\"description\" content=\"Ghee Vanaspati-Verpackungsfolien f\u00fcr Frische, Sicherheit und Haltbarkeit. Vertrauensw\u00fcrdiger Lieferant und Hersteller f\u00fcr flexible Lebensmittelverpackungen.\" \/>\n<meta name=\"robots\" content=\"index, follow, max-snippet:-1, max-image-preview:large, max-video-preview:-1\" \/>\n<link rel=\"canonical\" href=\"https:\/\/tilakpolypack.com\/de\/ghee-vanaspati-verpackungsfolie\/\" \/>\n<meta property=\"og:locale\" content=\"en_US\" \/>\n<meta property=\"og:type\" content=\"article\" \/>\n<meta property=\"og:title\" content=\"Ghee Vanaspati Verpackungsfolienhersteller | Tilak Polypack\" \/>\n<meta property=\"og:description\" content=\"Ghee Vanaspati-Verpackungsfolien f\u00fcr Frische, Sicherheit und Haltbarkeit. Vertrauensw\u00fcrdiger Lieferant und Hersteller f\u00fcr flexible Lebensmittelverpackungen.\" \/>\n<meta property=\"og:url\" content=\"https:\/\/tilakpolypack.com\/de\/ghee-vanaspati-verpackungsfolie\/\" \/>\n<meta property=\"og:site_name\" content=\"Tilak Polypack\" \/>\n<meta property=\"article:modified_time\" content=\"2025-09-19T11:40:45+00:00\" \/>\n<meta property=\"og:image\" content=\"https:\/\/tilakpolypack.com\/de\/wp-content\/uploads\/2023\/10\/ghee-vanaspati-packaging-film.jpg\" \/>\n\t<meta property=\"og:image:width\" content=\"760\" \/>\n\t<meta property=\"og:image:height\" content=\"510\" \/>\n\t<meta property=\"og:image:type\" content=\"image\/jpeg\" \/>\n<meta name=\"twitter:card\" content=\"summary_large_image\" \/>\n<meta name=\"twitter:label1\" content=\"Est. reading time\" \/>\n\t<meta name=\"twitter:data1\" content=\"1 minute\" \/>\n<script type=\"application\/ld+json\" class=\"yoast-schema-graph\">{\"@context\":\"https:\/\/schema.org\",\"@graph\":[{\"@type\":\"WebPage\",\"@id\":\"https:\/\/tilakpolypack.com\/de\/ghee-vanaspati-verpackungsfolie\/\",\"url\":\"https:\/\/tilakpolypack.com\/de\/ghee-vanaspati-verpackungsfolie\/\",\"name\":\"Ghee Vanaspati Verpackungsfolienhersteller | Tilak Polypack\",\"isPartOf\":{\"@id\":\"https:\/\/tilakpolypack.com\/de\/#website\"},\"primaryImageOfPage\":{\"@id\":\"https:\/\/tilakpolypack.com\/de\/ghee-vanaspati-verpackungsfolie\/#primaryimage\"},\"image\":{\"@id\":\"https:\/\/tilakpolypack.com\/de\/ghee-vanaspati-verpackungsfolie\/#primaryimage\"},\"thumbnailUrl\":\"https:\/\/tilakpolypack.com\/de\/wp-content\/uploads\/2023\/10\/ghee-vanaspati-packaging-film.jpg\",\"datePublished\":\"2023-10-06T10:17:15+00:00\",\"dateModified\":\"2025-09-19T11:40:45+00:00\",\"description\":\"Ghee Vanaspati-Verpackungsfolien f\u00fcr Frische, Sicherheit und Haltbarkeit. Vertrauensw\u00fcrdiger Lieferant und Hersteller f\u00fcr flexible Lebensmittelverpackungen.\",\"inLanguage\":\"en-US\",\"potentialAction\":[{\"@type\":\"ReadAction\",\"target\":[\"https:\/\/tilakpolypack.com\/de\/ghee-vanaspati-verpackungsfolie\/\"]}]},{\"@type\":\"ImageObject\",\"inLanguage\":\"en-US\",\"@id\":\"https:\/\/tilakpolypack.com\/de\/ghee-vanaspati-verpackungsfolie\/#primaryimage\",\"url\":\"https:\/\/tilakpolypack.com\/de\/wp-content\/uploads\/2023\/10\/ghee-vanaspati-packaging-film.jpg\",\"contentUrl\":\"https:\/\/tilakpolypack.com\/de\/wp-content\/uploads\/2023\/10\/ghee-vanaspati-packaging-film.jpg\",\"width\":760,\"height\":510},{\"@type\":\"WebSite\",\"@id\":\"https:\/\/tilakpolypack.com\/de\/#website\",\"url\":\"https:\/\/tilakpolypack.com\/de\/\",\"name\":\"Tilak Polypack\",\"description\":\"\",\"potentialAction\":[{\"@type\":\"SearchAction\",\"target\":{\"@type\":\"EntryPoint\",\"urlTemplate\":\"https:\/\/tilakpolypack.com\/de\/?s={search_term_string}\"},\"query-input\":\"required name=search_term_string\"}],\"inLanguage\":\"en-US\"}]}<\/script>\n<!-- \/ Yoast SEO plugin. -->","yoast_head_json":{"title":"Ghee Vanaspati Verpackungsfolienhersteller | Tilak Polypack","description":"Ghee Vanaspati-Verpackungsfolien f\u00fcr Frische, Sicherheit und Haltbarkeit. Vertrauensw\u00fcrdiger Lieferant und Hersteller f\u00fcr flexible Lebensmittelverpackungen.","robots":{"index":"index","follow":"follow","max-snippet":"max-snippet:-1","max-image-preview":"max-image-preview:large","max-video-preview":"max-video-preview:-1"},"canonical":"https:\/\/tilakpolypack.com\/de\/ghee-vanaspati-verpackungsfolie\/","og_locale":"en_US","og_type":"article","og_title":"Ghee Vanaspati Verpackungsfolienhersteller | Tilak Polypack","og_description":"Ghee Vanaspati-Verpackungsfolien f\u00fcr Frische, Sicherheit und Haltbarkeit. Vertrauensw\u00fcrdiger Lieferant und Hersteller f\u00fcr flexible Lebensmittelverpackungen.","og_url":"https:\/\/tilakpolypack.com\/de\/ghee-vanaspati-verpackungsfolie\/","og_site_name":"Tilak Polypack","article_modified_time":"2025-09-19T11:40:45+00:00","og_image":[{"width":760,"height":510,"url":"https:\/\/tilakpolypack.com\/de\/wp-content\/uploads\/2023\/10\/ghee-vanaspati-packaging-film.jpg","type":"image\/jpeg"}],"twitter_card":"summary_large_image","twitter_misc":{"Est. reading time":"1 minute"},"schema":{"@context":"https:\/\/schema.org","@graph":[{"@type":"WebPage","@id":"https:\/\/tilakpolypack.com\/de\/ghee-vanaspati-verpackungsfolie\/","url":"https:\/\/tilakpolypack.com\/de\/ghee-vanaspati-verpackungsfolie\/","name":"Ghee Vanaspati Verpackungsfolienhersteller | Tilak Polypack","isPartOf":{"@id":"https:\/\/tilakpolypack.com\/de\/#website"},"primaryImageOfPage":{"@id":"https:\/\/tilakpolypack.com\/de\/ghee-vanaspati-verpackungsfolie\/#primaryimage"},"image":{"@id":"https:\/\/tilakpolypack.com\/de\/ghee-vanaspati-verpackungsfolie\/#primaryimage"},"thumbnailUrl":"https:\/\/tilakpolypack.com\/de\/wp-content\/uploads\/2023\/10\/ghee-vanaspati-packaging-film.jpg","datePublished":"2023-10-06T10:17:15+00:00","dateModified":"2025-09-19T11:40:45+00:00","description":"Ghee Vanaspati-Verpackungsfolien f\u00fcr Frische, Sicherheit und Haltbarkeit. Vertrauensw\u00fcrdiger Lieferant und Hersteller f\u00fcr flexible Lebensmittelverpackungen.","inLanguage":"en-US","potentialAction":[{"@type":"ReadAction","target":["https:\/\/tilakpolypack.com\/de\/ghee-vanaspati-verpackungsfolie\/"]}]},{"@type":"ImageObject","inLanguage":"en-US","@id":"https:\/\/tilakpolypack.com\/de\/ghee-vanaspati-verpackungsfolie\/#primaryimage","url":"https:\/\/tilakpolypack.com\/de\/wp-content\/uploads\/2023\/10\/ghee-vanaspati-packaging-film.jpg","contentUrl":"https:\/\/tilakpolypack.com\/de\/wp-content\/uploads\/2023\/10\/ghee-vanaspati-packaging-film.jpg","width":760,"height":510},{"@type":"WebSite","@id":"https:\/\/tilakpolypack.com\/de\/#website","url":"https:\/\/tilakpolypack.com\/de\/","name":"Tilak Polypack","description":"","potentialAction":[{"@type":"SearchAction","target":{"@type":"EntryPoint","urlTemplate":"https:\/\/tilakpolypack.com\/de\/?s={search_term_string}"},"query-input":"required name=search_term_string"}],"inLanguage":"en-US"}]}},"_links":{"self":[{"href":"https:\/\/tilakpolypack.com\/de\/wp-json\/wp\/v2\/pages\/7364","targetHints":{"allow":["GET"]}}],"collection":[{"href":"https:\/\/tilakpolypack.com\/de\/wp-json\/wp\/v2\/pages"}],"about":[{"href":"https:\/\/tilakpolypack.com\/de\/wp-json\/wp\/v2\/types\/page"}],"author":[{"embeddable":true,"href":"https:\/\/tilakpolypack.com\/de\/wp-json\/wp\/v2\/users\/1"}],"replies":[{"embeddable":true,"href":"https:\/\/tilakpolypack.com\/de\/wp-json\/wp\/v2\/comments?post=7364"}],"version-history":[{"count":3,"href":"https:\/\/tilakpolypack.com\/de\/wp-json\/wp\/v2\/pages\/7364\/revisions"}],"predecessor-version":[{"id":10250,"href":"https:\/\/tilakpolypack.com\/de\/wp-json\/wp\/v2\/pages\/7364\/revisions\/10250"}],"wp:featuredmedia":[{"embeddable":true,"href":"https:\/\/tilakpolypack.com\/de\/wp-json\/wp\/v2\/media\/8053"}],"wp:attachment":[{"href":"https:\/\/tilakpolypack.com\/de\/wp-json\/wp\/v2\/media?parent=7364"}],"curies":[{"name":"wp","href":"https:\/\/api.w.org\/{rel}","templated":true}]}}