{"id":7358,"date":"2023-10-06T10:16:12","date_gmt":"2023-10-06T10:16:12","guid":{"rendered":"https:\/\/archiveyourwords.com\/tilak\/?page_id=7358"},"modified":"2025-09-11T04:33:43","modified_gmt":"2025-09-11T04:33:43","slug":"polyester-laminierte-rolle","status":"publish","type":"page","link":"https:\/\/tilakpolypack.com\/de\/polyester-laminierte-rolle\/","title":{"rendered":"Polyester-laminierte Rolle"},"content":{"rendered":"<section class=\"wpb-content-wrapper\"><p>[vc_row][vc_column][vc_column_text css=&#8221;.vc_custom_1756125248387{padding-top: 20px !important;}&#8221;]<\/p>\n<h2>Polyester-laminierte Rolle<\/h2>\n<p>Wir bieten laminierte Polyesterrollen in verschiedenen Farben, St\u00e4rken, Gr\u00f6\u00dfen und Spezifikationen an. F\u00fcr den Druckprozess wird das Tiefdruckverfahren verwendet, um eine gute Verarbeitung des Druckerzeugnisses zu gew\u00e4hrleisten.<\/p>\n<p>Eine gute Verarbeitung der bedruckten Polyester-Laminatrolle ist f\u00fcr die Lebensmittelmarke, zu der sie geh\u00f6rt, von gro\u00dfer Bedeutung. Deshalb stellen wir bei Tilak Polypack sicher, dass die Qualit\u00e4t des Rohmaterials und der Verarbeitung in keiner Phase des Herstellungsprozesses der Polyester-Laminatrolle beeintr\u00e4chtigt wird.<\/p>\n<p>Hier sind einige Verpackungsmaterialien, mit denen wir arbeiten, darunter Polyester LDPE, metallisiertes Polyester, Polyester LDPE, Polyester BOPP, metallisiertes Polyester BOPP, BOPP LDPE, BOPP CPP, Polyester, Aluminiumfolie LDPE, Polyester CPP und Polyester LDPE.<\/p>\n<p>Tilak Polypack ist einer der weltweit f\u00fchrenden Hersteller und Lieferanten von Polyester-Laminatrollen. Mit Niederlassungen in L\u00e4ndern wie den USA, Singapur, Australien, Deutschland, Kanada, Neuseeland, Gro\u00dfbritannien, Irland, Schottland und Norwegen hat sich Tilak Polypack als zuverl\u00e4ssiger Anbieter von hochwertigen Polyester-Laminatrollen etabliert.[\/vc_column_text]<section class=\"ts-vc_cta3-container\"><div class=\"ts-vc_general ts-vc_cta3 ts-cta3-only ts-vc_cta3-style-classic ts-vc_cta3-shape-rounded ts-vc_cta3-align-left ts-vc_cta3-color-transparent ts-vc_cta3-icon-size-md ts-vc_cta3-actions-right vc_custom_1756125274532 ts-cta3-with-desc\"><div class=\"ts-vc_cta3_content-container\"><div class=\"ts-vc_cta3-content\"><div class=\"ts-vc_cta3-content-header ts-wrap\"><div class=\"ts-vc_cta3-headers ts-wrap-cell\"><\/div><\/div><div class=\"ts-cta3-content-wrapper\"><p>Bitte kontaktieren Sie uns unter <a href=\"tel:9227422544\">+91-9227422544<\/a> oder senden Sie uns eine E-Mail an <a href=\"mailto:info@tilakpolypack.com\">info@tilakpolypack.com<\/a>, um Angebote oder weitere Informationen zu erhalten.<\/p><\/div><\/div><div class=\"ts-vc_cta3-actions\">\r\n\t\t<div class=\"ts-vc_btn3-container  popmake-8197 ts-vc_btn3-inline\"><a class=\"ts-vc_general ts-vc_btn3 ts-vc_btn3-size-md ts-vc_btn3-shape-rounded ts-vc_btn3-style-flat ts-vc_btn3-weight-yes ts-vc_btn3-color-skincolor\" href=\"\" title=\"\">Anfrage senden<\/a><\/div><\/div><\/div><\/div><\/section>[\/vc_column][\/vc_row]<\/p>\n<\/section>","protected":false},"excerpt":{"rendered":"<p>[vc_row][vc_column][vc_column_text css=&#8221;.vc_custom_1756125248387{padding-top: 20px !important;}&#8221;] Polyester-laminierte Rolle Wir bieten laminierte Polyesterrollen in verschiedenen Farben, St\u00e4rken, Gr\u00f6\u00dfen und Spezifikationen an. F\u00fcr den Druckprozess wird das Tiefdruckverfahren verwendet, um eine gute Verarbeitung des Druckerzeugnisses zu gew\u00e4hrleisten. Eine gute Verarbeitung der bedruckten Polyester-Laminatrolle ist f\u00fcr die Lebensmittelmarke, zu der sie geh\u00f6rt, von gro\u00dfer Bedeutung. Deshalb stellen wir bei Tilak &hellip; <a href=\"https:\/\/tilakpolypack.com\/de\/polyester-laminierte-rolle\/\" class=\"more-link\">Continue reading <span class=\"screen-reader-text\">Polyester-laminierte Rolle<\/span><\/a><\/p>\n","protected":false},"author":1,"featured_media":8015,"parent":0,"menu_order":0,"comment_status":"closed","ping_status":"closed","template":"","meta":{"_acf_changed":false,"om_disable_all_campaigns":false,"_monsterinsights_skip_tracking":false,"_monsterinsights_sitenote_active":false,"_monsterinsights_sitenote_note":"","_monsterinsights_sitenote_category":0,"_uf_show_specific_survey":0,"_uf_disable_surveys":false,"footnotes":""},"class_list":["post-7358","page","type-page","status-publish","has-post-thumbnail","hentry"],"acf":[],"yoast_head":"<!-- This site is optimized with the Yoast SEO plugin v22.3 - https:\/\/yoast.com\/wordpress\/plugins\/seo\/ -->\n<title>Polyester-Laminatrolle \u2013 Starke, flexible Verpackungsl\u00f6sung<\/title>\n<meta name=\"description\" content=\"Polyesterlaminierte Rolle f\u00fcr Festigkeit, Flexibilit\u00e4t und zuverl\u00e4ssigen Schutz. Ideal f\u00fcr Lebensmittel-, Chemie- und Industrieverpackungen.\" \/>\n<meta name=\"robots\" content=\"index, follow, max-snippet:-1, max-image-preview:large, max-video-preview:-1\" \/>\n<link rel=\"canonical\" href=\"https:\/\/tilakpolypack.com\/de\/polyester-laminierte-rolle\/\" \/>\n<meta property=\"og:locale\" content=\"en_US\" \/>\n<meta property=\"og:type\" content=\"article\" \/>\n<meta property=\"og:title\" content=\"Polyester-Laminatrolle \u2013 Starke, flexible Verpackungsl\u00f6sung\" \/>\n<meta property=\"og:description\" content=\"Polyesterlaminierte Rolle f\u00fcr Festigkeit, Flexibilit\u00e4t und zuverl\u00e4ssigen Schutz. Ideal f\u00fcr Lebensmittel-, Chemie- und Industrieverpackungen.\" \/>\n<meta property=\"og:url\" content=\"https:\/\/tilakpolypack.com\/de\/polyester-laminierte-rolle\/\" \/>\n<meta property=\"og:site_name\" content=\"Tilak Polypack\" \/>\n<meta property=\"article:modified_time\" content=\"2025-09-11T04:33:43+00:00\" \/>\n<meta property=\"og:image\" content=\"https:\/\/tilakpolypack.com\/de\/wp-content\/uploads\/2023\/10\/flexible-laminate-rolls-pouches-1.jpg\" \/>\n\t<meta property=\"og:image:width\" content=\"1200\" \/>\n\t<meta property=\"og:image:height\" content=\"795\" \/>\n\t<meta property=\"og:image:type\" content=\"image\/jpeg\" \/>\n<meta name=\"twitter:card\" content=\"summary_large_image\" \/>\n<meta name=\"twitter:label1\" content=\"Est. reading time\" \/>\n\t<meta name=\"twitter:data1\" content=\"1 minute\" \/>\n<script type=\"application\/ld+json\" class=\"yoast-schema-graph\">{\"@context\":\"https:\/\/schema.org\",\"@graph\":[{\"@type\":\"WebPage\",\"@id\":\"https:\/\/tilakpolypack.com\/de\/polyester-laminierte-rolle\/\",\"url\":\"https:\/\/tilakpolypack.com\/de\/polyester-laminierte-rolle\/\",\"name\":\"Polyester-Laminatrolle \u2013 Starke, flexible Verpackungsl\u00f6sung\",\"isPartOf\":{\"@id\":\"https:\/\/tilakpolypack.com\/de\/#website\"},\"primaryImageOfPage\":{\"@id\":\"https:\/\/tilakpolypack.com\/de\/polyester-laminierte-rolle\/#primaryimage\"},\"image\":{\"@id\":\"https:\/\/tilakpolypack.com\/de\/polyester-laminierte-rolle\/#primaryimage\"},\"thumbnailUrl\":\"https:\/\/tilakpolypack.com\/de\/wp-content\/uploads\/2023\/10\/flexible-laminate-rolls-pouches-1.jpg\",\"datePublished\":\"2023-10-06T10:16:12+00:00\",\"dateModified\":\"2025-09-11T04:33:43+00:00\",\"description\":\"Polyesterlaminierte Rolle f\u00fcr Festigkeit, Flexibilit\u00e4t und zuverl\u00e4ssigen Schutz. Ideal f\u00fcr Lebensmittel-, Chemie- und Industrieverpackungen.\",\"inLanguage\":\"en-US\",\"potentialAction\":[{\"@type\":\"ReadAction\",\"target\":[\"https:\/\/tilakpolypack.com\/de\/polyester-laminierte-rolle\/\"]}]},{\"@type\":\"ImageObject\",\"inLanguage\":\"en-US\",\"@id\":\"https:\/\/tilakpolypack.com\/de\/polyester-laminierte-rolle\/#primaryimage\",\"url\":\"https:\/\/tilakpolypack.com\/de\/wp-content\/uploads\/2023\/10\/flexible-laminate-rolls-pouches-1.jpg\",\"contentUrl\":\"https:\/\/tilakpolypack.com\/de\/wp-content\/uploads\/2023\/10\/flexible-laminate-rolls-pouches-1.jpg\",\"width\":1200,\"height\":795},{\"@type\":\"WebSite\",\"@id\":\"https:\/\/tilakpolypack.com\/de\/#website\",\"url\":\"https:\/\/tilakpolypack.com\/de\/\",\"name\":\"Tilak Polypack\",\"description\":\"\",\"potentialAction\":[{\"@type\":\"SearchAction\",\"target\":{\"@type\":\"EntryPoint\",\"urlTemplate\":\"https:\/\/tilakpolypack.com\/de\/?s={search_term_string}\"},\"query-input\":\"required name=search_term_string\"}],\"inLanguage\":\"en-US\"}]}<\/script>\n<!-- \/ Yoast SEO plugin. -->","yoast_head_json":{"title":"Polyester-Laminatrolle \u2013 Starke, flexible Verpackungsl\u00f6sung","description":"Polyesterlaminierte Rolle f\u00fcr Festigkeit, Flexibilit\u00e4t und zuverl\u00e4ssigen Schutz. Ideal f\u00fcr Lebensmittel-, Chemie- und Industrieverpackungen.","robots":{"index":"index","follow":"follow","max-snippet":"max-snippet:-1","max-image-preview":"max-image-preview:large","max-video-preview":"max-video-preview:-1"},"canonical":"https:\/\/tilakpolypack.com\/de\/polyester-laminierte-rolle\/","og_locale":"en_US","og_type":"article","og_title":"Polyester-Laminatrolle \u2013 Starke, flexible Verpackungsl\u00f6sung","og_description":"Polyesterlaminierte Rolle f\u00fcr Festigkeit, Flexibilit\u00e4t und zuverl\u00e4ssigen Schutz. Ideal f\u00fcr Lebensmittel-, Chemie- und Industrieverpackungen.","og_url":"https:\/\/tilakpolypack.com\/de\/polyester-laminierte-rolle\/","og_site_name":"Tilak Polypack","article_modified_time":"2025-09-11T04:33:43+00:00","og_image":[{"width":1200,"height":795,"url":"https:\/\/tilakpolypack.com\/de\/wp-content\/uploads\/2023\/10\/flexible-laminate-rolls-pouches-1.jpg","type":"image\/jpeg"}],"twitter_card":"summary_large_image","twitter_misc":{"Est. reading time":"1 minute"},"schema":{"@context":"https:\/\/schema.org","@graph":[{"@type":"WebPage","@id":"https:\/\/tilakpolypack.com\/de\/polyester-laminierte-rolle\/","url":"https:\/\/tilakpolypack.com\/de\/polyester-laminierte-rolle\/","name":"Polyester-Laminatrolle \u2013 Starke, flexible Verpackungsl\u00f6sung","isPartOf":{"@id":"https:\/\/tilakpolypack.com\/de\/#website"},"primaryImageOfPage":{"@id":"https:\/\/tilakpolypack.com\/de\/polyester-laminierte-rolle\/#primaryimage"},"image":{"@id":"https:\/\/tilakpolypack.com\/de\/polyester-laminierte-rolle\/#primaryimage"},"thumbnailUrl":"https:\/\/tilakpolypack.com\/de\/wp-content\/uploads\/2023\/10\/flexible-laminate-rolls-pouches-1.jpg","datePublished":"2023-10-06T10:16:12+00:00","dateModified":"2025-09-11T04:33:43+00:00","description":"Polyesterlaminierte Rolle f\u00fcr Festigkeit, Flexibilit\u00e4t und zuverl\u00e4ssigen Schutz. Ideal f\u00fcr Lebensmittel-, Chemie- und Industrieverpackungen.","inLanguage":"en-US","potentialAction":[{"@type":"ReadAction","target":["https:\/\/tilakpolypack.com\/de\/polyester-laminierte-rolle\/"]}]},{"@type":"ImageObject","inLanguage":"en-US","@id":"https:\/\/tilakpolypack.com\/de\/polyester-laminierte-rolle\/#primaryimage","url":"https:\/\/tilakpolypack.com\/de\/wp-content\/uploads\/2023\/10\/flexible-laminate-rolls-pouches-1.jpg","contentUrl":"https:\/\/tilakpolypack.com\/de\/wp-content\/uploads\/2023\/10\/flexible-laminate-rolls-pouches-1.jpg","width":1200,"height":795},{"@type":"WebSite","@id":"https:\/\/tilakpolypack.com\/de\/#website","url":"https:\/\/tilakpolypack.com\/de\/","name":"Tilak Polypack","description":"","potentialAction":[{"@type":"SearchAction","target":{"@type":"EntryPoint","urlTemplate":"https:\/\/tilakpolypack.com\/de\/?s={search_term_string}"},"query-input":"required name=search_term_string"}],"inLanguage":"en-US"}]}},"_links":{"self":[{"href":"https:\/\/tilakpolypack.com\/de\/wp-json\/wp\/v2\/pages\/7358","targetHints":{"allow":["GET"]}}],"collection":[{"href":"https:\/\/tilakpolypack.com\/de\/wp-json\/wp\/v2\/pages"}],"about":[{"href":"https:\/\/tilakpolypack.com\/de\/wp-json\/wp\/v2\/types\/page"}],"author":[{"embeddable":true,"href":"https:\/\/tilakpolypack.com\/de\/wp-json\/wp\/v2\/users\/1"}],"replies":[{"embeddable":true,"href":"https:\/\/tilakpolypack.com\/de\/wp-json\/wp\/v2\/comments?post=7358"}],"version-history":[{"count":2,"href":"https:\/\/tilakpolypack.com\/de\/wp-json\/wp\/v2\/pages\/7358\/revisions"}],"predecessor-version":[{"id":10115,"href":"https:\/\/tilakpolypack.com\/de\/wp-json\/wp\/v2\/pages\/7358\/revisions\/10115"}],"wp:featuredmedia":[{"embeddable":true,"href":"https:\/\/tilakpolypack.com\/de\/wp-json\/wp\/v2\/media\/8015"}],"wp:attachment":[{"href":"https:\/\/tilakpolypack.com\/de\/wp-json\/wp\/v2\/media?parent=7358"}],"curies":[{"name":"wp","href":"https:\/\/api.w.org\/{rel}","templated":true}]}}