{"id":7354,"date":"2023-10-06T10:15:53","date_gmt":"2023-10-06T10:15:53","guid":{"rendered":"https:\/\/archiveyourwords.com\/tilak\/?page_id=7354"},"modified":"2025-08-25T11:57:45","modified_gmt":"2025-08-25T11:57:45","slug":"laminierte-beutel-indien","status":"publish","type":"page","link":"https:\/\/tilakpolypack.com\/de\/laminierte-beutel-indien\/","title":{"rendered":"Laminierte Beutel Indien"},"content":{"rendered":"<section class=\"wpb-content-wrapper\"><p>[vc_row][vc_column][vc_column_text css=&#8221;.vc_custom_1697029310466{padding-top: 20px !important;}&#8221;]<\/p>\n<h2>Laminated Pouch India \u2013 Tilak Polypack Pvt. Ltd.<\/h2>\n<p>Laminated Pouches manufactured by Tilak Polypack Pvt. Ltd. is the preferred choice for major food industries worldwide.<br \/>\nLaminated pouch that we manufacture in India ensures that the food item that is wrapped inside the package or pouch is preserved remains fresh and is free from moisture and outside contamination.<br \/>\nThese pouches are made from food grade material which is also resistant to damage and waterproof.[\/vc_column_text][vc_column_text]<\/p>\n<h2>Printed Laminated Pouch to Create Brand Image<\/h2>\n<p>A good way to create brand image is by printing your company\u2019s logo on the package of all its food items ensuring publicity and popularity wherever that food item is carried.<br \/>\nHence as a food packaging company printing logos and creating brand image for marketing purposes has become an everyday phenomena.<\/p>\n<p>Tilak Polypack is one of the leading laminated pouches manufacturer in the world. With a presence in countries such as US, Singapore, Australia, Germany, Canada, New Zealand, United Kingdom, Ireland, Scotland and Norway, Tilak Polypack has established itself as a trusted provider of high-quality LAMINATED POUCH.<\/p>\n<p><strong>Printing Methods:<\/strong><\/p>\n<ul>\n<li>Embossing<\/li>\n<li>Matt Finish<\/li>\n<\/ul>\n<p>You can pick from different shapes, sizes, thickness, and colours of laminated pouches that we have or we make it customized as per our specific clients needs.<\/p>\n<p><strong>Presence in Various Industries:<\/strong><\/p>\n<p>Our laminated rolls are very much in demand in variety of industries because of the numerous and striking features and a very high level of packaging integrity.<br \/>\nWe have a team of experts who ensure that we offer very high quality and clear lamination with the help of polyester adhesive composition.<\/p>\n<p><strong>Documents Laminated Pouch:<\/strong><\/p>\n<p>Our Laminated Pouches are specially used for laminating important documents rigid and safe. It helps in keeping the document dry and away from moisture, safeguarding it from damage and impact.[\/vc_column_text]<section class=\"ts-vc_cta3-container\"><div class=\"ts-vc_general ts-vc_cta3 ts-cta3-only ts-vc_cta3-style-classic ts-vc_cta3-shape-rounded ts-vc_cta3-align-left ts-vc_cta3-color-transparent ts-vc_cta3-icon-size-md ts-vc_cta3-actions-right vc_custom_1696679441285 ts-cta3-with-desc\"><div class=\"ts-vc_cta3_content-container\"><div class=\"ts-vc_cta3-content\"><div class=\"ts-vc_cta3-content-header ts-wrap\"><div class=\"ts-vc_cta3-headers ts-wrap-cell\"><\/div><\/div><div class=\"ts-cta3-content-wrapper\"><p>Please contact us on\u00a0<a href=\"tel:9227422544\">+91-9227422544<\/a>\u00a0or email us\u00a0<a href=\"mailto:info@tilakpolypack.com\">info@tilakpolypack.com<\/a>\u00a0for quotations or other details.<\/p><\/div><\/div><div class=\"ts-vc_cta3-actions\">\r\n\t\t<div class=\"ts-vc_btn3-container  popmake-8197 ts-vc_btn3-inline\"><a class=\"ts-vc_general ts-vc_btn3 ts-vc_btn3-size-md ts-vc_btn3-shape-rounded ts-vc_btn3-style-flat ts-vc_btn3-weight-yes ts-vc_btn3-color-skincolor\" href=\"\" title=\"\">send enquiry<\/a><\/div><\/div><\/div><\/div><\/section>[\/vc_column][\/vc_row]<\/p>\n<\/section>","protected":false},"excerpt":{"rendered":"<p>[vc_row][vc_column][vc_column_text css=&#8221;.vc_custom_1697029310466{padding-top: 20px !important;}&#8221;] Laminated Pouch India \u2013 Tilak Polypack Pvt. Ltd. Laminated Pouches manufactured by Tilak Polypack Pvt. Ltd. is the preferred choice for major food industries worldwide. Laminated pouch that we manufacture in India ensures that the food item that is wrapped inside the package or pouch is preserved remains fresh and is &hellip; <a href=\"https:\/\/tilakpolypack.com\/de\/laminierte-beutel-indien\/\" class=\"more-link\">Continue reading <span class=\"screen-reader-text\">Laminierte Beutel Indien<\/span><\/a><\/p>\n","protected":false},"author":1,"featured_media":8015,"parent":0,"menu_order":0,"comment_status":"closed","ping_status":"closed","template":"","meta":{"_acf_changed":false,"om_disable_all_campaigns":false,"_monsterinsights_skip_tracking":false,"_monsterinsights_sitenote_active":false,"_monsterinsights_sitenote_note":"","_monsterinsights_sitenote_category":0,"_uf_show_specific_survey":0,"_uf_disable_surveys":false,"footnotes":""},"class_list":["post-7354","page","type-page","status-publish","has-post-thumbnail","hentry"],"acf":[],"yoast_head":"<!-- This site is optimized with the Yoast SEO plugin v22.3 - https:\/\/yoast.com\/wordpress\/plugins\/seo\/ -->\n<title>Hersteller von laminierten Beuteln in Indien | Lieferant von bedruckten Beuteln \u2013 Tilak Polypack<\/title>\n<meta name=\"description\" content=\"Tilak Polypack ist ein f\u00fchrender Hersteller und Lieferant von laminierten und bedruckten Beuteln in Indien. Unsere individuell anpassbaren Beutel erf\u00fcllen die besonderen Verpackungsanforderungen unserer Kunden. Kontaktieren Sie uns noch heute f\u00fcr hochwertige Verpackungsl\u00f6sungen.\" \/>\n<meta name=\"robots\" content=\"index, follow, max-snippet:-1, max-image-preview:large, max-video-preview:-1\" \/>\n<link rel=\"canonical\" href=\"https:\/\/tilakpolypack.com\/de\/laminierte-beutel-indien\/\" \/>\n<meta property=\"og:locale\" content=\"en_US\" \/>\n<meta property=\"og:type\" content=\"article\" \/>\n<meta property=\"og:title\" content=\"Hersteller von laminierten Beuteln in Indien | Lieferant von bedruckten Beuteln \u2013 Tilak Polypack\" \/>\n<meta property=\"og:description\" content=\"Tilak Polypack ist ein f\u00fchrender Hersteller und Lieferant von laminierten und bedruckten Beuteln in Indien. Unsere individuell anpassbaren Beutel erf\u00fcllen die besonderen Verpackungsanforderungen unserer Kunden. Kontaktieren Sie uns noch heute f\u00fcr hochwertige Verpackungsl\u00f6sungen.\" \/>\n<meta property=\"og:url\" content=\"https:\/\/tilakpolypack.com\/de\/laminierte-beutel-indien\/\" \/>\n<meta property=\"og:site_name\" content=\"Tilak Polypack\" \/>\n<meta property=\"article:modified_time\" content=\"2025-08-25T11:57:45+00:00\" \/>\n<meta property=\"og:image\" content=\"https:\/\/tilakpolypack.com\/de\/wp-content\/uploads\/2023\/10\/flexible-laminate-rolls-pouches-1.jpg\" \/>\n\t<meta property=\"og:image:width\" content=\"1200\" \/>\n\t<meta property=\"og:image:height\" content=\"795\" \/>\n\t<meta property=\"og:image:type\" content=\"image\/jpeg\" \/>\n<meta name=\"twitter:card\" content=\"summary_large_image\" \/>\n<meta name=\"twitter:label1\" content=\"Est. reading time\" \/>\n\t<meta name=\"twitter:data1\" content=\"2 minutes\" \/>\n<script type=\"application\/ld+json\" class=\"yoast-schema-graph\">{\"@context\":\"https:\/\/schema.org\",\"@graph\":[{\"@type\":\"WebPage\",\"@id\":\"https:\/\/tilakpolypack.com\/de\/laminierte-beutel-indien\/\",\"url\":\"https:\/\/tilakpolypack.com\/de\/laminierte-beutel-indien\/\",\"name\":\"Hersteller von laminierten Beuteln in Indien | Lieferant von bedruckten Beuteln \u2013 Tilak Polypack\",\"isPartOf\":{\"@id\":\"https:\/\/tilakpolypack.com\/de\/#website\"},\"primaryImageOfPage\":{\"@id\":\"https:\/\/tilakpolypack.com\/de\/laminierte-beutel-indien\/#primaryimage\"},\"image\":{\"@id\":\"https:\/\/tilakpolypack.com\/de\/laminierte-beutel-indien\/#primaryimage\"},\"thumbnailUrl\":\"https:\/\/tilakpolypack.com\/de\/wp-content\/uploads\/2023\/10\/flexible-laminate-rolls-pouches-1.jpg\",\"datePublished\":\"2023-10-06T10:15:53+00:00\",\"dateModified\":\"2025-08-25T11:57:45+00:00\",\"description\":\"Tilak Polypack ist ein f\u00fchrender Hersteller und Lieferant von laminierten und bedruckten Beuteln in Indien. Unsere individuell anpassbaren Beutel erf\u00fcllen die besonderen Verpackungsanforderungen unserer Kunden. Kontaktieren Sie uns noch heute f\u00fcr hochwertige Verpackungsl\u00f6sungen.\",\"inLanguage\":\"en-US\",\"potentialAction\":[{\"@type\":\"ReadAction\",\"target\":[\"https:\/\/tilakpolypack.com\/de\/laminierte-beutel-indien\/\"]}]},{\"@type\":\"ImageObject\",\"inLanguage\":\"en-US\",\"@id\":\"https:\/\/tilakpolypack.com\/de\/laminierte-beutel-indien\/#primaryimage\",\"url\":\"https:\/\/tilakpolypack.com\/de\/wp-content\/uploads\/2023\/10\/flexible-laminate-rolls-pouches-1.jpg\",\"contentUrl\":\"https:\/\/tilakpolypack.com\/de\/wp-content\/uploads\/2023\/10\/flexible-laminate-rolls-pouches-1.jpg\",\"width\":1200,\"height\":795},{\"@type\":\"WebSite\",\"@id\":\"https:\/\/tilakpolypack.com\/de\/#website\",\"url\":\"https:\/\/tilakpolypack.com\/de\/\",\"name\":\"Tilak Polypack\",\"description\":\"\",\"potentialAction\":[{\"@type\":\"SearchAction\",\"target\":{\"@type\":\"EntryPoint\",\"urlTemplate\":\"https:\/\/tilakpolypack.com\/de\/?s={search_term_string}\"},\"query-input\":\"required name=search_term_string\"}],\"inLanguage\":\"en-US\"}]}<\/script>\n<!-- \/ Yoast SEO plugin. -->","yoast_head_json":{"title":"Hersteller von laminierten Beuteln in Indien | Lieferant von bedruckten Beuteln \u2013 Tilak Polypack","description":"Tilak Polypack ist ein f\u00fchrender Hersteller und Lieferant von laminierten und bedruckten Beuteln in Indien. Unsere individuell anpassbaren Beutel erf\u00fcllen die besonderen Verpackungsanforderungen unserer Kunden. Kontaktieren Sie uns noch heute f\u00fcr hochwertige Verpackungsl\u00f6sungen.","robots":{"index":"index","follow":"follow","max-snippet":"max-snippet:-1","max-image-preview":"max-image-preview:large","max-video-preview":"max-video-preview:-1"},"canonical":"https:\/\/tilakpolypack.com\/de\/laminierte-beutel-indien\/","og_locale":"en_US","og_type":"article","og_title":"Hersteller von laminierten Beuteln in Indien | Lieferant von bedruckten Beuteln \u2013 Tilak Polypack","og_description":"Tilak Polypack ist ein f\u00fchrender Hersteller und Lieferant von laminierten und bedruckten Beuteln in Indien. Unsere individuell anpassbaren Beutel erf\u00fcllen die besonderen Verpackungsanforderungen unserer Kunden. Kontaktieren Sie uns noch heute f\u00fcr hochwertige Verpackungsl\u00f6sungen.","og_url":"https:\/\/tilakpolypack.com\/de\/laminierte-beutel-indien\/","og_site_name":"Tilak Polypack","article_modified_time":"2025-08-25T11:57:45+00:00","og_image":[{"width":1200,"height":795,"url":"https:\/\/tilakpolypack.com\/de\/wp-content\/uploads\/2023\/10\/flexible-laminate-rolls-pouches-1.jpg","type":"image\/jpeg"}],"twitter_card":"summary_large_image","twitter_misc":{"Est. reading time":"2 minutes"},"schema":{"@context":"https:\/\/schema.org","@graph":[{"@type":"WebPage","@id":"https:\/\/tilakpolypack.com\/de\/laminierte-beutel-indien\/","url":"https:\/\/tilakpolypack.com\/de\/laminierte-beutel-indien\/","name":"Hersteller von laminierten Beuteln in Indien | Lieferant von bedruckten Beuteln \u2013 Tilak Polypack","isPartOf":{"@id":"https:\/\/tilakpolypack.com\/de\/#website"},"primaryImageOfPage":{"@id":"https:\/\/tilakpolypack.com\/de\/laminierte-beutel-indien\/#primaryimage"},"image":{"@id":"https:\/\/tilakpolypack.com\/de\/laminierte-beutel-indien\/#primaryimage"},"thumbnailUrl":"https:\/\/tilakpolypack.com\/de\/wp-content\/uploads\/2023\/10\/flexible-laminate-rolls-pouches-1.jpg","datePublished":"2023-10-06T10:15:53+00:00","dateModified":"2025-08-25T11:57:45+00:00","description":"Tilak Polypack ist ein f\u00fchrender Hersteller und Lieferant von laminierten und bedruckten Beuteln in Indien. Unsere individuell anpassbaren Beutel erf\u00fcllen die besonderen Verpackungsanforderungen unserer Kunden. Kontaktieren Sie uns noch heute f\u00fcr hochwertige Verpackungsl\u00f6sungen.","inLanguage":"en-US","potentialAction":[{"@type":"ReadAction","target":["https:\/\/tilakpolypack.com\/de\/laminierte-beutel-indien\/"]}]},{"@type":"ImageObject","inLanguage":"en-US","@id":"https:\/\/tilakpolypack.com\/de\/laminierte-beutel-indien\/#primaryimage","url":"https:\/\/tilakpolypack.com\/de\/wp-content\/uploads\/2023\/10\/flexible-laminate-rolls-pouches-1.jpg","contentUrl":"https:\/\/tilakpolypack.com\/de\/wp-content\/uploads\/2023\/10\/flexible-laminate-rolls-pouches-1.jpg","width":1200,"height":795},{"@type":"WebSite","@id":"https:\/\/tilakpolypack.com\/de\/#website","url":"https:\/\/tilakpolypack.com\/de\/","name":"Tilak Polypack","description":"","potentialAction":[{"@type":"SearchAction","target":{"@type":"EntryPoint","urlTemplate":"https:\/\/tilakpolypack.com\/de\/?s={search_term_string}"},"query-input":"required name=search_term_string"}],"inLanguage":"en-US"}]}},"_links":{"self":[{"href":"https:\/\/tilakpolypack.com\/de\/wp-json\/wp\/v2\/pages\/7354","targetHints":{"allow":["GET"]}}],"collection":[{"href":"https:\/\/tilakpolypack.com\/de\/wp-json\/wp\/v2\/pages"}],"about":[{"href":"https:\/\/tilakpolypack.com\/de\/wp-json\/wp\/v2\/types\/page"}],"author":[{"embeddable":true,"href":"https:\/\/tilakpolypack.com\/de\/wp-json\/wp\/v2\/users\/1"}],"replies":[{"embeddable":true,"href":"https:\/\/tilakpolypack.com\/de\/wp-json\/wp\/v2\/comments?post=7354"}],"version-history":[{"count":3,"href":"https:\/\/tilakpolypack.com\/de\/wp-json\/wp\/v2\/pages\/7354\/revisions"}],"predecessor-version":[{"id":10103,"href":"https:\/\/tilakpolypack.com\/de\/wp-json\/wp\/v2\/pages\/7354\/revisions\/10103"}],"wp:featuredmedia":[{"embeddable":true,"href":"https:\/\/tilakpolypack.com\/de\/wp-json\/wp\/v2\/media\/8015"}],"wp:attachment":[{"href":"https:\/\/tilakpolypack.com\/de\/wp-json\/wp\/v2\/media?parent=7354"}],"curies":[{"name":"wp","href":"https:\/\/api.w.org\/{rel}","templated":true}]}}