{"id":7353,"date":"2023-10-06T10:15:37","date_gmt":"2023-10-06T10:15:37","guid":{"rendered":"https:\/\/archiveyourwords.com\/tilak\/?page_id=7353"},"modified":"2025-09-11T04:32:43","modified_gmt":"2025-09-11T04:32:43","slug":"umwickelbare-etiketten","status":"publish","type":"page","link":"https:\/\/tilakpolypack.com\/de\/umwickelbare-etiketten\/","title":{"rendered":"Umwickelbare Etiketten"},"content":{"rendered":"<section class=\"wpb-content-wrapper\"><p>[vc_row][vc_column][vc_column_text css=&#8221;.vc_custom_1756130392623{padding-top: 20px !important;}&#8221;]<\/p>\n<h2>Umwickelbare Etiketten<\/h2>\n<p>Rundumetiketten sind Klebeetiketten, die sich um ein Produkt oder einen Beh\u00e4lter wickeln und eine vollst\u00e4ndige 360-Grad-Abdeckung bieten. Sie werden h\u00e4ufig f\u00fcr Branding, Produktinformationen und Kennzeichnungszwecke verwendet.<\/p>\n<p>Der Herstellungsprozess von Rundumetiketten umfasst das Drucken des gew\u00fcnschten Designs auf ein Etikettenmaterial, das Stanzen in die gew\u00fcnschte Form und das Aufbringen von Klebstoff auf die R\u00fcckseite, um das Anbringen auf verschiedenen Oberfl\u00e4chen zu erleichtern.<\/p>\n<p>Rundumetiketten sind vielseitig einsetzbar und k\u00f6nnen auf einer Vielzahl von Produkten und Beh\u00e4ltern angebracht werden, darunter Flaschen, Dosen, Schachteln und Gl\u00e4ser.[\/vc_column_text][vc_column_text]<\/p>\n<h2>Herstellung von Rundumetiketten<\/h2>\n<p>Tilak Polypack ist ein f\u00fchrender Hersteller von hochwertigen Rundumetiketten, bekannt f\u00fcr unsere fortschrittlichen Herstellungsverfahren und \u00fcberlegenen Eigenschaften.<\/p>\n<p>Unsere Rundumetiketten werden aus hochwertiger Etikettenfolie hergestellt, die aufgrund ihrer Haltbarkeit, Flexibilit\u00e4t und Bedruckbarkeit ausgew\u00e4hlt wurde. Mit fortschrittlichen Drucktechnologien, darunter Flexodruck und Digitaldruck, erzielen wir lebendige Farben und scharfe Grafiken. Pr\u00e4zises Stanzen gew\u00e4hrleistet eine exakte Form und Gr\u00f6\u00dfe, w\u00e4hrend anpassbare Rollengr\u00f6\u00dfen f\u00fcr unterschiedliche Etikettierger\u00e4te geeignet sind.<\/p>\n<p>Unsere Rundumetiketten weisen hervorragende Klebeeigenschaften auf und gew\u00e4hrleisten eine sichere und dauerhafte Haftung. Sie sind best\u00e4ndig gegen Feuchtigkeit, \u00d6l und Umwelteinfl\u00fcsse und behalten ihre Qualit\u00e4t w\u00e4hrend des gesamten Produktlebenszyklus. Dar\u00fcber hinaus k\u00f6nnen unsere Etiketten an spezifische Branding- und Verpackungsanforderungen angepasst werden und bieten eine Reihe von Materialoptionen und Veredelungen.<\/p>\n<p>Bei Tilak Polypack ist unser Engagement f\u00fcr Qualit\u00e4t unersch\u00fctterlich. Unsere strengen Qualit\u00e4tskontrollprozesse stellen sicher, dass jedes Rundumetikett den h\u00f6chsten Standards entspricht. Mit unseren fortschrittlichen Fertigungskapazit\u00e4ten, unserer Liebe zum Detail und unserem kundenorientierten Ansatz streben wir danach, die erste Wahl f\u00fcr Rundumetiketten zu sein.<\/p>\n<p>Entscheiden Sie sich f\u00fcr Tilak Polypack, wenn Sie zuverl\u00e4ssige Rundumetiketten suchen, die Ihre Verpackung und Ihr Branding aufwerten. Mit unserem Fachwissen und unserem Engagement f\u00fcr Kundenzufriedenheit sind wir \u00fcberzeugt, die besten Rundumetiketten der Branche liefern zu k\u00f6nnen.<\/p>\n<p>Tilak Polypack ist einer der weltweit f\u00fchrenden Hersteller und Lieferanten von Wrap-Around-Etiketten. Mit Niederlassungen in L\u00e4ndern wie den USA, Singapur, Australien, Deutschland, Kanada, Neuseeland, Gro\u00dfbritannien, Irland, Schottland und Norwegen hat sich Tilak Polypack als zuverl\u00e4ssiger Anbieter hochwertiger Wrap-Around-Etiketten etabliert.[\/vc_column_text][vc_column_text]<\/p>\n<h3>Funktionen<\/h3>\n<ul>\n<li>Als Ersatz f\u00fcr PVC-Schrumpfetiketten verwendet<\/li>\n<li>Arbeitsersparnis, da der Prozess automatisiert wird<\/li>\n<li>Erh\u00e4ltlich in einer Dicke von 38 bis 50 Mikrometern<\/li>\n<li>Verbesserte Markenpr\u00e4senz und Produktsichtbarkeit<\/li>\n<li>Vielseitig und anpassbar f\u00fcr verschiedene Verpackungsanforderungen<\/li>\n<li>Hervorragende Klebeeigenschaften f\u00fcr sichere Befestigung<\/li>\n<li>Best\u00e4ndig gegen Feuchtigkeit, \u00d6l und Umwelteinfl\u00fcsse<\/li>\n<li>Hochwertiger Druck f\u00fcr lebendige Farben und scharfe Grafiken<\/li>\n<li>Pr\u00e4zises Stanzen f\u00fcr exakte Form und Gr\u00f6\u00dfe<\/li>\n<li>Robust und langlebig f\u00fcr eine lange Produktlebensdauer<\/li>\n<li>Kompatibel mit verschiedenen Etikettierger\u00e4ten<\/li>\n<li>Anpassbare Rollengr\u00f6\u00dfen f\u00fcr eine bequeme Anwendung<\/li>\n<li>Einhaltung der Branchenstandards f\u00fcr Qualit\u00e4tssicherung<\/li>\n<\/ul>\n<p>[\/vc_column_text]<section class=\"ts-vc_cta3-container\"><div class=\"ts-vc_general ts-vc_cta3 ts-cta3-only ts-vc_cta3-style-classic ts-vc_cta3-shape-rounded ts-vc_cta3-align-left ts-vc_cta3-color-transparent ts-vc_cta3-icon-size-md ts-vc_cta3-actions-right vc_custom_1756130459959 ts-cta3-with-desc\"><div class=\"ts-vc_cta3_content-container\"><div class=\"ts-vc_cta3-content\"><div class=\"ts-vc_cta3-content-header ts-wrap\"><div class=\"ts-vc_cta3-headers ts-wrap-cell\"><\/div><\/div><div class=\"ts-cta3-content-wrapper\"><p>Bitte kontaktieren Sie uns unter <a href=\"tel:9227422544\">+91-9227422544<\/a> oder senden Sie uns eine E-Mail an <a href=\"mailto:info@tilakpolypack.com\">info@tilakpolypack.com<\/a>, um Angebote oder weitere Informationen zu erhalten.<\/p><\/div><\/div><div class=\"ts-vc_cta3-actions\">\r\n\t\t<div class=\"ts-vc_btn3-container  popmake-8197 ts-vc_btn3-inline\"><a class=\"ts-vc_general ts-vc_btn3 ts-vc_btn3-size-md ts-vc_btn3-shape-rounded ts-vc_btn3-style-flat ts-vc_btn3-weight-yes ts-vc_btn3-color-skincolor\" href=\"\" title=\"\">Anfrage senden<\/a><\/div><\/div><\/div><\/div><\/section>[\/vc_column][\/vc_row]<\/p>\n<\/section>","protected":false},"excerpt":{"rendered":"<p>[vc_row][vc_column][vc_column_text css=&#8221;.vc_custom_1756130392623{padding-top: 20px !important;}&#8221;] Umwickelbare Etiketten Rundumetiketten sind Klebeetiketten, die sich um ein Produkt oder einen Beh\u00e4lter wickeln und eine vollst\u00e4ndige 360-Grad-Abdeckung bieten. Sie werden h\u00e4ufig f\u00fcr Branding, Produktinformationen und Kennzeichnungszwecke verwendet. Der Herstellungsprozess von Rundumetiketten umfasst das Drucken des gew\u00fcnschten Designs auf ein Etikettenmaterial, das Stanzen in die gew\u00fcnschte Form und das Aufbringen von &hellip; <a href=\"https:\/\/tilakpolypack.com\/de\/umwickelbare-etiketten\/\" class=\"more-link\">Continue reading <span class=\"screen-reader-text\">Umwickelbare Etiketten<\/span><\/a><\/p>\n","protected":false},"author":1,"featured_media":8015,"parent":0,"menu_order":0,"comment_status":"closed","ping_status":"closed","template":"","meta":{"_acf_changed":false,"om_disable_all_campaigns":false,"_monsterinsights_skip_tracking":false,"_monsterinsights_sitenote_active":false,"_monsterinsights_sitenote_note":"","_monsterinsights_sitenote_category":0,"_uf_show_specific_survey":0,"_uf_disable_surveys":false,"footnotes":""},"class_list":["post-7353","page","type-page","status-publish","has-post-thumbnail","hentry"],"acf":[],"yoast_head":"<!-- This site is optimized with the Yoast SEO plugin v22.3 - https:\/\/yoast.com\/wordpress\/plugins\/seo\/ -->\n<title>Flexible Rundumetiketten f\u00fcr Verpackungen \u2013 Tilak Polypack<\/title>\n<meta name=\"description\" content=\"Verpackungsspezifische Rundumetiketten, die Schutz und Branding in einem bieten. Einfach zu verwenden, hohe Qualit\u00e4t von Tilak Polypack.\" \/>\n<meta name=\"robots\" content=\"index, follow, max-snippet:-1, max-image-preview:large, max-video-preview:-1\" \/>\n<link rel=\"canonical\" href=\"https:\/\/tilakpolypack.com\/de\/umwickelbare-etiketten\/\" \/>\n<meta property=\"og:locale\" content=\"en_US\" \/>\n<meta property=\"og:type\" content=\"article\" \/>\n<meta property=\"og:title\" content=\"Flexible Rundumetiketten f\u00fcr Verpackungen \u2013 Tilak Polypack\" \/>\n<meta property=\"og:description\" content=\"Verpackungsspezifische Rundumetiketten, die Schutz und Branding in einem bieten. Einfach zu verwenden, hohe Qualit\u00e4t von Tilak Polypack.\" \/>\n<meta property=\"og:url\" content=\"https:\/\/tilakpolypack.com\/de\/umwickelbare-etiketten\/\" \/>\n<meta property=\"og:site_name\" content=\"Tilak Polypack\" \/>\n<meta property=\"article:modified_time\" content=\"2025-09-11T04:32:43+00:00\" \/>\n<meta property=\"og:image\" content=\"https:\/\/tilakpolypack.com\/de\/wp-content\/uploads\/2023\/10\/flexible-laminate-rolls-pouches-1.jpg\" \/>\n\t<meta property=\"og:image:width\" content=\"1200\" \/>\n\t<meta property=\"og:image:height\" content=\"795\" \/>\n\t<meta property=\"og:image:type\" content=\"image\/jpeg\" \/>\n<meta name=\"twitter:card\" content=\"summary_large_image\" \/>\n<meta name=\"twitter:label1\" content=\"Est. reading time\" \/>\n\t<meta name=\"twitter:data1\" content=\"3 minutes\" \/>\n<script type=\"application\/ld+json\" class=\"yoast-schema-graph\">{\"@context\":\"https:\/\/schema.org\",\"@graph\":[{\"@type\":\"WebPage\",\"@id\":\"https:\/\/tilakpolypack.com\/de\/umwickelbare-etiketten\/\",\"url\":\"https:\/\/tilakpolypack.com\/de\/umwickelbare-etiketten\/\",\"name\":\"Flexible Rundumetiketten f\u00fcr Verpackungen \u2013 Tilak Polypack\",\"isPartOf\":{\"@id\":\"https:\/\/tilakpolypack.com\/de\/#website\"},\"primaryImageOfPage\":{\"@id\":\"https:\/\/tilakpolypack.com\/de\/umwickelbare-etiketten\/#primaryimage\"},\"image\":{\"@id\":\"https:\/\/tilakpolypack.com\/de\/umwickelbare-etiketten\/#primaryimage\"},\"thumbnailUrl\":\"https:\/\/tilakpolypack.com\/de\/wp-content\/uploads\/2023\/10\/flexible-laminate-rolls-pouches-1.jpg\",\"datePublished\":\"2023-10-06T10:15:37+00:00\",\"dateModified\":\"2025-09-11T04:32:43+00:00\",\"description\":\"Verpackungsspezifische Rundumetiketten, die Schutz und Branding in einem bieten. Einfach zu verwenden, hohe Qualit\u00e4t von Tilak Polypack.\",\"inLanguage\":\"en-US\",\"potentialAction\":[{\"@type\":\"ReadAction\",\"target\":[\"https:\/\/tilakpolypack.com\/de\/umwickelbare-etiketten\/\"]}]},{\"@type\":\"ImageObject\",\"inLanguage\":\"en-US\",\"@id\":\"https:\/\/tilakpolypack.com\/de\/umwickelbare-etiketten\/#primaryimage\",\"url\":\"https:\/\/tilakpolypack.com\/de\/wp-content\/uploads\/2023\/10\/flexible-laminate-rolls-pouches-1.jpg\",\"contentUrl\":\"https:\/\/tilakpolypack.com\/de\/wp-content\/uploads\/2023\/10\/flexible-laminate-rolls-pouches-1.jpg\",\"width\":1200,\"height\":795},{\"@type\":\"WebSite\",\"@id\":\"https:\/\/tilakpolypack.com\/de\/#website\",\"url\":\"https:\/\/tilakpolypack.com\/de\/\",\"name\":\"Tilak Polypack\",\"description\":\"\",\"potentialAction\":[{\"@type\":\"SearchAction\",\"target\":{\"@type\":\"EntryPoint\",\"urlTemplate\":\"https:\/\/tilakpolypack.com\/de\/?s={search_term_string}\"},\"query-input\":\"required name=search_term_string\"}],\"inLanguage\":\"en-US\"}]}<\/script>\n<!-- \/ Yoast SEO plugin. -->","yoast_head_json":{"title":"Flexible Rundumetiketten f\u00fcr Verpackungen \u2013 Tilak Polypack","description":"Verpackungsspezifische Rundumetiketten, die Schutz und Branding in einem bieten. Einfach zu verwenden, hohe Qualit\u00e4t von Tilak Polypack.","robots":{"index":"index","follow":"follow","max-snippet":"max-snippet:-1","max-image-preview":"max-image-preview:large","max-video-preview":"max-video-preview:-1"},"canonical":"https:\/\/tilakpolypack.com\/de\/umwickelbare-etiketten\/","og_locale":"en_US","og_type":"article","og_title":"Flexible Rundumetiketten f\u00fcr Verpackungen \u2013 Tilak Polypack","og_description":"Verpackungsspezifische Rundumetiketten, die Schutz und Branding in einem bieten. Einfach zu verwenden, hohe Qualit\u00e4t von Tilak Polypack.","og_url":"https:\/\/tilakpolypack.com\/de\/umwickelbare-etiketten\/","og_site_name":"Tilak Polypack","article_modified_time":"2025-09-11T04:32:43+00:00","og_image":[{"width":1200,"height":795,"url":"https:\/\/tilakpolypack.com\/de\/wp-content\/uploads\/2023\/10\/flexible-laminate-rolls-pouches-1.jpg","type":"image\/jpeg"}],"twitter_card":"summary_large_image","twitter_misc":{"Est. reading time":"3 minutes"},"schema":{"@context":"https:\/\/schema.org","@graph":[{"@type":"WebPage","@id":"https:\/\/tilakpolypack.com\/de\/umwickelbare-etiketten\/","url":"https:\/\/tilakpolypack.com\/de\/umwickelbare-etiketten\/","name":"Flexible Rundumetiketten f\u00fcr Verpackungen \u2013 Tilak Polypack","isPartOf":{"@id":"https:\/\/tilakpolypack.com\/de\/#website"},"primaryImageOfPage":{"@id":"https:\/\/tilakpolypack.com\/de\/umwickelbare-etiketten\/#primaryimage"},"image":{"@id":"https:\/\/tilakpolypack.com\/de\/umwickelbare-etiketten\/#primaryimage"},"thumbnailUrl":"https:\/\/tilakpolypack.com\/de\/wp-content\/uploads\/2023\/10\/flexible-laminate-rolls-pouches-1.jpg","datePublished":"2023-10-06T10:15:37+00:00","dateModified":"2025-09-11T04:32:43+00:00","description":"Verpackungsspezifische Rundumetiketten, die Schutz und Branding in einem bieten. Einfach zu verwenden, hohe Qualit\u00e4t von Tilak Polypack.","inLanguage":"en-US","potentialAction":[{"@type":"ReadAction","target":["https:\/\/tilakpolypack.com\/de\/umwickelbare-etiketten\/"]}]},{"@type":"ImageObject","inLanguage":"en-US","@id":"https:\/\/tilakpolypack.com\/de\/umwickelbare-etiketten\/#primaryimage","url":"https:\/\/tilakpolypack.com\/de\/wp-content\/uploads\/2023\/10\/flexible-laminate-rolls-pouches-1.jpg","contentUrl":"https:\/\/tilakpolypack.com\/de\/wp-content\/uploads\/2023\/10\/flexible-laminate-rolls-pouches-1.jpg","width":1200,"height":795},{"@type":"WebSite","@id":"https:\/\/tilakpolypack.com\/de\/#website","url":"https:\/\/tilakpolypack.com\/de\/","name":"Tilak Polypack","description":"","potentialAction":[{"@type":"SearchAction","target":{"@type":"EntryPoint","urlTemplate":"https:\/\/tilakpolypack.com\/de\/?s={search_term_string}"},"query-input":"required name=search_term_string"}],"inLanguage":"en-US"}]}},"_links":{"self":[{"href":"https:\/\/tilakpolypack.com\/de\/wp-json\/wp\/v2\/pages\/7353","targetHints":{"allow":["GET"]}}],"collection":[{"href":"https:\/\/tilakpolypack.com\/de\/wp-json\/wp\/v2\/pages"}],"about":[{"href":"https:\/\/tilakpolypack.com\/de\/wp-json\/wp\/v2\/types\/page"}],"author":[{"embeddable":true,"href":"https:\/\/tilakpolypack.com\/de\/wp-json\/wp\/v2\/users\/1"}],"replies":[{"embeddable":true,"href":"https:\/\/tilakpolypack.com\/de\/wp-json\/wp\/v2\/comments?post=7353"}],"version-history":[{"count":2,"href":"https:\/\/tilakpolypack.com\/de\/wp-json\/wp\/v2\/pages\/7353\/revisions"}],"predecessor-version":[{"id":10140,"href":"https:\/\/tilakpolypack.com\/de\/wp-json\/wp\/v2\/pages\/7353\/revisions\/10140"}],"wp:featuredmedia":[{"embeddable":true,"href":"https:\/\/tilakpolypack.com\/de\/wp-json\/wp\/v2\/media\/8015"}],"wp:attachment":[{"href":"https:\/\/tilakpolypack.com\/de\/wp-json\/wp\/v2\/media?parent=7353"}],"curies":[{"name":"wp","href":"https:\/\/api.w.org\/{rel}","templated":true}]}}