{"id":7347,"date":"2023-10-06T10:15:01","date_gmt":"2023-10-06T10:15:01","guid":{"rendered":"https:\/\/archiveyourwords.com\/tilak\/?page_id=7347"},"modified":"2025-09-11T04:30:57","modified_gmt":"2025-09-11T04:30:57","slug":"einfache-standbeutel","status":"publish","type":"page","link":"https:\/\/tilakpolypack.com\/de\/einfache-standbeutel\/","title":{"rendered":"Einfache Standbeutel"},"content":{"rendered":"<section class=\"wpb-content-wrapper\"><p>[vc_row][vc_column][vc_column_text css=&#8221;.vc_custom_1756126350230{padding-top: 20px !important;}&#8221;]<\/p>\n<h2>Einfache Standbeutel<\/h2>\n<p>Einfache Standbeutel sind eine beliebte Wahl f\u00fcr die Verpackung einer Vielzahl von Produkten. Sie sind auf Komfort und Funktionalit\u00e4t ausgelegt und erm\u00f6glichen eine einfache Lagerung, einen einfachen Transport und eine einfache Pr\u00e4sentation der Waren.<\/p>\n<p>Diese Beutel werden aus hochwertigen Materialien hergestellt, die hervorragende Barriereeigenschaften aufweisen und den Inhalt vor Feuchtigkeit, Luft und Licht sch\u00fctzen. Der Herstellungsprozess umfasst pr\u00e4zise Schneide- und Versiegelungstechniken, die sicherstellen, dass die Beutel auslaufsicher und manipulationssicher sind.<\/p>\n<p>Einfache Standbeutel sind in verschiedenen Gr\u00f6\u00dfen, Ausf\u00fchrungen und mit individuellen Anpassungsm\u00f6glichkeiten erh\u00e4ltlich, um spezifischen Verpackungsanforderungen gerecht zu werden. Mit ihrem auff\u00e4lligen Aussehen und ihrem platzsparenden Design eignen sich diese Beutel ideal f\u00fcr den Gro\u00dfhandel.[\/vc_column_text][vc_column_text]<\/p>\n<h2>Herstellung von einfachen Standbeuteln<\/h2>\n<p>Tilak Polypack ist bekannt f\u00fcr die Herstellung hochwertiger Standbeutel und hebt sich damit von der Konkurrenz ab. Unser Herstellungsprozess kombiniert modernste Maschinen und strenge Qualit\u00e4tskontrollen, um au\u00dfergew\u00f6hnliche Beutel zu gew\u00e4hrleisten. Wir beginnen mit der Beschaffung hochwertiger laminierter Folien mit hervorragenden Barriereeigenschaften, die Ihre Produkte vor \u00e4u\u00dferen Einfl\u00fcssen sch\u00fctzen.<\/p>\n<p>Wir gestalten die Beutel mit modernsten Drucktechniken optisch ansprechend, sodass sie sich von anderen Produkten abheben. Anschlie\u00dfend werden die Folien pr\u00e4zise zugeschnitten und zu Standbeuteln geformt, die sorgf\u00e4ltig versiegelt werden, um sie auslaufsicher zu machen und die Frische zu bewahren.<\/p>\n<p>Unsere einfachen Standbeutel bieten eine Reihe von Eigenschaften, die sich ideal f\u00fcr Gro\u00dfhandelsverpackungen eignen. Der wiederverschlie\u00dfbare Zip-Verschluss sorgt f\u00fcr einfaches \u00d6ffnen und sicheres Wiederverschlie\u00dfen und erh\u00f6ht damit den Komfort f\u00fcr den Verbraucher. Das Standbeutel-Design maximiert die Sichtbarkeit im Regal und die Raumnutzung.<\/p>\n<p>Mit ihren hervorragenden Barriereeigenschaften sch\u00fctzen unsere Beutel wirksam vor Feuchtigkeit, Luft und Licht. Sie sind strapazierf\u00e4hig, durchsto\u00dffest und flexibel und gew\u00e4hrleisten so eine zuverl\u00e4ssige Leistung w\u00e4hrend der Lagerung und des Transports.<\/p>\n<p>Bei Tilak Polypack legen wir gr\u00f6\u00dften Wert auf Produktqualit\u00e4t, individuelle Anpassungsm\u00f6glichkeiten und p\u00fcnktliche Lieferung. Unser engagiertes Team ist bestrebt, Ihnen einen au\u00dfergew\u00f6hnlichen Kundenservice zu bieten und Sie bei der Suche nach den perfekten Verpackungsl\u00f6sungen zu unterst\u00fctzen. Entscheiden Sie sich f\u00fcr Tilak Polypack, wenn Sie einfache Standbeutel suchen, und erleben Sie unvergleichliche Qualit\u00e4t und Kundenzufriedenheit.<\/p>\n<p>Tilak Polypack ist einer der weltweit f\u00fchrenden Hersteller und Lieferanten von PLAIN STANDUP POUCHES. Mit Niederlassungen in L\u00e4ndern wie den USA, Singapur, Australien, Deutschland, Kanada, Neuseeland, Gro\u00dfbritannien, Irland, Schottland und Norwegen hat sich Tilak Polypack als zuverl\u00e4ssiger Anbieter von hochwertigen PLAIN STANDUP POUCHES etabliert.[\/vc_column_text][vc_column_text]<\/p>\n<h2>Vorteile<\/h2>\n<ul>\n<li>Praktischer und benutzerfreundlicher Zip-Verschluss zum einfachen \u00d6ffnen und Wiederverschlie\u00dfen<\/li>\n<li>Das Stand-up-Design maximiert die Sichtbarkeit im Regal und die Produktpr\u00e4sentation.<\/li>\n<li>Hervorragende Barriereeigenschaften sch\u00fctzen vor Feuchtigkeit, Luft und Licht.<\/li>\n<li>Die robuste und durchsto\u00dffeste Konstruktion gew\u00e4hrleistet die Unversehrtheit des Produkts.<\/li>\n<li>Flexible Verpackungsl\u00f6sung, geeignet f\u00fcr verschiedene Produkte und Branchen<\/li>\n<li>Platzsparendes Design spart Lager- und Transportkosten<\/li>\n<li>Anpassbare Optionen f\u00fcr Branding und optische Attraktivit\u00e4t<\/li>\n<li>Vielseitige Anwendungsm\u00f6glichkeiten in Lebensmitteln, Snacks, Getr\u00e4nken, Tiernahrung und vielem mehr<\/li>\n<li>Verl\u00e4ngerte Haltbarkeit und Frischeerhalt f\u00fcr verderbliche Produkte<\/li>\n<li>Umweltfreundliche Alternative zu herk\u00f6mmlichen Verpackungsmaterialien<\/li>\n<\/ul>\n<p>[\/vc_column_text][vc_column_text]<\/p>\n<h2>Funktionen<\/h2>\n<ul>\n<li>Geeignet f\u00fcr Verpackungsgr\u00f6\u00dfen von 100 g bis 1 kg.<\/li>\n<li>Geeignet zum Verpacken einer Vielzahl von Produkten wie Pickles, Gulab Jamun, Mango-Milchshake, Trockenfr\u00fcchte usw.<\/li>\n<li>Verwendung von hochwertigem Poly auf Metalo-Basis f\u00fcr beste Dichtungseigenschaften.<\/li>\n<\/ul>\n<p>[\/vc_column_text]<section class=\"ts-vc_cta3-container\"><div class=\"ts-vc_general ts-vc_cta3 ts-cta3-only ts-vc_cta3-style-classic ts-vc_cta3-shape-rounded ts-vc_cta3-align-left ts-vc_cta3-color-transparent ts-vc_cta3-icon-size-md ts-vc_cta3-actions-right vc_custom_1756126436007 ts-cta3-with-desc\"><div class=\"ts-vc_cta3_content-container\"><div class=\"ts-vc_cta3-content\"><div class=\"ts-vc_cta3-content-header ts-wrap\"><div class=\"ts-vc_cta3-headers ts-wrap-cell\"><\/div><\/div><div class=\"ts-cta3-content-wrapper\"><p>Bitte kontaktieren Sie uns unter <a href=\"tel:9227422544\">+91-9227422544<\/a> oder senden Sie uns eine E-Mail an <a href=\"mailto:info@tilakpolypack.com\">info@tilakpolypack.com<\/a>, um Angebote oder weitere Informationen zu erhalten.<\/p><\/div><\/div><div class=\"ts-vc_cta3-actions\">\r\n\t\t<div class=\"ts-vc_btn3-container  popmake-8197 ts-vc_btn3-inline\"><a class=\"ts-vc_general ts-vc_btn3 ts-vc_btn3-size-md ts-vc_btn3-shape-rounded ts-vc_btn3-style-flat ts-vc_btn3-weight-yes ts-vc_btn3-color-skincolor\" href=\"\" title=\"\">Anfrage senden<\/a><\/div><\/div><\/div><\/div><\/section>[\/vc_column][\/vc_row]<\/p>\n<\/section>","protected":false},"excerpt":{"rendered":"<p>[vc_row][vc_column][vc_column_text css=&#8221;.vc_custom_1756126350230{padding-top: 20px !important;}&#8221;] Einfache Standbeutel Einfache Standbeutel sind eine beliebte Wahl f\u00fcr die Verpackung einer Vielzahl von Produkten. Sie sind auf Komfort und Funktionalit\u00e4t ausgelegt und erm\u00f6glichen eine einfache Lagerung, einen einfachen Transport und eine einfache Pr\u00e4sentation der Waren. Diese Beutel werden aus hochwertigen Materialien hergestellt, die hervorragende Barriereeigenschaften aufweisen und den Inhalt vor &hellip; <a href=\"https:\/\/tilakpolypack.com\/de\/einfache-standbeutel\/\" class=\"more-link\">Continue reading <span class=\"screen-reader-text\">Einfache Standbeutel<\/span><\/a><\/p>\n","protected":false},"author":1,"featured_media":8010,"parent":0,"menu_order":0,"comment_status":"closed","ping_status":"closed","template":"","meta":{"_acf_changed":false,"om_disable_all_campaigns":false,"_monsterinsights_skip_tracking":false,"_monsterinsights_sitenote_active":false,"_monsterinsights_sitenote_note":"","_monsterinsights_sitenote_category":0,"_uf_show_specific_survey":0,"_uf_disable_surveys":false,"footnotes":""},"class_list":["post-7347","page","type-page","status-publish","has-post-thumbnail","hentry"],"acf":[],"yoast_head":"<!-- This site is optimized with the Yoast SEO plugin v22.3 - https:\/\/yoast.com\/wordpress\/plugins\/seo\/ -->\n<title>Lieferant flexibler, einfacher Standbeutel | Tilak Polypack<\/title>\n<meta name=\"description\" content=\"Kreieren Sie auff\u00e4llige Verpackungen mit unseren flexiblen Standbeuteln mit flachem Boden. Vielseitig und einfach zu verwenden von Tilak Polypack.\" \/>\n<meta name=\"robots\" content=\"index, follow, max-snippet:-1, max-image-preview:large, max-video-preview:-1\" \/>\n<link rel=\"canonical\" href=\"https:\/\/tilakpolypack.com\/de\/einfache-standbeutel\/\" \/>\n<meta property=\"og:locale\" content=\"en_US\" \/>\n<meta property=\"og:type\" content=\"article\" \/>\n<meta property=\"og:title\" content=\"Lieferant flexibler, einfacher Standbeutel | Tilak Polypack\" \/>\n<meta property=\"og:description\" content=\"Kreieren Sie auff\u00e4llige Verpackungen mit unseren flexiblen Standbeuteln mit flachem Boden. Vielseitig und einfach zu verwenden von Tilak Polypack.\" \/>\n<meta property=\"og:url\" content=\"https:\/\/tilakpolypack.com\/de\/einfache-standbeutel\/\" \/>\n<meta property=\"og:site_name\" content=\"Tilak Polypack\" \/>\n<meta property=\"article:modified_time\" content=\"2025-09-11T04:30:57+00:00\" \/>\n<meta property=\"og:image\" content=\"https:\/\/tilakpolypack.com\/de\/wp-content\/uploads\/2023\/10\/standup-pouches.jpg\" \/>\n\t<meta property=\"og:image:width\" content=\"760\" \/>\n\t<meta property=\"og:image:height\" content=\"510\" \/>\n\t<meta property=\"og:image:type\" content=\"image\/jpeg\" \/>\n<meta name=\"twitter:card\" content=\"summary_large_image\" \/>\n<meta name=\"twitter:label1\" content=\"Est. reading time\" \/>\n\t<meta name=\"twitter:data1\" content=\"3 minutes\" \/>\n<script type=\"application\/ld+json\" class=\"yoast-schema-graph\">{\"@context\":\"https:\/\/schema.org\",\"@graph\":[{\"@type\":\"WebPage\",\"@id\":\"https:\/\/tilakpolypack.com\/de\/einfache-standbeutel\/\",\"url\":\"https:\/\/tilakpolypack.com\/de\/einfache-standbeutel\/\",\"name\":\"Lieferant flexibler, einfacher Standbeutel | Tilak Polypack\",\"isPartOf\":{\"@id\":\"https:\/\/tilakpolypack.com\/de\/#website\"},\"primaryImageOfPage\":{\"@id\":\"https:\/\/tilakpolypack.com\/de\/einfache-standbeutel\/#primaryimage\"},\"image\":{\"@id\":\"https:\/\/tilakpolypack.com\/de\/einfache-standbeutel\/#primaryimage\"},\"thumbnailUrl\":\"https:\/\/tilakpolypack.com\/de\/wp-content\/uploads\/2023\/10\/standup-pouches.jpg\",\"datePublished\":\"2023-10-06T10:15:01+00:00\",\"dateModified\":\"2025-09-11T04:30:57+00:00\",\"description\":\"Kreieren Sie auff\u00e4llige Verpackungen mit unseren flexiblen Standbeuteln mit flachem Boden. Vielseitig und einfach zu verwenden von Tilak Polypack.\",\"inLanguage\":\"en-US\",\"potentialAction\":[{\"@type\":\"ReadAction\",\"target\":[\"https:\/\/tilakpolypack.com\/de\/einfache-standbeutel\/\"]}]},{\"@type\":\"ImageObject\",\"inLanguage\":\"en-US\",\"@id\":\"https:\/\/tilakpolypack.com\/de\/einfache-standbeutel\/#primaryimage\",\"url\":\"https:\/\/tilakpolypack.com\/de\/wp-content\/uploads\/2023\/10\/standup-pouches.jpg\",\"contentUrl\":\"https:\/\/tilakpolypack.com\/de\/wp-content\/uploads\/2023\/10\/standup-pouches.jpg\",\"width\":760,\"height\":510},{\"@type\":\"WebSite\",\"@id\":\"https:\/\/tilakpolypack.com\/de\/#website\",\"url\":\"https:\/\/tilakpolypack.com\/de\/\",\"name\":\"Tilak Polypack\",\"description\":\"\",\"potentialAction\":[{\"@type\":\"SearchAction\",\"target\":{\"@type\":\"EntryPoint\",\"urlTemplate\":\"https:\/\/tilakpolypack.com\/de\/?s={search_term_string}\"},\"query-input\":\"required name=search_term_string\"}],\"inLanguage\":\"en-US\"}]}<\/script>\n<!-- \/ Yoast SEO plugin. -->","yoast_head_json":{"title":"Lieferant flexibler, einfacher Standbeutel | Tilak Polypack","description":"Kreieren Sie auff\u00e4llige Verpackungen mit unseren flexiblen Standbeuteln mit flachem Boden. Vielseitig und einfach zu verwenden von Tilak Polypack.","robots":{"index":"index","follow":"follow","max-snippet":"max-snippet:-1","max-image-preview":"max-image-preview:large","max-video-preview":"max-video-preview:-1"},"canonical":"https:\/\/tilakpolypack.com\/de\/einfache-standbeutel\/","og_locale":"en_US","og_type":"article","og_title":"Lieferant flexibler, einfacher Standbeutel | Tilak Polypack","og_description":"Kreieren Sie auff\u00e4llige Verpackungen mit unseren flexiblen Standbeuteln mit flachem Boden. Vielseitig und einfach zu verwenden von Tilak Polypack.","og_url":"https:\/\/tilakpolypack.com\/de\/einfache-standbeutel\/","og_site_name":"Tilak Polypack","article_modified_time":"2025-09-11T04:30:57+00:00","og_image":[{"width":760,"height":510,"url":"https:\/\/tilakpolypack.com\/de\/wp-content\/uploads\/2023\/10\/standup-pouches.jpg","type":"image\/jpeg"}],"twitter_card":"summary_large_image","twitter_misc":{"Est. reading time":"3 minutes"},"schema":{"@context":"https:\/\/schema.org","@graph":[{"@type":"WebPage","@id":"https:\/\/tilakpolypack.com\/de\/einfache-standbeutel\/","url":"https:\/\/tilakpolypack.com\/de\/einfache-standbeutel\/","name":"Lieferant flexibler, einfacher Standbeutel | Tilak Polypack","isPartOf":{"@id":"https:\/\/tilakpolypack.com\/de\/#website"},"primaryImageOfPage":{"@id":"https:\/\/tilakpolypack.com\/de\/einfache-standbeutel\/#primaryimage"},"image":{"@id":"https:\/\/tilakpolypack.com\/de\/einfache-standbeutel\/#primaryimage"},"thumbnailUrl":"https:\/\/tilakpolypack.com\/de\/wp-content\/uploads\/2023\/10\/standup-pouches.jpg","datePublished":"2023-10-06T10:15:01+00:00","dateModified":"2025-09-11T04:30:57+00:00","description":"Kreieren Sie auff\u00e4llige Verpackungen mit unseren flexiblen Standbeuteln mit flachem Boden. Vielseitig und einfach zu verwenden von Tilak Polypack.","inLanguage":"en-US","potentialAction":[{"@type":"ReadAction","target":["https:\/\/tilakpolypack.com\/de\/einfache-standbeutel\/"]}]},{"@type":"ImageObject","inLanguage":"en-US","@id":"https:\/\/tilakpolypack.com\/de\/einfache-standbeutel\/#primaryimage","url":"https:\/\/tilakpolypack.com\/de\/wp-content\/uploads\/2023\/10\/standup-pouches.jpg","contentUrl":"https:\/\/tilakpolypack.com\/de\/wp-content\/uploads\/2023\/10\/standup-pouches.jpg","width":760,"height":510},{"@type":"WebSite","@id":"https:\/\/tilakpolypack.com\/de\/#website","url":"https:\/\/tilakpolypack.com\/de\/","name":"Tilak Polypack","description":"","potentialAction":[{"@type":"SearchAction","target":{"@type":"EntryPoint","urlTemplate":"https:\/\/tilakpolypack.com\/de\/?s={search_term_string}"},"query-input":"required name=search_term_string"}],"inLanguage":"en-US"}]}},"_links":{"self":[{"href":"https:\/\/tilakpolypack.com\/de\/wp-json\/wp\/v2\/pages\/7347","targetHints":{"allow":["GET"]}}],"collection":[{"href":"https:\/\/tilakpolypack.com\/de\/wp-json\/wp\/v2\/pages"}],"about":[{"href":"https:\/\/tilakpolypack.com\/de\/wp-json\/wp\/v2\/types\/page"}],"author":[{"embeddable":true,"href":"https:\/\/tilakpolypack.com\/de\/wp-json\/wp\/v2\/users\/1"}],"replies":[{"embeddable":true,"href":"https:\/\/tilakpolypack.com\/de\/wp-json\/wp\/v2\/comments?post=7347"}],"version-history":[{"count":2,"href":"https:\/\/tilakpolypack.com\/de\/wp-json\/wp\/v2\/pages\/7347\/revisions"}],"predecessor-version":[{"id":10126,"href":"https:\/\/tilakpolypack.com\/de\/wp-json\/wp\/v2\/pages\/7347\/revisions\/10126"}],"wp:featuredmedia":[{"embeddable":true,"href":"https:\/\/tilakpolypack.com\/de\/wp-json\/wp\/v2\/media\/8010"}],"wp:attachment":[{"href":"https:\/\/tilakpolypack.com\/de\/wp-json\/wp\/v2\/media?parent=7347"}],"curies":[{"name":"wp","href":"https:\/\/api.w.org\/{rel}","templated":true}]}}