{"id":7346,"date":"2023-10-06T10:14:51","date_gmt":"2023-10-06T10:14:51","guid":{"rendered":"https:\/\/archiveyourwords.com\/tilak\/?page_id=7346"},"modified":"2025-09-16T18:25:21","modified_gmt":"2025-09-16T18:25:21","slug":"agrochemische-laminate","status":"publish","type":"page","link":"https:\/\/tilakpolypack.com\/de\/agrochemische-laminate\/","title":{"rendered":"Agrochemische Laminate"},"content":{"rendered":"<section class=\"wpb-content-wrapper\"><p>[vc_row][vc_column][vc_column_text css=&#8221;.vc_custom_1758047029941{padding-top: 20px !important;}&#8221;]<\/p>\n<h2>Agrochemische Laminate<\/h2>\n<ul>\n<li>Hergestellt aus 100 % lebensmitteltauglichen Rohstoffen<\/li>\n<li>Kann mit einer Vielzahl von Substraten wie PET, Met PET, BOPP, HS-BOPP, Aluminiumfolie, CPP, PE usw. geliefert werden.<\/li>\n<li>Die Auswahl des Substrats erfolgt auf Grundlage des zu verpackenden Produkts, um die erforderliche Produktbest\u00e4ndigkeit sicherzustellen.<\/li>\n<li>Kann je nach Kundenwunsch in Rollenform geliefert werden.<\/li>\n<li>Kann je nach Kundenwunsch in Beutelform geliefert werden (Mittelseal, Dreiseitenseal, Standbeutel, Rei\u00dfverschlussbeutel usw.).<\/li>\n<\/ul>\n<h2>Laminate f\u00fcr Agrochemikalienverpackungen<\/h2>\n<p><span style=\"font-weight: 400;\">Unsere Laminate f\u00fcr Agrochemikalienverpackungen sind speziell entwickelt, um Pflanzenschutzmittel, D\u00fcngemittel und andere landwirtschaftliche Produkte sicher zu verpacken. Sie bieten ausgezeichnete Barriereeigenschaften gegen Feuchtigkeit, Sauerstoff und Licht und sorgen f\u00fcr eine l\u00e4ngere Haltbarkeit der Produkte.<\/span><\/p>\n<h2>Laminierte Folien f\u00fcr die Verpackung von Agrochemikalien<\/h2>\n<p><span style=\"font-weight: 400;\">Diese laminierten Folien bestehen aus hochwertigen Materialien wie PET, BOPP, Aluminiumfolie und PE. Sie sind robust, flexibel und sch\u00fctzen die Inhalte zuverl\u00e4ssig w\u00e4hrend Transport und Lagerung.<\/span><\/p>\n<h2>Flexible agrochemische Laminate<\/h2>\n<p><span style=\"font-weight: 400;\">Unsere flexiblen agrochemischen Laminate lassen sich leicht an verschiedene Verpackungsformate anpassen \u2013 ob Standbodenbeutel, Mittelsealbeutel oder Dreiseitensiegelbeutel. Dadurch bieten sie optimale Anwendungsm\u00f6glichkeiten f\u00fcr unterschiedliche Produktanforderungen.<\/span><\/p>\n<h2>Wasserl\u00f6sliche Verpackung<\/h2>\n<p><span style=\"font-weight: 400;\">F\u00fcr eine umweltfreundliche Alternative bieten wir wasserl\u00f6sliche Verpackungen aus Polyvinylalkohol (PVA) an. Diese l\u00f6sen sich beim Kontakt mit Wasser vollst\u00e4ndig auf und reduzieren Verpackungsabf\u00e4lle, was eine nachhaltige L\u00f6sung f\u00fcr die Agrarindustrie darstellt.<\/span><\/p>\n<p>Tilak Polypack ist einer der weltweit f\u00fchrenden Hersteller und Lieferanten von AGROCHEMISCHEN LAMINATEN. Mit Niederlassungen in L\u00e4ndern wie den USA, Singapur, Australien, Deutschland, Kanada, Neuseeland, Gro\u00dfbritannien, Irland, Schottland und Norwegen hat sich Tilak Polypack als zuverl\u00e4ssiger Anbieter hochwertiger AGROCHEMISCHER LAMINATE etabliert.[\/vc_column_text]<section class=\"ts-vc_cta3-container\"><div class=\"ts-vc_general ts-vc_cta3 ts-cta3-only ts-vc_cta3-style-classic ts-vc_cta3-shape-rounded ts-vc_cta3-align-left ts-vc_cta3-color-transparent ts-vc_cta3-icon-size-md ts-vc_cta3-actions-right vc_custom_1756106653036 ts-cta3-with-desc\"><div class=\"ts-vc_cta3_content-container\"><div class=\"ts-vc_cta3-content\"><div class=\"ts-vc_cta3-content-header ts-wrap\"><div class=\"ts-vc_cta3-headers ts-wrap-cell\"><\/div><\/div><div class=\"ts-cta3-content-wrapper\"><p>Bitte kontaktieren Sie uns unter <a href=\"tel:9227422544\">+91-9227422544<\/a> oder senden Sie uns eine E-Mail an <a href=\"mailto:info@tilakpolypack.com\">info@tilakpolypack.com<\/a>, um Angebote oder weitere Informationen zu erhalten.<\/p><\/div><\/div><div class=\"ts-vc_cta3-actions\">\r\n\t\t<div class=\"ts-vc_btn3-container  popmake-8197 ts-vc_btn3-inline\"><a class=\"ts-vc_general ts-vc_btn3 ts-vc_btn3-size-md ts-vc_btn3-shape-rounded ts-vc_btn3-style-flat ts-vc_btn3-weight-yes ts-vc_btn3-color-skincolor\" href=\"\" title=\"\">Anfrage senden<\/a><\/div><\/div><\/div><\/div><\/section>[\/vc_column][\/vc_row]<\/p>\n<\/section>","protected":false},"excerpt":{"rendered":"<p>[vc_row][vc_column][vc_column_text css=&#8221;.vc_custom_1758047029941{padding-top: 20px !important;}&#8221;] Agrochemische Laminate Hergestellt aus 100 % lebensmitteltauglichen Rohstoffen Kann mit einer Vielzahl von Substraten wie PET, Met PET, BOPP, HS-BOPP, Aluminiumfolie, CPP, PE usw. geliefert werden. Die Auswahl des Substrats erfolgt auf Grundlage des zu verpackenden Produkts, um die erforderliche Produktbest\u00e4ndigkeit sicherzustellen. Kann je nach Kundenwunsch in Rollenform geliefert werden. Kann &hellip; <a href=\"https:\/\/tilakpolypack.com\/de\/agrochemische-laminate\/\" class=\"more-link\">Continue reading <span class=\"screen-reader-text\">Agrochemische Laminate<\/span><\/a><\/p>\n","protected":false},"author":1,"featured_media":8015,"parent":0,"menu_order":0,"comment_status":"closed","ping_status":"closed","template":"","meta":{"_acf_changed":false,"om_disable_all_campaigns":false,"_monsterinsights_skip_tracking":false,"_monsterinsights_sitenote_active":false,"_monsterinsights_sitenote_note":"","_monsterinsights_sitenote_category":0,"_uf_show_specific_survey":0,"_uf_disable_surveys":false,"footnotes":""},"class_list":["post-7346","page","type-page","status-publish","has-post-thumbnail","hentry"],"acf":[],"yoast_head":"<!-- This site is optimized with the Yoast SEO plugin v22.3 - https:\/\/yoast.com\/wordpress\/plugins\/seo\/ -->\n<title>Laminierte Verpackungsrollen und -beutel f\u00fcr Agrochemikalien<\/title>\n<meta name=\"description\" content=\"Flexible, lebensmittelechte Agrochemiefolie in Rollen oder kundenspezifischen Beuteln. Starker Barriereschutz von Tilak Polypack.\" \/>\n<meta name=\"robots\" content=\"index, follow, max-snippet:-1, max-image-preview:large, max-video-preview:-1\" \/>\n<link rel=\"canonical\" href=\"https:\/\/tilakpolypack.com\/de\/agrochemische-laminate\/\" \/>\n<meta property=\"og:locale\" content=\"en_US\" \/>\n<meta property=\"og:type\" content=\"article\" \/>\n<meta property=\"og:title\" content=\"Laminierte Verpackungsrollen und -beutel f\u00fcr Agrochemikalien\" \/>\n<meta property=\"og:description\" content=\"Flexible, lebensmittelechte Agrochemiefolie in Rollen oder kundenspezifischen Beuteln. Starker Barriereschutz von Tilak Polypack.\" \/>\n<meta property=\"og:url\" content=\"https:\/\/tilakpolypack.com\/de\/agrochemische-laminate\/\" \/>\n<meta property=\"og:site_name\" content=\"Tilak Polypack\" \/>\n<meta property=\"article:modified_time\" content=\"2025-09-16T18:25:21+00:00\" \/>\n<meta property=\"og:image\" content=\"https:\/\/tilakpolypack.com\/de\/wp-content\/uploads\/2023\/10\/flexible-laminate-rolls-pouches-1.jpg\" \/>\n\t<meta property=\"og:image:width\" content=\"1200\" \/>\n\t<meta property=\"og:image:height\" content=\"795\" \/>\n\t<meta property=\"og:image:type\" content=\"image\/jpeg\" \/>\n<meta name=\"twitter:card\" content=\"summary_large_image\" \/>\n<meta name=\"twitter:label1\" content=\"Est. reading time\" \/>\n\t<meta name=\"twitter:data1\" content=\"2 minutes\" \/>\n<script type=\"application\/ld+json\" class=\"yoast-schema-graph\">{\"@context\":\"https:\/\/schema.org\",\"@graph\":[{\"@type\":\"WebPage\",\"@id\":\"https:\/\/tilakpolypack.com\/de\/agrochemische-laminate\/\",\"url\":\"https:\/\/tilakpolypack.com\/de\/agrochemische-laminate\/\",\"name\":\"Laminierte Verpackungsrollen und -beutel f\u00fcr Agrochemikalien\",\"isPartOf\":{\"@id\":\"https:\/\/tilakpolypack.com\/de\/#website\"},\"primaryImageOfPage\":{\"@id\":\"https:\/\/tilakpolypack.com\/de\/agrochemische-laminate\/#primaryimage\"},\"image\":{\"@id\":\"https:\/\/tilakpolypack.com\/de\/agrochemische-laminate\/#primaryimage\"},\"thumbnailUrl\":\"https:\/\/tilakpolypack.com\/de\/wp-content\/uploads\/2023\/10\/flexible-laminate-rolls-pouches-1.jpg\",\"datePublished\":\"2023-10-06T10:14:51+00:00\",\"dateModified\":\"2025-09-16T18:25:21+00:00\",\"description\":\"Flexible, lebensmittelechte Agrochemiefolie in Rollen oder kundenspezifischen Beuteln. Starker Barriereschutz von Tilak Polypack.\",\"inLanguage\":\"en-US\",\"potentialAction\":[{\"@type\":\"ReadAction\",\"target\":[\"https:\/\/tilakpolypack.com\/de\/agrochemische-laminate\/\"]}]},{\"@type\":\"ImageObject\",\"inLanguage\":\"en-US\",\"@id\":\"https:\/\/tilakpolypack.com\/de\/agrochemische-laminate\/#primaryimage\",\"url\":\"https:\/\/tilakpolypack.com\/de\/wp-content\/uploads\/2023\/10\/flexible-laminate-rolls-pouches-1.jpg\",\"contentUrl\":\"https:\/\/tilakpolypack.com\/de\/wp-content\/uploads\/2023\/10\/flexible-laminate-rolls-pouches-1.jpg\",\"width\":1200,\"height\":795},{\"@type\":\"WebSite\",\"@id\":\"https:\/\/tilakpolypack.com\/de\/#website\",\"url\":\"https:\/\/tilakpolypack.com\/de\/\",\"name\":\"Tilak Polypack\",\"description\":\"\",\"potentialAction\":[{\"@type\":\"SearchAction\",\"target\":{\"@type\":\"EntryPoint\",\"urlTemplate\":\"https:\/\/tilakpolypack.com\/de\/?s={search_term_string}\"},\"query-input\":\"required name=search_term_string\"}],\"inLanguage\":\"en-US\"}]}<\/script>\n<!-- \/ Yoast SEO plugin. -->","yoast_head_json":{"title":"Laminierte Verpackungsrollen und -beutel f\u00fcr Agrochemikalien","description":"Flexible, lebensmittelechte Agrochemiefolie in Rollen oder kundenspezifischen Beuteln. Starker Barriereschutz von Tilak Polypack.","robots":{"index":"index","follow":"follow","max-snippet":"max-snippet:-1","max-image-preview":"max-image-preview:large","max-video-preview":"max-video-preview:-1"},"canonical":"https:\/\/tilakpolypack.com\/de\/agrochemische-laminate\/","og_locale":"en_US","og_type":"article","og_title":"Laminierte Verpackungsrollen und -beutel f\u00fcr Agrochemikalien","og_description":"Flexible, lebensmittelechte Agrochemiefolie in Rollen oder kundenspezifischen Beuteln. Starker Barriereschutz von Tilak Polypack.","og_url":"https:\/\/tilakpolypack.com\/de\/agrochemische-laminate\/","og_site_name":"Tilak Polypack","article_modified_time":"2025-09-16T18:25:21+00:00","og_image":[{"width":1200,"height":795,"url":"https:\/\/tilakpolypack.com\/de\/wp-content\/uploads\/2023\/10\/flexible-laminate-rolls-pouches-1.jpg","type":"image\/jpeg"}],"twitter_card":"summary_large_image","twitter_misc":{"Est. reading time":"2 minutes"},"schema":{"@context":"https:\/\/schema.org","@graph":[{"@type":"WebPage","@id":"https:\/\/tilakpolypack.com\/de\/agrochemische-laminate\/","url":"https:\/\/tilakpolypack.com\/de\/agrochemische-laminate\/","name":"Laminierte Verpackungsrollen und -beutel f\u00fcr Agrochemikalien","isPartOf":{"@id":"https:\/\/tilakpolypack.com\/de\/#website"},"primaryImageOfPage":{"@id":"https:\/\/tilakpolypack.com\/de\/agrochemische-laminate\/#primaryimage"},"image":{"@id":"https:\/\/tilakpolypack.com\/de\/agrochemische-laminate\/#primaryimage"},"thumbnailUrl":"https:\/\/tilakpolypack.com\/de\/wp-content\/uploads\/2023\/10\/flexible-laminate-rolls-pouches-1.jpg","datePublished":"2023-10-06T10:14:51+00:00","dateModified":"2025-09-16T18:25:21+00:00","description":"Flexible, lebensmittelechte Agrochemiefolie in Rollen oder kundenspezifischen Beuteln. Starker Barriereschutz von Tilak Polypack.","inLanguage":"en-US","potentialAction":[{"@type":"ReadAction","target":["https:\/\/tilakpolypack.com\/de\/agrochemische-laminate\/"]}]},{"@type":"ImageObject","inLanguage":"en-US","@id":"https:\/\/tilakpolypack.com\/de\/agrochemische-laminate\/#primaryimage","url":"https:\/\/tilakpolypack.com\/de\/wp-content\/uploads\/2023\/10\/flexible-laminate-rolls-pouches-1.jpg","contentUrl":"https:\/\/tilakpolypack.com\/de\/wp-content\/uploads\/2023\/10\/flexible-laminate-rolls-pouches-1.jpg","width":1200,"height":795},{"@type":"WebSite","@id":"https:\/\/tilakpolypack.com\/de\/#website","url":"https:\/\/tilakpolypack.com\/de\/","name":"Tilak Polypack","description":"","potentialAction":[{"@type":"SearchAction","target":{"@type":"EntryPoint","urlTemplate":"https:\/\/tilakpolypack.com\/de\/?s={search_term_string}"},"query-input":"required name=search_term_string"}],"inLanguage":"en-US"}]}},"_links":{"self":[{"href":"https:\/\/tilakpolypack.com\/de\/wp-json\/wp\/v2\/pages\/7346","targetHints":{"allow":["GET"]}}],"collection":[{"href":"https:\/\/tilakpolypack.com\/de\/wp-json\/wp\/v2\/pages"}],"about":[{"href":"https:\/\/tilakpolypack.com\/de\/wp-json\/wp\/v2\/types\/page"}],"author":[{"embeddable":true,"href":"https:\/\/tilakpolypack.com\/de\/wp-json\/wp\/v2\/users\/1"}],"replies":[{"embeddable":true,"href":"https:\/\/tilakpolypack.com\/de\/wp-json\/wp\/v2\/comments?post=7346"}],"version-history":[{"count":5,"href":"https:\/\/tilakpolypack.com\/de\/wp-json\/wp\/v2\/pages\/7346\/revisions"}],"predecessor-version":[{"id":10190,"href":"https:\/\/tilakpolypack.com\/de\/wp-json\/wp\/v2\/pages\/7346\/revisions\/10190"}],"wp:featuredmedia":[{"embeddable":true,"href":"https:\/\/tilakpolypack.com\/de\/wp-json\/wp\/v2\/media\/8015"}],"wp:attachment":[{"href":"https:\/\/tilakpolypack.com\/de\/wp-json\/wp\/v2\/media?parent=7346"}],"curies":[{"name":"wp","href":"https:\/\/api.w.org\/{rel}","templated":true}]}}