{"id":7345,"date":"2023-10-06T10:14:41","date_gmt":"2023-10-06T10:14:41","guid":{"rendered":"https:\/\/archiveyourwords.com\/tilak\/?page_id=7345"},"modified":"2025-09-11T04:37:27","modified_gmt":"2025-09-11T04:37:27","slug":"lebensmittelverpackungslaminate-in-beutel-und-rollenform","status":"publish","type":"page","link":"https:\/\/tilakpolypack.com\/de\/lebensmittelverpackungslaminate-in-beutel-und-rollenform\/","title":{"rendered":"Lebensmittelverpackungslaminate in Beutel- und Rollenform"},"content":{"rendered":"<section class=\"wpb-content-wrapper\"><p>[vc_row][vc_column][vc_column_text css=&#8221;.vc_custom_1756118657053{padding-top: 20px !important;}&#8221;]<\/p>\n<h2>Lebensmittelverpackungslaminate in Beutel- und Rollenform<\/h2>\n<p>Lebensmittelverpackungslaminate in Beutel- und Rollenform sind unverzichtbare Materialien zum Schutz und zur Konservierung von Lebensmitteln. Diese Laminate bestehen aus mehreren Schichten von Folien und Barrieren, die hervorragende Barriereeigenschaften bieten und so die Frische und Sicherheit der Produkte gew\u00e4hrleisten.<\/p>\n<p>Bei der Herstellung von Lebensmittelverpackungslaminaten werden verschiedene Folienlagen durch Laminierung miteinander verbunden. So entsteht ein robustes und flexibles Material, das zu Beuteln oder Rollen f\u00fcr die Verpackung verschiedener Lebensmittel verarbeitet werden kann.<\/p>\n<p>Lebensmittelverpackungslaminate in Beutel- und Rollenform finden vielf\u00e4ltige Anwendung in der Lebensmittelindustrie, darunter Verpackungen f\u00fcr Snacks, Getr\u00e4nke und S\u00fc\u00dfwaren. Sie bewahren Frische und Qualit\u00e4t, gew\u00e4hrleisten auslaufsichere Verschl\u00fcsse und sorgen f\u00fcr eine ansprechende Pr\u00e4sentation von Snacks, Getr\u00e4nken und S\u00fc\u00dfigkeiten.[\/vc_column_text][vc_column_text]<\/p>\n<h2>Herstellung von Laminaten f\u00fcr Lebensmittelverpackungen<\/h2>\n<p>Bei Tilak Polypack sind wir stolz auf unseren \u00fcberlegenen Herstellungsprozess f\u00fcr Lebensmittelverpackungslaminate, der au\u00dfergew\u00f6hnliche Qualit\u00e4t und eine Vielzahl von Eigenschaften bietet, die uns von der Konkurrenz abheben.[\/vc_column_text][vc_column_text]<\/p>\n<h2>Fertigungsprozess:<\/h2>\n<ol>\n<li>Materialauswahl: Wir w\u00e4hlen sorgf\u00e4ltig hochwertige Folien aus und gew\u00e4hrleisten einen optimalen Schutz vor Feuchtigkeit, Sauerstoff und anderen Faktoren, die die Frische von Lebensmitteln beeintr\u00e4chtigen k\u00f6nnen.<\/li>\n<li>Laminierung: Um die Festigkeit und Haltbarkeit der Laminate zu verbessern, laminieren wir mehrere Schichten Folie und schaffen so ein robustes und flexibles Verbundmaterial mit hervorragenden Barriereeigenschaften.<\/li>\n<li>Anpassung und Druck: Wir bieten anpassbare Optionen f\u00fcr Laminate, einschlie\u00dflich Gr\u00f6\u00dfe, Design und Druck. Dank unserer hochmodernen Drucktechnologie k\u00f6nnen wir lebendige und auff\u00e4llige Designs, Markenelemente und Produktinformationen auf die Laminate aufbringen.<\/li>\n<\/ol>\n<p>[\/vc_column_text][vc_column_text]<\/p>\n<h2>Eigenschaften der Lebensmittelverpackungslaminate von Tilak Polypack:<\/h2>\n<ol>\n<li>Hergestellt aus 100 % lebensmitteltauglichen Rohstoffen<\/li>\n<li>Kann mit einer Vielzahl von Substraten wie PET, Met PET, BOPP, HS-BOPP, Aluminiumfolie, CPP, PE usw. geliefert werden.<\/li>\n<li>Kann je nach Kundenwunsch in Rollenform geliefert werden.<\/li>\n<li>Kann je nach Kundenwunsch in Beutelform geliefert werden (Mittelseal, Dreiseitenseal, Standbeutel, Rei\u00dfverschlussbeutel usw.).<\/li>\n<\/ol>\n<p>Entscheiden Sie sich f\u00fcr Tilak Polypack, wenn Sie unvergleichliche Laminate f\u00fcr Lebensmittelverpackungen suchen, die hervorragenden Barriereschutz, individuelle Anpassungsm\u00f6glichkeiten und ein Bekenntnis zu Qualit\u00e4t vereinen. Erleben Sie selbst, warum wir die bevorzugte Wahl unter den anderen Anbietern der Branche sind.<\/p>\n<p>Tilak Polypack ist einer der weltweit f\u00fchrenden Hersteller und Lieferanten von Laminaten f\u00fcr Lebensmittelverpackungen in Beutel- und Rollenform. Mit Niederlassungen in L\u00e4ndern wie den USA, Singapur, Australien, Deutschland, Kanada, Neuseeland, Gro\u00dfbritannien, Irland, Schottland und Norwegen hat sich Tilak Polypack als zuverl\u00e4ssiger Anbieter von hochwertigen Laminaten f\u00fcr Lebensmittelverpackungen in Beutel- und Rollenform etabliert.[\/vc_column_text][vc_column_text]<\/p>\n<h3>Vorteile<\/h3>\n<ul>\n<li>Diese Vorteile machen Lebensmittelverpackungslaminate zu einer idealen Wahl f\u00fcr die effektive Konservierung und Pr\u00e4sentation von Lebensmitteln.<\/li>\n<li>Hervorragender Schutz vor Feuchtigkeit, Sauerstoff und \u00e4u\u00dferen Einfl\u00fcssen.<\/li>\n<li>Verl\u00e4ngerte Haltbarkeit und Frischhaltung.<\/li>\n<li>Flexibel und langlebig f\u00fcr einfache Handhabung und Transport.<\/li>\n<li>Anpassbare Designs f\u00fcr eine verbesserte Sichtbarkeit Ihrer Marke.<\/li>\n<li>Einhaltung der Sicherheitsstandards f\u00fcr den Kontakt mit Lebensmitteln.<\/li>\n<li>Kompetenz in der Herstellung hochwertiger Laminate.<\/li>\n<li>Strenge Qualit\u00e4tskontrolle f\u00fcr gleichbleibende Spitzenqualit\u00e4t.<\/li>\n<li>Anpassung und Innovation f\u00fcr spezifische Anforderungen.<\/li>\n<li>P\u00fcnktliche Lieferung f\u00fcr effiziente Lieferkettenabl\u00e4ufe.<\/li>\n<\/ul>\n<p>[\/vc_column_text]<section class=\"ts-vc_cta3-container\"><div class=\"ts-vc_general ts-vc_cta3 ts-cta3-only ts-vc_cta3-style-classic ts-vc_cta3-shape-rounded ts-vc_cta3-align-left ts-vc_cta3-color-transparent ts-vc_cta3-icon-size-md ts-vc_cta3-actions-right vc_custom_1756118758352 ts-cta3-with-desc\"><div class=\"ts-vc_cta3_content-container\"><div class=\"ts-vc_cta3-content\"><div class=\"ts-vc_cta3-content-header ts-wrap\"><div class=\"ts-vc_cta3-headers ts-wrap-cell\"><\/div><\/div><div class=\"ts-cta3-content-wrapper\"><p>Bitte kontaktieren Sie uns unter <a href=\"tel:9227422544\">+91-9227422544<\/a> oder senden Sie uns eine E-Mail an <a href=\"mailto:info@tilakpolypack.com\">info@tilakpolypack.com<\/a>, um Angebote oder weitere Informationen zu erhalten.<\/p><\/div><\/div><div class=\"ts-vc_cta3-actions\">\r\n\t\t<div class=\"ts-vc_btn3-container  popmake-8197 ts-vc_btn3-inline\"><a class=\"ts-vc_general ts-vc_btn3 ts-vc_btn3-size-md ts-vc_btn3-shape-rounded ts-vc_btn3-style-flat ts-vc_btn3-weight-yes ts-vc_btn3-color-skincolor\" href=\"\" title=\"\">Anfrage senden<\/a><\/div><\/div><\/div><\/div><\/section>[\/vc_column][\/vc_row]<\/p>\n<\/section>","protected":false},"excerpt":{"rendered":"<p>[vc_row][vc_column][vc_column_text css=&#8221;.vc_custom_1756118657053{padding-top: 20px !important;}&#8221;] Lebensmittelverpackungslaminate in Beutel- und Rollenform Lebensmittelverpackungslaminate in Beutel- und Rollenform sind unverzichtbare Materialien zum Schutz und zur Konservierung von Lebensmitteln. Diese Laminate bestehen aus mehreren Schichten von Folien und Barrieren, die hervorragende Barriereeigenschaften bieten und so die Frische und Sicherheit der Produkte gew\u00e4hrleisten. Bei der Herstellung von Lebensmittelverpackungslaminaten werden verschiedene Folienlagen &hellip; <a href=\"https:\/\/tilakpolypack.com\/de\/lebensmittelverpackungslaminate-in-beutel-und-rollenform\/\" class=\"more-link\">Continue reading <span class=\"screen-reader-text\">Lebensmittelverpackungslaminate in Beutel- und Rollenform<\/span><\/a><\/p>\n","protected":false},"author":1,"featured_media":7997,"parent":0,"menu_order":0,"comment_status":"closed","ping_status":"closed","template":"","meta":{"_acf_changed":false,"om_disable_all_campaigns":false,"_monsterinsights_skip_tracking":false,"_monsterinsights_sitenote_active":false,"_monsterinsights_sitenote_note":"","_monsterinsights_sitenote_category":0,"_uf_show_specific_survey":0,"_uf_disable_surveys":false,"footnotes":""},"class_list":["post-7345","page","type-page","status-publish","has-post-thumbnail","hentry"],"acf":[],"yoast_head":"<!-- This site is optimized with the Yoast SEO plugin v22.3 - https:\/\/yoast.com\/wordpress\/plugins\/seo\/ -->\n<title>Flexible Lebensmittelverpackungslaminate Rollen und Beutel<\/title>\n<meta name=\"description\" content=\"Flexible Laminate f\u00fcr Lebensmittelverpackungen in Beuteln und Rollen: hohe Barrierewirkung, individuell anpassbar, leicht und zuverl\u00e4ssiger Schutz.\" \/>\n<meta name=\"robots\" content=\"index, follow, max-snippet:-1, max-image-preview:large, max-video-preview:-1\" \/>\n<link rel=\"canonical\" href=\"https:\/\/tilakpolypack.com\/de\/lebensmittelverpackungslaminate-in-beutel-und-rollenform\/\" \/>\n<meta property=\"og:locale\" content=\"en_US\" \/>\n<meta property=\"og:type\" content=\"article\" \/>\n<meta property=\"og:title\" content=\"Flexible Lebensmittelverpackungslaminate Rollen und Beutel\" \/>\n<meta property=\"og:description\" content=\"Flexible Laminate f\u00fcr Lebensmittelverpackungen in Beuteln und Rollen: hohe Barrierewirkung, individuell anpassbar, leicht und zuverl\u00e4ssiger Schutz.\" \/>\n<meta property=\"og:url\" content=\"https:\/\/tilakpolypack.com\/de\/lebensmittelverpackungslaminate-in-beutel-und-rollenform\/\" \/>\n<meta property=\"og:site_name\" content=\"Tilak Polypack\" \/>\n<meta property=\"article:modified_time\" content=\"2025-09-11T04:37:27+00:00\" \/>\n<meta property=\"og:image\" content=\"https:\/\/tilakpolypack.com\/de\/wp-content\/uploads\/2023\/10\/Stand_Up_Pouches_IMPAK-768x512-1.jpg\" \/>\n\t<meta property=\"og:image:width\" content=\"768\" \/>\n\t<meta property=\"og:image:height\" content=\"512\" \/>\n\t<meta property=\"og:image:type\" content=\"image\/jpeg\" \/>\n<meta name=\"twitter:card\" content=\"summary_large_image\" \/>\n<meta name=\"twitter:label1\" content=\"Est. reading time\" \/>\n\t<meta name=\"twitter:data1\" content=\"3 minutes\" \/>\n<script type=\"application\/ld+json\" class=\"yoast-schema-graph\">{\"@context\":\"https:\/\/schema.org\",\"@graph\":[{\"@type\":\"WebPage\",\"@id\":\"https:\/\/tilakpolypack.com\/de\/lebensmittelverpackungslaminate-in-beutel-und-rollenform\/\",\"url\":\"https:\/\/tilakpolypack.com\/de\/lebensmittelverpackungslaminate-in-beutel-und-rollenform\/\",\"name\":\"Flexible Lebensmittelverpackungslaminate Rollen und Beutel\",\"isPartOf\":{\"@id\":\"https:\/\/tilakpolypack.com\/de\/#website\"},\"primaryImageOfPage\":{\"@id\":\"https:\/\/tilakpolypack.com\/de\/lebensmittelverpackungslaminate-in-beutel-und-rollenform\/#primaryimage\"},\"image\":{\"@id\":\"https:\/\/tilakpolypack.com\/de\/lebensmittelverpackungslaminate-in-beutel-und-rollenform\/#primaryimage\"},\"thumbnailUrl\":\"https:\/\/tilakpolypack.com\/de\/wp-content\/uploads\/2023\/10\/Stand_Up_Pouches_IMPAK-768x512-1.jpg\",\"datePublished\":\"2023-10-06T10:14:41+00:00\",\"dateModified\":\"2025-09-11T04:37:27+00:00\",\"description\":\"Flexible Laminate f\u00fcr Lebensmittelverpackungen in Beuteln und Rollen: hohe Barrierewirkung, individuell anpassbar, leicht und zuverl\u00e4ssiger Schutz.\",\"inLanguage\":\"en-US\",\"potentialAction\":[{\"@type\":\"ReadAction\",\"target\":[\"https:\/\/tilakpolypack.com\/de\/lebensmittelverpackungslaminate-in-beutel-und-rollenform\/\"]}]},{\"@type\":\"ImageObject\",\"inLanguage\":\"en-US\",\"@id\":\"https:\/\/tilakpolypack.com\/de\/lebensmittelverpackungslaminate-in-beutel-und-rollenform\/#primaryimage\",\"url\":\"https:\/\/tilakpolypack.com\/de\/wp-content\/uploads\/2023\/10\/Stand_Up_Pouches_IMPAK-768x512-1.jpg\",\"contentUrl\":\"https:\/\/tilakpolypack.com\/de\/wp-content\/uploads\/2023\/10\/Stand_Up_Pouches_IMPAK-768x512-1.jpg\",\"width\":768,\"height\":512},{\"@type\":\"WebSite\",\"@id\":\"https:\/\/tilakpolypack.com\/de\/#website\",\"url\":\"https:\/\/tilakpolypack.com\/de\/\",\"name\":\"Tilak Polypack\",\"description\":\"\",\"potentialAction\":[{\"@type\":\"SearchAction\",\"target\":{\"@type\":\"EntryPoint\",\"urlTemplate\":\"https:\/\/tilakpolypack.com\/de\/?s={search_term_string}\"},\"query-input\":\"required name=search_term_string\"}],\"inLanguage\":\"en-US\"}]}<\/script>\n<!-- \/ Yoast SEO plugin. -->","yoast_head_json":{"title":"Flexible Lebensmittelverpackungslaminate Rollen und Beutel","description":"Flexible Laminate f\u00fcr Lebensmittelverpackungen in Beuteln und Rollen: hohe Barrierewirkung, individuell anpassbar, leicht und zuverl\u00e4ssiger Schutz.","robots":{"index":"index","follow":"follow","max-snippet":"max-snippet:-1","max-image-preview":"max-image-preview:large","max-video-preview":"max-video-preview:-1"},"canonical":"https:\/\/tilakpolypack.com\/de\/lebensmittelverpackungslaminate-in-beutel-und-rollenform\/","og_locale":"en_US","og_type":"article","og_title":"Flexible Lebensmittelverpackungslaminate Rollen und Beutel","og_description":"Flexible Laminate f\u00fcr Lebensmittelverpackungen in Beuteln und Rollen: hohe Barrierewirkung, individuell anpassbar, leicht und zuverl\u00e4ssiger Schutz.","og_url":"https:\/\/tilakpolypack.com\/de\/lebensmittelverpackungslaminate-in-beutel-und-rollenform\/","og_site_name":"Tilak Polypack","article_modified_time":"2025-09-11T04:37:27+00:00","og_image":[{"width":768,"height":512,"url":"https:\/\/tilakpolypack.com\/de\/wp-content\/uploads\/2023\/10\/Stand_Up_Pouches_IMPAK-768x512-1.jpg","type":"image\/jpeg"}],"twitter_card":"summary_large_image","twitter_misc":{"Est. reading time":"3 minutes"},"schema":{"@context":"https:\/\/schema.org","@graph":[{"@type":"WebPage","@id":"https:\/\/tilakpolypack.com\/de\/lebensmittelverpackungslaminate-in-beutel-und-rollenform\/","url":"https:\/\/tilakpolypack.com\/de\/lebensmittelverpackungslaminate-in-beutel-und-rollenform\/","name":"Flexible Lebensmittelverpackungslaminate Rollen und Beutel","isPartOf":{"@id":"https:\/\/tilakpolypack.com\/de\/#website"},"primaryImageOfPage":{"@id":"https:\/\/tilakpolypack.com\/de\/lebensmittelverpackungslaminate-in-beutel-und-rollenform\/#primaryimage"},"image":{"@id":"https:\/\/tilakpolypack.com\/de\/lebensmittelverpackungslaminate-in-beutel-und-rollenform\/#primaryimage"},"thumbnailUrl":"https:\/\/tilakpolypack.com\/de\/wp-content\/uploads\/2023\/10\/Stand_Up_Pouches_IMPAK-768x512-1.jpg","datePublished":"2023-10-06T10:14:41+00:00","dateModified":"2025-09-11T04:37:27+00:00","description":"Flexible Laminate f\u00fcr Lebensmittelverpackungen in Beuteln und Rollen: hohe Barrierewirkung, individuell anpassbar, leicht und zuverl\u00e4ssiger Schutz.","inLanguage":"en-US","potentialAction":[{"@type":"ReadAction","target":["https:\/\/tilakpolypack.com\/de\/lebensmittelverpackungslaminate-in-beutel-und-rollenform\/"]}]},{"@type":"ImageObject","inLanguage":"en-US","@id":"https:\/\/tilakpolypack.com\/de\/lebensmittelverpackungslaminate-in-beutel-und-rollenform\/#primaryimage","url":"https:\/\/tilakpolypack.com\/de\/wp-content\/uploads\/2023\/10\/Stand_Up_Pouches_IMPAK-768x512-1.jpg","contentUrl":"https:\/\/tilakpolypack.com\/de\/wp-content\/uploads\/2023\/10\/Stand_Up_Pouches_IMPAK-768x512-1.jpg","width":768,"height":512},{"@type":"WebSite","@id":"https:\/\/tilakpolypack.com\/de\/#website","url":"https:\/\/tilakpolypack.com\/de\/","name":"Tilak Polypack","description":"","potentialAction":[{"@type":"SearchAction","target":{"@type":"EntryPoint","urlTemplate":"https:\/\/tilakpolypack.com\/de\/?s={search_term_string}"},"query-input":"required name=search_term_string"}],"inLanguage":"en-US"}]}},"_links":{"self":[{"href":"https:\/\/tilakpolypack.com\/de\/wp-json\/wp\/v2\/pages\/7345","targetHints":{"allow":["GET"]}}],"collection":[{"href":"https:\/\/tilakpolypack.com\/de\/wp-json\/wp\/v2\/pages"}],"about":[{"href":"https:\/\/tilakpolypack.com\/de\/wp-json\/wp\/v2\/types\/page"}],"author":[{"embeddable":true,"href":"https:\/\/tilakpolypack.com\/de\/wp-json\/wp\/v2\/users\/1"}],"replies":[{"embeddable":true,"href":"https:\/\/tilakpolypack.com\/de\/wp-json\/wp\/v2\/comments?post=7345"}],"version-history":[{"count":2,"href":"https:\/\/tilakpolypack.com\/de\/wp-json\/wp\/v2\/pages\/7345\/revisions"}],"predecessor-version":[{"id":10073,"href":"https:\/\/tilakpolypack.com\/de\/wp-json\/wp\/v2\/pages\/7345\/revisions\/10073"}],"wp:featuredmedia":[{"embeddable":true,"href":"https:\/\/tilakpolypack.com\/de\/wp-json\/wp\/v2\/media\/7997"}],"wp:attachment":[{"href":"https:\/\/tilakpolypack.com\/de\/wp-json\/wp\/v2\/media?parent=7345"}],"curies":[{"name":"wp","href":"https:\/\/api.w.org\/{rel}","templated":true}]}}