{"id":7340,"date":"2023-10-06T10:14:20","date_gmt":"2023-10-06T10:14:20","guid":{"rendered":"https:\/\/archiveyourwords.com\/tilak\/?page_id=7340"},"modified":"2025-09-19T12:36:24","modified_gmt":"2025-09-19T12:36:24","slug":"kollektor-schrumpffolie","status":"publish","type":"page","link":"https:\/\/tilakpolypack.com\/de\/kollektor-schrumpffolie\/","title":{"rendered":"Kollations-Schrumpffolien"},"content":{"rendered":"<section class=\"wpb-content-wrapper\"><p>[vc_row][vc_column][vc_column_text css=&#8221;.vc_custom_1758285177379{padding-top: 20px !important;}&#8221;]Shrinkfolien werden in der Regel zum Verpacken von Getr\u00e4nken und Lebensmitteln w\u00e4hrend des Transports verwendet, um diese vor Besch\u00e4digungen zu sch\u00fctzen.<\/p>\n<p><a href=\"https:\/\/tilakpolypack.com\/de\/verpackungsfolien\/\"><strong>Verpackungsfolien <\/strong><\/a> sind eine unverzichtbare Verpackungsl\u00f6sung zum Schutz und zur Sicherung mehrerer Produkte. Sie finden breite Anwendung in verschiedenen Branchen, darunter Lebensmittel und Getr\u00e4nke, Pharmazeutika und Einzelhandel.<\/p>\n<p>Beim Zusammenfassen mit Schrumpffolie wird eine Gruppe von Produkten mithilfe von W\u00e4rme fest miteinander verbunden. So entsteht ein sicheres B\u00fcndel, das nicht nur verhindert, dass einzelne Artikel verrutschen oder besch\u00e4digt werden, sondern auch eine hervorragende Sichtbarkeit und M\u00f6glichkeiten zur Markenpr\u00e4sentation bietet.<\/p>\n<p>Mit Sammelverpackungsfolien k\u00f6nnen Sie Artikel wie Dosen, Flaschen, Kartons oder \u00e4hnliche Produkte effizient b\u00fcndeln. Die Folie passt sich eng an die Form der geb\u00fcndelten Artikel an und sorgt f\u00fcr einen festen Sitz, sodass diese w\u00e4hrend des Transports und der Lagerung unbesch\u00e4digt bleiben.<\/p>\n<p>Durch den Einsatz von Sammelverpackungsfolien k\u00f6nnen Unternehmen ihre Verpackungsprozesse optimieren, die Produktpr\u00e4sentation verbessern und das Risiko von Besch\u00e4digungen oder Manipulationen minimieren. Diese Folien bieten eine kosteng\u00fcnstige L\u00f6sung f\u00fcr die Verpackung mehrerer Artikel zusammen, verbessern die Effizienz und reduzieren Abfall.<\/p>\n<p>W\u00e4hlen Sie Sammelverpackungsfolien f\u00fcr eine zuverl\u00e4ssige und langlebige Verpackung, die die Unversehrtheit Ihrer Produkte gew\u00e4hrleistet und gleichzeitig eine attraktive Pr\u00e4sentation erm\u00f6glicht.[\/vc_column_text][vc_column_text]<\/p>\n<h2>Hersteller von Sammelverpackungen mit Schrumpffolie<\/h2>\n<p>Als f\u00fchrender Hersteller von <a href=\"https:\/\/tilakpolypack.com\/de\/ldpe-schrumpffolie\/\"><strong>LDPE-Schrumpffolie <\/strong><\/a>ist Tilak Polypack stolz darauf, erstklassige L\u00f6sungen anzubieten, die den vielf\u00e4ltigen Verpackungsanforderungen von Unternehmen aus verschiedenen Branchen gerecht werden.<\/p>\n<p>Unsere Sammelverpackungsfolien bieten au\u00dfergew\u00f6hnliche Qualit\u00e4t, Zuverl\u00e4ssigkeit und innovative Funktionen, die uns von anderen Anbietern auf dem Markt unterscheiden.<\/p>\n<p>Unser Herstellungsprozess zeichnet sich durch Pr\u00e4zision und Liebe zum Detail aus, um eine gleichbleibende Leistung und Langlebigkeit zu gew\u00e4hrleisten.<\/p>\n<ol>\n<li><strong>Materialauswahl<\/strong>: Wir w\u00e4hlen sorgf\u00e4ltig hochwertige Materialien aus, die speziell f\u00fcr Sammel-Schrumpfanwendungen entwickelt wurden.<\/li>\n<li><strong>Folienextrusion<\/strong>: Mit Hilfe modernster Extrusionsmaschinen verarbeiten wir die ausgew\u00e4hlten Materialien zu Schrumpffolien mit pr\u00e4zisen Abmessungen und optimalen Schrumpfeigenschaften.<\/li>\n<li><strong>Druck und Anpassung<\/strong>: Wir bieten anpassbare Druckoptionen, mit denen Unternehmen ihre Markenpr\u00e4senz und Produktpr\u00e4sentation verbessern k\u00f6nnen.<\/li>\n<\/ol>\n<p>Tilak Polypack ist einer der weltweit f\u00fchrenden Hersteller und Lieferanten von COLLATION SHRINK FILM. Mit Niederlassungen in L\u00e4ndern wie den USA, Singapur, Australien, Deutschland, Kanada, Neuseeland, Gro\u00dfbritannien, Irland, Schottland und Norwegen hat sich Tilak Polypack als zuverl\u00e4ssiger Anbieter von hochwertigem COLLATION SHRINK FILM etabliert.[\/vc_column_text][vc_column_text]<\/p>\n<h2>Bedruckte oder unbedruckte Sammelverpackungsfolie<\/h2>\n<p>Wir bieten Sammelverpackungsfolie in <a href=\"https:\/\/tilakpolypack.com\/de\/bedruckte-pe-folien\/\"><strong>Bedruckte PE-Folien <\/strong><\/a><span data-sheets-root=\"1\">\u00a0<\/span>oder unbedruckter Form an, je nach Kundenwunsch. Bedruckte Verpackungen verleihen dem Produkt eine zus\u00e4tzliche Attraktivit\u00e4t, ohne dabei den Schutz zu beeintr\u00e4chtigen.<\/p>\n<p>Collation Shrink Wrap ist aufgrund der folgenden Vorteile eine hervorragende Alternative zu Wellpappkartons f\u00fcr die Au\u00dfenverpackung:<\/p>\n<ul>\n<li>Kosteng\u00fcnstig im Vergleich zu Wellpappkartons<\/li>\n<li>Geringerer CO2-Fu\u00dfabdruck<\/li>\n<li>Macht das B\u00fcndel wasserdicht und auslaufsicher.<\/li>\n<li>Die Verwendung einer transparenten Folie hilft bei der Vermarktung des Produkts.<\/li>\n<\/ul>\n<p>Unsere Sammelverpackungsfolie ist in verschiedenen St\u00e4rken und Breiten gem\u00e4\u00df den Anforderungen des Kunden erh\u00e4ltlich.<\/p>\n<h3>VERF\u00dcGBARE GR\u00d6SSEN:<\/h3>\n<ul>\n<li>BREITE: 100 MM \u2013 1500 MM<\/li>\n<li>DICKE: 30 MIKRON \u2013 150 MIKRON<\/li>\n<li>FARBEN: TRANSPARENT \/ BLAU<\/li>\n<li>ROLLENGR\u00d6SSE: NACH BEDARF<\/li>\n<li>DRUCK: BIS ZU 4 FARBEN<\/li>\n<\/ul>\n<p>[\/vc_column_text]<section class=\"ts-vc_cta3-container\"><div class=\"ts-vc_general ts-vc_cta3 ts-cta3-only ts-vc_cta3-style-classic ts-vc_cta3-shape-rounded ts-vc_cta3-align-left ts-vc_cta3-color-transparent ts-vc_cta3-icon-size-md ts-vc_cta3-actions-right vc_custom_1756114927513 ts-cta3-with-desc\"><div class=\"ts-vc_cta3_content-container\"><div class=\"ts-vc_cta3-content\"><div class=\"ts-vc_cta3-content-header ts-wrap\"><div class=\"ts-vc_cta3-headers ts-wrap-cell\"><\/div><\/div><div class=\"ts-cta3-content-wrapper\"><p>Bitte kontaktieren Sie uns unter <a href=\"tel:9227422544\">+91-9227422544<\/a> oder senden Sie uns eine E-Mail an <a href=\"mailto:info@tilakpolypack.com\">info@tilakpolypack.com<\/a>, um Angebote oder weitere Informationen zu erhalten.<\/p><\/div><\/div><div class=\"ts-vc_cta3-actions\">\r\n\t\t<div class=\"ts-vc_btn3-container  popmake-8197 ts-vc_btn3-inline\"><a class=\"ts-vc_general ts-vc_btn3 ts-vc_btn3-size-md ts-vc_btn3-shape-rounded ts-vc_btn3-style-flat ts-vc_btn3-weight-yes ts-vc_btn3-color-skincolor\" href=\"\" title=\"\">Anfrage senden<\/a><\/div><\/div><\/div><\/div><\/section>[\/vc_column][\/vc_row]<\/p>\n<\/section>","protected":false},"excerpt":{"rendered":"<p>[vc_row][vc_column][vc_column_text css=&#8221;.vc_custom_1758285177379{padding-top: 20px !important;}&#8221;]Shrinkfolien werden in der Regel zum Verpacken von Getr\u00e4nken und Lebensmitteln w\u00e4hrend des Transports verwendet, um diese vor Besch\u00e4digungen zu sch\u00fctzen. Verpackungsfolien sind eine unverzichtbare Verpackungsl\u00f6sung zum Schutz und zur Sicherung mehrerer Produkte. Sie finden breite Anwendung in verschiedenen Branchen, darunter Lebensmittel und Getr\u00e4nke, Pharmazeutika und Einzelhandel. Beim Zusammenfassen mit Schrumpffolie wird &hellip; <a href=\"https:\/\/tilakpolypack.com\/de\/kollektor-schrumpffolie\/\" class=\"more-link\">Continue reading <span class=\"screen-reader-text\">Kollations-Schrumpffolien<\/span><\/a><\/p>\n","protected":false},"author":1,"featured_media":7989,"parent":0,"menu_order":0,"comment_status":"closed","ping_status":"closed","template":"","meta":{"_acf_changed":false,"om_disable_all_campaigns":false,"_monsterinsights_skip_tracking":false,"_monsterinsights_sitenote_active":false,"_monsterinsights_sitenote_note":"","_monsterinsights_sitenote_category":0,"_uf_show_specific_survey":0,"_uf_disable_surveys":false,"footnotes":""},"class_list":["post-7340","page","type-page","status-publish","has-post-thumbnail","hentry"],"acf":[],"yoast_head":"<!-- This site is optimized with the Yoast SEO plugin v22.3 - https:\/\/yoast.com\/wordpress\/plugins\/seo\/ -->\n<title>Hersteller von Collation-Schrumpffolien \u2013 Tilak Polypack<\/title>\n<meta name=\"description\" content=\"Zuverl\u00e4ssiger Hersteller von Schrumpffolien, der stabile, transparente und kosteng\u00fcnstige Verpackungen f\u00fcr Flaschen, Dosen und Einzelhandelsgebinde anbietet.\" \/>\n<meta name=\"robots\" content=\"index, follow, max-snippet:-1, max-image-preview:large, max-video-preview:-1\" \/>\n<link rel=\"canonical\" href=\"https:\/\/tilakpolypack.com\/de\/kollektor-schrumpffolie\/\" \/>\n<meta property=\"og:locale\" content=\"en_US\" \/>\n<meta property=\"og:type\" content=\"article\" \/>\n<meta property=\"og:title\" content=\"Hersteller von Collation-Schrumpffolien \u2013 Tilak Polypack\" \/>\n<meta property=\"og:description\" content=\"Zuverl\u00e4ssiger Hersteller von Schrumpffolien, der stabile, transparente und kosteng\u00fcnstige Verpackungen f\u00fcr Flaschen, Dosen und Einzelhandelsgebinde anbietet.\" \/>\n<meta property=\"og:url\" content=\"https:\/\/tilakpolypack.com\/de\/kollektor-schrumpffolie\/\" \/>\n<meta property=\"og:site_name\" content=\"Tilak Polypack\" \/>\n<meta property=\"article:modified_time\" content=\"2025-09-19T12:36:24+00:00\" \/>\n<meta property=\"og:image\" content=\"https:\/\/tilakpolypack.com\/de\/wp-content\/uploads\/2023\/10\/Collation-Shrink-Film.jpg\" \/>\n\t<meta property=\"og:image:width\" content=\"760\" \/>\n\t<meta property=\"og:image:height\" content=\"510\" \/>\n\t<meta property=\"og:image:type\" content=\"image\/jpeg\" \/>\n<meta name=\"twitter:card\" content=\"summary_large_image\" \/>\n<meta name=\"twitter:label1\" content=\"Est. reading time\" \/>\n\t<meta name=\"twitter:data1\" content=\"3 minutes\" \/>\n<script type=\"application\/ld+json\" class=\"yoast-schema-graph\">{\"@context\":\"https:\/\/schema.org\",\"@graph\":[{\"@type\":\"WebPage\",\"@id\":\"https:\/\/tilakpolypack.com\/de\/kollektor-schrumpffolie\/\",\"url\":\"https:\/\/tilakpolypack.com\/de\/kollektor-schrumpffolie\/\",\"name\":\"Hersteller von Collation-Schrumpffolien \u2013 Tilak Polypack\",\"isPartOf\":{\"@id\":\"https:\/\/tilakpolypack.com\/de\/#website\"},\"primaryImageOfPage\":{\"@id\":\"https:\/\/tilakpolypack.com\/de\/kollektor-schrumpffolie\/#primaryimage\"},\"image\":{\"@id\":\"https:\/\/tilakpolypack.com\/de\/kollektor-schrumpffolie\/#primaryimage\"},\"thumbnailUrl\":\"https:\/\/tilakpolypack.com\/de\/wp-content\/uploads\/2023\/10\/Collation-Shrink-Film.jpg\",\"datePublished\":\"2023-10-06T10:14:20+00:00\",\"dateModified\":\"2025-09-19T12:36:24+00:00\",\"description\":\"Zuverl\u00e4ssiger Hersteller von Schrumpffolien, der stabile, transparente und kosteng\u00fcnstige Verpackungen f\u00fcr Flaschen, Dosen und Einzelhandelsgebinde anbietet.\",\"inLanguage\":\"en-US\",\"potentialAction\":[{\"@type\":\"ReadAction\",\"target\":[\"https:\/\/tilakpolypack.com\/de\/kollektor-schrumpffolie\/\"]}]},{\"@type\":\"ImageObject\",\"inLanguage\":\"en-US\",\"@id\":\"https:\/\/tilakpolypack.com\/de\/kollektor-schrumpffolie\/#primaryimage\",\"url\":\"https:\/\/tilakpolypack.com\/de\/wp-content\/uploads\/2023\/10\/Collation-Shrink-Film.jpg\",\"contentUrl\":\"https:\/\/tilakpolypack.com\/de\/wp-content\/uploads\/2023\/10\/Collation-Shrink-Film.jpg\",\"width\":760,\"height\":510},{\"@type\":\"WebSite\",\"@id\":\"https:\/\/tilakpolypack.com\/de\/#website\",\"url\":\"https:\/\/tilakpolypack.com\/de\/\",\"name\":\"Tilak Polypack\",\"description\":\"\",\"potentialAction\":[{\"@type\":\"SearchAction\",\"target\":{\"@type\":\"EntryPoint\",\"urlTemplate\":\"https:\/\/tilakpolypack.com\/de\/?s={search_term_string}\"},\"query-input\":\"required name=search_term_string\"}],\"inLanguage\":\"en-US\"}]}<\/script>\n<!-- \/ Yoast SEO plugin. -->","yoast_head_json":{"title":"Hersteller von Collation-Schrumpffolien \u2013 Tilak Polypack","description":"Zuverl\u00e4ssiger Hersteller von Schrumpffolien, der stabile, transparente und kosteng\u00fcnstige Verpackungen f\u00fcr Flaschen, Dosen und Einzelhandelsgebinde anbietet.","robots":{"index":"index","follow":"follow","max-snippet":"max-snippet:-1","max-image-preview":"max-image-preview:large","max-video-preview":"max-video-preview:-1"},"canonical":"https:\/\/tilakpolypack.com\/de\/kollektor-schrumpffolie\/","og_locale":"en_US","og_type":"article","og_title":"Hersteller von Collation-Schrumpffolien \u2013 Tilak Polypack","og_description":"Zuverl\u00e4ssiger Hersteller von Schrumpffolien, der stabile, transparente und kosteng\u00fcnstige Verpackungen f\u00fcr Flaschen, Dosen und Einzelhandelsgebinde anbietet.","og_url":"https:\/\/tilakpolypack.com\/de\/kollektor-schrumpffolie\/","og_site_name":"Tilak Polypack","article_modified_time":"2025-09-19T12:36:24+00:00","og_image":[{"width":760,"height":510,"url":"https:\/\/tilakpolypack.com\/de\/wp-content\/uploads\/2023\/10\/Collation-Shrink-Film.jpg","type":"image\/jpeg"}],"twitter_card":"summary_large_image","twitter_misc":{"Est. reading time":"3 minutes"},"schema":{"@context":"https:\/\/schema.org","@graph":[{"@type":"WebPage","@id":"https:\/\/tilakpolypack.com\/de\/kollektor-schrumpffolie\/","url":"https:\/\/tilakpolypack.com\/de\/kollektor-schrumpffolie\/","name":"Hersteller von Collation-Schrumpffolien \u2013 Tilak Polypack","isPartOf":{"@id":"https:\/\/tilakpolypack.com\/de\/#website"},"primaryImageOfPage":{"@id":"https:\/\/tilakpolypack.com\/de\/kollektor-schrumpffolie\/#primaryimage"},"image":{"@id":"https:\/\/tilakpolypack.com\/de\/kollektor-schrumpffolie\/#primaryimage"},"thumbnailUrl":"https:\/\/tilakpolypack.com\/de\/wp-content\/uploads\/2023\/10\/Collation-Shrink-Film.jpg","datePublished":"2023-10-06T10:14:20+00:00","dateModified":"2025-09-19T12:36:24+00:00","description":"Zuverl\u00e4ssiger Hersteller von Schrumpffolien, der stabile, transparente und kosteng\u00fcnstige Verpackungen f\u00fcr Flaschen, Dosen und Einzelhandelsgebinde anbietet.","inLanguage":"en-US","potentialAction":[{"@type":"ReadAction","target":["https:\/\/tilakpolypack.com\/de\/kollektor-schrumpffolie\/"]}]},{"@type":"ImageObject","inLanguage":"en-US","@id":"https:\/\/tilakpolypack.com\/de\/kollektor-schrumpffolie\/#primaryimage","url":"https:\/\/tilakpolypack.com\/de\/wp-content\/uploads\/2023\/10\/Collation-Shrink-Film.jpg","contentUrl":"https:\/\/tilakpolypack.com\/de\/wp-content\/uploads\/2023\/10\/Collation-Shrink-Film.jpg","width":760,"height":510},{"@type":"WebSite","@id":"https:\/\/tilakpolypack.com\/de\/#website","url":"https:\/\/tilakpolypack.com\/de\/","name":"Tilak Polypack","description":"","potentialAction":[{"@type":"SearchAction","target":{"@type":"EntryPoint","urlTemplate":"https:\/\/tilakpolypack.com\/de\/?s={search_term_string}"},"query-input":"required name=search_term_string"}],"inLanguage":"en-US"}]}},"_links":{"self":[{"href":"https:\/\/tilakpolypack.com\/de\/wp-json\/wp\/v2\/pages\/7340","targetHints":{"allow":["GET"]}}],"collection":[{"href":"https:\/\/tilakpolypack.com\/de\/wp-json\/wp\/v2\/pages"}],"about":[{"href":"https:\/\/tilakpolypack.com\/de\/wp-json\/wp\/v2\/types\/page"}],"author":[{"embeddable":true,"href":"https:\/\/tilakpolypack.com\/de\/wp-json\/wp\/v2\/users\/1"}],"replies":[{"embeddable":true,"href":"https:\/\/tilakpolypack.com\/de\/wp-json\/wp\/v2\/comments?post=7340"}],"version-history":[{"count":4,"href":"https:\/\/tilakpolypack.com\/de\/wp-json\/wp\/v2\/pages\/7340\/revisions"}],"predecessor-version":[{"id":10265,"href":"https:\/\/tilakpolypack.com\/de\/wp-json\/wp\/v2\/pages\/7340\/revisions\/10265"}],"wp:featuredmedia":[{"embeddable":true,"href":"https:\/\/tilakpolypack.com\/de\/wp-json\/wp\/v2\/media\/7989"}],"wp:attachment":[{"href":"https:\/\/tilakpolypack.com\/de\/wp-json\/wp\/v2\/media?parent=7340"}],"curies":[{"name":"wp","href":"https:\/\/api.w.org\/{rel}","templated":true}]}}