{"id":7339,"date":"2023-10-06T10:13:54","date_gmt":"2023-10-06T10:13:54","guid":{"rendered":"https:\/\/archiveyourwords.com\/tilak\/?page_id=7339"},"modified":"2025-09-19T12:28:29","modified_gmt":"2025-09-19T12:28:29","slug":"kunststoff-stretchfolie","status":"publish","type":"page","link":"https:\/\/tilakpolypack.com\/de\/kunststoff-stretchfolie\/","title":{"rendered":"Kunststoff-Stretchfolie"},"content":{"rendered":"<section class=\"wpb-content-wrapper\"><p>[vc_row][vc_column][vc_column_text css=&#8221;.vc_custom_1758284851957{padding-top: 20px !important;}&#8221;]Kunststoff-Stretchfolien sind flexible und elastische Verpackungsmaterialien, die zum Sichern und Sch\u00fctzen von Gegenst\u00e4nden w\u00e4hrend des Transports und der Lagerung verwendet werden. Sie werden aus Polyethylen oder <a href=\"https:\/\/tilakpolypack.com\/de\/bedruckte-pe-folien\/\"><strong>Bedruckte PE-Folien <\/strong><\/a> Materialien hergestellt, die zu d\u00fcnnen Folien extrudiert und anschlie\u00dfend in beide Richtungen gedehnt werden, um ihre Festigkeit und Dehnbarkeit zu verbessern.<\/p>\n<p>Dieser Prozess erzeugt eine fest umwickelte und gesicherte Verpackung um die Waren, die verhindert, dass Staub, Feuchtigkeit und andere Verunreinigungen in den Inhalt gelangen. Kunststoff-Stretchfolien sind in verschiedenen St\u00e4rken und Gr\u00f6\u00dfen erh\u00e4ltlich, um unterschiedlichen Verpackungsanforderungen gerecht zu werden.<\/p>\n<p>Sie bieten eine hervorragende Durchsto\u00dffestigkeit, Rei\u00dffestigkeit und Belastbarkeit und sorgen daf\u00fcr, dass die verpackten Artikel unversehrt und gesch\u00fctzt bleiben. Diese Folien werden h\u00e4ufig in der Logistik, im Einzelhandel und in der Fertigungsindustrie zum Palettieren, B\u00fcndeln und Vereinheitlichen von Waren eingesetzt.<\/p>\n<p>Sie bieten kosteng\u00fcnstige und effiziente Verpackungsl\u00f6sungen, minimieren Produktsch\u00e4den, reduzieren Verpackungsabf\u00e4lle und erleichtern die Identifizierung und Handhabung der verpackten Artikel.[\/vc_column_text][vc_column_text]<\/p>\n<h2>Hersteller von Kunststoff-Stretchfolien<\/h2>\n<p>Bei Tilak Polypack sind wir auf die Herstellung von Kunststoff-Stretchfolien spezialisiert, die sich durch h\u00f6chste Qualit\u00e4t und au\u00dfergew\u00f6hnliche Leistungsf\u00e4higkeit auszeichnen. Unsere <a href=\"https:\/\/tilakpolypack.com\/de\/kunststoff-mulchfolie\/\"><strong>Kunststoff-Mulchfolie <\/strong><\/a> werden mit modernsten Maschinen und hochwertigen Polyethylen-Materialien hergestellt.<\/p>\n<p>Der Herstellungsprozess beginnt mit der Extrusion von Polyethylenharz zu d\u00fcnnen Folien. Diese Folien werden dann in eine spezielle Streckmaschine eingef\u00fchrt, wo sie sowohl in L\u00e4ngs- als auch in Querrichtung gestreckt werden. Dieser Streckprozess verbessert die Zugfestigkeit und Elastizit\u00e4t der Folie und gew\u00e4hrleistet, dass sie verschiedene Arten von Waren sicher umh\u00fcllen kann.<\/p>\n<p>Tilak Polypack ist einer der weltweit f\u00fchrenden Hersteller und Lieferanten von KUNSTSTOFF-STRETCHFOLIE. Mit Niederlassungen in L\u00e4ndern wie den USA, Singapur, Australien, Deutschland, Kanada, Neuseeland, Gro\u00dfbritannien, Irland, Schottland und Norwegen hat sich Tilak Polypack als zuverl\u00e4ssiger Anbieter von hochwertiger KUNSTSTOFF-<a href=\"https:\/\/tilakpolypack.com\/de\/stretchfolie\/\"><strong>STRETCHFOLIE<\/strong><\/a> etabliert.<\/p>\n<p>Unsere Kunststoff-Stretchfolien zeichnen sich durch mehrere wichtige Merkmale aus, die sie von anderen Produkten auf dem Markt unterscheiden. Zu diesen Merkmalen geh\u00f6ren:<\/p>\n<table>\n<thead>\n<tr>\n<th>Feature<\/th>\n<th>Description<\/th>\n<\/tr>\n<\/thead>\n<tbody>\n<tr>\n<td>Protection Against Dust \/ Dirt<\/td>\n<td>Yes<\/td>\n<\/tr>\n<tr>\n<td>Waterproof Packaging<\/td>\n<td>Helps make packaging waterproof when wrapped around paper containers<\/td>\n<\/tr>\n<tr>\n<td>Visual Inspection<\/td>\n<td>Helps for Visual Inspection<\/td>\n<\/tr>\n<tr>\n<td>Cost Effectiveness<\/td>\n<td>More Cost effective compared to Straps \/ Shrink \/ Corrugation<\/td>\n<\/tr>\n<tr>\n<td>Wrapping Options<\/td>\n<td>Available for Manual Wrapping \/ Machine Wrapping<\/td>\n<\/tr>\n<tr>\n<td>Standard Widths<\/td>\n<td>50 mm \/ 100 mm \/ 150 mm \/ 200 mm \/ 300 mm \/ 450 mm \/ 500 mm \/ 600 mm (Other Widths available on request. Max Width 1.5 Meters)<\/td>\n<\/tr>\n<tr>\n<td>Standard Thickness<\/td>\n<td>12 Micron \/ 15 Micron \/ 18 Micron \/ 23 Micron \/ 29 Micron (Other Thickness Available on request)<\/td>\n<\/tr>\n<tr>\n<td>Standard Colours<\/td>\n<td>Natural \/ Opaque White \/ Blue \/ Black (Other colours available on request)<\/td>\n<\/tr>\n<tr>\n<td>Standard Core ID<\/td>\n<td>25 mm \/ 31 mm \/ 76.2 mm<\/td>\n<\/tr>\n<tr>\n<td>Special Additives<\/td>\n<td>UV Protection \/ VCI \/ Antistatic<\/td>\n<\/tr>\n<\/tbody>\n<\/table>\n<p>Als f\u00fchrender Hersteller von Kunststoff-Stretchfolien legen wir gr\u00f6\u00dften Wert auf Qualit\u00e4t, Langlebigkeit und Kundenzufriedenheit. Wir investieren in fortschrittliche Technologien und strenge Qualit\u00e4tskontrollen, um Produkte zu liefern, die den h\u00f6chsten Industriestandards entsprechen.[\/vc_column_text][vc_column_text]<\/p>\n<h2>Wie w\u00e4hlt man Kunststoff-Stretchfolien aus?<\/h2>\n<ol>\n<li><strong>Ber\u00fccksichtigen Sie die Belastungsanforderungen<\/strong>: Bewerten Sie Gewicht, Gr\u00f6\u00dfe und Form, um die geeignete Folienst\u00e4rke und -festigkeit zu bestimmen.<\/li>\n<li><strong>Achten Sie auf Dehnbarkeit<\/strong>: W\u00e4hlen Sie Folien, die sich dehnen lassen, um unterschiedliche Ladungsgr\u00f6\u00dfen und -formen aufzunehmen.<\/li>\n<li><strong>Priorisieren Sie die Ladungsstabilit\u00e4t<\/strong>: W\u00e4hlen Sie Folien mit hervorragenden Halteeigenschaften, um ein Verrutschen w\u00e4hrend des Transports zu verhindern.<\/li>\n<li><strong>Pannensicherheit gew\u00e4hrleisten<\/strong>: Entscheiden Sie sich f\u00fcr Folien, die Besch\u00e4digungen durch scharfe Kanten oder unsachgem\u00e4\u00dfe Handhabung standhalten.<\/li>\n<li><strong>Kompatibilit\u00e4t pr\u00fcfen:<\/strong>\u00a0Vergewissern Sie sich, dass die Folie mit Ihrer Verpackungsanlage kompatibel ist, um eine effiziente Verpackung zu gew\u00e4hrleisten.<\/li>\n<li><strong>Transparenz anstreben<\/strong>: W\u00e4hlen Sie Folien, die Klarheit bieten, um die Produktidentifizierung und das Scannen von Barcodes zu erleichtern.<\/li>\n<li><strong>Ber\u00fccksichtigen Sie die Anwendungsspezifit\u00e4t<\/strong>: Bewerten Sie die Eignung der Folie f\u00fcr Ihre Branche oder Umgebung.<\/li>\n<li><strong>W\u00e4hlen Sie einen renommierten Lieferanten f\u00fcr Stretchfolien<\/strong>: Arbeiten Sie mit Tilak Polypack zusammen, um hochwertige Kunststoff-Stretchfolien und einen au\u00dfergew\u00f6hnlichen Service zu erhalten.<\/li>\n<\/ol>\n<p>Die Ber\u00fccksichtigung dieser Faktoren und die Zusammenarbeit mit einem zuverl\u00e4ssigen Stretchfolienlieferanten stellen sicher, dass die ausgew\u00e4hlten Kunststoff-Stretchfolien Ihren Verpackungsanforderungen entsprechen und zur betrieblichen Effizienz beitragen.<\/p>\n<p>Unser Expertenteam ist bestrebt, ma\u00dfgeschneiderte L\u00f6sungen, schnellen Service und wettbewerbsf\u00e4hige Preise anzubieten, was uns zur ersten Wahl f\u00fcr Unternehmen macht, die zuverl\u00e4ssige und effiziente Verpackungsl\u00f6sungen suchen.[\/vc_column_text]<section class=\"ts-vc_cta3-container\"><div class=\"ts-vc_general ts-vc_cta3 ts-cta3-only ts-vc_cta3-style-classic ts-vc_cta3-shape-rounded ts-vc_cta3-align-left ts-vc_cta3-color-transparent ts-vc_cta3-icon-size-md ts-vc_cta3-actions-right vc_custom_1756125490166 ts-cta3-with-desc\"><div class=\"ts-vc_cta3_content-container\"><div class=\"ts-vc_cta3-content\"><div class=\"ts-vc_cta3-content-header ts-wrap\"><div class=\"ts-vc_cta3-headers ts-wrap-cell\"><\/div><\/div><div class=\"ts-cta3-content-wrapper\"><p>Bitte kontaktieren Sie uns unter <a href=\"tel:9227422544\">+91-9227422544<\/a> oder senden Sie uns eine E-Mail an <a href=\"mailto:info@tilakpolypack.com\">info@tilakpolypack.com<\/a>, um Angebote oder weitere Informationen zu erhalten.<\/p><\/div><\/div><div class=\"ts-vc_cta3-actions\">\r\n\t\t<div class=\"ts-vc_btn3-container  popmake-8197 ts-vc_btn3-inline\"><a class=\"ts-vc_general ts-vc_btn3 ts-vc_btn3-size-md ts-vc_btn3-shape-rounded ts-vc_btn3-style-flat ts-vc_btn3-weight-yes ts-vc_btn3-color-skincolor\" href=\"\" title=\"\">Anfrage senden<\/a><\/div><\/div><\/div><\/div><\/section>[\/vc_column][\/vc_row]<\/p>\n<\/section>","protected":false},"excerpt":{"rendered":"<p>[vc_row][vc_column][vc_column_text css=&#8221;.vc_custom_1758284851957{padding-top: 20px !important;}&#8221;]Kunststoff-Stretchfolien sind flexible und elastische Verpackungsmaterialien, die zum Sichern und Sch\u00fctzen von Gegenst\u00e4nden w\u00e4hrend des Transports und der Lagerung verwendet werden. Sie werden aus Polyethylen oder Bedruckte PE-Folien Materialien hergestellt, die zu d\u00fcnnen Folien extrudiert und anschlie\u00dfend in beide Richtungen gedehnt werden, um ihre Festigkeit und Dehnbarkeit zu verbessern. Dieser Prozess erzeugt &hellip; <a href=\"https:\/\/tilakpolypack.com\/de\/kunststoff-stretchfolie\/\" class=\"more-link\">Continue reading <span class=\"screen-reader-text\">Kunststoff-Stretchfolie<\/span><\/a><\/p>\n","protected":false},"author":1,"featured_media":7986,"parent":0,"menu_order":0,"comment_status":"closed","ping_status":"closed","template":"","meta":{"_acf_changed":false,"om_disable_all_campaigns":false,"_monsterinsights_skip_tracking":false,"_monsterinsights_sitenote_active":false,"_monsterinsights_sitenote_note":"","_monsterinsights_sitenote_category":0,"_uf_show_specific_survey":0,"_uf_disable_surveys":false,"footnotes":""},"class_list":["post-7339","page","type-page","status-publish","has-post-thumbnail","hentry"],"acf":[],"yoast_head":"<!-- This site is optimized with the Yoast SEO plugin v22.3 - https:\/\/yoast.com\/wordpress\/plugins\/seo\/ -->\n<title>Lieferant von Kunststoff-Stretchfolien | Tilak Polypack<\/title>\n<meta name=\"description\" content=\"Tilak Polypack liefert vielseitige Kunststoff-Stretchfolien: Maschinen-, vorgespannte (Hand-), gegossene und geblasene Typen.\" \/>\n<meta name=\"robots\" content=\"index, follow, max-snippet:-1, max-image-preview:large, max-video-preview:-1\" \/>\n<link rel=\"canonical\" href=\"https:\/\/tilakpolypack.com\/de\/kunststoff-stretchfolie\/\" \/>\n<meta property=\"og:locale\" content=\"en_US\" \/>\n<meta property=\"og:type\" content=\"article\" \/>\n<meta property=\"og:title\" content=\"Lieferant von Kunststoff-Stretchfolien | Tilak Polypack\" \/>\n<meta property=\"og:description\" content=\"Tilak Polypack liefert vielseitige Kunststoff-Stretchfolien: Maschinen-, vorgespannte (Hand-), gegossene und geblasene Typen.\" \/>\n<meta property=\"og:url\" content=\"https:\/\/tilakpolypack.com\/de\/kunststoff-stretchfolie\/\" \/>\n<meta property=\"og:site_name\" content=\"Tilak Polypack\" \/>\n<meta property=\"article:modified_time\" content=\"2025-09-19T12:28:29+00:00\" \/>\n<meta property=\"og:image\" content=\"https:\/\/tilakpolypack.com\/de\/wp-content\/uploads\/2023\/10\/Plastic-Stretch-Film.jpg\" \/>\n\t<meta property=\"og:image:width\" content=\"760\" \/>\n\t<meta property=\"og:image:height\" content=\"510\" \/>\n\t<meta property=\"og:image:type\" content=\"image\/jpeg\" \/>\n<meta name=\"twitter:card\" content=\"summary_large_image\" \/>\n<meta name=\"twitter:label1\" content=\"Est. reading time\" \/>\n\t<meta name=\"twitter:data1\" content=\"4 minutes\" \/>\n<script type=\"application\/ld+json\" class=\"yoast-schema-graph\">{\"@context\":\"https:\/\/schema.org\",\"@graph\":[{\"@type\":\"WebPage\",\"@id\":\"https:\/\/tilakpolypack.com\/de\/kunststoff-stretchfolie\/\",\"url\":\"https:\/\/tilakpolypack.com\/de\/kunststoff-stretchfolie\/\",\"name\":\"Lieferant von Kunststoff-Stretchfolien | Tilak Polypack\",\"isPartOf\":{\"@id\":\"https:\/\/tilakpolypack.com\/de\/#website\"},\"primaryImageOfPage\":{\"@id\":\"https:\/\/tilakpolypack.com\/de\/kunststoff-stretchfolie\/#primaryimage\"},\"image\":{\"@id\":\"https:\/\/tilakpolypack.com\/de\/kunststoff-stretchfolie\/#primaryimage\"},\"thumbnailUrl\":\"https:\/\/tilakpolypack.com\/de\/wp-content\/uploads\/2023\/10\/Plastic-Stretch-Film.jpg\",\"datePublished\":\"2023-10-06T10:13:54+00:00\",\"dateModified\":\"2025-09-19T12:28:29+00:00\",\"description\":\"Tilak Polypack liefert vielseitige Kunststoff-Stretchfolien: Maschinen-, vorgespannte (Hand-), gegossene und geblasene Typen.\",\"inLanguage\":\"en-US\",\"potentialAction\":[{\"@type\":\"ReadAction\",\"target\":[\"https:\/\/tilakpolypack.com\/de\/kunststoff-stretchfolie\/\"]}]},{\"@type\":\"ImageObject\",\"inLanguage\":\"en-US\",\"@id\":\"https:\/\/tilakpolypack.com\/de\/kunststoff-stretchfolie\/#primaryimage\",\"url\":\"https:\/\/tilakpolypack.com\/de\/wp-content\/uploads\/2023\/10\/Plastic-Stretch-Film.jpg\",\"contentUrl\":\"https:\/\/tilakpolypack.com\/de\/wp-content\/uploads\/2023\/10\/Plastic-Stretch-Film.jpg\",\"width\":760,\"height\":510},{\"@type\":\"WebSite\",\"@id\":\"https:\/\/tilakpolypack.com\/de\/#website\",\"url\":\"https:\/\/tilakpolypack.com\/de\/\",\"name\":\"Tilak Polypack\",\"description\":\"\",\"potentialAction\":[{\"@type\":\"SearchAction\",\"target\":{\"@type\":\"EntryPoint\",\"urlTemplate\":\"https:\/\/tilakpolypack.com\/de\/?s={search_term_string}\"},\"query-input\":\"required name=search_term_string\"}],\"inLanguage\":\"en-US\"}]}<\/script>\n<!-- \/ Yoast SEO plugin. -->","yoast_head_json":{"title":"Lieferant von Kunststoff-Stretchfolien | Tilak Polypack","description":"Tilak Polypack liefert vielseitige Kunststoff-Stretchfolien: Maschinen-, vorgespannte (Hand-), gegossene und geblasene Typen.","robots":{"index":"index","follow":"follow","max-snippet":"max-snippet:-1","max-image-preview":"max-image-preview:large","max-video-preview":"max-video-preview:-1"},"canonical":"https:\/\/tilakpolypack.com\/de\/kunststoff-stretchfolie\/","og_locale":"en_US","og_type":"article","og_title":"Lieferant von Kunststoff-Stretchfolien | Tilak Polypack","og_description":"Tilak Polypack liefert vielseitige Kunststoff-Stretchfolien: Maschinen-, vorgespannte (Hand-), gegossene und geblasene Typen.","og_url":"https:\/\/tilakpolypack.com\/de\/kunststoff-stretchfolie\/","og_site_name":"Tilak Polypack","article_modified_time":"2025-09-19T12:28:29+00:00","og_image":[{"width":760,"height":510,"url":"https:\/\/tilakpolypack.com\/de\/wp-content\/uploads\/2023\/10\/Plastic-Stretch-Film.jpg","type":"image\/jpeg"}],"twitter_card":"summary_large_image","twitter_misc":{"Est. reading time":"4 minutes"},"schema":{"@context":"https:\/\/schema.org","@graph":[{"@type":"WebPage","@id":"https:\/\/tilakpolypack.com\/de\/kunststoff-stretchfolie\/","url":"https:\/\/tilakpolypack.com\/de\/kunststoff-stretchfolie\/","name":"Lieferant von Kunststoff-Stretchfolien | Tilak Polypack","isPartOf":{"@id":"https:\/\/tilakpolypack.com\/de\/#website"},"primaryImageOfPage":{"@id":"https:\/\/tilakpolypack.com\/de\/kunststoff-stretchfolie\/#primaryimage"},"image":{"@id":"https:\/\/tilakpolypack.com\/de\/kunststoff-stretchfolie\/#primaryimage"},"thumbnailUrl":"https:\/\/tilakpolypack.com\/de\/wp-content\/uploads\/2023\/10\/Plastic-Stretch-Film.jpg","datePublished":"2023-10-06T10:13:54+00:00","dateModified":"2025-09-19T12:28:29+00:00","description":"Tilak Polypack liefert vielseitige Kunststoff-Stretchfolien: Maschinen-, vorgespannte (Hand-), gegossene und geblasene Typen.","inLanguage":"en-US","potentialAction":[{"@type":"ReadAction","target":["https:\/\/tilakpolypack.com\/de\/kunststoff-stretchfolie\/"]}]},{"@type":"ImageObject","inLanguage":"en-US","@id":"https:\/\/tilakpolypack.com\/de\/kunststoff-stretchfolie\/#primaryimage","url":"https:\/\/tilakpolypack.com\/de\/wp-content\/uploads\/2023\/10\/Plastic-Stretch-Film.jpg","contentUrl":"https:\/\/tilakpolypack.com\/de\/wp-content\/uploads\/2023\/10\/Plastic-Stretch-Film.jpg","width":760,"height":510},{"@type":"WebSite","@id":"https:\/\/tilakpolypack.com\/de\/#website","url":"https:\/\/tilakpolypack.com\/de\/","name":"Tilak Polypack","description":"","potentialAction":[{"@type":"SearchAction","target":{"@type":"EntryPoint","urlTemplate":"https:\/\/tilakpolypack.com\/de\/?s={search_term_string}"},"query-input":"required name=search_term_string"}],"inLanguage":"en-US"}]}},"_links":{"self":[{"href":"https:\/\/tilakpolypack.com\/de\/wp-json\/wp\/v2\/pages\/7339","targetHints":{"allow":["GET"]}}],"collection":[{"href":"https:\/\/tilakpolypack.com\/de\/wp-json\/wp\/v2\/pages"}],"about":[{"href":"https:\/\/tilakpolypack.com\/de\/wp-json\/wp\/v2\/types\/page"}],"author":[{"embeddable":true,"href":"https:\/\/tilakpolypack.com\/de\/wp-json\/wp\/v2\/users\/1"}],"replies":[{"embeddable":true,"href":"https:\/\/tilakpolypack.com\/de\/wp-json\/wp\/v2\/comments?post=7339"}],"version-history":[{"count":7,"href":"https:\/\/tilakpolypack.com\/de\/wp-json\/wp\/v2\/pages\/7339\/revisions"}],"predecessor-version":[{"id":10262,"href":"https:\/\/tilakpolypack.com\/de\/wp-json\/wp\/v2\/pages\/7339\/revisions\/10262"}],"wp:featuredmedia":[{"embeddable":true,"href":"https:\/\/tilakpolypack.com\/de\/wp-json\/wp\/v2\/media\/7986"}],"wp:attachment":[{"href":"https:\/\/tilakpolypack.com\/de\/wp-json\/wp\/v2\/media?parent=7339"}],"curies":[{"name":"wp","href":"https:\/\/api.w.org\/{rel}","templated":true}]}}