{"id":7337,"date":"2023-10-06T10:13:30","date_gmt":"2023-10-06T10:13:30","guid":{"rendered":"https:\/\/archiveyourwords.com\/tilak\/?page_id=7337"},"modified":"2025-09-19T12:09:42","modified_gmt":"2025-09-19T12:09:42","slug":"ldpe-schrumpffolie","status":"publish","type":"page","link":"https:\/\/tilakpolypack.com\/de\/ldpe-schrumpffolie\/","title":{"rendered":"LDPE-Schrumpffolie"},"content":{"rendered":"<section class=\"wpb-content-wrapper\"><p>[vc_row][vc_column][vc_column_text css=&#8221;.vc_custom_1758283570553{padding-top: 20px !important;}&#8221;]<\/p>\n<h2>LDPE-Schrumpffolie<\/h2>\n<p>LDPE-Schrumpffolie oder bestrahlte Schrumpffolie aus Polyethylen niedriger Dichte ist ein vielseitiges <a href=\"https:\/\/tilakpolypack.com\/de\/verpackungsfolien\/\"><strong>Verpackungsfolien<\/strong><\/a>, das f\u00fcr seine au\u00dfergew\u00f6hnlichen Schrumpfeigenschaften bekannt ist. Sie wird h\u00e4ufig in verschiedenen Branchen f\u00fcr Verpackungszwecke verwendet, bietet hervorragenden Schutz und verbessert die optische Attraktivit\u00e4t von Produkten.<\/p>\n<p>Bei der Herstellung von LDPE-Schrumpffolien wird das Material einer Strahlung ausgesetzt, wodurch die Folie bei Hitzeeinwirkung schrumpft. Durch diese Schrumpfung passt sich die Folie eng an die Form des Produkts an und sorgt so f\u00fcr eine sichere und professionelle Verpackungsl\u00f6sung.<\/p>\n<p>LDPE-Schrumpffolie bietet Vorteile wie Haltbarkeit, Transparenz und Rei\u00dffestigkeit und eignet sich daher f\u00fcr eine Vielzahl von Anwendungen. Ob zum B\u00fcndeln von Produkten, zum Sichern von Waren oder zur Verbesserung der Produktpr\u00e4sentation \u2013 <a href=\"https:\/\/tilakpolypack.com\/de\/bedruckte-pe-folien\/\"><strong>Bedruckte PE-Folien <\/strong><\/a> ist eine zuverl\u00e4ssige und optisch ansprechende Verpackungsl\u00f6sung.[\/vc_column_text][vc_column_text]<\/p>\n<h2>Herstellung von LDPE-Schrumpffolie<\/h2>\n<p>Tilak Polypack ist ein f\u00fchrender Hersteller von LDPE-Schrumpffolien, der hochwertige Produkte anbietet und sich in der Branche einen Namen gemacht hat.<\/p>\n<p>Mithilfe modernster Technologie extrudieren wir LDPE-Harz zu d\u00fcnnen Folien. Eine pr\u00e4zise W\u00e4rmebehandlung und kontrollierte K\u00fchlung gew\u00e4hrleisten hervorragende Transparenz, Schrumpfeigenschaften und eine gleichm\u00e4\u00dfige Dicke.<\/p>\n<p>Tilak Polypack ist einer der weltweit f\u00fchrenden <a href=\"https:\/\/tilakpolypack.com\/de\/ldpe-schrumpffolie\/\"><strong>Hersteller und Lieferanten von LDPE-SCHRUMPFFOLIE<\/strong><\/a>. Mit Niederlassungen in L\u00e4ndern wie den USA, Singapur, Australien, Deutschland, Kanada, Neuseeland, Gro\u00dfbritannien, Irland, Schottland und Norwegen hat sich Tilak Polypack als zuverl\u00e4ssiger Anbieter von hochwertiger LDPE-SCHRUMPFFOLIE etabliert.[\/vc_column_text][vc_column_text]<\/p>\n<h2>Eigenschaften der Tilak Polypack LDPE-Schrumpffolie:<\/h2>\n<ul>\n<li>Erhebliche Kosteneinsparungen gegen\u00fcber Verpackungen aus Wellpappe<\/li>\n<li>Einfache Entsorgung nach Gebrauch<\/li>\n<li>Geringere Versandkosten (aufgrund von Platz- und Gewichtseinsparungen)<\/li>\n<li>Schutz vor Feuchtigkeit, Staub und Schmutz<\/li>\n<li>Direkte Lagerung im K\u00fchlschrank, Eis, Wasser<\/li>\n<li>Manipulationssichere Verpackung<\/li>\n<li>Einsparungen bei Lagerfl\u00e4che<\/li>\n<li>Erh\u00e4ltlich in Beutelform \/ Rollenform<\/li>\n<li>Verf\u00fcgbare Breiten: 150 mm \u2013 2000 mm<\/li>\n<li>Dicke: ab 35 Mikrometer<\/li>\n<li>Farben: Naturfarben \/ Opakwei\u00df<\/li>\n<li>Spezielle Additive: UV-Schutz \/ VCI \/ Antistatisch<\/li>\n<\/ul>\n<p>[\/vc_column_text][vc_column_text]<\/p>\n<h2>Warum Sie sich f\u00fcr Tilak Polypack als Hersteller von LDPE-Schrumpffolien entscheiden sollten:<\/h2>\n<ol>\n<li><strong>Qualit\u00e4tssicherung<\/strong>: Wir legen gro\u00dfen Wert auf strenge Qualit\u00e4tskontrollen, um eine gleichbleibend hohe Qualit\u00e4t zu gew\u00e4hrleisten.<\/li>\n<li><strong>Erfahrung<\/strong>: Dank unserer langj\u00e4hrigen Erfahrung verf\u00fcgen wir \u00fcber fundierte Kenntnisse und Fachkompetenz in der Lieferung erstklassiger Produkte.<\/li>\n<li><strong>Kundenorientierter Ansatz<\/strong>: Wir verstehen individuelle Verpackungsanforderungen und bieten ma\u00dfgeschneiderte L\u00f6sungen.<\/li>\n<li><strong>P\u00fcnktliche Lieferung<\/strong>: Wir verpflichten uns, Produkte p\u00fcnktlich zu liefern und einen unterbrechungsfreien Betrieb zu gew\u00e4hrleisten.<\/li>\n<li><strong>Wettbewerbsf\u00e4hige Preise<\/strong>: Unsere LDPE-Schrumpffolien sind preislich wettbewerbsf\u00e4hig, ohne dass dabei Abstriche bei der Qualit\u00e4t gemacht werden.<\/li>\n<\/ol>\n<p>[\/vc_column_text]<section class=\"ts-vc_cta3-container\"><div class=\"ts-vc_general ts-vc_cta3 ts-cta3-only ts-vc_cta3-style-classic ts-vc_cta3-shape-rounded ts-vc_cta3-align-left ts-vc_cta3-color-transparent ts-vc_cta3-icon-size-md ts-vc_cta3-actions-right vc_custom_1756122547022 ts-cta3-with-desc\"><div class=\"ts-vc_cta3_content-container\"><div class=\"ts-vc_cta3-content\"><div class=\"ts-vc_cta3-content-header ts-wrap\"><div class=\"ts-vc_cta3-headers ts-wrap-cell\"><\/div><\/div><div class=\"ts-cta3-content-wrapper\"><p>Bitte kontaktieren Sie uns unter <a href=\"tel:9227422544\">+91-9227422544<\/a> oder senden Sie uns eine E-Mail an <a href=\"mailto:info@tilakpolypack.com\">info@tilakpolypack.com<\/a>, um Angebote oder weitere Informationen zu erhalten.<\/p><\/div><\/div><div class=\"ts-vc_cta3-actions\">\r\n\t\t<div class=\"ts-vc_btn3-container  popmake-8197 ts-vc_btn3-inline\"><a class=\"ts-vc_general ts-vc_btn3 ts-vc_btn3-size-md ts-vc_btn3-shape-rounded ts-vc_btn3-style-flat ts-vc_btn3-weight-yes ts-vc_btn3-color-skincolor\" href=\"\" title=\"\">Anfrage senden<\/a><\/div><\/div><\/div><\/div><\/section>[\/vc_column][\/vc_row]<\/p>\n<\/section>","protected":false},"excerpt":{"rendered":"<p>[vc_row][vc_column][vc_column_text css=&#8221;.vc_custom_1758283570553{padding-top: 20px !important;}&#8221;] LDPE-Schrumpffolie LDPE-Schrumpffolie oder bestrahlte Schrumpffolie aus Polyethylen niedriger Dichte ist ein vielseitiges Verpackungsfolien, das f\u00fcr seine au\u00dfergew\u00f6hnlichen Schrumpfeigenschaften bekannt ist. Sie wird h\u00e4ufig in verschiedenen Branchen f\u00fcr Verpackungszwecke verwendet, bietet hervorragenden Schutz und verbessert die optische Attraktivit\u00e4t von Produkten. Bei der Herstellung von LDPE-Schrumpffolien wird das Material einer Strahlung ausgesetzt, wodurch &hellip; <a href=\"https:\/\/tilakpolypack.com\/de\/ldpe-schrumpffolie\/\" class=\"more-link\">Continue reading <span class=\"screen-reader-text\">LDPE-Schrumpffolie<\/span><\/a><\/p>\n","protected":false},"author":1,"featured_media":7979,"parent":0,"menu_order":0,"comment_status":"closed","ping_status":"closed","template":"","meta":{"_acf_changed":false,"om_disable_all_campaigns":false,"_monsterinsights_skip_tracking":false,"_monsterinsights_sitenote_active":false,"_monsterinsights_sitenote_note":"","_monsterinsights_sitenote_category":0,"_uf_show_specific_survey":0,"_uf_disable_surveys":false,"footnotes":""},"class_list":["post-7337","page","type-page","status-publish","has-post-thumbnail","hentry"],"acf":[],"yoast_head":"<!-- This site is optimized with the Yoast SEO plugin v22.3 - https:\/\/yoast.com\/wordpress\/plugins\/seo\/ -->\n<title>Hersteller von LDPE-Schrumpffolien \u2013 Polyethylen-Schrumpffolienrollen<\/title>\n<meta name=\"description\" content=\"Tilak Polypack liefert hochwertige LDPE-Schrumpffolien \u2013 flexibel, sicher und ideal f\u00fcr Einzelhandels-, Lebensmittel- und Industrieverpackungen.\" \/>\n<meta name=\"robots\" content=\"index, follow, max-snippet:-1, max-image-preview:large, max-video-preview:-1\" \/>\n<link rel=\"canonical\" href=\"https:\/\/tilakpolypack.com\/de\/ldpe-schrumpffolie\/\" \/>\n<meta property=\"og:locale\" content=\"en_US\" \/>\n<meta property=\"og:type\" content=\"article\" \/>\n<meta property=\"og:title\" content=\"Hersteller von LDPE-Schrumpffolien \u2013 Polyethylen-Schrumpffolienrollen\" \/>\n<meta property=\"og:description\" content=\"Tilak Polypack liefert hochwertige LDPE-Schrumpffolien \u2013 flexibel, sicher und ideal f\u00fcr Einzelhandels-, Lebensmittel- und Industrieverpackungen.\" \/>\n<meta property=\"og:url\" content=\"https:\/\/tilakpolypack.com\/de\/ldpe-schrumpffolie\/\" \/>\n<meta property=\"og:site_name\" content=\"Tilak Polypack\" \/>\n<meta property=\"article:modified_time\" content=\"2025-09-19T12:09:42+00:00\" \/>\n<meta property=\"og:image\" content=\"https:\/\/tilakpolypack.com\/de\/wp-content\/uploads\/2023\/10\/Fiji_Waters_bottles-768x512-1.jpg\" \/>\n\t<meta property=\"og:image:width\" content=\"768\" \/>\n\t<meta property=\"og:image:height\" content=\"512\" \/>\n\t<meta property=\"og:image:type\" content=\"image\/jpeg\" \/>\n<meta name=\"twitter:card\" content=\"summary_large_image\" \/>\n<meta name=\"twitter:label1\" content=\"Est. reading time\" \/>\n\t<meta name=\"twitter:data1\" content=\"2 minutes\" \/>\n<script type=\"application\/ld+json\" class=\"yoast-schema-graph\">{\"@context\":\"https:\/\/schema.org\",\"@graph\":[{\"@type\":\"WebPage\",\"@id\":\"https:\/\/tilakpolypack.com\/de\/ldpe-schrumpffolie\/\",\"url\":\"https:\/\/tilakpolypack.com\/de\/ldpe-schrumpffolie\/\",\"name\":\"Hersteller von LDPE-Schrumpffolien \u2013 Polyethylen-Schrumpffolienrollen\",\"isPartOf\":{\"@id\":\"https:\/\/tilakpolypack.com\/de\/#website\"},\"primaryImageOfPage\":{\"@id\":\"https:\/\/tilakpolypack.com\/de\/ldpe-schrumpffolie\/#primaryimage\"},\"image\":{\"@id\":\"https:\/\/tilakpolypack.com\/de\/ldpe-schrumpffolie\/#primaryimage\"},\"thumbnailUrl\":\"https:\/\/tilakpolypack.com\/de\/wp-content\/uploads\/2023\/10\/Fiji_Waters_bottles-768x512-1.jpg\",\"datePublished\":\"2023-10-06T10:13:30+00:00\",\"dateModified\":\"2025-09-19T12:09:42+00:00\",\"description\":\"Tilak Polypack liefert hochwertige LDPE-Schrumpffolien \u2013 flexibel, sicher und ideal f\u00fcr Einzelhandels-, Lebensmittel- und Industrieverpackungen.\",\"inLanguage\":\"en-US\",\"potentialAction\":[{\"@type\":\"ReadAction\",\"target\":[\"https:\/\/tilakpolypack.com\/de\/ldpe-schrumpffolie\/\"]}]},{\"@type\":\"ImageObject\",\"inLanguage\":\"en-US\",\"@id\":\"https:\/\/tilakpolypack.com\/de\/ldpe-schrumpffolie\/#primaryimage\",\"url\":\"https:\/\/tilakpolypack.com\/de\/wp-content\/uploads\/2023\/10\/Fiji_Waters_bottles-768x512-1.jpg\",\"contentUrl\":\"https:\/\/tilakpolypack.com\/de\/wp-content\/uploads\/2023\/10\/Fiji_Waters_bottles-768x512-1.jpg\",\"width\":768,\"height\":512},{\"@type\":\"WebSite\",\"@id\":\"https:\/\/tilakpolypack.com\/de\/#website\",\"url\":\"https:\/\/tilakpolypack.com\/de\/\",\"name\":\"Tilak Polypack\",\"description\":\"\",\"potentialAction\":[{\"@type\":\"SearchAction\",\"target\":{\"@type\":\"EntryPoint\",\"urlTemplate\":\"https:\/\/tilakpolypack.com\/de\/?s={search_term_string}\"},\"query-input\":\"required name=search_term_string\"}],\"inLanguage\":\"en-US\"}]}<\/script>\n<!-- \/ Yoast SEO plugin. -->","yoast_head_json":{"title":"Hersteller von LDPE-Schrumpffolien \u2013 Polyethylen-Schrumpffolienrollen","description":"Tilak Polypack liefert hochwertige LDPE-Schrumpffolien \u2013 flexibel, sicher und ideal f\u00fcr Einzelhandels-, Lebensmittel- und Industrieverpackungen.","robots":{"index":"index","follow":"follow","max-snippet":"max-snippet:-1","max-image-preview":"max-image-preview:large","max-video-preview":"max-video-preview:-1"},"canonical":"https:\/\/tilakpolypack.com\/de\/ldpe-schrumpffolie\/","og_locale":"en_US","og_type":"article","og_title":"Hersteller von LDPE-Schrumpffolien \u2013 Polyethylen-Schrumpffolienrollen","og_description":"Tilak Polypack liefert hochwertige LDPE-Schrumpffolien \u2013 flexibel, sicher und ideal f\u00fcr Einzelhandels-, Lebensmittel- und Industrieverpackungen.","og_url":"https:\/\/tilakpolypack.com\/de\/ldpe-schrumpffolie\/","og_site_name":"Tilak Polypack","article_modified_time":"2025-09-19T12:09:42+00:00","og_image":[{"width":768,"height":512,"url":"https:\/\/tilakpolypack.com\/de\/wp-content\/uploads\/2023\/10\/Fiji_Waters_bottles-768x512-1.jpg","type":"image\/jpeg"}],"twitter_card":"summary_large_image","twitter_misc":{"Est. reading time":"2 minutes"},"schema":{"@context":"https:\/\/schema.org","@graph":[{"@type":"WebPage","@id":"https:\/\/tilakpolypack.com\/de\/ldpe-schrumpffolie\/","url":"https:\/\/tilakpolypack.com\/de\/ldpe-schrumpffolie\/","name":"Hersteller von LDPE-Schrumpffolien \u2013 Polyethylen-Schrumpffolienrollen","isPartOf":{"@id":"https:\/\/tilakpolypack.com\/de\/#website"},"primaryImageOfPage":{"@id":"https:\/\/tilakpolypack.com\/de\/ldpe-schrumpffolie\/#primaryimage"},"image":{"@id":"https:\/\/tilakpolypack.com\/de\/ldpe-schrumpffolie\/#primaryimage"},"thumbnailUrl":"https:\/\/tilakpolypack.com\/de\/wp-content\/uploads\/2023\/10\/Fiji_Waters_bottles-768x512-1.jpg","datePublished":"2023-10-06T10:13:30+00:00","dateModified":"2025-09-19T12:09:42+00:00","description":"Tilak Polypack liefert hochwertige LDPE-Schrumpffolien \u2013 flexibel, sicher und ideal f\u00fcr Einzelhandels-, Lebensmittel- und Industrieverpackungen.","inLanguage":"en-US","potentialAction":[{"@type":"ReadAction","target":["https:\/\/tilakpolypack.com\/de\/ldpe-schrumpffolie\/"]}]},{"@type":"ImageObject","inLanguage":"en-US","@id":"https:\/\/tilakpolypack.com\/de\/ldpe-schrumpffolie\/#primaryimage","url":"https:\/\/tilakpolypack.com\/de\/wp-content\/uploads\/2023\/10\/Fiji_Waters_bottles-768x512-1.jpg","contentUrl":"https:\/\/tilakpolypack.com\/de\/wp-content\/uploads\/2023\/10\/Fiji_Waters_bottles-768x512-1.jpg","width":768,"height":512},{"@type":"WebSite","@id":"https:\/\/tilakpolypack.com\/de\/#website","url":"https:\/\/tilakpolypack.com\/de\/","name":"Tilak Polypack","description":"","potentialAction":[{"@type":"SearchAction","target":{"@type":"EntryPoint","urlTemplate":"https:\/\/tilakpolypack.com\/de\/?s={search_term_string}"},"query-input":"required name=search_term_string"}],"inLanguage":"en-US"}]}},"_links":{"self":[{"href":"https:\/\/tilakpolypack.com\/de\/wp-json\/wp\/v2\/pages\/7337","targetHints":{"allow":["GET"]}}],"collection":[{"href":"https:\/\/tilakpolypack.com\/de\/wp-json\/wp\/v2\/pages"}],"about":[{"href":"https:\/\/tilakpolypack.com\/de\/wp-json\/wp\/v2\/types\/page"}],"author":[{"embeddable":true,"href":"https:\/\/tilakpolypack.com\/de\/wp-json\/wp\/v2\/users\/1"}],"replies":[{"embeddable":true,"href":"https:\/\/tilakpolypack.com\/de\/wp-json\/wp\/v2\/comments?post=7337"}],"version-history":[{"count":3,"href":"https:\/\/tilakpolypack.com\/de\/wp-json\/wp\/v2\/pages\/7337\/revisions"}],"predecessor-version":[{"id":10258,"href":"https:\/\/tilakpolypack.com\/de\/wp-json\/wp\/v2\/pages\/7337\/revisions\/10258"}],"wp:featuredmedia":[{"embeddable":true,"href":"https:\/\/tilakpolypack.com\/de\/wp-json\/wp\/v2\/media\/7979"}],"wp:attachment":[{"href":"https:\/\/tilakpolypack.com\/de\/wp-json\/wp\/v2\/media?parent=7337"}],"curies":[{"name":"wp","href":"https:\/\/api.w.org\/{rel}","templated":true}]}}