{"id":7333,"date":"2023-10-06T10:12:51","date_gmt":"2023-10-06T10:12:51","guid":{"rendered":"https:\/\/archiveyourwords.com\/tilak\/?page_id=7333"},"modified":"2025-09-19T16:56:04","modified_gmt":"2025-09-19T16:56:04","slug":"biologisch-abbaubare-einkaufstasche","status":"publish","type":"page","link":"https:\/\/tilakpolypack.com\/de\/biologisch-abbaubare-einkaufstasche\/","title":{"rendered":"Biologisch abbaubare Einkaufstasche"},"content":{"rendered":"<section class=\"wpb-content-wrapper\"><p>[vc_row][vc_column][vc_column_text css=&#8221;.vc_custom_1758300759469{padding-top: 20px !important;}&#8221;]<\/p>\n<h2>Biologisch abbaubare Einkaufstasche<\/h2>\n<p>Biologisch abbaubare Einkaufst\u00fcten, deren Dicke 20 % geringer ist als die herk\u00f6mmlicher T\u00fcten, weisen eine \u00e4hnliche Tragf\u00e4higkeit und andere Eigenschaften auf. Sie k\u00f6nnen so programmiert werden, dass sie erst nach Gebrauch biologisch abgebaut werden. Sie verf\u00fcgen \u00fcber eine sehr gute Durchsto\u00dffestigkeit und sind auslaufsicher. K\u00fcchenabf\u00e4lle\/Lebensmittelabf\u00e4lle k\u00f6nnen zusammen mit dieser T\u00fcte zu Kompost verarbeitet werden.<\/p>\n<p>Tilak Polypack ist ein f\u00fchrender Hersteller von biologisch abbaubaren Einkaufst\u00fcten. Unser Herstellungsprozess umfasst mehrere wichtige Schritte, um die Produktion hochwertiger und umweltfreundlicher T\u00fcten sicherzustellen.<\/p>\n<ol>\n<li><b>Materialauswahl:\u00a0<\/b>Wir w\u00e4hlen f\u00fcr unsere Einkaufstaschen sorgf\u00e4ltig <a href=\"https:\/\/tilakpolypack.com\/de\/biologisch-abbaubare-folien\/\"><strong>Biologisch abbaubare Folien <\/strong><\/a> Materialien wie PLA (Polymilchs\u00e4ure) oder PBAT (Polybutylenadipat-Terephthalat) aus. Diese Materialien werden aus nachwachsenden Rohstoffen wie Maisst\u00e4rke oder Zuckerrohr gewonnen und sind daher umweltfreundlich.<\/li>\n<li><b>Extrusion:<\/b>\u00a0Das ausgew\u00e4hlte Material wird anschlie\u00dfend in einer Extrusionsmaschine verarbeitet, wo es geschmolzen und zu einer durchgehenden Folie geformt wird. Diese Folie dient als Ausgangsmaterial f\u00fcr die Einkaufst\u00fcten.<\/li>\n<li><b>Druck:<\/b>\u00a0Wir verwenden umweltfreundliche Drucktechniken wie wasserbasierte Tinten, um Designs, Logos oder Markenzeichen auf die Taschen aufzubringen. Dadurch wird sichergestellt, dass der Druckprozess umweltfreundlich ist.<\/li>\n<li><strong>Beutelherstellung:<\/strong> Das bedruckte Blatt wird anschlie\u00dfend zugeschnitten und zu der gew\u00fcnschten Beutelform gefaltet. Wir verwenden modernste Maschinen, um pr\u00e4zises Schneiden und Falten zu gew\u00e4hrleisten, wodurch gut konstruierte Beutel entstehen.<\/li>\n<\/ol>\n<p>[\/vc_column_text][vc_column_text]<\/p>\n<h2>Vorteile kompostierbarer Einkaufstaschen<\/h2>\n<p>Hier sind die Vorteile von kompostierbaren Einkaufst\u00fcten:<\/p>\n<ol>\n<li><strong>Umweltfreundlich<\/strong>: Zersetzt sich auf nat\u00fcrliche Weise und reduziert so Plastikm\u00fcll.<\/li>\n<li><strong>Erneuerbare Ressourcen<\/strong>: Hergestellt aus pflanzlichen Materialien, wodurch die Abh\u00e4ngigkeit von fossilen Brennstoffen verringert wird.<\/li>\n<li><strong>St\u00e4rke und Haltbarkeit<\/strong>: Entwickelt, um Gegenst\u00e4nde zu transportieren, ohne leicht zu rei\u00dfen.<\/li>\n<li><strong>Vielseitig und praktisch<\/strong>: Erh\u00e4ltlich in verschiedenen Gr\u00f6\u00dfen und Ausf\u00fchrungen f\u00fcr unterschiedliche Anforderungen.<\/li>\n<li><strong>Anpassbares Branding<\/strong>: F\u00fcgen Sie Logos und Designs hinzu, um f\u00fcr Ihr Unternehmen zu werben.<\/li>\n<li><strong>Einhaltung gesetzlicher Vorschriften<\/strong>: Erf\u00fcllt die Standards f\u00fcr biologische Abbaubarkeit und Kompostierbarkeit.<\/li>\n<li><strong>Von umweltbewussten Verbrauchern bevorzugt<\/strong>: Entspricht den Werten umweltbewusster Kunden.<\/li>\n<\/ol>\n<p>Unsere kompostierbaren Einkaufstaschen erf\u00fcllen die Anforderungen der Normen ASTM D6400 und EN 13432.<\/p>\n<p>Tilak Polypack ist einer der weltweit f\u00fchrenden <a href=\"https:\/\/tilakpolypack.com\/de\/biologisch-abbaubare-schrumpffolie\/\"><strong>Hersteller und Lieferanten von BIOLOGISCH ABBAUBAREN EINKAUFSTASCHEN<\/strong><\/a>. Mit Niederlassungen in L\u00e4ndern wie den USA, Singapur, Australien, Deutschland, Kanada, Neuseeland, Gro\u00dfbritannien, Irland, Schottland und Norwegen hat sich Tilak Polypack als zuverl\u00e4ssiger Anbieter von hochwertigen BIOLOGISCH ABBAUBAREN EINKAUFSTASCHEN etabliert.[\/vc_column_text][vc_column_text]<\/p>\n<h2>Warum ist Tilak Polypack die beste Wahl?<\/h2>\n<ol>\n<li><b>Qualit\u00e4tssicherung:\u00a0<\/b>Wir legen in jeder Phase des Herstellungsprozesses gr\u00f6\u00dften Wert auf Qualit\u00e4t. Unsere Taschen werden strengen Tests unterzogen, um sicherzustellen, dass sie den h\u00f6chsten Standards entsprechen.<\/li>\n<li><b>Umweltfreundlicher Ansatz:<\/b>\u00a0Wir engagieren uns f\u00fcr Nachhaltigkeit und die Minimierung unserer Umweltbelastung. Durch die Verwendung biologisch abbaubarer Materialien und umweltfreundlicher Drucktechniken tragen wir zu einer gr\u00fcneren Zukunft bei.<\/li>\n<li><b>Erfahrung und Fachwissen:<\/b> Dank unserer langj\u00e4hrigen Erfahrung in der Branche haben wir uns Fachwissen in der Herstellung <a href=\"https:\/\/tilakpolypack.com\/de\/biologisch-abbaubare-stretchfoli\/\"><strong>Biologisch abbaubare Stretchfolie <\/strong><\/a> Einkaufstaschen angeeignet. Unser Team ist bestrebt, Produkte zu liefern, die den Erwartungen unserer Kunden entsprechen.<\/li>\n<li><b>Kundenzufriedenheit:\u00a0<\/b>Wir legen gro\u00dfen Wert auf Kundenzufriedenheit und sind bestrebt, einen exzellenten Service zu bieten. Unser reaktionsschnelles Kundensupport-Team steht Ihnen jederzeit f\u00fcr Fragen und Anliegen zur Verf\u00fcgung.<\/li>\n<\/ol>\n<p>[\/vc_column_text]<section class=\"ts-vc_cta3-container\"><div class=\"ts-vc_general ts-vc_cta3 ts-cta3-only ts-vc_cta3-style-classic ts-vc_cta3-shape-rounded ts-vc_cta3-align-left ts-vc_cta3-color-transparent ts-vc_cta3-icon-size-md ts-vc_cta3-actions-right vc_custom_1696679142506 ts-cta3-with-desc\"><div class=\"ts-vc_cta3_content-container\"><div class=\"ts-vc_cta3-content\"><div class=\"ts-vc_cta3-content-header ts-wrap\"><div class=\"ts-vc_cta3-headers ts-wrap-cell\"><\/div><\/div><div class=\"ts-cta3-content-wrapper\"><p>Please contact us on\u00a0<a href=\"tel:9227422544\">+91-9227422544<\/a>\u00a0or email us\u00a0<a href=\"mailto:info@tilakpolypack.com\">info@tilakpolypack.com<\/a>\u00a0for quotations or other details.<\/p><\/div><\/div><div class=\"ts-vc_cta3-actions\">\r\n\t\t<div class=\"ts-vc_btn3-container  popmake-8197 ts-vc_btn3-inline\"><a class=\"ts-vc_general ts-vc_btn3 ts-vc_btn3-size-md ts-vc_btn3-shape-rounded ts-vc_btn3-style-flat ts-vc_btn3-weight-yes ts-vc_btn3-color-skincolor\" href=\"\" title=\"\">send enquiry<\/a><\/div><\/div><\/div><\/div><\/section>[\/vc_column][\/vc_row]<\/p>\n<\/section>","protected":false},"excerpt":{"rendered":"<p>[vc_row][vc_column][vc_column_text css=&#8221;.vc_custom_1758300759469{padding-top: 20px !important;}&#8221;] Biologisch abbaubare Einkaufstasche Biologisch abbaubare Einkaufst\u00fcten, deren Dicke 20 % geringer ist als die herk\u00f6mmlicher T\u00fcten, weisen eine \u00e4hnliche Tragf\u00e4higkeit und andere Eigenschaften auf. Sie k\u00f6nnen so programmiert werden, dass sie erst nach Gebrauch biologisch abgebaut werden. Sie verf\u00fcgen \u00fcber eine sehr gute Durchsto\u00dffestigkeit und sind auslaufsicher. K\u00fcchenabf\u00e4lle\/Lebensmittelabf\u00e4lle k\u00f6nnen zusammen mit &hellip; <a href=\"https:\/\/tilakpolypack.com\/de\/biologisch-abbaubare-einkaufstasche\/\" class=\"more-link\">Continue reading <span class=\"screen-reader-text\">Biologisch abbaubare Einkaufstasche<\/span><\/a><\/p>\n","protected":false},"author":1,"featured_media":7976,"parent":0,"menu_order":0,"comment_status":"closed","ping_status":"closed","template":"","meta":{"_acf_changed":false,"om_disable_all_campaigns":false,"_monsterinsights_skip_tracking":false,"_monsterinsights_sitenote_active":false,"_monsterinsights_sitenote_note":"","_monsterinsights_sitenote_category":0,"_uf_show_specific_survey":0,"_uf_disable_surveys":false,"footnotes":""},"class_list":["post-7333","page","type-page","status-publish","has-post-thumbnail","hentry"],"acf":[],"yoast_head":"<!-- This site is optimized with the Yoast SEO plugin v22.3 - https:\/\/yoast.com\/wordpress\/plugins\/seo\/ -->\n<title>Hersteller biologisch abbaubarer Einkaufstaschen<\/title>\n<meta name=\"description\" content=\"Tilak Polypack bietet biologisch abbaubare Einkaufstaschen \u2013 umweltfreundlich, kompostierbar und zuverl\u00e4ssig.\" \/>\n<meta name=\"robots\" content=\"index, follow, max-snippet:-1, max-image-preview:large, max-video-preview:-1\" \/>\n<link rel=\"canonical\" href=\"https:\/\/tilakpolypack.com\/de\/biologisch-abbaubare-einkaufstasche\/\" \/>\n<meta property=\"og:locale\" content=\"en_US\" \/>\n<meta property=\"og:type\" content=\"article\" \/>\n<meta property=\"og:title\" content=\"Hersteller biologisch abbaubarer Einkaufstaschen\" \/>\n<meta property=\"og:description\" content=\"Tilak Polypack bietet biologisch abbaubare Einkaufstaschen \u2013 umweltfreundlich, kompostierbar und zuverl\u00e4ssig.\" \/>\n<meta property=\"og:url\" content=\"https:\/\/tilakpolypack.com\/de\/biologisch-abbaubare-einkaufstasche\/\" \/>\n<meta property=\"og:site_name\" content=\"Tilak Polypack\" \/>\n<meta property=\"article:modified_time\" content=\"2025-09-19T16:56:04+00:00\" \/>\n<meta property=\"og:image\" content=\"https:\/\/tilakpolypack.com\/de\/wp-content\/uploads\/2023\/10\/biodegradable-shopping-bags.jpg\" \/>\n\t<meta property=\"og:image:width\" content=\"760\" \/>\n\t<meta property=\"og:image:height\" content=\"510\" \/>\n\t<meta property=\"og:image:type\" content=\"image\/jpeg\" \/>\n<meta name=\"twitter:card\" content=\"summary_large_image\" \/>\n<meta name=\"twitter:label1\" content=\"Est. reading time\" \/>\n\t<meta name=\"twitter:data1\" content=\"3 minutes\" \/>\n<script type=\"application\/ld+json\" class=\"yoast-schema-graph\">{\"@context\":\"https:\/\/schema.org\",\"@graph\":[{\"@type\":\"WebPage\",\"@id\":\"https:\/\/tilakpolypack.com\/de\/biologisch-abbaubare-einkaufstasche\/\",\"url\":\"https:\/\/tilakpolypack.com\/de\/biologisch-abbaubare-einkaufstasche\/\",\"name\":\"Hersteller biologisch abbaubarer Einkaufstaschen\",\"isPartOf\":{\"@id\":\"https:\/\/tilakpolypack.com\/de\/#website\"},\"primaryImageOfPage\":{\"@id\":\"https:\/\/tilakpolypack.com\/de\/biologisch-abbaubare-einkaufstasche\/#primaryimage\"},\"image\":{\"@id\":\"https:\/\/tilakpolypack.com\/de\/biologisch-abbaubare-einkaufstasche\/#primaryimage\"},\"thumbnailUrl\":\"https:\/\/tilakpolypack.com\/de\/wp-content\/uploads\/2023\/10\/biodegradable-shopping-bags.jpg\",\"datePublished\":\"2023-10-06T10:12:51+00:00\",\"dateModified\":\"2025-09-19T16:56:04+00:00\",\"description\":\"Tilak Polypack bietet biologisch abbaubare Einkaufstaschen \u2013 umweltfreundlich, kompostierbar und zuverl\u00e4ssig.\",\"inLanguage\":\"en-US\",\"potentialAction\":[{\"@type\":\"ReadAction\",\"target\":[\"https:\/\/tilakpolypack.com\/de\/biologisch-abbaubare-einkaufstasche\/\"]}]},{\"@type\":\"ImageObject\",\"inLanguage\":\"en-US\",\"@id\":\"https:\/\/tilakpolypack.com\/de\/biologisch-abbaubare-einkaufstasche\/#primaryimage\",\"url\":\"https:\/\/tilakpolypack.com\/de\/wp-content\/uploads\/2023\/10\/biodegradable-shopping-bags.jpg\",\"contentUrl\":\"https:\/\/tilakpolypack.com\/de\/wp-content\/uploads\/2023\/10\/biodegradable-shopping-bags.jpg\",\"width\":760,\"height\":510},{\"@type\":\"WebSite\",\"@id\":\"https:\/\/tilakpolypack.com\/de\/#website\",\"url\":\"https:\/\/tilakpolypack.com\/de\/\",\"name\":\"Tilak Polypack\",\"description\":\"\",\"potentialAction\":[{\"@type\":\"SearchAction\",\"target\":{\"@type\":\"EntryPoint\",\"urlTemplate\":\"https:\/\/tilakpolypack.com\/de\/?s={search_term_string}\"},\"query-input\":\"required name=search_term_string\"}],\"inLanguage\":\"en-US\"}]}<\/script>\n<!-- \/ Yoast SEO plugin. -->","yoast_head_json":{"title":"Hersteller biologisch abbaubarer Einkaufstaschen","description":"Tilak Polypack bietet biologisch abbaubare Einkaufstaschen \u2013 umweltfreundlich, kompostierbar und zuverl\u00e4ssig.","robots":{"index":"index","follow":"follow","max-snippet":"max-snippet:-1","max-image-preview":"max-image-preview:large","max-video-preview":"max-video-preview:-1"},"canonical":"https:\/\/tilakpolypack.com\/de\/biologisch-abbaubare-einkaufstasche\/","og_locale":"en_US","og_type":"article","og_title":"Hersteller biologisch abbaubarer Einkaufstaschen","og_description":"Tilak Polypack bietet biologisch abbaubare Einkaufstaschen \u2013 umweltfreundlich, kompostierbar und zuverl\u00e4ssig.","og_url":"https:\/\/tilakpolypack.com\/de\/biologisch-abbaubare-einkaufstasche\/","og_site_name":"Tilak Polypack","article_modified_time":"2025-09-19T16:56:04+00:00","og_image":[{"width":760,"height":510,"url":"https:\/\/tilakpolypack.com\/de\/wp-content\/uploads\/2023\/10\/biodegradable-shopping-bags.jpg","type":"image\/jpeg"}],"twitter_card":"summary_large_image","twitter_misc":{"Est. reading time":"3 minutes"},"schema":{"@context":"https:\/\/schema.org","@graph":[{"@type":"WebPage","@id":"https:\/\/tilakpolypack.com\/de\/biologisch-abbaubare-einkaufstasche\/","url":"https:\/\/tilakpolypack.com\/de\/biologisch-abbaubare-einkaufstasche\/","name":"Hersteller biologisch abbaubarer Einkaufstaschen","isPartOf":{"@id":"https:\/\/tilakpolypack.com\/de\/#website"},"primaryImageOfPage":{"@id":"https:\/\/tilakpolypack.com\/de\/biologisch-abbaubare-einkaufstasche\/#primaryimage"},"image":{"@id":"https:\/\/tilakpolypack.com\/de\/biologisch-abbaubare-einkaufstasche\/#primaryimage"},"thumbnailUrl":"https:\/\/tilakpolypack.com\/de\/wp-content\/uploads\/2023\/10\/biodegradable-shopping-bags.jpg","datePublished":"2023-10-06T10:12:51+00:00","dateModified":"2025-09-19T16:56:04+00:00","description":"Tilak Polypack bietet biologisch abbaubare Einkaufstaschen \u2013 umweltfreundlich, kompostierbar und zuverl\u00e4ssig.","inLanguage":"en-US","potentialAction":[{"@type":"ReadAction","target":["https:\/\/tilakpolypack.com\/de\/biologisch-abbaubare-einkaufstasche\/"]}]},{"@type":"ImageObject","inLanguage":"en-US","@id":"https:\/\/tilakpolypack.com\/de\/biologisch-abbaubare-einkaufstasche\/#primaryimage","url":"https:\/\/tilakpolypack.com\/de\/wp-content\/uploads\/2023\/10\/biodegradable-shopping-bags.jpg","contentUrl":"https:\/\/tilakpolypack.com\/de\/wp-content\/uploads\/2023\/10\/biodegradable-shopping-bags.jpg","width":760,"height":510},{"@type":"WebSite","@id":"https:\/\/tilakpolypack.com\/de\/#website","url":"https:\/\/tilakpolypack.com\/de\/","name":"Tilak Polypack","description":"","potentialAction":[{"@type":"SearchAction","target":{"@type":"EntryPoint","urlTemplate":"https:\/\/tilakpolypack.com\/de\/?s={search_term_string}"},"query-input":"required name=search_term_string"}],"inLanguage":"en-US"}]}},"_links":{"self":[{"href":"https:\/\/tilakpolypack.com\/de\/wp-json\/wp\/v2\/pages\/7333","targetHints":{"allow":["GET"]}}],"collection":[{"href":"https:\/\/tilakpolypack.com\/de\/wp-json\/wp\/v2\/pages"}],"about":[{"href":"https:\/\/tilakpolypack.com\/de\/wp-json\/wp\/v2\/types\/page"}],"author":[{"embeddable":true,"href":"https:\/\/tilakpolypack.com\/de\/wp-json\/wp\/v2\/users\/1"}],"replies":[{"embeddable":true,"href":"https:\/\/tilakpolypack.com\/de\/wp-json\/wp\/v2\/comments?post=7333"}],"version-history":[{"count":5,"href":"https:\/\/tilakpolypack.com\/de\/wp-json\/wp\/v2\/pages\/7333\/revisions"}],"predecessor-version":[{"id":10275,"href":"https:\/\/tilakpolypack.com\/de\/wp-json\/wp\/v2\/pages\/7333\/revisions\/10275"}],"wp:featuredmedia":[{"embeddable":true,"href":"https:\/\/tilakpolypack.com\/de\/wp-json\/wp\/v2\/media\/7976"}],"wp:attachment":[{"href":"https:\/\/tilakpolypack.com\/de\/wp-json\/wp\/v2\/media?parent=7333"}],"curies":[{"name":"wp","href":"https:\/\/api.w.org\/{rel}","templated":true}]}}