{"id":7332,"date":"2023-10-06T10:12:56","date_gmt":"2023-10-06T10:12:56","guid":{"rendered":"https:\/\/archiveyourwords.com\/tilak\/?page_id=7332"},"modified":"2025-09-19T16:50:20","modified_gmt":"2025-09-19T16:50:20","slug":"biologisch-abbaubare-schrumpffolie","status":"publish","type":"page","link":"https:\/\/tilakpolypack.com\/de\/biologisch-abbaubare-schrumpffolie\/","title":{"rendered":"Biologisch abbaubare Schrumpffolie"},"content":{"rendered":"<section class=\"wpb-content-wrapper\"><p>[vc_row][vc_column][vc_column_text css=&#8221;.vc_custom_1758300445647{padding-top: 20px !important;}&#8221;]<\/p>\n<h2>Biologisch abbaubare Schrumpffolie<\/h2>\n<p>Biologisch abbaubare Schrumpffolie, auch bekannt als umweltfreundliche Schrumpffolie oder biologisch abbaubare Stretchfolie, ist ein nachhaltiges Verpackungsmaterial, das die gleiche Funktionalit\u00e4t wie herk\u00f6mmliche Schrumpffolie bietet und gleichzeitig umweltfreundlich ist. Sie ist so konzipiert, dass sie sich mit der Zeit auf nat\u00fcrliche Weise zersetzt und abbaut, wodurch ihre Auswirkungen auf die Umwelt reduziert werden.<\/p>\n<p>Biologisch abbaubare Schrumpffolien werden aus pflanzlichen Materialien wie PLA (Polymilchs\u00e4ure) oder PBAT (Polybutylenadipat-Terephthalat) hergestellt. Diese Materialien stammen aus nachwachsenden Rohstoffen und sind kompostierbar.<\/p>\n<p>Einige <a href=\"https:\/\/tilakpolypack.com\/de\/biologisch-abbaubare-mulchfolie\/\"><strong>Biologisch abbaubare Mulchfolie<\/strong><\/a>\u00a0Schrumpffolien sind auch kompostierbar. Sie k\u00f6nnen in Kompostieranlagen gegeben werden, wo sie zu organischem Material zerfallen, das den Boden anreichert.<\/p>\n<p>Die hohe mechanische Festigkeit der biologisch abbaubaren Schrumpffolie erm\u00f6glicht eine geringere Folienst\u00e4rke im Vergleich zu herk\u00f6mmlicher PE-Folie. Die Temperatur des Schrumpftunnels kann ebenfalls deutlich reduziert werden, was zu einer Einsparung von Energiekosten beitr\u00e4gt.[\/vc_column_text][vc_column_text]<\/p>\n<h2>Anwendungen:<\/h2>\n<p>Biologisch abbaubare Schrumpffolien finden in verschiedenen Branchen Anwendung, darunter Lebensmittel und Getr\u00e4nke, Kosmetika und Pharmazeutika. Sie eignen sich zum Verpacken einzelner Produkte, zum B\u00fcndeln von Artikeln oder zum Sichern von Palettenladungen.[\/vc_column_text][vc_column_text]<\/p>\n<h2>Herstellung biologisch abbaubarer Stretchfolie<\/h2>\n<p>Unsere <a href=\"https:\/\/tilakpolypack.com\/de\/biologisch-abbaubare-folien\/\"><strong>Biologisch abbaubare Folien <\/strong><\/a> wird unter Verwendung modernster Technologien und Verfahren hergestellt. Wir w\u00e4hlen sorgf\u00e4ltig pflanzliche Materialien wie PLA (Polymilchs\u00e4ure) oder PBAT (Polybutylenadipat-Terephthalat) aus, um ein nachhaltiges und umweltfreundliches Produkt herzustellen.<\/p>\n<p>Sie sind so konzipiert, dass sie mit der Zeit auf nat\u00fcrliche Weise abgebaut werden und somit die Umwelt weniger belasten. Sie sind kompostierbar und hinterlassen keine sch\u00e4dlichen R\u00fcckst\u00e4nde oder Mikroplastik.<\/p>\n<p>Unsere biologisch abbaubaren Schrumpffolien erf\u00fcllen die Anforderungen der Normen ASTM D6400 und EN 13432.<\/p>\n<p>Tilak Polypack ist einer der weltweit f\u00fchrenden <a href=\"https:\/\/tilakpolypack.com\/de\/biologisch-abbaubare-stretchfoli\/\"><strong>Hersteller und Lieferanten von BIOLOGISCH ABBAUBARER SCHRUMPFFOLIE<\/strong><\/a>. Mit Niederlassungen in L\u00e4ndern wie den USA, Singapur, Australien, Deutschland, Kanada, Neuseeland, Gro\u00dfbritannien, Irland, Schottland und Norwegen hat sich Tilak Polypack als zuverl\u00e4ssiger Anbieter von hochwertiger BIOLOGISCH ABBAUBARER SCHRUMPFFOLIE etabliert.[\/vc_column_text][vc_column_text]<\/p>\n<h3>Wie w\u00e4hlt man biologisch abbaubare Schrumpffolie aus?<\/h3>\n<p>Bei der Auswahl biologisch abbaubarer Schrumpffolien sollten Sie Folgendes ber\u00fccksichtigen:<\/p>\n<ol>\n<li>\u00dcberpr\u00fcfen Sie die Materialzusammensetzung auf pflanzliche Materialien wie PLA.<\/li>\n<li>Achten Sie auf Umweltzertifizierungen von anerkannten Organisationen.<\/li>\n<li>Beurteilen Sie Festigkeit, Durchsto\u00dffestigkeit und Klarheit.<\/li>\n<li>Sicherstellen, dass die Verpackungsanlagen und -prozesse kompatibel sind.<\/li>\n<li>Ber\u00fccksichtigen Sie die Eignung der Anwendung, beispielsweise Anforderungen an die Lebensmittelsicherheit.<\/li>\n<li>Die Haltbarkeit f\u00fcr den gew\u00fcnschten Lager- oder Transportzeitraum bewerten.<\/li>\n<li>W\u00e4hlen Sie einen seri\u00f6sen Lieferanten.<\/li>\n<li>Vergleichen Sie die Kosteneffizienz mit herk\u00f6mmlichen Kunststoffalternativen.<\/li>\n<\/ol>\n<p>[\/vc_column_text]<section class=\"ts-vc_cta3-container\"><div class=\"ts-vc_general ts-vc_cta3 ts-cta3-only ts-vc_cta3-style-classic ts-vc_cta3-shape-rounded ts-vc_cta3-align-left ts-vc_cta3-color-transparent ts-vc_cta3-icon-size-md ts-vc_cta3-actions-right vc_custom_1696679115306 ts-cta3-with-desc\"><div class=\"ts-vc_cta3_content-container\"><div class=\"ts-vc_cta3-content\"><div class=\"ts-vc_cta3-content-header ts-wrap\"><div class=\"ts-vc_cta3-headers ts-wrap-cell\"><\/div><\/div><div class=\"ts-cta3-content-wrapper\"><p>Please contact us on\u00a0<a href=\"tel:9227422544\">+91-9227422544<\/a>\u00a0or email us\u00a0<a href=\"mailto:info@tilakpolypack.com\">info@tilakpolypack.com<\/a>\u00a0for quotations or other details.<\/p><\/div><\/div><div class=\"ts-vc_cta3-actions\">\r\n\t\t<div class=\"ts-vc_btn3-container  popmake-8197 ts-vc_btn3-inline\"><a class=\"ts-vc_general ts-vc_btn3 ts-vc_btn3-size-md ts-vc_btn3-shape-rounded ts-vc_btn3-style-flat ts-vc_btn3-weight-yes ts-vc_btn3-color-skincolor\" href=\"\" title=\"\">send enquiry<\/a><\/div><\/div><\/div><\/div><\/section>[\/vc_column][\/vc_row]<\/p>\n<\/section>","protected":false},"excerpt":{"rendered":"<p>[vc_row][vc_column][vc_column_text css=&#8221;.vc_custom_1758300445647{padding-top: 20px !important;}&#8221;] Biologisch abbaubare Schrumpffolie Biologisch abbaubare Schrumpffolie, auch bekannt als umweltfreundliche Schrumpffolie oder biologisch abbaubare Stretchfolie, ist ein nachhaltiges Verpackungsmaterial, das die gleiche Funktionalit\u00e4t wie herk\u00f6mmliche Schrumpffolie bietet und gleichzeitig umweltfreundlich ist. Sie ist so konzipiert, dass sie sich mit der Zeit auf nat\u00fcrliche Weise zersetzt und abbaut, wodurch ihre Auswirkungen auf &hellip; <a href=\"https:\/\/tilakpolypack.com\/de\/biologisch-abbaubare-schrumpffolie\/\" class=\"more-link\">Continue reading <span class=\"screen-reader-text\">Biologisch abbaubare Schrumpffolie<\/span><\/a><\/p>\n","protected":false},"author":1,"featured_media":7968,"parent":0,"menu_order":0,"comment_status":"closed","ping_status":"closed","template":"","meta":{"_acf_changed":false,"om_disable_all_campaigns":false,"_monsterinsights_skip_tracking":false,"_monsterinsights_sitenote_active":false,"_monsterinsights_sitenote_note":"","_monsterinsights_sitenote_category":0,"_uf_show_specific_survey":0,"_uf_disable_surveys":false,"footnotes":""},"class_list":["post-7332","page","type-page","status-publish","has-post-thumbnail","hentry"],"acf":[],"yoast_head":"<!-- This site is optimized with the Yoast SEO plugin v22.3 - https:\/\/yoast.com\/wordpress\/plugins\/seo\/ -->\n<title>Biologisch abbaubare Schrumpffolie \u2013 Umweltfreundliche Stretchfolie<\/title>\n<meta name=\"description\" content=\"Tilak Polypack bietet biologisch abbaubare Schrumpffolien an, die kompostierbar, energiesparend und genauso robust sind wie herk\u00f6mmliche Alternativen.\" \/>\n<meta name=\"robots\" content=\"index, follow, max-snippet:-1, max-image-preview:large, max-video-preview:-1\" \/>\n<link rel=\"canonical\" href=\"https:\/\/tilakpolypack.com\/de\/biologisch-abbaubare-schrumpffolie\/\" \/>\n<meta property=\"og:locale\" content=\"en_US\" \/>\n<meta property=\"og:type\" content=\"article\" \/>\n<meta property=\"og:title\" content=\"Biologisch abbaubare Schrumpffolie \u2013 Umweltfreundliche Stretchfolie\" \/>\n<meta property=\"og:description\" content=\"Tilak Polypack bietet biologisch abbaubare Schrumpffolien an, die kompostierbar, energiesparend und genauso robust sind wie herk\u00f6mmliche Alternativen.\" \/>\n<meta property=\"og:url\" content=\"https:\/\/tilakpolypack.com\/de\/biologisch-abbaubare-schrumpffolie\/\" \/>\n<meta property=\"og:site_name\" content=\"Tilak Polypack\" \/>\n<meta property=\"article:modified_time\" content=\"2025-09-19T16:50:20+00:00\" \/>\n<meta property=\"og:image\" content=\"https:\/\/tilakpolypack.com\/de\/wp-content\/uploads\/2023\/10\/biodegradable-shrink-film.jpg\" \/>\n\t<meta property=\"og:image:width\" content=\"760\" \/>\n\t<meta property=\"og:image:height\" content=\"510\" \/>\n\t<meta property=\"og:image:type\" content=\"image\/jpeg\" \/>\n<meta name=\"twitter:card\" content=\"summary_large_image\" \/>\n<meta name=\"twitter:label1\" content=\"Est. reading time\" \/>\n\t<meta name=\"twitter:data1\" content=\"2 minutes\" \/>\n<script type=\"application\/ld+json\" class=\"yoast-schema-graph\">{\"@context\":\"https:\/\/schema.org\",\"@graph\":[{\"@type\":\"WebPage\",\"@id\":\"https:\/\/tilakpolypack.com\/de\/biologisch-abbaubare-schrumpffolie\/\",\"url\":\"https:\/\/tilakpolypack.com\/de\/biologisch-abbaubare-schrumpffolie\/\",\"name\":\"Biologisch abbaubare Schrumpffolie \u2013 Umweltfreundliche Stretchfolie\",\"isPartOf\":{\"@id\":\"https:\/\/tilakpolypack.com\/de\/#website\"},\"primaryImageOfPage\":{\"@id\":\"https:\/\/tilakpolypack.com\/de\/biologisch-abbaubare-schrumpffolie\/#primaryimage\"},\"image\":{\"@id\":\"https:\/\/tilakpolypack.com\/de\/biologisch-abbaubare-schrumpffolie\/#primaryimage\"},\"thumbnailUrl\":\"https:\/\/tilakpolypack.com\/de\/wp-content\/uploads\/2023\/10\/biodegradable-shrink-film.jpg\",\"datePublished\":\"2023-10-06T10:12:56+00:00\",\"dateModified\":\"2025-09-19T16:50:20+00:00\",\"description\":\"Tilak Polypack bietet biologisch abbaubare Schrumpffolien an, die kompostierbar, energiesparend und genauso robust sind wie herk\u00f6mmliche Alternativen.\",\"inLanguage\":\"en-US\",\"potentialAction\":[{\"@type\":\"ReadAction\",\"target\":[\"https:\/\/tilakpolypack.com\/de\/biologisch-abbaubare-schrumpffolie\/\"]}]},{\"@type\":\"ImageObject\",\"inLanguage\":\"en-US\",\"@id\":\"https:\/\/tilakpolypack.com\/de\/biologisch-abbaubare-schrumpffolie\/#primaryimage\",\"url\":\"https:\/\/tilakpolypack.com\/de\/wp-content\/uploads\/2023\/10\/biodegradable-shrink-film.jpg\",\"contentUrl\":\"https:\/\/tilakpolypack.com\/de\/wp-content\/uploads\/2023\/10\/biodegradable-shrink-film.jpg\",\"width\":760,\"height\":510},{\"@type\":\"WebSite\",\"@id\":\"https:\/\/tilakpolypack.com\/de\/#website\",\"url\":\"https:\/\/tilakpolypack.com\/de\/\",\"name\":\"Tilak Polypack\",\"description\":\"\",\"potentialAction\":[{\"@type\":\"SearchAction\",\"target\":{\"@type\":\"EntryPoint\",\"urlTemplate\":\"https:\/\/tilakpolypack.com\/de\/?s={search_term_string}\"},\"query-input\":\"required name=search_term_string\"}],\"inLanguage\":\"en-US\"}]}<\/script>\n<!-- \/ Yoast SEO plugin. -->","yoast_head_json":{"title":"Biologisch abbaubare Schrumpffolie \u2013 Umweltfreundliche Stretchfolie","description":"Tilak Polypack bietet biologisch abbaubare Schrumpffolien an, die kompostierbar, energiesparend und genauso robust sind wie herk\u00f6mmliche Alternativen.","robots":{"index":"index","follow":"follow","max-snippet":"max-snippet:-1","max-image-preview":"max-image-preview:large","max-video-preview":"max-video-preview:-1"},"canonical":"https:\/\/tilakpolypack.com\/de\/biologisch-abbaubare-schrumpffolie\/","og_locale":"en_US","og_type":"article","og_title":"Biologisch abbaubare Schrumpffolie \u2013 Umweltfreundliche Stretchfolie","og_description":"Tilak Polypack bietet biologisch abbaubare Schrumpffolien an, die kompostierbar, energiesparend und genauso robust sind wie herk\u00f6mmliche Alternativen.","og_url":"https:\/\/tilakpolypack.com\/de\/biologisch-abbaubare-schrumpffolie\/","og_site_name":"Tilak Polypack","article_modified_time":"2025-09-19T16:50:20+00:00","og_image":[{"width":760,"height":510,"url":"https:\/\/tilakpolypack.com\/de\/wp-content\/uploads\/2023\/10\/biodegradable-shrink-film.jpg","type":"image\/jpeg"}],"twitter_card":"summary_large_image","twitter_misc":{"Est. reading time":"2 minutes"},"schema":{"@context":"https:\/\/schema.org","@graph":[{"@type":"WebPage","@id":"https:\/\/tilakpolypack.com\/de\/biologisch-abbaubare-schrumpffolie\/","url":"https:\/\/tilakpolypack.com\/de\/biologisch-abbaubare-schrumpffolie\/","name":"Biologisch abbaubare Schrumpffolie \u2013 Umweltfreundliche Stretchfolie","isPartOf":{"@id":"https:\/\/tilakpolypack.com\/de\/#website"},"primaryImageOfPage":{"@id":"https:\/\/tilakpolypack.com\/de\/biologisch-abbaubare-schrumpffolie\/#primaryimage"},"image":{"@id":"https:\/\/tilakpolypack.com\/de\/biologisch-abbaubare-schrumpffolie\/#primaryimage"},"thumbnailUrl":"https:\/\/tilakpolypack.com\/de\/wp-content\/uploads\/2023\/10\/biodegradable-shrink-film.jpg","datePublished":"2023-10-06T10:12:56+00:00","dateModified":"2025-09-19T16:50:20+00:00","description":"Tilak Polypack bietet biologisch abbaubare Schrumpffolien an, die kompostierbar, energiesparend und genauso robust sind wie herk\u00f6mmliche Alternativen.","inLanguage":"en-US","potentialAction":[{"@type":"ReadAction","target":["https:\/\/tilakpolypack.com\/de\/biologisch-abbaubare-schrumpffolie\/"]}]},{"@type":"ImageObject","inLanguage":"en-US","@id":"https:\/\/tilakpolypack.com\/de\/biologisch-abbaubare-schrumpffolie\/#primaryimage","url":"https:\/\/tilakpolypack.com\/de\/wp-content\/uploads\/2023\/10\/biodegradable-shrink-film.jpg","contentUrl":"https:\/\/tilakpolypack.com\/de\/wp-content\/uploads\/2023\/10\/biodegradable-shrink-film.jpg","width":760,"height":510},{"@type":"WebSite","@id":"https:\/\/tilakpolypack.com\/de\/#website","url":"https:\/\/tilakpolypack.com\/de\/","name":"Tilak Polypack","description":"","potentialAction":[{"@type":"SearchAction","target":{"@type":"EntryPoint","urlTemplate":"https:\/\/tilakpolypack.com\/de\/?s={search_term_string}"},"query-input":"required name=search_term_string"}],"inLanguage":"en-US"}]}},"_links":{"self":[{"href":"https:\/\/tilakpolypack.com\/de\/wp-json\/wp\/v2\/pages\/7332","targetHints":{"allow":["GET"]}}],"collection":[{"href":"https:\/\/tilakpolypack.com\/de\/wp-json\/wp\/v2\/pages"}],"about":[{"href":"https:\/\/tilakpolypack.com\/de\/wp-json\/wp\/v2\/types\/page"}],"author":[{"embeddable":true,"href":"https:\/\/tilakpolypack.com\/de\/wp-json\/wp\/v2\/users\/1"}],"replies":[{"embeddable":true,"href":"https:\/\/tilakpolypack.com\/de\/wp-json\/wp\/v2\/comments?post=7332"}],"version-history":[{"count":4,"href":"https:\/\/tilakpolypack.com\/de\/wp-json\/wp\/v2\/pages\/7332\/revisions"}],"predecessor-version":[{"id":10273,"href":"https:\/\/tilakpolypack.com\/de\/wp-json\/wp\/v2\/pages\/7332\/revisions\/10273"}],"wp:featuredmedia":[{"embeddable":true,"href":"https:\/\/tilakpolypack.com\/de\/wp-json\/wp\/v2\/media\/7968"}],"wp:attachment":[{"href":"https:\/\/tilakpolypack.com\/de\/wp-json\/wp\/v2\/media?parent=7332"}],"curies":[{"name":"wp","href":"https:\/\/api.w.org\/{rel}","templated":true}]}}